{"id":157,"date":"2023-03-01T19:11:10","date_gmt":"2023-03-01T19:11:10","guid":{"rendered":"https:\/\/freakytheme.com\/wp\/marinocart\/?page_id=157"},"modified":"2026-04-29T14:12:14","modified_gmt":"2026-04-29T12:12:14","slug":"uber-uns","status":"publish","type":"page","link":"https:\/\/mbc-marine.com\/de\/about-us\/","title":{"rendered":"\u00dcber uns"},"content":{"rendered":"<div data-elementor-type=\"wp-page\" data-elementor-id=\"157\" class=\"elementor elementor-157\" data-elementor-post-type=\"page\">\n\t\t\t\t\t\t<section class=\"elementor-section elementor-top-section elementor-element elementor-element-2079ca9 elementor-section-boxed elementor-section-height-default elementor-section-height-default\" data-id=\"2079ca9\" data-element_type=\"section\" data-e-type=\"section\" data-settings=\"{&quot;jet_parallax_layout_list&quot;:[]}\">\n\t\t\t\t\t\t<div class=\"elementor-container elementor-column-gap-default\">\n\t\t\t\t\t<div class=\"elementor-column elementor-col-50 elementor-top-column elementor-element elementor-element-28ee879\" data-id=\"28ee879\" data-element_type=\"column\" data-e-type=\"column\">\n\t\t\t<div class=\"elementor-widget-wrap elementor-element-populated\">\n\t\t\t\t\t\t<div class=\"elementor-element elementor-element-2092bfa elementor-widget elementor-widget-image\" data-id=\"2092bfa\" data-element_type=\"widget\" data-e-type=\"widget\" data-widget_type=\"image.default\">\n\t\t\t\t<div class=\"elementor-widget-container\">\n\t\t\t\t\t\t\t\t\t\t\t\t\t\t\t<!--trp-no-translate--><!--trp-no-translate--><img fetchpriority=\"high\" decoding=\"async\" width=\"1024\" height=\"768\" src=\"https:\/\/mbc-marine.com\/wp-content\/uploads\/2025\/09\/warehouse-1024x768.jpg?wsr\" class=\"attachment-large size-large wp-image-6773\" alt=\"warehouse\" srcset=\"https:\/\/mbc-marine.com\/wp-content\/uploads\/2025\/09\/warehouse-1024x768.jpg 1024w, https:\/\/mbc-marine.com\/wp-content\/uploads\/2025\/09\/warehouse-300x225.jpg 300w, https:\/\/mbc-marine.com\/wp-content\/uploads\/2025\/09\/warehouse-768x576.jpg 768w, https:\/\/mbc-marine.com\/wp-content\/uploads\/2025\/09\/warehouse-600x450.jpg 600w, https:\/\/mbc-marine.com\/wp-content\/uploads\/2025\/09\/warehouse.jpg 1280w\" sizes=\"(max-width: 1024px) 100vw, 1024px\" data-no-translation=\"\" \/><!--/trp-no-translate--><!--\/trp-no-translate-->\t\t\t\t\t\t\t\t\t\t\t\t\t\t\t<\/div>\n\t\t\t\t<\/div>\n\t\t\t\t\t<\/div>\n\t\t<\/div>\n\t\t\t\t<div class=\"elementor-column elementor-col-50 elementor-top-column elementor-element elementor-element-39e7089\" data-id=\"39e7089\" data-element_type=\"column\" data-e-type=\"column\">\n\t\t\t<div class=\"elementor-widget-wrap elementor-element-populated\">\n\t\t\t\t\t\t<div class=\"elementor-element elementor-element-025581d elementor-widget elementor-widget-spacer\" data-id=\"025581d\" data-element_type=\"widget\" data-e-type=\"widget\" data-widget_type=\"spacer.default\">\n\t\t\t\t<div class=\"elementor-widget-container\">\n\t\t\t\t\t\t\t<div class=\"elementor-spacer\">\n\t\t\t<div class=\"elementor-spacer-inner\"><\/div>\n\t\t<\/div>\n\t\t\t\t\t\t<\/div>\n\t\t\t\t<\/div>\n\t\t\t\t<div class=\"elementor-element elementor-element-f38c8f6 elementor-widget elementor-widget-heading\" data-id=\"f38c8f6\" data-element_type=\"widget\" data-e-type=\"widget\" data-widget_type=\"heading.default\">\n\t\t\t\t<div class=\"elementor-widget-container\">\n\t\t\t\t\t<span class=\"elementor-heading-title elementor-size-default\">EINFACH COOL \u2013 EINFACH INTELLIGENT \u2013 EINFACH PROFESSIONELL!<\/span>\t\t\t\t<\/div>\n\t\t\t\t<\/div>\n\t\t\t\t<div class=\"elementor-element elementor-element-8c65f4f elementor-widget elementor-widget-spacer\" data-id=\"8c65f4f\" data-element_type=\"widget\" data-e-type=\"widget\" data-widget_type=\"spacer.default\">\n\t\t\t\t<div class=\"elementor-widget-container\">\n\t\t\t\t\t\t\t<div class=\"elementor-spacer\">\n\t\t\t<div class=\"elementor-spacer-inner\"><\/div>\n\t\t<\/div>\n\t\t\t\t\t\t<\/div>\n\t\t\t\t<\/div>\n\t\t\t\t<div class=\"elementor-element elementor-element-1dc58d2 elementor-widget elementor-widget-heading\" data-id=\"1dc58d2\" data-element_type=\"widget\" data-e-type=\"widget\" data-widget_type=\"heading.default\">\n\t\t\t\t<div class=\"elementor-widget-container\">\n\t\t\t\t\t<h3 class=\"elementor-heading-title elementor-size-default\">Wir bieten eine breite Palette an Klimaanlagen f\u00fcr Boote an, um auf Ihrem Boot eine angenehme Temperatur zu gew\u00e4hrleisten.<\/h3>\t\t\t\t<\/div>\n\t\t\t\t<\/div>\n\t\t\t\t<div class=\"elementor-element elementor-element-d907ff9 elementor-widget__width-initial elementor-widget elementor-widget-text-editor\" data-id=\"d907ff9\" data-element_type=\"widget\" data-e-type=\"widget\" data-widget_type=\"text-editor.default\">\n\t\t\t\t<div class=\"elementor-widget-container\">\n\t\t\t\t\t\t\t\t\t<p>MBC Marine ist ein ungarisches Unternehmen, das 2010 gegr\u00fcndet wurde und sich auf Hightech-Klimaanlagen f\u00fcr Schiffe spezialisiert hat. Wir sind stolz darauf, unsere Produkte in der EU herzustellen und verwenden dabei ausschlie\u00dflich die hochwertigsten Komponenten, die auf dem Markt erh\u00e4ltlich sind.<\/p>\t\t\t\t\t\t\t\t<\/div>\n\t\t\t\t<\/div>\n\t\t\t\t\t<\/div>\n\t\t<\/div>\n\t\t\t\t\t<\/div>\n\t\t<\/section>\n\t\t\t\t<section class=\"elementor-section elementor-top-section elementor-element elementor-element-e0c01d5 elementor-section-boxed elementor-section-height-default elementor-section-height-default\" data-id=\"e0c01d5\" data-element_type=\"section\" data-e-type=\"section\" data-settings=\"{&quot;jet_parallax_layout_list&quot;:[]}\">\n\t\t\t\t\t\t<div class=\"elementor-container elementor-column-gap-default\">\n\t\t\t\t\t<div class=\"elementor-column elementor-col-100 elementor-top-column elementor-element elementor-element-85408e0\" data-id=\"85408e0\" data-element_type=\"column\" data-e-type=\"column\">\n\t\t\t<div class=\"elementor-widget-wrap elementor-element-populated\">\n\t\t\t\t\t\t<section class=\"elementor-section elementor-inner-section elementor-element elementor-element-1190684 elementor-section-full_width elementor-section-height-default elementor-section-height-default\" data-id=\"1190684\" data-element_type=\"section\" data-e-type=\"section\" data-settings=\"{&quot;jet_parallax_layout_list&quot;:[]}\">\n\t\t\t\t\t\t<div class=\"elementor-container elementor-column-gap-default\">\n\t\t\t\t\t<div class=\"elementor-column elementor-col-50 elementor-inner-column elementor-element elementor-element-8f6ae1a\" data-id=\"8f6ae1a\" data-element_type=\"column\" data-e-type=\"column\">\n\t\t\t<div class=\"elementor-widget-wrap elementor-element-populated\">\n\t\t\t\t\t\t<div class=\"elementor-element elementor-element-9df7f29 elementor-widget elementor-widget-image-box\" data-id=\"9df7f29\" data-element_type=\"widget\" data-e-type=\"widget\" data-widget_type=\"image-box.default\">\n\t\t\t\t<div class=\"elementor-widget-container\">\n\t\t\t\t\t<div class=\"elementor-image-box-wrapper\"><div class=\"elementor-image-box-content\"><h3 class=\"elementor-image-box-title\">Mehr als ein Partner<\/h3><p class=\"elementor-image-box-description\">\nNeben Klimaanlagen bieten wir auch s\u00e4mtliches Zubeh\u00f6r f\u00fcr die vollst\u00e4ndige Installation von Klimaanlagen auf Booten aller Art, darunter Gitter, Kan\u00e4le, Pumpen und vieles mehr. Unsere technischen und kaufm\u00e4nnischen Abteilungen unterst\u00fctzen Sie gerne bei der Auswahl der idealen Klimaanlage f\u00fcr Ihre Projekte, basierend auf dem Layout des Schiffes und den spezifischen Anforderungen des Eigent\u00fcmers.<\/p><\/div><\/div>\t\t\t\t<\/div>\n\t\t\t\t<\/div>\n\t\t\t\t\t<\/div>\n\t\t<\/div>\n\t\t\t\t<div class=\"elementor-column elementor-col-50 elementor-inner-column elementor-element elementor-element-50829f8\" data-id=\"50829f8\" data-element_type=\"column\" data-e-type=\"column\">\n\t\t\t<div class=\"elementor-widget-wrap elementor-element-populated\">\n\t\t\t\t\t\t<div class=\"elementor-element elementor-element-34e1923 elementor-widget elementor-widget-image-box\" data-id=\"34e1923\" data-element_type=\"widget\" data-e-type=\"widget\" data-widget_type=\"image-box.default\">\n\t\t\t\t<div class=\"elementor-widget-container\">\n\t\t\t\t\t<div class=\"elementor-image-box-wrapper\"><div class=\"elementor-image-box-content\"><h3 class=\"elementor-image-box-title\">Eigener Lagerbestand<\/h3><p class=\"elementor-image-box-description\">Wir produzieren Klimaanlagen f\u00fcr unser Lager, wodurch unsere Kunden den bedeutenden Vorteil haben, dass alle ben\u00f6tigten Produkte, Zubeh\u00f6rteile und Ersatzteile stets vorr\u00e4tig sind. Alle unsere Produkte sind vollst\u00e4ndig CE- und T\u00dcV-zertifiziert.<\/p><\/div><\/div>\t\t\t\t<\/div>\n\t\t\t\t<\/div>\n\t\t\t\t<div class=\"elementor-element elementor-element-43ef212 gallery-spacing-custom elementor-widget elementor-widget-image-gallery\" data-id=\"43ef212\" data-element_type=\"widget\" data-e-type=\"widget\" data-widget_type=\"image-gallery.default\">\n\t\t\t\t<div class=\"elementor-widget-container\">\n\t\t\t\t\t\t\t<div class=\"elementor-image-gallery\">\n\t\t\t<div id='gallery-1' class='gallery galleryid-157 gallery-columns-3 gallery-size-full'><figure class='gallery-item'>\n\t\t\t<div class='gallery-icon landscape'>\n\t\t\t\t<a data-elementor-open-lightbox=\"yes\" data-elementor-lightbox-slideshow=\"43ef212\" data-elementor-lightbox-title=\"IMG_7460\" data-e-action-hash=\"#elementor-action%3Aaction%3Dlightbox%26settings%3DeyJpZCI6Njc4MSwidXJsIjoiaHR0cHM6XC9cL21iYy1tYXJpbmUuY29tXC93cC1jb250ZW50XC91cGxvYWRzXC8yMDI1XC8wOVwvSU1HXzc0NjAuanBnIiwic2xpZGVzaG93IjoiNDNlZjIxMiJ9\" href='https:\/\/mbc-marine.com\/wp-content\/uploads\/2025\/09\/IMG_7460.jpg'><!--trp-no-translate--><!--trp-no-translate--><img decoding=\"async\" width=\"1920\" height=\"1440\" src=\"https:\/\/mbc-marine.com\/wp-content\/uploads\/2025\/09\/IMG_7460.jpg?wsr\" class=\"attachment-full size-full\" alt=\"warehouse\" srcset=\"https:\/\/mbc-marine.com\/wp-content\/uploads\/2025\/09\/IMG_7460.jpg 1920w, https:\/\/mbc-marine.com\/wp-content\/uploads\/2025\/09\/IMG_7460-300x225.jpg 300w, https:\/\/mbc-marine.com\/wp-content\/uploads\/2025\/09\/IMG_7460-1024x768.jpg 1024w, https:\/\/mbc-marine.com\/wp-content\/uploads\/2025\/09\/IMG_7460-768x576.jpg 768w, https:\/\/mbc-marine.com\/wp-content\/uploads\/2025\/09\/IMG_7460-1536x1152.jpg 1536w, https:\/\/mbc-marine.com\/wp-content\/uploads\/2025\/09\/IMG_7460-600x450.jpg 600w\" sizes=\"(max-width: 1920px) 100vw, 1920px\" data-no-translation=\"\" \/><!--/trp-no-translate--><!--\/trp-no-translate--><\/a>\n\t\t\t<\/div><\/figure><figure class='gallery-item'>\n\t\t\t<div class='gallery-icon landscape'>\n\t\t\t\t<a data-elementor-open-lightbox=\"yes\" data-elementor-lightbox-slideshow=\"43ef212\" data-elementor-lightbox-title=\"IMG_7457\" data-e-action-hash=\"#elementor-action%3Aaction%3Dlightbox%26settings%3DeyJpZCI6Njc4MCwidXJsIjoiaHR0cHM6XC9cL21iYy1tYXJpbmUuY29tXC93cC1jb250ZW50XC91cGxvYWRzXC8yMDI1XC8wOVwvSU1HXzc0NTcuanBnIiwic2xpZGVzaG93IjoiNDNlZjIxMiJ9\" href='https:\/\/mbc-marine.com\/wp-content\/uploads\/2025\/09\/IMG_7457.jpg'><!--trp-no-translate--><!--trp-no-translate--><img decoding=\"async\" width=\"1920\" height=\"1440\" src=\"https:\/\/mbc-marine.com\/wp-content\/uploads\/2025\/09\/IMG_7457.jpg?wsr\" class=\"attachment-full size-full\" alt=\"warehouse\" srcset=\"https:\/\/mbc-marine.com\/wp-content\/uploads\/2025\/09\/IMG_7457.jpg 1920w, https:\/\/mbc-marine.com\/wp-content\/uploads\/2025\/09\/IMG_7457-300x225.jpg 300w, https:\/\/mbc-marine.com\/wp-content\/uploads\/2025\/09\/IMG_7457-1024x768.jpg 1024w, https:\/\/mbc-marine.com\/wp-content\/uploads\/2025\/09\/IMG_7457-768x576.jpg 768w, https:\/\/mbc-marine.com\/wp-content\/uploads\/2025\/09\/IMG_7457-1536x1152.jpg 1536w, https:\/\/mbc-marine.com\/wp-content\/uploads\/2025\/09\/IMG_7457-600x450.jpg 600w\" sizes=\"(max-width: 1920px) 100vw, 1920px\" data-no-translation=\"\" \/><!--/trp-no-translate--><!--\/trp-no-translate--><\/a>\n\t\t\t<\/div><\/figure><figure class='gallery-item'>\n\t\t\t<div class='gallery-icon landscape'>\n\t\t\t\t<a data-elementor-open-lightbox=\"yes\" data-elementor-lightbox-slideshow=\"43ef212\" data-elementor-lightbox-title=\"IMG_7458\" data-e-action-hash=\"#elementor-action%3Aaction%3Dlightbox%26settings%3DeyJpZCI6Njg0NywidXJsIjoiaHR0cHM6XC9cL21iYy1tYXJpbmUuY29tXC93cC1jb250ZW50XC91cGxvYWRzXC8yMDI1XC8wOVwvSU1HXzc0NTguanBnIiwic2xpZGVzaG93IjoiNDNlZjIxMiJ9\" href='https:\/\/mbc-marine.com\/wp-content\/uploads\/2025\/09\/IMG_7458.jpg'><!--trp-no-translate--><!--trp-no-translate--><img loading=\"lazy\" decoding=\"async\" width=\"1920\" height=\"1440\" src=\"https:\/\/mbc-marine.com\/wp-content\/uploads\/2025\/09\/IMG_7458.jpg?wsr\" class=\"attachment-full size-full\" alt=\"warehouse\" srcset=\"https:\/\/mbc-marine.com\/wp-content\/uploads\/2025\/09\/IMG_7458.jpg 1920w, https:\/\/mbc-marine.com\/wp-content\/uploads\/2025\/09\/IMG_7458-300x225.jpg 300w, https:\/\/mbc-marine.com\/wp-content\/uploads\/2025\/09\/IMG_7458-1024x768.jpg 1024w, https:\/\/mbc-marine.com\/wp-content\/uploads\/2025\/09\/IMG_7458-768x576.jpg 768w, https:\/\/mbc-marine.com\/wp-content\/uploads\/2025\/09\/IMG_7458-1536x1152.jpg 1536w, https:\/\/mbc-marine.com\/wp-content\/uploads\/2025\/09\/IMG_7458-600x450.jpg 600w\" sizes=\"(max-width: 1920px) 100vw, 1920px\" data-no-translation=\"\" \/><!--/trp-no-translate--><!--\/trp-no-translate--><\/a>\n\t\t\t<\/div><\/figure>\n\t\t<\/div>\n\t\t<\/div>\n\t\t\t\t\t\t<\/div>\n\t\t\t\t<\/div>\n\t\t\t\t<div class=\"elementor-element elementor-element-e725e3b elementor-widget elementor-widget-spacer\" data-id=\"e725e3b\" data-element_type=\"widget\" data-e-type=\"widget\" data-widget_type=\"spacer.default\">\n\t\t\t\t<div class=\"elementor-widget-container\">\n\t\t\t\t\t\t\t<div class=\"elementor-spacer\">\n\t\t\t<div class=\"elementor-spacer-inner\"><\/div>\n\t\t<\/div>\n\t\t\t\t\t\t<\/div>\n\t\t\t\t<\/div>\n\t\t\t\t\t<\/div>\n\t\t<\/div>\n\t\t\t\t\t<\/div>\n\t\t<\/section>\n\t\t\t\t\t<\/div>\n\t\t<\/div>\n\t\t\t\t\t<\/div>\n\t\t<\/section>\n\t\t\t\t<section class=\"elementor-section elementor-top-section elementor-element elementor-element-8bb9b3f elementor-section-boxed elementor-section-height-default elementor-section-height-default\" data-id=\"8bb9b3f\" data-element_type=\"section\" data-e-type=\"section\" data-settings=\"{&quot;jet_parallax_layout_list&quot;:[]}\">\n\t\t\t\t\t\t<div class=\"elementor-container elementor-column-gap-default\">\n\t\t\t\t\t<div class=\"elementor-column elementor-col-100 elementor-top-column elementor-element elementor-element-5fac389\" data-id=\"5fac389\" data-element_type=\"column\" data-e-type=\"column\">\n\t\t\t<div class=\"elementor-widget-wrap elementor-element-populated\">\n\t\t\t\t\t\t<section class=\"elementor-section elementor-inner-section elementor-element elementor-element-d373680 elementor-section-full_width elementor-section-height-default elementor-section-height-default\" data-id=\"d373680\" data-element_type=\"section\" data-e-type=\"section\" data-settings=\"{&quot;jet_parallax_layout_list&quot;:[]}\">\n\t\t\t\t\t\t<div class=\"elementor-container elementor-column-gap-default\">\n\t\t\t\t\t<div class=\"elementor-column elementor-col-100 elementor-inner-column elementor-element elementor-element-7e641f9\" data-id=\"7e641f9\" data-element_type=\"column\" data-e-type=\"column\">\n\t\t\t<div class=\"elementor-widget-wrap elementor-element-populated\">\n\t\t\t\t\t\t<div class=\"elementor-element elementor-element-f18f37d elementor-widget elementor-widget-text-editor\" data-id=\"f18f37d\" data-element_type=\"widget\" data-e-type=\"widget\" data-widget_type=\"text-editor.default\">\n\t\t\t\t<div class=\"elementor-widget-container\">\n\t\t\t\t\t\t\t\t\t<div class=\"elementor-element elementor-element-be31051 elementor-widget__width-initial elementor-widget elementor-widget-text-editor\" data-id=\"be31051\" data-element_type=\"widget\" data-widget_type=\"text-editor.default\"><div class=\"elementor-widget-container\"><div class=\"elementor-element elementor-element-be31051 elementor-widget__width-initial elementor-widget elementor-widget-text-editor\" data-id=\"be31051\" data-element_type=\"widget\" data-widget_type=\"text-editor.default\"><div class=\"elementor-widget-container\"><div class=\"elementor-element elementor-element-77685d0 elementor-widget__width-initial elementor-widget elementor-widget-text-editor\" data-id=\"77685d0\" data-element_type=\"widget\" data-widget_type=\"text-editor.default\"><div class=\"elementor-widget-container\"><p>UNSER PRODUKTSORTIMENT UMFASST:<\/p><\/div><\/div><\/div><\/div><\/div><\/div>\t\t\t\t\t\t\t\t<\/div>\n\t\t\t\t<\/div>\n\t\t\t\t\t<\/div>\n\t\t<\/div>\n\t\t\t\t\t<\/div>\n\t\t<\/section>\n\t\t\t\t\t<\/div>\n\t\t<\/div>\n\t\t\t\t\t<\/div>\n\t\t<\/section>\n\t\t\t\t<section class=\"elementor-section elementor-top-section elementor-element elementor-element-d6b368e elementor-section-boxed elementor-section-height-default elementor-section-height-default\" data-id=\"d6b368e\" data-element_type=\"section\" data-e-type=\"section\" data-settings=\"{&quot;jet_parallax_layout_list&quot;:[],&quot;background_background&quot;:&quot;classic&quot;}\">\n\t\t\t\t\t\t<div class=\"elementor-container elementor-column-gap-default\">\n\t\t\t\t\t<div class=\"elementor-column elementor-col-50 elementor-top-column elementor-element elementor-element-fab50a4\" data-id=\"fab50a4\" data-element_type=\"column\" data-e-type=\"column\">\n\t\t\t<div class=\"elementor-widget-wrap elementor-element-populated\">\n\t\t\t\t\t\t<div class=\"elementor-element elementor-element-8262e95 elementor-widget elementor-widget-text-editor\" data-id=\"8262e95\" data-element_type=\"widget\" data-e-type=\"widget\" data-widget_type=\"text-editor.default\">\n\t\t\t\t<div class=\"elementor-widget-container\">\n\t\t\t\t\t\t\t\t\t<p><strong>Eigenst\u00e4ndige (EIN-AUS) Systeme \u2013 ESC-Reihe<br \/><\/strong>Kompakt und leistungsstark, erh\u00e4ltlich mit 6.000 bis 24.000 BTU (ESC-Ger\u00e4te) und optional mit WLAN-SMART-Display.<strong><br \/><\/strong><\/p><p><strong>Eigenst\u00e4ndige INVERTER-Systeme - VSC-Reihe<br \/><\/strong>Kompakt und leistungsstark, erh\u00e4ltlich mit 8.000 bis 24.000 BTU (ESC-Ger\u00e4te).<\/p><p><strong>Marine SPLIT Systeme - SCP Reihe<br \/><\/strong>Effizient und leise, mit einer Leistung von 10.000 bis 24.000 BTU (SCP-Ger\u00e4te).<strong><br \/><\/strong><\/p>\t\t\t\t\t\t\t\t<\/div>\n\t\t\t\t<\/div>\n\t\t\t\t\t<\/div>\n\t\t<\/div>\n\t\t\t\t<div class=\"elementor-column elementor-col-50 elementor-top-column elementor-element elementor-element-e873212\" data-id=\"e873212\" data-element_type=\"column\" data-e-type=\"column\">\n\t\t\t<div class=\"elementor-widget-wrap elementor-element-populated\">\n\t\t\t\t\t\t<div class=\"elementor-element elementor-element-ecb3690 elementor-widget elementor-widget-text-editor\" data-id=\"ecb3690\" data-element_type=\"widget\" data-e-type=\"widget\" data-widget_type=\"text-editor.default\">\n\t\t\t\t<div class=\"elementor-widget-container\">\n\t\t\t\t\t\t\t\t\t<p><strong>Marine-Wechselrichter-K\u00e4ltesysteme \u2013 HC-Reihe<\/strong><br \/>Hochleistungs-K\u00fchlungsl\u00f6sungen von 24.000 bis 80.000 BTU\/h (HC-Ger\u00e4te).<\/p><p><strong>Gebl\u00e4sekonvektoren f\u00fcr Schiffsk\u00fchler:<\/strong><br \/>Vielseitig und zuverl\u00e4ssig, mit einer Leistung von 8.000 bis 24.000 BTU (CFPG-Ger\u00e4te)<\/p><p><strong>Gleichstrom-Klimaanlagen f\u00fcr Schiffe \u2013<\/strong><br \/>SDC-Reihe. Erh\u00e4ltlich in 12 V, 24 V und 48 V, bieten diese Ger\u00e4te leistungsstarke K\u00fchlung im Bereich von 7.000-16.000 BTU.<\/p>\t\t\t\t\t\t\t\t<\/div>\n\t\t\t\t<\/div>\n\t\t\t\t\t<\/div>\n\t\t<\/div>\n\t\t\t\t\t<\/div>\n\t\t<\/section>\n\t\t\t\t<\/div>","protected":false},"excerpt":{"rendered":"<p>SIMPLY COOL &#8211; SIMPLY SMART &#8211; SIMPLY PROFESSIONAL! We offer a wide range of marine air conditioners to keep your boat at the most comfortable temperature! MBC Marine is a Hungarian company, established in 2010, specializing in high-tech marine air conditioners. We proudly manufacture our products in the EU using only the highest quality components [&hellip;]<\/p>\n","protected":false},"author":1,"featured_media":0,"parent":0,"menu_order":0,"comment_status":"closed","ping_status":"closed","template":"","meta":{"_acf_changed":false,"footnotes":""},"class_list":["post-157","page","type-page","status-publish","hentry"],"acf":[],"_links":{"self":[{"href":"https:\/\/mbc-marine.com\/de\/wp-json\/wp\/v2\/pages\/157","targetHints":{"allow":["GET"]}}],"collection":[{"href":"https:\/\/mbc-marine.com\/de\/wp-json\/wp\/v2\/pages"}],"about":[{"href":"https:\/\/mbc-marine.com\/de\/wp-json\/wp\/v2\/types\/page"}],"author":[{"embeddable":true,"href":"https:\/\/mbc-marine.com\/de\/wp-json\/wp\/v2\/users\/1"}],"replies":[{"embeddable":true,"href":"https:\/\/mbc-marine.com\/de\/wp-json\/wp\/v2\/comments?post=157"}],"version-history":[{"count":9,"href":"https:\/\/mbc-marine.com\/de\/wp-json\/wp\/v2\/pages\/157\/revisions"}],"predecessor-version":[{"id":8099,"href":"https:\/\/mbc-marine.com\/de\/wp-json\/wp\/v2\/pages\/157\/revisions\/8099"}],"wp:attachment":[{"href":"https:\/\/mbc-marine.com\/de\/wp-json\/wp\/v2\/media?parent=157"}],"curies":[{"name":"wp","href":"https:\/\/api.w.org\/{rel}","templated":true}]}}