{"id":3774,"date":"2025-03-18T09:49:28","date_gmt":"2025-03-18T08:49:28","guid":{"rendered":"https:\/\/mbc-marine.com\/?page_id=3774"},"modified":"2025-09-09T16:32:21","modified_gmt":"2025-09-09T14:32:21","slug":"informationen","status":"publish","type":"page","link":"https:\/\/mbc-marine.com\/de\/information\/","title":{"rendered":"Informationen"},"content":{"rendered":"<div data-elementor-type=\"wp-page\" data-elementor-id=\"3774\" class=\"elementor elementor-3774\" data-elementor-post-type=\"page\">\n\t\t\t\t<div class=\"elementor-element elementor-element-633bd9b e-flex e-con-boxed e-con e-parent\" data-id=\"633bd9b\" data-element_type=\"container\" data-e-type=\"container\" data-settings=\"{&quot;jet_parallax_layout_list&quot;:[]}\">\n\t\t\t\t\t<div class=\"e-con-inner\">\n\t\t\t\t<div class=\"elementor-element elementor-element-1d4d8b3 elementor-widget elementor-widget-heading\" data-id=\"1d4d8b3\" data-element_type=\"widget\" data-e-type=\"widget\" data-widget_type=\"heading.default\">\n\t\t\t\t<div class=\"elementor-widget-container\">\n\t\t\t\t\t<h1 class=\"elementor-heading-title elementor-size-default\">Informationen<\/h1>\t\t\t\t<\/div>\n\t\t\t\t<\/div>\n\t\t\t\t<div class=\"elementor-element elementor-element-c53bf46 elementor-widget elementor-widget-heading\" data-id=\"c53bf46\" data-element_type=\"widget\" data-e-type=\"widget\" data-widget_type=\"heading.default\">\n\t\t\t\t<div class=\"elementor-widget-container\">\n\t\t\t\t\t<h2 class=\"elementor-heading-title elementor-size-default\">Verdampfermaterial<\/h2>\t\t\t\t<\/div>\n\t\t\t\t<\/div>\n\t\t\t\t<div class=\"elementor-element elementor-element-57e071e elementor-widget elementor-widget-text-editor\" data-id=\"57e071e\" data-element_type=\"widget\" data-e-type=\"widget\" data-widget_type=\"text-editor.default\">\n\t\t\t\t<div class=\"elementor-widget-container\">\n\t\t\t\t\t\t\t\t\t<p><strong>CuNi (Kupfer-Nickel)<\/strong><br \/>CuNi-W\u00e4rmetauscher (Kupfer-Nickel) bieten eine hervorragende Korrosionsbest\u00e4ndigkeit, da ihre nat\u00fcrliche Haltbarkeit sie vor Meerwasser und Chemikalien sch\u00fctzt, im Gegensatz zu beschichteten Aluminium-W\u00e4rmetauschern, deren Schutzschicht mit der Zeit abgenutzt werden kann. Sie haben eine l\u00e4ngere Lebensdauer, erfordern weniger Wartung und bieten aufgrund der \u00fcberlegenen W\u00e4rmeleitf\u00e4higkeit der Kupfer-Nickel-Legierung eine bessere W\u00e4rme\u00fcbertragungseffizienz. Dar\u00fcber hinaus sind sie mechanisch widerstandsf\u00e4higer, weniger anf\u00e4llig f\u00fcr Besch\u00e4digungen und leichter zu reinigen, da sie weniger anf\u00e4llig f\u00fcr Biofilme und andere Ablagerungen sind. Aus diesen Gr\u00fcnden sind CuNi-W\u00e4rmetauscher die ideale Wahl f\u00fcr Meeresumgebungen und extreme Betriebsbedingungen.<\/p>\t\t\t\t\t\t\t\t<\/div>\n\t\t\t\t<\/div>\n\t\t\t\t<div class=\"elementor-element elementor-element-4e25090 elementor-widget elementor-widget-text-editor\" data-id=\"4e25090\" data-element_type=\"widget\" data-e-type=\"widget\" data-widget_type=\"text-editor.default\">\n\t\t\t\t<div class=\"elementor-widget-container\">\n\t\t\t\t\t\t\t\t\t<p><strong>Blau beschichtetes Aluminium<\/strong><br \/>Mit Blue Fin beschichtete Aluminium-W\u00e4rmetauscher bieten eine verbesserte Korrosionsbest\u00e4ndigkeit, da die Aluminiumlamellen mit einer sch\u00fctzenden hydrophoben Schicht versehen sind. Diese Beschichtung verbessert die Haltbarkeit in feuchten und salzhaltigen Umgebungen, verringert das Oxidationsrisiko und verl\u00e4ngert die Lebensdauer des Ger\u00e4ts im Vergleich zu Standardaluminium. Die Blue Fin-Beschichtung verbessert au\u00dferdem den Wasserabfluss, verhindert Feuchtigkeitsansammlungen und erh\u00f6ht die W\u00e4rmeaustauscheffizienz. Blue Fin-beschichtetes Aluminium ist zwar nicht so langlebig wie CuNi-W\u00e4rmetauscher, bietet jedoch eine kosteng\u00fcnstige Alternative mit verbesserter Leistung unter schwierigen Bedingungen und ist somit eine geeignete Wahl f\u00fcr Anwendungen im maritimen und K\u00fcstenbereich.<\/p>\t\t\t\t\t\t\t\t<\/div>\n\t\t\t\t<\/div>\n\t\t\t\t<div class=\"elementor-element elementor-element-e32a8e8 elementor-widget elementor-widget-heading\" data-id=\"e32a8e8\" data-element_type=\"widget\" data-e-type=\"widget\" data-widget_type=\"heading.default\">\n\t\t\t\t<div class=\"elementor-widget-container\">\n\t\t\t\t\t<h2 class=\"elementor-heading-title elementor-size-default\">Zubeh\u00f6r<\/h2>\t\t\t\t<\/div>\n\t\t\t\t<\/div>\n\t\t\t\t<div class=\"elementor-element elementor-element-a45c65c elementor-widget elementor-widget-text-editor\" data-id=\"a45c65c\" data-element_type=\"widget\" data-e-type=\"widget\" data-widget_type=\"text-editor.default\">\n\t\t\t\t<div class=\"elementor-widget-container\">\n\t\t\t\t\t\t\t\t\t<p><strong>SMART Display<\/strong><br \/>MBC Marine Smart Connect \u2013 Erleben Sie h\u00f6chsten Komfort auf Ihrem Boot mit MBC Marine Smart Connect.<br \/>Sorgen Sie mit dem MBC Marine Smart Connect jederzeit und \u00fcberall f\u00fcr die perfekte Temperatur und Frischluftzufuhr in Ihrem Boot.<br \/>Stellen Sie sich die Bequemlichkeit vor: Ganz gleich, ob Sie im B\u00fcro sind oder an einer roten Ampel warten, Sie k\u00f6nnen die Klimaanlage Ihres Bootes auf die ideale Temperatur einstellen, noch bevor Sie an Bord gehen.\u00a0<br \/>Mit nur wenigen Fingertipps auf Ihrem Smartphone k\u00f6nnen Sie sich \u00fcber das Internet mit der Klimaanlage Ihres Bootes verbinden und die Einstellungen nach Ihren W\u00fcnschen anpassen \u2013 egal, ob Sie den K\u00fchl- oder Heizmodus bevorzugen.<br \/><br \/><\/p>\t\t\t\t\t\t\t\t<\/div>\n\t\t\t\t<\/div>\n\t\t\t\t<div class=\"elementor-element elementor-element-903ef67 elementor-widget elementor-widget-text-editor\" data-id=\"903ef67\" data-element_type=\"widget\" data-e-type=\"widget\" data-widget_type=\"text-editor.default\">\n\t\t\t\t<div class=\"elementor-widget-container\">\n\t\t\t\t\t\t\t\t\t<p><strong>Sanftanlaufger\u00e4t<\/strong><br \/>Die ultimative L\u00f6sung f\u00fcr einen optimierten Start Der MBC Easy Start erm\u00f6glicht den Betrieb jeder Klimaanlage mit einer Stromquelle mit niedrigerer Spannung, wodurch kein gr\u00f6\u00dferer oder zus\u00e4tzlicher Generator erforderlich ist. Er reduziert den Anlaufstrom des Kompressors erheblich und ist damit ein speziell f\u00fcr Einphasenmotoren entwickelter Softstarter. Der MBC Soft Starter nutzt eine vierteilige, selbstoptimierende Startrampensequenz, um einen m\u00f6glichst niedrigen Anlaufstrom zu erzielen. Damit ist er die ideale L\u00f6sung f\u00fcr den Betrieb von Klimaanlagen mit einem Generator oder Wechselrichter, selbst wenn die Netzstromversorgung begrenzt ist. <br \/><br \/><\/p>\t\t\t\t\t\t\t\t<\/div>\n\t\t\t\t<\/div>\n\t\t\t\t<div class=\"elementor-element elementor-element-1d89487 elementor-widget elementor-widget-heading\" data-id=\"1d89487\" data-element_type=\"widget\" data-e-type=\"widget\" data-widget_type=\"heading.default\">\n\t\t\t\t<div class=\"elementor-widget-container\">\n\t\t\t\t\t<h2 class=\"elementor-heading-title elementor-size-default\">K\u00fchlung \/ Heizung\n<\/h2>\t\t\t\t<\/div>\n\t\t\t\t<\/div>\n\t\t\t\t<div class=\"elementor-element elementor-element-22ba37f elementor-widget elementor-widget-text-editor\" data-id=\"22ba37f\" data-element_type=\"widget\" data-e-type=\"widget\" data-widget_type=\"text-editor.default\">\n\t\t\t\t<div class=\"elementor-widget-container\">\n\t\t\t\t\t\t\t\t\t<p>In maritimen Klimaanlagen erm\u00f6glicht die Umkehrung des Kreislaufs dem Ger\u00e4t, zwischen K\u00fchlen und Heizen zu wechseln, indem der K\u00e4ltemittelfluss durch ein Vierwegeventil umgekehrt wird. Im K\u00fchlmodus wird W\u00e4rme aus der Raumluft aufgenommen und an das Meerwasser abgegeben, w\u00e4hrend im Heizmodus das System W\u00e4rme aus dem Meerwasser entzieht und ins Innere \u00fcbertr\u00e4gt. Dieser effiziente Prozess erm\u00f6glicht eine ganzj\u00e4hrige Klimatisierung mit einem einzigen System, dessen Wirksamkeit jedoch von der Meerwasser-Temperatur abh\u00e4ngt, da extrem kaltes Wasser die Heizleistung verringern kann.<\/p>\t\t\t\t\t\t\t\t<\/div>\n\t\t\t\t<\/div>\n\t\t\t\t<div class=\"elementor-element elementor-element-f6e915c elementor-widget elementor-widget-heading\" data-id=\"f6e915c\" data-element_type=\"widget\" data-e-type=\"widget\" data-widget_type=\"heading.default\">\n\t\t\t\t<div class=\"elementor-widget-container\">\n\t\t\t\t\t<h2 class=\"elementor-heading-title elementor-size-default\">GARANTIEBEDINGUNGEN<\/h2>\t\t\t\t<\/div>\n\t\t\t\t<\/div>\n\t\t\t\t<div class=\"elementor-element elementor-element-f6927a7 elementor-widget elementor-widget-text-editor\" data-id=\"f6927a7\" data-element_type=\"widget\" data-e-type=\"widget\" data-widget_type=\"text-editor.default\">\n\t\t\t\t<div class=\"elementor-widget-container\">\n\t\t\t\t\t\t\t\t\t<p data-start=\"0\" data-end=\"740\">Diese Garantiebedingungen gelten ausschlie\u00dflich f\u00fcr den Verkauf von neuen Ger\u00e4ten und Zubeh\u00f6rteilen (im Folgenden \u201cdie Produkte\u201d) durch MBC MARINE Kft. (im Folgenden \u201cdas Unternehmen\u201d) an einen H\u00e4ndler, der zum Vertriebsnetz des Unternehmens geh\u00f6rt. Als H\u00e4ndler gilt jede nat\u00fcrliche oder juristische Person, die vom Unternehmen zugelassen ist und die Produkte im Rahmen ihrer beruflichen T\u00e4tigkeit zum Weiterverkauf an Unterk\u00e4ufer erwirbt. Diese Garantiebedingungen schr\u00e4nken in keiner Weise Rechte ein, die aufgrund der f\u00fcr den Weiterverkauf des Produkts an einen Unterk\u00e4ufer geltenden Gesetze nicht ausgeschlossen oder eingeschr\u00e4nkt werden k\u00f6nnen. Der H\u00e4ndler ist allein verantwortlich f\u00fcr die Verkaufsvereinbarungen und Garantien, die f\u00fcr den Weiterverkauf des Produkts an den Unterk\u00e4ufer gelten, unabh\u00e4ngig von deren Qualit\u00e4t.<\/p><p data-start=\"742\" data-end=\"2356\">VERTRAGLICHE GARANTIEN Die nachstehend aufgef\u00fchrten vertraglichen Garantien werden ausschlie\u00dflich dem H\u00e4ndler gew\u00e4hrt, der best\u00e4tigt und erkl\u00e4rt, dass er \u00fcber die materiellen Ressourcen, spezifischen Kenntnisse und technischen F\u00e4higkeiten verf\u00fcgt, um die Dienstleistungen (einschlie\u00dflich Installation und Kundendienst) zu erbringen, und sich dar\u00fcber hinaus verpflichtet, diese Dienstleistungen durch sein qualifiziertes, geschultes Personal mit der gebotenen Sorgfalt und Kompetenz in einwandfreier Qualit\u00e4t zu erbringen. F\u00fcr die Produkte gilt eine vertragliche Garantie f\u00fcr alle versteckten M\u00e4ngel f\u00fcr einen Zeitraum von 2 (zwei) Jahren ab dem Datum der Lieferung des Produkts durch den H\u00e4ndler an den Kunden (der \u201cKunde\u201d). Auf Verlangen des Unternehmens ist das Lieferdatum vom H\u00e4ndler durch geeignete Unterlagen (\u00dcbergabeprotokoll, unterzeichnete und ausgef\u00fcllte Garantiekarte usw.) nachzuweisen. Diese Garantie umfasst den Austausch oder die Reparatur (nach Wahl des Unternehmens) aller Teile, die vom Unternehmen als fehlerhaft anerkannt werden. Die Reparaturzeit ist nicht in der Garantiezeit des Unternehmens enthalten, und w\u00e4hrend dieses Zeitraums wird vom Unternehmen weder dem H\u00e4ndler noch dem Kunden ein Ersatzger\u00e4t zur Verf\u00fcgung gestellt. F\u00fcr die vom Unternehmen an den H\u00e4ndler verkauften Produkte gelten diese Garantiebedingungen, die alle anderen ausdr\u00fccklichen oder stillschweigenden Garantien des Unternehmens ersetzen. Der H\u00e4ndler ist nicht berechtigt, im Namen des Unternehmens Verpflichtungen im Zusammenhang mit dem Verkauf des Produkts durch den H\u00e4ndler zu \u00fcbernehmen oder einzugehen, die \u00fcber die in diesen Garantiebedingungen festgelegten Verpflichtungen hinausgehen. Der H\u00e4ndler hat das Unternehmen von allen Verpflichtungen, Annahmen oder Zusicherungen freizustellen, die \u00fcber die in diesen Garantiebedingungen enthaltenen Verpflichtungen hinausgehen.<\/p><p data-start=\"2358\" data-end=\"2846\">SPEZIFISCHE GARANTIE Die vertragliche Garantie von zwei Jahren gilt nicht f\u00fcr Produkte, die f\u00fcr gewerbliche Zwecke genutzt werden (alle Vermietungs- oder Charteraktivit\u00e4ten fallen in diese Kategorie), da f\u00fcr diese Produkte eine Garantie von einem (1) Jahr ab dem Datum der Lieferung des Produkts durch den H\u00e4ndler an den Kunden gilt. Auf Verlangen des Unternehmens ist das Lieferdatum vom H\u00e4ndler durch geeignete Unterlagen (\u00dcbergabeprotokoll, unterzeichnete und ausgef\u00fcllte Garantiekarte usw.) nachzuweisen.<\/p><p data-start=\"2848\" data-end=\"5320\">VORKEHRUNGEN ZUR UMSETZUNG DER GARANTIEN Im Falle eines Garantieanspruchs muss der H\u00e4ndler das Unternehmen per E-Mail benachrichtigen (<a rel=\"noopener\" data-start=\"2966\" data-end=\"2985\">info@mbc-marine.com<\/a>innerhalb von maximal acht (8) Tagen nach Eingang der Reklamation. Dies hat keinen Einfluss auf die Verpflichtung des H\u00e4ndlers, den Fall zu untersuchen und zu bewerten, bevor er das Unternehmen \u00fcber die eingegangene Reklamation informiert. Bei jeder Reklamation sind die Seriennummer des betreffenden Produkts und gegebenenfalls die Seriennummer(n) der Teile, die Gegenstand der Garantieforderung sind, sowie alle Belege (kurze Beschreibung mit Fotos und Videos) anzugeben. Dar\u00fcber hinaus sind in der Reklamation die genauen Umst\u00e4nde anzugeben, unter denen das Problem aufgetreten ist. Das Unternehmen kann zur Untersuchung der Reklamation weitere Angaben anfordern und alle erforderlichen Belege verlangen. Das Unternehmen pr\u00fcft die Reklamation und teilt dem H\u00e4ndler mit, ob der Defekt unter die Garantie des Unternehmens f\u00e4llt oder auf eine unsachgem\u00e4\u00dfe Installation\/Verwendung\/Wartung des Produkts zur\u00fcckzuf\u00fchren ist, die nicht von der Garantie des Unternehmens abgedeckt ist. Die Stilllegung des Produkts aufgrund aufgetretener Probleme und\/oder Austausch- und\/oder Reparaturarbeiten, unabh\u00e4ngig von deren Dauer, begr\u00fcnden keinen Anspruch auf Entsch\u00e4digung. Das Unternehmen haftet unter keinen Umst\u00e4nden f\u00fcr Transportkosten, Z\u00f6lle und sonstige Nebenkosten, sofern nachstehend nichts anderes angegeben ist. Wenn die Reklamation vor Ort bearbeitet werden kann und die Reparaturkosten 150 EUR + MwSt. nicht \u00fcberschreiten, wird die Reparatur und\/oder der Austausch vom H\u00e4ndler auf Kosten des Unternehmens durchgef\u00fchrt. Das Unternehmen tr\u00e4gt keine weiteren Kosten im Zusammenhang mit der Reparatur. Die Reparaturkosten werden vom H\u00e4ndler innerhalb von 15 Tagen in Rechnung gestellt. Sollte die Art der Reparatur erfordern, dass die Arbeiten im Rahmen der Garantie in der Werkstatt des Unternehmens oder an einem anderen Ort als dem Standort des Produkts durchgef\u00fchrt werden m\u00fcssen und die Reparaturkosten voraussichtlich 150 EUR zzgl. MwSt. \u00fcbersteigen, l\u00e4sst das Unternehmen das Produkt reparieren oder ersetzen (wenn der Defekt nicht repariert werden kann), nachdem es \u00fcberpr\u00fcft hat, dass der Defekt tats\u00e4chlich unter die Garantiebedingungen des Unternehmens f\u00e4llt. Die Kosten f\u00fcr die R\u00fccksendung des defekten Produkts an das Unternehmen sind vom Kunden zu tragen. Die Kosten f\u00fcr den R\u00fcckversand durch das Unternehmen an den Kunden und die Kosten f\u00fcr die Reparatur, falls erforderlich, werden vom Unternehmen getragen, das dar\u00fcber hinaus keine Geb\u00fchren f\u00fcr die Entnahme und R\u00fcckgabe an das Boot akzeptiert, wenn das Produkt entnommen werden muss. Das defekte Produkt ist in jedem Fall in der Originalverpackung an das Unternehmen zur\u00fcckzusenden.<\/p><p data-start=\"5322\" data-end=\"7543\" data-is-last-node=\"\" data-is-only-node=\"\">AUSSCHLUSS VON DER VERTRAGLICHEN GARANTIE Die folgenden Punkte sind von der vertraglichen Garantie ausgeschlossen: \u2022 Sch\u00e4den, die durch normale Abnutzung und regelm\u00e4\u00dfig zu ersetzende Teile (Filter usw.) entstehen; \u2022 Nicht-Originalteile und\/oder modifizierte\/ver\u00e4nderte Originalteile und\/oder \u2022 die Folgen der Installation dieser Teile und der genannten Umbauten oder \u2022 Modifikationen; \u2022 Sch\u00e4den, die durch mangelhafte Wartung, missbr\u00e4uchliche Verwendung oder Fahrl\u00e4ssigkeit, unsachgem\u00e4\u00dfen Gebrauch, Untertauchen, unsachgem\u00e4\u00dfe Anwendung oder Verwendung entgegen den Anweisungen entstehen; \u2022 Sch\u00e4den, die insbesondere mit einem Unfall oder nach einem Brand, einer Explosion, einer Naturkatastrophe, Korrosion oder langsamer Zersetzung oder einem Ph\u00e4nomen jeglicher Art zusammenh\u00e4ngen; \u2022 Sch\u00e4den, die auf eine unsachgem\u00e4\u00dfe oder fehlerhafte Installation, eine Installation, die nicht den Anweisungen des Unternehmens entspricht, oder auf andere Ursachen zur\u00fcckzuf\u00fchren sind, sowie alle daraus resultierenden Sch\u00e4den; \u2022 Sch\u00e4den, die auf die Nichtdurchf\u00fchrung regelm\u00e4\u00dfiger vorbeugender Wartungsarbeiten gem\u00e4\u00df der Bedienungsanleitung zur\u00fcckzuf\u00fchren sind; \u2022 Artikel, die nicht vom Unternehmen hergestellt wurden; \u2022 Produkte des Unternehmens, die vom Eigent\u00fcmer als integraler Bestandteil von Produkten verwendet oder eingesetzt werden, die nicht vom Unternehmen hergestellt wurden; \u2022 zus\u00e4tzliche Kosten im Zusammenhang mit der Entfernung, Neuinstallation oder dem Austausch von Ger\u00e4ten oder Einrichtungsgegenst\u00e4nden, die \u00fcber das betreffende Produkt hinausgehen; \u2022 die Reisekosten des Servicepersonals des H\u00e4ndlers, die 1,0 (eine) Stunde \u00fcberschreiten; \u2022 Sch\u00e4den im Zusammenhang mit Pumpen mit gerissenen K\u00f6pfen oder Pumpen, die trocken gelaufen sind, Wassersch\u00e4den aufweisen oder deren Froststopfen durchgebrannt sind; \u2022 Kalibrierung von Messger\u00e4ten; \u2022 Au\u00dfenkorrosion; \u2022 Wassersch\u00e4den, insbesondere an folgenden Komponenten: Gebl\u00e4se, Logikplatinen und Displayk\u00f6pfe; \u2022 Falsche Programmierung von Displays; \u2022 Verschmutzte Kondensatoren und\/oder Verdampfer; \u2022 Sch\u00e4den im Zusammenhang mit Ausf\u00e4llen aufgrund unsachgem\u00e4\u00dfer Winterfestmachung; \u2022 Produktsch\u00e4den infolge unsachgem\u00e4\u00dfer R\u00fccksendungsverpackung oder anderer Transportsch\u00e4den; \u2022 Austausch des K\u00e4ltemittels durch einen Ersatzstoff ohne vorherige Genehmigung durch das Unternehmen; \u2022 Umwelt- und\/oder R\u00fcckgewinnungsgeb\u00fchren; \u2022 Schwei\u00df- und Stickstoffgeb\u00fchren. Die Installation und Anwendung der Produkte wird vom Unternehmen nicht garantiert, es sei denn, die Installation wurde intern durchgef\u00fchrt, da das Unternehmen keine Kontrolle oder Befugnis \u00fcber die Auswahl, den Standort, die Anwendung oder die Installation der Produkte hat.<\/p>\t\t\t\t\t\t\t\t<\/div>\n\t\t\t\t<\/div>\n\t\t\t\t\t<\/div>\n\t\t\t\t<\/div>\n\t\t\t\t<\/div>","protected":false},"excerpt":{"rendered":"<p>Informations Evaporator Material CuNi (Copper Nickel)CuNi (Copper-Nickel) heat exchangers offer outstanding corrosion resistance, as their natural durability protects them from seawater and chemical exposure, unlike coated aluminum heat exchangers, whose protective layer may wear off over time. They have a longer lifespan, require less maintenance, and provide better heat transfer efficiency due to the superior [&hellip;]<\/p>\n","protected":false},"author":1,"featured_media":0,"parent":0,"menu_order":0,"comment_status":"closed","ping_status":"closed","template":"","meta":{"_acf_changed":false,"footnotes":""},"class_list":["post-3774","page","type-page","status-publish","hentry"],"acf":[],"yoast_head":"<!-- This site is optimized with the Yoast SEO Premium plugin v27.3 (Yoast SEO v27.3) - https:\/\/yoast.com\/product\/yoast-seo-premium-wordpress\/ -->\n<title>Information - MBC Marine<\/title>\n<meta name=\"description\" content=\"Informations\" \/>\n<meta name=\"robots\" content=\"index, follow, max-snippet:-1, max-image-preview:large, max-video-preview:-1\" \/>\n<link rel=\"canonical\" href=\"https:\/\/mbc-marine.com\/de\/informationen\/\" \/>\n<meta property=\"og:locale\" content=\"de_DE\" \/>\n<meta property=\"og:type\" content=\"article\" \/>\n<meta property=\"og:title\" content=\"Information\" \/>\n<meta property=\"og:description\" content=\"Informations\" \/>\n<meta property=\"og:url\" content=\"https:\/\/mbc-marine.com\/de\/informationen\/\" \/>\n<meta property=\"og:site_name\" content=\"MBC Marine\" \/>\n<meta property=\"article:modified_time\" content=\"2025-09-09T14:32:21+00:00\" \/>\n<meta name=\"twitter:card\" content=\"summary_large_image\" \/>\n<meta name=\"twitter:label1\" content=\"Gesch\u00e4tzte Lesezeit\" \/>\n\t<meta name=\"twitter:data1\" content=\"8\u00a0Minuten\" \/>\n<script type=\"application\/ld+json\" class=\"yoast-schema-graph\">{\"@context\":\"https:\\\/\\\/schema.org\",\"@graph\":[{\"@type\":\"WebPage\",\"@id\":\"https:\\\/\\\/mbc-marine.com\\\/information\\\/\",\"url\":\"https:\\\/\\\/mbc-marine.com\\\/information\\\/\",\"name\":\"Information - MBC Marine\",\"isPartOf\":{\"@id\":\"https:\\\/\\\/mbc-marine.com\\\/#website\"},\"datePublished\":\"2025-03-18T08:49:28+00:00\",\"dateModified\":\"2025-09-09T14:32:21+00:00\",\"description\":\"Informations\",\"breadcrumb\":{\"@id\":\"https:\\\/\\\/mbc-marine.com\\\/information\\\/#breadcrumb\"},\"inLanguage\":\"de\",\"potentialAction\":[{\"@type\":\"ReadAction\",\"target\":[\"https:\\\/\\\/mbc-marine.com\\\/information\\\/\"]}]},{\"@type\":\"BreadcrumbList\",\"@id\":\"https:\\\/\\\/mbc-marine.com\\\/information\\\/#breadcrumb\",\"itemListElement\":[{\"@type\":\"ListItem\",\"position\":1,\"name\":\"Home\",\"item\":\"https:\\\/\\\/mbc-marine.com\\\/\"},{\"@type\":\"ListItem\",\"position\":2,\"name\":\"Information\"}]},{\"@type\":\"WebSite\",\"@id\":\"https:\\\/\\\/mbc-marine.com\\\/#website\",\"url\":\"https:\\\/\\\/mbc-marine.com\\\/\",\"name\":\"MBC Marine\",\"description\":\"\",\"potentialAction\":[{\"@type\":\"SearchAction\",\"target\":{\"@type\":\"EntryPoint\",\"urlTemplate\":\"https:\\\/\\\/mbc-marine.com\\\/?s={search_term_string}\"},\"query-input\":{\"@type\":\"PropertyValueSpecification\",\"valueRequired\":true,\"valueName\":\"search_term_string\"}}],\"inLanguage\":\"de\"}]}<\/script>\n<!-- \/ Yoast SEO Premium plugin. -->","yoast_head_json":{"title":"Informationen \u2013 MBC Marine","description":"Informationen","robots":{"index":"index","follow":"follow","max-snippet":"max-snippet:-1","max-image-preview":"max-image-preview:large","max-video-preview":"max-video-preview:-1"},"canonical":"https:\/\/mbc-marine.com\/de\/informationen\/","og_locale":"de_DE","og_type":"article","og_title":"Information","og_description":"Informations","og_url":"https:\/\/mbc-marine.com\/de\/informationen\/","og_site_name":"MBC Marine","article_modified_time":"2025-09-09T14:32:21+00:00","twitter_card":"summary_large_image","twitter_misc":{"Gesch\u00e4tzte Lesezeit":"8\u00a0Minuten"},"schema":{"@context":"https:\/\/schema.org","@graph":[{"@type":"WebPage","@id":"https:\/\/mbc-marine.com\/information\/","url":"https:\/\/mbc-marine.com\/information\/","name":"Informationen \u2013 MBC Marine","isPartOf":{"@id":"https:\/\/mbc-marine.com\/#website"},"datePublished":"2025-03-18T08:49:28+00:00","dateModified":"2025-09-09T14:32:21+00:00","description":"Informationen","breadcrumb":{"@id":"https:\/\/mbc-marine.com\/information\/#breadcrumb"},"inLanguage":"de","potentialAction":[{"@type":"ReadAction","target":["https:\/\/mbc-marine.com\/information\/"]}]},{"@type":"BreadcrumbList","@id":"https:\/\/mbc-marine.com\/information\/#breadcrumb","itemListElement":[{"@type":"ListItem","position":1,"name":"Home","item":"https:\/\/mbc-marine.com\/"},{"@type":"ListItem","position":2,"name":"Information"}]},{"@type":"WebSite","@id":"https:\/\/mbc-marine.com\/#website","url":"https:\/\/mbc-marine.com\/","name":"MBC Marine","description":"","potentialAction":[{"@type":"SearchAction","target":{"@type":"EntryPoint","urlTemplate":"https:\/\/mbc-marine.com\/?s={search_term_string}"},"query-input":{"@type":"PropertyValueSpecification","valueRequired":true,"valueName":"search_term_string"}}],"inLanguage":"de"}]}},"_links":{"self":[{"href":"https:\/\/mbc-marine.com\/de\/wp-json\/wp\/v2\/pages\/3774","targetHints":{"allow":["GET"]}}],"collection":[{"href":"https:\/\/mbc-marine.com\/de\/wp-json\/wp\/v2\/pages"}],"about":[{"href":"https:\/\/mbc-marine.com\/de\/wp-json\/wp\/v2\/types\/page"}],"author":[{"embeddable":true,"href":"https:\/\/mbc-marine.com\/de\/wp-json\/wp\/v2\/users\/1"}],"replies":[{"embeddable":true,"href":"https:\/\/mbc-marine.com\/de\/wp-json\/wp\/v2\/comments?post=3774"}],"version-history":[{"count":0,"href":"https:\/\/mbc-marine.com\/de\/wp-json\/wp\/v2\/pages\/3774\/revisions"}],"wp:attachment":[{"href":"https:\/\/mbc-marine.com\/de\/wp-json\/wp\/v2\/media?parent=3774"}],"curies":[{"name":"wp","href":"https:\/\/api.w.org\/{rel}","templated":true}]}}