{"id":4884,"date":"2025-07-02T10:34:00","date_gmt":"2025-07-02T08:34:00","guid":{"rendered":"https:\/\/mbc-marine.com\/?page_id=4884"},"modified":"2025-10-15T09:33:42","modified_gmt":"2025-10-15T07:33:42","slug":"umwalzpumpen-fur-meerwasser","status":"publish","type":"page","link":"https:\/\/mbc-marine.com\/de\/circulation-seawater-pumps\/","title":{"rendered":"Wasserkreislauf"},"content":{"rendered":"<div data-elementor-type=\"wp-page\" data-elementor-id=\"4884\" class=\"elementor elementor-4884\" data-elementor-post-type=\"page\">\n\t\t\t\t<div class=\"elementor-element elementor-element-95a040c e-con-full e-flex e-con e-parent\" data-id=\"95a040c\" data-element_type=\"container\" data-e-type=\"container\" data-settings=\"{&quot;jet_parallax_layout_list&quot;:[]}\">\n\t\t\t\t<div class=\"elementor-element elementor-element-0734e4b elementor-widget elementor-widget-heading\" data-id=\"0734e4b\" data-element_type=\"widget\" data-e-type=\"widget\" data-widget_type=\"heading.default\">\n\t\t\t\t<div class=\"elementor-widget-container\">\n\t\t\t\t\t<h1 class=\"elementor-heading-title elementor-size-default\">Umw\u00e4lz- und Meerwasserpumpen<\/h1>\t\t\t\t<\/div>\n\t\t\t\t<\/div>\n\t\t\t\t<\/div>\n\t\t\t\t<section class=\"elementor-section elementor-top-section elementor-element elementor-element-af0d55a elementor-section-boxed elementor-section-height-default elementor-section-height-default\" data-id=\"af0d55a\" data-element_type=\"section\" data-e-type=\"section\" data-settings=\"{&quot;jet_parallax_layout_list&quot;:[]}\">\n\t\t\t\t\t\t<div class=\"elementor-container elementor-column-gap-default\">\n\t\t\t\t\t<div class=\"elementor-column elementor-col-33 elementor-top-column elementor-element elementor-element-fbecd7a\" data-id=\"fbecd7a\" data-element_type=\"column\" data-e-type=\"column\">\n\t\t\t<div class=\"elementor-widget-wrap elementor-element-populated\">\n\t\t\t\t\t\t<div class=\"elementor-element elementor-element-6272726 e-transform elementor-position-top elementor-widget elementor-widget-image-box\" data-id=\"6272726\" data-element_type=\"widget\" data-e-type=\"widget\" data-settings=\"{&quot;_transform_scale_effect_hover&quot;:{&quot;unit&quot;:&quot;px&quot;,&quot;size&quot;:&quot;1.1&quot;,&quot;sizes&quot;:[]},&quot;_transform_scale_effect_hover_tablet&quot;:{&quot;unit&quot;:&quot;px&quot;,&quot;size&quot;:&quot;&quot;,&quot;sizes&quot;:[]},&quot;_transform_scale_effect_hover_mobile&quot;:{&quot;unit&quot;:&quot;px&quot;,&quot;size&quot;:&quot;&quot;,&quot;sizes&quot;:[]}}\" data-widget_type=\"image-box.default\">\n\t\t\t\t<div class=\"elementor-widget-container\">\n\t\t\t\t\t<div class=\"elementor-image-box-wrapper\"><figure class=\"elementor-image-box-img\"><a href=\"https:\/\/mbc-marine.com\/de\/wasserpumpen\/\" tabindex=\"-1\"><!--trp-no-translate--><!--trp-no-translate--><img fetchpriority=\"high\" decoding=\"async\" width=\"400\" height=\"400\" src=\"https:\/\/mbc-marine.com\/wp-content\/uploads\/2025\/10\/water-circulation.jpg?wsr\" class=\"attachment-full size-full wp-image-7292\" alt=\"\" srcset=\"https:\/\/mbc-marine.com\/wp-content\/uploads\/2025\/10\/water-circulation.jpg 400w, https:\/\/mbc-marine.com\/wp-content\/uploads\/2025\/10\/water-circulation-300x300.jpg 300w, https:\/\/mbc-marine.com\/wp-content\/uploads\/2025\/10\/water-circulation-150x150.jpg 150w, https:\/\/mbc-marine.com\/wp-content\/uploads\/2025\/10\/water-circulation-100x100.jpg 100w, https:\/\/mbc-marine.com\/wp-content\/uploads\/2025\/10\/water-circulation-90x90.jpg 90w\" sizes=\"(max-width: 400px) 100vw, 400px\" data-no-translation=\"\" \/><!--/trp-no-translate--><!--\/trp-no-translate--><\/a><\/figure><div class=\"elementor-image-box-content\"><h3 class=\"elementor-image-box-title\"><a href=\"https:\/\/mbc-marine.com\/de\/wasserpumpen\/\">Umw\u00e4lzpumpen <\/a><\/h3><\/div><\/div>\t\t\t\t<\/div>\n\t\t\t\t<\/div>\n\t\t\t\t<div class=\"elementor-element elementor-element-cde4381 elementor-widget elementor-widget-text-editor\" data-id=\"cde4381\" data-element_type=\"widget\" data-e-type=\"widget\" data-widget_type=\"text-editor.default\">\n\t\t\t\t<div class=\"elementor-widget-container\">\n\t\t\t\t\t\t\t\t\t<p class=\"\" data-start=\"167\" data-end=\"389\">Bei MBC Marine bieten wir ein sorgf\u00e4ltig ausgew\u00e4hltes Sortiment an Pumpen an, die speziell f\u00fcr Schiffsklimaanlagen entwickelt wurden.<\/p><p class=\"\" data-start=\"167\" data-end=\"389\">\u00a0<\/p>\t\t\t\t\t\t\t\t<\/div>\n\t\t\t\t<\/div>\n\t\t\t\t\t<\/div>\n\t\t<\/div>\n\t\t\t\t<div class=\"elementor-column elementor-col-33 elementor-top-column elementor-element elementor-element-6d63ffe\" data-id=\"6d63ffe\" data-element_type=\"column\" data-e-type=\"column\">\n\t\t\t<div class=\"elementor-widget-wrap elementor-element-populated\">\n\t\t\t\t\t\t<div class=\"elementor-element elementor-element-7af57ce e-transform elementor-position-top elementor-widget elementor-widget-image-box\" data-id=\"7af57ce\" data-element_type=\"widget\" data-e-type=\"widget\" data-settings=\"{&quot;_transform_scale_effect_hover&quot;:{&quot;unit&quot;:&quot;px&quot;,&quot;size&quot;:&quot;1.1&quot;,&quot;sizes&quot;:[]},&quot;_transform_scale_effect_hover_tablet&quot;:{&quot;unit&quot;:&quot;px&quot;,&quot;size&quot;:&quot;&quot;,&quot;sizes&quot;:[]},&quot;_transform_scale_effect_hover_mobile&quot;:{&quot;unit&quot;:&quot;px&quot;,&quot;size&quot;:&quot;&quot;,&quot;sizes&quot;:[]}}\" data-widget_type=\"image-box.default\">\n\t\t\t\t<div class=\"elementor-widget-container\">\n\t\t\t\t\t<div class=\"elementor-image-box-wrapper\"><figure class=\"elementor-image-box-img\"><a href=\"https:\/\/mbc-marine.com\/de\/produktkategorie\/zubehor\/meerwasser-kreislauf\/\" tabindex=\"-1\"><!--trp-no-translate--><!--trp-no-translate--><img decoding=\"async\" width=\"400\" height=\"400\" src=\"https:\/\/mbc-marine.com\/wp-content\/uploads\/2025\/10\/acces22.jpg?wsr\" class=\"attachment-full size-full wp-image-7293\" alt=\"\" srcset=\"https:\/\/mbc-marine.com\/wp-content\/uploads\/2025\/10\/acces22.jpg 400w, https:\/\/mbc-marine.com\/wp-content\/uploads\/2025\/10\/acces22-300x300.jpg 300w, https:\/\/mbc-marine.com\/wp-content\/uploads\/2025\/10\/acces22-150x150.jpg 150w, https:\/\/mbc-marine.com\/wp-content\/uploads\/2025\/10\/acces22-100x100.jpg 100w, https:\/\/mbc-marine.com\/wp-content\/uploads\/2025\/10\/acces22-90x90.jpg 90w\" sizes=\"(max-width: 400px) 100vw, 400px\" data-no-translation=\"\" \/><!--/trp-no-translate--><!--\/trp-no-translate--><\/a><\/figure><div class=\"elementor-image-box-content\"><h3 class=\"elementor-image-box-title\"><a href=\"https:\/\/mbc-marine.com\/de\/produktkategorie\/zubehor\/meerwasser-kreislauf\/\">Wasserkreislaufzubeh\u00f6r<\/a><\/h3><\/div><\/div>\t\t\t\t<\/div>\n\t\t\t\t<\/div>\n\t\t\t\t<div class=\"elementor-element elementor-element-5c49de4 elementor-widget elementor-widget-text-editor\" data-id=\"5c49de4\" data-element_type=\"widget\" data-e-type=\"widget\" data-widget_type=\"text-editor.default\">\n\t\t\t\t<div class=\"elementor-widget-container\">\n\t\t\t\t\t\t\t\t\t<p>Langlebige und korrosionsbest\u00e4ndige Armaturen, die f\u00fcr eine zuverl\u00e4ssige Meerwasser- und S\u00fc\u00dfwasserzirkulation in maritimen Klimaanlagen entwickelt wurden.<\/p>\t\t\t\t\t\t\t\t<\/div>\n\t\t\t\t<\/div>\n\t\t\t\t\t<\/div>\n\t\t<\/div>\n\t\t\t\t<div class=\"elementor-column elementor-col-33 elementor-top-column elementor-element elementor-element-4da372b\" data-id=\"4da372b\" data-element_type=\"column\" data-e-type=\"column\">\n\t\t\t<div class=\"elementor-widget-wrap elementor-element-populated\">\n\t\t\t\t\t\t<div class=\"elementor-element elementor-element-58620ed e-transform elementor-position-top elementor-widget elementor-widget-image-box\" data-id=\"58620ed\" data-element_type=\"widget\" data-e-type=\"widget\" data-settings=\"{&quot;_transform_scale_effect_hover&quot;:{&quot;unit&quot;:&quot;px&quot;,&quot;size&quot;:&quot;1.1&quot;,&quot;sizes&quot;:[]},&quot;_transform_scale_effect_hover_tablet&quot;:{&quot;unit&quot;:&quot;px&quot;,&quot;size&quot;:&quot;&quot;,&quot;sizes&quot;:[]},&quot;_transform_scale_effect_hover_mobile&quot;:{&quot;unit&quot;:&quot;px&quot;,&quot;size&quot;:&quot;&quot;,&quot;sizes&quot;:[]}}\" data-widget_type=\"image-box.default\">\n\t\t\t\t<div class=\"elementor-widget-container\">\n\t\t\t\t\t<div class=\"elementor-image-box-wrapper\"><figure class=\"elementor-image-box-img\"><a href=\"https:\/\/mbc-marine.com\/de\/produktkategorie\/zubehor\/elektrisches-zubehor\/\" tabindex=\"-1\"><!--trp-no-translate--><!--trp-no-translate--><img decoding=\"async\" width=\"400\" height=\"400\" src=\"https:\/\/mbc-marine.com\/wp-content\/uploads\/2025\/10\/dc-prb-4-pump-relay-box.png?wsr\" class=\"attachment-full size-full wp-image-7294\" alt=\"\" srcset=\"https:\/\/mbc-marine.com\/wp-content\/uploads\/2025\/10\/dc-prb-4-pump-relay-box.png 400w, https:\/\/mbc-marine.com\/wp-content\/uploads\/2025\/10\/dc-prb-4-pump-relay-box-300x300.png 300w, https:\/\/mbc-marine.com\/wp-content\/uploads\/2025\/10\/dc-prb-4-pump-relay-box-150x150.png 150w, https:\/\/mbc-marine.com\/wp-content\/uploads\/2025\/10\/dc-prb-4-pump-relay-box-100x100.png 100w, https:\/\/mbc-marine.com\/wp-content\/uploads\/2025\/10\/dc-prb-4-pump-relay-box-90x90.png 90w\" sizes=\"(max-width: 400px) 100vw, 400px\" data-no-translation=\"\" \/><!--/trp-no-translate--><!--\/trp-no-translate--><\/a><\/figure><div class=\"elementor-image-box-content\"><h3 class=\"elementor-image-box-title\"><a href=\"https:\/\/mbc-marine.com\/de\/produktkategorie\/zubehor\/elektrisches-zubehor\/\">Elektrisches Zubeh\u00f6r<\/a><\/h3><\/div><\/div>\t\t\t\t<\/div>\n\t\t\t\t<\/div>\n\t\t\t\t<div class=\"elementor-element elementor-element-9e9c561 elementor-widget elementor-widget-text-editor\" data-id=\"9e9c561\" data-element_type=\"widget\" data-e-type=\"widget\" data-widget_type=\"text-editor.default\">\n\t\t\t\t<div class=\"elementor-widget-container\">\n\t\t\t\t\t\t\t\t\t<p>Die Pumpenrelaisbox wurde entwickelt, um eine gemeinsame Seewasserpumpe f\u00fcr zwei oder mehr Klimaanlagen m\u00fchelos zu verwalten.\u00a0<\/p>\t\t\t\t\t\t\t\t<\/div>\n\t\t\t\t<\/div>\n\t\t\t\t\t<\/div>\n\t\t<\/div>\n\t\t\t\t\t<\/div>\n\t\t<\/section>\n\t\t\t\t<\/div>","protected":false},"excerpt":{"rendered":"<p>Circulation &amp; Sea water Pumps Circulation Pumps At MBC Marine, we provide a carefully selected range of pumps tailored for marine air conditioning systems. \u00a0 Water Circuit Accessories Durable and corrosion-resistant fittings designed for reliable seawater and freshwater circulation in marine air conditioning systems. Electrical Accessories The Pump Relay Box is designed to manage a [&hellip;]<\/p>\n","protected":false},"author":1,"featured_media":0,"parent":0,"menu_order":0,"comment_status":"closed","ping_status":"closed","template":"","meta":{"_acf_changed":false,"footnotes":""},"class_list":["post-4884","page","type-page","status-publish","hentry"],"acf":[],"yoast_head":"<!-- This site is optimized with the Yoast SEO Premium plugin v27.3 (Yoast SEO v27.4) - https:\/\/yoast.com\/product\/yoast-seo-premium-wordpress\/ -->\n<title>Water Circulation - MBC Marine<\/title>\n<meta name=\"robots\" content=\"index, follow, max-snippet:-1, max-image-preview:large, max-video-preview:-1\" \/>\n<link rel=\"canonical\" href=\"https:\/\/mbc-marine.com\/de\/umwalzpumpen-fur-meerwasser\/\" \/>\n<meta property=\"og:locale\" content=\"de_DE\" \/>\n<meta property=\"og:type\" content=\"article\" \/>\n<meta property=\"og:title\" content=\"Water Circulation\" \/>\n<meta property=\"og:description\" content=\"Circulation &amp; Sea water Pumps Circulation Pumps At MBC Marine, we provide a carefully selected range of pumps tailored for marine air conditioning systems. \u00a0 Water Circuit Accessories Durable and corrosion-resistant fittings designed for reliable seawater and freshwater circulation in marine air conditioning systems. Electrical Accessories The Pump Relay Box is designed to manage a [&hellip;]\" \/>\n<meta property=\"og:url\" content=\"https:\/\/mbc-marine.com\/de\/umwalzpumpen-fur-meerwasser\/\" \/>\n<meta property=\"og:site_name\" content=\"MBC Marine\" \/>\n<meta property=\"article:modified_time\" content=\"2025-10-15T07:33:42+00:00\" \/>\n<meta property=\"og:image\" content=\"https:\/\/mbc-marine.com\/wp-content\/uploads\/2025\/10\/water-circulation.jpg?wsr\" \/>\n\t<meta property=\"og:image:width\" content=\"400\" \/>\n\t<meta property=\"og:image:height\" content=\"400\" \/>\n\t<meta property=\"og:image:type\" content=\"image\/jpeg\" \/>\n<meta name=\"twitter:card\" content=\"summary_large_image\" \/>\n<meta name=\"twitter:label1\" content=\"Gesch\u00e4tzte Lesezeit\" \/>\n\t<meta name=\"twitter:data1\" content=\"1\u00a0Minute\" \/>\n<script type=\"application\/ld+json\" class=\"yoast-schema-graph\">{\"@context\":\"https:\\\/\\\/schema.org\",\"@graph\":[{\"@type\":\"WebPage\",\"@id\":\"https:\\\/\\\/mbc-marine.com\\\/circulation-seawater-pumps\\\/\",\"url\":\"https:\\\/\\\/mbc-marine.com\\\/circulation-seawater-pumps\\\/\",\"name\":\"Water Circulation - MBC Marine\",\"isPartOf\":{\"@id\":\"https:\\\/\\\/mbc-marine.com\\\/#website\"},\"primaryImageOfPage\":{\"@id\":\"https:\\\/\\\/mbc-marine.com\\\/circulation-seawater-pumps\\\/#primaryimage\"},\"image\":{\"@id\":\"https:\\\/\\\/mbc-marine.com\\\/circulation-seawater-pumps\\\/#primaryimage\"},\"thumbnailUrl\":\"https:\\\/\\\/mbc-marine.com\\\/wp-content\\\/uploads\\\/2025\\\/10\\\/water-circulation.jpg?wsr\",\"datePublished\":\"2025-07-02T08:34:00+00:00\",\"dateModified\":\"2025-10-15T07:33:42+00:00\",\"breadcrumb\":{\"@id\":\"https:\\\/\\\/mbc-marine.com\\\/circulation-seawater-pumps\\\/#breadcrumb\"},\"inLanguage\":\"de\",\"potentialAction\":[{\"@type\":\"ReadAction\",\"target\":[\"https:\\\/\\\/mbc-marine.com\\\/circulation-seawater-pumps\\\/\"]}]},{\"@type\":\"ImageObject\",\"inLanguage\":\"de\",\"@id\":\"https:\\\/\\\/mbc-marine.com\\\/circulation-seawater-pumps\\\/#primaryimage\",\"url\":\"https:\\\/\\\/mbc-marine.com\\\/wp-content\\\/uploads\\\/2025\\\/10\\\/water-circulation.jpg?wsr\",\"contentUrl\":\"https:\\\/\\\/mbc-marine.com\\\/wp-content\\\/uploads\\\/2025\\\/10\\\/water-circulation.jpg?wsr\"},{\"@type\":\"BreadcrumbList\",\"@id\":\"https:\\\/\\\/mbc-marine.com\\\/circulation-seawater-pumps\\\/#breadcrumb\",\"itemListElement\":[{\"@type\":\"ListItem\",\"position\":1,\"name\":\"Home\",\"item\":\"https:\\\/\\\/mbc-marine.com\\\/\"},{\"@type\":\"ListItem\",\"position\":2,\"name\":\"Water Circulation\"}]},{\"@type\":\"WebSite\",\"@id\":\"https:\\\/\\\/mbc-marine.com\\\/#website\",\"url\":\"https:\\\/\\\/mbc-marine.com\\\/\",\"name\":\"MBC Marine\",\"description\":\"\",\"potentialAction\":[{\"@type\":\"SearchAction\",\"target\":{\"@type\":\"EntryPoint\",\"urlTemplate\":\"https:\\\/\\\/mbc-marine.com\\\/?s={search_term_string}\"},\"query-input\":{\"@type\":\"PropertyValueSpecification\",\"valueRequired\":true,\"valueName\":\"search_term_string\"}}],\"inLanguage\":\"de\"}]}<\/script>\n<!-- \/ Yoast SEO Premium plugin. -->","yoast_head_json":{"title":"Wasserzirkulation \u2013 MBC Marine","robots":{"index":"index","follow":"follow","max-snippet":"max-snippet:-1","max-image-preview":"max-image-preview:large","max-video-preview":"max-video-preview:-1"},"canonical":"https:\/\/mbc-marine.com\/de\/umwalzpumpen-fur-meerwasser\/","og_locale":"de_DE","og_type":"article","og_title":"Water Circulation","og_description":"Circulation &amp; Sea water Pumps Circulation Pumps At MBC Marine, we provide a carefully selected range of pumps tailored for marine air conditioning systems. \u00a0 Water Circuit Accessories Durable and corrosion-resistant fittings designed for reliable seawater and freshwater circulation in marine air conditioning systems. Electrical Accessories The Pump Relay Box is designed to manage a [&hellip;]","og_url":"https:\/\/mbc-marine.com\/de\/umwalzpumpen-fur-meerwasser\/","og_site_name":"MBC Marine","article_modified_time":"2025-10-15T07:33:42+00:00","og_image":[{"width":400,"height":400,"url":"https:\/\/mbc-marine.com\/wp-content\/uploads\/2025\/10\/water-circulation.jpg?wsr","type":"image\/jpeg"}],"twitter_card":"summary_large_image","twitter_misc":{"Gesch\u00e4tzte Lesezeit":"1\u00a0Minute"},"schema":{"@context":"https:\/\/schema.org","@graph":[{"@type":"WebPage","@id":"https:\/\/mbc-marine.com\/circulation-seawater-pumps\/","url":"https:\/\/mbc-marine.com\/circulation-seawater-pumps\/","name":"Wasserzirkulation \u2013 MBC Marine","isPartOf":{"@id":"https:\/\/mbc-marine.com\/#website"},"primaryImageOfPage":{"@id":"https:\/\/mbc-marine.com\/circulation-seawater-pumps\/#primaryimage"},"image":{"@id":"https:\/\/mbc-marine.com\/circulation-seawater-pumps\/#primaryimage"},"thumbnailUrl":"https:\/\/mbc-marine.com\/wp-content\/uploads\/2025\/10\/water-circulation.jpg?wsr","datePublished":"2025-07-02T08:34:00+00:00","dateModified":"2025-10-15T07:33:42+00:00","breadcrumb":{"@id":"https:\/\/mbc-marine.com\/circulation-seawater-pumps\/#breadcrumb"},"inLanguage":"de","potentialAction":[{"@type":"ReadAction","target":["https:\/\/mbc-marine.com\/circulation-seawater-pumps\/"]}]},{"@type":"ImageObject","inLanguage":"de","@id":"https:\/\/mbc-marine.com\/circulation-seawater-pumps\/#primaryimage","url":"https:\/\/mbc-marine.com\/wp-content\/uploads\/2025\/10\/water-circulation.jpg?wsr","contentUrl":"https:\/\/mbc-marine.com\/wp-content\/uploads\/2025\/10\/water-circulation.jpg?wsr"},{"@type":"BreadcrumbList","@id":"https:\/\/mbc-marine.com\/circulation-seawater-pumps\/#breadcrumb","itemListElement":[{"@type":"ListItem","position":1,"name":"Home","item":"https:\/\/mbc-marine.com\/"},{"@type":"ListItem","position":2,"name":"Water Circulation"}]},{"@type":"WebSite","@id":"https:\/\/mbc-marine.com\/#website","url":"https:\/\/mbc-marine.com\/","name":"MBC Marine","description":"","potentialAction":[{"@type":"SearchAction","target":{"@type":"EntryPoint","urlTemplate":"https:\/\/mbc-marine.com\/?s={search_term_string}"},"query-input":{"@type":"PropertyValueSpecification","valueRequired":true,"valueName":"search_term_string"}}],"inLanguage":"de"}]}},"_links":{"self":[{"href":"https:\/\/mbc-marine.com\/de\/wp-json\/wp\/v2\/pages\/4884","targetHints":{"allow":["GET"]}}],"collection":[{"href":"https:\/\/mbc-marine.com\/de\/wp-json\/wp\/v2\/pages"}],"about":[{"href":"https:\/\/mbc-marine.com\/de\/wp-json\/wp\/v2\/types\/page"}],"author":[{"embeddable":true,"href":"https:\/\/mbc-marine.com\/de\/wp-json\/wp\/v2\/users\/1"}],"replies":[{"embeddable":true,"href":"https:\/\/mbc-marine.com\/de\/wp-json\/wp\/v2\/comments?post=4884"}],"version-history":[{"count":30,"href":"https:\/\/mbc-marine.com\/de\/wp-json\/wp\/v2\/pages\/4884\/revisions"}],"predecessor-version":[{"id":7297,"href":"https:\/\/mbc-marine.com\/de\/wp-json\/wp\/v2\/pages\/4884\/revisions\/7297"}],"wp:attachment":[{"href":"https:\/\/mbc-marine.com\/de\/wp-json\/wp\/v2\/media?parent=4884"}],"curies":[{"name":"wp","href":"https:\/\/api.w.org\/{rel}","templated":true}]}}