{"id":4934,"date":"2025-07-07T23:12:29","date_gmt":"2025-07-07T21:12:29","guid":{"rendered":"https:\/\/mbc-marine.com\/?page_id=4934"},"modified":"2025-09-16T14:22:06","modified_gmt":"2025-09-16T12:22:06","slug":"mbc-marine-luftgitter","status":"publish","type":"page","link":"https:\/\/mbc-marine.com\/de\/mbc-marine-air-grills\/","title":{"rendered":"MBC Marine-Luftgrills"},"content":{"rendered":"<div data-elementor-type=\"wp-page\" data-elementor-id=\"4934\" class=\"elementor elementor-4934\" data-elementor-post-type=\"page\">\n\t\t\t\t<div class=\"elementor-element elementor-element-95a040c e-con-full e-flex e-con e-parent\" data-id=\"95a040c\" data-element_type=\"container\" data-e-type=\"container\" data-settings=\"{&quot;jet_parallax_layout_list&quot;:[]}\">\n\t\t\t\t<div class=\"elementor-element elementor-element-0734e4b elementor-widget elementor-widget-heading\" data-id=\"0734e4b\" data-element_type=\"widget\" data-e-type=\"widget\" data-widget_type=\"heading.default\">\n\t\t\t\t<div class=\"elementor-widget-container\">\n\t\t\t\t\t<h1 class=\"elementor-heading-title elementor-size-default\">MBC Marine-Luftgrills<\/h1>\t\t\t\t<\/div>\n\t\t\t\t<\/div>\n\t\t\t\t<div class=\"elementor-element elementor-element-527f051 elementor-widget elementor-widget-text-editor\" data-id=\"527f051\" data-element_type=\"widget\" data-e-type=\"widget\" data-widget_type=\"text-editor.default\">\n\t\t\t\t<div class=\"elementor-widget-container\">\n\t\t\t\t\t\t\t\t\t<p>Elegantes Design und effizienter Luftstrom<\/p><p>MBC Marine-L\u00fcftungsgitter sind so konzipiert, dass sie einen leisen und effizienten Luftstrom f\u00fcr Marine-Klimaanlagen gew\u00e4hrleisten und gleichzeitig die \u00c4sthetik jedes Yachtinnenraums erg\u00e4nzen. Unser Sortiment umfasst sowohl\u00a0<strong>Lieferung<\/strong>\u00a0und\u00a0<strong>R\u00fcckkehr<\/strong>\u00a0L\u00fcftungsgitter, erh\u00e4ltlich in\u00a0<strong>robuster Kunststoff<\/strong>\u00a0oder\u00a0<strong>Hochwertiges Echtholz (Rahmen aus TEAK oder EICHE)<\/strong>\u00a0Optionen f\u00fcr eine Vielzahl von Installationen.<\/p>\t\t\t\t\t\t\t\t<\/div>\n\t\t\t\t<\/div>\n\t\t\t\t<\/div>\n\t\t\t\t<section class=\"elementor-section elementor-top-section elementor-element elementor-element-af0d55a elementor-section-boxed elementor-section-height-default elementor-section-height-default\" data-id=\"af0d55a\" data-element_type=\"section\" data-e-type=\"section\" data-settings=\"{&quot;jet_parallax_layout_list&quot;:[]}\">\n\t\t\t\t\t\t<div class=\"elementor-container elementor-column-gap-default\">\n\t\t\t\t\t<div class=\"elementor-column elementor-col-50 elementor-top-column elementor-element elementor-element-fbecd7a\" data-id=\"fbecd7a\" data-element_type=\"column\" data-e-type=\"column\">\n\t\t\t<div class=\"elementor-widget-wrap elementor-element-populated\">\n\t\t\t\t\t\t<div class=\"elementor-element elementor-element-6272726 e-transform elementor-position-top elementor-widget elementor-widget-image-box\" data-id=\"6272726\" data-element_type=\"widget\" data-e-type=\"widget\" data-settings=\"{&quot;_transform_scale_effect_hover&quot;:{&quot;unit&quot;:&quot;px&quot;,&quot;size&quot;:&quot;1.1&quot;,&quot;sizes&quot;:[]},&quot;_transform_scale_effect_hover_tablet&quot;:{&quot;unit&quot;:&quot;px&quot;,&quot;size&quot;:&quot;&quot;,&quot;sizes&quot;:[]},&quot;_transform_scale_effect_hover_mobile&quot;:{&quot;unit&quot;:&quot;px&quot;,&quot;size&quot;:&quot;&quot;,&quot;sizes&quot;:[]}}\" data-widget_type=\"image-box.default\">\n\t\t\t\t<div class=\"elementor-widget-container\">\n\t\t\t\t\t<div class=\"elementor-image-box-wrapper\"><figure class=\"elementor-image-box-img\"><a href=\"https:\/\/mbc-marine.com\/de\/produktkategorie\/ruckluftgitter\/\" tabindex=\"-1\"><!--trp-no-translate--><!--trp-no-translate--><img fetchpriority=\"high\" decoding=\"async\" width=\"1920\" height=\"1280\" src=\"https:\/\/mbc-marine.com\/wp-content\/uploads\/2025\/08\/mbc-marine-air-grills.png?wsr\" class=\"attachment-full size-full wp-image-6194\" alt=\"MBC Marine Air Grills\" srcset=\"https:\/\/mbc-marine.com\/wp-content\/uploads\/2025\/08\/mbc-marine-air-grills.png 1920w, https:\/\/mbc-marine.com\/wp-content\/uploads\/2025\/08\/mbc-marine-air-grills-300x200.png 300w, https:\/\/mbc-marine.com\/wp-content\/uploads\/2025\/08\/mbc-marine-air-grills-1024x683.png 1024w, https:\/\/mbc-marine.com\/wp-content\/uploads\/2025\/08\/mbc-marine-air-grills-768x512.png 768w, https:\/\/mbc-marine.com\/wp-content\/uploads\/2025\/08\/mbc-marine-air-grills-1536x1024.png 1536w, https:\/\/mbc-marine.com\/wp-content\/uploads\/2025\/08\/mbc-marine-air-grills-600x400.png 600w\" sizes=\"(max-width: 1920px) 100vw, 1920px\" data-no-translation=\"\" \/><!--/trp-no-translate--><!--\/trp-no-translate--><\/a><\/figure><div class=\"elementor-image-box-content\"><h3 class=\"elementor-image-box-title\"><a href=\"https:\/\/mbc-marine.com\/de\/produktkategorie\/ruckluftgitter\/\">R\u00fcckluftgitter<\/a><\/h3><\/div><\/div>\t\t\t\t<\/div>\n\t\t\t\t<\/div>\n\t\t\t\t<div class=\"elementor-element elementor-element-cde4381 elementor-widget elementor-widget-text-editor\" data-id=\"cde4381\" data-element_type=\"widget\" data-e-type=\"widget\" data-widget_type=\"text-editor.default\">\n\t\t\t\t<div class=\"elementor-widget-container\">\n\t\t\t\t\t\t\t\t\t<p class=\"\" data-start=\"167\" data-end=\"389\">Entwickelt f\u00fcr einen reibungslosen und unauff\u00e4lligen R\u00fcckluftstrom, der eine gleichm\u00e4\u00dfige Zirkulation im System gew\u00e4hrleistet.<\/p>\t\t\t\t\t\t\t\t<\/div>\n\t\t\t\t<\/div>\n\t\t\t\t\t<\/div>\n\t\t<\/div>\n\t\t\t\t<div class=\"elementor-column elementor-col-50 elementor-top-column elementor-element elementor-element-6d63ffe\" data-id=\"6d63ffe\" data-element_type=\"column\" data-e-type=\"column\">\n\t\t\t<div class=\"elementor-widget-wrap elementor-element-populated\">\n\t\t\t\t\t\t<div class=\"elementor-element elementor-element-7af57ce e-transform elementor-position-top elementor-widget elementor-widget-image-box\" data-id=\"7af57ce\" data-element_type=\"widget\" data-e-type=\"widget\" data-settings=\"{&quot;_transform_scale_effect_hover&quot;:{&quot;unit&quot;:&quot;px&quot;,&quot;size&quot;:&quot;1.1&quot;,&quot;sizes&quot;:[]},&quot;_transform_scale_effect_hover_tablet&quot;:{&quot;unit&quot;:&quot;px&quot;,&quot;size&quot;:&quot;&quot;,&quot;sizes&quot;:[]},&quot;_transform_scale_effect_hover_mobile&quot;:{&quot;unit&quot;:&quot;px&quot;,&quot;size&quot;:&quot;&quot;,&quot;sizes&quot;:[]}}\" data-widget_type=\"image-box.default\">\n\t\t\t\t<div class=\"elementor-widget-container\">\n\t\t\t\t\t<div class=\"elementor-image-box-wrapper\"><figure class=\"elementor-image-box-img\"><a href=\"https:\/\/mbc-marine.com\/de\/produktkategorie\/zuluftgitter\/\" tabindex=\"-1\"><!--trp-no-translate--><!--trp-no-translate--><img decoding=\"async\" width=\"1920\" height=\"1280\" src=\"https:\/\/mbc-marine.com\/wp-content\/uploads\/2025\/08\/mbc-marine-air-grills2.png?wsr\" class=\"attachment-full size-full wp-image-6195\" alt=\"MBC Marine Air Grills\" srcset=\"https:\/\/mbc-marine.com\/wp-content\/uploads\/2025\/08\/mbc-marine-air-grills2.png 1920w, https:\/\/mbc-marine.com\/wp-content\/uploads\/2025\/08\/mbc-marine-air-grills2-300x200.png 300w, https:\/\/mbc-marine.com\/wp-content\/uploads\/2025\/08\/mbc-marine-air-grills2-1024x683.png 1024w, https:\/\/mbc-marine.com\/wp-content\/uploads\/2025\/08\/mbc-marine-air-grills2-768x512.png 768w, https:\/\/mbc-marine.com\/wp-content\/uploads\/2025\/08\/mbc-marine-air-grills2-1536x1024.png 1536w, https:\/\/mbc-marine.com\/wp-content\/uploads\/2025\/08\/mbc-marine-air-grills2-600x400.png 600w\" sizes=\"(max-width: 1920px) 100vw, 1920px\" data-no-translation=\"\" \/><!--/trp-no-translate--><!--\/trp-no-translate--><\/a><\/figure><div class=\"elementor-image-box-content\"><h3 class=\"elementor-image-box-title\"><a href=\"https:\/\/mbc-marine.com\/de\/produktkategorie\/zuluftgitter\/\">Zuluftgitter<\/a><\/h3><\/div><\/div>\t\t\t\t<\/div>\n\t\t\t\t<\/div>\n\t\t\t\t<div class=\"elementor-element elementor-element-5c49de4 elementor-widget elementor-widget-text-editor\" data-id=\"5c49de4\" data-element_type=\"widget\" data-e-type=\"widget\" data-widget_type=\"text-editor.default\">\n\t\t\t\t<div class=\"elementor-widget-container\">\n\t\t\t\t\t\t\t\t\t<p>Entwickelt f\u00fcr eine optimale Verteilung der gek\u00fchlten oder erw\u00e4rmten Luft im Innenraum.<\/p>\t\t\t\t\t\t\t\t<\/div>\n\t\t\t\t<\/div>\n\t\t\t\t\t<\/div>\n\t\t<\/div>\n\t\t\t\t\t<\/div>\n\t\t<\/section>\n\t\t\t\t<\/div>","protected":false},"excerpt":{"rendered":"<p>MBC Marine Air Grills ELEGANT DESIGN AND EFFICIENT AIRFLOW MBC Marine air grills are designed to ensure quiet and efficient airflow for marine air conditioning systems, while complementing the aesthetic of any yacht interior. Our selection includes both\u00a0supply\u00a0and\u00a0return\u00a0air grills, available in\u00a0durable plastic\u00a0or\u00a0premium real wood (TEAK or OAK frame)\u00a0options to suit a wide range of installations. [&hellip;]<\/p>\n","protected":false},"author":1,"featured_media":0,"parent":0,"menu_order":0,"comment_status":"closed","ping_status":"closed","template":"","meta":{"_acf_changed":false,"footnotes":""},"class_list":["post-4934","page","type-page","status-publish","hentry"],"acf":[],"yoast_head":"<!-- This site is optimized with the Yoast SEO Premium plugin v27.3 (Yoast SEO v27.4) - https:\/\/yoast.com\/product\/yoast-seo-premium-wordpress\/ -->\n<title>MBC Marine Air Grills - MBC Marine<\/title>\n<meta name=\"description\" content=\"MBC Marine Air Grills ELEGANT DESIGN AND EFFICIENT AIRFLOWMBC Marine air grills are designed to ensure quiet and efficient airflow for marine air conditioning systems, while complementing the aesthetic of any yacht interior. Our selection includes both supply and return air grills, available in durable plastic or premium real wood (TEAK or OAK frame) options to suit a wide range of installations.\" \/>\n<meta name=\"robots\" content=\"index, follow, max-snippet:-1, max-image-preview:large, max-video-preview:-1\" \/>\n<link rel=\"canonical\" href=\"https:\/\/mbc-marine.com\/de\/mbc-marine-luftgitter\/\" \/>\n<meta property=\"og:locale\" content=\"de_DE\" \/>\n<meta property=\"og:type\" content=\"article\" \/>\n<meta property=\"og:title\" content=\"MBC Marine Air Grills\" \/>\n<meta property=\"og:description\" content=\"MBC Marine Air Grills ELEGANT DESIGN AND EFFICIENT AIRFLOWMBC Marine air grills are designed to ensure quiet and efficient airflow for marine air conditioning systems, while complementing the aesthetic of any yacht interior. Our selection includes both supply and return air grills, available in durable plastic or premium real wood (TEAK or OAK frame) options to suit a wide range of installations.\" \/>\n<meta property=\"og:url\" content=\"https:\/\/mbc-marine.com\/de\/mbc-marine-luftgitter\/\" \/>\n<meta property=\"og:site_name\" content=\"MBC Marine\" \/>\n<meta property=\"article:modified_time\" content=\"2025-09-16T12:22:06+00:00\" \/>\n<meta property=\"og:image\" content=\"https:\/\/mbc-marine.com\/wp-content\/uploads\/2025\/08\/mbc-marine-air-grills.png?wsr\" \/>\n\t<meta property=\"og:image:width\" content=\"1920\" \/>\n\t<meta property=\"og:image:height\" content=\"1280\" \/>\n\t<meta property=\"og:image:type\" content=\"image\/png\" \/>\n<meta name=\"twitter:card\" content=\"summary_large_image\" \/>\n<meta name=\"twitter:label1\" content=\"Gesch\u00e4tzte Lesezeit\" \/>\n\t<meta name=\"twitter:data1\" content=\"1\u00a0Minute\" \/>\n<script type=\"application\/ld+json\" class=\"yoast-schema-graph\">{\"@context\":\"https:\\\/\\\/schema.org\",\"@graph\":[{\"@type\":\"WebPage\",\"@id\":\"https:\\\/\\\/mbc-marine.com\\\/mbc-marine-air-grills\\\/\",\"url\":\"https:\\\/\\\/mbc-marine.com\\\/mbc-marine-air-grills\\\/\",\"name\":\"MBC Marine Air Grills - MBC Marine\",\"isPartOf\":{\"@id\":\"https:\\\/\\\/mbc-marine.com\\\/#website\"},\"primaryImageOfPage\":{\"@id\":\"https:\\\/\\\/mbc-marine.com\\\/mbc-marine-air-grills\\\/#primaryimage\"},\"image\":{\"@id\":\"https:\\\/\\\/mbc-marine.com\\\/mbc-marine-air-grills\\\/#primaryimage\"},\"thumbnailUrl\":\"https:\\\/\\\/mbc-marine.com\\\/wp-content\\\/uploads\\\/2025\\\/08\\\/mbc-marine-air-grills.png\",\"datePublished\":\"2025-07-07T21:12:29+00:00\",\"dateModified\":\"2025-09-16T12:22:06+00:00\",\"description\":\"MBC Marine Air Grills ELEGANT DESIGN AND EFFICIENT AIRFLOWMBC Marine air grills are designed to ensure quiet and efficient airflow for marine air conditioning systems, while complementing the aesthetic of any yacht interior. Our selection includes both supply and return air grills, available in durable plastic or premium real wood (TEAK or OAK frame) options to suit a wide range of installations.\",\"breadcrumb\":{\"@id\":\"https:\\\/\\\/mbc-marine.com\\\/mbc-marine-air-grills\\\/#breadcrumb\"},\"inLanguage\":\"de\",\"potentialAction\":[{\"@type\":\"ReadAction\",\"target\":[\"https:\\\/\\\/mbc-marine.com\\\/mbc-marine-air-grills\\\/\"]}]},{\"@type\":\"ImageObject\",\"inLanguage\":\"de\",\"@id\":\"https:\\\/\\\/mbc-marine.com\\\/mbc-marine-air-grills\\\/#primaryimage\",\"url\":\"https:\\\/\\\/mbc-marine.com\\\/wp-content\\\/uploads\\\/2025\\\/08\\\/mbc-marine-air-grills.png\",\"contentUrl\":\"https:\\\/\\\/mbc-marine.com\\\/wp-content\\\/uploads\\\/2025\\\/08\\\/mbc-marine-air-grills.png\"},{\"@type\":\"BreadcrumbList\",\"@id\":\"https:\\\/\\\/mbc-marine.com\\\/mbc-marine-air-grills\\\/#breadcrumb\",\"itemListElement\":[{\"@type\":\"ListItem\",\"position\":1,\"name\":\"Home\",\"item\":\"https:\\\/\\\/mbc-marine.com\\\/\"},{\"@type\":\"ListItem\",\"position\":2,\"name\":\"MBC Marine Air Grills\"}]},{\"@type\":\"WebSite\",\"@id\":\"https:\\\/\\\/mbc-marine.com\\\/#website\",\"url\":\"https:\\\/\\\/mbc-marine.com\\\/\",\"name\":\"MBC Marine\",\"description\":\"\",\"potentialAction\":[{\"@type\":\"SearchAction\",\"target\":{\"@type\":\"EntryPoint\",\"urlTemplate\":\"https:\\\/\\\/mbc-marine.com\\\/?s={search_term_string}\"},\"query-input\":{\"@type\":\"PropertyValueSpecification\",\"valueRequired\":true,\"valueName\":\"search_term_string\"}}],\"inLanguage\":\"de\"}]}<\/script>\n<!-- \/ Yoast SEO Premium plugin. -->","yoast_head_json":{"title":"MBC Marine-Luftgrills \u2013 MBC Marine","description":"MBC Marine-L\u00fcftungsgitter ELEGANTES DESIGN UND EFFIZIENTER LUFTSTROM MBC Marine-L\u00fcftungsgitter sind so konzipiert, dass sie einen leisen und effizienten Luftstrom f\u00fcr Marineklimaanlagen gew\u00e4hrleisten und gleichzeitig die \u00c4sthetik jedes Yachtinnenraums erg\u00e4nzen. Unser Sortiment umfasst sowohl Zu- als auch Abluftgitter, die in langlebiger Kunststoffausf\u00fchrung oder in hochwertiger Echtholzausf\u00fchrung (TEAK- oder EICHENRAHMEN) erh\u00e4ltlich sind und sich f\u00fcr eine Vielzahl von Installationen eignen.","robots":{"index":"index","follow":"follow","max-snippet":"max-snippet:-1","max-image-preview":"max-image-preview:large","max-video-preview":"max-video-preview:-1"},"canonical":"https:\/\/mbc-marine.com\/de\/mbc-marine-luftgitter\/","og_locale":"de_DE","og_type":"article","og_title":"MBC Marine Air Grills","og_description":"MBC Marine Air Grills ELEGANT DESIGN AND EFFICIENT AIRFLOWMBC Marine air grills are designed to ensure quiet and efficient airflow for marine air conditioning systems, while complementing the aesthetic of any yacht interior. Our selection includes both supply and return air grills, available in durable plastic or premium real wood (TEAK or OAK frame) options to suit a wide range of installations.","og_url":"https:\/\/mbc-marine.com\/de\/mbc-marine-luftgitter\/","og_site_name":"MBC Marine","article_modified_time":"2025-09-16T12:22:06+00:00","og_image":[{"width":1920,"height":1280,"url":"https:\/\/mbc-marine.com\/wp-content\/uploads\/2025\/08\/mbc-marine-air-grills.png?wsr","type":"image\/png"}],"twitter_card":"summary_large_image","twitter_misc":{"Gesch\u00e4tzte Lesezeit":"1\u00a0Minute"},"schema":{"@context":"https:\/\/schema.org","@graph":[{"@type":"WebPage","@id":"https:\/\/mbc-marine.com\/mbc-marine-air-grills\/","url":"https:\/\/mbc-marine.com\/mbc-marine-air-grills\/","name":"MBC Marine-Luftgrills \u2013 MBC Marine","isPartOf":{"@id":"https:\/\/mbc-marine.com\/#website"},"primaryImageOfPage":{"@id":"https:\/\/mbc-marine.com\/mbc-marine-air-grills\/#primaryimage"},"image":{"@id":"https:\/\/mbc-marine.com\/mbc-marine-air-grills\/#primaryimage"},"thumbnailUrl":"https:\/\/mbc-marine.com\/wp-content\/uploads\/2025\/08\/mbc-marine-air-grills.png","datePublished":"2025-07-07T21:12:29+00:00","dateModified":"2025-09-16T12:22:06+00:00","description":"MBC Marine-L\u00fcftungsgitter ELEGANTES DESIGN UND EFFIZIENTER LUFTSTROM MBC Marine-L\u00fcftungsgitter sind so konzipiert, dass sie einen leisen und effizienten Luftstrom f\u00fcr Marineklimaanlagen gew\u00e4hrleisten und gleichzeitig die \u00c4sthetik jedes Yachtinnenraums erg\u00e4nzen. Unser Sortiment umfasst sowohl Zu- als auch Abluftgitter, die in langlebiger Kunststoffausf\u00fchrung oder in hochwertiger Echtholzausf\u00fchrung (TEAK- oder EICHENRAHMEN) erh\u00e4ltlich sind und sich f\u00fcr eine Vielzahl von Installationen eignen.","breadcrumb":{"@id":"https:\/\/mbc-marine.com\/mbc-marine-air-grills\/#breadcrumb"},"inLanguage":"de","potentialAction":[{"@type":"ReadAction","target":["https:\/\/mbc-marine.com\/mbc-marine-air-grills\/"]}]},{"@type":"ImageObject","inLanguage":"de","@id":"https:\/\/mbc-marine.com\/mbc-marine-air-grills\/#primaryimage","url":"https:\/\/mbc-marine.com\/wp-content\/uploads\/2025\/08\/mbc-marine-air-grills.png","contentUrl":"https:\/\/mbc-marine.com\/wp-content\/uploads\/2025\/08\/mbc-marine-air-grills.png"},{"@type":"BreadcrumbList","@id":"https:\/\/mbc-marine.com\/mbc-marine-air-grills\/#breadcrumb","itemListElement":[{"@type":"ListItem","position":1,"name":"Home","item":"https:\/\/mbc-marine.com\/"},{"@type":"ListItem","position":2,"name":"MBC Marine Air Grills"}]},{"@type":"WebSite","@id":"https:\/\/mbc-marine.com\/#website","url":"https:\/\/mbc-marine.com\/","name":"MBC Marine","description":"","potentialAction":[{"@type":"SearchAction","target":{"@type":"EntryPoint","urlTemplate":"https:\/\/mbc-marine.com\/?s={search_term_string}"},"query-input":{"@type":"PropertyValueSpecification","valueRequired":true,"valueName":"search_term_string"}}],"inLanguage":"de"}]}},"_links":{"self":[{"href":"https:\/\/mbc-marine.com\/de\/wp-json\/wp\/v2\/pages\/4934","targetHints":{"allow":["GET"]}}],"collection":[{"href":"https:\/\/mbc-marine.com\/de\/wp-json\/wp\/v2\/pages"}],"about":[{"href":"https:\/\/mbc-marine.com\/de\/wp-json\/wp\/v2\/types\/page"}],"author":[{"embeddable":true,"href":"https:\/\/mbc-marine.com\/de\/wp-json\/wp\/v2\/users\/1"}],"replies":[{"embeddable":true,"href":"https:\/\/mbc-marine.com\/de\/wp-json\/wp\/v2\/comments?post=4934"}],"version-history":[{"count":3,"href":"https:\/\/mbc-marine.com\/de\/wp-json\/wp\/v2\/pages\/4934\/revisions"}],"predecessor-version":[{"id":7157,"href":"https:\/\/mbc-marine.com\/de\/wp-json\/wp\/v2\/pages\/4934\/revisions\/7157"}],"wp:attachment":[{"href":"https:\/\/mbc-marine.com\/de\/wp-json\/wp\/v2\/media?parent=4934"}],"curies":[{"name":"wp","href":"https:\/\/api.w.org\/{rel}","templated":true}]}}