{"id":5205,"date":"2025-07-23T14:11:01","date_gmt":"2025-07-23T12:11:01","guid":{"rendered":"https:\/\/mbc-marine.com\/?page_id=5205"},"modified":"2026-01-25T13:48:54","modified_gmt":"2026-01-25T12:48:54","slug":"ausstellungen","status":"publish","type":"page","link":"https:\/\/mbc-marine.com\/de\/exhibitions\/","title":{"rendered":"Ausstellungen"},"content":{"rendered":"<div data-elementor-type=\"wp-page\" data-elementor-id=\"5205\" class=\"elementor elementor-5205\" data-elementor-post-type=\"page\">\n\t\t\t\t<div class=\"elementor-element elementor-element-5cc200fd e-con-full e-flex e-con e-parent\" data-id=\"5cc200fd\" data-element_type=\"container\" data-e-type=\"container\" data-settings=\"{&quot;background_background&quot;:&quot;classic&quot;,&quot;jet_parallax_layout_list&quot;:[]}\">\n\t\t<div class=\"elementor-element elementor-element-17c3a0ae e-con-full e-flex e-con e-child\" data-id=\"17c3a0ae\" data-element_type=\"container\" data-e-type=\"container\" data-settings=\"{&quot;jet_parallax_layout_list&quot;:[]}\">\n\t\t\t\t<div class=\"elementor-element elementor-element-716502ee elementor-widget elementor-widget-text-editor\" data-id=\"716502ee\" data-element_type=\"widget\" data-e-type=\"widget\" data-widget_type=\"text-editor.default\">\n\t\t\t\t<div class=\"elementor-widget-container\">\n\t\t\t\t\t\t\t\t\t<h3 data-start=\"130\" data-end=\"166\">Ausstellungen \u2013 Wir freuen uns, Sie pers\u00f6nlich kennenzulernen!<\/h3><p data-start=\"168\" data-end=\"517\">MBC Marine nimmt regelm\u00e4\u00dfig an den weltweit f\u00fchrenden Messeveranstaltungen f\u00fcr Schifffahrt und Bootbau teil, um unsere neuesten Klimaanlagen, Produktinnovationen und technischen L\u00f6sungen zu pr\u00e4sentieren. Diese Veranstaltungen bieten unseren Partnern, Kunden und Besuchern eine hervorragende Gelegenheit, uns pers\u00f6nlich zu treffen, Fragen zu stellen und die Leistungsf\u00e4higkeit unserer Systeme aus n\u00e4chster N\u00e4he zu erleben.<\/p><p data-start=\"519\" data-end=\"597\">Bitte informieren Sie sich, wo Sie uns demn\u00e4chst finden k\u00f6nnen, und besuchen Sie uns auf einer der kommenden Messen.<\/p>\t\t\t\t\t\t\t\t<\/div>\n\t\t\t\t<\/div>\n\t\t<div class=\"elementor-element elementor-element-1d639b3 e-con-full e-flex e-con e-child\" data-id=\"1d639b3\" data-element_type=\"container\" data-e-type=\"container\" data-settings=\"{&quot;jet_parallax_layout_list&quot;:[]}\">\n\t\t\t\t<\/div>\n\t\t\t\t<\/div>\n\t\t\t\t<\/div>\n\t\t<div class=\"elementor-element elementor-element-462dde1 e-flex e-con-boxed e-con e-parent\" data-id=\"462dde1\" data-element_type=\"container\" data-e-type=\"container\" data-settings=\"{&quot;jet_parallax_layout_list&quot;:[]}\">\n\t\t\t\t\t<div class=\"e-con-inner\">\n\t\t<div class=\"elementor-element elementor-element-80f7f79 e-con-full e-flex e-con e-child\" data-id=\"80f7f79\" data-element_type=\"container\" data-e-type=\"container\" data-settings=\"{&quot;jet_parallax_layout_list&quot;:[]}\">\n\t\t\t\t<div class=\"elementor-element elementor-element-02d0e60 elementor-widget__width-initial elementor-position-top elementor-widget elementor-widget-image-box\" data-id=\"02d0e60\" data-element_type=\"widget\" data-e-type=\"widget\" data-widget_type=\"image-box.default\">\n\t\t\t\t<div class=\"elementor-widget-container\">\n\t\t\t\t\t<div class=\"elementor-image-box-wrapper\"><figure class=\"elementor-image-box-img\"><!--trp-no-translate--><!--trp-no-translate--><img fetchpriority=\"high\" decoding=\"async\" width=\"201\" height=\"251\" src=\"https:\/\/mbc-marine.com\/wp-content\/uploads\/2026\/01\/images.jpeg?wsr\" class=\"attachment-medium size-medium wp-image-7799\" alt=\"\" srcset=\"https:\/\/mbc-marine.com\/wp-content\/uploads\/2026\/01\/images.jpeg 201w, https:\/\/mbc-marine.com\/wp-content\/uploads\/2026\/01\/images-10x12.jpeg 10w\" sizes=\"(max-width: 201px) 100vw, 201px\" data-no-translation=\"\" \/><!--/trp-no-translate--><!--\/trp-no-translate--><\/figure><div class=\"elementor-image-box-content\"><h3 class=\"elementor-image-box-title\">Cannes Yacht Festival <span style=\"white-space: normal;, Arial, sans-serif;text-align: left\">8 - 13 Sept. 2026<\/span><br><\/h3><p class=\"elementor-image-box-description\">Wir laden Sie herzlich ein, uns auf Europas gr\u00f6\u00dfter Bootsmesse zu besuchen, wo MBC Marine sein gesamtes Sortiment an innovativen Klimatisierungsl\u00f6sungen f\u00fcr Boote pr\u00e4sentieren wird. <\/p><\/div><\/div>\t\t\t\t<\/div>\n\t\t\t\t<\/div>\n\t\t\t\t<\/div>\n\t\t<div class=\"elementor-element elementor-element-b3fda3c e-con-full e-flex e-con e-child\" data-id=\"b3fda3c\" data-element_type=\"container\" data-e-type=\"container\" data-settings=\"{&quot;jet_parallax_layout_list&quot;:[]}\">\n\t\t\t\t<div class=\"elementor-element elementor-element-13a5392 elementor-widget__width-initial elementor-position-top elementor-widget elementor-widget-image-box\" data-id=\"13a5392\" data-element_type=\"widget\" data-e-type=\"widget\" data-widget_type=\"image-box.default\">\n\t\t\t\t<div class=\"elementor-widget-container\">\n\t\t\t\t\t<div class=\"elementor-image-box-wrapper\"><figure class=\"elementor-image-box-img\"><!--trp-no-translate--><!--trp-no-translate--><img decoding=\"async\" width=\"168\" height=\"299\" src=\"https:\/\/mbc-marine.com\/wp-content\/uploads\/2026\/01\/images-2.jpeg?wsr\" class=\"attachment-medium size-medium wp-image-7800\" alt=\"\" srcset=\"https:\/\/mbc-marine.com\/wp-content\/uploads\/2026\/01\/images-2.jpeg 168w, https:\/\/mbc-marine.com\/wp-content\/uploads\/2026\/01\/images-2-7x12.jpeg 7w\" sizes=\"(max-width: 168px) 100vw, 168px\" data-no-translation=\"\" \/><!--/trp-no-translate--><!--\/trp-no-translate--><\/figure><div class=\"elementor-image-box-content\"><h3 class=\"elementor-image-box-title\">Salone Nautico <span style=\"white-space: normal;, Arial, sans-serif;text-align: left\">8 - 6 Okt. 2026 <\/span><\/h3><p class=\"elementor-image-box-description\">MBC Marine wird auf dem Salone Nautico di Genova vertreten sein und dem internationalen Publikum aus der Yacht- und Marineindustrie unsere Klimatisierungsl\u00f6sungen f\u00fcr Schiffe vorstellen.<\/p><\/div><\/div>\t\t\t\t<\/div>\n\t\t\t\t<\/div>\n\t\t\t\t<\/div>\n\t\t\t\t\t<\/div>\n\t\t\t\t<\/div>\n\t\t<div class=\"elementor-element elementor-element-8f6178e e-flex e-con-boxed e-con e-parent\" data-id=\"8f6178e\" data-element_type=\"container\" data-e-type=\"container\" data-settings=\"{&quot;jet_parallax_layout_list&quot;:[]}\">\n\t\t\t\t\t<div class=\"e-con-inner\">\n\t\t\t\t<div class=\"elementor-element elementor-element-07484e4 elementor-widget elementor-widget-spacer\" data-id=\"07484e4\" data-element_type=\"widget\" data-e-type=\"widget\" data-widget_type=\"spacer.default\">\n\t\t\t\t<div class=\"elementor-widget-container\">\n\t\t\t\t\t\t\t<div class=\"elementor-spacer\">\n\t\t\t<div class=\"elementor-spacer-inner\"><\/div>\n\t\t<\/div>\n\t\t\t\t\t\t<\/div>\n\t\t\t\t<\/div>\n\t\t\t\t\t<\/div>\n\t\t\t\t<\/div>\n\t\t\t\t<\/div>","protected":false},"excerpt":{"rendered":"<p>Exhibitions \u2013 Meet Us in Person! MBC Marine regularly attends the world\u2019s leading marine and boating exhibitions to showcase our latest air conditioning systems, product innovations, and technical solutions. These events offer a great opportunity for our partners, clients, and visitors to meet us face-to-face, ask questions, and experience the performance of our systems up [&hellip;]<\/p>\n","protected":false},"author":1,"featured_media":0,"parent":0,"menu_order":0,"comment_status":"closed","ping_status":"closed","template":"","meta":{"_acf_changed":false,"footnotes":""},"class_list":["post-5205","page","type-page","status-publish","hentry"],"acf":[],"yoast_head":"<!-- This site is optimized with the Yoast SEO Premium plugin v27.3 (Yoast SEO v27.3) - https:\/\/yoast.com\/product\/yoast-seo-premium-wordpress\/ -->\n<title>Exhibitions - MBC Marine<\/title>\n<meta name=\"description\" content=\"Exhibitions \u2013 Meet Us in Person!MBC Marine regularly attends the world\u2019s leading marine and boating exhibitions to showcase our latest air conditioning systems, product innovations, and technical solutions. These events offer a great opportunity for our partners, clients, and visitors to meet us face-to-face, ask questions, and experience the performance of our systems up close.\" \/>\n<meta name=\"robots\" content=\"index, follow, max-snippet:-1, max-image-preview:large, max-video-preview:-1\" \/>\n<link rel=\"canonical\" href=\"https:\/\/mbc-marine.com\/de\/ausstellungen\/\" \/>\n<meta property=\"og:locale\" content=\"de_DE\" \/>\n<meta property=\"og:type\" content=\"article\" \/>\n<meta property=\"og:title\" content=\"Exhibitions\" \/>\n<meta property=\"og:description\" content=\"Exhibitions \u2013 Meet Us in Person!MBC Marine regularly attends the world\u2019s leading marine and boating exhibitions to showcase our latest air conditioning systems, product innovations, and technical solutions. These events offer a great opportunity for our partners, clients, and visitors to meet us face-to-face, ask questions, and experience the performance of our systems up close.\" \/>\n<meta property=\"og:url\" content=\"https:\/\/mbc-marine.com\/de\/ausstellungen\/\" \/>\n<meta property=\"og:site_name\" content=\"MBC Marine\" \/>\n<meta property=\"article:modified_time\" content=\"2026-01-25T12:48:54+00:00\" \/>\n<meta property=\"og:image\" content=\"https:\/\/mbc-marine.com\/wp-content\/uploads\/2026\/01\/images.jpeg?wsr\" \/>\n\t<meta property=\"og:image:width\" content=\"201\" \/>\n\t<meta property=\"og:image:height\" content=\"251\" \/>\n\t<meta property=\"og:image:type\" content=\"image\/jpeg\" \/>\n<meta name=\"twitter:card\" content=\"summary_large_image\" \/>\n<meta name=\"twitter:label1\" content=\"Gesch\u00e4tzte Lesezeit\" \/>\n\t<meta name=\"twitter:data1\" content=\"1\u00a0Minute\" \/>\n<script type=\"application\/ld+json\" class=\"yoast-schema-graph\">{\"@context\":\"https:\\\/\\\/schema.org\",\"@graph\":[{\"@type\":\"WebPage\",\"@id\":\"https:\\\/\\\/mbc-marine.com\\\/exhibitions\\\/\",\"url\":\"https:\\\/\\\/mbc-marine.com\\\/exhibitions\\\/\",\"name\":\"Exhibitions - MBC Marine\",\"isPartOf\":{\"@id\":\"https:\\\/\\\/mbc-marine.com\\\/#website\"},\"primaryImageOfPage\":{\"@id\":\"https:\\\/\\\/mbc-marine.com\\\/exhibitions\\\/#primaryimage\"},\"image\":{\"@id\":\"https:\\\/\\\/mbc-marine.com\\\/exhibitions\\\/#primaryimage\"},\"thumbnailUrl\":\"https:\\\/\\\/mbc-marine.com\\\/wp-content\\\/uploads\\\/2026\\\/01\\\/images.jpeg?wsr\",\"datePublished\":\"2025-07-23T12:11:01+00:00\",\"dateModified\":\"2026-01-25T12:48:54+00:00\",\"description\":\"Exhibitions \u2013 Meet Us in Person!MBC Marine regularly attends the world\u2019s leading marine and boating exhibitions to showcase our latest air conditioning systems, product innovations, and technical solutions. These events offer a great opportunity for our partners, clients, and visitors to meet us face-to-face, ask questions, and experience the performance of our systems up close.\",\"breadcrumb\":{\"@id\":\"https:\\\/\\\/mbc-marine.com\\\/exhibitions\\\/#breadcrumb\"},\"inLanguage\":\"de\",\"potentialAction\":[{\"@type\":\"ReadAction\",\"target\":[\"https:\\\/\\\/mbc-marine.com\\\/exhibitions\\\/\"]}]},{\"@type\":\"ImageObject\",\"inLanguage\":\"de\",\"@id\":\"https:\\\/\\\/mbc-marine.com\\\/exhibitions\\\/#primaryimage\",\"url\":\"https:\\\/\\\/mbc-marine.com\\\/wp-content\\\/uploads\\\/2026\\\/01\\\/images.jpeg?wsr\",\"contentUrl\":\"https:\\\/\\\/mbc-marine.com\\\/wp-content\\\/uploads\\\/2026\\\/01\\\/images.jpeg?wsr\"},{\"@type\":\"BreadcrumbList\",\"@id\":\"https:\\\/\\\/mbc-marine.com\\\/exhibitions\\\/#breadcrumb\",\"itemListElement\":[{\"@type\":\"ListItem\",\"position\":1,\"name\":\"Home\",\"item\":\"https:\\\/\\\/mbc-marine.com\\\/\"},{\"@type\":\"ListItem\",\"position\":2,\"name\":\"Exhibitions\"}]},{\"@type\":\"WebSite\",\"@id\":\"https:\\\/\\\/mbc-marine.com\\\/#website\",\"url\":\"https:\\\/\\\/mbc-marine.com\\\/\",\"name\":\"MBC Marine\",\"description\":\"\",\"potentialAction\":[{\"@type\":\"SearchAction\",\"target\":{\"@type\":\"EntryPoint\",\"urlTemplate\":\"https:\\\/\\\/mbc-marine.com\\\/?s={search_term_string}\"},\"query-input\":{\"@type\":\"PropertyValueSpecification\",\"valueRequired\":true,\"valueName\":\"search_term_string\"}}],\"inLanguage\":\"de\"}]}<\/script>\n<!-- \/ Yoast SEO Premium plugin. -->","yoast_head_json":{"title":"Ausstellungen \u2013 MBC Marine","description":"Ausstellungen \u2013 Treffen Sie uns pers\u00f6nlich! MBC Marine nimmt regelm\u00e4\u00dfig an den weltweit f\u00fchrenden Marine- und Bootsausstellungen teil, um unsere neuesten Klimaanlagen, Produktinnovationen und technischen L\u00f6sungen zu pr\u00e4sentieren. Diese Veranstaltungen bieten unseren Partnern, Kunden und Besuchern eine hervorragende Gelegenheit, uns pers\u00f6nlich zu treffen, Fragen zu stellen und die Leistung unserer Systeme aus n\u00e4chster N\u00e4he zu erleben.","robots":{"index":"index","follow":"follow","max-snippet":"max-snippet:-1","max-image-preview":"max-image-preview:large","max-video-preview":"max-video-preview:-1"},"canonical":"https:\/\/mbc-marine.com\/de\/ausstellungen\/","og_locale":"de_DE","og_type":"article","og_title":"Exhibitions","og_description":"Exhibitions \u2013 Meet Us in Person!MBC Marine regularly attends the world\u2019s leading marine and boating exhibitions to showcase our latest air conditioning systems, product innovations, and technical solutions. These events offer a great opportunity for our partners, clients, and visitors to meet us face-to-face, ask questions, and experience the performance of our systems up close.","og_url":"https:\/\/mbc-marine.com\/de\/ausstellungen\/","og_site_name":"MBC Marine","article_modified_time":"2026-01-25T12:48:54+00:00","og_image":[{"width":201,"height":251,"url":"https:\/\/mbc-marine.com\/wp-content\/uploads\/2026\/01\/images.jpeg?wsr","type":"image\/jpeg"}],"twitter_card":"summary_large_image","twitter_misc":{"Gesch\u00e4tzte Lesezeit":"1\u00a0Minute"},"schema":{"@context":"https:\/\/schema.org","@graph":[{"@type":"WebPage","@id":"https:\/\/mbc-marine.com\/exhibitions\/","url":"https:\/\/mbc-marine.com\/exhibitions\/","name":"Ausstellungen \u2013 MBC Marine","isPartOf":{"@id":"https:\/\/mbc-marine.com\/#website"},"primaryImageOfPage":{"@id":"https:\/\/mbc-marine.com\/exhibitions\/#primaryimage"},"image":{"@id":"https:\/\/mbc-marine.com\/exhibitions\/#primaryimage"},"thumbnailUrl":"https:\/\/mbc-marine.com\/wp-content\/uploads\/2026\/01\/images.jpeg?wsr","datePublished":"2025-07-23T12:11:01+00:00","dateModified":"2026-01-25T12:48:54+00:00","description":"Ausstellungen \u2013 Treffen Sie uns pers\u00f6nlich! MBC Marine nimmt regelm\u00e4\u00dfig an den weltweit f\u00fchrenden Marine- und Bootsausstellungen teil, um unsere neuesten Klimaanlagen, Produktinnovationen und technischen L\u00f6sungen zu pr\u00e4sentieren. Diese Veranstaltungen bieten unseren Partnern, Kunden und Besuchern eine hervorragende Gelegenheit, uns pers\u00f6nlich zu treffen, Fragen zu stellen und die Leistung unserer Systeme aus n\u00e4chster N\u00e4he zu erleben.","breadcrumb":{"@id":"https:\/\/mbc-marine.com\/exhibitions\/#breadcrumb"},"inLanguage":"de","potentialAction":[{"@type":"ReadAction","target":["https:\/\/mbc-marine.com\/exhibitions\/"]}]},{"@type":"ImageObject","inLanguage":"de","@id":"https:\/\/mbc-marine.com\/exhibitions\/#primaryimage","url":"https:\/\/mbc-marine.com\/wp-content\/uploads\/2026\/01\/images.jpeg?wsr","contentUrl":"https:\/\/mbc-marine.com\/wp-content\/uploads\/2026\/01\/images.jpeg?wsr"},{"@type":"BreadcrumbList","@id":"https:\/\/mbc-marine.com\/exhibitions\/#breadcrumb","itemListElement":[{"@type":"ListItem","position":1,"name":"Home","item":"https:\/\/mbc-marine.com\/"},{"@type":"ListItem","position":2,"name":"Exhibitions"}]},{"@type":"WebSite","@id":"https:\/\/mbc-marine.com\/#website","url":"https:\/\/mbc-marine.com\/","name":"MBC Marine","description":"","potentialAction":[{"@type":"SearchAction","target":{"@type":"EntryPoint","urlTemplate":"https:\/\/mbc-marine.com\/?s={search_term_string}"},"query-input":{"@type":"PropertyValueSpecification","valueRequired":true,"valueName":"search_term_string"}}],"inLanguage":"de"}]}},"_links":{"self":[{"href":"https:\/\/mbc-marine.com\/de\/wp-json\/wp\/v2\/pages\/5205","targetHints":{"allow":["GET"]}}],"collection":[{"href":"https:\/\/mbc-marine.com\/de\/wp-json\/wp\/v2\/pages"}],"about":[{"href":"https:\/\/mbc-marine.com\/de\/wp-json\/wp\/v2\/types\/page"}],"author":[{"embeddable":true,"href":"https:\/\/mbc-marine.com\/de\/wp-json\/wp\/v2\/users\/1"}],"replies":[{"embeddable":true,"href":"https:\/\/mbc-marine.com\/de\/wp-json\/wp\/v2\/comments?post=5205"}],"version-history":[{"count":18,"href":"https:\/\/mbc-marine.com\/de\/wp-json\/wp\/v2\/pages\/5205\/revisions"}],"predecessor-version":[{"id":7803,"href":"https:\/\/mbc-marine.com\/de\/wp-json\/wp\/v2\/pages\/5205\/revisions\/7803"}],"wp:attachment":[{"href":"https:\/\/mbc-marine.com\/de\/wp-json\/wp\/v2\/media?parent=5205"}],"curies":[{"name":"wp","href":"https:\/\/api.w.org\/{rel}","templated":true}]}}