{"id":1150,"date":"2024-08-29T09:21:51","date_gmt":"2024-08-29T07:21:51","guid":{"rendered":"https:\/\/mbc-marine.com\/?post_type=product&#038;p=1150"},"modified":"2025-09-09T12:54:57","modified_gmt":"2025-09-09T10:54:57","slug":"ruckluftgitter-aus-teakholz","status":"publish","type":"product","link":"https:\/\/mbc-marine.com\/de\/product\/teak-wood-return-air-grill\/","title":{"rendered":"HOLZ-R\u00dcCKLUFTGITTER"},"content":{"rendered":"<p>Dieses R\u00fcckluftgitter ist aus echtem Holz (TEAK oder EICHE) gefertigt und verf\u00fcgt \u00fcber einen integrierten Filter, der einen gleichm\u00e4\u00dfigen Luftstrom und eine verbesserte Luftqualit\u00e4t gew\u00e4hrleistet.<br data-start=\"211\" data-end=\"214\" \/>Die hochwertige Holzkonstruktion verleiht dem Produkt ein exklusives, elegantes Aussehen, das sich perfekt in jedes maritime Interieur einf\u00fcgt.<\/p>","protected":false},"excerpt":{"rendered":"<table style=\"border-collapse: collapse; width: 100%;\">\n<tbody>\n<tr>\n<td style=\"width: 50%;\">HOLZ-R\u00dcCKLUFTSGITTER-TYPEN<\/td>\n<td style=\"width: 50%;\">GR\u00d6SSEN<\/td>\n<\/tr>\n<tr>\n<td style=\"width: 50%;\"><\/td>\n<td style=\"width: 50%;\"><\/td>\n<\/tr>\n<tr>\n<td style=\"width: 50%;\">TEAK<\/td>\n<td style=\"width: 50%;\"><\/td>\n<\/tr>\n<tr>\n<td style=\"width: 50%;\">RAG1545-T<\/td>\n<td style=\"width: 50%;\">150 x 450 mm<\/td>\n<\/tr>\n<tr>\n<td style=\"width: 50%;\">RAG2525-T<\/td>\n<td style=\"width: 50%;\">250 x 250 mm<\/td>\n<\/tr>\n<tr>\n<td style=\"width: 50%;\">RAG2545-T<\/td>\n<td style=\"width: 50%;\">250 x 450 mm<\/td>\n<\/tr>\n<tr>\n<td style=\"width: 50%;\"><\/td>\n<td style=\"width: 50%;\"><\/td>\n<\/tr>\n<tr>\n<td style=\"width: 50%;\">EICHE<\/td>\n<td style=\"width: 50%;\"><\/td>\n<\/tr>\n<tr>\n<td style=\"width: 50%;\">RAG1545-O<\/td>\n<td style=\"width: 50%;\">150 x 450 mm<\/td>\n<\/tr>\n<tr>\n<td style=\"width: 50%;\">RAG2525-O<\/td>\n<td style=\"width: 50%;\">250 x 250 mm<\/td>\n<\/tr>\n<tr>\n<td style=\"width: 50%;\">RAG2545-O<\/td>\n<td style=\"width: 50%;\">250 x 450 mm<\/td>\n<\/tr>\n<tr>\n<td style=\"width: 50%;\"><\/td>\n<td style=\"width: 50%;\"><\/td>\n<\/tr>\n<\/tbody>\n<\/table>","protected":false},"featured_media":5390,"template":"","meta":{"_acf_changed":false},"product_brand":[],"product_cat":[49,83,50,35],"product_tag":[],"class_list":{"0":"post-1150","1":"product","2":"type-product","3":"status-publish","4":"has-post-thumbnail","6":"product_cat-mbc-marine-air-grills","7":"product_cat-return-air-grills","8":"product_cat-return-mbc-marine-air-grills","9":"product_cat-accessories","11":"first","12":"instock","13":"shipping-taxable","14":"purchasable","15":"product-type-variable","16":"has-default-attributes"},"acf":[],"yoast_head":"<!-- This site is optimized with the Yoast SEO Premium plugin v27.3 (Yoast SEO v27.3) - https:\/\/yoast.com\/product\/yoast-seo-premium-wordpress\/ -->\n<title>WOOD RETURN AIR GRILLS - MBC Marine<\/title>\n<meta name=\"description\" content=\"WOOD RETURN AIR GRILLS Crafted from real wood (TEAK or OAK) with a built-in filter, this return grille ensures smooth airflow and improved air quality.Its premium wooden construction provides an exclusive, elegant look, perfect for any marine interior.\" \/>\n<meta name=\"robots\" content=\"index, follow, max-snippet:-1, max-image-preview:large, max-video-preview:-1\" \/>\n<link rel=\"canonical\" href=\"https:\/\/mbc-marine.com\/de\/product\/ruckluftgitter-aus-teakholz\/\" \/>\n<meta property=\"og:locale\" content=\"de_DE\" \/>\n<meta property=\"og:type\" content=\"article\" \/>\n<meta property=\"og:title\" content=\"WOOD RETURN AIR GRILLS\" \/>\n<meta property=\"og:description\" content=\"WOOD RETURN AIR GRILLS Crafted from real wood (TEAK or OAK) with a built-in filter, this return grille ensures smooth airflow and improved air quality.Its premium wooden construction provides an exclusive, elegant look, perfect for any marine interior.\" \/>\n<meta property=\"og:url\" content=\"https:\/\/mbc-marine.com\/de\/product\/ruckluftgitter-aus-teakholz\/\" \/>\n<meta property=\"og:site_name\" content=\"MBC Marine\" \/>\n<meta property=\"article:modified_time\" content=\"2025-09-09T10:54:57+00:00\" \/>\n<meta property=\"og:image\" content=\"https:\/\/mbc-marine.com\/wp-content\/uploads\/2024\/08\/wood-return-air-grills.jpg\" \/>\n\t<meta property=\"og:image:width\" content=\"1024\" \/>\n\t<meta property=\"og:image:height\" content=\"629\" \/>\n\t<meta property=\"og:image:type\" content=\"image\/jpeg\" \/>\n<meta name=\"twitter:card\" content=\"summary_large_image\" \/>\n<meta name=\"twitter:label1\" content=\"Availability\" \/>\n\t<meta name=\"twitter:data1\" content=\"In stock\" \/>\n<script type=\"application\/ld+json\" class=\"yoast-schema-graph\">{\"@context\":\"https:\\\/\\\/schema.org\",\"@graph\":[{\"@type\":[\"WebPage\",\"ItemPage\"],\"@id\":\"https:\\\/\\\/mbc-marine.com\\\/product\\\/teak-wood-return-air-grill\\\/\",\"url\":\"https:\\\/\\\/mbc-marine.com\\\/product\\\/teak-wood-return-air-grill\\\/\",\"name\":\"WOOD RETURN AIR GRILLS - MBC Marine\",\"isPartOf\":{\"@id\":\"https:\\\/\\\/mbc-marine.com\\\/#website\"},\"primaryImageOfPage\":{\"@id\":\"https:\\\/\\\/mbc-marine.com\\\/product\\\/teak-wood-return-air-grill\\\/#primaryimage\"},\"image\":{\"@id\":\"https:\\\/\\\/mbc-marine.com\\\/product\\\/teak-wood-return-air-grill\\\/#primaryimage\"},\"thumbnailUrl\":\"https:\\\/\\\/mbc-marine.com\\\/wp-content\\\/uploads\\\/2024\\\/08\\\/wood-return-air-grills.jpg?wsr\",\"datePublished\":\"2024-08-29T07:21:51+00:00\",\"dateModified\":\"2025-09-09T10:54:57+00:00\",\"description\":\"WOOD RETURN AIR GRILLS Crafted from real wood (TEAK or OAK) with a built-in filter, this return grille ensures smooth airflow and improved air quality.Its premium wooden construction provides an exclusive, elegant look, perfect for any marine interior.\",\"breadcrumb\":{\"@id\":\"https:\\\/\\\/mbc-marine.com\\\/product\\\/teak-wood-return-air-grill\\\/#breadcrumb\"},\"inLanguage\":\"de\",\"potentialAction\":[{\"@type\":\"ReadAction\",\"target\":[\"https:\\\/\\\/mbc-marine.com\\\/product\\\/teak-wood-return-air-grill\\\/\"]}]},{\"@type\":\"ImageObject\",\"inLanguage\":\"de\",\"@id\":\"https:\\\/\\\/mbc-marine.com\\\/product\\\/teak-wood-return-air-grill\\\/#primaryimage\",\"url\":\"https:\\\/\\\/mbc-marine.com\\\/wp-content\\\/uploads\\\/2024\\\/08\\\/wood-return-air-grills.jpg?wsr\",\"contentUrl\":\"https:\\\/\\\/mbc-marine.com\\\/wp-content\\\/uploads\\\/2024\\\/08\\\/wood-return-air-grills.jpg?wsr\",\"width\":1024,\"height\":629,\"caption\":\"WOOD RETURN AIR GRILLS\"},{\"@type\":\"BreadcrumbList\",\"@id\":\"https:\\\/\\\/mbc-marine.com\\\/product\\\/teak-wood-return-air-grill\\\/#breadcrumb\",\"itemListElement\":[{\"@type\":\"ListItem\",\"position\":1,\"name\":\"Home\",\"item\":\"https:\\\/\\\/mbc-marine.com\\\/\"},{\"@type\":\"ListItem\",\"position\":2,\"name\":\"Shop\",\"item\":\"https:\\\/\\\/mbc-marine.com\\\/shop\\\/\"},{\"@type\":\"ListItem\",\"position\":3,\"name\":\"WOOD RETURN AIR GRILLS\"}]},{\"@type\":\"WebSite\",\"@id\":\"https:\\\/\\\/mbc-marine.com\\\/#website\",\"url\":\"https:\\\/\\\/mbc-marine.com\\\/\",\"name\":\"MBC Marine\",\"description\":\"\",\"potentialAction\":[{\"@type\":\"SearchAction\",\"target\":{\"@type\":\"EntryPoint\",\"urlTemplate\":\"https:\\\/\\\/mbc-marine.com\\\/?s={search_term_string}\"},\"query-input\":{\"@type\":\"PropertyValueSpecification\",\"valueRequired\":true,\"valueName\":\"search_term_string\"}}],\"inLanguage\":\"de\"}]}<\/script>\n<meta property=\"og:availability\" content=\"instock\" \/>\n<meta property=\"product:availability\" content=\"instock\" \/>\n<meta property=\"product:condition\" content=\"new\" \/>\n<!-- \/ Yoast SEO Premium plugin. -->","yoast_head_json":{"title":"Holz-R\u00fcckluftgitter \u2013 MBC Marine","description":"HOLZ-R\u00dcCKLUFTGITTER Dieses R\u00fcckluftgitter aus echtem Holz (TEAK oder EICHE) mit integriertem Filter gew\u00e4hrleistet einen gleichm\u00e4\u00dfigen Luftstrom und verbessert die Luftqualit\u00e4t. Seine hochwertige Holzkonstruktion verleiht ihm ein exklusives, elegantes Aussehen, das sich perfekt in jedes maritime Interieur einf\u00fcgt.","robots":{"index":"index","follow":"follow","max-snippet":"max-snippet:-1","max-image-preview":"max-image-preview:large","max-video-preview":"max-video-preview:-1"},"canonical":"https:\/\/mbc-marine.com\/de\/product\/ruckluftgitter-aus-teakholz\/","og_locale":"de_DE","og_type":"article","og_title":"WOOD RETURN AIR GRILLS","og_description":"WOOD RETURN AIR GRILLS Crafted from real wood (TEAK or OAK) with a built-in filter, this return grille ensures smooth airflow and improved air quality.Its premium wooden construction provides an exclusive, elegant look, perfect for any marine interior.","og_url":"https:\/\/mbc-marine.com\/de\/product\/ruckluftgitter-aus-teakholz\/","og_site_name":"MBC Marine","article_modified_time":"2025-09-09T10:54:57+00:00","og_image":[{"width":1024,"height":629,"url":"https:\/\/mbc-marine.com\/wp-content\/uploads\/2024\/08\/wood-return-air-grills.jpg","type":"image\/jpeg"}],"twitter_card":"summary_large_image","twitter_misc":{"Availability":"In stock"},"schema":{"@context":"https:\/\/schema.org","@graph":[{"@type":["WebPage","ItemPage"],"@id":"https:\/\/mbc-marine.com\/product\/teak-wood-return-air-grill\/","url":"https:\/\/mbc-marine.com\/product\/teak-wood-return-air-grill\/","name":"Holz-R\u00fcckluftgitter \u2013 MBC Marine","isPartOf":{"@id":"https:\/\/mbc-marine.com\/#website"},"primaryImageOfPage":{"@id":"https:\/\/mbc-marine.com\/product\/teak-wood-return-air-grill\/#primaryimage"},"image":{"@id":"https:\/\/mbc-marine.com\/product\/teak-wood-return-air-grill\/#primaryimage"},"thumbnailUrl":"https:\/\/mbc-marine.com\/wp-content\/uploads\/2024\/08\/wood-return-air-grills.jpg?wsr","datePublished":"2024-08-29T07:21:51+00:00","dateModified":"2025-09-09T10:54:57+00:00","description":"HOLZ-R\u00dcCKLUFTGITTER Dieses R\u00fcckluftgitter aus echtem Holz (TEAK oder EICHE) mit integriertem Filter gew\u00e4hrleistet einen gleichm\u00e4\u00dfigen Luftstrom und verbessert die Luftqualit\u00e4t. Seine hochwertige Holzkonstruktion verleiht ihm ein exklusives, elegantes Aussehen, das sich perfekt in jedes maritime Interieur einf\u00fcgt.","breadcrumb":{"@id":"https:\/\/mbc-marine.com\/product\/teak-wood-return-air-grill\/#breadcrumb"},"inLanguage":"de","potentialAction":[{"@type":"ReadAction","target":["https:\/\/mbc-marine.com\/product\/teak-wood-return-air-grill\/"]}]},{"@type":"ImageObject","inLanguage":"de","@id":"https:\/\/mbc-marine.com\/product\/teak-wood-return-air-grill\/#primaryimage","url":"https:\/\/mbc-marine.com\/wp-content\/uploads\/2024\/08\/wood-return-air-grills.jpg?wsr","contentUrl":"https:\/\/mbc-marine.com\/wp-content\/uploads\/2024\/08\/wood-return-air-grills.jpg?wsr","width":1024,"height":629,"caption":"WOOD RETURN AIR GRILLS"},{"@type":"BreadcrumbList","@id":"https:\/\/mbc-marine.com\/product\/teak-wood-return-air-grill\/#breadcrumb","itemListElement":[{"@type":"ListItem","position":1,"name":"Home","item":"https:\/\/mbc-marine.com\/"},{"@type":"ListItem","position":2,"name":"Shop","item":"https:\/\/mbc-marine.com\/shop\/"},{"@type":"ListItem","position":3,"name":"WOOD RETURN AIR GRILLS"}]},{"@type":"WebSite","@id":"https:\/\/mbc-marine.com\/#website","url":"https:\/\/mbc-marine.com\/","name":"MBC Marine","description":"","potentialAction":[{"@type":"SearchAction","target":{"@type":"EntryPoint","urlTemplate":"https:\/\/mbc-marine.com\/?s={search_term_string}"},"query-input":{"@type":"PropertyValueSpecification","valueRequired":true,"valueName":"search_term_string"}}],"inLanguage":"de"}]},"og_availability":"instock","product_availability":"instock","product_condition":"new"},"_links":{"self":[{"href":"https:\/\/mbc-marine.com\/de\/wp-json\/wp\/v2\/product\/1150","targetHints":{"allow":["GET"]}}],"collection":[{"href":"https:\/\/mbc-marine.com\/de\/wp-json\/wp\/v2\/product"}],"about":[{"href":"https:\/\/mbc-marine.com\/de\/wp-json\/wp\/v2\/types\/product"}],"version-history":[{"count":0,"href":"https:\/\/mbc-marine.com\/de\/wp-json\/wp\/v2\/product\/1150\/revisions"}],"wp:featuredmedia":[{"embeddable":true,"href":"https:\/\/mbc-marine.com\/de\/wp-json\/wp\/v2\/media\/5390"}],"wp:attachment":[{"href":"https:\/\/mbc-marine.com\/de\/wp-json\/wp\/v2\/media?parent=1150"}],"wp:term":[{"taxonomy":"product_brand","embeddable":true,"href":"https:\/\/mbc-marine.com\/de\/wp-json\/wp\/v2\/product_brand?post=1150"},{"taxonomy":"product_cat","embeddable":true,"href":"https:\/\/mbc-marine.com\/de\/wp-json\/wp\/v2\/product_cat?post=1150"},{"taxonomy":"product_tag","embeddable":true,"href":"https:\/\/mbc-marine.com\/de\/wp-json\/wp\/v2\/product_tag?post=1150"}],"curies":[{"name":"wp","href":"https:\/\/api.w.org\/{rel}","templated":true}]}}