{"id":1152,"date":"2024-08-29T09:22:45","date_gmt":"2024-08-29T07:22:45","guid":{"rendered":"https:\/\/mbc-marine.com\/?post_type=product&#038;p=1152"},"modified":"2026-04-29T19:39:53","modified_gmt":"2026-04-29T17:39:53","slug":"ruckluftgitter-aus-weisem-pvc","status":"publish","type":"product","link":"https:\/\/mbc-marine.com\/de\/product\/white-pvc-return-air-grill\/","title":{"rendered":"KUNSTSTOFF-R\u00dcCKLUFTGITTER"},"content":{"rendered":"<p>Leichtes Kunststoffgitter mit integriertem Filter, das f\u00fcr einen gleichm\u00e4\u00dfigen R\u00fcckluftstrom und eine verbesserte Luftqualit\u00e4t sorgt.<\/p>\n<p>Ideal f\u00fcr eigenst\u00e4ndige und gek\u00fchlte Marineklimaanlagen.<\/p>","protected":false},"excerpt":{"rendered":"<table style=\"border-collapse: collapse; width: 100%; height: 184px;\">\n<tbody>\n<tr style=\"height: 23px;\">\n<td style=\"width: 50%; height: 23px; text-align: left;\">VERF\u00dcGBARE GR\u00d6SSEN UND FARBEN<\/td>\n<td style=\"width: 50%; height: 23px; text-align: left;\">GR\u00d6SSE<\/td>\n<\/tr>\n<tr>\n<td style=\"width: 50%;\"><\/td>\n<td style=\"width: 50%;\"><\/td>\n<\/tr>\n<tr style=\"height: 23px;\">\n<td style=\"width: 50%; height: 23px;\">WEISS<\/td>\n<td style=\"width: 50%; height: 23px;\"><\/td>\n<\/tr>\n<tr style=\"height: 23px;\">\n<td style=\"width: 50%; height: 23px;\">RAG-2525-PW<\/td>\n<td style=\"width: 50%; height: 23px;\">250 x 250 mm<\/td>\n<\/tr>\n<tr style=\"height: 23px;\">\n<td style=\"width: 50%; height: 23px;\">RAG-3020-PW<\/td>\n<td style=\"width: 50%; height: 23px;\">300 x 200 mm<\/td>\n<\/tr>\n<tr style=\"height: 23px;\">\n<td style=\"width: 50%; height: 23px;\"><\/td>\n<td style=\"width: 50%; height: 23px;\"><\/td>\n<\/tr>\n<tr style=\"height: 23px;\">\n<td style=\"width: 50%; height: 23px;\">SCHWARZ<\/td>\n<td style=\"width: 50%; height: 23px;\"><\/td>\n<\/tr>\n<tr style=\"height: 23px;\">\n<td style=\"width: 50%; height: 23px;\">RAG-2525-PB<\/td>\n<td style=\"width: 50%; height: 23px;\">250 x 250 mm<\/td>\n<\/tr>\n<tr style=\"height: 23px;\">\n<td style=\"width: 50%; height: 23px;\">RAG-3020-PB<\/td>\n<td style=\"width: 50%; height: 23px;\">300 x 200 mm<\/td>\n<\/tr>\n<\/tbody>\n<\/table>","protected":false},"featured_media":5585,"template":"","meta":{"_acf_changed":false},"product_brand":[],"product_cat":[35,49,83,50],"product_tag":[],"class_list":{"0":"post-1152","1":"product","2":"type-product","3":"status-publish","4":"has-post-thumbnail","6":"product_cat-accessories","7":"product_cat-mbc-marine-air-grills","8":"product_cat-return-air-grills","9":"product_cat-return-mbc-marine-air-grills","11":"first","12":"instock","13":"shipping-taxable","14":"purchasable","15":"product-type-variable","16":"has-default-attributes"},"acf":[],"_links":{"self":[{"href":"https:\/\/mbc-marine.com\/de\/wp-json\/wp\/v2\/product\/1152","targetHints":{"allow":["GET"]}}],"collection":[{"href":"https:\/\/mbc-marine.com\/de\/wp-json\/wp\/v2\/product"}],"about":[{"href":"https:\/\/mbc-marine.com\/de\/wp-json\/wp\/v2\/types\/product"}],"version-history":[{"count":2,"href":"https:\/\/mbc-marine.com\/de\/wp-json\/wp\/v2\/product\/1152\/revisions"}],"predecessor-version":[{"id":8222,"href":"https:\/\/mbc-marine.com\/de\/wp-json\/wp\/v2\/product\/1152\/revisions\/8222"}],"wp:featuredmedia":[{"embeddable":true,"href":"https:\/\/mbc-marine.com\/de\/wp-json\/wp\/v2\/media\/5585"}],"wp:attachment":[{"href":"https:\/\/mbc-marine.com\/de\/wp-json\/wp\/v2\/media?parent=1152"}],"wp:term":[{"taxonomy":"product_brand","embeddable":true,"href":"https:\/\/mbc-marine.com\/de\/wp-json\/wp\/v2\/product_brand?post=1152"},{"taxonomy":"product_cat","embeddable":true,"href":"https:\/\/mbc-marine.com\/de\/wp-json\/wp\/v2\/product_cat?post=1152"},{"taxonomy":"product_tag","embeddable":true,"href":"https:\/\/mbc-marine.com\/de\/wp-json\/wp\/v2\/product_tag?post=1152"}],"curies":[{"name":"wp","href":"https:\/\/api.w.org\/{rel}","templated":true}]}}