{"id":1154,"date":"2024-08-29T09:23:32","date_gmt":"2024-08-29T07:23:32","guid":{"rendered":"https:\/\/mbc-marine.com\/?post_type=product&#038;p=1154"},"modified":"2026-04-29T19:34:48","modified_gmt":"2026-04-29T17:34:48","slug":"teakholz","status":"publish","type":"product","link":"https:\/\/mbc-marine.com\/de\/product\/teak-wood\/","title":{"rendered":"TEAKHOLZ-ZULUFTGITZEL"},"content":{"rendered":"<p data-start=\"206\" data-end=\"274\">Optimierter Luftstrom. Materialien in Marinequalit\u00e4t. Professionelle Ergebnisse.<\/p>\n<p data-start=\"206\" data-end=\"274\">Die Zuluftgitter von MBC Marine sind so konzipiert, dass sie eine ausgewogene Luftverteilung in allen Kabinen gew\u00e4hrleisten und den effizienten Betrieb von Klimaanlagen auf Schiffen unterst\u00fctzen.<\/p>\n<p data-start=\"450\" data-end=\"620\">Sie werden aus massivem Teak- oder Eichenholz gefertigt und vereinen strukturelle Integrit\u00e4t mit nat\u00fcrlicher Best\u00e4ndigkeit gegen Feuchtigkeit und Korrosion \u2013 unerl\u00e4sslich f\u00fcr die anspruchsvollen Bedingungen an Bord.<\/p>\n<p data-start=\"622\" data-end=\"635\">Unsere Versorgungsgitter eignen sich ideal f\u00fcr Neuinstallationen oder Nachr\u00fcstungen und bieten langfristige Haltbarkeit sowie eine hochwertige Verarbeitung, der Fachleute aus der Schifffahrt vertrauen.<\/p>","protected":false},"excerpt":{"rendered":"<table style=\"border-collapse: collapse; width: 100%; height: 207px;\">\n<tbody>\n<tr style=\"height: 23px;\">\n<td style=\"width: 50%; height: 23px;\">VERF\u00dcGBARE GR\u00d6SSEN UND FARBEN<\/td>\n<td style=\"width: 50%; height: 23px;\">GR\u00d6SSEN<\/td>\n<\/tr>\n<tr style=\"height: 23px;\">\n<td style=\"width: 50%; height: 23px;\"><\/td>\n<td style=\"width: 50%; height: 23px;\"><\/td>\n<\/tr>\n<tr style=\"height: 23px;\">\n<td style=\"width: 50%; height: 23px;\">TEAK<\/td>\n<td style=\"width: 50%; height: 23px;\"><\/td>\n<\/tr>\n<tr style=\"height: 23px;\">\n<td style=\"width: 50%; height: 23px;\">SAG-2010-T<\/td>\n<td style=\"width: 50%; height: 23px;\">200 x 100 mm<\/td>\n<\/tr>\n<tr style=\"height: 23px;\">\n<td style=\"width: 50%; height: 23px;\">SAG-2515-T<\/td>\n<td style=\"width: 50%; height: 23px;\">250 x 150 mm<\/td>\n<\/tr>\n<tr style=\"height: 23px;\">\n<td style=\"width: 50%; height: 23px;\"><\/td>\n<td style=\"width: 50%; height: 23px;\"><\/td>\n<\/tr>\n<tr style=\"height: 23px;\">\n<td style=\"width: 50%; height: 23px;\">EICHE<\/td>\n<td style=\"width: 50%; height: 23px;\"><\/td>\n<\/tr>\n<tr style=\"height: 23px;\">\n<td style=\"width: 50%; height: 23px;\">SAG-2010-O<\/td>\n<td style=\"width: 50%; height: 23px;\">200 x 100 mm<\/td>\n<\/tr>\n<tr style=\"height: 23px;\">\n<td style=\"width: 50%; height: 23px;\">SAG-2515-O<\/td>\n<td style=\"width: 50%; height: 23px;\">250 x 150 mm<\/td>\n<\/tr>\n<\/tbody>\n<\/table>\n<p>&nbsp;<\/p>","protected":false},"featured_media":5412,"template":"","meta":{"_acf_changed":false},"product_brand":[],"product_cat":[35,49,82,51],"product_tag":[],"class_list":{"0":"post-1154","1":"product","2":"type-product","3":"status-publish","4":"has-post-thumbnail","6":"product_cat-accessories","7":"product_cat-mbc-marine-air-grills","8":"product_cat-supply-air-grills","9":"product_cat-wood-supply-marine-air-grills","11":"first","12":"instock","13":"shipping-taxable","14":"purchasable","15":"product-type-variable","16":"has-default-attributes"},"acf":[],"_links":{"self":[{"href":"https:\/\/mbc-marine.com\/de\/wp-json\/wp\/v2\/product\/1154","targetHints":{"allow":["GET"]}}],"collection":[{"href":"https:\/\/mbc-marine.com\/de\/wp-json\/wp\/v2\/product"}],"about":[{"href":"https:\/\/mbc-marine.com\/de\/wp-json\/wp\/v2\/types\/product"}],"version-history":[{"count":1,"href":"https:\/\/mbc-marine.com\/de\/wp-json\/wp\/v2\/product\/1154\/revisions"}],"predecessor-version":[{"id":8217,"href":"https:\/\/mbc-marine.com\/de\/wp-json\/wp\/v2\/product\/1154\/revisions\/8217"}],"wp:featuredmedia":[{"embeddable":true,"href":"https:\/\/mbc-marine.com\/de\/wp-json\/wp\/v2\/media\/5412"}],"wp:attachment":[{"href":"https:\/\/mbc-marine.com\/de\/wp-json\/wp\/v2\/media?parent=1154"}],"wp:term":[{"taxonomy":"product_brand","embeddable":true,"href":"https:\/\/mbc-marine.com\/de\/wp-json\/wp\/v2\/product_brand?post=1154"},{"taxonomy":"product_cat","embeddable":true,"href":"https:\/\/mbc-marine.com\/de\/wp-json\/wp\/v2\/product_cat?post=1154"},{"taxonomy":"product_tag","embeddable":true,"href":"https:\/\/mbc-marine.com\/de\/wp-json\/wp\/v2\/product_tag?post=1154"}],"curies":[{"name":"wp","href":"https:\/\/api.w.org\/{rel}","templated":true}]}}