{"id":1158,"date":"2024-08-29T09:25:30","date_gmt":"2024-08-29T07:25:30","guid":{"rendered":"https:\/\/mbc-marine.com\/?post_type=product&#038;p=1158"},"modified":"2026-04-29T19:33:23","modified_gmt":"2026-04-29T17:33:23","slug":"weises-pvc","status":"publish","type":"product","link":"https:\/\/mbc-marine.com\/de\/product\/white-pvc\/","title":{"rendered":"WEISSER KUNSTSTOFF-ZULUFTGITTER"},"content":{"rendered":"<p data-start=\"143\" data-end=\"503\">Unser Zuluftgitter ist langlebig, leise und auf Leistung ausgelegt. Es sorgt f\u00fcr einen gleichm\u00e4\u00dfigen Luftstrom in allen Kabinen und erm\u00f6glicht eine effiziente Verteilung der gek\u00fchlten oder erw\u00e4rmten Luft in Ihrem maritimen HLK-System. Mit seiner pr\u00e4zisionsoptimierten Lamellengeometrie bietet es einen ger\u00e4uscharmen Betrieb und einen konstanten Luftstrom \u2013 ideal sowohl f\u00fcr eigenst\u00e4ndige als auch f\u00fcr k\u00fchlger\u00e4tebasierte Anlagen.<\/p>\n<p data-start=\"505\" data-end=\"714\">Der Gitterrost bietet eine hervorragende Best\u00e4ndigkeit gegen Feuchtigkeit und Verformung und gew\u00e4hrleistet somit eine lange Lebensdauer. Sein schlankes, oberfl\u00e4chenmontiertes Design erm\u00f6glicht eine schnelle und problemlose Installation in einer Vielzahl von Innenraumgestaltungen.<\/p>\n<p data-start=\"505\" data-end=\"714\">Hinweis: F\u00fcr eine ordnungsgem\u00e4\u00dfe Luftverteilung muss das Zuluftgitter in Kombination mit einem kompatiblen Anschlusskasten installiert werden. Der Anschlusskasten sorgt f\u00fcr einen gleichm\u00e4\u00dfigen Luftdruck und leitet die klimatisierte Luft effektiv durch das Gitter.<\/p>","protected":false},"excerpt":{"rendered":"<table style=\"border-collapse: collapse; width: 100%;\">\n<tbody>\n<tr>\n<td style=\"width: 50%;\">Verf\u00fcgbare Gr\u00f6\u00dfen und Farben<\/td>\n<td style=\"width: 50%;\">GR\u00d6SSE<\/td>\n<\/tr>\n<tr>\n<td style=\"width: 50%;\"><\/td>\n<td style=\"width: 50%;\"><\/td>\n<\/tr>\n<tr>\n<td style=\"width: 50%;\">SAG-2010-WP<\/td>\n<td style=\"width: 50%;\">200 x 100 mm<\/td>\n<\/tr>\n<\/tbody>\n<\/table>\n<p>&nbsp;<\/p>","protected":false},"featured_media":4355,"template":"","meta":{"_acf_changed":false},"product_brand":[],"product_cat":[35,49,52,82],"product_tag":[],"class_list":{"0":"post-1158","1":"product","2":"type-product","3":"status-publish","4":"has-post-thumbnail","6":"product_cat-accessories","7":"product_cat-mbc-marine-air-grills","8":"product_cat-plastic-supply-marine-air-grills","9":"product_cat-supply-air-grills","11":"first","12":"instock","13":"shipping-taxable","14":"product-type-simple"},"acf":[],"_links":{"self":[{"href":"https:\/\/mbc-marine.com\/de\/wp-json\/wp\/v2\/product\/1158","targetHints":{"allow":["GET"]}}],"collection":[{"href":"https:\/\/mbc-marine.com\/de\/wp-json\/wp\/v2\/product"}],"about":[{"href":"https:\/\/mbc-marine.com\/de\/wp-json\/wp\/v2\/types\/product"}],"version-history":[{"count":1,"href":"https:\/\/mbc-marine.com\/de\/wp-json\/wp\/v2\/product\/1158\/revisions"}],"predecessor-version":[{"id":8216,"href":"https:\/\/mbc-marine.com\/de\/wp-json\/wp\/v2\/product\/1158\/revisions\/8216"}],"wp:featuredmedia":[{"embeddable":true,"href":"https:\/\/mbc-marine.com\/de\/wp-json\/wp\/v2\/media\/4355"}],"wp:attachment":[{"href":"https:\/\/mbc-marine.com\/de\/wp-json\/wp\/v2\/media?parent=1158"}],"wp:term":[{"taxonomy":"product_brand","embeddable":true,"href":"https:\/\/mbc-marine.com\/de\/wp-json\/wp\/v2\/product_brand?post=1158"},{"taxonomy":"product_cat","embeddable":true,"href":"https:\/\/mbc-marine.com\/de\/wp-json\/wp\/v2\/product_cat?post=1158"},{"taxonomy":"product_tag","embeddable":true,"href":"https:\/\/mbc-marine.com\/de\/wp-json\/wp\/v2\/product_tag?post=1158"}],"curies":[{"name":"wp","href":"https:\/\/api.w.org\/{rel}","templated":true}]}}