{"id":1172,"date":"2024-08-29T09:30:49","date_gmt":"2024-08-29T07:30:49","guid":{"rendered":"https:\/\/mbc-marine.com\/?post_type=product&#038;p=1172"},"modified":"2026-04-29T19:27:01","modified_gmt":"2026-04-29T17:27:01","slug":"plenumkasten-seite","status":"publish","type":"product","link":"https:\/\/mbc-marine.com\/de\/product\/plenum-box-side\/","title":{"rendered":"PLENUMKASTEN MIT SEITLICHEM LUFTKANALANSCHLUSS"},"content":{"rendered":"<h2>Plenumbox f\u00fcr Marineklimaanlagen von MBC Marine<\/h2>\n<p>Die Luftgitter-Plenumk\u00e4sten sind wesentliche Komponenten von Luftkanalsystemen. Sie spielen eine entscheidende Rolle bei der Gew\u00e4hrleistung einer effizienten Luftverteilung und der Aufrechterhaltung einer optimalen Luftqualit\u00e4t an Bord.<\/p>\n<p><b>Die Bedeutung der Luftgrill-Plenumbox<\/b><\/p>\n<p><b>Effiziente Luftverteilung: Die Hauptfunktion einer Plenumbox besteht darin, sicherzustellen, dass die klimatisierte Luft gleichm\u00e4\u00dfig im gesamten Boot verteilt wird. Sie sammelt die Luft aus der Klimaanlage und leitet sie durch L\u00fcftungsgitter in verschiedene Bereiche des Schiffes, wodurch eine gleichm\u00e4\u00dfige Temperatur und ein angenehmes Raumklima gew\u00e4hrleistet werden.<\/b><\/p>","protected":false},"excerpt":{"rendered":"<table style=\"border-collapse: collapse; width: 100%; height: 79px;\">\n<tbody>\n<tr style=\"height: 23px;\">\n<td style=\"width: 33.333333%; text-align: center; height: 23px;\">Bestellcode<\/td>\n<td style=\"width: 33.333333%; height: 23px;\">Gr\u00f6\u00dfe<\/td>\n<td style=\"width: 33.333333%; height: 23px;\">Flansch (Luftkanalgr\u00f6\u00dfe)<\/td>\n<\/tr>\n<tr style=\"height: 23px;\">\n<td style=\"width: 33.333333%; height: 23px;\">PB-S-2010<\/td>\n<td style=\"width: 33.333333%; height: 23px;\">200 \u00d7 100<\/td>\n<td style=\"width: 33.333333%; height: 23px;\">100 Millimeter<\/td>\n<\/tr>\n<tr style=\"height: 23px;\">\n<td style=\"width: 33.333333%; height: 23px;\">PB-S 2515<\/td>\n<td style=\"width: 33.333333%; height: 23px;\">250 \u00d7 150<\/td>\n<td style=\"width: 33.333333%; height: 23px;\">125 Millimeter<\/td>\n<\/tr>\n<\/tbody>\n<\/table>\n<p>&nbsp;<\/p>","protected":false},"featured_media":1173,"template":"","meta":{"_acf_changed":false},"product_brand":[],"product_cat":[85,35,53],"product_tag":[],"class_list":{"0":"post-1172","1":"product","2":"type-product","3":"status-publish","4":"has-post-thumbnail","6":"product_cat-asb-plenum-box","7":"product_cat-accessories","8":"product_cat-air-distribution","10":"first","11":"instock","12":"shipping-taxable","13":"purchasable","14":"product-type-variable","15":"has-default-attributes"},"acf":[],"_links":{"self":[{"href":"https:\/\/mbc-marine.com\/de\/wp-json\/wp\/v2\/product\/1172","targetHints":{"allow":["GET"]}}],"collection":[{"href":"https:\/\/mbc-marine.com\/de\/wp-json\/wp\/v2\/product"}],"about":[{"href":"https:\/\/mbc-marine.com\/de\/wp-json\/wp\/v2\/types\/product"}],"version-history":[{"count":1,"href":"https:\/\/mbc-marine.com\/de\/wp-json\/wp\/v2\/product\/1172\/revisions"}],"predecessor-version":[{"id":8211,"href":"https:\/\/mbc-marine.com\/de\/wp-json\/wp\/v2\/product\/1172\/revisions\/8211"}],"wp:featuredmedia":[{"embeddable":true,"href":"https:\/\/mbc-marine.com\/de\/wp-json\/wp\/v2\/media\/1173"}],"wp:attachment":[{"href":"https:\/\/mbc-marine.com\/de\/wp-json\/wp\/v2\/media?parent=1172"}],"wp:term":[{"taxonomy":"product_brand","embeddable":true,"href":"https:\/\/mbc-marine.com\/de\/wp-json\/wp\/v2\/product_brand?post=1172"},{"taxonomy":"product_cat","embeddable":true,"href":"https:\/\/mbc-marine.com\/de\/wp-json\/wp\/v2\/product_cat?post=1172"},{"taxonomy":"product_tag","embeddable":true,"href":"https:\/\/mbc-marine.com\/de\/wp-json\/wp\/v2\/product_tag?post=1172"}],"curies":[{"name":"wp","href":"https:\/\/api.w.org\/{rel}","templated":true}]}}