{"id":1178,"date":"2024-08-29T09:32:57","date_gmt":"2024-08-29T07:32:57","guid":{"rendered":"https:\/\/mbc-marine.com\/?post_type=product&#038;p=1178"},"modified":"2025-09-09T13:21:45","modified_gmt":"2025-09-09T11:21:45","slug":"luftminderer","status":"publish","type":"product","link":"https:\/\/mbc-marine.com\/de\/product\/air-reducers\/","title":{"rendered":"Luftminderer"},"content":{"rendered":"<h2>Thermisch und akustisch isolierter Luftkanal mit Baumwollwolleisolierung.<\/h2>\n<p>Der thermisch und akustisch isolierte Luftkanal von MBC-Marine wurde entwickelt, um die Leistung von Klimaanlagen auf Schiffen zu verbessern, indem W\u00e4rmeverluste minimiert und die Ger\u00e4usch\u00fcbertragung reduziert werden.<\/p>\n<p>Dieses spezielle Rohrleitungssystem gew\u00e4hrleistet, dass die klimatisierte Luft w\u00e4hrend des Transports durch die Rohrleitung ihre Temperatur beibeh\u00e4lt, was die Energieeffizienz verbessert. Dar\u00fcber hinaus reduziert die Schalld\u00e4mmung die Betriebsger\u00e4usche und schafft so eine ruhigere und angenehmere Umgebung.<\/p>","protected":false},"excerpt":{"rendered":"<p>ASD-125-100<br \/>\nASD-150-125<\/p>","protected":false},"featured_media":2325,"template":"","meta":{"_acf_changed":false},"product_brand":[],"product_cat":[35,53],"product_tag":[],"class_list":{"0":"post-1178","1":"product","2":"type-product","3":"status-publish","4":"has-post-thumbnail","6":"product_cat-accessories","7":"product_cat-air-distribution","9":"first","10":"instock","11":"shipping-taxable","12":"purchasable","13":"product-type-variable"},"acf":[],"yoast_head":"<!-- This site is optimized with the Yoast SEO Premium plugin v27.3 (Yoast SEO v27.4) - https:\/\/yoast.com\/product\/yoast-seo-premium-wordpress\/ -->\n<title>AIR REDUCERS - MBC Marine<\/title>\n<meta name=\"description\" content=\"Thermally and Acoustically Insulated Air Duct with cotton wool isolate.\" \/>\n<meta name=\"robots\" content=\"index, follow, max-snippet:-1, max-image-preview:large, max-video-preview:-1\" \/>\n<link rel=\"canonical\" href=\"https:\/\/mbc-marine.com\/de\/product\/luftminderer\/\" \/>\n<meta property=\"og:locale\" content=\"de_DE\" \/>\n<meta property=\"og:type\" content=\"article\" \/>\n<meta property=\"og:title\" content=\"AIR REDUCERS\" \/>\n<meta property=\"og:description\" content=\"Thermally and Acoustically Insulated Air Duct with cotton wool isolate.\" \/>\n<meta property=\"og:url\" content=\"https:\/\/mbc-marine.com\/de\/product\/luftminderer\/\" \/>\n<meta property=\"og:site_name\" content=\"MBC Marine\" \/>\n<meta property=\"article:modified_time\" content=\"2025-09-09T11:21:45+00:00\" \/>\n<meta property=\"og:image\" content=\"https:\/\/mbc-marine.com\/wp-content\/uploads\/2024\/08\/13506477_a_1-1.jpg\" \/>\n\t<meta property=\"og:image:width\" content=\"1024\" \/>\n\t<meta property=\"og:image:height\" content=\"1024\" \/>\n\t<meta property=\"og:image:type\" content=\"image\/jpeg\" \/>\n<meta name=\"twitter:card\" content=\"summary_large_image\" \/>\n<meta name=\"twitter:label1\" content=\"Availability\" \/>\n\t<meta name=\"twitter:data1\" content=\"In stock\" \/>\n<script type=\"application\/ld+json\" class=\"yoast-schema-graph\">{\"@context\":\"https:\\\/\\\/schema.org\",\"@graph\":[{\"@type\":[\"WebPage\",\"ItemPage\"],\"@id\":\"https:\\\/\\\/mbc-marine.com\\\/product\\\/air-reducers\\\/\",\"url\":\"https:\\\/\\\/mbc-marine.com\\\/product\\\/air-reducers\\\/\",\"name\":\"AIR REDUCERS - MBC Marine\",\"isPartOf\":{\"@id\":\"https:\\\/\\\/mbc-marine.com\\\/#website\"},\"primaryImageOfPage\":{\"@id\":\"https:\\\/\\\/mbc-marine.com\\\/product\\\/air-reducers\\\/#primaryimage\"},\"image\":{\"@id\":\"https:\\\/\\\/mbc-marine.com\\\/product\\\/air-reducers\\\/#primaryimage\"},\"thumbnailUrl\":\"https:\\\/\\\/mbc-marine.com\\\/wp-content\\\/uploads\\\/2024\\\/08\\\/13506477_a_1-1.jpg?wsr\",\"datePublished\":\"2024-08-29T07:32:57+00:00\",\"dateModified\":\"2025-09-09T11:21:45+00:00\",\"description\":\"Thermally and Acoustically Insulated Air Duct with cotton wool isolate.\",\"breadcrumb\":{\"@id\":\"https:\\\/\\\/mbc-marine.com\\\/product\\\/air-reducers\\\/#breadcrumb\"},\"inLanguage\":\"de\",\"potentialAction\":[{\"@type\":\"ReadAction\",\"target\":[\"https:\\\/\\\/mbc-marine.com\\\/product\\\/air-reducers\\\/\"]}]},{\"@type\":\"ImageObject\",\"inLanguage\":\"de\",\"@id\":\"https:\\\/\\\/mbc-marine.com\\\/product\\\/air-reducers\\\/#primaryimage\",\"url\":\"https:\\\/\\\/mbc-marine.com\\\/wp-content\\\/uploads\\\/2024\\\/08\\\/13506477_a_1-1.jpg?wsr\",\"contentUrl\":\"https:\\\/\\\/mbc-marine.com\\\/wp-content\\\/uploads\\\/2024\\\/08\\\/13506477_a_1-1.jpg?wsr\",\"width\":1024,\"height\":1024,\"caption\":\"AIR REDUCERS\"},{\"@type\":\"BreadcrumbList\",\"@id\":\"https:\\\/\\\/mbc-marine.com\\\/product\\\/air-reducers\\\/#breadcrumb\",\"itemListElement\":[{\"@type\":\"ListItem\",\"position\":1,\"name\":\"Home\",\"item\":\"https:\\\/\\\/mbc-marine.com\\\/\"},{\"@type\":\"ListItem\",\"position\":2,\"name\":\"Shop\",\"item\":\"https:\\\/\\\/mbc-marine.com\\\/shop\\\/\"},{\"@type\":\"ListItem\",\"position\":3,\"name\":\"AIR REDUCERS\"}]},{\"@type\":\"WebSite\",\"@id\":\"https:\\\/\\\/mbc-marine.com\\\/#website\",\"url\":\"https:\\\/\\\/mbc-marine.com\\\/\",\"name\":\"MBC Marine\",\"description\":\"\",\"potentialAction\":[{\"@type\":\"SearchAction\",\"target\":{\"@type\":\"EntryPoint\",\"urlTemplate\":\"https:\\\/\\\/mbc-marine.com\\\/?s={search_term_string}\"},\"query-input\":{\"@type\":\"PropertyValueSpecification\",\"valueRequired\":true,\"valueName\":\"search_term_string\"}}],\"inLanguage\":\"de\"}]}<\/script>\n<meta property=\"og:availability\" content=\"instock\" \/>\n<meta property=\"product:availability\" content=\"instock\" \/>\n<meta property=\"product:condition\" content=\"new\" \/>\n<!-- \/ Yoast SEO Premium plugin. -->","yoast_head_json":{"title":"Luftminderer \u2013 MBC Marine","description":"Thermisch und akustisch isolierter Luftkanal mit Baumwollwolleisolierung.","robots":{"index":"index","follow":"follow","max-snippet":"max-snippet:-1","max-image-preview":"max-image-preview:large","max-video-preview":"max-video-preview:-1"},"canonical":"https:\/\/mbc-marine.com\/de\/product\/luftminderer\/","og_locale":"de_DE","og_type":"article","og_title":"AIR REDUCERS","og_description":"Thermally and Acoustically Insulated Air Duct with cotton wool isolate.","og_url":"https:\/\/mbc-marine.com\/de\/product\/luftminderer\/","og_site_name":"MBC Marine","article_modified_time":"2025-09-09T11:21:45+00:00","og_image":[{"width":1024,"height":1024,"url":"https:\/\/mbc-marine.com\/wp-content\/uploads\/2024\/08\/13506477_a_1-1.jpg","type":"image\/jpeg"}],"twitter_card":"summary_large_image","twitter_misc":{"Availability":"In stock"},"schema":{"@context":"https:\/\/schema.org","@graph":[{"@type":["WebPage","ItemPage"],"@id":"https:\/\/mbc-marine.com\/product\/air-reducers\/","url":"https:\/\/mbc-marine.com\/product\/air-reducers\/","name":"Luftminderer \u2013 MBC Marine","isPartOf":{"@id":"https:\/\/mbc-marine.com\/#website"},"primaryImageOfPage":{"@id":"https:\/\/mbc-marine.com\/product\/air-reducers\/#primaryimage"},"image":{"@id":"https:\/\/mbc-marine.com\/product\/air-reducers\/#primaryimage"},"thumbnailUrl":"https:\/\/mbc-marine.com\/wp-content\/uploads\/2024\/08\/13506477_a_1-1.jpg?wsr","datePublished":"2024-08-29T07:32:57+00:00","dateModified":"2025-09-09T11:21:45+00:00","description":"Thermisch und akustisch isolierter Luftkanal mit Baumwollwolleisolierung.","breadcrumb":{"@id":"https:\/\/mbc-marine.com\/product\/air-reducers\/#breadcrumb"},"inLanguage":"de","potentialAction":[{"@type":"ReadAction","target":["https:\/\/mbc-marine.com\/product\/air-reducers\/"]}]},{"@type":"ImageObject","inLanguage":"de","@id":"https:\/\/mbc-marine.com\/product\/air-reducers\/#primaryimage","url":"https:\/\/mbc-marine.com\/wp-content\/uploads\/2024\/08\/13506477_a_1-1.jpg?wsr","contentUrl":"https:\/\/mbc-marine.com\/wp-content\/uploads\/2024\/08\/13506477_a_1-1.jpg?wsr","width":1024,"height":1024,"caption":"AIR REDUCERS"},{"@type":"BreadcrumbList","@id":"https:\/\/mbc-marine.com\/product\/air-reducers\/#breadcrumb","itemListElement":[{"@type":"ListItem","position":1,"name":"Home","item":"https:\/\/mbc-marine.com\/"},{"@type":"ListItem","position":2,"name":"Shop","item":"https:\/\/mbc-marine.com\/shop\/"},{"@type":"ListItem","position":3,"name":"AIR REDUCERS"}]},{"@type":"WebSite","@id":"https:\/\/mbc-marine.com\/#website","url":"https:\/\/mbc-marine.com\/","name":"MBC Marine","description":"","potentialAction":[{"@type":"SearchAction","target":{"@type":"EntryPoint","urlTemplate":"https:\/\/mbc-marine.com\/?s={search_term_string}"},"query-input":{"@type":"PropertyValueSpecification","valueRequired":true,"valueName":"search_term_string"}}],"inLanguage":"de"}]},"og_availability":"instock","product_availability":"instock","product_condition":"new"},"_links":{"self":[{"href":"https:\/\/mbc-marine.com\/de\/wp-json\/wp\/v2\/product\/1178","targetHints":{"allow":["GET"]}}],"collection":[{"href":"https:\/\/mbc-marine.com\/de\/wp-json\/wp\/v2\/product"}],"about":[{"href":"https:\/\/mbc-marine.com\/de\/wp-json\/wp\/v2\/types\/product"}],"version-history":[{"count":0,"href":"https:\/\/mbc-marine.com\/de\/wp-json\/wp\/v2\/product\/1178\/revisions"}],"wp:featuredmedia":[{"embeddable":true,"href":"https:\/\/mbc-marine.com\/de\/wp-json\/wp\/v2\/media\/2325"}],"wp:attachment":[{"href":"https:\/\/mbc-marine.com\/de\/wp-json\/wp\/v2\/media?parent=1178"}],"wp:term":[{"taxonomy":"product_brand","embeddable":true,"href":"https:\/\/mbc-marine.com\/de\/wp-json\/wp\/v2\/product_brand?post=1178"},{"taxonomy":"product_cat","embeddable":true,"href":"https:\/\/mbc-marine.com\/de\/wp-json\/wp\/v2\/product_cat?post=1178"},{"taxonomy":"product_tag","embeddable":true,"href":"https:\/\/mbc-marine.com\/de\/wp-json\/wp\/v2\/product_tag?post=1178"}],"curies":[{"name":"wp","href":"https:\/\/api.w.org\/{rel}","templated":true}]}}