{"id":1188,"date":"2024-08-29T10:23:10","date_gmt":"2024-08-29T08:23:10","guid":{"rendered":"https:\/\/mbc-marine.com\/?post_type=product&#038;p=1188"},"modified":"2025-09-09T13:22:14","modified_gmt":"2025-09-09T11:22:14","slug":"kugelhahn","status":"publish","type":"product","link":"https:\/\/mbc-marine.com\/de\/product\/ball-valve\/","title":{"rendered":"Kugelhahn"},"content":{"rendered":"","protected":false},"excerpt":{"rendered":"<h2>Zubeh\u00f6r f\u00fcr Meerwasser-Kreisl\u00e4ufe:<\/h2>\n<p>Zubeh\u00f6r f\u00fcr Seewasserkreisl\u00e4ufe sind wichtige Komponenten in Schiffs-Klimaanlagen und K\u00fchlsystemen, darunter Siebe, Pumpen, Schl\u00e4uche und Ventile, die alle f\u00fcr einen effizienten und zuverl\u00e4ssigen Betrieb ausgelegt sind.<\/p>\n<ul>\n<li>Filter entfernen Verunreinigungen aus dem Meerwasser und sch\u00fctzen das System vor Verstopfungen und Besch\u00e4digungen.<\/li>\n<li>Pumpen zirkulieren Meerwasser durch das System und sorgen so f\u00fcr die erforderliche K\u00fchlung.<\/li>\n<li>Schl\u00e4uche und Ventile erm\u00f6glichen den kontrollierten Durchfluss von Meerwasser und gew\u00e4hrleisten so eine optimale Leistung und Langlebigkeit der Schiffsausr\u00fcstung.<\/li>\n<\/ul>\n<p>Dieses Zubeh\u00f6r ist f\u00fcr die Aufrechterhaltung der Effizienz und Zuverl\u00e4ssigkeit von Schiffsk\u00fchlsystemen unerl\u00e4sslich.<\/p>\n<p>MBC Marine bietet seinen Kunden au\u00dferdem eine breite Palette an Zubeh\u00f6r, das beim Verkauf und der Installation von Klimaanlagen hilfreich ist.<\/p>","protected":false},"featured_media":4072,"template":"","meta":{"_acf_changed":false},"product_brand":[],"product_cat":[35,54],"product_tag":[],"class_list":{"0":"post-1188","1":"product","2":"type-product","3":"status-publish","4":"has-post-thumbnail","6":"product_cat-accessories","7":"product_cat-sea-water-circuit","9":"first","10":"instock","11":"shipping-taxable","12":"purchasable","13":"product-type-variable"},"acf":[],"yoast_head":"<!-- This site is optimized with the Yoast SEO Premium plugin v27.3 (Yoast SEO v27.4) - https:\/\/yoast.com\/product\/yoast-seo-premium-wordpress\/ -->\n<title>BALL VALVE - MBC Marine<\/title>\n<meta name=\"description\" content=\"BALL VALVE\" \/>\n<meta name=\"robots\" content=\"index, follow, max-snippet:-1, max-image-preview:large, max-video-preview:-1\" \/>\n<link rel=\"canonical\" href=\"https:\/\/mbc-marine.com\/de\/product\/kugelhahn\/\" \/>\n<meta property=\"og:locale\" content=\"de_DE\" \/>\n<meta property=\"og:type\" content=\"article\" \/>\n<meta property=\"og:title\" content=\"BALL VALVE\" \/>\n<meta property=\"og:description\" content=\"BALL VALVE\" \/>\n<meta property=\"og:url\" content=\"https:\/\/mbc-marine.com\/de\/product\/kugelhahn\/\" \/>\n<meta property=\"og:site_name\" content=\"MBC Marine\" \/>\n<meta property=\"article:modified_time\" content=\"2025-09-09T11:22:14+00:00\" \/>\n<meta property=\"og:image\" content=\"https:\/\/mbc-marine.com\/wp-content\/uploads\/2024\/08\/ball-valve.jpg\" \/>\n\t<meta property=\"og:image:width\" content=\"1920\" \/>\n\t<meta property=\"og:image:height\" content=\"1280\" \/>\n\t<meta property=\"og:image:type\" content=\"image\/jpeg\" \/>\n<meta name=\"twitter:card\" content=\"summary_large_image\" \/>\n<meta name=\"twitter:label1\" content=\"Availability\" \/>\n\t<meta name=\"twitter:data1\" content=\"In stock\" \/>\n<script type=\"application\/ld+json\" class=\"yoast-schema-graph\">{\"@context\":\"https:\\\/\\\/schema.org\",\"@graph\":[{\"@type\":[\"WebPage\",\"ItemPage\"],\"@id\":\"https:\\\/\\\/mbc-marine.com\\\/product\\\/ball-valve\\\/\",\"url\":\"https:\\\/\\\/mbc-marine.com\\\/product\\\/ball-valve\\\/\",\"name\":\"BALL VALVE - MBC Marine\",\"isPartOf\":{\"@id\":\"https:\\\/\\\/mbc-marine.com\\\/#website\"},\"primaryImageOfPage\":{\"@id\":\"https:\\\/\\\/mbc-marine.com\\\/product\\\/ball-valve\\\/#primaryimage\"},\"image\":{\"@id\":\"https:\\\/\\\/mbc-marine.com\\\/product\\\/ball-valve\\\/#primaryimage\"},\"thumbnailUrl\":\"https:\\\/\\\/mbc-marine.com\\\/wp-content\\\/uploads\\\/2024\\\/08\\\/ball-valve.jpg?wsr\",\"datePublished\":\"2024-08-29T08:23:10+00:00\",\"dateModified\":\"2025-09-09T11:22:14+00:00\",\"description\":\"BALL VALVE\",\"breadcrumb\":{\"@id\":\"https:\\\/\\\/mbc-marine.com\\\/product\\\/ball-valve\\\/#breadcrumb\"},\"inLanguage\":\"de\",\"potentialAction\":[{\"@type\":\"ReadAction\",\"target\":[\"https:\\\/\\\/mbc-marine.com\\\/product\\\/ball-valve\\\/\"]}]},{\"@type\":\"ImageObject\",\"inLanguage\":\"de\",\"@id\":\"https:\\\/\\\/mbc-marine.com\\\/product\\\/ball-valve\\\/#primaryimage\",\"url\":\"https:\\\/\\\/mbc-marine.com\\\/wp-content\\\/uploads\\\/2024\\\/08\\\/ball-valve.jpg?wsr\",\"contentUrl\":\"https:\\\/\\\/mbc-marine.com\\\/wp-content\\\/uploads\\\/2024\\\/08\\\/ball-valve.jpg?wsr\",\"width\":1920,\"height\":1280,\"caption\":\"BALL VALVE\"},{\"@type\":\"BreadcrumbList\",\"@id\":\"https:\\\/\\\/mbc-marine.com\\\/product\\\/ball-valve\\\/#breadcrumb\",\"itemListElement\":[{\"@type\":\"ListItem\",\"position\":1,\"name\":\"Home\",\"item\":\"https:\\\/\\\/mbc-marine.com\\\/\"},{\"@type\":\"ListItem\",\"position\":2,\"name\":\"Shop\",\"item\":\"https:\\\/\\\/mbc-marine.com\\\/shop\\\/\"},{\"@type\":\"ListItem\",\"position\":3,\"name\":\"BALL VALVE\"}]},{\"@type\":\"WebSite\",\"@id\":\"https:\\\/\\\/mbc-marine.com\\\/#website\",\"url\":\"https:\\\/\\\/mbc-marine.com\\\/\",\"name\":\"MBC Marine\",\"description\":\"\",\"potentialAction\":[{\"@type\":\"SearchAction\",\"target\":{\"@type\":\"EntryPoint\",\"urlTemplate\":\"https:\\\/\\\/mbc-marine.com\\\/?s={search_term_string}\"},\"query-input\":{\"@type\":\"PropertyValueSpecification\",\"valueRequired\":true,\"valueName\":\"search_term_string\"}}],\"inLanguage\":\"de\"}]}<\/script>\n<meta property=\"og:availability\" content=\"instock\" \/>\n<meta property=\"product:availability\" content=\"instock\" \/>\n<meta property=\"product:condition\" content=\"new\" \/>\n<!-- \/ Yoast SEO Premium plugin. -->","yoast_head_json":{"title":"Kugelhahn \u2013 MBC Marine","description":"Kugelhahn","robots":{"index":"index","follow":"follow","max-snippet":"max-snippet:-1","max-image-preview":"max-image-preview:large","max-video-preview":"max-video-preview:-1"},"canonical":"https:\/\/mbc-marine.com\/de\/product\/kugelhahn\/","og_locale":"de_DE","og_type":"article","og_title":"BALL VALVE","og_description":"BALL VALVE","og_url":"https:\/\/mbc-marine.com\/de\/product\/kugelhahn\/","og_site_name":"MBC Marine","article_modified_time":"2025-09-09T11:22:14+00:00","og_image":[{"width":1920,"height":1280,"url":"https:\/\/mbc-marine.com\/wp-content\/uploads\/2024\/08\/ball-valve.jpg","type":"image\/jpeg"}],"twitter_card":"summary_large_image","twitter_misc":{"Availability":"In stock"},"schema":{"@context":"https:\/\/schema.org","@graph":[{"@type":["WebPage","ItemPage"],"@id":"https:\/\/mbc-marine.com\/product\/ball-valve\/","url":"https:\/\/mbc-marine.com\/product\/ball-valve\/","name":"Kugelhahn \u2013 MBC Marine","isPartOf":{"@id":"https:\/\/mbc-marine.com\/#website"},"primaryImageOfPage":{"@id":"https:\/\/mbc-marine.com\/product\/ball-valve\/#primaryimage"},"image":{"@id":"https:\/\/mbc-marine.com\/product\/ball-valve\/#primaryimage"},"thumbnailUrl":"https:\/\/mbc-marine.com\/wp-content\/uploads\/2024\/08\/ball-valve.jpg?wsr","datePublished":"2024-08-29T08:23:10+00:00","dateModified":"2025-09-09T11:22:14+00:00","description":"Kugelhahn","breadcrumb":{"@id":"https:\/\/mbc-marine.com\/product\/ball-valve\/#breadcrumb"},"inLanguage":"de","potentialAction":[{"@type":"ReadAction","target":["https:\/\/mbc-marine.com\/product\/ball-valve\/"]}]},{"@type":"ImageObject","inLanguage":"de","@id":"https:\/\/mbc-marine.com\/product\/ball-valve\/#primaryimage","url":"https:\/\/mbc-marine.com\/wp-content\/uploads\/2024\/08\/ball-valve.jpg?wsr","contentUrl":"https:\/\/mbc-marine.com\/wp-content\/uploads\/2024\/08\/ball-valve.jpg?wsr","width":1920,"height":1280,"caption":"BALL VALVE"},{"@type":"BreadcrumbList","@id":"https:\/\/mbc-marine.com\/product\/ball-valve\/#breadcrumb","itemListElement":[{"@type":"ListItem","position":1,"name":"Home","item":"https:\/\/mbc-marine.com\/"},{"@type":"ListItem","position":2,"name":"Shop","item":"https:\/\/mbc-marine.com\/shop\/"},{"@type":"ListItem","position":3,"name":"BALL VALVE"}]},{"@type":"WebSite","@id":"https:\/\/mbc-marine.com\/#website","url":"https:\/\/mbc-marine.com\/","name":"MBC Marine","description":"","potentialAction":[{"@type":"SearchAction","target":{"@type":"EntryPoint","urlTemplate":"https:\/\/mbc-marine.com\/?s={search_term_string}"},"query-input":{"@type":"PropertyValueSpecification","valueRequired":true,"valueName":"search_term_string"}}],"inLanguage":"de"}]},"og_availability":"instock","product_availability":"instock","product_condition":"new"},"_links":{"self":[{"href":"https:\/\/mbc-marine.com\/de\/wp-json\/wp\/v2\/product\/1188","targetHints":{"allow":["GET"]}}],"collection":[{"href":"https:\/\/mbc-marine.com\/de\/wp-json\/wp\/v2\/product"}],"about":[{"href":"https:\/\/mbc-marine.com\/de\/wp-json\/wp\/v2\/types\/product"}],"version-history":[{"count":0,"href":"https:\/\/mbc-marine.com\/de\/wp-json\/wp\/v2\/product\/1188\/revisions"}],"wp:featuredmedia":[{"embeddable":true,"href":"https:\/\/mbc-marine.com\/de\/wp-json\/wp\/v2\/media\/4072"}],"wp:attachment":[{"href":"https:\/\/mbc-marine.com\/de\/wp-json\/wp\/v2\/media?parent=1188"}],"wp:term":[{"taxonomy":"product_brand","embeddable":true,"href":"https:\/\/mbc-marine.com\/de\/wp-json\/wp\/v2\/product_brand?post=1188"},{"taxonomy":"product_cat","embeddable":true,"href":"https:\/\/mbc-marine.com\/de\/wp-json\/wp\/v2\/product_cat?post=1188"},{"taxonomy":"product_tag","embeddable":true,"href":"https:\/\/mbc-marine.com\/de\/wp-json\/wp\/v2\/product_tag?post=1188"}],"curies":[{"name":"wp","href":"https:\/\/api.w.org\/{rel}","templated":true}]}}