{"id":1202,"date":"2024-08-29T10:25:58","date_gmt":"2024-08-29T08:25:58","guid":{"rendered":"https:\/\/mbc-marine.com\/?post_type=product&#038;p=1202"},"modified":"2026-04-29T19:19:58","modified_gmt":"2026-04-29T17:19:58","slug":"wasserpumpensystem-12-v","status":"publish","type":"product","link":"https:\/\/mbc-marine.com\/de\/product\/drain-water-pump-system-12v\/","title":{"rendered":"ABWASSERPUMPENSYSTEM 12V"},"content":{"rendered":"","protected":false},"excerpt":{"rendered":"<p>Zubeh\u00f6r f\u00fcr Meerwasser-Kreisl\u00e4ufe:<br \/>\nZubeh\u00f6r f\u00fcr Seewasserkreisl\u00e4ufe sind wichtige Komponenten in Schiffs-Klimaanlagen und K\u00fchlsystemen, darunter Siebe, Pumpen, Schl\u00e4uche und Ventile, die alle f\u00fcr einen effizienten und zuverl\u00e4ssigen Betrieb ausgelegt sind.<\/p>\n<p>Filter entfernen Verunreinigungen aus dem Meerwasser und sch\u00fctzen das System vor Verstopfungen und Besch\u00e4digungen.<br \/>\nPumpen zirkulieren Meerwasser durch das System und sorgen so f\u00fcr die erforderliche K\u00fchlung.<br \/>\nSchl\u00e4uche und Ventile erm\u00f6glichen den kontrollierten Durchfluss von Meerwasser und gew\u00e4hrleisten so eine optimale Leistung und Langlebigkeit der Schiffsausr\u00fcstung.<\/p>\n<p>Dieses Zubeh\u00f6r ist f\u00fcr die Aufrechterhaltung der Effizienz und Zuverl\u00e4ssigkeit von Schiffsk\u00fchlsystemen unerl\u00e4sslich.<\/p>\n<p>MBC Marine bietet seinen Kunden au\u00dferdem eine breite Palette an Zubeh\u00f6r, das beim Verkauf und der Installation von Klimaanlagen hilfreich ist.<\/p>","protected":false},"featured_media":2749,"template":"","meta":{"_acf_changed":false},"product_brand":[],"product_cat":[35,80],"product_tag":[],"class_list":{"0":"post-1202","1":"product","2":"type-product","3":"status-publish","4":"has-post-thumbnail","6":"product_cat-accessories","7":"product_cat-sea-water-filters-and-pipes","9":"first","10":"instock","11":"shipping-taxable","12":"purchasable","13":"product-type-simple"},"acf":[],"_links":{"self":[{"href":"https:\/\/mbc-marine.com\/de\/wp-json\/wp\/v2\/product\/1202","targetHints":{"allow":["GET"]}}],"collection":[{"href":"https:\/\/mbc-marine.com\/de\/wp-json\/wp\/v2\/product"}],"about":[{"href":"https:\/\/mbc-marine.com\/de\/wp-json\/wp\/v2\/types\/product"}],"version-history":[{"count":1,"href":"https:\/\/mbc-marine.com\/de\/wp-json\/wp\/v2\/product\/1202\/revisions"}],"predecessor-version":[{"id":8205,"href":"https:\/\/mbc-marine.com\/de\/wp-json\/wp\/v2\/product\/1202\/revisions\/8205"}],"wp:featuredmedia":[{"embeddable":true,"href":"https:\/\/mbc-marine.com\/de\/wp-json\/wp\/v2\/media\/2749"}],"wp:attachment":[{"href":"https:\/\/mbc-marine.com\/de\/wp-json\/wp\/v2\/media?parent=1202"}],"wp:term":[{"taxonomy":"product_brand","embeddable":true,"href":"https:\/\/mbc-marine.com\/de\/wp-json\/wp\/v2\/product_brand?post=1202"},{"taxonomy":"product_cat","embeddable":true,"href":"https:\/\/mbc-marine.com\/de\/wp-json\/wp\/v2\/product_cat?post=1202"},{"taxonomy":"product_tag","embeddable":true,"href":"https:\/\/mbc-marine.com\/de\/wp-json\/wp\/v2\/product_tag?post=1202"}],"curies":[{"name":"wp","href":"https:\/\/api.w.org\/{rel}","templated":true}]}}