{"id":1205,"date":"2024-08-29T10:26:49","date_gmt":"2024-08-29T08:26:49","guid":{"rendered":"https:\/\/mbc-marine.com\/?post_type=product&#038;p=1205"},"modified":"2026-04-29T19:07:28","modified_gmt":"2026-04-29T17:07:28","slug":"seewasserleitung-armoflex","status":"publish","type":"product","link":"https:\/\/mbc-marine.com\/de\/product\/sea-water-pipe-armoflex\/","title":{"rendered":"SEWASSERLEITUNG ARMOFLEX"},"content":{"rendered":"","protected":false},"excerpt":{"rendered":"<p>Zubeh\u00f6r f\u00fcr Meerwasser-Kreisl\u00e4ufe:<br \/>\nZubeh\u00f6r f\u00fcr Seewasserkreisl\u00e4ufe sind wichtige Komponenten in Schiffs-Klimaanlagen und K\u00fchlsystemen, darunter Siebe, Pumpen, Schl\u00e4uche und Ventile, die alle f\u00fcr einen effizienten und zuverl\u00e4ssigen Betrieb ausgelegt sind.<\/p>\n<ul>\n<li>Filter entfernen Verunreinigungen aus dem Meerwasser und sch\u00fctzen das System vor Verstopfungen und Besch\u00e4digungen.<\/li>\n<li>Pumpen zirkulieren Meerwasser durch das System und sorgen so f\u00fcr die erforderliche K\u00fchlung.<\/li>\n<li>Schl\u00e4uche und Ventile erm\u00f6glichen den kontrollierten Durchfluss von Meerwasser und gew\u00e4hrleisten so eine optimale Leistung und Langlebigkeit der Schiffsausr\u00fcstung.<\/li>\n<\/ul>\n<p>Dieses Zubeh\u00f6r ist f\u00fcr die Aufrechterhaltung der Effizienz und Zuverl\u00e4ssigkeit von Schiffsk\u00fchlsystemen unerl\u00e4sslich.<\/p>\n<p>MBC Marine bietet seinen Kunden au\u00dferdem eine breite Palette an Zubeh\u00f6r, das beim Verkauf und der Installation von Klimaanlagen hilfreich ist.<\/p>","protected":false},"featured_media":6192,"template":"","meta":{"_acf_changed":false},"product_brand":[],"product_cat":[35,80],"product_tag":[],"class_list":{"0":"post-1205","1":"product","2":"type-product","3":"status-publish","4":"has-post-thumbnail","6":"product_cat-accessories","7":"product_cat-sea-water-filters-and-pipes","9":"first","10":"instock","11":"shipping-taxable","12":"product-type-simple"},"acf":[],"_links":{"self":[{"href":"https:\/\/mbc-marine.com\/de\/wp-json\/wp\/v2\/product\/1205","targetHints":{"allow":["GET"]}}],"collection":[{"href":"https:\/\/mbc-marine.com\/de\/wp-json\/wp\/v2\/product"}],"about":[{"href":"https:\/\/mbc-marine.com\/de\/wp-json\/wp\/v2\/types\/product"}],"version-history":[{"count":1,"href":"https:\/\/mbc-marine.com\/de\/wp-json\/wp\/v2\/product\/1205\/revisions"}],"predecessor-version":[{"id":8201,"href":"https:\/\/mbc-marine.com\/de\/wp-json\/wp\/v2\/product\/1205\/revisions\/8201"}],"wp:featuredmedia":[{"embeddable":true,"href":"https:\/\/mbc-marine.com\/de\/wp-json\/wp\/v2\/media\/6192"}],"wp:attachment":[{"href":"https:\/\/mbc-marine.com\/de\/wp-json\/wp\/v2\/media?parent=1205"}],"wp:term":[{"taxonomy":"product_brand","embeddable":true,"href":"https:\/\/mbc-marine.com\/de\/wp-json\/wp\/v2\/product_brand?post=1205"},{"taxonomy":"product_cat","embeddable":true,"href":"https:\/\/mbc-marine.com\/de\/wp-json\/wp\/v2\/product_cat?post=1205"},{"taxonomy":"product_tag","embeddable":true,"href":"https:\/\/mbc-marine.com\/de\/wp-json\/wp\/v2\/product_tag?post=1205"}],"curies":[{"name":"wp","href":"https:\/\/api.w.org\/{rel}","templated":true}]}}