{"id":2348,"date":"2024-10-21T13:13:13","date_gmt":"2024-10-21T11:13:13","guid":{"rendered":"https:\/\/mbc-marine.com\/?post_type=product&#038;p=2348"},"modified":"2025-09-09T13:45:15","modified_gmt":"2025-09-09T11:45:15","slug":"mbc-softstarter","status":"publish","type":"product","link":"https:\/\/mbc-marine.com\/de\/product\/mbc-soft-starter\/","title":{"rendered":"MBC-Softstarter"},"content":{"rendered":"<div data-elementor-type=\"product-post\" data-elementor-id=\"2348\" class=\"elementor elementor-2348\" data-elementor-post-type=\"product\">\n\t\t\t\t\t\t<section class=\"elementor-section elementor-top-section elementor-element elementor-element-614433f9 elementor-section-full_width elementor-section-height-default elementor-section-height-default\" data-id=\"614433f9\" data-element_type=\"section\" data-e-type=\"section\" data-settings=\"{&quot;jet_parallax_layout_list&quot;:[]}\">\n\t\t\t\t\t\t<div class=\"elementor-container elementor-column-gap-default\">\n\t\t\t\t\t<div class=\"elementor-column elementor-col-100 elementor-top-column elementor-element elementor-element-13b62c44\" data-id=\"13b62c44\" data-element_type=\"column\" data-e-type=\"column\">\n\t\t\t<div class=\"elementor-widget-wrap elementor-element-populated\">\n\t\t\t\t\t\t<div class=\"elementor-element elementor-element-234e9939 elementor-widget elementor-widget-text-editor\" data-id=\"234e9939\" data-element_type=\"widget\" data-e-type=\"widget\" data-widget_type=\"text-editor.default\">\n\t\t\t\t<div class=\"elementor-widget-container\">\n\t\t\t\t\t\t\t\t\t<h3>MBC-Softstarter<\/h3><p>MBC Soft Starter \u2013 Die ultimative L\u00f6sung f\u00fcr einen optimierten Start. Der MBC Easy Start erm\u00f6glicht den Betrieb jeder Klimaanlage mit einer Stromquelle mit niedrigerer Spannung, wodurch kein gr\u00f6\u00dferer oder zus\u00e4tzlicher Generator erforderlich ist. Er reduziert den Anlaufstrom des Kompressors erheblich und ist ein speziell f\u00fcr Einphasenmotoren entwickelter Softstarter.<\/p><p>Der MBC-Softstarter nutzt eine vierteilige, selbstoptimierende Startrampensequenz, um einen m\u00f6glichst niedrigen Anlaufstrom zu erzielen. Damit ist er die ideale L\u00f6sung f\u00fcr den Betrieb von Klimaanlagen mit einem Generator oder Wechselrichter, selbst wenn die Netzstromversorgung eingeschr\u00e4nkt ist.<\/p><p><strong>Robustes und sicheres Design<br \/><\/strong><\/p><ul><li style=\"list-style-type: none;\"><ul><li><b>Wetterfestes und feuerfestes Metallgeh\u00e4use:<\/b><br \/>Das pulverbeschichtete Geh\u00e4use gew\u00e4hrleistet Langlebigkeit und maximale Sicherheit.<\/li><li><b>CE-zertifiziert:<\/b><br \/>Entspricht den h\u00f6chsten europ\u00e4ischen Standards.<\/li><li><b>Erh\u00e4ltlich in verschiedenen Gr\u00f6\u00dfen:<\/b><br \/>F\u00fcr verschiedene Anwendungen anpassbar.<\/li><\/ul><\/li><\/ul>\t\t\t\t\t\t\t\t<\/div>\n\t\t\t\t<\/div>\n\t\t\t\t\t<\/div>\n\t\t<\/div>\n\t\t\t\t\t<\/div>\n\t\t<\/section>\n\t\t\t\t<\/div>","protected":false},"excerpt":{"rendered":"<h4>Bitte starten Sie Ihre Schiffsklimaanlage mit einem sanften Start.<\/h4>\n<p style=\"font-size: 16px; margin-bottom: 15px;\">Der Anlaufstrom des Kompressors wird durch das MBC-Softstartger\u00e4t um ca. 50% reduziert.<\/p>\n<p style=\"font-size: 16px;\">Der Anschluss der MBC-Klimaanlagensteuerung an Soft Start ist sehr einfach und erfordert keine besonderen Einstellungen.<\/p>","protected":false},"featured_media":6190,"template":"","meta":{"_acf_changed":false},"product_brand":[],"product_cat":[74],"product_tag":[],"class_list":{"0":"post-2348","1":"product","2":"type-product","3":"status-publish","4":"has-post-thumbnail","6":"product_cat-mbc-soft-starter","8":"first","9":"instock","10":"shipping-taxable","11":"product-type-simple"},"acf":[],"yoast_head":"<!-- This site is optimized with the Yoast SEO Premium plugin v27.3 (Yoast SEO v27.4) - https:\/\/yoast.com\/product\/yoast-seo-premium-wordpress\/ -->\n<title>MBC Soft Starter - MBC Marine<\/title>\n<meta name=\"description\" content=\"MBC Soft Starter\" \/>\n<meta name=\"robots\" content=\"index, follow, max-snippet:-1, max-image-preview:large, max-video-preview:-1\" \/>\n<link rel=\"canonical\" href=\"https:\/\/mbc-marine.com\/de\/product\/mbc-softstarter\/\" \/>\n<meta property=\"og:locale\" content=\"de_DE\" \/>\n<meta property=\"og:type\" content=\"article\" \/>\n<meta property=\"og:title\" content=\"MBC Soft Starter\" \/>\n<meta property=\"og:description\" content=\"MBC Soft Starter\" \/>\n<meta property=\"og:url\" content=\"https:\/\/mbc-marine.com\/de\/product\/mbc-softstarter\/\" \/>\n<meta property=\"og:site_name\" content=\"MBC Marine\" \/>\n<meta property=\"article:modified_time\" content=\"2025-09-09T11:45:15+00:00\" \/>\n<meta property=\"og:image\" content=\"https:\/\/mbc-marine.com\/wp-content\/uploads\/2024\/10\/mbc-soft-starter.png\" \/>\n\t<meta property=\"og:image:width\" content=\"1920\" \/>\n\t<meta property=\"og:image:height\" content=\"1280\" \/>\n\t<meta property=\"og:image:type\" content=\"image\/png\" \/>\n<meta name=\"twitter:card\" content=\"summary_large_image\" \/>\n<meta name=\"twitter:label1\" content=\"Price\" \/>\n\t<meta name=\"twitter:data1\" content=\"\" \/>\n\t<meta name=\"twitter:label2\" content=\"Availability\" \/>\n\t<meta name=\"twitter:data2\" content=\"In stock\" \/>\n<script type=\"application\/ld+json\" class=\"yoast-schema-graph\">{\"@context\":\"https:\\\/\\\/schema.org\",\"@graph\":[{\"@type\":[\"WebPage\",\"ItemPage\"],\"@id\":\"https:\\\/\\\/mbc-marine.com\\\/product\\\/mbc-soft-starter\\\/\",\"url\":\"https:\\\/\\\/mbc-marine.com\\\/product\\\/mbc-soft-starter\\\/\",\"name\":\"MBC Soft Starter - MBC Marine\",\"isPartOf\":{\"@id\":\"https:\\\/\\\/mbc-marine.com\\\/#website\"},\"primaryImageOfPage\":{\"@id\":\"https:\\\/\\\/mbc-marine.com\\\/product\\\/mbc-soft-starter\\\/#primaryimage\"},\"image\":{\"@id\":\"https:\\\/\\\/mbc-marine.com\\\/product\\\/mbc-soft-starter\\\/#primaryimage\"},\"thumbnailUrl\":\"https:\\\/\\\/mbc-marine.com\\\/wp-content\\\/uploads\\\/2024\\\/10\\\/mbc-soft-starter.png?wsr\",\"datePublished\":\"2024-10-21T11:13:13+00:00\",\"dateModified\":\"2025-09-09T11:45:15+00:00\",\"description\":\"MBC Soft Starter\",\"breadcrumb\":{\"@id\":\"https:\\\/\\\/mbc-marine.com\\\/product\\\/mbc-soft-starter\\\/#breadcrumb\"},\"inLanguage\":\"de\",\"potentialAction\":[{\"@type\":\"ReadAction\",\"target\":[\"https:\\\/\\\/mbc-marine.com\\\/product\\\/mbc-soft-starter\\\/\"]}]},{\"@type\":\"ImageObject\",\"inLanguage\":\"de\",\"@id\":\"https:\\\/\\\/mbc-marine.com\\\/product\\\/mbc-soft-starter\\\/#primaryimage\",\"url\":\"https:\\\/\\\/mbc-marine.com\\\/wp-content\\\/uploads\\\/2024\\\/10\\\/mbc-soft-starter.png?wsr\",\"contentUrl\":\"https:\\\/\\\/mbc-marine.com\\\/wp-content\\\/uploads\\\/2024\\\/10\\\/mbc-soft-starter.png?wsr\",\"width\":1920,\"height\":1280,\"caption\":\"MBC Soft Starter\"},{\"@type\":\"BreadcrumbList\",\"@id\":\"https:\\\/\\\/mbc-marine.com\\\/product\\\/mbc-soft-starter\\\/#breadcrumb\",\"itemListElement\":[{\"@type\":\"ListItem\",\"position\":1,\"name\":\"Home\",\"item\":\"https:\\\/\\\/mbc-marine.com\\\/\"},{\"@type\":\"ListItem\",\"position\":2,\"name\":\"Shop\",\"item\":\"https:\\\/\\\/mbc-marine.com\\\/shop\\\/\"},{\"@type\":\"ListItem\",\"position\":3,\"name\":\"MBC Soft Starter\"}]},{\"@type\":\"WebSite\",\"@id\":\"https:\\\/\\\/mbc-marine.com\\\/#website\",\"url\":\"https:\\\/\\\/mbc-marine.com\\\/\",\"name\":\"MBC Marine\",\"description\":\"\",\"potentialAction\":[{\"@type\":\"SearchAction\",\"target\":{\"@type\":\"EntryPoint\",\"urlTemplate\":\"https:\\\/\\\/mbc-marine.com\\\/?s={search_term_string}\"},\"query-input\":{\"@type\":\"PropertyValueSpecification\",\"valueRequired\":true,\"valueName\":\"search_term_string\"}}],\"inLanguage\":\"de\"}]}<\/script>\n<meta property=\"product:price:currency\" content=\"EUR\" \/>\n<meta property=\"og:availability\" content=\"instock\" \/>\n<meta property=\"product:availability\" content=\"instock\" \/>\n<meta property=\"product:condition\" content=\"new\" \/>\n<!-- \/ Yoast SEO Premium plugin. -->","yoast_head_json":{"title":"MBC Softstarter \u2013 MBC Marine","description":"MBC-Softstarter","robots":{"index":"index","follow":"follow","max-snippet":"max-snippet:-1","max-image-preview":"max-image-preview:large","max-video-preview":"max-video-preview:-1"},"canonical":"https:\/\/mbc-marine.com\/de\/product\/mbc-softstarter\/","og_locale":"de_DE","og_type":"article","og_title":"MBC Soft Starter","og_description":"MBC Soft Starter","og_url":"https:\/\/mbc-marine.com\/de\/product\/mbc-softstarter\/","og_site_name":"MBC Marine","article_modified_time":"2025-09-09T11:45:15+00:00","og_image":[{"width":1920,"height":1280,"url":"https:\/\/mbc-marine.com\/wp-content\/uploads\/2024\/10\/mbc-soft-starter.png","type":"image\/png"}],"twitter_card":"summary_large_image","twitter_misc":{"Price":"","Availability":"In stock"},"schema":{"@context":"https:\/\/schema.org","@graph":[{"@type":["WebPage","ItemPage"],"@id":"https:\/\/mbc-marine.com\/product\/mbc-soft-starter\/","url":"https:\/\/mbc-marine.com\/product\/mbc-soft-starter\/","name":"MBC Softstarter \u2013 MBC Marine","isPartOf":{"@id":"https:\/\/mbc-marine.com\/#website"},"primaryImageOfPage":{"@id":"https:\/\/mbc-marine.com\/product\/mbc-soft-starter\/#primaryimage"},"image":{"@id":"https:\/\/mbc-marine.com\/product\/mbc-soft-starter\/#primaryimage"},"thumbnailUrl":"https:\/\/mbc-marine.com\/wp-content\/uploads\/2024\/10\/mbc-soft-starter.png?wsr","datePublished":"2024-10-21T11:13:13+00:00","dateModified":"2025-09-09T11:45:15+00:00","description":"MBC-Softstarter","breadcrumb":{"@id":"https:\/\/mbc-marine.com\/product\/mbc-soft-starter\/#breadcrumb"},"inLanguage":"de","potentialAction":[{"@type":"ReadAction","target":["https:\/\/mbc-marine.com\/product\/mbc-soft-starter\/"]}]},{"@type":"ImageObject","inLanguage":"de","@id":"https:\/\/mbc-marine.com\/product\/mbc-soft-starter\/#primaryimage","url":"https:\/\/mbc-marine.com\/wp-content\/uploads\/2024\/10\/mbc-soft-starter.png?wsr","contentUrl":"https:\/\/mbc-marine.com\/wp-content\/uploads\/2024\/10\/mbc-soft-starter.png?wsr","width":1920,"height":1280,"caption":"MBC Soft Starter"},{"@type":"BreadcrumbList","@id":"https:\/\/mbc-marine.com\/product\/mbc-soft-starter\/#breadcrumb","itemListElement":[{"@type":"ListItem","position":1,"name":"Home","item":"https:\/\/mbc-marine.com\/"},{"@type":"ListItem","position":2,"name":"Shop","item":"https:\/\/mbc-marine.com\/shop\/"},{"@type":"ListItem","position":3,"name":"MBC Soft Starter"}]},{"@type":"WebSite","@id":"https:\/\/mbc-marine.com\/#website","url":"https:\/\/mbc-marine.com\/","name":"MBC Marine","description":"","potentialAction":[{"@type":"SearchAction","target":{"@type":"EntryPoint","urlTemplate":"https:\/\/mbc-marine.com\/?s={search_term_string}"},"query-input":{"@type":"PropertyValueSpecification","valueRequired":true,"valueName":"search_term_string"}}],"inLanguage":"de"}]},"product_price_currency":"EUR","og_availability":"instock","product_availability":"instock","product_condition":"new"},"_links":{"self":[{"href":"https:\/\/mbc-marine.com\/de\/wp-json\/wp\/v2\/product\/2348","targetHints":{"allow":["GET"]}}],"collection":[{"href":"https:\/\/mbc-marine.com\/de\/wp-json\/wp\/v2\/product"}],"about":[{"href":"https:\/\/mbc-marine.com\/de\/wp-json\/wp\/v2\/types\/product"}],"version-history":[{"count":0,"href":"https:\/\/mbc-marine.com\/de\/wp-json\/wp\/v2\/product\/2348\/revisions"}],"wp:featuredmedia":[{"embeddable":true,"href":"https:\/\/mbc-marine.com\/de\/wp-json\/wp\/v2\/media\/6190"}],"wp:attachment":[{"href":"https:\/\/mbc-marine.com\/de\/wp-json\/wp\/v2\/media?parent=2348"}],"wp:term":[{"taxonomy":"product_brand","embeddable":true,"href":"https:\/\/mbc-marine.com\/de\/wp-json\/wp\/v2\/product_brand?post=2348"},{"taxonomy":"product_cat","embeddable":true,"href":"https:\/\/mbc-marine.com\/de\/wp-json\/wp\/v2\/product_cat?post=2348"},{"taxonomy":"product_tag","embeddable":true,"href":"https:\/\/mbc-marine.com\/de\/wp-json\/wp\/v2\/product_tag?post=2348"}],"curies":[{"name":"wp","href":"https:\/\/api.w.org\/{rel}","templated":true}]}}