{"id":2382,"date":"2024-10-21T13:38:29","date_gmt":"2024-10-21T11:38:29","guid":{"rendered":"https:\/\/mbc-marine.com\/?post_type=product&#038;p=2382"},"modified":"2025-09-09T13:45:23","modified_gmt":"2025-09-09T11:45:23","slug":"mp-20-r-meerwasserpumpe","status":"publish","type":"product","link":"https:\/\/mbc-marine.com\/de\/product\/mp-20-r-sea-water-pump\/","title":{"rendered":"MP20-R Meerwasserpumpe"},"content":{"rendered":"<div data-elementor-type=\"product-post\" data-elementor-id=\"2382\" class=\"elementor elementor-2382\" data-elementor-post-type=\"product\">\n\t\t\t\t\t\t<section class=\"elementor-section elementor-top-section elementor-element elementor-element-42bf677e elementor-section-full_width elementor-section-height-default elementor-section-height-default\" data-id=\"42bf677e\" data-element_type=\"section\" data-e-type=\"section\" data-settings=\"{&quot;jet_parallax_layout_list&quot;:[]}\">\n\t\t\t\t\t\t<div class=\"elementor-container elementor-column-gap-default\">\n\t\t\t\t\t<div class=\"elementor-column elementor-col-100 elementor-top-column elementor-element elementor-element-3779d6b8\" data-id=\"3779d6b8\" data-element_type=\"column\" data-e-type=\"column\">\n\t\t\t<div class=\"elementor-widget-wrap elementor-element-populated\">\n\t\t\t\t\t\t<div class=\"elementor-element elementor-element-2d60f6f9 elementor-widget elementor-widget-text-editor\" data-id=\"2d60f6f9\" data-element_type=\"widget\" data-e-type=\"widget\" data-widget_type=\"text-editor.default\">\n\t\t\t\t<div class=\"elementor-widget-container\">\n\t\t\t\t\t\t\t\t\t<h5><span style=\"font-size: 12pt; font-family: arial, helvetica, sans-serif;\">Die MBC MD-20R ist eine kompakte, magnetgekoppelte Zentrifugalpumpe, die f\u00fcr den Dauerbetrieb in maritimen und technischen Umgebungen ausgelegt ist. Durch ihre dichtungslose Konstruktion besteht keine Leckagegefahr, sodass sie sich ideal f\u00fcr geschlossene K\u00fchlwassersysteme eignet.<\/span><br \/><span style=\"font-size: 12pt; font-family: arial, helvetica, sans-serif;\">Ausgestattet mit einem 220-V-Motor, einer Keramikwelle und einem chemisch best\u00e4ndigen Polypropylengeh\u00e4use bietet der MD-20R eine Durchflussrate von bis zu 31 l\/min bei einer maximalen F\u00f6rderh\u00f6he von 2,5 Metern \u2013 ideal geeignet f\u00fcr 230-V-basierte Klimaanlagen an Bord.<\/span><br \/><span style=\"font-size: 12pt; font-family: arial, helvetica, sans-serif;\">Der 20-mm-Schlauchanschluss gew\u00e4hrleistet die Kompatibilit\u00e4t mit Standard-Schiffssanit\u00e4ranlagen, w\u00e4hrend der leise und energieeffiziente Betrieb einen langfristigen Einsatz bei minimalem Wartungsaufwand erm\u00f6glicht.<\/span><\/h5>\t\t\t\t\t\t\t\t<\/div>\n\t\t\t\t<\/div>\n\t\t\t\t\t<\/div>\n\t\t<\/div>\n\t\t\t\t\t<\/div>\n\t\t<\/section>\n\t\t\t\t<\/div>","protected":false},"excerpt":{"rendered":"<div class=\"_tableContainer_80l1q_1\">\n<div class=\"_tableWrapper_80l1q_14 group flex w-fit flex-col-reverse\" tabindex=\"-1\">\n<table class=\"w-fit min-w-(--thread-content-width)\" style=\"width: 101.067416%; height: 573px;\" data-start=\"418\" data-end=\"2245\">\n<thead data-start=\"418\" data-end=\"496\">\n<tr data-start=\"418\" data-end=\"496\">\n<th data-start=\"418\" data-end=\"451\" data-col-size=\"sm\"><strong data-start=\"420\" data-end=\"437\">Spezifikation<\/strong><\/th>\n<th data-start=\"451\" data-end=\"496\" data-col-size=\"md\"><strong data-start=\"453\" data-end=\"462\">Wert<\/strong><\/th>\n<\/tr>\n<\/thead>\n<tbody data-start=\"575\" data-end=\"2245\">\n<tr data-start=\"575\" data-end=\"652\">\n<td data-start=\"575\" data-end=\"607\" data-col-size=\"sm\">Modell<\/td>\n<td data-col-size=\"md\" data-start=\"607\" data-end=\"652\">MBC MP-20R (220 V)<\/td>\n<\/tr>\n<tr data-start=\"653\" data-end=\"730\">\n<td data-start=\"653\" data-end=\"685\" data-col-size=\"sm\">Pumpentyp<\/td>\n<td data-col-size=\"md\" data-start=\"685\" data-end=\"730\">Magnetisch angetriebene Zentrifuge (dichtungslos)<\/td>\n<\/tr>\n<tr data-start=\"731\" data-end=\"808\">\n<td data-start=\"731\" data-end=\"763\" data-col-size=\"sm\">Nennspannung<\/td>\n<td data-col-size=\"md\" data-start=\"763\" data-end=\"808\">220 V Wechselstrom<\/td>\n<\/tr>\n<tr data-start=\"809\" data-end=\"887\">\n<td data-start=\"809\" data-end=\"841\" data-col-size=\"sm\">Motorleistung<\/td>\n<td data-col-size=\"md\" data-start=\"841\" data-end=\"887\">~20 W<\/td>\n<\/tr>\n<tr data-start=\"888\" data-end=\"965\">\n<td data-start=\"888\" data-end=\"920\" data-col-size=\"sm\">Geschwindigkeit<\/td>\n<td data-col-size=\"md\" data-start=\"920\" data-end=\"965\">~3100 U\/min<\/td>\n<\/tr>\n<tr data-start=\"966\" data-end=\"1043\">\n<td data-start=\"966\" data-end=\"998\" data-col-size=\"sm\">Maximale Durchflussrate<\/td>\n<td data-col-size=\"md\" data-start=\"998\" data-end=\"1043\">~27 l\/min<\/td>\n<\/tr>\n<tr data-start=\"1044\" data-end=\"1121\">\n<td data-start=\"1044\" data-end=\"1076\" data-col-size=\"sm\">Maximale F\u00f6rderh\u00f6he<\/td>\n<td data-col-size=\"md\" data-start=\"1076\" data-end=\"1121\">~2,5 m<\/td>\n<\/tr>\n<tr data-start=\"1122\" data-end=\"1199\">\n<td data-start=\"1122\" data-end=\"1154\" data-col-size=\"sm\">Stromaufnahme<\/td>\n<td data-col-size=\"md\" data-start=\"1154\" data-end=\"1199\">~0,22\u20130,25 A<\/td>\n<\/tr>\n<tr data-start=\"1200\" data-end=\"1281\">\n<td data-start=\"1200\" data-end=\"1232\" data-col-size=\"sm\">Baustoff<\/td>\n<td data-col-size=\"md\" data-start=\"1232\" data-end=\"1281\">Glasfaserverst\u00e4rktes Polypropylen (GFK-PP)<\/td>\n<\/tr>\n<tr data-start=\"1282\" data-end=\"1359\">\n<td data-start=\"1282\" data-end=\"1314\" data-col-size=\"sm\">Welle<\/td>\n<td data-col-size=\"md\" data-start=\"1314\" data-end=\"1359\">Keramik<\/td>\n<\/tr>\n<tr data-start=\"1360\" data-end=\"1437\">\n<td data-start=\"1360\" data-end=\"1392\" data-col-size=\"sm\">Lager<\/td>\n<td data-col-size=\"md\" data-start=\"1392\" data-end=\"1437\">PTFE (Teflon)<\/td>\n<\/tr>\n<tr data-start=\"1438\" data-end=\"1515\">\n<td data-start=\"1438\" data-end=\"1470\" data-col-size=\"sm\">Fl\u00fcgelrad<\/td>\n<td data-col-size=\"md\" data-start=\"1470\" data-end=\"1515\">GFR-PP, geschlossenes Design<\/td>\n<\/tr>\n<tr data-start=\"1516\" data-end=\"1593\">\n<td data-start=\"1516\" data-end=\"1548\" data-col-size=\"sm\">Versiegelung<\/td>\n<td data-col-size=\"md\" data-start=\"1548\" data-end=\"1593\">Dichtungslos (Magnetkupplung)<\/td>\n<\/tr>\n<tr data-start=\"1594\" data-end=\"1671\">\n<td data-start=\"1594\" data-end=\"1626\" data-col-size=\"sm\">Einlass-\/Auslassanschluss<\/td>\n<td data-col-size=\"md\" data-start=\"1626\" data-end=\"1671\">20-mm-Schlauchanschluss<\/td>\n<\/tr>\n<tr data-start=\"1672\" data-end=\"1749\">\n<td data-start=\"1672\" data-end=\"1704\" data-col-size=\"sm\">Beilage<\/td>\n<td data-col-size=\"md\" data-start=\"1704\" data-end=\"1749\">Vollst\u00e4ndig geschlossen, nicht bel\u00fcftet (TENV)<\/td>\n<\/tr>\n<tr data-start=\"1750\" data-end=\"1827\">\n<td data-start=\"1750\" data-end=\"1782\" data-col-size=\"sm\">Maximale spezifische Dichte der Fl\u00fcssigkeit<\/td>\n<td data-col-size=\"md\" data-start=\"1782\" data-end=\"1827\">~1,1 kg\/l<\/td>\n<\/tr>\n<tr data-start=\"1828\" data-end=\"1905\">\n<td data-start=\"1828\" data-end=\"1860\" data-col-size=\"sm\">Isolationsklasse<\/td>\n<td data-col-size=\"md\" data-start=\"1860\" data-end=\"1905\">Klasse E oder h\u00f6her<\/td>\n<\/tr>\n<tr data-start=\"1906\" data-end=\"1983\">\n<td data-start=\"1906\" data-end=\"1938\" data-col-size=\"sm\">Betriebsmodus<\/td>\n<td data-col-size=\"md\" data-start=\"1938\" data-end=\"1983\">Kontinuierlich<\/td>\n<\/tr>\n<tr data-start=\"1984\" data-end=\"2061\">\n<td data-start=\"1984\" data-end=\"2016\" data-col-size=\"sm\">Ger\u00e4uschpegel<\/td>\n<td data-col-size=\"md\" data-start=\"2016\" data-end=\"2061\">Niedrig (leiser Betrieb)<\/td>\n<\/tr>\n<tr data-start=\"2062\" data-end=\"2139\">\n<td data-start=\"2062\" data-end=\"2094\" data-col-size=\"sm\">Gewicht<\/td>\n<td data-col-size=\"md\" data-start=\"2094\" data-end=\"2139\">1,8 kg<\/td>\n<\/tr>\n<tr data-start=\"2140\" data-end=\"2245\">\n<td data-start=\"2140\" data-end=\"2172\" data-col-size=\"sm\"><\/td>\n<td data-col-size=\"md\" data-start=\"2172\" data-end=\"2245\"><\/td>\n<\/tr>\n<\/tbody>\n<\/table>\n<div class=\"sticky end-(--thread-content-margin) h-0 self-end select-none\">\n<div class=\"absolute end-0 flex items-end\"><\/div>\n<\/div>\n<\/div>\n<\/div>","protected":false},"featured_media":2369,"template":"","meta":{"_acf_changed":false},"product_brand":[],"product_cat":[75],"product_tag":[],"class_list":{"0":"post-2382","1":"product","2":"type-product","3":"status-publish","4":"has-post-thumbnail","6":"product_cat-sea-water-pump","8":"first","9":"instock","10":"shipping-taxable","11":"product-type-simple"},"acf":[],"yoast_head":"<!-- This site is optimized with the Yoast SEO Premium plugin v27.3 (Yoast SEO v27.4) - https:\/\/yoast.com\/product\/yoast-seo-premium-wordpress\/ -->\n<title>MP20-R Sea Water Pump - MBC Marine<\/title>\n<meta name=\"description\" content=\"MP20-R Sea Water Pump\" \/>\n<meta name=\"robots\" content=\"index, follow, max-snippet:-1, max-image-preview:large, max-video-preview:-1\" \/>\n<link rel=\"canonical\" href=\"https:\/\/mbc-marine.com\/de\/product\/mp-20-r-meerwasserpumpe\/\" \/>\n<meta property=\"og:locale\" content=\"de_DE\" \/>\n<meta property=\"og:type\" content=\"article\" \/>\n<meta property=\"og:title\" content=\"MP20-R Sea Water Pump\" \/>\n<meta property=\"og:description\" content=\"MP20-R Sea Water Pump\" \/>\n<meta property=\"og:url\" content=\"https:\/\/mbc-marine.com\/de\/product\/mp-20-r-meerwasserpumpe\/\" \/>\n<meta property=\"og:site_name\" content=\"MBC Marine\" \/>\n<meta property=\"article:modified_time\" content=\"2025-09-09T11:45:23+00:00\" \/>\n<meta property=\"og:image\" content=\"https:\/\/mbc-marine.com\/wp-content\/uploads\/2024\/10\/MP-series-3.jpg\" \/>\n\t<meta property=\"og:image:width\" content=\"1920\" \/>\n\t<meta property=\"og:image:height\" content=\"1282\" \/>\n\t<meta property=\"og:image:type\" content=\"image\/jpeg\" \/>\n<meta name=\"twitter:card\" content=\"summary_large_image\" \/>\n<meta name=\"twitter:label1\" content=\"Price\" \/>\n\t<meta name=\"twitter:data1\" content=\"\" \/>\n\t<meta name=\"twitter:label2\" content=\"Availability\" \/>\n\t<meta name=\"twitter:data2\" content=\"In stock\" \/>\n<script type=\"application\/ld+json\" class=\"yoast-schema-graph\">{\"@context\":\"https:\\\/\\\/schema.org\",\"@graph\":[{\"@type\":[\"WebPage\",\"ItemPage\"],\"@id\":\"https:\\\/\\\/mbc-marine.com\\\/product\\\/mp-20-r-sea-water-pump\\\/\",\"url\":\"https:\\\/\\\/mbc-marine.com\\\/product\\\/mp-20-r-sea-water-pump\\\/\",\"name\":\"MP20-R Sea Water Pump - MBC Marine\",\"isPartOf\":{\"@id\":\"https:\\\/\\\/mbc-marine.com\\\/#website\"},\"primaryImageOfPage\":{\"@id\":\"https:\\\/\\\/mbc-marine.com\\\/product\\\/mp-20-r-sea-water-pump\\\/#primaryimage\"},\"image\":{\"@id\":\"https:\\\/\\\/mbc-marine.com\\\/product\\\/mp-20-r-sea-water-pump\\\/#primaryimage\"},\"thumbnailUrl\":\"https:\\\/\\\/mbc-marine.com\\\/wp-content\\\/uploads\\\/2024\\\/10\\\/MP-series-3.jpg?wsr\",\"datePublished\":\"2024-10-21T11:38:29+00:00\",\"dateModified\":\"2025-09-09T11:45:23+00:00\",\"description\":\"MP20-R Sea Water Pump\",\"breadcrumb\":{\"@id\":\"https:\\\/\\\/mbc-marine.com\\\/product\\\/mp-20-r-sea-water-pump\\\/#breadcrumb\"},\"inLanguage\":\"de\",\"potentialAction\":[{\"@type\":\"ReadAction\",\"target\":[\"https:\\\/\\\/mbc-marine.com\\\/product\\\/mp-20-r-sea-water-pump\\\/\"]}]},{\"@type\":\"ImageObject\",\"inLanguage\":\"de\",\"@id\":\"https:\\\/\\\/mbc-marine.com\\\/product\\\/mp-20-r-sea-water-pump\\\/#primaryimage\",\"url\":\"https:\\\/\\\/mbc-marine.com\\\/wp-content\\\/uploads\\\/2024\\\/10\\\/MP-series-3.jpg?wsr\",\"contentUrl\":\"https:\\\/\\\/mbc-marine.com\\\/wp-content\\\/uploads\\\/2024\\\/10\\\/MP-series-3.jpg?wsr\",\"width\":1920,\"height\":1282},{\"@type\":\"BreadcrumbList\",\"@id\":\"https:\\\/\\\/mbc-marine.com\\\/product\\\/mp-20-r-sea-water-pump\\\/#breadcrumb\",\"itemListElement\":[{\"@type\":\"ListItem\",\"position\":1,\"name\":\"Home\",\"item\":\"https:\\\/\\\/mbc-marine.com\\\/\"},{\"@type\":\"ListItem\",\"position\":2,\"name\":\"Shop\",\"item\":\"https:\\\/\\\/mbc-marine.com\\\/shop\\\/\"},{\"@type\":\"ListItem\",\"position\":3,\"name\":\"MP20-R Sea Water Pump\"}]},{\"@type\":\"WebSite\",\"@id\":\"https:\\\/\\\/mbc-marine.com\\\/#website\",\"url\":\"https:\\\/\\\/mbc-marine.com\\\/\",\"name\":\"MBC Marine\",\"description\":\"\",\"potentialAction\":[{\"@type\":\"SearchAction\",\"target\":{\"@type\":\"EntryPoint\",\"urlTemplate\":\"https:\\\/\\\/mbc-marine.com\\\/?s={search_term_string}\"},\"query-input\":{\"@type\":\"PropertyValueSpecification\",\"valueRequired\":true,\"valueName\":\"search_term_string\"}}],\"inLanguage\":\"de\"}]}<\/script>\n<meta property=\"product:price:currency\" content=\"EUR\" \/>\n<meta property=\"og:availability\" content=\"instock\" \/>\n<meta property=\"product:availability\" content=\"instock\" \/>\n<meta property=\"product:condition\" content=\"new\" \/>\n<!-- \/ Yoast SEO Premium plugin. -->","yoast_head_json":{"title":"MP20-R Seewasserpumpe \u2013 MBC Marine","description":"MP20-R Meerwasserpumpe","robots":{"index":"index","follow":"follow","max-snippet":"max-snippet:-1","max-image-preview":"max-image-preview:large","max-video-preview":"max-video-preview:-1"},"canonical":"https:\/\/mbc-marine.com\/de\/product\/mp-20-r-meerwasserpumpe\/","og_locale":"de_DE","og_type":"article","og_title":"MP20-R Sea Water Pump","og_description":"MP20-R Sea Water Pump","og_url":"https:\/\/mbc-marine.com\/de\/product\/mp-20-r-meerwasserpumpe\/","og_site_name":"MBC Marine","article_modified_time":"2025-09-09T11:45:23+00:00","og_image":[{"width":1920,"height":1282,"url":"https:\/\/mbc-marine.com\/wp-content\/uploads\/2024\/10\/MP-series-3.jpg","type":"image\/jpeg"}],"twitter_card":"summary_large_image","twitter_misc":{"Price":"","Availability":"In stock"},"schema":{"@context":"https:\/\/schema.org","@graph":[{"@type":["WebPage","ItemPage"],"@id":"https:\/\/mbc-marine.com\/product\/mp-20-r-sea-water-pump\/","url":"https:\/\/mbc-marine.com\/product\/mp-20-r-sea-water-pump\/","name":"MP20-R Seewasserpumpe \u2013 MBC Marine","isPartOf":{"@id":"https:\/\/mbc-marine.com\/#website"},"primaryImageOfPage":{"@id":"https:\/\/mbc-marine.com\/product\/mp-20-r-sea-water-pump\/#primaryimage"},"image":{"@id":"https:\/\/mbc-marine.com\/product\/mp-20-r-sea-water-pump\/#primaryimage"},"thumbnailUrl":"https:\/\/mbc-marine.com\/wp-content\/uploads\/2024\/10\/MP-series-3.jpg?wsr","datePublished":"2024-10-21T11:38:29+00:00","dateModified":"2025-09-09T11:45:23+00:00","description":"MP20-R Meerwasserpumpe","breadcrumb":{"@id":"https:\/\/mbc-marine.com\/product\/mp-20-r-sea-water-pump\/#breadcrumb"},"inLanguage":"de","potentialAction":[{"@type":"ReadAction","target":["https:\/\/mbc-marine.com\/product\/mp-20-r-sea-water-pump\/"]}]},{"@type":"ImageObject","inLanguage":"de","@id":"https:\/\/mbc-marine.com\/product\/mp-20-r-sea-water-pump\/#primaryimage","url":"https:\/\/mbc-marine.com\/wp-content\/uploads\/2024\/10\/MP-series-3.jpg?wsr","contentUrl":"https:\/\/mbc-marine.com\/wp-content\/uploads\/2024\/10\/MP-series-3.jpg?wsr","width":1920,"height":1282},{"@type":"BreadcrumbList","@id":"https:\/\/mbc-marine.com\/product\/mp-20-r-sea-water-pump\/#breadcrumb","itemListElement":[{"@type":"ListItem","position":1,"name":"Home","item":"https:\/\/mbc-marine.com\/"},{"@type":"ListItem","position":2,"name":"Shop","item":"https:\/\/mbc-marine.com\/shop\/"},{"@type":"ListItem","position":3,"name":"MP20-R Sea Water Pump"}]},{"@type":"WebSite","@id":"https:\/\/mbc-marine.com\/#website","url":"https:\/\/mbc-marine.com\/","name":"MBC Marine","description":"","potentialAction":[{"@type":"SearchAction","target":{"@type":"EntryPoint","urlTemplate":"https:\/\/mbc-marine.com\/?s={search_term_string}"},"query-input":{"@type":"PropertyValueSpecification","valueRequired":true,"valueName":"search_term_string"}}],"inLanguage":"de"}]},"product_price_currency":"EUR","og_availability":"instock","product_availability":"instock","product_condition":"new"},"_links":{"self":[{"href":"https:\/\/mbc-marine.com\/de\/wp-json\/wp\/v2\/product\/2382","targetHints":{"allow":["GET"]}}],"collection":[{"href":"https:\/\/mbc-marine.com\/de\/wp-json\/wp\/v2\/product"}],"about":[{"href":"https:\/\/mbc-marine.com\/de\/wp-json\/wp\/v2\/types\/product"}],"version-history":[{"count":0,"href":"https:\/\/mbc-marine.com\/de\/wp-json\/wp\/v2\/product\/2382\/revisions"}],"wp:featuredmedia":[{"embeddable":true,"href":"https:\/\/mbc-marine.com\/de\/wp-json\/wp\/v2\/media\/2369"}],"wp:attachment":[{"href":"https:\/\/mbc-marine.com\/de\/wp-json\/wp\/v2\/media?parent=2382"}],"wp:term":[{"taxonomy":"product_brand","embeddable":true,"href":"https:\/\/mbc-marine.com\/de\/wp-json\/wp\/v2\/product_brand?post=2382"},{"taxonomy":"product_cat","embeddable":true,"href":"https:\/\/mbc-marine.com\/de\/wp-json\/wp\/v2\/product_cat?post=2382"},{"taxonomy":"product_tag","embeddable":true,"href":"https:\/\/mbc-marine.com\/de\/wp-json\/wp\/v2\/product_tag?post=2382"}],"curies":[{"name":"wp","href":"https:\/\/api.w.org\/{rel}","templated":true}]}}