{"id":2390,"date":"2024-10-21T13:40:02","date_gmt":"2024-10-21T11:40:02","guid":{"rendered":"https:\/\/mbc-marine.com\/?post_type=product&#038;p=2390"},"modified":"2026-04-29T17:41:42","modified_gmt":"2026-04-29T15:41:42","slug":"mp-40-r-meerwasserpumpe","status":"publish","type":"product","link":"https:\/\/mbc-marine.com\/de\/product\/mp-40-r-sea-water-pump\/","title":{"rendered":"MP40-R Meerwasserpumpe"},"content":{"rendered":"<div data-elementor-type=\"product-post\" data-elementor-id=\"2390\" class=\"elementor elementor-2390\" data-elementor-post-type=\"product\">\n\t\t\t\t\t\t<section class=\"elementor-section elementor-top-section elementor-element elementor-element-42bf677e elementor-section-full_width elementor-section-height-default elementor-section-height-default\" data-id=\"42bf677e\" data-element_type=\"section\" data-e-type=\"section\" data-settings=\"{&quot;jet_parallax_layout_list&quot;:[]}\">\n\t\t\t\t\t\t<div class=\"elementor-container elementor-column-gap-default\">\n\t\t\t\t\t<div class=\"elementor-column elementor-col-100 elementor-top-column elementor-element elementor-element-3779d6b8\" data-id=\"3779d6b8\" data-element_type=\"column\" data-e-type=\"column\">\n\t\t\t<div class=\"elementor-widget-wrap elementor-element-populated\">\n\t\t\t\t\t\t<div class=\"elementor-element elementor-element-2d60f6f9 elementor-widget elementor-widget-text-editor\" data-id=\"2d60f6f9\" data-element_type=\"widget\" data-e-type=\"widget\" data-widget_type=\"text-editor.default\">\n\t\t\t\t<div class=\"elementor-widget-container\">\n\t\t\t\t\t\t\t\t\t<div class=\"page\" title=\"Seite 15\"><div class=\"section\"><div class=\"layoutArea\"><div class=\"column\"><h5><span style=\"font-size: 12pt; font-family: arial, helvetica, sans-serif;\">Die MBC MP-40R ist eine robuste Zentrifugalpumpe mit Magnetantrieb, die f\u00fcr den Dauerbetrieb ausgelegt ist. <strong data-start=\"246\" data-end=\"270\">Meerwasserzirkulation<\/strong> in Schiffsk\u00fchl- und Klimaanlagen. <\/span><\/h5><h5><span style=\"font-size: 12pt; font-family: arial, helvetica, sans-serif;\">Es <strong data-start=\"323\" data-end=\"353\">dichtungslose Magnetkupplung<\/strong> macht herk\u00f6mmliche Wellendichtungen \u00fcberfl\u00fcssig und ist somit eine leckagefreie und korrosionsbest\u00e4ndige L\u00f6sung, die sich ideal f\u00fcr raue Meeresumgebungen eignet.<\/span><span style=\"font-size: 12pt; font-family: arial, helvetica, sans-serif;\">Mit einem <strong data-start=\"503\" data-end=\"520\">220-V-Wechselstrommotor<\/strong>, Der MD-40R liefert bis zu <strong data-start=\"548\" data-end=\"572\">52 Liter pro Minute<\/strong> des Flusses und ein <strong data-start=\"587\" data-end=\"605\">6,5 Meter Kopf<\/strong>, Dadurch eignet es sich besonders f\u00fcr Anwendungen, bei denen ein h\u00f6herer Durchfluss oder vertikaler Hub erforderlich ist.<br \/><\/span><\/h5><h5><span style=\"font-size: 12pt; font-family: arial, helvetica, sans-serif;\">Hergestellt aus <strong data-start=\"712\" data-end=\"760\">Glasfaserverst\u00e4rktes Polypropylengeh\u00e4use<\/strong>, ein <strong data-start=\"764\" data-end=\"783\">Keramikspindel<\/strong>, und <strong data-start=\"789\" data-end=\"806\">PTFE-Lager<\/strong>, Diese Pumpe bietet eine hervorragende Best\u00e4ndigkeit gegen Salzwasser und Chemikalien. Die <strong data-start=\"886\" data-end=\"917\">20-mm-Schlauchanschl\u00fcsse<\/strong> erm\u00f6glichen eine schnelle und sichere Installation in Standard-Sanit\u00e4rsystemen f\u00fcr Schiffe.<br \/><\/span><span style=\"font-size: 12pt; font-family: arial, helvetica, sans-serif;\">Leise, kompakt und auf Langlebigkeit ausgelegt \u2013 der MD-40R ist eine zuverl\u00e4ssige Wahl f\u00fcr <strong data-start=\"1075\" data-end=\"1126\">Seewassergek\u00fchlte Klimaanlagen f\u00fcr Schiffe<\/strong> bis zu <strong data-start=\"1133\" data-end=\"1147\">24.000 BTU<\/strong>, oder f\u00fcr die allgemeine Meerwasserzirkulation, bei der Sicherheit und Zuverl\u00e4ssigkeit von Bedeutung sind.<\/span><\/h5><\/div><\/div><\/div><\/div>\t\t\t\t\t\t\t\t<\/div>\n\t\t\t\t<\/div>\n\t\t\t\t\t<\/div>\n\t\t<\/div>\n\t\t\t\t\t<\/div>\n\t\t<\/section>\n\t\t\t\t<\/div>","protected":false},"excerpt":{"rendered":"<table class=\"w-fit min-w-(--thread-content-width)\" style=\"width: 99.9176%;\" data-start=\"151\" data-end=\"1956\">\n<thead data-start=\"151\" data-end=\"225\">\n<tr data-start=\"151\" data-end=\"225\">\n<th style=\"width: 29.948365%;\" data-start=\"151\" data-end=\"184\" data-col-size=\"sm\"><strong data-start=\"153\" data-end=\"170\">\u00a0MP40R Spezifikation<\/strong><\/th>\n<th style=\"width: 232.702238%;\" data-start=\"184\" data-end=\"225\" data-col-size=\"md\"><strong data-start=\"186\" data-end=\"195\">Wert<\/strong><\/th>\n<\/tr>\n<\/thead>\n<tbody data-start=\"300\" data-end=\"1956\">\n<tr data-start=\"300\" data-end=\"373\">\n<td style=\"width: 29.948365%;\" data-start=\"300\" data-end=\"332\" data-col-size=\"sm\">Modell<\/td>\n<td style=\"width: 232.702238%;\" data-col-size=\"md\" data-start=\"332\" data-end=\"373\">MBC MP-40R (220 V)<\/td>\n<\/tr>\n<tr data-start=\"374\" data-end=\"447\">\n<td style=\"width: 29.948365%;\" data-start=\"374\" data-end=\"406\" data-col-size=\"sm\">Pumpentyp<\/td>\n<td style=\"width: 232.702238%;\" data-col-size=\"md\" data-start=\"406\" data-end=\"447\">Magnetisch angetriebene Zentrifuge (dichtungslos)<\/td>\n<\/tr>\n<tr data-start=\"448\" data-end=\"521\">\n<td style=\"width: 29.948365%;\" data-start=\"448\" data-end=\"480\" data-col-size=\"sm\">Nennspannung<\/td>\n<td style=\"width: 232.702238%;\" data-col-size=\"md\" data-start=\"480\" data-end=\"521\">220 V Wechselstrom<\/td>\n<\/tr>\n<tr data-start=\"522\" data-end=\"595\">\n<td style=\"width: 29.948365%;\" data-start=\"522\" data-end=\"554\" data-col-size=\"sm\">Motorleistung<\/td>\n<td style=\"width: 232.702238%;\" data-col-size=\"md\" data-start=\"554\" data-end=\"595\">~60 W<\/td>\n<\/tr>\n<tr data-start=\"596\" data-end=\"669\">\n<td style=\"width: 29.948365%;\" data-start=\"596\" data-end=\"628\" data-col-size=\"sm\">Geschwindigkeit<\/td>\n<td style=\"width: 232.702238%;\" data-col-size=\"md\" data-start=\"628\" data-end=\"669\">~3200 U\/min<\/td>\n<\/tr>\n<tr data-start=\"670\" data-end=\"743\">\n<td style=\"width: 29.948365%;\" data-start=\"670\" data-end=\"702\" data-col-size=\"sm\">Maximale Durchflussrate<\/td>\n<td style=\"width: 232.702238%;\" data-col-size=\"md\" data-start=\"702\" data-end=\"743\">~40 l\/min<\/td>\n<\/tr>\n<tr data-start=\"744\" data-end=\"817\">\n<td style=\"width: 29.948365%;\" data-start=\"744\" data-end=\"776\" data-col-size=\"sm\">Maximale F\u00f6rderh\u00f6he<\/td>\n<td style=\"width: 232.702238%;\" data-col-size=\"md\" data-start=\"776\" data-end=\"817\">~6,5 m<\/td>\n<\/tr>\n<tr data-start=\"818\" data-end=\"891\">\n<td style=\"width: 29.948365%;\" data-start=\"818\" data-end=\"850\" data-col-size=\"sm\">Stromaufnahme<\/td>\n<td style=\"width: 232.702238%;\" data-col-size=\"md\" data-start=\"850\" data-end=\"891\">~1,3 A<\/td>\n<\/tr>\n<tr data-start=\"892\" data-end=\"973\">\n<td style=\"width: 29.948365%;\" data-start=\"892\" data-end=\"924\" data-col-size=\"sm\">Baustoff<\/td>\n<td style=\"width: 232.702238%;\" data-col-size=\"md\" data-start=\"924\" data-end=\"973\">Glasfaserverst\u00e4rktes Polypropylen (GFK-PP)<\/td>\n<\/tr>\n<tr data-start=\"974\" data-end=\"1047\">\n<td style=\"width: 29.948365%;\" data-start=\"974\" data-end=\"1006\" data-col-size=\"sm\">Welle \/ Spindel<\/td>\n<td style=\"width: 232.702238%;\" data-col-size=\"md\" data-start=\"1006\" data-end=\"1047\">Keramik (Aluminiumoxid)<\/td>\n<\/tr>\n<tr data-start=\"1048\" data-end=\"1121\">\n<td style=\"width: 29.948365%;\" data-start=\"1048\" data-end=\"1080\" data-col-size=\"sm\">Lager<\/td>\n<td style=\"width: 232.702238%;\" data-start=\"1080\" data-end=\"1121\" data-col-size=\"md\">PTFE (Teflon)<\/td>\n<\/tr>\n<tr data-start=\"1122\" data-end=\"1195\">\n<td style=\"width: 29.948365%;\" data-start=\"1122\" data-end=\"1154\" data-col-size=\"sm\">Dichtungstyp<\/td>\n<td style=\"width: 232.702238%;\" data-col-size=\"md\" data-start=\"1154\" data-end=\"1195\">Magnetkupplung (dichtungslos)<\/td>\n<\/tr>\n<tr data-start=\"1196\" data-end=\"1269\">\n<td style=\"width: 29.948365%;\" data-start=\"1196\" data-end=\"1228\" data-col-size=\"sm\">Einlass-\/Auslassanschluss<\/td>\n<td style=\"width: 232.702238%;\" data-col-size=\"md\" data-start=\"1228\" data-end=\"1269\">20-mm-Schlauchanschluss<\/td>\n<\/tr>\n<tr data-start=\"1270\" data-end=\"1344\">\n<td style=\"width: 29.948365%;\" data-start=\"1270\" data-end=\"1302\" data-col-size=\"sm\">Beilage<\/td>\n<td style=\"width: 232.702238%;\" data-col-size=\"md\" data-start=\"1302\" data-end=\"1344\">Vollst\u00e4ndig geschlossen mit Bel\u00fcftung<\/td>\n<\/tr>\n<tr data-start=\"1345\" data-end=\"1418\">\n<td style=\"width: 29.948365%;\" data-start=\"1345\" data-end=\"1377\" data-col-size=\"sm\">Maximale Fl\u00fcssigkeitstemperatur<\/td>\n<td style=\"width: 232.702238%;\" data-col-size=\"md\" data-start=\"1377\" data-end=\"1418\">Bis zu 80 \u00b0C<\/td>\n<\/tr>\n<tr data-start=\"1419\" data-end=\"1492\">\n<td style=\"width: 29.948365%;\" data-start=\"1419\" data-end=\"1451\" data-col-size=\"sm\">Maximaler Systemdruck<\/td>\n<td style=\"width: 232.702238%;\" data-col-size=\"md\" data-start=\"1451\" data-end=\"1492\">~1 bar<\/td>\n<\/tr>\n<tr data-start=\"1493\" data-end=\"1566\">\n<td style=\"width: 29.948365%;\" data-start=\"1493\" data-end=\"1525\" data-col-size=\"sm\">Maximale spezifische Dichte<\/td>\n<td style=\"width: 232.702238%;\" data-col-size=\"md\" data-start=\"1525\" data-end=\"1566\">~1,1 kg\/l<\/td>\n<\/tr>\n<tr data-start=\"1567\" data-end=\"1640\">\n<td style=\"width: 29.948365%;\" data-start=\"1567\" data-end=\"1599\" data-col-size=\"sm\">Isolationsklasse<\/td>\n<td style=\"width: 232.702238%;\" data-col-size=\"md\" data-start=\"1599\" data-end=\"1640\">E oder h\u00f6her<\/td>\n<\/tr>\n<tr data-start=\"1641\" data-end=\"1714\">\n<td style=\"width: 29.948365%;\" data-start=\"1641\" data-end=\"1673\" data-col-size=\"sm\">Betriebsmodus<\/td>\n<td style=\"width: 232.702238%;\" data-col-size=\"md\" data-start=\"1673\" data-end=\"1714\">Kontinuierlich<\/td>\n<\/tr>\n<tr data-start=\"1715\" data-end=\"1788\">\n<td style=\"width: 29.948365%;\" data-start=\"1715\" data-end=\"1747\" data-col-size=\"sm\">Ger\u00e4uschpegel<\/td>\n<td style=\"width: 232.702238%;\" data-col-size=\"md\" data-start=\"1747\" data-end=\"1788\">Niedrig (leiser Betrieb)<\/td>\n<\/tr>\n<tr data-start=\"1789\" data-end=\"1862\">\n<td style=\"width: 29.948365%;\" data-start=\"1789\" data-end=\"1821\" data-col-size=\"sm\">Gewicht<\/td>\n<td style=\"width: 232.702238%;\" data-col-size=\"md\" data-start=\"1821\" data-end=\"1862\">~3,9 kg<\/td>\n<\/tr>\n<tr data-start=\"1863\" data-end=\"1956\">\n<td style=\"width: 29.948365%;\" data-start=\"1863\" data-end=\"1895\" data-col-size=\"sm\">Bewerbungen<\/td>\n<td style=\"width: 232.702238%;\" data-col-size=\"md\" data-start=\"1895\" data-end=\"1956\">Meerwasser- und Kaltwasserzirkulation<\/td>\n<\/tr>\n<\/tbody>\n<\/table>\n<div class=\"sticky end-(--thread-content-margin) h-0 self-end select-none\">\n<div class=\"absolute end-0 flex items-end\"><\/div>\n<\/div>","protected":false},"featured_media":2369,"template":"","meta":{"_acf_changed":false},"product_brand":[],"product_cat":[75],"product_tag":[],"class_list":{"0":"post-2390","1":"product","2":"type-product","3":"status-publish","4":"has-post-thumbnail","6":"product_cat-sea-water-pump","8":"first","9":"instock","10":"shipping-taxable","11":"product-type-simple"},"acf":[],"_links":{"self":[{"href":"https:\/\/mbc-marine.com\/de\/wp-json\/wp\/v2\/product\/2390","targetHints":{"allow":["GET"]}}],"collection":[{"href":"https:\/\/mbc-marine.com\/de\/wp-json\/wp\/v2\/product"}],"about":[{"href":"https:\/\/mbc-marine.com\/de\/wp-json\/wp\/v2\/types\/product"}],"version-history":[{"count":1,"href":"https:\/\/mbc-marine.com\/de\/wp-json\/wp\/v2\/product\/2390\/revisions"}],"predecessor-version":[{"id":8169,"href":"https:\/\/mbc-marine.com\/de\/wp-json\/wp\/v2\/product\/2390\/revisions\/8169"}],"wp:featuredmedia":[{"embeddable":true,"href":"https:\/\/mbc-marine.com\/de\/wp-json\/wp\/v2\/media\/2369"}],"wp:attachment":[{"href":"https:\/\/mbc-marine.com\/de\/wp-json\/wp\/v2\/media?parent=2390"}],"wp:term":[{"taxonomy":"product_brand","embeddable":true,"href":"https:\/\/mbc-marine.com\/de\/wp-json\/wp\/v2\/product_brand?post=2390"},{"taxonomy":"product_cat","embeddable":true,"href":"https:\/\/mbc-marine.com\/de\/wp-json\/wp\/v2\/product_cat?post=2390"},{"taxonomy":"product_tag","embeddable":true,"href":"https:\/\/mbc-marine.com\/de\/wp-json\/wp\/v2\/product_tag?post=2390"}],"curies":[{"name":"wp","href":"https:\/\/api.w.org\/{rel}","templated":true}]}}