{"id":2397,"date":"2024-10-21T13:44:43","date_gmt":"2024-10-21T11:44:43","guid":{"rendered":"https:\/\/mbc-marine.com\/?post_type=product&#038;p=2397"},"modified":"2026-04-29T17:38:28","modified_gmt":"2026-04-29T15:38:28","slug":"problem-6","status":"publish","type":"product","link":"https:\/\/mbc-marine.com\/de\/product\/prb-6\/","title":{"rendered":"AC-PRB-6 PUMPENRELAIKASTEN 230 V"},"content":{"rendered":"","protected":false},"excerpt":{"rendered":"<p><strong>6-fach-Pumpenrelaisbox f\u00fcr nahtlose Steuerung von MBC Marine.<\/strong><\/p>\n<p><span style=\"font-size: 15px;\">Die 6-Stationen-Pumpenrelaisbox wurde entwickelt, um eine gemeinsame Meerwasserpumpe f\u00fcr zwei oder mehr Klimaanlagen m\u00fchelos zu verwalten.<\/span><\/p>\n<p><span style=\"font-size: 15px;\">Unsere Pumpenrelaisplatine (PRP) erm\u00f6glicht die nahtlose Steuerung einer gemeinsamen Meerwasserpumpe f\u00fcr mehrere Klimaanlagen.<\/span><\/p>\n<p><span style=\"font-size: 15px;\">Jede Einheit verf\u00fcgt \u00fcber separate, vollst\u00e4ndig isolierte Pumpenausl\u00f6seeing\u00e4nge, die entweder 230 VAC\/50\u201360 Hz akzeptieren und somit Kompatibilit\u00e4t und Sicherheit gew\u00e4hrleisten.<\/span><\/p>\n<p><span style=\"font-size: 15px;\">Die Stromversorgung und der Ausgang der Pumpe sind ebenfalls isoliert und f\u00fcr 230 VAC\/50\u201360 Hz ausgelegt. Die Relaisbox ist in einem robusten Metallgeh\u00e4use untergebracht und gew\u00e4hrleistet einen einfachen Ein- und Ausgang f\u00fcr alle Steuerkabel, Pumpenstromversorgungen und Pumpenanschl\u00fcsse. Damit bietet sie eine zuverl\u00e4ssige und effiziente L\u00f6sung f\u00fcr Ihre Schiffsklimaanlagen.<\/span><\/p>","protected":false},"featured_media":6188,"template":"","meta":{"_acf_changed":false},"product_brand":[],"product_cat":[35,76],"product_tag":[],"class_list":{"0":"post-2397","1":"product","2":"type-product","3":"status-publish","4":"has-post-thumbnail","6":"product_cat-accessories","7":"product_cat-electrical-accessories","9":"first","10":"instock","11":"shipping-taxable","12":"product-type-simple"},"acf":[],"_links":{"self":[{"href":"https:\/\/mbc-marine.com\/de\/wp-json\/wp\/v2\/product\/2397","targetHints":{"allow":["GET"]}}],"collection":[{"href":"https:\/\/mbc-marine.com\/de\/wp-json\/wp\/v2\/product"}],"about":[{"href":"https:\/\/mbc-marine.com\/de\/wp-json\/wp\/v2\/types\/product"}],"version-history":[{"count":1,"href":"https:\/\/mbc-marine.com\/de\/wp-json\/wp\/v2\/product\/2397\/revisions"}],"predecessor-version":[{"id":8168,"href":"https:\/\/mbc-marine.com\/de\/wp-json\/wp\/v2\/product\/2397\/revisions\/8168"}],"wp:featuredmedia":[{"embeddable":true,"href":"https:\/\/mbc-marine.com\/de\/wp-json\/wp\/v2\/media\/6188"}],"wp:attachment":[{"href":"https:\/\/mbc-marine.com\/de\/wp-json\/wp\/v2\/media?parent=2397"}],"wp:term":[{"taxonomy":"product_brand","embeddable":true,"href":"https:\/\/mbc-marine.com\/de\/wp-json\/wp\/v2\/product_brand?post=2397"},{"taxonomy":"product_cat","embeddable":true,"href":"https:\/\/mbc-marine.com\/de\/wp-json\/wp\/v2\/product_cat?post=2397"},{"taxonomy":"product_tag","embeddable":true,"href":"https:\/\/mbc-marine.com\/de\/wp-json\/wp\/v2\/product_tag?post=2397"}],"curies":[{"name":"wp","href":"https:\/\/api.w.org\/{rel}","templated":true}]}}