{"id":4130,"date":"2025-05-16T11:09:44","date_gmt":"2025-05-16T09:09:44","guid":{"rendered":"https:\/\/mbc-marine.com\/?post_type=product&#038;p=4130"},"modified":"2025-09-09T13:46:49","modified_gmt":"2025-09-09T11:46:49","slug":"dc4012c","status":"publish","type":"product","link":"https:\/\/mbc-marine.com\/de\/product\/dc4012c\/","title":{"rendered":"DC4012C 12-V-Seewasserpumpe"},"content":{"rendered":"<p data-start=\"48\" data-end=\"336\">Die f\u00fcr die Gleichstrom-Klimaanlagen von MBC Marine entwickelten Umw\u00e4lzpumpen DE40 sind fortschrittliche, b\u00fcrstenlose, magnetisch isolierte Zentrifugalpumpen, die sich durch einen au\u00dfergew\u00f6hnlich leisen (&lt;40 dB) und energieeffizienten Betrieb auszeichnen. Sie eignen sich ideal f\u00fcr kompakte Umgebungen mit geringem Verbrauch.<\/p>\n<p data-start=\"338\" data-end=\"572\">Dank ihrer vollst\u00e4ndig wasserdichten Konstruktion (IP68) k\u00f6nnen diese Pumpen sowohl unter Wasser als auch an trockenen Standorten installiert werden. Die Keramikwelle und das verschlei\u00dffeste Lager gew\u00e4hrleisten eine lange Lebensdauer von bis zu 30.000 Stunden ohne Wartungsaufwand.<\/p>\n<p data-start=\"574\" data-end=\"751\">Aufgrund ihrer kompakten Gr\u00f6\u00dfe und zuverl\u00e4ssigen Leistung sind sie die ideale Wahl f\u00fcr 12-V- oder 24-V-Gleichstrom-Klimaanlagen in Schiffen, insbesondere f\u00fcr Ger\u00e4te mit einer Leistung von etwa 7000 BTU.<\/p>","protected":false},"excerpt":{"rendered":"<div class=\"_tableContainer_80l1q_1\">\n<div class=\"_tableWrapper_80l1q_14 group flex w-fit flex-col-reverse\" tabindex=\"-1\">\n<table class=\"w-fit min-w-(--thread-content-width)\" style=\"width: 101.275452%;\" data-start=\"155\" data-end=\"2276\">\n<thead data-start=\"155\" data-end=\"243\">\n<tr data-start=\"155\" data-end=\"243\">\n<th style=\"width: 37.45583%;\" data-start=\"155\" data-end=\"197\" data-col-size=\"sm\"><strong data-start=\"157\" data-end=\"174\">DC40C 12V Seewasserpumpe \u2013 Technische Daten<\/strong><\/th>\n<th style=\"width: 232.685512%;\" data-start=\"197\" data-end=\"243\" data-col-size=\"md\"><strong data-start=\"199\" data-end=\"208\">Wert<\/strong><\/th>\n<\/tr>\n<\/thead>\n<tbody data-start=\"332\" data-end=\"2276\">\n<tr data-start=\"332\" data-end=\"419\">\n<td style=\"width: 37.45583%;\" data-start=\"332\" data-end=\"373\" data-col-size=\"sm\">Produktreihe<\/td>\n<td style=\"width: 232.685512%;\" data-col-size=\"md\" data-start=\"373\" data-end=\"419\">MBC Marine DC40C Serie<\/td>\n<\/tr>\n<tr data-start=\"420\" data-end=\"507\">\n<td style=\"width: 37.45583%;\" data-start=\"420\" data-end=\"461\" data-col-size=\"sm\">Pumpentyp<\/td>\n<td style=\"width: 232.685512%;\" data-col-size=\"md\" data-start=\"461\" data-end=\"507\">B\u00fcrstenlose magnetische Gleichstrom-Zentrifugalpumpe<\/td>\n<\/tr>\n<tr data-start=\"508\" data-end=\"595\">\n<td style=\"width: 37.45583%;\" data-start=\"508\" data-end=\"549\" data-col-size=\"sm\">Spannungsoptionen<\/td>\n<td style=\"width: 232.685512%;\" data-col-size=\"md\" data-start=\"549\" data-end=\"595\">12 V Gleichstrom<\/td>\n<\/tr>\n<tr data-start=\"596\" data-end=\"683\">\n<td style=\"width: 37.45583%;\" data-start=\"596\" data-end=\"637\" data-col-size=\"sm\">Stromverbrauch<\/td>\n<td style=\"width: 232.685512%;\" data-col-size=\"md\" data-start=\"637\" data-end=\"683\">14,4 W<\/td>\n<\/tr>\n<tr data-start=\"684\" data-end=\"770\">\n<td style=\"width: 37.45583%;\" data-start=\"684\" data-end=\"725\" data-col-size=\"sm\">Maximale Durchflussrate<\/td>\n<td style=\"width: 232.685512%;\" data-col-size=\"md\" data-start=\"725\" data-end=\"770\">12\u201315 l\/min<\/td>\n<\/tr>\n<tr data-start=\"771\" data-end=\"858\">\n<td style=\"width: 37.45583%;\" data-start=\"771\" data-end=\"812\" data-col-size=\"sm\">Maximaler Hub<\/td>\n<td style=\"width: 232.685512%;\" data-col-size=\"md\" data-start=\"812\" data-end=\"858\">4\u20136 Meter<\/td>\n<\/tr>\n<tr data-start=\"859\" data-end=\"947\">\n<td style=\"width: 37.45583%;\" data-start=\"859\" data-end=\"900\" data-col-size=\"sm\">Ger\u00e4uschpegel<\/td>\n<td style=\"width: 232.685512%;\" data-col-size=\"md\" data-start=\"900\" data-end=\"947\">unter 40 dB<\/td>\n<\/tr>\n<tr data-start=\"948\" data-end=\"1035\">\n<td style=\"width: 37.45583%;\" data-start=\"948\" data-end=\"989\" data-col-size=\"sm\">Nennlebensdauer<\/td>\n<td style=\"width: 232.685512%;\" data-col-size=\"md\" data-start=\"989\" data-end=\"1035\">\u00dcber 30.000 Stunden<\/td>\n<\/tr>\n<tr data-start=\"1036\" data-end=\"1123\">\n<td style=\"width: 37.45583%;\" data-start=\"1036\" data-end=\"1077\" data-col-size=\"sm\">Schutzklasse<\/td>\n<td style=\"width: 232.685512%;\" data-col-size=\"md\" data-start=\"1077\" data-end=\"1123\">IP68 (vollst\u00e4ndig tauchf\u00e4hig und wasserdicht)<\/td>\n<\/tr>\n<tr data-start=\"1124\" data-end=\"1211\">\n<td style=\"width: 37.45583%;\" data-start=\"1124\" data-end=\"1165\" data-col-size=\"sm\">Wellenmaterial<\/td>\n<td style=\"width: 232.685512%;\" data-col-size=\"md\" data-start=\"1165\" data-end=\"1211\">Keramik mit Kohlefaserh\u00fclse<\/td>\n<\/tr>\n<tr data-start=\"1212\" data-end=\"1299\">\n<td style=\"width: 37.45583%;\" data-start=\"1212\" data-end=\"1253\" data-col-size=\"sm\">Dichtungstyp<\/td>\n<td style=\"width: 232.685512%;\" data-col-size=\"md\" data-start=\"1253\" data-end=\"1299\">Magnetisch isoliert, keine Wellendichtung<\/td>\n<\/tr>\n<tr data-start=\"1300\" data-end=\"1389\">\n<td style=\"width: 37.45583%;\" data-start=\"1300\" data-end=\"1341\" data-col-size=\"sm\">Material des Pumpengeh\u00e4uses<\/td>\n<td style=\"width: 232.685512%;\" data-col-size=\"md\" data-start=\"1341\" data-end=\"1389\">Kunststoff (Hochleistungs-Technischer Kunststoff)<\/td>\n<\/tr>\n<tr data-start=\"1390\" data-end=\"1477\">\n<td style=\"width: 37.45583%;\" data-start=\"1390\" data-end=\"1431\" data-col-size=\"sm\">Geschwindigkeitsregelung<\/td>\n<td style=\"width: 232.685512%;\" data-col-size=\"md\" data-start=\"1431\" data-end=\"1477\">PWM \/ 0\u20135 V analog \/ Potentiometer<\/td>\n<\/tr>\n<tr data-start=\"1478\" data-end=\"1566\">\n<td style=\"width: 37.45583%;\" data-start=\"1478\" data-end=\"1519\" data-col-size=\"sm\">Trockenlaufschutz<\/td>\n<td style=\"width: 232.685512%;\" data-col-size=\"md\" data-start=\"1519\" data-end=\"1566\">Optional<\/td>\n<\/tr>\n<tr data-start=\"1567\" data-end=\"1655\">\n<td style=\"width: 37.45583%;\" data-start=\"1567\" data-end=\"1608\" data-col-size=\"sm\">Jam\/Lock-Schutz<\/td>\n<td style=\"width: 232.685512%;\" data-col-size=\"md\" data-start=\"1608\" data-end=\"1655\">Optional<\/td>\n<\/tr>\n<tr data-start=\"1656\" data-end=\"1744\">\n<td style=\"width: 37.45583%;\" data-start=\"1656\" data-end=\"1697\" data-col-size=\"sm\">Maximale Fl\u00fcssigkeitstemperatur<\/td>\n<td style=\"width: 232.685512%;\" data-col-size=\"md\" data-start=\"1697\" data-end=\"1744\">ca. 60 \u00b0C<\/td>\n<\/tr>\n<tr data-start=\"1745\" data-end=\"1833\">\n<td style=\"width: 37.45583%;\" data-start=\"1745\" data-end=\"1786\" data-col-size=\"sm\">Umgebungstemperaturbereich<\/td>\n<td style=\"width: 232.685512%;\" data-col-size=\"md\" data-start=\"1786\" data-end=\"1833\">-40 \u00b0C bis 60 \u00b0C<\/td>\n<\/tr>\n<tr data-start=\"1834\" data-end=\"1921\">\n<td style=\"width: 37.45583%;\" data-start=\"1834\" data-end=\"1875\" data-col-size=\"sm\">Montageart<\/td>\n<td style=\"width: 232.685512%;\" data-col-size=\"md\" data-start=\"1875\" data-end=\"1921\">Tauch- oder Au\u00dfenpumpe (nicht selbstansaugend)<\/td>\n<\/tr>\n<tr data-start=\"1922\" data-end=\"2010\">\n<td style=\"width: 37.45583%;\" data-start=\"1922\" data-end=\"1963\" data-col-size=\"sm\">Einlass\/Auslass<\/td>\n<td style=\"width: 232.685512%;\" data-col-size=\"md\" data-start=\"1963\" data-end=\"2010\">G1\/2\u2033 (M20) Gewinde oder Steckanschluss<\/td>\n<\/tr>\n<tr data-start=\"2011\" data-end=\"2099\">\n<td style=\"width: 37.45583%;\" data-start=\"2011\" data-end=\"2052\" data-col-size=\"sm\">Abmessungen<\/td>\n<td style=\"width: 232.685512%;\" data-col-size=\"md\" data-start=\"2052\" data-end=\"2099\">88,5 \u00d7 81,5 \u00d7 43,8 mm<\/td>\n<\/tr>\n<tr data-start=\"2100\" data-end=\"2188\">\n<td style=\"width: 37.45583%;\" data-start=\"2100\" data-end=\"2141\" data-col-size=\"sm\">Gewicht<\/td>\n<td style=\"width: 232.685512%;\" data-col-size=\"md\" data-start=\"2141\" data-end=\"2188\">ca. 235 g<\/td>\n<\/tr>\n<tr data-start=\"2189\" data-end=\"2276\">\n<td style=\"width: 37.45583%;\" data-start=\"2189\" data-end=\"2230\" data-col-size=\"sm\">Kabell\u00e4nge<\/td>\n<td style=\"width: 232.685512%;\" data-col-size=\"md\" data-start=\"2230\" data-end=\"2276\">~50 cm (typisch)<\/td>\n<\/tr>\n<\/tbody>\n<\/table>\n<div class=\"sticky end-(--thread-content-margin) h-0 self-end select-none\">\n<div class=\"absolute end-0 flex items-end\"><\/div>\n<\/div>\n<\/div>\n<\/div>","protected":false},"featured_media":4131,"template":"","meta":{"_acf_changed":false},"product_brand":[],"product_cat":[75,35],"product_tag":[],"class_list":{"0":"post-4130","1":"product","2":"type-product","3":"status-publish","4":"has-post-thumbnail","6":"product_cat-sea-water-pump","7":"product_cat-accessories","9":"first","10":"instock","11":"shipping-taxable","12":"product-type-simple"},"acf":[],"yoast_head":"<!-- This site is optimized with the Yoast SEO Premium plugin v27.3 (Yoast SEO v27.3) - https:\/\/yoast.com\/product\/yoast-seo-premium-wordpress\/ -->\n<title>DC4012C 12V Sea Water Pump - MBC Marine<\/title>\n<meta name=\"description\" content=\"The DE40 circulation pumps designed for MBC Marine&#039;s DC marine air conditioning systems are advanced, brushless, magnetically isolated centrifugal pumps that offer exceptionally quiet (&lt;40 dB) and energy-efficient operation. They are perfectly suited for compact, low-consumption environments.\" \/>\n<meta name=\"robots\" content=\"index, follow, max-snippet:-1, max-image-preview:large, max-video-preview:-1\" \/>\n<link rel=\"canonical\" href=\"https:\/\/mbc-marine.com\/de\/product\/dc4012c\/\" \/>\n<meta property=\"og:locale\" content=\"de_DE\" \/>\n<meta property=\"og:type\" content=\"article\" \/>\n<meta property=\"og:title\" content=\"DC4012C 12V Sea Water Pump\" \/>\n<meta property=\"og:description\" content=\"The DE40 circulation pumps designed for MBC Marine&#039;s DC marine air conditioning systems are advanced, brushless, magnetically isolated centrifugal pumps that offer exceptionally quiet (&lt;40 dB) and energy-efficient operation. They are perfectly suited for compact, low-consumption environments.\" \/>\n<meta property=\"og:url\" content=\"https:\/\/mbc-marine.com\/de\/product\/dc4012c\/\" \/>\n<meta property=\"og:site_name\" content=\"MBC Marine\" \/>\n<meta property=\"article:modified_time\" content=\"2025-09-09T11:46:49+00:00\" \/>\n<meta property=\"og:image\" content=\"https:\/\/mbc-marine.com\/wp-content\/uploads\/2025\/05\/MBC-120.jpg\" \/>\n\t<meta property=\"og:image:width\" content=\"1920\" \/>\n\t<meta property=\"og:image:height\" content=\"1280\" \/>\n\t<meta property=\"og:image:type\" content=\"image\/jpeg\" \/>\n<meta name=\"twitter:card\" content=\"summary_large_image\" \/>\n<meta name=\"twitter:label1\" content=\"Price\" \/>\n\t<meta name=\"twitter:data1\" content=\"\" \/>\n\t<meta name=\"twitter:label2\" content=\"Availability\" \/>\n\t<meta name=\"twitter:data2\" content=\"In stock\" \/>\n<script type=\"application\/ld+json\" class=\"yoast-schema-graph\">{\"@context\":\"https:\\\/\\\/schema.org\",\"@graph\":[{\"@type\":[\"WebPage\",\"ItemPage\"],\"@id\":\"https:\\\/\\\/mbc-marine.com\\\/product\\\/dc4012c\\\/\",\"url\":\"https:\\\/\\\/mbc-marine.com\\\/product\\\/dc4012c\\\/\",\"name\":\"DC4012C 12V Sea Water Pump - MBC Marine\",\"isPartOf\":{\"@id\":\"https:\\\/\\\/mbc-marine.com\\\/#website\"},\"primaryImageOfPage\":{\"@id\":\"https:\\\/\\\/mbc-marine.com\\\/product\\\/dc4012c\\\/#primaryimage\"},\"image\":{\"@id\":\"https:\\\/\\\/mbc-marine.com\\\/product\\\/dc4012c\\\/#primaryimage\"},\"thumbnailUrl\":\"https:\\\/\\\/mbc-marine.com\\\/wp-content\\\/uploads\\\/2025\\\/05\\\/MBC-120.jpg?wsr\",\"datePublished\":\"2025-05-16T09:09:44+00:00\",\"dateModified\":\"2025-09-09T11:46:49+00:00\",\"description\":\"The DE40 circulation pumps designed for MBC Marine's DC marine air conditioning systems are advanced, brushless, magnetically isolated centrifugal pumps that offer exceptionally quiet (&lt;40 dB) and energy-efficient operation. They are perfectly suited for compact, low-consumption environments.\",\"breadcrumb\":{\"@id\":\"https:\\\/\\\/mbc-marine.com\\\/product\\\/dc4012c\\\/#breadcrumb\"},\"inLanguage\":\"de\",\"potentialAction\":[{\"@type\":\"ReadAction\",\"target\":[\"https:\\\/\\\/mbc-marine.com\\\/product\\\/dc4012c\\\/\"]}]},{\"@type\":\"ImageObject\",\"inLanguage\":\"de\",\"@id\":\"https:\\\/\\\/mbc-marine.com\\\/product\\\/dc4012c\\\/#primaryimage\",\"url\":\"https:\\\/\\\/mbc-marine.com\\\/wp-content\\\/uploads\\\/2025\\\/05\\\/MBC-120.jpg?wsr\",\"contentUrl\":\"https:\\\/\\\/mbc-marine.com\\\/wp-content\\\/uploads\\\/2025\\\/05\\\/MBC-120.jpg?wsr\",\"width\":1920,\"height\":1280,\"caption\":\"DC4012C 12V Sea Water Pump\"},{\"@type\":\"BreadcrumbList\",\"@id\":\"https:\\\/\\\/mbc-marine.com\\\/product\\\/dc4012c\\\/#breadcrumb\",\"itemListElement\":[{\"@type\":\"ListItem\",\"position\":1,\"name\":\"Home\",\"item\":\"https:\\\/\\\/mbc-marine.com\\\/\"},{\"@type\":\"ListItem\",\"position\":2,\"name\":\"Shop\",\"item\":\"https:\\\/\\\/mbc-marine.com\\\/shop\\\/\"},{\"@type\":\"ListItem\",\"position\":3,\"name\":\"DC4012C 12V Sea Water Pump\"}]},{\"@type\":\"WebSite\",\"@id\":\"https:\\\/\\\/mbc-marine.com\\\/#website\",\"url\":\"https:\\\/\\\/mbc-marine.com\\\/\",\"name\":\"MBC Marine\",\"description\":\"\",\"potentialAction\":[{\"@type\":\"SearchAction\",\"target\":{\"@type\":\"EntryPoint\",\"urlTemplate\":\"https:\\\/\\\/mbc-marine.com\\\/?s={search_term_string}\"},\"query-input\":{\"@type\":\"PropertyValueSpecification\",\"valueRequired\":true,\"valueName\":\"search_term_string\"}}],\"inLanguage\":\"de\"}]}<\/script>\n<meta property=\"product:price:currency\" content=\"EUR\" \/>\n<meta property=\"og:availability\" content=\"instock\" \/>\n<meta property=\"product:availability\" content=\"instock\" \/>\n<meta property=\"product:condition\" content=\"new\" \/>\n<!-- \/ Yoast SEO Premium plugin. -->","yoast_head_json":{"title":"DC4012C 12-V-Seewasserpumpe \u2013 MBC Marine","description":"Die f\u00fcr die Gleichstrom-Klimaanlagen von MBC Marine entwickelten Umw\u00e4lzpumpen DE40 sind fortschrittliche, b\u00fcrstenlose, magnetisch isolierte Zentrifugalpumpen, die sich durch einen au\u00dfergew\u00f6hnlich leisen (&lt;40 dB) und energieeffizienten Betrieb auszeichnen. Sie eignen sich ideal f\u00fcr kompakte Umgebungen mit geringem Energieverbrauch.","robots":{"index":"index","follow":"follow","max-snippet":"max-snippet:-1","max-image-preview":"max-image-preview:large","max-video-preview":"max-video-preview:-1"},"canonical":"https:\/\/mbc-marine.com\/de\/product\/dc4012c\/","og_locale":"de_DE","og_type":"article","og_title":"DC4012C 12V Sea Water Pump","og_description":"The DE40 circulation pumps designed for MBC Marine's DC marine air conditioning systems are advanced, brushless, magnetically isolated centrifugal pumps that offer exceptionally quiet (&lt;40 dB) and energy-efficient operation. They are perfectly suited for compact, low-consumption environments.","og_url":"https:\/\/mbc-marine.com\/de\/product\/dc4012c\/","og_site_name":"MBC Marine","article_modified_time":"2025-09-09T11:46:49+00:00","og_image":[{"width":1920,"height":1280,"url":"https:\/\/mbc-marine.com\/wp-content\/uploads\/2025\/05\/MBC-120.jpg","type":"image\/jpeg"}],"twitter_card":"summary_large_image","twitter_misc":{"Price":"","Availability":"In stock"},"schema":{"@context":"https:\/\/schema.org","@graph":[{"@type":["WebPage","ItemPage"],"@id":"https:\/\/mbc-marine.com\/product\/dc4012c\/","url":"https:\/\/mbc-marine.com\/product\/dc4012c\/","name":"DC4012C 12-V-Seewasserpumpe \u2013 MBC Marine","isPartOf":{"@id":"https:\/\/mbc-marine.com\/#website"},"primaryImageOfPage":{"@id":"https:\/\/mbc-marine.com\/product\/dc4012c\/#primaryimage"},"image":{"@id":"https:\/\/mbc-marine.com\/product\/dc4012c\/#primaryimage"},"thumbnailUrl":"https:\/\/mbc-marine.com\/wp-content\/uploads\/2025\/05\/MBC-120.jpg?wsr","datePublished":"2025-05-16T09:09:44+00:00","dateModified":"2025-09-09T11:46:49+00:00","description":"Die f\u00fcr die Gleichstrom-Klimaanlagen von MBC Marine entwickelten Umw\u00e4lzpumpen DE40 sind fortschrittliche, b\u00fcrstenlose, magnetisch isolierte Zentrifugalpumpen, die sich durch einen au\u00dfergew\u00f6hnlich leisen (&lt;40 dB) und energieeffizienten Betrieb auszeichnen. Sie eignen sich ideal f\u00fcr kompakte Umgebungen mit geringem Energieverbrauch.","breadcrumb":{"@id":"https:\/\/mbc-marine.com\/product\/dc4012c\/#breadcrumb"},"inLanguage":"de","potentialAction":[{"@type":"ReadAction","target":["https:\/\/mbc-marine.com\/product\/dc4012c\/"]}]},{"@type":"ImageObject","inLanguage":"de","@id":"https:\/\/mbc-marine.com\/product\/dc4012c\/#primaryimage","url":"https:\/\/mbc-marine.com\/wp-content\/uploads\/2025\/05\/MBC-120.jpg?wsr","contentUrl":"https:\/\/mbc-marine.com\/wp-content\/uploads\/2025\/05\/MBC-120.jpg?wsr","width":1920,"height":1280,"caption":"DC4012C 12V Sea Water Pump"},{"@type":"BreadcrumbList","@id":"https:\/\/mbc-marine.com\/product\/dc4012c\/#breadcrumb","itemListElement":[{"@type":"ListItem","position":1,"name":"Home","item":"https:\/\/mbc-marine.com\/"},{"@type":"ListItem","position":2,"name":"Shop","item":"https:\/\/mbc-marine.com\/shop\/"},{"@type":"ListItem","position":3,"name":"DC4012C 12V Sea Water Pump"}]},{"@type":"WebSite","@id":"https:\/\/mbc-marine.com\/#website","url":"https:\/\/mbc-marine.com\/","name":"MBC Marine","description":"","potentialAction":[{"@type":"SearchAction","target":{"@type":"EntryPoint","urlTemplate":"https:\/\/mbc-marine.com\/?s={search_term_string}"},"query-input":{"@type":"PropertyValueSpecification","valueRequired":true,"valueName":"search_term_string"}}],"inLanguage":"de"}]},"product_price_currency":"EUR","og_availability":"instock","product_availability":"instock","product_condition":"new"},"_links":{"self":[{"href":"https:\/\/mbc-marine.com\/de\/wp-json\/wp\/v2\/product\/4130","targetHints":{"allow":["GET"]}}],"collection":[{"href":"https:\/\/mbc-marine.com\/de\/wp-json\/wp\/v2\/product"}],"about":[{"href":"https:\/\/mbc-marine.com\/de\/wp-json\/wp\/v2\/types\/product"}],"version-history":[{"count":0,"href":"https:\/\/mbc-marine.com\/de\/wp-json\/wp\/v2\/product\/4130\/revisions"}],"wp:featuredmedia":[{"embeddable":true,"href":"https:\/\/mbc-marine.com\/de\/wp-json\/wp\/v2\/media\/4131"}],"wp:attachment":[{"href":"https:\/\/mbc-marine.com\/de\/wp-json\/wp\/v2\/media?parent=4130"}],"wp:term":[{"taxonomy":"product_brand","embeddable":true,"href":"https:\/\/mbc-marine.com\/de\/wp-json\/wp\/v2\/product_brand?post=4130"},{"taxonomy":"product_cat","embeddable":true,"href":"https:\/\/mbc-marine.com\/de\/wp-json\/wp\/v2\/product_cat?post=4130"},{"taxonomy":"product_tag","embeddable":true,"href":"https:\/\/mbc-marine.com\/de\/wp-json\/wp\/v2\/product_tag?post=4130"}],"curies":[{"name":"wp","href":"https:\/\/api.w.org\/{rel}","templated":true}]}}