{"id":4141,"date":"2025-05-16T11:15:18","date_gmt":"2025-05-16T09:15:18","guid":{"rendered":"https:\/\/mbc-marine.com\/?post_type=product&#038;p=4141"},"modified":"2025-09-09T13:47:42","modified_gmt":"2025-09-09T11:47:42","slug":"dc6024g","status":"publish","type":"product","link":"https:\/\/mbc-marine.com\/de\/product\/dc6024g\/","title":{"rendered":"DC6024G 24V Meerwasserpumpe"},"content":{"rendered":"<p>Die MBC Marine DC60G ist eine leistungsstarke und zuverl\u00e4ssige b\u00fcrstenlose Zentrifugalpumpe, die sich ideal f\u00fcr die 24-V-Gleichstrom-Klimaanlagen von MBC Marine mit h\u00f6heren Anforderungen an die Wasserzirkulation eignet.<\/p>\n<p>Mit einer maximalen F\u00f6rderh\u00f6he von bis zu 12 Metern und einer F\u00f6rderleistung von bis zu 63 Litern pro Minute ist es eine hervorragende Wahl f\u00fcr gr\u00f6\u00dfere oder komplexere Anlagen, einschlie\u00dflich Systemen mit mehreren L\u00fcftungsger\u00e4ten oder verl\u00e4ngerten Rohrleitungen.<\/p>\n<p>Die wasserdichte Konstruktion gem\u00e4\u00df Schutzklasse IP68 erm\u00f6glicht sowohl eine Unterwasser- als auch eine Trockenmontage. Die Keramikwelle und das verst\u00e4rkte Geh\u00e4use gew\u00e4hrleisten einen langlebigen, wartungsfreien Betrieb mit einer Nennlebensdauer von \u00fcber 30.000 Stunden.<\/p>\n<p>Dieses Modell ist vollst\u00e4ndig kompatibel mit den 24-V-Systemen von MBC Marine mit einer Gesamtleistung von bis zu 48.000 BTU und stellt somit die ideale L\u00f6sung f\u00fcr Mehrzonen-Anlagen dar, in denen eine effiziente und gleichm\u00e4\u00dfige Frischwasserzirkulation von entscheidender Bedeutung ist.<\/p>","protected":false},"excerpt":{"rendered":"<div class=\"_tableContainer_80l1q_1\">\n<div class=\"_tableWrapper_80l1q_14 group flex w-fit flex-col-reverse\" tabindex=\"-1\">\n<table class=\"w-fit min-w-(--thread-content-width)\" style=\"width: 100.454369%;\" data-start=\"137\" data-end=\"1643\">\n<thead data-start=\"137\" data-end=\"202\">\n<tr data-start=\"137\" data-end=\"202\">\n<th style=\"width: 43.076923%;\" data-start=\"137\" data-end=\"169\" data-col-size=\"sm\"><strong data-start=\"139\" data-end=\"156\">DC60E 24V \u2013 Technische Daten<\/strong><\/th>\n<th style=\"width: 196.92948%;\" data-start=\"169\" data-end=\"202\" data-col-size=\"sm\"><strong data-start=\"171\" data-end=\"180\">Wert<\/strong><\/th>\n<\/tr>\n<\/thead>\n<tbody data-start=\"268\" data-end=\"1643\">\n<tr data-start=\"268\" data-end=\"332\">\n<td style=\"width: 43.076923%;\" data-start=\"268\" data-end=\"299\" data-col-size=\"sm\">Modell<\/td>\n<td style=\"width: 196.92948%;\" data-col-size=\"sm\" data-start=\"299\" data-end=\"332\">DC60E<\/td>\n<\/tr>\n<tr data-start=\"333\" data-end=\"397\">\n<td style=\"width: 43.076923%;\" data-start=\"333\" data-end=\"364\" data-col-size=\"sm\">Nennspannung<\/td>\n<td style=\"width: 196.92948%;\" data-col-size=\"sm\" data-start=\"364\" data-end=\"397\">24 V DC<\/td>\n<\/tr>\n<tr data-start=\"398\" data-end=\"462\">\n<td style=\"width: 43.076923%;\" data-start=\"398\" data-end=\"429\" data-col-size=\"sm\">Stromverbrauch<\/td>\n<td style=\"width: 196.92948%;\" data-col-size=\"sm\" data-start=\"429\" data-end=\"462\">108\u2013120 W<\/td>\n<\/tr>\n<tr data-start=\"463\" data-end=\"527\">\n<td style=\"width: 43.076923%;\" data-start=\"463\" data-end=\"494\" data-col-size=\"sm\">Nennstrom<\/td>\n<td style=\"width: 196.92948%;\" data-col-size=\"sm\" data-start=\"494\" data-end=\"527\">~4,5\u20135 A<\/td>\n<\/tr>\n<tr data-start=\"528\" data-end=\"592\">\n<td style=\"width: 43.076923%;\" data-start=\"528\" data-end=\"559\" data-col-size=\"sm\">Maximale F\u00f6rderh\u00f6he<\/td>\n<td style=\"width: 196.92948%;\" data-col-size=\"sm\" data-start=\"559\" data-end=\"592\">Bis zu 12 m<\/td>\n<\/tr>\n<tr data-start=\"593\" data-end=\"657\">\n<td style=\"width: 43.076923%;\" data-start=\"593\" data-end=\"624\" data-col-size=\"sm\">Maximale Durchflussrate<\/td>\n<td style=\"width: 196.92948%;\" data-col-size=\"sm\" data-start=\"624\" data-end=\"657\">Bis zu 3800 l\/h (\u224863 l\/min)<\/td>\n<\/tr>\n<tr data-start=\"658\" data-end=\"722\">\n<td style=\"width: 43.076923%;\" data-start=\"658\" data-end=\"689\" data-col-size=\"sm\">Wasserdichtigkeit<\/td>\n<td style=\"width: 196.92948%;\" data-col-size=\"sm\" data-start=\"689\" data-end=\"722\">IP68<\/td>\n<\/tr>\n<tr data-start=\"723\" data-end=\"787\">\n<td style=\"width: 43.076923%;\" data-start=\"723\" data-end=\"754\" data-col-size=\"sm\">Erwartete Lebensdauer<\/td>\n<td style=\"width: 196.92948%;\" data-col-size=\"sm\" data-start=\"754\" data-end=\"787\">\u226530.000 Stunden<\/td>\n<\/tr>\n<tr data-start=\"788\" data-end=\"852\">\n<td style=\"width: 43.076923%;\" data-start=\"788\" data-end=\"819\" data-col-size=\"sm\">Ger\u00e4uschpegel<\/td>\n<td style=\"width: 196.92948%;\" data-col-size=\"sm\" data-start=\"819\" data-end=\"852\">\u226440 dB<\/td>\n<\/tr>\n<tr data-start=\"853\" data-end=\"917\">\n<td style=\"width: 43.076923%;\" data-start=\"853\" data-end=\"884\" data-col-size=\"sm\">Material des Pumpengeh\u00e4uses<\/td>\n<td style=\"width: 196.92948%;\" data-col-size=\"sm\" data-start=\"884\" data-end=\"917\">PPS mit 30%-Glasfaser<\/td>\n<\/tr>\n<tr data-start=\"918\" data-end=\"982\">\n<td style=\"width: 43.076923%;\" data-start=\"918\" data-end=\"949\" data-col-size=\"sm\">Welle<\/td>\n<td style=\"width: 196.92948%;\" data-col-size=\"sm\" data-start=\"949\" data-end=\"982\">Keramik<\/td>\n<\/tr>\n<tr data-start=\"983\" data-end=\"1047\">\n<td style=\"width: 43.076923%;\" data-start=\"983\" data-end=\"1014\" data-col-size=\"sm\">Impeller-Typ<\/td>\n<td style=\"width: 196.92948%;\" data-col-size=\"sm\" data-start=\"1014\" data-end=\"1047\">Geschlossenes Laufrad<\/td>\n<\/tr>\n<tr data-start=\"1048\" data-end=\"1112\">\n<td style=\"width: 43.076923%;\" data-start=\"1048\" data-end=\"1079\" data-col-size=\"sm\">Dichtungstyp<\/td>\n<td style=\"width: 196.92948%;\" data-col-size=\"sm\" data-start=\"1079\" data-end=\"1112\">Magnetische Isolierung<\/td>\n<\/tr>\n<tr data-start=\"1113\" data-end=\"1177\">\n<td style=\"width: 43.076923%;\" data-start=\"1113\" data-end=\"1144\" data-col-size=\"sm\">Isolationsklasse<\/td>\n<td style=\"width: 196.92948%;\" data-col-size=\"sm\" data-start=\"1144\" data-end=\"1177\">H (180 \u00b0C)<\/td>\n<\/tr>\n<tr data-start=\"1178\" data-end=\"1242\">\n<td style=\"width: 43.076923%;\" data-start=\"1178\" data-end=\"1209\" data-col-size=\"sm\">Einlass-\/Auslassgr\u00f6\u00dfe<\/td>\n<td style=\"width: 196.92948%;\" data-col-size=\"sm\" data-start=\"1209\" data-end=\"1242\">20 mm Gewinde (\u00bd\u2033)<\/td>\n<\/tr>\n<tr data-start=\"1243\" data-end=\"1307\">\n<td style=\"width: 43.076923%;\" data-start=\"1243\" data-end=\"1274\" data-col-size=\"sm\">Betriebsspannungsbereich<\/td>\n<td style=\"width: 196.92948%;\" data-col-size=\"sm\" data-start=\"1274\" data-end=\"1307\">10\u201330 V DC<\/td>\n<\/tr>\n<tr data-start=\"1308\" data-end=\"1372\">\n<td style=\"width: 43.076923%;\" data-start=\"1308\" data-end=\"1339\" data-col-size=\"sm\">Betriebstemperaturbereich<\/td>\n<td style=\"width: 196.92948%;\" data-col-size=\"sm\" data-start=\"1339\" data-end=\"1372\">\u201330 \u00b0C bis +100 \u00b0C<\/td>\n<\/tr>\n<tr data-start=\"1373\" data-end=\"1448\">\n<td style=\"width: 43.076923%;\" data-start=\"1373\" data-end=\"1404\" data-col-size=\"sm\">Schutzfunktionen<\/td>\n<td style=\"width: 196.92948%;\" data-col-size=\"sm\" data-start=\"1404\" data-end=\"1448\">Trockenlauf, \u00dcberlastung, Verpolung<\/td>\n<\/tr>\n<tr data-start=\"1449\" data-end=\"1513\">\n<td style=\"width: 43.076923%;\" data-start=\"1449\" data-end=\"1480\" data-col-size=\"sm\">Geschwindigkeitsregelung<\/td>\n<td style=\"width: 196.92948%;\" data-col-size=\"sm\" data-start=\"1480\" data-end=\"1513\">Nicht verf\u00fcgbar<\/td>\n<\/tr>\n<tr data-start=\"1514\" data-end=\"1578\">\n<td style=\"width: 43.076923%;\" data-start=\"1514\" data-end=\"1545\" data-col-size=\"sm\">Gewicht<\/td>\n<td style=\"width: 196.92948%;\" data-col-size=\"sm\" data-start=\"1545\" data-end=\"1578\">~0,89 kg<\/td>\n<\/tr>\n<tr data-start=\"1579\" data-end=\"1643\">\n<td style=\"width: 43.076923%;\" data-start=\"1579\" data-end=\"1610\" data-col-size=\"sm\">Abmessungen<\/td>\n<td style=\"width: 196.92948%;\" data-col-size=\"sm\" data-start=\"1610\" data-end=\"1643\">152 \u00d7 88 \u00d7 110 mm<\/td>\n<\/tr>\n<\/tbody>\n<\/table>\n<div class=\"sticky end-(--thread-content-margin) h-0 self-end select-none\">\n<div class=\"absolute end-0 flex items-end\"><\/div>\n<\/div>\n<\/div>\n<\/div>","protected":false},"featured_media":6184,"template":"","meta":{"_acf_changed":false},"product_brand":[],"product_cat":[35,75],"product_tag":[],"class_list":{"0":"post-4141","1":"product","2":"type-product","3":"status-publish","4":"has-post-thumbnail","6":"product_cat-accessories","7":"product_cat-sea-water-pump","9":"first","10":"instock","11":"shipping-taxable","12":"product-type-simple"},"acf":[],"yoast_head":"<!-- This site is optimized with the Yoast SEO Premium plugin v27.3 (Yoast SEO v27.4) - https:\/\/yoast.com\/product\/yoast-seo-premium-wordpress\/ -->\n<title>DC6024G 24V Sea Water Pump - MBC Marine<\/title>\n<meta name=\"description\" content=\"The MBC Marine DC60G is a powerful and reliable brushless centrifugal pump, ideally suited for MBC Marine\u2019s 24V DC air conditioning systems with higher water circulation demands.\" \/>\n<meta name=\"robots\" content=\"index, follow, max-snippet:-1, max-image-preview:large, max-video-preview:-1\" \/>\n<link rel=\"canonical\" href=\"https:\/\/mbc-marine.com\/de\/product\/dc6024g\/\" \/>\n<meta property=\"og:locale\" content=\"de_DE\" \/>\n<meta property=\"og:type\" content=\"article\" \/>\n<meta property=\"og:title\" content=\"DC6024G 24V Sea Water Pump\" \/>\n<meta property=\"og:description\" content=\"The MBC Marine DC60G is a powerful and reliable brushless centrifugal pump, ideally suited for MBC Marine\u2019s 24V DC air conditioning systems with higher water circulation demands.\" \/>\n<meta property=\"og:url\" content=\"https:\/\/mbc-marine.com\/de\/product\/dc6024g\/\" \/>\n<meta property=\"og:site_name\" content=\"MBC Marine\" \/>\n<meta property=\"article:modified_time\" content=\"2025-09-09T11:47:42+00:00\" \/>\n<meta property=\"og:image\" content=\"https:\/\/mbc-marine.com\/wp-content\/uploads\/2025\/05\/dc6024g-24v-sea-water-pump2.png\" \/>\n\t<meta property=\"og:image:width\" content=\"1920\" \/>\n\t<meta property=\"og:image:height\" content=\"1280\" \/>\n\t<meta property=\"og:image:type\" content=\"image\/png\" \/>\n<meta name=\"twitter:card\" content=\"summary_large_image\" \/>\n<meta name=\"twitter:label1\" content=\"Price\" \/>\n\t<meta name=\"twitter:data1\" content=\"\" \/>\n\t<meta name=\"twitter:label2\" content=\"Availability\" \/>\n\t<meta name=\"twitter:data2\" content=\"In stock\" \/>\n<script type=\"application\/ld+json\" class=\"yoast-schema-graph\">{\"@context\":\"https:\\\/\\\/schema.org\",\"@graph\":[{\"@type\":[\"WebPage\",\"ItemPage\"],\"@id\":\"https:\\\/\\\/mbc-marine.com\\\/product\\\/dc6024g\\\/\",\"url\":\"https:\\\/\\\/mbc-marine.com\\\/product\\\/dc6024g\\\/\",\"name\":\"DC6024G 24V Sea Water Pump - MBC Marine\",\"isPartOf\":{\"@id\":\"https:\\\/\\\/mbc-marine.com\\\/#website\"},\"primaryImageOfPage\":{\"@id\":\"https:\\\/\\\/mbc-marine.com\\\/product\\\/dc6024g\\\/#primaryimage\"},\"image\":{\"@id\":\"https:\\\/\\\/mbc-marine.com\\\/product\\\/dc6024g\\\/#primaryimage\"},\"thumbnailUrl\":\"https:\\\/\\\/mbc-marine.com\\\/wp-content\\\/uploads\\\/2025\\\/05\\\/dc6024g-24v-sea-water-pump2.png?wsr\",\"datePublished\":\"2025-05-16T09:15:18+00:00\",\"dateModified\":\"2025-09-09T11:47:42+00:00\",\"description\":\"The MBC Marine DC60G is a powerful and reliable brushless centrifugal pump, ideally suited for MBC Marine\u2019s 24V DC air conditioning systems with higher water circulation demands.\",\"breadcrumb\":{\"@id\":\"https:\\\/\\\/mbc-marine.com\\\/product\\\/dc6024g\\\/#breadcrumb\"},\"inLanguage\":\"de\",\"potentialAction\":[{\"@type\":\"ReadAction\",\"target\":[\"https:\\\/\\\/mbc-marine.com\\\/product\\\/dc6024g\\\/\"]}]},{\"@type\":\"ImageObject\",\"inLanguage\":\"de\",\"@id\":\"https:\\\/\\\/mbc-marine.com\\\/product\\\/dc6024g\\\/#primaryimage\",\"url\":\"https:\\\/\\\/mbc-marine.com\\\/wp-content\\\/uploads\\\/2025\\\/05\\\/dc6024g-24v-sea-water-pump2.png?wsr\",\"contentUrl\":\"https:\\\/\\\/mbc-marine.com\\\/wp-content\\\/uploads\\\/2025\\\/05\\\/dc6024g-24v-sea-water-pump2.png?wsr\",\"width\":1920,\"height\":1280,\"caption\":\"DC6024G 24V Sea Water Pump\"},{\"@type\":\"BreadcrumbList\",\"@id\":\"https:\\\/\\\/mbc-marine.com\\\/product\\\/dc6024g\\\/#breadcrumb\",\"itemListElement\":[{\"@type\":\"ListItem\",\"position\":1,\"name\":\"Home\",\"item\":\"https:\\\/\\\/mbc-marine.com\\\/\"},{\"@type\":\"ListItem\",\"position\":2,\"name\":\"Shop\",\"item\":\"https:\\\/\\\/mbc-marine.com\\\/shop\\\/\"},{\"@type\":\"ListItem\",\"position\":3,\"name\":\"DC6024G 24V Sea Water Pump\"}]},{\"@type\":\"WebSite\",\"@id\":\"https:\\\/\\\/mbc-marine.com\\\/#website\",\"url\":\"https:\\\/\\\/mbc-marine.com\\\/\",\"name\":\"MBC Marine\",\"description\":\"\",\"potentialAction\":[{\"@type\":\"SearchAction\",\"target\":{\"@type\":\"EntryPoint\",\"urlTemplate\":\"https:\\\/\\\/mbc-marine.com\\\/?s={search_term_string}\"},\"query-input\":{\"@type\":\"PropertyValueSpecification\",\"valueRequired\":true,\"valueName\":\"search_term_string\"}}],\"inLanguage\":\"de\"}]}<\/script>\n<meta property=\"product:price:currency\" content=\"EUR\" \/>\n<meta property=\"og:availability\" content=\"instock\" \/>\n<meta property=\"product:availability\" content=\"instock\" \/>\n<meta property=\"product:condition\" content=\"new\" \/>\n<!-- \/ Yoast SEO Premium plugin. -->","yoast_head_json":{"title":"DC6024G 24-V-Seewasserpumpe \u2013 MBC Marine","description":"Die MBC Marine DC60G ist eine leistungsstarke und zuverl\u00e4ssige b\u00fcrstenlose Zentrifugalpumpe, die sich ideal f\u00fcr die 24-V-Gleichstrom-Klimaanlagen von MBC Marine mit h\u00f6heren Anforderungen an die Wasserzirkulation eignet.","robots":{"index":"index","follow":"follow","max-snippet":"max-snippet:-1","max-image-preview":"max-image-preview:large","max-video-preview":"max-video-preview:-1"},"canonical":"https:\/\/mbc-marine.com\/de\/product\/dc6024g\/","og_locale":"de_DE","og_type":"article","og_title":"DC6024G 24V Sea Water Pump","og_description":"The MBC Marine DC60G is a powerful and reliable brushless centrifugal pump, ideally suited for MBC Marine\u2019s 24V DC air conditioning systems with higher water circulation demands.","og_url":"https:\/\/mbc-marine.com\/de\/product\/dc6024g\/","og_site_name":"MBC Marine","article_modified_time":"2025-09-09T11:47:42+00:00","og_image":[{"width":1920,"height":1280,"url":"https:\/\/mbc-marine.com\/wp-content\/uploads\/2025\/05\/dc6024g-24v-sea-water-pump2.png","type":"image\/png"}],"twitter_card":"summary_large_image","twitter_misc":{"Price":"","Availability":"In stock"},"schema":{"@context":"https:\/\/schema.org","@graph":[{"@type":["WebPage","ItemPage"],"@id":"https:\/\/mbc-marine.com\/product\/dc6024g\/","url":"https:\/\/mbc-marine.com\/product\/dc6024g\/","name":"DC6024G 24-V-Seewasserpumpe \u2013 MBC Marine","isPartOf":{"@id":"https:\/\/mbc-marine.com\/#website"},"primaryImageOfPage":{"@id":"https:\/\/mbc-marine.com\/product\/dc6024g\/#primaryimage"},"image":{"@id":"https:\/\/mbc-marine.com\/product\/dc6024g\/#primaryimage"},"thumbnailUrl":"https:\/\/mbc-marine.com\/wp-content\/uploads\/2025\/05\/dc6024g-24v-sea-water-pump2.png?wsr","datePublished":"2025-05-16T09:15:18+00:00","dateModified":"2025-09-09T11:47:42+00:00","description":"Die MBC Marine DC60G ist eine leistungsstarke und zuverl\u00e4ssige b\u00fcrstenlose Zentrifugalpumpe, die sich ideal f\u00fcr die 24-V-Gleichstrom-Klimaanlagen von MBC Marine mit h\u00f6heren Anforderungen an die Wasserzirkulation eignet.","breadcrumb":{"@id":"https:\/\/mbc-marine.com\/product\/dc6024g\/#breadcrumb"},"inLanguage":"de","potentialAction":[{"@type":"ReadAction","target":["https:\/\/mbc-marine.com\/product\/dc6024g\/"]}]},{"@type":"ImageObject","inLanguage":"de","@id":"https:\/\/mbc-marine.com\/product\/dc6024g\/#primaryimage","url":"https:\/\/mbc-marine.com\/wp-content\/uploads\/2025\/05\/dc6024g-24v-sea-water-pump2.png?wsr","contentUrl":"https:\/\/mbc-marine.com\/wp-content\/uploads\/2025\/05\/dc6024g-24v-sea-water-pump2.png?wsr","width":1920,"height":1280,"caption":"DC6024G 24V Sea Water Pump"},{"@type":"BreadcrumbList","@id":"https:\/\/mbc-marine.com\/product\/dc6024g\/#breadcrumb","itemListElement":[{"@type":"ListItem","position":1,"name":"Home","item":"https:\/\/mbc-marine.com\/"},{"@type":"ListItem","position":2,"name":"Shop","item":"https:\/\/mbc-marine.com\/shop\/"},{"@type":"ListItem","position":3,"name":"DC6024G 24V Sea Water Pump"}]},{"@type":"WebSite","@id":"https:\/\/mbc-marine.com\/#website","url":"https:\/\/mbc-marine.com\/","name":"MBC Marine","description":"","potentialAction":[{"@type":"SearchAction","target":{"@type":"EntryPoint","urlTemplate":"https:\/\/mbc-marine.com\/?s={search_term_string}"},"query-input":{"@type":"PropertyValueSpecification","valueRequired":true,"valueName":"search_term_string"}}],"inLanguage":"de"}]},"product_price_currency":"EUR","og_availability":"instock","product_availability":"instock","product_condition":"new"},"_links":{"self":[{"href":"https:\/\/mbc-marine.com\/de\/wp-json\/wp\/v2\/product\/4141","targetHints":{"allow":["GET"]}}],"collection":[{"href":"https:\/\/mbc-marine.com\/de\/wp-json\/wp\/v2\/product"}],"about":[{"href":"https:\/\/mbc-marine.com\/de\/wp-json\/wp\/v2\/types\/product"}],"version-history":[{"count":0,"href":"https:\/\/mbc-marine.com\/de\/wp-json\/wp\/v2\/product\/4141\/revisions"}],"wp:featuredmedia":[{"embeddable":true,"href":"https:\/\/mbc-marine.com\/de\/wp-json\/wp\/v2\/media\/6184"}],"wp:attachment":[{"href":"https:\/\/mbc-marine.com\/de\/wp-json\/wp\/v2\/media?parent=4141"}],"wp:term":[{"taxonomy":"product_brand","embeddable":true,"href":"https:\/\/mbc-marine.com\/de\/wp-json\/wp\/v2\/product_brand?post=4141"},{"taxonomy":"product_cat","embeddable":true,"href":"https:\/\/mbc-marine.com\/de\/wp-json\/wp\/v2\/product_cat?post=4141"},{"taxonomy":"product_tag","embeddable":true,"href":"https:\/\/mbc-marine.com\/de\/wp-json\/wp\/v2\/product_tag?post=4141"}],"curies":[{"name":"wp","href":"https:\/\/api.w.org\/{rel}","templated":true}]}}