{"id":4144,"date":"2025-05-16T11:17:04","date_gmt":"2025-05-16T09:17:04","guid":{"rendered":"https:\/\/mbc-marine.com\/?post_type=product&#038;p=4144"},"modified":"2026-04-29T17:24:40","modified_gmt":"2026-04-29T15:24:40","slug":"dc5624f-2","status":"publish","type":"product","link":"https:\/\/mbc-marine.com\/de\/product\/dc5624f-2\/","title":{"rendered":"DC5624F 24V Seewasserpumpe"},"content":{"rendered":"<p data-start=\"159\" data-end=\"379\">Die MBC Marine DC55F Umw\u00e4lzpumpe ist eine zuverl\u00e4ssige, b\u00fcrstenlose, magnetisch isolierte Zentrifugalpumpe, die f\u00fcr die 24-V-Gleichstrom-Klimaanlagen von MBC Marine entwickelt wurde und selbst in anspruchsvollen Meeresumgebungen eine starke Leistung bietet.<\/p>\n<p data-start=\"381\" data-end=\"573\">Mit einem <strong data-start=\"388\" data-end=\"423\">maximale F\u00f6rderh\u00f6he von bis zu 16 Metern<\/strong> und ein <strong data-start=\"430\" data-end=\"473\">Durchflussmenge von bis zu 2400 Litern pro Stunde<\/strong> (40 l\/min) eignet es sich gut f\u00fcr Installationen mit l\u00e4ngeren Rohrleitungen oder erh\u00f6hten Kondensatorpositionen.<\/p>\n<p data-start=\"575\" data-end=\"781\">Es <strong data-start=\"579\" data-end=\"611\">IP68 wasserdichte Konstruktion<\/strong> erm\u00f6glicht sowohl die Unterwasser- als auch die Trockeninstallation, w\u00e4hrend die Keramikwelle und das robuste Verbundgeh\u00e4use eine lange, wartungsfreie Lebensdauer von bis zu 30.000 Stunden gew\u00e4hrleisten.<\/p>\n<p data-start=\"783\" data-end=\"970\">Das Modell MBC Marine DC55F 24V ist ideal f\u00fcr die 24-V-Systeme von MBC Marine in der <strong data-start=\"863\" data-end=\"887\">7000\u201312000 BTU-Bereich<\/strong>, wo eine gleichm\u00e4\u00dfige Wasserzirkulation und ein leiser, zuverl\u00e4ssiger Betrieb unerl\u00e4sslich sind.<\/p>","protected":false},"excerpt":{"rendered":"<div class=\"_tableContainer_80l1q_1\">\n<div class=\"_tableWrapper_80l1q_14 group flex w-fit flex-col-reverse\" tabindex=\"-1\">\n<table class=\"w-fit min-w-(--thread-content-width)\" style=\"width: 101.75123%;\" data-start=\"140\" data-end=\"1612\">\n<thead data-start=\"140\" data-end=\"206\">\n<tr data-start=\"140\" data-end=\"206\">\n<th style=\"width: 37.248322%;\" data-start=\"140\" data-end=\"173\" data-col-size=\"sm\"><strong data-start=\"142\" data-end=\"159\">DC 5624F 24V Spezifikation<\/strong><\/th>\n<th style=\"width: 220.469799%;\" data-start=\"173\" data-end=\"206\" data-col-size=\"md\"><strong data-start=\"175\" data-end=\"184\">Wert<\/strong><\/th>\n<\/tr>\n<\/thead>\n<tbody data-start=\"273\" data-end=\"1612\">\n<tr data-start=\"273\" data-end=\"338\">\n<td style=\"width: 37.248322%;\" data-start=\"273\" data-end=\"305\" data-col-size=\"sm\">Nennspannung<\/td>\n<td style=\"width: 220.469799%;\" data-col-size=\"md\" data-start=\"305\" data-end=\"338\">24 V DC<\/td>\n<\/tr>\n<tr data-start=\"339\" data-end=\"404\">\n<td style=\"width: 37.248322%;\" data-start=\"339\" data-end=\"371\" data-col-size=\"sm\">Stromverbrauch<\/td>\n<td style=\"width: 220.469799%;\" data-col-size=\"md\" data-start=\"371\" data-end=\"404\">42\u201354 W<\/td>\n<\/tr>\n<tr data-start=\"405\" data-end=\"469\">\n<td style=\"width: 37.248322%;\" data-start=\"405\" data-end=\"437\" data-col-size=\"sm\">Nennstrom<\/td>\n<td style=\"width: 220.469799%;\" data-col-size=\"md\" data-start=\"437\" data-end=\"469\">~1,4\u20132,2 A<\/td>\n<\/tr>\n<tr data-start=\"470\" data-end=\"533\">\n<td style=\"width: 37.248322%;\" data-start=\"470\" data-end=\"501\" data-col-size=\"sm\">Maximale F\u00f6rderh\u00f6he<\/td>\n<td style=\"width: 220.469799%;\" data-col-size=\"md\" data-start=\"501\" data-end=\"533\">Bis zu 16 m<\/td>\n<\/tr>\n<tr data-start=\"534\" data-end=\"599\">\n<td style=\"width: 37.248322%;\" data-start=\"534\" data-end=\"566\" data-col-size=\"sm\">Maximale Durchflussrate<\/td>\n<td style=\"width: 220.469799%;\" data-col-size=\"md\" data-start=\"566\" data-end=\"599\">Bis zu 2400 l\/h (40 l\/min)<\/td>\n<\/tr>\n<tr data-start=\"600\" data-end=\"665\">\n<td style=\"width: 37.248322%;\" data-start=\"600\" data-end=\"632\" data-col-size=\"sm\">Wasserdichtigkeit<\/td>\n<td style=\"width: 220.469799%;\" data-col-size=\"md\" data-start=\"632\" data-end=\"665\">IP68<\/td>\n<\/tr>\n<tr data-start=\"666\" data-end=\"731\">\n<td style=\"width: 37.248322%;\" data-start=\"666\" data-end=\"698\" data-col-size=\"sm\">Erwartete Lebensdauer<\/td>\n<td style=\"width: 220.469799%;\" data-col-size=\"md\" data-start=\"698\" data-end=\"731\">\u00dcber 30.000 Stunden<\/td>\n<\/tr>\n<tr data-start=\"732\" data-end=\"797\">\n<td style=\"width: 37.248322%;\" data-start=\"732\" data-end=\"764\" data-col-size=\"sm\">Ger\u00e4uschpegel<\/td>\n<td style=\"width: 220.469799%;\" data-col-size=\"md\" data-start=\"764\" data-end=\"797\">\u226435\u201340 dB<\/td>\n<\/tr>\n<tr data-start=\"798\" data-end=\"863\">\n<td style=\"width: 37.248322%;\" data-start=\"798\" data-end=\"830\" data-col-size=\"sm\">Material des Pumpengeh\u00e4uses<\/td>\n<td style=\"width: 220.469799%;\" data-col-size=\"md\" data-start=\"830\" data-end=\"863\">PPS mit 30%-Glasfaser<\/td>\n<\/tr>\n<tr data-start=\"864\" data-end=\"929\">\n<td style=\"width: 37.248322%;\" data-start=\"864\" data-end=\"896\" data-col-size=\"sm\">Welle<\/td>\n<td style=\"width: 220.469799%;\" data-col-size=\"md\" data-start=\"896\" data-end=\"929\">Keramikwelle<\/td>\n<\/tr>\n<tr data-start=\"930\" data-end=\"995\">\n<td style=\"width: 37.248322%;\" data-start=\"930\" data-end=\"962\" data-col-size=\"sm\">Dichtungstyp<\/td>\n<td style=\"width: 220.469799%;\" data-col-size=\"md\" data-start=\"962\" data-end=\"995\">Magnetische Isolierung (ohne Dichtung)<\/td>\n<\/tr>\n<tr data-start=\"996\" data-end=\"1061\">\n<td style=\"width: 37.248322%;\" data-start=\"996\" data-end=\"1028\" data-col-size=\"sm\">Fl\u00fcgelrad<\/td>\n<td style=\"width: 220.469799%;\" data-col-size=\"md\" data-start=\"1028\" data-end=\"1061\">Geschlossenes Laufrad<\/td>\n<\/tr>\n<tr data-start=\"1062\" data-end=\"1127\">\n<td style=\"width: 37.248322%;\" data-start=\"1062\" data-end=\"1094\" data-col-size=\"sm\">Isolationsklasse<\/td>\n<td style=\"width: 220.469799%;\" data-col-size=\"md\" data-start=\"1094\" data-end=\"1127\">H (180 \u00b0C)<\/td>\n<\/tr>\n<tr data-start=\"1128\" data-end=\"1193\">\n<td style=\"width: 37.248322%;\" data-start=\"1128\" data-end=\"1160\" data-col-size=\"sm\">Einlass\/Auslass<\/td>\n<td style=\"width: 220.469799%;\" data-col-size=\"md\" data-start=\"1160\" data-end=\"1193\">20 mm Gewinde<\/td>\n<\/tr>\n<tr data-start=\"1194\" data-end=\"1259\">\n<td style=\"width: 37.248322%;\" data-start=\"1194\" data-end=\"1226\" data-col-size=\"sm\">Betriebsspannungsbereich<\/td>\n<td style=\"width: 220.469799%;\" data-col-size=\"md\" data-start=\"1226\" data-end=\"1259\">12\u201330 V DC<\/td>\n<\/tr>\n<tr data-start=\"1260\" data-end=\"1325\">\n<td style=\"width: 37.248322%;\" data-start=\"1260\" data-end=\"1292\" data-col-size=\"sm\">Betriebstemperaturbereich<\/td>\n<td style=\"width: 220.469799%;\" data-col-size=\"md\" data-start=\"1292\" data-end=\"1325\">\u201330 \u00b0C bis +100 \u00b0C<\/td>\n<\/tr>\n<tr data-start=\"1326\" data-end=\"1414\">\n<td style=\"width: 37.248322%;\" data-start=\"1326\" data-end=\"1358\" data-col-size=\"sm\">Schutzfunktionen<\/td>\n<td style=\"width: 220.469799%;\" data-col-size=\"md\" data-start=\"1358\" data-end=\"1414\">Trockenlauf, \u00dcberlast, Verpolung, Verriegelungsschutz<\/td>\n<\/tr>\n<tr data-start=\"1415\" data-end=\"1480\">\n<td style=\"width: 37.248322%;\" data-start=\"1415\" data-end=\"1447\" data-col-size=\"sm\">Geschwindigkeitsregelung<\/td>\n<td style=\"width: 220.469799%;\" data-col-size=\"md\" data-start=\"1447\" data-end=\"1480\">Nicht verf\u00fcgbar<\/td>\n<\/tr>\n<tr data-start=\"1481\" data-end=\"1546\">\n<td style=\"width: 37.248322%;\" data-start=\"1481\" data-end=\"1513\" data-col-size=\"sm\">Gewicht<\/td>\n<td style=\"width: 220.469799%;\" data-col-size=\"md\" data-start=\"1513\" data-end=\"1546\">~520 g<\/td>\n<\/tr>\n<tr data-start=\"1547\" data-end=\"1612\">\n<td style=\"width: 37.248322%;\" data-start=\"1547\" data-end=\"1579\" data-col-size=\"sm\">Abmessungen<\/td>\n<td style=\"width: 220.469799%;\" data-col-size=\"md\" data-start=\"1579\" data-end=\"1612\">102 \u00d7 78 \u00d7 80 mm<\/td>\n<\/tr>\n<\/tbody>\n<\/table>\n<div class=\"sticky end-(--thread-content-margin) h-0 self-end select-none\">\n<div class=\"absolute end-0 flex items-end\"><\/div>\n<\/div>\n<\/div>\n<\/div>","protected":false},"featured_media":6179,"template":"","meta":{"_acf_changed":false},"product_brand":[],"product_cat":[35,75],"product_tag":[],"class_list":{"0":"post-4144","1":"product","2":"type-product","3":"status-publish","4":"has-post-thumbnail","6":"product_cat-accessories","7":"product_cat-sea-water-pump","9":"first","10":"instock","11":"shipping-taxable","12":"product-type-simple"},"acf":[],"_links":{"self":[{"href":"https:\/\/mbc-marine.com\/de\/wp-json\/wp\/v2\/product\/4144","targetHints":{"allow":["GET"]}}],"collection":[{"href":"https:\/\/mbc-marine.com\/de\/wp-json\/wp\/v2\/product"}],"about":[{"href":"https:\/\/mbc-marine.com\/de\/wp-json\/wp\/v2\/types\/product"}],"version-history":[{"count":1,"href":"https:\/\/mbc-marine.com\/de\/wp-json\/wp\/v2\/product\/4144\/revisions"}],"predecessor-version":[{"id":8163,"href":"https:\/\/mbc-marine.com\/de\/wp-json\/wp\/v2\/product\/4144\/revisions\/8163"}],"wp:featuredmedia":[{"embeddable":true,"href":"https:\/\/mbc-marine.com\/de\/wp-json\/wp\/v2\/media\/6179"}],"wp:attachment":[{"href":"https:\/\/mbc-marine.com\/de\/wp-json\/wp\/v2\/media?parent=4144"}],"wp:term":[{"taxonomy":"product_brand","embeddable":true,"href":"https:\/\/mbc-marine.com\/de\/wp-json\/wp\/v2\/product_brand?post=4144"},{"taxonomy":"product_cat","embeddable":true,"href":"https:\/\/mbc-marine.com\/de\/wp-json\/wp\/v2\/product_cat?post=4144"},{"taxonomy":"product_tag","embeddable":true,"href":"https:\/\/mbc-marine.com\/de\/wp-json\/wp\/v2\/product_tag?post=4144"}],"curies":[{"name":"wp","href":"https:\/\/api.w.org\/{rel}","templated":true}]}}