{"id":4162,"date":"2025-05-16T11:31:36","date_gmt":"2025-05-16T09:31:36","guid":{"rendered":"https:\/\/mbc-marine.com\/?post_type=product&#038;p=4162"},"modified":"2026-04-29T17:22:47","modified_gmt":"2026-04-29T15:22:47","slug":"dc-prb-4","status":"publish","type":"product","link":"https:\/\/mbc-marine.com\/de\/product\/dc-prb-4\/","title":{"rendered":"DC-PRB-4 PUMPENRELAIKASTEN"},"content":{"rendered":"","protected":false},"excerpt":{"rendered":"<p>4-Kanal-Pumpen-Relaisbox f\u00fcr die nahtlose Integration in Gleichstromsysteme von MBC Marine.<\/p>\n<p>Die 4-Stationen-Pumpenrelaisbox wurde entwickelt, um eine gemeinsame Seewasserpumpe zu steuern, die von bis zu vier Gleichstrom-Klimaanlagen gemeinsam genutzt wird, und gew\u00e4hrleistet einen effizienten und koordinierten Betrieb.<\/p>\n<p>Unsere Pumpenrelaisplatine (PRP) erm\u00f6glicht die reibungslose, automatische Umschaltung einer gemeinsam genutzten Meerwasserpumpe zwischen mehreren DC-A\/C-Einheiten.<\/p>\n<p>&nbsp;<\/p>\n<p>Jede Einheit ist mit unabh\u00e4ngigen, vollst\u00e4ndig isolierten Pumpenausl\u00f6seeing\u00e4ngen ausgestattet, die mit 12 V \u2013 24 V und 48 V Gleichstromsignalen kompatibel sind und eine sichere und flexible Integration gew\u00e4hrleisten. Der Pumpenstrom-Ein- und Ausgang ist ebenfalls isoliert und f\u00fcr 12 V \u2013 24 V und 48 V Gleichstromsysteme geeignet. Die Relaisbox ist in einem Kunststoffgeh\u00e4use untergebracht und erm\u00f6glicht eine saubere, \u00fcbersichtliche Verkabelung aller Steuereing\u00e4nge und Pumpenanschl\u00fcsse \u2013 eine zuverl\u00e4ssige, platzsparende L\u00f6sung f\u00fcr moderne Gleichstrom-Klimaanlagen in der Schifffahrt.<\/p>","protected":false},"featured_media":6176,"template":"","meta":{"_acf_changed":false},"product_brand":[],"product_cat":[35,76],"product_tag":[],"class_list":{"0":"post-4162","1":"product","2":"type-product","3":"status-publish","4":"has-post-thumbnail","6":"product_cat-accessories","7":"product_cat-electrical-accessories","9":"first","10":"instock","11":"shipping-taxable","12":"product-type-simple"},"acf":[],"_links":{"self":[{"href":"https:\/\/mbc-marine.com\/de\/wp-json\/wp\/v2\/product\/4162","targetHints":{"allow":["GET"]}}],"collection":[{"href":"https:\/\/mbc-marine.com\/de\/wp-json\/wp\/v2\/product"}],"about":[{"href":"https:\/\/mbc-marine.com\/de\/wp-json\/wp\/v2\/types\/product"}],"version-history":[{"count":2,"href":"https:\/\/mbc-marine.com\/de\/wp-json\/wp\/v2\/product\/4162\/revisions"}],"predecessor-version":[{"id":7714,"href":"https:\/\/mbc-marine.com\/de\/wp-json\/wp\/v2\/product\/4162\/revisions\/7714"}],"wp:featuredmedia":[{"embeddable":true,"href":"https:\/\/mbc-marine.com\/de\/wp-json\/wp\/v2\/media\/6176"}],"wp:attachment":[{"href":"https:\/\/mbc-marine.com\/de\/wp-json\/wp\/v2\/media?parent=4162"}],"wp:term":[{"taxonomy":"product_brand","embeddable":true,"href":"https:\/\/mbc-marine.com\/de\/wp-json\/wp\/v2\/product_brand?post=4162"},{"taxonomy":"product_cat","embeddable":true,"href":"https:\/\/mbc-marine.com\/de\/wp-json\/wp\/v2\/product_cat?post=4162"},{"taxonomy":"product_tag","embeddable":true,"href":"https:\/\/mbc-marine.com\/de\/wp-json\/wp\/v2\/product_tag?post=4162"}],"curies":[{"name":"wp","href":"https:\/\/api.w.org\/{rel}","templated":true}]}}