{"id":5008,"date":"2025-07-08T22:15:40","date_gmt":"2025-07-08T20:15:40","guid":{"rendered":"https:\/\/mbc-marine.com\/?post_type=product&#038;p=5008"},"modified":"2026-04-29T16:59:38","modified_gmt":"2026-04-29T14:59:38","slug":"cpm-130-st6","status":"publish","type":"product","link":"https:\/\/mbc-marine.com\/de\/product\/cpm-130-st6\/","title":{"rendered":"CPM130-ST6 \u2013 Meerwasserpumpe"},"content":{"rendered":"<p><strong data-start=\"87\" data-end=\"130\">Pedrollo CPm 130 \u2013 1-phasige Kreiselpumpe<\/strong><br data-start=\"130\" data-end=\"133\" \/>Diese Pumpe eignet sich f\u00fcr die Zirkulation von Frischwasser in MBC Marine-K\u00fchlsystemen. Sie ist f\u00fcr saubere Fl\u00fcssigkeiten ausgelegt, die die Pumpenmaterialien nicht angreifen. Sie ist zuverl\u00e4ssig und einfach zu bedienen und muss an einem trockenen, gesch\u00fctzten Ort installiert werden.<\/p>","protected":false},"excerpt":{"rendered":"<table class=\"w-fit min-w-(--thread-content-width)\" style=\"width: 96.107453%;\" data-start=\"88\" data-end=\"1707\">\n<thead data-start=\"88\" data-end=\"177\">\n<tr data-start=\"88\" data-end=\"177\">\n<th style=\"width: 49.246231%;\" data-start=\"88\" data-end=\"132\" data-col-size=\"sm\"><strong data-start=\"90\" data-end=\"107\">CPM130 ST6 Spezifikation<\/strong><\/th>\n<th style=\"width: 324.120603%;\" data-start=\"132\" data-end=\"177\" data-col-size=\"sm\"><strong data-start=\"134\" data-end=\"143\">Wert<\/strong><\/th>\n<\/tr>\n<\/thead>\n<tbody data-start=\"267\" data-end=\"1707\">\n<tr data-start=\"267\" data-end=\"356\">\n<td style=\"width: 49.246231%;\" data-start=\"267\" data-end=\"311\" data-col-size=\"sm\">Garantie<\/td>\n<td style=\"width: 324.120603%;\" data-col-size=\"sm\" data-start=\"311\" data-end=\"356\">2 Jahre<\/td>\n<\/tr>\n<tr data-start=\"357\" data-end=\"446\">\n<td style=\"width: 49.246231%;\" data-start=\"357\" data-end=\"401\" data-col-size=\"sm\">Spannung<\/td>\n<td style=\"width: 324.120603%;\" data-col-size=\"sm\" data-start=\"401\" data-end=\"446\">230 Volt<\/td>\n<\/tr>\n<tr data-start=\"447\" data-end=\"536\">\n<td style=\"width: 49.246231%;\" data-start=\"447\" data-end=\"491\" data-col-size=\"sm\">Leistung<\/td>\n<td style=\"width: 324.120603%;\" data-col-size=\"sm\" data-start=\"491\" data-end=\"536\">370 Watt<\/td>\n<\/tr>\n<tr data-start=\"537\" data-end=\"627\">\n<td style=\"width: 49.246231%;\" data-start=\"537\" data-end=\"581\" data-col-size=\"sm\">Kopf (Min\u2013Max)<\/td>\n<td style=\"width: 324.120603%;\" data-col-size=\"sm\" data-start=\"581\" data-end=\"627\">9\u201321,5 m<\/td>\n<\/tr>\n<tr data-start=\"628\" data-end=\"717\">\n<td style=\"width: 49.246231%;\" data-start=\"628\" data-end=\"672\" data-col-size=\"sm\">Durchflussrate bei festgelegten F\u00f6rderh\u00f6hen<\/td>\n<td style=\"width: 324.120603%;\" data-col-size=\"sm\" data-start=\"672\" data-end=\"717\">10\u2013100 Liter\/Minute<\/td>\n<\/tr>\n<tr data-start=\"718\" data-end=\"807\">\n<td style=\"width: 49.246231%;\" data-start=\"718\" data-end=\"762\" data-col-size=\"sm\">Sauganschluss<\/td>\n<td style=\"width: 324.120603%;\" data-col-size=\"sm\" data-start=\"762\" data-end=\"807\">1 1\/4 Zoll Innengewinde<\/td>\n<\/tr>\n<tr data-start=\"808\" data-end=\"897\">\n<td style=\"width: 49.246231%;\" data-start=\"808\" data-end=\"852\" data-col-size=\"sm\">Auslassanschluss<\/td>\n<td style=\"width: 324.120603%;\" data-col-size=\"sm\" data-start=\"852\" data-end=\"897\">1 Zoll Innengewinde<\/td>\n<\/tr>\n<tr data-start=\"898\" data-end=\"987\">\n<td style=\"width: 49.246231%;\" data-start=\"898\" data-end=\"942\" data-col-size=\"sm\">Maximale Saugtiefe<\/td>\n<td style=\"width: 324.120603%;\" data-col-size=\"sm\" data-start=\"942\" data-end=\"987\">7 Meter<\/td>\n<\/tr>\n<tr data-start=\"988\" data-end=\"1077\">\n<td style=\"width: 49.246231%;\" data-start=\"988\" data-end=\"1032\" data-col-size=\"sm\">Maximale Fl\u00fcssigkeitstemperatur<\/td>\n<td style=\"width: 324.120603%;\" data-col-size=\"sm\" data-start=\"1032\" data-end=\"1077\">90 Grad Celsius<\/td>\n<\/tr>\n<tr data-start=\"1078\" data-end=\"1167\">\n<td style=\"width: 49.246231%;\" data-start=\"1078\" data-end=\"1122\" data-col-size=\"sm\">Pumpengeh\u00e4use<\/td>\n<td style=\"width: 324.120603%;\" data-col-size=\"sm\" data-start=\"1122\" data-end=\"1167\">Edelstahl AISI 316L<\/td>\n<\/tr>\n<tr data-start=\"1168\" data-end=\"1257\">\n<td style=\"width: 49.246231%;\" data-start=\"1168\" data-end=\"1212\" data-col-size=\"sm\">Welle<\/td>\n<td style=\"width: 324.120603%;\" data-col-size=\"sm\" data-start=\"1212\" data-end=\"1257\">Edelstahl AISI 316L<\/td>\n<\/tr>\n<tr data-start=\"1258\" data-end=\"1347\">\n<td style=\"width: 49.246231%;\" data-start=\"1258\" data-end=\"1302\" data-col-size=\"sm\">Gleitringdichtung<\/td>\n<td style=\"width: 324.120603%;\" data-col-size=\"sm\" data-start=\"1302\" data-end=\"1347\">AR-12ST6 Carbon-Keramik<\/td>\n<\/tr>\n<tr data-start=\"1348\" data-end=\"1437\">\n<td style=\"width: 49.246231%;\" data-start=\"1348\" data-end=\"1392\" data-col-size=\"sm\">Fl\u00fcgelrad<\/td>\n<td style=\"width: 324.120603%;\" data-col-size=\"sm\" data-start=\"1392\" data-end=\"1437\">Edelstahl AISI 316L<\/td>\n<\/tr>\n<tr data-start=\"1438\" data-end=\"1527\">\n<td style=\"width: 49.246231%;\" data-start=\"1438\" data-end=\"1482\" data-col-size=\"sm\">Kabell\u00e4nge<\/td>\n<td style=\"width: 324.120603%;\" data-col-size=\"sm\" data-start=\"1482\" data-end=\"1527\">0 Meter<\/td>\n<\/tr>\n<tr data-start=\"1528\" data-end=\"1617\">\n<td style=\"width: 49.246231%;\" data-start=\"1528\" data-end=\"1572\" data-col-size=\"sm\">Schutzklasse<\/td>\n<td style=\"width: 324.120603%;\" data-col-size=\"sm\" data-start=\"1572\" data-end=\"1617\">IP X4<\/td>\n<\/tr>\n<tr data-start=\"1618\" data-end=\"1707\">\n<td style=\"width: 49.246231%;\" data-start=\"1618\" data-end=\"1662\" data-col-size=\"sm\">Gewicht<\/td>\n<td style=\"width: 324.120603%;\" data-col-size=\"sm\" data-start=\"1662\" data-end=\"1707\">6,5 kg<\/td>\n<\/tr>\n<\/tbody>\n<\/table>","protected":false},"featured_media":4932,"template":"","meta":{"_acf_changed":false},"product_brand":[],"product_cat":[75],"product_tag":[],"class_list":{"0":"post-5008","1":"product","2":"type-product","3":"status-publish","4":"has-post-thumbnail","6":"product_cat-sea-water-pump","8":"first","9":"instock","10":"shipping-taxable","11":"product-type-simple"},"acf":[],"_links":{"self":[{"href":"https:\/\/mbc-marine.com\/de\/wp-json\/wp\/v2\/product\/5008","targetHints":{"allow":["GET"]}}],"collection":[{"href":"https:\/\/mbc-marine.com\/de\/wp-json\/wp\/v2\/product"}],"about":[{"href":"https:\/\/mbc-marine.com\/de\/wp-json\/wp\/v2\/types\/product"}],"version-history":[{"count":1,"href":"https:\/\/mbc-marine.com\/de\/wp-json\/wp\/v2\/product\/5008\/revisions"}],"predecessor-version":[{"id":8146,"href":"https:\/\/mbc-marine.com\/de\/wp-json\/wp\/v2\/product\/5008\/revisions\/8146"}],"wp:featuredmedia":[{"embeddable":true,"href":"https:\/\/mbc-marine.com\/de\/wp-json\/wp\/v2\/media\/4932"}],"wp:attachment":[{"href":"https:\/\/mbc-marine.com\/de\/wp-json\/wp\/v2\/media?parent=5008"}],"wp:term":[{"taxonomy":"product_brand","embeddable":true,"href":"https:\/\/mbc-marine.com\/de\/wp-json\/wp\/v2\/product_brand?post=5008"},{"taxonomy":"product_cat","embeddable":true,"href":"https:\/\/mbc-marine.com\/de\/wp-json\/wp\/v2\/product_cat?post=5008"},{"taxonomy":"product_tag","embeddable":true,"href":"https:\/\/mbc-marine.com\/de\/wp-json\/wp\/v2\/product_tag?post=5008"}],"curies":[{"name":"wp","href":"https:\/\/api.w.org\/{rel}","templated":true}]}}