{"id":5010,"date":"2025-07-08T22:16:46","date_gmt":"2025-07-08T20:16:46","guid":{"rendered":"https:\/\/mbc-marine.com\/?post_type=product&#038;p=5010"},"modified":"2025-09-09T13:53:46","modified_gmt":"2025-09-09T11:53:46","slug":"cpm-132-st6","status":"publish","type":"product","link":"https:\/\/mbc-marine.com\/de\/product\/cpm-132-st6\/","title":{"rendered":"CPM132-ST6 Meerwasserpumpe"},"content":{"rendered":"<p><strong data-start=\"87\" data-end=\"130\">Pedrollo CPm 132 ST6 \u2013 1-phasige Kreiselpumpe<\/strong><br data-start=\"130\" data-end=\"133\" \/>Diese Pumpe eignet sich f\u00fcr die Zirkulation von Frischwasser in MBC Marine-K\u00fchlsystemen. Sie ist f\u00fcr saubere Fl\u00fcssigkeiten ausgelegt, die die Pumpenmaterialien nicht angreifen. Sie ist zuverl\u00e4ssig und einfach zu bedienen und muss an einem trockenen, gesch\u00fctzten Ort installiert werden.<\/p>","protected":false},"excerpt":{"rendered":"<div class=\"_tableContainer_80l1q_1\">\n<div class=\"_tableWrapper_80l1q_14 group flex w-fit flex-col-reverse\" tabindex=\"-1\">\n<table class=\"w-fit min-w-(--thread-content-width)\" style=\"width: 97.847422%;\" data-start=\"83\" data-end=\"2152\">\n<thead data-start=\"83\" data-end=\"172\">\n<tr data-start=\"83\" data-end=\"172\">\n<th style=\"width: 43.79085%;\" data-start=\"83\" data-end=\"127\" data-col-size=\"sm\"><strong data-start=\"85\" data-end=\"102\">CPM-132 ST6 \u2013 Spezifikation<\/strong><\/th>\n<th style=\"width: 277.559913%;\" data-start=\"127\" data-end=\"172\" data-col-size=\"sm\"><strong data-start=\"129\" data-end=\"138\">Wert<\/strong><\/th>\n<\/tr>\n<\/thead>\n<tbody data-start=\"262\" data-end=\"2152\">\n<tr data-start=\"262\" data-end=\"351\">\n<td style=\"width: 43.79085%;\" data-start=\"262\" data-end=\"306\" data-col-size=\"sm\">Garantie<\/td>\n<td style=\"width: 277.559913%;\" data-col-size=\"sm\" data-start=\"306\" data-end=\"351\">2 Jahre<\/td>\n<\/tr>\n<tr data-start=\"352\" data-end=\"441\">\n<td style=\"width: 43.79085%;\" data-start=\"352\" data-end=\"396\" data-col-size=\"sm\">Spannung<\/td>\n<td style=\"width: 277.559913%;\" data-col-size=\"sm\" data-start=\"396\" data-end=\"441\">230 Volt<\/td>\n<\/tr>\n<tr data-start=\"442\" data-end=\"531\">\n<td style=\"width: 43.79085%;\" data-start=\"442\" data-end=\"486\" data-col-size=\"sm\">Geschwindigkeit<\/td>\n<td style=\"width: 277.559913%;\" data-col-size=\"sm\" data-start=\"486\" data-end=\"531\">2900 Umdrehungen pro Minute<\/td>\n<\/tr>\n<tr data-start=\"532\" data-end=\"621\">\n<td style=\"width: 43.79085%;\" data-start=\"532\" data-end=\"576\" data-col-size=\"sm\">Leistung<\/td>\n<td style=\"width: 277.559913%;\" data-col-size=\"sm\" data-start=\"576\" data-end=\"621\">550 Watt<\/td>\n<\/tr>\n<tr data-start=\"622\" data-end=\"712\">\n<td style=\"width: 43.79085%;\" data-start=\"622\" data-end=\"666\" data-col-size=\"sm\">Kopf (Min\u2013Max)<\/td>\n<td style=\"width: 277.559913%;\" data-col-size=\"sm\" data-start=\"666\" data-end=\"712\">12\u201322,5 m<\/td>\n<\/tr>\n<tr data-start=\"713\" data-end=\"802\">\n<td style=\"width: 43.79085%;\" data-start=\"713\" data-end=\"757\" data-col-size=\"sm\">Durchflussrate bei festgelegten F\u00f6rderh\u00f6hen<\/td>\n<td style=\"width: 277.559913%;\" data-col-size=\"sm\" data-start=\"757\" data-end=\"802\">20\u2013120 Liter\/Minute<\/td>\n<\/tr>\n<tr data-start=\"803\" data-end=\"892\">\n<td style=\"width: 43.79085%;\" data-start=\"803\" data-end=\"847\" data-col-size=\"sm\">Sauganschluss<\/td>\n<td style=\"width: 277.559913%;\" data-col-size=\"sm\" data-start=\"847\" data-end=\"892\">2,54 cm<\/td>\n<\/tr>\n<tr data-start=\"893\" data-end=\"982\">\n<td style=\"width: 43.79085%;\" data-start=\"893\" data-end=\"937\" data-col-size=\"sm\">Auslassanschluss<\/td>\n<td style=\"width: 277.559913%;\" data-col-size=\"sm\" data-start=\"937\" data-end=\"982\">2,54 cm<\/td>\n<\/tr>\n<tr data-start=\"983\" data-end=\"1072\">\n<td style=\"width: 43.79085%;\" data-start=\"983\" data-end=\"1027\" data-col-size=\"sm\">Maximale Saugtiefe<\/td>\n<td style=\"width: 277.559913%;\" data-col-size=\"sm\" data-start=\"1027\" data-end=\"1072\">7 Meter<\/td>\n<\/tr>\n<tr data-start=\"1073\" data-end=\"1162\">\n<td style=\"width: 43.79085%;\" data-start=\"1073\" data-end=\"1117\" data-col-size=\"sm\">Maximale Fl\u00fcssigkeitstemperatur<\/td>\n<td style=\"width: 277.559913%;\" data-col-size=\"sm\" data-start=\"1117\" data-end=\"1162\">90 Grad Celsius<\/td>\n<\/tr>\n<tr data-start=\"1163\" data-end=\"1252\">\n<td style=\"width: 43.79085%;\" data-start=\"1163\" data-end=\"1207\" data-col-size=\"sm\">Maximale Umgebungstemperatur<\/td>\n<td style=\"width: 277.559913%;\" data-col-size=\"sm\" data-start=\"1207\" data-end=\"1252\">40 Grad Celsius<\/td>\n<\/tr>\n<tr data-start=\"1253\" data-end=\"1342\">\n<td style=\"width: 43.79085%;\" data-start=\"1253\" data-end=\"1297\" data-col-size=\"sm\">Einbaul\u00e4nge<\/td>\n<td style=\"width: 277.559913%;\" data-col-size=\"sm\" data-start=\"1297\" data-end=\"1342\">257 Millimeter<\/td>\n<\/tr>\n<tr data-start=\"1343\" data-end=\"1432\">\n<td style=\"width: 43.79085%;\" data-start=\"1343\" data-end=\"1387\" data-col-size=\"sm\">Pumpengeh\u00e4use<\/td>\n<td style=\"width: 277.559913%;\" data-col-size=\"sm\" data-start=\"1387\" data-end=\"1432\">Gusseisen mit Gewinde ISO 228\/1<\/td>\n<\/tr>\n<tr data-start=\"1433\" data-end=\"1522\">\n<td style=\"width: 43.79085%;\" data-start=\"1433\" data-end=\"1477\" data-col-size=\"sm\">Welle<\/td>\n<td style=\"width: 277.559913%;\" data-col-size=\"sm\" data-start=\"1477\" data-end=\"1522\">Edelstahl EN 10088-3-1.4104<\/td>\n<\/tr>\n<tr data-start=\"1523\" data-end=\"1612\">\n<td style=\"width: 43.79085%;\" data-start=\"1523\" data-end=\"1567\" data-col-size=\"sm\">Gleitringdichtung<\/td>\n<td style=\"width: 277.559913%;\" data-col-size=\"sm\" data-start=\"1567\" data-end=\"1612\">AR-12 Keramik-Graphit-NBR<\/td>\n<\/tr>\n<tr data-start=\"1613\" data-end=\"1702\">\n<td style=\"width: 43.79085%;\" data-start=\"1613\" data-end=\"1657\" data-col-size=\"sm\">Fl\u00fcgelrad<\/td>\n<td style=\"width: 277.559913%;\" data-col-size=\"sm\" data-start=\"1657\" data-end=\"1702\">Edelstahl AISI 304<\/td>\n<\/tr>\n<tr data-start=\"1703\" data-end=\"1792\">\n<td style=\"width: 43.79085%;\" data-start=\"1703\" data-end=\"1747\" data-col-size=\"sm\">Kabell\u00e4nge<\/td>\n<td style=\"width: 277.559913%;\" data-col-size=\"sm\" data-start=\"1747\" data-end=\"1792\">0 Meter<\/td>\n<\/tr>\n<tr data-start=\"1793\" data-end=\"1882\">\n<td style=\"width: 43.79085%;\" data-start=\"1793\" data-end=\"1837\" data-col-size=\"sm\">Schutzklasse<\/td>\n<td style=\"width: 277.559913%;\" data-col-size=\"sm\" data-start=\"1837\" data-end=\"1882\">IP X4<\/td>\n<\/tr>\n<tr data-start=\"1883\" data-end=\"1972\">\n<td style=\"width: 43.79085%;\" data-start=\"1883\" data-end=\"1927\" data-col-size=\"sm\">Isolationsklasse<\/td>\n<td style=\"width: 277.559913%;\" data-col-size=\"sm\" data-start=\"1927\" data-end=\"1972\">F<\/td>\n<\/tr>\n<tr data-start=\"1973\" data-end=\"2062\">\n<td style=\"width: 43.79085%;\" data-start=\"1973\" data-end=\"2017\" data-col-size=\"sm\">Optimale Effizienz-Durchflussrate<\/td>\n<td style=\"width: 277.559913%;\" data-col-size=\"sm\" data-start=\"2017\" data-end=\"2062\">90 Liter\/Minute bei 17,5 Metern<\/td>\n<\/tr>\n<tr data-start=\"2063\" data-end=\"2152\">\n<td style=\"width: 43.79085%;\" data-start=\"2063\" data-end=\"2107\" data-col-size=\"sm\">Gewicht<\/td>\n<td style=\"width: 277.559913%;\" data-col-size=\"sm\" data-start=\"2107\" data-end=\"2152\">8,4 kg<\/td>\n<\/tr>\n<\/tbody>\n<\/table>\n<div class=\"sticky end-(--thread-content-margin) h-0 self-end select-none\">\n<div class=\"absolute end-0 flex items-end\"><\/div>\n<\/div>\n<\/div>\n<\/div>","protected":false},"featured_media":4932,"template":"","meta":{"_acf_changed":false},"product_brand":[],"product_cat":[75],"product_tag":[],"class_list":{"0":"post-5010","1":"product","2":"type-product","3":"status-publish","4":"has-post-thumbnail","6":"product_cat-sea-water-pump","8":"first","9":"instock","10":"shipping-taxable","11":"product-type-simple"},"acf":[],"yoast_head":"<!-- This site is optimized with the Yoast SEO Premium plugin v27.3 (Yoast SEO v27.4) - https:\/\/yoast.com\/product\/yoast-seo-premium-wordpress\/ -->\n<title>CPM132-ST6 Sea Water Pump - MBC Marine<\/title>\n<meta name=\"description\" content=\"Pedrollo CPm 132 ST6 \u2013 1Ph Centrifugal Pump This pump is suitable for circulating fresh water in MBC Marine chiller systems. It is designed for clean liquids that are non-aggressive to pump materials. Reliable and easy to use, it must be installed in a dry, protected location.\" \/>\n<meta name=\"robots\" content=\"index, follow, max-snippet:-1, max-image-preview:large, max-video-preview:-1\" \/>\n<link rel=\"canonical\" href=\"https:\/\/mbc-marine.com\/de\/product\/cpm-132-st6\/\" \/>\n<meta property=\"og:locale\" content=\"de_DE\" \/>\n<meta property=\"og:type\" content=\"article\" \/>\n<meta property=\"og:title\" content=\"CPM132-ST6 Sea Water Pump\" \/>\n<meta property=\"og:description\" content=\"Pedrollo CPm 132 ST6 \u2013 1Ph Centrifugal Pump This pump is suitable for circulating fresh water in MBC Marine chiller systems. It is designed for clean liquids that are non-aggressive to pump materials. Reliable and easy to use, it must be installed in a dry, protected location.\" \/>\n<meta property=\"og:url\" content=\"https:\/\/mbc-marine.com\/de\/product\/cpm-132-st6\/\" \/>\n<meta property=\"og:site_name\" content=\"MBC Marine\" \/>\n<meta property=\"article:modified_time\" content=\"2025-09-09T11:53:46+00:00\" \/>\n<meta property=\"og:image\" content=\"https:\/\/mbc-marine.com\/wp-content\/uploads\/2025\/07\/CP-ST_6l9m-mh_v7up-rt_na9j-88.jpg\" \/>\n\t<meta property=\"og:image:width\" content=\"525\" \/>\n\t<meta property=\"og:image:height\" content=\"470\" \/>\n\t<meta property=\"og:image:type\" content=\"image\/jpeg\" \/>\n<meta name=\"twitter:card\" content=\"summary_large_image\" \/>\n<meta name=\"twitter:label1\" content=\"Price\" \/>\n\t<meta name=\"twitter:data1\" content=\"\" \/>\n\t<meta name=\"twitter:label2\" content=\"Availability\" \/>\n\t<meta name=\"twitter:data2\" content=\"In stock\" \/>\n<script type=\"application\/ld+json\" class=\"yoast-schema-graph\">{\"@context\":\"https:\\\/\\\/schema.org\",\"@graph\":[{\"@type\":[\"WebPage\",\"ItemPage\"],\"@id\":\"https:\\\/\\\/mbc-marine.com\\\/product\\\/cpm-132-st6\\\/\",\"url\":\"https:\\\/\\\/mbc-marine.com\\\/product\\\/cpm-132-st6\\\/\",\"name\":\"CPM132-ST6 Sea Water Pump - MBC Marine\",\"isPartOf\":{\"@id\":\"https:\\\/\\\/mbc-marine.com\\\/#website\"},\"primaryImageOfPage\":{\"@id\":\"https:\\\/\\\/mbc-marine.com\\\/product\\\/cpm-132-st6\\\/#primaryimage\"},\"image\":{\"@id\":\"https:\\\/\\\/mbc-marine.com\\\/product\\\/cpm-132-st6\\\/#primaryimage\"},\"thumbnailUrl\":\"https:\\\/\\\/mbc-marine.com\\\/wp-content\\\/uploads\\\/2025\\\/07\\\/CP-ST_6l9m-mh_v7up-rt_na9j-88.jpg?wsr\",\"datePublished\":\"2025-07-08T20:16:46+00:00\",\"dateModified\":\"2025-09-09T11:53:46+00:00\",\"description\":\"Pedrollo CPm 132 ST6 \u2013 1Ph Centrifugal Pump This pump is suitable for circulating fresh water in MBC Marine chiller systems. It is designed for clean liquids that are non-aggressive to pump materials. Reliable and easy to use, it must be installed in a dry, protected location.\",\"breadcrumb\":{\"@id\":\"https:\\\/\\\/mbc-marine.com\\\/product\\\/cpm-132-st6\\\/#breadcrumb\"},\"inLanguage\":\"de\",\"potentialAction\":[{\"@type\":\"ReadAction\",\"target\":[\"https:\\\/\\\/mbc-marine.com\\\/product\\\/cpm-132-st6\\\/\"]}]},{\"@type\":\"ImageObject\",\"inLanguage\":\"de\",\"@id\":\"https:\\\/\\\/mbc-marine.com\\\/product\\\/cpm-132-st6\\\/#primaryimage\",\"url\":\"https:\\\/\\\/mbc-marine.com\\\/wp-content\\\/uploads\\\/2025\\\/07\\\/CP-ST_6l9m-mh_v7up-rt_na9j-88.jpg?wsr\",\"contentUrl\":\"https:\\\/\\\/mbc-marine.com\\\/wp-content\\\/uploads\\\/2025\\\/07\\\/CP-ST_6l9m-mh_v7up-rt_na9j-88.jpg?wsr\",\"width\":525,\"height\":470},{\"@type\":\"BreadcrumbList\",\"@id\":\"https:\\\/\\\/mbc-marine.com\\\/product\\\/cpm-132-st6\\\/#breadcrumb\",\"itemListElement\":[{\"@type\":\"ListItem\",\"position\":1,\"name\":\"Home\",\"item\":\"https:\\\/\\\/mbc-marine.com\\\/\"},{\"@type\":\"ListItem\",\"position\":2,\"name\":\"Shop\",\"item\":\"https:\\\/\\\/mbc-marine.com\\\/shop\\\/\"},{\"@type\":\"ListItem\",\"position\":3,\"name\":\"CPM132-ST6 Sea Water Pump\"}]},{\"@type\":\"WebSite\",\"@id\":\"https:\\\/\\\/mbc-marine.com\\\/#website\",\"url\":\"https:\\\/\\\/mbc-marine.com\\\/\",\"name\":\"MBC Marine\",\"description\":\"\",\"potentialAction\":[{\"@type\":\"SearchAction\",\"target\":{\"@type\":\"EntryPoint\",\"urlTemplate\":\"https:\\\/\\\/mbc-marine.com\\\/?s={search_term_string}\"},\"query-input\":{\"@type\":\"PropertyValueSpecification\",\"valueRequired\":true,\"valueName\":\"search_term_string\"}}],\"inLanguage\":\"de\"}]}<\/script>\n<meta property=\"product:price:currency\" content=\"EUR\" \/>\n<meta property=\"og:availability\" content=\"instock\" \/>\n<meta property=\"product:availability\" content=\"instock\" \/>\n<meta property=\"product:condition\" content=\"new\" \/>\n<!-- \/ Yoast SEO Premium plugin. -->","yoast_head_json":{"title":"CPM132-ST6 Seewasserpumpe \u2013 MBC Marine","description":"Pedrollo CPm 132 ST6 \u2013 1-phasige Kreiselpumpe Diese Pumpe eignet sich f\u00fcr die Zirkulation von Frischwasser in MBC-Marine-K\u00fchlsystemen. Sie ist f\u00fcr saubere Fl\u00fcssigkeiten ausgelegt, die die Pumpenmaterialien nicht angreifen. Sie ist zuverl\u00e4ssig und einfach zu bedienen und muss an einem trockenen, gesch\u00fctzten Ort installiert werden.","robots":{"index":"index","follow":"follow","max-snippet":"max-snippet:-1","max-image-preview":"max-image-preview:large","max-video-preview":"max-video-preview:-1"},"canonical":"https:\/\/mbc-marine.com\/de\/product\/cpm-132-st6\/","og_locale":"de_DE","og_type":"article","og_title":"CPM132-ST6 Sea Water Pump","og_description":"Pedrollo CPm 132 ST6 \u2013 1Ph Centrifugal Pump This pump is suitable for circulating fresh water in MBC Marine chiller systems. It is designed for clean liquids that are non-aggressive to pump materials. Reliable and easy to use, it must be installed in a dry, protected location.","og_url":"https:\/\/mbc-marine.com\/de\/product\/cpm-132-st6\/","og_site_name":"MBC Marine","article_modified_time":"2025-09-09T11:53:46+00:00","og_image":[{"width":525,"height":470,"url":"https:\/\/mbc-marine.com\/wp-content\/uploads\/2025\/07\/CP-ST_6l9m-mh_v7up-rt_na9j-88.jpg","type":"image\/jpeg"}],"twitter_card":"summary_large_image","twitter_misc":{"Price":"","Availability":"In stock"},"schema":{"@context":"https:\/\/schema.org","@graph":[{"@type":["WebPage","ItemPage"],"@id":"https:\/\/mbc-marine.com\/product\/cpm-132-st6\/","url":"https:\/\/mbc-marine.com\/product\/cpm-132-st6\/","name":"CPM132-ST6 Seewasserpumpe \u2013 MBC Marine","isPartOf":{"@id":"https:\/\/mbc-marine.com\/#website"},"primaryImageOfPage":{"@id":"https:\/\/mbc-marine.com\/product\/cpm-132-st6\/#primaryimage"},"image":{"@id":"https:\/\/mbc-marine.com\/product\/cpm-132-st6\/#primaryimage"},"thumbnailUrl":"https:\/\/mbc-marine.com\/wp-content\/uploads\/2025\/07\/CP-ST_6l9m-mh_v7up-rt_na9j-88.jpg?wsr","datePublished":"2025-07-08T20:16:46+00:00","dateModified":"2025-09-09T11:53:46+00:00","description":"Pedrollo CPm 132 ST6 \u2013 1-phasige Kreiselpumpe Diese Pumpe eignet sich f\u00fcr die Zirkulation von Frischwasser in MBC-Marine-K\u00fchlsystemen. Sie ist f\u00fcr saubere Fl\u00fcssigkeiten ausgelegt, die die Pumpenmaterialien nicht angreifen. Sie ist zuverl\u00e4ssig und einfach zu bedienen und muss an einem trockenen, gesch\u00fctzten Ort installiert werden.","breadcrumb":{"@id":"https:\/\/mbc-marine.com\/product\/cpm-132-st6\/#breadcrumb"},"inLanguage":"de","potentialAction":[{"@type":"ReadAction","target":["https:\/\/mbc-marine.com\/product\/cpm-132-st6\/"]}]},{"@type":"ImageObject","inLanguage":"de","@id":"https:\/\/mbc-marine.com\/product\/cpm-132-st6\/#primaryimage","url":"https:\/\/mbc-marine.com\/wp-content\/uploads\/2025\/07\/CP-ST_6l9m-mh_v7up-rt_na9j-88.jpg?wsr","contentUrl":"https:\/\/mbc-marine.com\/wp-content\/uploads\/2025\/07\/CP-ST_6l9m-mh_v7up-rt_na9j-88.jpg?wsr","width":525,"height":470},{"@type":"BreadcrumbList","@id":"https:\/\/mbc-marine.com\/product\/cpm-132-st6\/#breadcrumb","itemListElement":[{"@type":"ListItem","position":1,"name":"Home","item":"https:\/\/mbc-marine.com\/"},{"@type":"ListItem","position":2,"name":"Shop","item":"https:\/\/mbc-marine.com\/shop\/"},{"@type":"ListItem","position":3,"name":"CPM132-ST6 Sea Water Pump"}]},{"@type":"WebSite","@id":"https:\/\/mbc-marine.com\/#website","url":"https:\/\/mbc-marine.com\/","name":"MBC Marine","description":"","potentialAction":[{"@type":"SearchAction","target":{"@type":"EntryPoint","urlTemplate":"https:\/\/mbc-marine.com\/?s={search_term_string}"},"query-input":{"@type":"PropertyValueSpecification","valueRequired":true,"valueName":"search_term_string"}}],"inLanguage":"de"}]},"product_price_currency":"EUR","og_availability":"instock","product_availability":"instock","product_condition":"new"},"_links":{"self":[{"href":"https:\/\/mbc-marine.com\/de\/wp-json\/wp\/v2\/product\/5010","targetHints":{"allow":["GET"]}}],"collection":[{"href":"https:\/\/mbc-marine.com\/de\/wp-json\/wp\/v2\/product"}],"about":[{"href":"https:\/\/mbc-marine.com\/de\/wp-json\/wp\/v2\/types\/product"}],"version-history":[{"count":0,"href":"https:\/\/mbc-marine.com\/de\/wp-json\/wp\/v2\/product\/5010\/revisions"}],"wp:featuredmedia":[{"embeddable":true,"href":"https:\/\/mbc-marine.com\/de\/wp-json\/wp\/v2\/media\/4932"}],"wp:attachment":[{"href":"https:\/\/mbc-marine.com\/de\/wp-json\/wp\/v2\/media?parent=5010"}],"wp:term":[{"taxonomy":"product_brand","embeddable":true,"href":"https:\/\/mbc-marine.com\/de\/wp-json\/wp\/v2\/product_brand?post=5010"},{"taxonomy":"product_cat","embeddable":true,"href":"https:\/\/mbc-marine.com\/de\/wp-json\/wp\/v2\/product_cat?post=5010"},{"taxonomy":"product_tag","embeddable":true,"href":"https:\/\/mbc-marine.com\/de\/wp-json\/wp\/v2\/product_tag?post=5010"}],"curies":[{"name":"wp","href":"https:\/\/api.w.org\/{rel}","templated":true}]}}