{"id":5063,"date":"2025-07-22T11:33:49","date_gmt":"2025-07-22T09:33:49","guid":{"rendered":"https:\/\/mbc-marine.com\/?post_type=product&#038;p=5063"},"modified":"2026-04-29T16:55:55","modified_gmt":"2026-04-29T14:55:55","slug":"cpm130","status":"publish","type":"product","link":"https:\/\/mbc-marine.com\/de\/product\/cpm130\/","title":{"rendered":"CPM130 \u2013 Frischwasserpumpe"},"content":{"rendered":"<p>Die Pumpe CPM 130 eignet sich f\u00fcr die Zirkulation von Frischwasser in MBC Marine-K\u00fchlsystemen. Sie ist f\u00fcr saubere Fl\u00fcssigkeiten ausgelegt, die die Pumpenmaterialien nicht angreifen. Die zuverl\u00e4ssige und benutzerfreundliche Pumpe muss an einem trockenen, gesch\u00fctzten Ort installiert werden.<\/p>","protected":false},"excerpt":{"rendered":"<p>&nbsp;<\/p>\n<table style=\"width: 101.144142%;\">\n<thead>\n<tr>\n<th style=\"width: 43.79085%;\"><strong>CPM130 Spezifikation<\/strong><\/th>\n<th style=\"width: 288.453159%;\"><strong>Wert<\/strong><\/th>\n<\/tr>\n<\/thead>\n<tbody>\n<tr>\n<td style=\"width: 43.79085%;\">Garantie<\/td>\n<td style=\"width: 288.453159%;\">2 Jahre<\/td>\n<\/tr>\n<tr>\n<td style=\"width: 43.79085%;\">Spannung<\/td>\n<td style=\"width: 288.453159%;\">230 Volt<\/td>\n<\/tr>\n<tr>\n<td style=\"width: 43.79085%;\">Geschwindigkeit<\/td>\n<td style=\"width: 288.453159%;\">2900 Umdrehungen pro Minute<\/td>\n<\/tr>\n<tr>\n<td style=\"width: 43.79085%;\">Leistung<\/td>\n<td style=\"width: 288.453159%;\">370 Watt<\/td>\n<\/tr>\n<tr>\n<td style=\"width: 43.79085%;\">Kopf (Min\u2013Max)<\/td>\n<td style=\"width: 288.453159%;\">14\u201322 m<\/td>\n<\/tr>\n<tr>\n<td style=\"width: 43.79085%;\">Durchflussrate bei festgelegten F\u00f6rderh\u00f6hen<\/td>\n<td style=\"width: 288.453159%;\">10\u201380 Liter\/Minute<\/td>\n<\/tr>\n<tr>\n<td style=\"width: 43.79085%;\">Sauganschluss<\/td>\n<td style=\"width: 288.453159%;\">2,54 cm<\/td>\n<\/tr>\n<tr>\n<td style=\"width: 43.79085%;\">Auslassanschluss<\/td>\n<td style=\"width: 288.453159%;\">2,54 cm<\/td>\n<\/tr>\n<tr>\n<td style=\"width: 43.79085%;\">Maximale Saugtiefe<\/td>\n<td style=\"width: 288.453159%;\">7 Meter<\/td>\n<\/tr>\n<tr>\n<td style=\"width: 43.79085%;\">Maximale Fl\u00fcssigkeitstemperatur<\/td>\n<td style=\"width: 288.453159%;\">90 Grad Celsius<\/td>\n<\/tr>\n<tr>\n<td style=\"width: 43.79085%;\">Maximale Umgebungstemperatur<\/td>\n<td style=\"width: 288.453159%;\">40 Grad Celsius<\/td>\n<\/tr>\n<tr>\n<td style=\"width: 43.79085%;\">Einbaul\u00e4nge<\/td>\n<td style=\"width: 288.453159%;\">257 Millimeter<\/td>\n<\/tr>\n<tr>\n<td style=\"width: 43.79085%;\">Pumpengeh\u00e4use<\/td>\n<td style=\"width: 288.453159%;\">Gusseisen mit Gewinde ISO 228\/1<\/td>\n<\/tr>\n<tr>\n<td style=\"width: 43.79085%;\">Welle<\/td>\n<td style=\"width: 288.453159%;\">Edelstahl AISI 431<\/td>\n<\/tr>\n<tr>\n<td style=\"width: 43.79085%;\">Gleitringdichtung<\/td>\n<td style=\"width: 288.453159%;\">AR-12 Keramik-Graphit-NBR<\/td>\n<\/tr>\n<tr>\n<td style=\"width: 43.79085%;\">Fl\u00fcgelrad<\/td>\n<td style=\"width: 288.453159%;\">Edelstahl AISI 304<\/td>\n<\/tr>\n<tr>\n<td style=\"width: 43.79085%;\">Kabell\u00e4nge<\/td>\n<td style=\"width: 288.453159%;\">0 Meter<\/td>\n<\/tr>\n<tr>\n<td style=\"width: 43.79085%;\">Schutzklasse<\/td>\n<td style=\"width: 288.453159%;\">IP X4<\/td>\n<\/tr>\n<tr>\n<td style=\"width: 43.79085%;\">Isolationsklasse<\/td>\n<td style=\"width: 288.453159%;\">F<\/td>\n<\/tr>\n<tr>\n<td style=\"width: 43.79085%;\">Optimale Effizienz-Durchflussrate<\/td>\n<td style=\"width: 288.453159%;\">61 Liter\/Minute bei 16 Metern<\/td>\n<\/tr>\n<tr>\n<td style=\"width: 43.79085%;\">Gewicht<\/td>\n<td style=\"width: 288.453159%;\">7,7 kg<\/td>\n<\/tr>\n<\/tbody>\n<\/table>","protected":false},"featured_media":5057,"template":"","meta":{"_acf_changed":false},"product_brand":[],"product_cat":[86],"product_tag":[],"class_list":{"0":"post-5063","1":"product","2":"type-product","3":"status-publish","4":"has-post-thumbnail","6":"product_cat-fresh-water-pumps","8":"first","9":"instock","10":"shipping-taxable","11":"product-type-simple"},"acf":[],"_links":{"self":[{"href":"https:\/\/mbc-marine.com\/de\/wp-json\/wp\/v2\/product\/5063","targetHints":{"allow":["GET"]}}],"collection":[{"href":"https:\/\/mbc-marine.com\/de\/wp-json\/wp\/v2\/product"}],"about":[{"href":"https:\/\/mbc-marine.com\/de\/wp-json\/wp\/v2\/types\/product"}],"version-history":[{"count":1,"href":"https:\/\/mbc-marine.com\/de\/wp-json\/wp\/v2\/product\/5063\/revisions"}],"predecessor-version":[{"id":8141,"href":"https:\/\/mbc-marine.com\/de\/wp-json\/wp\/v2\/product\/5063\/revisions\/8141"}],"wp:featuredmedia":[{"embeddable":true,"href":"https:\/\/mbc-marine.com\/de\/wp-json\/wp\/v2\/media\/5057"}],"wp:attachment":[{"href":"https:\/\/mbc-marine.com\/de\/wp-json\/wp\/v2\/media?parent=5063"}],"wp:term":[{"taxonomy":"product_brand","embeddable":true,"href":"https:\/\/mbc-marine.com\/de\/wp-json\/wp\/v2\/product_brand?post=5063"},{"taxonomy":"product_cat","embeddable":true,"href":"https:\/\/mbc-marine.com\/de\/wp-json\/wp\/v2\/product_cat?post=5063"},{"taxonomy":"product_tag","embeddable":true,"href":"https:\/\/mbc-marine.com\/de\/wp-json\/wp\/v2\/product_tag?post=5063"}],"curies":[{"name":"wp","href":"https:\/\/api.w.org\/{rel}","templated":true}]}}