{"id":5299,"date":"2025-07-23T21:02:48","date_gmt":"2025-07-23T19:02:48","guid":{"rendered":"https:\/\/mbc-marine.com\/?post_type=product&#038;p=5299"},"modified":"2026-04-29T16:52:08","modified_gmt":"2026-04-29T14:52:08","slug":"meerwasserfilter","status":"publish","type":"product","link":"https:\/\/mbc-marine.com\/de\/product\/sea-water-filter\/","title":{"rendered":"MEERWASSERFILTER AMP-S-03"},"content":{"rendered":"<h3 data-start=\"62\" data-end=\"111\">AMP-S-03 Wasserfilter \u2013 \u00be\u2033 und 1\u2033<\/h3>\n<p data-start=\"113\" data-end=\"249\">Kompakte und leistungsstarke Seewassersiebe \u2013 ideal f\u00fcr Schiffsklimaanlagen, Generatoren und andere Anwendungen an Bord.<\/p>\n<p data-start=\"251\" data-end=\"642\">Die Filter der Serie AMP-S-03 verf\u00fcgen \u00fcber ein vernickeltes Geh\u00e4use aus Marinebronze und eine transparente, schlagfeste Abdeckung aus Polycarbonat, die eine schnelle Sichtpr\u00fcfung des Filters ohne Demontage des Systems erm\u00f6glicht. Im Inneren sorgt ein Edelstahlkorb aus AISI 316L f\u00fcr au\u00dfergew\u00f6hnliche Langlebigkeit und Korrosionsbest\u00e4ndigkeit, w\u00e4hrend die Neoprendichtung eine perfekte Abdichtung gew\u00e4hrleistet.<\/p>","protected":false},"excerpt":{"rendered":"<h3 data-start=\"123\" data-end=\"193\">Technische Daten \u2013 AMP-S-03 Wasserfilter (\u00be\u2033 und 1\u2033)<\/h3>\n<div class=\"_tableContainer_80l1q_1\">\n<div class=\"_tableWrapper_80l1q_14 group flex w-fit flex-col-reverse\" tabindex=\"-1\">\n<table class=\"w-fit min-w-(--thread-content-width)\" style=\"width: 100.898145%;\" data-start=\"195\" data-end=\"1663\">\n<thead data-start=\"195\" data-end=\"289\">\n<tr data-start=\"195\" data-end=\"289\">\n<th style=\"width: 40.254822%;\" data-start=\"195\" data-end=\"222\" data-col-size=\"sm\">Spezifikation<\/th>\n<th style=\"width: 31.598282%;\" data-start=\"222\" data-end=\"255\" data-col-size=\"md\">\u00be\u2033 Gr\u00f6\u00dfe<\/th>\n<th style=\"width: 60.912729%;\" data-start=\"255\" data-end=\"289\" data-col-size=\"md\">1 Zoll Gr\u00f6\u00dfe<\/th>\n<\/tr>\n<\/thead>\n<tbody data-start=\"385\" data-end=\"1663\">\n<tr data-start=\"385\" data-end=\"479\">\n<td style=\"width: 40.254822%;\" data-start=\"385\" data-end=\"412\" data-col-size=\"sm\"><strong data-start=\"387\" data-end=\"403\">Produktcode<\/strong><\/td>\n<td style=\"width: 31.598282%;\" data-col-size=\"md\" data-start=\"412\" data-end=\"445\">1164,75<\/td>\n<td style=\"width: 60.912729%;\" data-col-size=\"md\" data-start=\"445\" data-end=\"479\">1164.1<\/td>\n<\/tr>\n<tr data-start=\"480\" data-end=\"574\">\n<td style=\"width: 40.254822%;\" data-start=\"480\" data-end=\"507\" data-col-size=\"sm\"><strong data-start=\"482\" data-end=\"501\">Verbindungstyp<\/strong><\/td>\n<td style=\"width: 31.598282%;\" data-col-size=\"md\" data-start=\"507\" data-end=\"540\">BSP-Innengewinde (ISO 228\/1)<\/td>\n<td style=\"width: 60.912729%;\" data-col-size=\"md\" data-start=\"540\" data-end=\"574\">BSP-Innengewinde (ISO 228\/1)<\/td>\n<\/tr>\n<tr data-start=\"575\" data-end=\"669\">\n<td style=\"width: 40.254822%;\" data-start=\"575\" data-end=\"602\" data-col-size=\"sm\"><strong data-start=\"577\" data-end=\"594\">Material des Geh\u00e4uses<\/strong><\/td>\n<td style=\"width: 31.598282%;\" data-col-size=\"md\" data-start=\"602\" data-end=\"635\">Vernickelte Marinebronze<\/td>\n<td style=\"width: 60.912729%;\" data-col-size=\"md\" data-start=\"635\" data-end=\"669\">Vernickelte Marinebronze<\/td>\n<\/tr>\n<tr data-start=\"670\" data-end=\"764\">\n<td style=\"width: 40.254822%;\" data-start=\"670\" data-end=\"697\" data-col-size=\"sm\"><strong data-start=\"672\" data-end=\"690\">Material der Abdeckung<\/strong><\/td>\n<td style=\"width: 31.598282%;\" data-col-size=\"md\" data-start=\"697\" data-end=\"730\">Transparentes Polycarbonat<\/td>\n<td style=\"width: 60.912729%;\" data-col-size=\"md\" data-start=\"730\" data-end=\"764\">Transparentes Polycarbonat<\/td>\n<\/tr>\n<tr data-start=\"765\" data-end=\"861\">\n<td style=\"width: 40.254822%;\" data-start=\"765\" data-end=\"792\" data-col-size=\"sm\"><strong data-start=\"767\" data-end=\"784\">Filterkorb<\/strong><\/td>\n<td style=\"width: 31.598282%;\" data-col-size=\"md\" data-start=\"792\" data-end=\"826\">Edelstahl AISI 316L<\/td>\n<td style=\"width: 60.912729%;\" data-col-size=\"md\" data-start=\"826\" data-end=\"861\">Edelstahl AISI 316L<\/td>\n<\/tr>\n<tr data-start=\"862\" data-end=\"956\">\n<td style=\"width: 40.254822%;\" data-start=\"862\" data-end=\"889\" data-col-size=\"sm\"><strong data-start=\"864\" data-end=\"874\">Dichtung<\/strong><\/td>\n<td style=\"width: 31.598282%;\" data-col-size=\"md\" data-start=\"889\" data-end=\"922\">Neopren<\/td>\n<td style=\"width: 60.912729%;\" data-col-size=\"md\" data-start=\"922\" data-end=\"956\">Neopren<\/td>\n<\/tr>\n<tr data-start=\"957\" data-end=\"1051\">\n<td style=\"width: 40.254822%;\" data-start=\"957\" data-end=\"984\" data-col-size=\"sm\"><strong data-start=\"959\" data-end=\"976\">Maximale Durchflussrate<\/strong><\/td>\n<td style=\"width: 31.598282%;\" data-col-size=\"md\" data-start=\"984\" data-end=\"1017\">14.900 l\/h<\/td>\n<td style=\"width: 60.912729%;\" data-col-size=\"md\" data-start=\"1017\" data-end=\"1051\">25.500 l\/h<\/td>\n<\/tr>\n<tr data-start=\"1052\" data-end=\"1146\">\n<td style=\"width: 40.254822%;\" data-start=\"1052\" data-end=\"1079\" data-col-size=\"sm\"><strong data-start=\"1054\" data-end=\"1064\">Gewicht<\/strong><\/td>\n<td style=\"width: 31.598282%;\" data-col-size=\"md\" data-start=\"1079\" data-end=\"1112\">ca. 2.700\u20132.800 g<\/td>\n<td style=\"width: 60.912729%;\" data-col-size=\"md\" data-start=\"1112\" data-end=\"1146\">ca. 2.800 g<\/td>\n<\/tr>\n<tr data-start=\"1147\" data-end=\"1241\">\n<td style=\"width: 40.254822%;\" data-start=\"1147\" data-end=\"1174\" data-col-size=\"sm\"><strong data-start=\"1149\" data-end=\"1169\">Gesamth\u00f6he (H)<\/strong><\/td>\n<td style=\"width: 31.598282%;\" data-col-size=\"md\" data-start=\"1174\" data-end=\"1207\">145 Millimeter<\/td>\n<td style=\"width: 60.912729%;\" data-col-size=\"md\" data-start=\"1207\" data-end=\"1241\">145 Millimeter<\/td>\n<\/tr>\n<tr data-start=\"1242\" data-end=\"1336\">\n<td style=\"width: 40.254822%;\" data-start=\"1242\" data-end=\"1269\" data-col-size=\"sm\"><strong data-start=\"1244\" data-end=\"1266\">Durchmesser der Abdeckung (A)<\/strong><\/td>\n<td style=\"width: 31.598282%;\" data-col-size=\"md\" data-start=\"1269\" data-end=\"1302\">30 Millimeter<\/td>\n<td style=\"width: 60.912729%;\" data-col-size=\"md\" data-start=\"1302\" data-end=\"1336\">30 Millimeter<\/td>\n<\/tr>\n<tr data-start=\"1337\" data-end=\"1431\">\n<td style=\"width: 40.254822%;\" data-start=\"1337\" data-end=\"1364\" data-col-size=\"sm\"><strong data-start=\"1339\" data-end=\"1360\">Korbh\u00f6he (L)<\/strong><\/td>\n<td style=\"width: 31.598282%;\" data-col-size=\"md\" data-start=\"1364\" data-end=\"1397\">151 Millimeter<\/td>\n<td style=\"width: 60.912729%;\" data-col-size=\"md\" data-start=\"1397\" data-end=\"1431\">151 Millimeter<\/td>\n<\/tr>\n<tr data-start=\"1432\" data-end=\"1526\">\n<td style=\"width: 40.254822%;\" data-start=\"1432\" data-end=\"1459\" data-col-size=\"sm\"><strong data-start=\"1434\" data-end=\"1451\">Zertifizierung<\/strong><\/td>\n<td style=\"width: 31.598282%;\" data-col-size=\"md\" data-start=\"1459\" data-end=\"1492\">RINA DIP<\/td>\n<td style=\"width: 60.912729%;\" data-col-size=\"md\" data-start=\"1492\" data-end=\"1526\">RINA DIP<\/td>\n<\/tr>\n<tr data-start=\"1527\" data-end=\"1663\">\n<td style=\"width: 40.254822%;\" data-start=\"1527\" data-end=\"1554\" data-col-size=\"sm\"><strong data-start=\"1529\" data-end=\"1548\">Empfohlene Verwendung<\/strong><\/td>\n<td style=\"width: 31.598282%;\" data-col-size=\"md\" data-start=\"1554\" data-end=\"1608\">Meerwasserfiltration (z. B. K\u00fchlsysteme)<\/td>\n<td style=\"width: 60.912729%;\" data-col-size=\"md\" data-start=\"1608\" data-end=\"1663\">Meerwasserfiltration (z. B. K\u00fchlsysteme)<\/td>\n<\/tr>\n<\/tbody>\n<\/table>\n<div class=\"sticky end-(--thread-content-margin) h-0 self-end select-none\">\n<div class=\"absolute end-0 flex items-end\"><\/div>\n<\/div>\n<\/div>\n<\/div>","protected":false},"featured_media":6169,"template":"","meta":{"_acf_changed":false},"product_brand":[],"product_cat":[35,54],"product_tag":[],"class_list":{"0":"post-5299","1":"product","2":"type-product","3":"status-publish","4":"has-post-thumbnail","6":"product_cat-accessories","7":"product_cat-sea-water-accessories","9":"first","10":"instock","11":"shipping-taxable","12":"product-type-simple"},"acf":[],"_links":{"self":[{"href":"https:\/\/mbc-marine.com\/de\/wp-json\/wp\/v2\/product\/5299","targetHints":{"allow":["GET"]}}],"collection":[{"href":"https:\/\/mbc-marine.com\/de\/wp-json\/wp\/v2\/product"}],"about":[{"href":"https:\/\/mbc-marine.com\/de\/wp-json\/wp\/v2\/types\/product"}],"version-history":[{"count":1,"href":"https:\/\/mbc-marine.com\/de\/wp-json\/wp\/v2\/product\/5299\/revisions"}],"predecessor-version":[{"id":8137,"href":"https:\/\/mbc-marine.com\/de\/wp-json\/wp\/v2\/product\/5299\/revisions\/8137"}],"wp:featuredmedia":[{"embeddable":true,"href":"https:\/\/mbc-marine.com\/de\/wp-json\/wp\/v2\/media\/6169"}],"wp:attachment":[{"href":"https:\/\/mbc-marine.com\/de\/wp-json\/wp\/v2\/media?parent=5299"}],"wp:term":[{"taxonomy":"product_brand","embeddable":true,"href":"https:\/\/mbc-marine.com\/de\/wp-json\/wp\/v2\/product_brand?post=5299"},{"taxonomy":"product_cat","embeddable":true,"href":"https:\/\/mbc-marine.com\/de\/wp-json\/wp\/v2\/product_cat?post=5299"},{"taxonomy":"product_tag","embeddable":true,"href":"https:\/\/mbc-marine.com\/de\/wp-json\/wp\/v2\/product_tag?post=5299"}],"curies":[{"name":"wp","href":"https:\/\/api.w.org\/{rel}","templated":true}]}}