{"id":5313,"date":"2025-07-23T21:26:02","date_gmt":"2025-07-23T19:26:02","guid":{"rendered":"https:\/\/mbc-marine.com\/?post_type=product&#038;p=5313"},"modified":"2025-09-09T13:56:19","modified_gmt":"2025-09-09T11:56:19","slug":"seewasserfilter-amp-s-01","status":"publish","type":"product","link":"https:\/\/mbc-marine.com\/de\/product\/sea-water-strainer-amp-s-01\/","title":{"rendered":"MEERWASSERFILTER AMP-S-01"},"content":{"rendered":"<h2 data-start=\"137\" data-end=\"219\"><span style=\"font-size: 12pt;\">Kompakter 1\/2-Zoll-Wasserfilter f\u00fcr Boote \u2013 Kunststoffgeh\u00e4use mit transparenter Abdeckung<\/span><\/h2>\n<p data-start=\"221\" data-end=\"513\"><span style=\"font-size: 12pt;\">Dieser kompakte und leichte Filter ist die ideale L\u00f6sung zum Schutz von Pumpen und Schiffssystemen vor Schmutz und Partikeln. Mit seinem robusten Bakelitgeh\u00e4use und einer transparenten Schraubabdeckung aus Polycarbonat erm\u00f6glicht er eine schnelle Sichtpr\u00fcfung und einfache Wartung \u2013 ganz ohne Werkzeug. <\/span><span style=\"font-size: 12pt;\">Ideal f\u00fcr kleine Schiffs-Klimaanlagen.<\/span><\/p>","protected":false},"excerpt":{"rendered":"<div class=\"_tableContainer_80l1q_1\">\n<div class=\"_tableWrapper_80l1q_14 group flex w-fit flex-col-reverse\" tabindex=\"-1\">\n<table class=\"w-fit min-w-(--thread-content-width)\" style=\"width: 102.359452%;\" data-start=\"1034\" data-end=\"1933\">\n<thead data-start=\"1034\" data-end=\"1102\">\n<tr data-start=\"1034\" data-end=\"1102\">\n<th style=\"width: 49.241141%;\" data-start=\"1034\" data-end=\"1064\" data-col-size=\"sm\"><strong data-start=\"1036\" data-end=\"1053\">AMP-S01 Spezifikation<\/strong><\/th>\n<th style=\"width: 208.24259%;\" data-start=\"1064\" data-end=\"1102\" data-col-size=\"sm\"><strong data-start=\"1066\" data-end=\"1075\">Wert<\/strong><\/th>\n<\/tr>\n<\/thead>\n<tbody data-start=\"1172\" data-end=\"1933\">\n<tr data-start=\"1172\" data-end=\"1240\">\n<td style=\"width: 49.241141%;\" data-start=\"1172\" data-end=\"1201\" data-col-size=\"sm\">Verbindungstyp<\/td>\n<td style=\"width: 208.24259%;\" data-col-size=\"sm\" data-start=\"1201\" data-end=\"1240\">1\/2\u2033 BSP (Innengewinde)<\/td>\n<\/tr>\n<tr data-start=\"1241\" data-end=\"1309\">\n<td style=\"width: 49.241141%;\" data-start=\"1241\" data-end=\"1270\" data-col-size=\"sm\">Material des Geh\u00e4uses<\/td>\n<td style=\"width: 208.24259%;\" data-col-size=\"sm\" data-start=\"1270\" data-end=\"1309\">Hochfestes Bakelit (schwarz)<\/td>\n<\/tr>\n<tr data-start=\"1310\" data-end=\"1378\">\n<td style=\"width: 49.241141%;\" data-start=\"1310\" data-end=\"1339\" data-col-size=\"sm\">Material der Abdeckung<\/td>\n<td style=\"width: 208.24259%;\" data-col-size=\"sm\" data-start=\"1339\" data-end=\"1378\">Transparentes, aufschraubbares Polycarbonat<\/td>\n<\/tr>\n<tr data-start=\"1379\" data-end=\"1447\">\n<td style=\"width: 49.241141%;\" data-start=\"1379\" data-end=\"1408\" data-col-size=\"sm\">Filterkorb<\/td>\n<td style=\"width: 208.24259%;\" data-col-size=\"sm\" data-start=\"1408\" data-end=\"1447\">Edelstahlgewebe (AISI 304\/316)<\/td>\n<\/tr>\n<tr data-start=\"1448\" data-end=\"1516\">\n<td style=\"width: 49.241141%;\" data-start=\"1448\" data-end=\"1477\" data-col-size=\"sm\">Maximale Durchflussrate<\/td>\n<td style=\"width: 208.24259%;\" data-col-size=\"sm\" data-start=\"1477\" data-end=\"1516\">~20\u201330 l\/min (abh\u00e4ngig vom System)<\/td>\n<\/tr>\n<tr data-start=\"1517\" data-end=\"1585\">\n<td style=\"width: 49.241141%;\" data-start=\"1517\" data-end=\"1546\" data-col-size=\"sm\">Maximaler Druck<\/td>\n<td style=\"width: 208.24259%;\" data-col-size=\"sm\" data-start=\"1546\" data-end=\"1585\">3\u20135 bar (typisch)<\/td>\n<\/tr>\n<tr data-start=\"1586\" data-end=\"1654\">\n<td style=\"width: 49.241141%;\" data-start=\"1586\" data-end=\"1615\" data-col-size=\"sm\">Dichtungstyp<\/td>\n<td style=\"width: 208.24259%;\" data-col-size=\"sm\" data-start=\"1615\" data-end=\"1654\">O-Ring (Gummi oder Nitril)<\/td>\n<\/tr>\n<tr data-start=\"1655\" data-end=\"1723\">\n<td style=\"width: 49.241141%;\" data-start=\"1655\" data-end=\"1684\" data-col-size=\"sm\">Wartung<\/td>\n<td style=\"width: 208.24259%;\" data-col-size=\"sm\" data-start=\"1684\" data-end=\"1723\">Ohne Werkzeug, manuelles Abschrauben von Hand<\/td>\n<\/tr>\n<tr data-start=\"1724\" data-end=\"1792\">\n<td style=\"width: 49.241141%;\" data-start=\"1724\" data-end=\"1753\" data-col-size=\"sm\">Installationsorientierung<\/td>\n<td style=\"width: 208.24259%;\" data-col-size=\"sm\" data-start=\"1753\" data-end=\"1792\">Vertikale Anordnung wird empfohlen (Abdeckung oben)<\/td>\n<\/tr>\n<tr data-start=\"1793\" data-end=\"1862\">\n<td style=\"width: 49.241141%;\" data-start=\"1793\" data-end=\"1822\" data-col-size=\"sm\">Anwendung<\/td>\n<td style=\"width: 208.24259%;\" data-col-size=\"sm\" data-start=\"1822\" data-end=\"1862\">Meerwasser<\/td>\n<\/tr>\n<tr data-start=\"1863\" data-end=\"1933\">\n<td style=\"width: 49.241141%;\" data-start=\"1863\" data-end=\"1892\" data-col-size=\"sm\">Anwendungsfall<\/td>\n<td style=\"width: 208.24259%;\" data-col-size=\"sm\" data-start=\"1892\" data-end=\"1933\">Klimaanlagen, Pumpen<\/td>\n<\/tr>\n<\/tbody>\n<\/table>\n<div class=\"sticky end-(--thread-content-margin) h-0 self-end select-none\">\n<div class=\"absolute end-0 flex items-end\"><\/div>\n<\/div>\n<\/div>\n<\/div>","protected":false},"featured_media":6174,"template":"","meta":{"_acf_changed":false},"product_brand":[],"product_cat":[35,54],"product_tag":[],"class_list":{"0":"post-5313","1":"product","2":"type-product","3":"status-publish","4":"has-post-thumbnail","6":"product_cat-accessories","7":"product_cat-sea-water-circuit","9":"first","10":"instock","11":"shipping-taxable","12":"product-type-simple"},"acf":[],"yoast_head":"<!-- This site is optimized with the Yoast SEO Premium plugin v27.3 (Yoast SEO v27.4) - https:\/\/yoast.com\/product\/yoast-seo-premium-wordpress\/ -->\n<title>SEA WATER STRAINER AMP-S-01 - MBC Marine<\/title>\n<meta name=\"description\" content=\"Compact 1\/2\u2033 Marine Water Strainer \u2013 Plastic Body with Transparent Cover\" \/>\n<meta name=\"robots\" content=\"index, follow, max-snippet:-1, max-image-preview:large, max-video-preview:-1\" \/>\n<link rel=\"canonical\" href=\"https:\/\/mbc-marine.com\/de\/product\/seewasserfilter-amp-s-01\/\" \/>\n<meta property=\"og:locale\" content=\"de_DE\" \/>\n<meta property=\"og:type\" content=\"article\" \/>\n<meta property=\"og:title\" content=\"SEA WATER STRAINER AMP-S-01\" \/>\n<meta property=\"og:description\" content=\"Compact 1\/2\u2033 Marine Water Strainer \u2013 Plastic Body with Transparent Cover\" \/>\n<meta property=\"og:url\" content=\"https:\/\/mbc-marine.com\/de\/product\/seewasserfilter-amp-s-01\/\" \/>\n<meta property=\"og:site_name\" content=\"MBC Marine\" \/>\n<meta property=\"article:modified_time\" content=\"2025-09-09T11:56:19+00:00\" \/>\n<meta property=\"og:image\" content=\"https:\/\/mbc-marine.com\/wp-content\/uploads\/2025\/05\/amp-s-01-1-2-plastic-sea-water-strainer.png\" \/>\n\t<meta property=\"og:image:width\" content=\"1920\" \/>\n\t<meta property=\"og:image:height\" content=\"1280\" \/>\n\t<meta property=\"og:image:type\" content=\"image\/png\" \/>\n<meta name=\"twitter:card\" content=\"summary_large_image\" \/>\n<meta name=\"twitter:label1\" content=\"Price\" \/>\n\t<meta name=\"twitter:data1\" content=\"\" \/>\n\t<meta name=\"twitter:label2\" content=\"Availability\" \/>\n\t<meta name=\"twitter:data2\" content=\"In stock\" \/>\n<script type=\"application\/ld+json\" class=\"yoast-schema-graph\">{\"@context\":\"https:\\\/\\\/schema.org\",\"@graph\":[{\"@type\":[\"WebPage\",\"ItemPage\"],\"@id\":\"https:\\\/\\\/mbc-marine.com\\\/product\\\/sea-water-strainer-amp-s-01\\\/\",\"url\":\"https:\\\/\\\/mbc-marine.com\\\/product\\\/sea-water-strainer-amp-s-01\\\/\",\"name\":\"SEA WATER STRAINER AMP-S-01 - MBC Marine\",\"isPartOf\":{\"@id\":\"https:\\\/\\\/mbc-marine.com\\\/#website\"},\"primaryImageOfPage\":{\"@id\":\"https:\\\/\\\/mbc-marine.com\\\/product\\\/sea-water-strainer-amp-s-01\\\/#primaryimage\"},\"image\":{\"@id\":\"https:\\\/\\\/mbc-marine.com\\\/product\\\/sea-water-strainer-amp-s-01\\\/#primaryimage\"},\"thumbnailUrl\":\"https:\\\/\\\/mbc-marine.com\\\/wp-content\\\/uploads\\\/2025\\\/05\\\/amp-s-01-1-2-plastic-sea-water-strainer.png?wsr\",\"datePublished\":\"2025-07-23T19:26:02+00:00\",\"dateModified\":\"2025-09-09T11:56:19+00:00\",\"description\":\"Compact 1\\\/2\u2033 Marine Water Strainer \u2013 Plastic Body with Transparent Cover\",\"breadcrumb\":{\"@id\":\"https:\\\/\\\/mbc-marine.com\\\/product\\\/sea-water-strainer-amp-s-01\\\/#breadcrumb\"},\"inLanguage\":\"de\",\"potentialAction\":[{\"@type\":\"ReadAction\",\"target\":[\"https:\\\/\\\/mbc-marine.com\\\/product\\\/sea-water-strainer-amp-s-01\\\/\"]}]},{\"@type\":\"ImageObject\",\"inLanguage\":\"de\",\"@id\":\"https:\\\/\\\/mbc-marine.com\\\/product\\\/sea-water-strainer-amp-s-01\\\/#primaryimage\",\"url\":\"https:\\\/\\\/mbc-marine.com\\\/wp-content\\\/uploads\\\/2025\\\/05\\\/amp-s-01-1-2-plastic-sea-water-strainer.png?wsr\",\"contentUrl\":\"https:\\\/\\\/mbc-marine.com\\\/wp-content\\\/uploads\\\/2025\\\/05\\\/amp-s-01-1-2-plastic-sea-water-strainer.png?wsr\",\"width\":1920,\"height\":1280,\"caption\":\"AMP-S-01 &#8211; 1\\\/2\u201d PLASTIC SEA WATER STRAINER\"},{\"@type\":\"BreadcrumbList\",\"@id\":\"https:\\\/\\\/mbc-marine.com\\\/product\\\/sea-water-strainer-amp-s-01\\\/#breadcrumb\",\"itemListElement\":[{\"@type\":\"ListItem\",\"position\":1,\"name\":\"Home\",\"item\":\"https:\\\/\\\/mbc-marine.com\\\/\"},{\"@type\":\"ListItem\",\"position\":2,\"name\":\"Shop\",\"item\":\"https:\\\/\\\/mbc-marine.com\\\/shop\\\/\"},{\"@type\":\"ListItem\",\"position\":3,\"name\":\"SEA WATER STRAINER AMP-S-01\"}]},{\"@type\":\"WebSite\",\"@id\":\"https:\\\/\\\/mbc-marine.com\\\/#website\",\"url\":\"https:\\\/\\\/mbc-marine.com\\\/\",\"name\":\"MBC Marine\",\"description\":\"\",\"potentialAction\":[{\"@type\":\"SearchAction\",\"target\":{\"@type\":\"EntryPoint\",\"urlTemplate\":\"https:\\\/\\\/mbc-marine.com\\\/?s={search_term_string}\"},\"query-input\":{\"@type\":\"PropertyValueSpecification\",\"valueRequired\":true,\"valueName\":\"search_term_string\"}}],\"inLanguage\":\"de\"}]}<\/script>\n<meta property=\"product:price:currency\" content=\"EUR\" \/>\n<meta property=\"og:availability\" content=\"instock\" \/>\n<meta property=\"product:availability\" content=\"instock\" \/>\n<meta property=\"product:condition\" content=\"new\" \/>\n<!-- \/ Yoast SEO Premium plugin. -->","yoast_head_json":{"title":"SEWASSERFILTER AMP-S-01 \u2013 MBC Marine","description":"Kompakter 1\/2-Zoll-Wasserfilter f\u00fcr Boote \u2013 Kunststoffgeh\u00e4use mit transparenter Abdeckung","robots":{"index":"index","follow":"follow","max-snippet":"max-snippet:-1","max-image-preview":"max-image-preview:large","max-video-preview":"max-video-preview:-1"},"canonical":"https:\/\/mbc-marine.com\/de\/product\/seewasserfilter-amp-s-01\/","og_locale":"de_DE","og_type":"article","og_title":"SEA WATER STRAINER AMP-S-01","og_description":"Compact 1\/2\u2033 Marine Water Strainer \u2013 Plastic Body with Transparent Cover","og_url":"https:\/\/mbc-marine.com\/de\/product\/seewasserfilter-amp-s-01\/","og_site_name":"MBC Marine","article_modified_time":"2025-09-09T11:56:19+00:00","og_image":[{"width":1920,"height":1280,"url":"https:\/\/mbc-marine.com\/wp-content\/uploads\/2025\/05\/amp-s-01-1-2-plastic-sea-water-strainer.png","type":"image\/png"}],"twitter_card":"summary_large_image","twitter_misc":{"Price":"","Availability":"In stock"},"schema":{"@context":"https:\/\/schema.org","@graph":[{"@type":["WebPage","ItemPage"],"@id":"https:\/\/mbc-marine.com\/product\/sea-water-strainer-amp-s-01\/","url":"https:\/\/mbc-marine.com\/product\/sea-water-strainer-amp-s-01\/","name":"SEWASSERFILTER AMP-S-01 \u2013 MBC Marine","isPartOf":{"@id":"https:\/\/mbc-marine.com\/#website"},"primaryImageOfPage":{"@id":"https:\/\/mbc-marine.com\/product\/sea-water-strainer-amp-s-01\/#primaryimage"},"image":{"@id":"https:\/\/mbc-marine.com\/product\/sea-water-strainer-amp-s-01\/#primaryimage"},"thumbnailUrl":"https:\/\/mbc-marine.com\/wp-content\/uploads\/2025\/05\/amp-s-01-1-2-plastic-sea-water-strainer.png?wsr","datePublished":"2025-07-23T19:26:02+00:00","dateModified":"2025-09-09T11:56:19+00:00","description":"Kompakter 1\/2-Zoll-Wasserfilter f\u00fcr Boote \u2013 Kunststoffgeh\u00e4use mit transparenter Abdeckung","breadcrumb":{"@id":"https:\/\/mbc-marine.com\/product\/sea-water-strainer-amp-s-01\/#breadcrumb"},"inLanguage":"de","potentialAction":[{"@type":"ReadAction","target":["https:\/\/mbc-marine.com\/product\/sea-water-strainer-amp-s-01\/"]}]},{"@type":"ImageObject","inLanguage":"de","@id":"https:\/\/mbc-marine.com\/product\/sea-water-strainer-amp-s-01\/#primaryimage","url":"https:\/\/mbc-marine.com\/wp-content\/uploads\/2025\/05\/amp-s-01-1-2-plastic-sea-water-strainer.png?wsr","contentUrl":"https:\/\/mbc-marine.com\/wp-content\/uploads\/2025\/05\/amp-s-01-1-2-plastic-sea-water-strainer.png?wsr","width":1920,"height":1280,"caption":"AMP-S-01 &#8211; 1\/2\u201d PLASTIC SEA WATER STRAINER"},{"@type":"BreadcrumbList","@id":"https:\/\/mbc-marine.com\/product\/sea-water-strainer-amp-s-01\/#breadcrumb","itemListElement":[{"@type":"ListItem","position":1,"name":"Home","item":"https:\/\/mbc-marine.com\/"},{"@type":"ListItem","position":2,"name":"Shop","item":"https:\/\/mbc-marine.com\/shop\/"},{"@type":"ListItem","position":3,"name":"SEA WATER STRAINER AMP-S-01"}]},{"@type":"WebSite","@id":"https:\/\/mbc-marine.com\/#website","url":"https:\/\/mbc-marine.com\/","name":"MBC Marine","description":"","potentialAction":[{"@type":"SearchAction","target":{"@type":"EntryPoint","urlTemplate":"https:\/\/mbc-marine.com\/?s={search_term_string}"},"query-input":{"@type":"PropertyValueSpecification","valueRequired":true,"valueName":"search_term_string"}}],"inLanguage":"de"}]},"product_price_currency":"EUR","og_availability":"instock","product_availability":"instock","product_condition":"new"},"_links":{"self":[{"href":"https:\/\/mbc-marine.com\/de\/wp-json\/wp\/v2\/product\/5313","targetHints":{"allow":["GET"]}}],"collection":[{"href":"https:\/\/mbc-marine.com\/de\/wp-json\/wp\/v2\/product"}],"about":[{"href":"https:\/\/mbc-marine.com\/de\/wp-json\/wp\/v2\/types\/product"}],"version-history":[{"count":0,"href":"https:\/\/mbc-marine.com\/de\/wp-json\/wp\/v2\/product\/5313\/revisions"}],"wp:featuredmedia":[{"embeddable":true,"href":"https:\/\/mbc-marine.com\/de\/wp-json\/wp\/v2\/media\/6174"}],"wp:attachment":[{"href":"https:\/\/mbc-marine.com\/de\/wp-json\/wp\/v2\/media?parent=5313"}],"wp:term":[{"taxonomy":"product_brand","embeddable":true,"href":"https:\/\/mbc-marine.com\/de\/wp-json\/wp\/v2\/product_brand?post=5313"},{"taxonomy":"product_cat","embeddable":true,"href":"https:\/\/mbc-marine.com\/de\/wp-json\/wp\/v2\/product_cat?post=5313"},{"taxonomy":"product_tag","embeddable":true,"href":"https:\/\/mbc-marine.com\/de\/wp-json\/wp\/v2\/product_tag?post=5313"}],"curies":[{"name":"wp","href":"https:\/\/api.w.org\/{rel}","templated":true}]}}