{"id":5315,"date":"2025-07-23T21:35:25","date_gmt":"2025-07-23T19:35:25","guid":{"rendered":"https:\/\/mbc-marine.com\/?post_type=product&#038;p=5315"},"modified":"2025-09-09T13:56:38","modified_gmt":"2025-09-09T11:56:38","slug":"wasserpumpensystem-12-v-2","status":"publish","type":"product","link":"https:\/\/mbc-marine.com\/de\/product\/drain-water-pump-system-12v-2\/","title":{"rendered":"ABWASSERPUMPENSYSTEM 12V"},"content":{"rendered":"<h2 data-start=\"249\" data-end=\"330\"><span style=\"font-size: 12pt;\">Ablaufkastensystem \u2013 12\/24-V-Kondensatablaufl\u00f6sung f\u00fcr Schiffsklimaanlagen<\/span><\/h2>\n<p data-start=\"332\" data-end=\"557\"><span style=\"font-size: 12pt;\">Eine zuverl\u00e4ssige und kompakte L\u00f6sung zum Sammeln und Ableiten von Kondenswasser aus Schiffsklimaanlagen. Dieses 12-V-Sumpfboxsystem gew\u00e4hrleistet eine effiziente Entw\u00e4sserung, insbesondere dort, wo ein Ableiten durch Schwerkraft nicht m\u00f6glich ist.<\/span><\/p>","protected":false},"excerpt":{"rendered":"<div class=\"_tableContainer_80l1q_1\">\n<div class=\"_tableWrapper_80l1q_14 group flex w-fit flex-col-reverse\" tabindex=\"-1\">\n<table class=\"w-fit min-w-(--thread-content-width)\" style=\"width: 101.731555%;\" data-start=\"1114\" data-end=\"1980\">\n<thead data-start=\"1114\" data-end=\"1184\">\n<tr data-start=\"1114\" data-end=\"1184\">\n<th style=\"width: 50.947063%;\" data-start=\"1114\" data-end=\"1144\" data-col-size=\"sm\"><strong data-start=\"1116\" data-end=\"1133\">Spezifikation<\/strong><\/th>\n<th style=\"width: 193.176649%;\" data-start=\"1144\" data-end=\"1184\" data-col-size=\"md\"><strong data-start=\"1146\" data-end=\"1155\">Wert<\/strong><\/th>\n<\/tr>\n<\/thead>\n<tbody data-start=\"1256\" data-end=\"1980\">\n<tr data-start=\"1256\" data-end=\"1327\">\n<td style=\"width: 50.947063%;\" data-start=\"1256\" data-end=\"1286\" data-col-size=\"sm\">Betriebsspannung<\/td>\n<td style=\"width: 193.176649%;\" data-col-size=\"md\" data-start=\"1286\" data-end=\"1327\">12 V DC oder 24 V DC<\/td>\n<\/tr>\n<tr data-start=\"1328\" data-end=\"1399\">\n<td style=\"width: 50.947063%;\" data-start=\"1328\" data-end=\"1358\" data-col-size=\"sm\">Maximale Durchflussrate<\/td>\n<td style=\"width: 193.176649%;\" data-start=\"1358\" data-end=\"1399\" data-col-size=\"md\">800 GPH (\u2248 3.000 Liter\/Stunde)<\/td>\n<\/tr>\n<tr data-start=\"1400\" data-end=\"1471\">\n<td style=\"width: 50.947063%;\" data-start=\"1400\" data-end=\"1430\" data-col-size=\"sm\">Stromaufnahme<\/td>\n<td style=\"width: 193.176649%;\" data-start=\"1430\" data-end=\"1471\" data-col-size=\"md\">~2,5 A (12 V) \/ ~1,5 A (24 V)<\/td>\n<\/tr>\n<tr data-start=\"1472\" data-end=\"1543\">\n<td style=\"width: 50.947063%;\" data-start=\"1472\" data-end=\"1502\" data-col-size=\"sm\">Anschluss an die Steckdose<\/td>\n<td style=\"width: 193.176649%;\" data-start=\"1502\" data-end=\"1543\" data-col-size=\"md\">3\/4-Zoll-Schlauchanschluss<\/td>\n<\/tr>\n<tr data-start=\"1544\" data-end=\"1619\">\n<td style=\"width: 50.947063%;\" data-start=\"1544\" data-end=\"1574\" data-col-size=\"sm\">Pumpentyp<\/td>\n<td style=\"width: 193.176649%;\" data-col-size=\"md\" data-start=\"1574\" data-end=\"1619\">Integrierte automatische Pumpe mit Schwimmerschalter<\/td>\n<\/tr>\n<tr data-start=\"1620\" data-end=\"1692\">\n<td style=\"width: 50.947063%;\" data-start=\"1620\" data-end=\"1650\" data-col-size=\"sm\">Deckeltyp<\/td>\n<td style=\"width: 193.176649%;\" data-col-size=\"md\" data-start=\"1650\" data-end=\"1692\">Transparente, werkzeuglose Befestigung<\/td>\n<\/tr>\n<tr data-start=\"1693\" data-end=\"1764\">\n<td style=\"width: 50.947063%;\" data-start=\"1693\" data-end=\"1723\" data-col-size=\"sm\">Herausnehmbarer Filter<\/td>\n<td style=\"width: 193.176649%;\" data-col-size=\"md\" data-start=\"1723\" data-end=\"1764\">Ja<\/td>\n<\/tr>\n<tr data-start=\"1765\" data-end=\"1836\">\n<td style=\"width: 50.947063%;\" data-start=\"1765\" data-end=\"1795\" data-col-size=\"sm\">Empfohlene Verwendung<\/td>\n<td style=\"width: 193.176649%;\" data-col-size=\"md\" data-start=\"1795\" data-end=\"1836\">Kondensat aus der Klimaanlage<\/td>\n<\/tr>\n<tr data-start=\"1837\" data-end=\"1908\">\n<td style=\"width: 50.947063%;\" data-start=\"1837\" data-end=\"1867\" data-col-size=\"sm\">Installationsorientierung<\/td>\n<td style=\"width: 193.176649%;\" data-col-size=\"md\" data-start=\"1867\" data-end=\"1908\">Horizontale Installation oberhalb der Bilge<\/td>\n<\/tr>\n<tr data-start=\"1909\" data-end=\"1980\">\n<td style=\"width: 50.947063%;\" data-start=\"1909\" data-end=\"1939\" data-col-size=\"sm\">Geh\u00e4usetyp<\/td>\n<td style=\"width: 193.176649%;\" data-col-size=\"md\" data-start=\"1939\" data-end=\"1980\">Versiegelte Kunststoffbox, seetauglich<\/td>\n<\/tr>\n<\/tbody>\n<\/table>\n<div class=\"sticky end-(--thread-content-margin) h-0 self-end select-none\">\n<div class=\"absolute end-0 flex items-end\"><\/div>\n<\/div>\n<\/div>\n<\/div>","protected":false},"featured_media":5316,"template":"","meta":{"_acf_changed":false},"product_brand":[],"product_cat":[35,54],"product_tag":[],"class_list":{"0":"post-5315","1":"product","2":"type-product","3":"status-publish","4":"has-post-thumbnail","6":"product_cat-accessories","7":"product_cat-sea-water-circuit","9":"first","10":"instock","11":"shipping-taxable","12":"product-type-simple"},"acf":[],"yoast_head":"<!-- This site is optimized with the Yoast SEO Premium plugin v27.3 (Yoast SEO v27.4) - https:\/\/yoast.com\/product\/yoast-seo-premium-wordpress\/ -->\n<title>DRAIN WATER PUMP SYSTEM 12V - MBC Marine<\/title>\n<meta name=\"description\" content=\"Drain Box System \u2013 12\/24V Condensate Drain Solution for Marine A\/C Units A reliable and compact solution designed to collect and discharge condensate water from marine air conditioning systems. This 12V sump box system ensures efficient drainage, especially where gravity discharge is not possible.\" \/>\n<meta name=\"robots\" content=\"index, follow, max-snippet:-1, max-image-preview:large, max-video-preview:-1\" \/>\n<link rel=\"canonical\" href=\"https:\/\/mbc-marine.com\/de\/product\/wasserpumpensystem-12-v-2\/\" \/>\n<meta property=\"og:locale\" content=\"de_DE\" \/>\n<meta property=\"og:type\" content=\"article\" \/>\n<meta property=\"og:title\" content=\"DRAIN WATER PUMP SYSTEM 12V\" \/>\n<meta property=\"og:description\" content=\"Drain Box System \u2013 12\/24V Condensate Drain Solution for Marine A\/C Units A reliable and compact solution designed to collect and discharge condensate water from marine air conditioning systems. This 12V sump box system ensures efficient drainage, especially where gravity discharge is not possible.\" \/>\n<meta property=\"og:url\" content=\"https:\/\/mbc-marine.com\/de\/product\/wasserpumpensystem-12-v-2\/\" \/>\n<meta property=\"og:site_name\" content=\"MBC Marine\" \/>\n<meta property=\"article:modified_time\" content=\"2025-09-09T11:56:38+00:00\" \/>\n<meta property=\"og:image\" content=\"https:\/\/mbc-marine.com\/wp-content\/uploads\/2025\/07\/s-l1600.jpg\" \/>\n\t<meta property=\"og:image:width\" content=\"1600\" \/>\n\t<meta property=\"og:image:height\" content=\"1600\" \/>\n\t<meta property=\"og:image:type\" content=\"image\/jpeg\" \/>\n<meta name=\"twitter:card\" content=\"summary_large_image\" \/>\n<meta name=\"twitter:label1\" content=\"Price\" \/>\n\t<meta name=\"twitter:data1\" content=\"\" \/>\n\t<meta name=\"twitter:label2\" content=\"Availability\" \/>\n\t<meta name=\"twitter:data2\" content=\"In stock\" \/>\n<script type=\"application\/ld+json\" class=\"yoast-schema-graph\">{\"@context\":\"https:\\\/\\\/schema.org\",\"@graph\":[{\"@type\":[\"WebPage\",\"ItemPage\"],\"@id\":\"https:\\\/\\\/mbc-marine.com\\\/product\\\/drain-water-pump-system-12v-2\\\/\",\"url\":\"https:\\\/\\\/mbc-marine.com\\\/product\\\/drain-water-pump-system-12v-2\\\/\",\"name\":\"DRAIN WATER PUMP SYSTEM 12V - MBC Marine\",\"isPartOf\":{\"@id\":\"https:\\\/\\\/mbc-marine.com\\\/#website\"},\"primaryImageOfPage\":{\"@id\":\"https:\\\/\\\/mbc-marine.com\\\/product\\\/drain-water-pump-system-12v-2\\\/#primaryimage\"},\"image\":{\"@id\":\"https:\\\/\\\/mbc-marine.com\\\/product\\\/drain-water-pump-system-12v-2\\\/#primaryimage\"},\"thumbnailUrl\":\"https:\\\/\\\/mbc-marine.com\\\/wp-content\\\/uploads\\\/2025\\\/07\\\/s-l1600.jpg?wsr\",\"datePublished\":\"2025-07-23T19:35:25+00:00\",\"dateModified\":\"2025-09-09T11:56:38+00:00\",\"description\":\"Drain Box System \u2013 12\\\/24V Condensate Drain Solution for Marine A\\\/C Units A reliable and compact solution designed to collect and discharge condensate water from marine air conditioning systems. This 12V sump box system ensures efficient drainage, especially where gravity discharge is not possible.\",\"breadcrumb\":{\"@id\":\"https:\\\/\\\/mbc-marine.com\\\/product\\\/drain-water-pump-system-12v-2\\\/#breadcrumb\"},\"inLanguage\":\"de\",\"potentialAction\":[{\"@type\":\"ReadAction\",\"target\":[\"https:\\\/\\\/mbc-marine.com\\\/product\\\/drain-water-pump-system-12v-2\\\/\"]}]},{\"@type\":\"ImageObject\",\"inLanguage\":\"de\",\"@id\":\"https:\\\/\\\/mbc-marine.com\\\/product\\\/drain-water-pump-system-12v-2\\\/#primaryimage\",\"url\":\"https:\\\/\\\/mbc-marine.com\\\/wp-content\\\/uploads\\\/2025\\\/07\\\/s-l1600.jpg?wsr\",\"contentUrl\":\"https:\\\/\\\/mbc-marine.com\\\/wp-content\\\/uploads\\\/2025\\\/07\\\/s-l1600.jpg?wsr\",\"width\":1600,\"height\":1600,\"caption\":\"DRAIN WATER PUMP SYSTEM 12V\"},{\"@type\":\"BreadcrumbList\",\"@id\":\"https:\\\/\\\/mbc-marine.com\\\/product\\\/drain-water-pump-system-12v-2\\\/#breadcrumb\",\"itemListElement\":[{\"@type\":\"ListItem\",\"position\":1,\"name\":\"Home\",\"item\":\"https:\\\/\\\/mbc-marine.com\\\/\"},{\"@type\":\"ListItem\",\"position\":2,\"name\":\"Shop\",\"item\":\"https:\\\/\\\/mbc-marine.com\\\/shop\\\/\"},{\"@type\":\"ListItem\",\"position\":3,\"name\":\"DRAIN WATER PUMP SYSTEM 12V\"}]},{\"@type\":\"WebSite\",\"@id\":\"https:\\\/\\\/mbc-marine.com\\\/#website\",\"url\":\"https:\\\/\\\/mbc-marine.com\\\/\",\"name\":\"MBC Marine\",\"description\":\"\",\"potentialAction\":[{\"@type\":\"SearchAction\",\"target\":{\"@type\":\"EntryPoint\",\"urlTemplate\":\"https:\\\/\\\/mbc-marine.com\\\/?s={search_term_string}\"},\"query-input\":{\"@type\":\"PropertyValueSpecification\",\"valueRequired\":true,\"valueName\":\"search_term_string\"}}],\"inLanguage\":\"de\"}]}<\/script>\n<meta property=\"product:price:currency\" content=\"EUR\" \/>\n<meta property=\"og:availability\" content=\"instock\" \/>\n<meta property=\"product:availability\" content=\"instock\" \/>\n<meta property=\"product:condition\" content=\"new\" \/>\n<!-- \/ Yoast SEO Premium plugin. -->","yoast_head_json":{"title":"WASSERABFLUSSPUMPENSYSTEM 12 V \u2013 MBC Marine","description":"Ablaufkastensystem \u2013 12\/24-V-Kondensatablauf-L\u00f6sung f\u00fcr Schiffsklimaanlagen Eine zuverl\u00e4ssige und kompakte L\u00f6sung zum Sammeln und Ableiten von Kondenswasser aus Schiffsklimaanlagen. Dieses 12-V-Ablaufkastensystem gew\u00e4hrleistet eine effiziente Entw\u00e4sserung, insbesondere dort, wo ein Ablauf durch Schwerkraft nicht m\u00f6glich ist.","robots":{"index":"index","follow":"follow","max-snippet":"max-snippet:-1","max-image-preview":"max-image-preview:large","max-video-preview":"max-video-preview:-1"},"canonical":"https:\/\/mbc-marine.com\/de\/product\/wasserpumpensystem-12-v-2\/","og_locale":"de_DE","og_type":"article","og_title":"DRAIN WATER PUMP SYSTEM 12V","og_description":"Drain Box System \u2013 12\/24V Condensate Drain Solution for Marine A\/C Units A reliable and compact solution designed to collect and discharge condensate water from marine air conditioning systems. This 12V sump box system ensures efficient drainage, especially where gravity discharge is not possible.","og_url":"https:\/\/mbc-marine.com\/de\/product\/wasserpumpensystem-12-v-2\/","og_site_name":"MBC Marine","article_modified_time":"2025-09-09T11:56:38+00:00","og_image":[{"width":1600,"height":1600,"url":"https:\/\/mbc-marine.com\/wp-content\/uploads\/2025\/07\/s-l1600.jpg","type":"image\/jpeg"}],"twitter_card":"summary_large_image","twitter_misc":{"Price":"","Availability":"In stock"},"schema":{"@context":"https:\/\/schema.org","@graph":[{"@type":["WebPage","ItemPage"],"@id":"https:\/\/mbc-marine.com\/product\/drain-water-pump-system-12v-2\/","url":"https:\/\/mbc-marine.com\/product\/drain-water-pump-system-12v-2\/","name":"WASSERABFLUSSPUMPENSYSTEM 12 V \u2013 MBC Marine","isPartOf":{"@id":"https:\/\/mbc-marine.com\/#website"},"primaryImageOfPage":{"@id":"https:\/\/mbc-marine.com\/product\/drain-water-pump-system-12v-2\/#primaryimage"},"image":{"@id":"https:\/\/mbc-marine.com\/product\/drain-water-pump-system-12v-2\/#primaryimage"},"thumbnailUrl":"https:\/\/mbc-marine.com\/wp-content\/uploads\/2025\/07\/s-l1600.jpg?wsr","datePublished":"2025-07-23T19:35:25+00:00","dateModified":"2025-09-09T11:56:38+00:00","description":"Ablaufkastensystem \u2013 12\/24-V-Kondensatablauf-L\u00f6sung f\u00fcr Schiffsklimaanlagen Eine zuverl\u00e4ssige und kompakte L\u00f6sung zum Sammeln und Ableiten von Kondenswasser aus Schiffsklimaanlagen. Dieses 12-V-Ablaufkastensystem gew\u00e4hrleistet eine effiziente Entw\u00e4sserung, insbesondere dort, wo ein Ablauf durch Schwerkraft nicht m\u00f6glich ist.","breadcrumb":{"@id":"https:\/\/mbc-marine.com\/product\/drain-water-pump-system-12v-2\/#breadcrumb"},"inLanguage":"de","potentialAction":[{"@type":"ReadAction","target":["https:\/\/mbc-marine.com\/product\/drain-water-pump-system-12v-2\/"]}]},{"@type":"ImageObject","inLanguage":"de","@id":"https:\/\/mbc-marine.com\/product\/drain-water-pump-system-12v-2\/#primaryimage","url":"https:\/\/mbc-marine.com\/wp-content\/uploads\/2025\/07\/s-l1600.jpg?wsr","contentUrl":"https:\/\/mbc-marine.com\/wp-content\/uploads\/2025\/07\/s-l1600.jpg?wsr","width":1600,"height":1600,"caption":"DRAIN WATER PUMP SYSTEM 12V"},{"@type":"BreadcrumbList","@id":"https:\/\/mbc-marine.com\/product\/drain-water-pump-system-12v-2\/#breadcrumb","itemListElement":[{"@type":"ListItem","position":1,"name":"Home","item":"https:\/\/mbc-marine.com\/"},{"@type":"ListItem","position":2,"name":"Shop","item":"https:\/\/mbc-marine.com\/shop\/"},{"@type":"ListItem","position":3,"name":"DRAIN WATER PUMP SYSTEM 12V"}]},{"@type":"WebSite","@id":"https:\/\/mbc-marine.com\/#website","url":"https:\/\/mbc-marine.com\/","name":"MBC Marine","description":"","potentialAction":[{"@type":"SearchAction","target":{"@type":"EntryPoint","urlTemplate":"https:\/\/mbc-marine.com\/?s={search_term_string}"},"query-input":{"@type":"PropertyValueSpecification","valueRequired":true,"valueName":"search_term_string"}}],"inLanguage":"de"}]},"product_price_currency":"EUR","og_availability":"instock","product_availability":"instock","product_condition":"new"},"_links":{"self":[{"href":"https:\/\/mbc-marine.com\/de\/wp-json\/wp\/v2\/product\/5315","targetHints":{"allow":["GET"]}}],"collection":[{"href":"https:\/\/mbc-marine.com\/de\/wp-json\/wp\/v2\/product"}],"about":[{"href":"https:\/\/mbc-marine.com\/de\/wp-json\/wp\/v2\/types\/product"}],"version-history":[{"count":0,"href":"https:\/\/mbc-marine.com\/de\/wp-json\/wp\/v2\/product\/5315\/revisions"}],"wp:featuredmedia":[{"embeddable":true,"href":"https:\/\/mbc-marine.com\/de\/wp-json\/wp\/v2\/media\/5316"}],"wp:attachment":[{"href":"https:\/\/mbc-marine.com\/de\/wp-json\/wp\/v2\/media?parent=5315"}],"wp:term":[{"taxonomy":"product_brand","embeddable":true,"href":"https:\/\/mbc-marine.com\/de\/wp-json\/wp\/v2\/product_brand?post=5315"},{"taxonomy":"product_cat","embeddable":true,"href":"https:\/\/mbc-marine.com\/de\/wp-json\/wp\/v2\/product_cat?post=5315"},{"taxonomy":"product_tag","embeddable":true,"href":"https:\/\/mbc-marine.com\/de\/wp-json\/wp\/v2\/product_tag?post=5315"}],"curies":[{"name":"wp","href":"https:\/\/api.w.org\/{rel}","templated":true}]}}