{"id":3774,"date":"2025-03-18T09:49:28","date_gmt":"2025-03-18T08:49:28","guid":{"rendered":"https:\/\/mbc-marine.com\/?page_id=3774"},"modified":"2025-09-09T16:32:21","modified_gmt":"2025-09-09T14:32:21","slug":"informacion","status":"publish","type":"page","link":"https:\/\/mbc-marine.com\/es\/information\/","title":{"rendered":"Informaci\u00f3n"},"content":{"rendered":"<div data-elementor-type=\"wp-page\" data-elementor-id=\"3774\" class=\"elementor elementor-3774\" data-elementor-post-type=\"page\">\n\t\t\t\t<div class=\"elementor-element elementor-element-633bd9b e-flex e-con-boxed e-con e-parent\" data-id=\"633bd9b\" data-element_type=\"container\" data-e-type=\"container\" data-settings=\"{&quot;jet_parallax_layout_list&quot;:[]}\">\n\t\t\t\t\t<div class=\"e-con-inner\">\n\t\t\t\t<div class=\"elementor-element elementor-element-1d4d8b3 elementor-widget elementor-widget-heading\" data-id=\"1d4d8b3\" data-element_type=\"widget\" data-e-type=\"widget\" data-widget_type=\"heading.default\">\n\t\t\t\t<div class=\"elementor-widget-container\">\n\t\t\t\t\t<h1 class=\"elementor-heading-title elementor-size-default\">Informaci\u00f3n<\/h1>\t\t\t\t<\/div>\n\t\t\t\t<\/div>\n\t\t\t\t<div class=\"elementor-element elementor-element-c53bf46 elementor-widget elementor-widget-heading\" data-id=\"c53bf46\" data-element_type=\"widget\" data-e-type=\"widget\" data-widget_type=\"heading.default\">\n\t\t\t\t<div class=\"elementor-widget-container\">\n\t\t\t\t\t<h2 class=\"elementor-heading-title elementor-size-default\">Evaporador De Material<\/h2>\t\t\t\t<\/div>\n\t\t\t\t<\/div>\n\t\t\t\t<div class=\"elementor-element elementor-element-57e071e elementor-widget elementor-widget-text-editor\" data-id=\"57e071e\" data-element_type=\"widget\" data-e-type=\"widget\" data-widget_type=\"text-editor.default\">\n\t\t\t\t<div class=\"elementor-widget-container\">\n\t\t\t\t\t\t\t\t\t<p><strong>CuNi (Cobre, N\u00edquel)<\/strong><br \/>Los intercambiadores de calor de CuNi (cobre-n\u00edquel) ofrecen una resistencia a la corrosi\u00f3n excepcional, ya que su durabilidad natural los protege del agua de mar y la exposici\u00f3n a productos qu\u00edmicos, a diferencia de los intercambiadores de calor de aluminio recubiertos, cuya capa protectora puede desgastarse con el tiempo. Tienen una vida \u00fatil m\u00e1s larga, requieren menos mantenimiento y proporcionan una mayor eficiencia en la transferencia de calor gracias a la conductividad t\u00e9rmica superior de la aleaci\u00f3n de cobre y n\u00edquel. Adem\u00e1s, son m\u00e1s resistentes mec\u00e1nicamente, menos propensos a sufrir da\u00f1os y m\u00e1s f\u00e1ciles de limpiar, ya que son menos susceptibles a la formaci\u00f3n de biopel\u00edculas y otros dep\u00f3sitos. Por estas razones, los intercambiadores de calor de CuNi son la opci\u00f3n ideal para entornos marinos y condiciones de funcionamiento extremas.<\/p>\t\t\t\t\t\t\t\t<\/div>\n\t\t\t\t<\/div>\n\t\t\t\t<div class=\"elementor-element elementor-element-4e25090 elementor-widget elementor-widget-text-editor\" data-id=\"4e25090\" data-element_type=\"widget\" data-e-type=\"widget\" data-widget_type=\"text-editor.default\">\n\t\t\t\t<div class=\"elementor-widget-container\">\n\t\t\t\t\t\t\t\t\t<p><strong>Aluminio recubierto de aleta azul<\/strong><br \/>Los intercambiadores de calor de aluminio recubiertos con Blue Fin proporcionan una mayor resistencia a la corrosi\u00f3n gracias a la aplicaci\u00f3n de una capa protectora hidr\u00f3foba a las aletas de aluminio. Este recubrimiento mejora la durabilidad en entornos h\u00famedos y salinos, lo que reduce el riesgo de oxidaci\u00f3n y prolonga la vida \u00fatil de la unidad en comparaci\u00f3n con el aluminio est\u00e1ndar. El recubrimiento Blue Fin tambi\u00e9n mejora el drenaje del agua, evitando la acumulaci\u00f3n de humedad y mejorando la eficiencia del intercambio de calor. Aunque no es tan duradero como los intercambiadores de calor de CuNi, el aluminio recubierto con Blue Fin ofrece una alternativa rentable con un rendimiento mejorado en condiciones dif\u00edciles, lo que lo convierte en una opci\u00f3n adecuada para aplicaciones marinas y costeras.<\/p>\t\t\t\t\t\t\t\t<\/div>\n\t\t\t\t<\/div>\n\t\t\t\t<div class=\"elementor-element elementor-element-e32a8e8 elementor-widget elementor-widget-heading\" data-id=\"e32a8e8\" data-element_type=\"widget\" data-e-type=\"widget\" data-widget_type=\"heading.default\">\n\t\t\t\t<div class=\"elementor-widget-container\">\n\t\t\t\t\t<h2 class=\"elementor-heading-title elementor-size-default\">Accesorios<\/h2>\t\t\t\t<\/div>\n\t\t\t\t<\/div>\n\t\t\t\t<div class=\"elementor-element elementor-element-a45c65c elementor-widget elementor-widget-text-editor\" data-id=\"a45c65c\" data-element_type=\"widget\" data-e-type=\"widget\" data-widget_type=\"text-editor.default\">\n\t\t\t\t<div class=\"elementor-widget-container\">\n\t\t\t\t\t\t\t\t\t<p><strong>Pantalla SMART<\/strong><br \/>MBC Marine Smart ConnectDisfrute de la m\u00e1xima comodidad en su embarcaci\u00f3n con MBC Marine Smart Connect.<br \/>Aseg\u00farate de tener la temperatura perfecta y aire fresco en tu barco en cualquier momento y lugar con MBC Marine Smart Connect.<br \/>Imagina lo c\u00f3modo que ser\u00eda: tanto si est\u00e1s en la oficina como esperando en un sem\u00e1foro en rojo, puedes ajustar el aire acondicionado de tu barco a la temperatura ideal antes incluso de subir a bordo.\u00a0<br \/>Con solo unos pocos toques en tu smartphone, con\u00e9ctate al sistema de aire acondicionado de tu barco a trav\u00e9s de Internet y ajusta la configuraci\u00f3n seg\u00fan tus preferencias, ya sea en modo refrigeraci\u00f3n o calefacci\u00f3n.<br \/><br \/><\/p>\t\t\t\t\t\t\t\t<\/div>\n\t\t\t\t<\/div>\n\t\t\t\t<div class=\"elementor-element elementor-element-903ef67 elementor-widget elementor-widget-text-editor\" data-id=\"903ef67\" data-element_type=\"widget\" data-e-type=\"widget\" data-widget_type=\"text-editor.default\">\n\t\t\t\t<div class=\"elementor-widget-container\">\n\t\t\t\t\t\t\t\t\t<p><strong>Arrancador suave<\/strong><br \/>La soluci\u00f3n definitiva para un arranque optimizado El MBC Easy Start permite que cualquier aire acondicionado funcione con una fuente de alimentaci\u00f3n de menor voltaje, lo que elimina la necesidad de un generador m\u00e1s grande o adicional. Reduce significativamente la corriente de arranque del compresor, lo que lo convierte en un arrancador suave dise\u00f1ado espec\u00edficamente para motores monof\u00e1sicos. El arrancador suave MBC utiliza una secuencia de rampa de arranque autooptimizada de cuatro partes para lograr la corriente de arranque m\u00e1s baja posible. Esto lo convierte en la soluci\u00f3n perfecta para hacer funcionar aires acondicionados con un generador o un inversor, incluso cuando la potencia de la red el\u00e9ctrica es limitada. <br \/><br \/><\/p>\t\t\t\t\t\t\t\t<\/div>\n\t\t\t\t<\/div>\n\t\t\t\t<div class=\"elementor-element elementor-element-1d89487 elementor-widget elementor-widget-heading\" data-id=\"1d89487\" data-element_type=\"widget\" data-e-type=\"widget\" data-widget_type=\"heading.default\">\n\t\t\t\t<div class=\"elementor-widget-container\">\n\t\t\t\t\t<h2 class=\"elementor-heading-title elementor-size-default\">Refrigeraci\u00f3n \/ Calefacci\u00f3n\n<\/h2>\t\t\t\t<\/div>\n\t\t\t\t<\/div>\n\t\t\t\t<div class=\"elementor-element elementor-element-22ba37f elementor-widget elementor-widget-text-editor\" data-id=\"22ba37f\" data-element_type=\"widget\" data-e-type=\"widget\" data-widget_type=\"text-editor.default\">\n\t\t\t\t<div class=\"elementor-widget-container\">\n\t\t\t\t\t\t\t\t\t<p>En los sistemas de aire acondicionado marinos, la inversi\u00f3n del ciclo permite a la unidad cambiar entre refrigeraci\u00f3n y calefacci\u00f3n invirtiendo el flujo de refrigerante a trav\u00e9s de una v\u00e1lvula de cuatro v\u00edas. En el modo de refrigeraci\u00f3n, el calor se absorbe del aire interior y se expulsa al agua de mar, mientras que en el modo de calefacci\u00f3n, el sistema extrae el calor del agua de mar y lo transfiere al interior. Este eficiente proceso permite controlar la climatizaci\u00f3n durante todo el a\u00f1o utilizando un \u00fanico sistema, pero su eficacia depende de la temperatura del agua de mar, ya que el agua extremadamente fr\u00eda puede reducir el rendimiento de la calefacci\u00f3n.<\/p>\t\t\t\t\t\t\t\t<\/div>\n\t\t\t\t<\/div>\n\t\t\t\t<div class=\"elementor-element elementor-element-f6e915c elementor-widget elementor-widget-heading\" data-id=\"f6e915c\" data-element_type=\"widget\" data-e-type=\"widget\" data-widget_type=\"heading.default\">\n\t\t\t\t<div class=\"elementor-widget-container\">\n\t\t\t\t\t<h2 class=\"elementor-heading-title elementor-size-default\">T\u00c9RMINOS DE LA GARANT\u00cdA<\/h2>\t\t\t\t<\/div>\n\t\t\t\t<\/div>\n\t\t\t\t<div class=\"elementor-element elementor-element-f6927a7 elementor-widget elementor-widget-text-editor\" data-id=\"f6927a7\" data-element_type=\"widget\" data-e-type=\"widget\" data-widget_type=\"text-editor.default\">\n\t\t\t\t<div class=\"elementor-widget-container\">\n\t\t\t\t\t\t\t\t\t<p data-start=\"0\" data-end=\"740\">Las presentes condiciones de garant\u00eda se aplican \u00fanicamente a las ventas de unidades nuevas y accesorios (en adelante, \u201clos Productos\u201d) realizadas por MBC MARINE Kft. (en adelante, \u201cla Empresa\u201d) en beneficio de un distribuidor perteneciente a la red de distribuci\u00f3n de la Empresa. Por distribuidor se entiende cualquier persona f\u00edsica o jur\u00eddica autorizada por la Empresa que adquiera los Productos en el marco de su actividad profesional para revenderlos a subcompradores. Las presentes condiciones de garant\u00eda no limitan en modo alguno los derechos que, en virtud de la legislaci\u00f3n aplicable a la reventa del Producto a un subcomprador, no pueden excluirse ni restringirse. El Distribuidor ser\u00e1 el \u00fanico responsable de las condiciones de venta y las garant\u00edas aplicables a la reventa del Producto al subcomprador, independientemente de su calidad.<\/p><p data-start=\"742\" data-end=\"2356\">GARANT\u00cdAS CONTRACTUALES Las garant\u00edas contractuales que se mencionan a continuaci\u00f3n se conceden \u00fanicamente al Distribuidor, quien reconoce y declara que dispone de los recursos materiales, los conocimientos espec\u00edficos y las habilidades t\u00e9cnicas necesarios para llevar a cabo los servicios (incluidos los servicios de instalaci\u00f3n y posventa), y se compromete adem\u00e1s a prestar dichos servicios con la debida diligencia y competencia, mediante personal cualificado y formado. Los productos se benefician de una garant\u00eda contractual por todos los defectos ocultos durante un periodo de 2 (dos) a\u00f1os a partir de la fecha de entrega del producto por parte del Distribuidor al cliente (el \u201cCliente\u201d). Si la Empresa lo solicita, el Distribuidor deber\u00e1 acreditar la fecha de entrega con la documentaci\u00f3n adecuada (protocolo de entrega, tarjeta de garant\u00eda firmada y cumplimentada, etc.). Esta garant\u00eda incluye la sustituci\u00f3n o reparaci\u00f3n (a elecci\u00f3n de la Empresa) de todas las piezas que la Empresa considere defectuosas. El tiempo de reparaci\u00f3n no est\u00e1 incluido en el periodo de garant\u00eda de la Empresa; y la Empresa no proporcionar\u00e1 ninguna unidad de sustituci\u00f3n al Distribuidor ni al Cliente durante este periodo. Los productos vendidos por la Empresa al Distribuidor est\u00e1n sujetos a estas condiciones de garant\u00eda, que sustituir\u00e1n a todas las dem\u00e1s garant\u00edas de la Empresa, ya sean expresas o impl\u00edcitas. El Distribuidor no est\u00e1 autorizado a asumir ni a comprometerse, en nombre de la Empresa, a ninguna responsabilidad en relaci\u00f3n con la venta del Producto por parte del Distribuidor, salvo lo establecido en estas condiciones de garant\u00eda. El Distribuidor identificar\u00e1 y eximir\u00e1 a la Empresa de cualquier responsabilidad con respecto a cualquier compromiso, suposici\u00f3n o declaraci\u00f3n realizada por el Distribuidor m\u00e1s all\u00e1 de lo incluido en estas condiciones de garant\u00eda.<\/p><p data-start=\"2358\" data-end=\"2846\">GARANT\u00cdA ESPEC\u00cdFICA La garant\u00eda contractual de 2 a\u00f1os no se aplica a los Productos que se utilizan con fines comerciales (cualquier actividad de alquiler o fletamento entra en esta categor\u00eda), ya que estos Productos pueden estar cubiertos por una garant\u00eda de 1 (un) a\u00f1o a partir de la fecha de entrega del Producto por parte del Distribuidor al Cliente. Si la empresa lo solicita, el distribuidor deber\u00e1 acreditar la fecha de entrega mediante la documentaci\u00f3n adecuada (protocolo de entrega, tarjeta de garant\u00eda firmada y cumplimentada, etc.).<\/p><p data-start=\"2848\" data-end=\"5320\">DISPOSICIONES PARA LA APLICACI\u00d3N DE LAS GARANT\u00cdAS Si surge una reclamaci\u00f3n de garant\u00eda, el Distribuidor deber\u00e1 notificarlo a la Empresa por correo electr\u00f3nico (<a rel=\"noopener\" data-start=\"2966\" data-end=\"2985\">info@mbc-marine.com<\/a>) en un plazo m\u00e1ximo de ocho (8) d\u00edas a partir de la recepci\u00f3n de la reclamaci\u00f3n. Esto no afecta a la obligaci\u00f3n del Distribuidor de investigar y evaluar el caso antes de informar a la Empresa sobre la reclamaci\u00f3n recibida. Cualquier reclamaci\u00f3n deber\u00e1 incluir el n\u00famero de serie del Producto en cuesti\u00f3n y, cuando proceda, el n\u00famero de serie de la(s) pieza(s) objeto de la reclamaci\u00f3n de garant\u00eda, junto con toda la documentaci\u00f3n justificativa (breve descripci\u00f3n con fotos y v\u00eddeos). Adem\u00e1s, la reclamaci\u00f3n deber\u00e1 indicar las circunstancias exactas en las que se produjo el problema. La Empresa podr\u00e1, con el fin de investigar la reclamaci\u00f3n, solicitar cualquier detalle y exigir cualquier prueba justificativa necesaria. La Empresa evaluar\u00e1 la reclamaci\u00f3n e informar\u00e1 al Distribuidor si el defecto est\u00e1 cubierto por la garant\u00eda de la Empresa o si es resultado de una instalaci\u00f3n, uso o mantenimiento inadecuados del Producto, lo cual no est\u00e1 cubierto por la garant\u00eda de la Empresa. La inmovilizaci\u00f3n del Producto tras los problemas encontrados y\/o los trabajos de sustituci\u00f3n y\/o reparaci\u00f3n, independientemente de su duraci\u00f3n, no dan derecho a indemnizaci\u00f3n. La Empresa no ser\u00e1 responsable en ning\u00fan caso de los gastos de transporte, aranceles aduaneros y otros gastos accesorios, salvo que se indique lo contrario a continuaci\u00f3n. Si la reclamaci\u00f3n puede tramitarse localmente y el coste de la reparaci\u00f3n no supera los 150 EUR + IVA, la reparaci\u00f3n y\/o sustituci\u00f3n ser\u00e1 realizada por el Distribuidor a cargo de la Empresa. La Empresa no asumir\u00e1 ning\u00fan otro coste relacionado con la reparaci\u00f3n. El coste de la reparaci\u00f3n ser\u00e1 facturado por el Distribuidor en un plazo de 15 d\u00edas. Si la naturaleza de las reparaciones requiere que el trabajo en garant\u00eda se realice en el taller de la Empresa o en un lugar diferente al lugar donde se encuentra el Producto y se prev\u00e9 que el coste de la reparaci\u00f3n supere los 150 EUR + IVA, la Empresa lo reparar\u00e1 o sustituir\u00e1 (si el defecto no puede repararse), despu\u00e9s de verificar que el defecto se encuentra efectivamente dentro de los t\u00e9rminos de la garant\u00eda de la Empresa. El coste de la devoluci\u00f3n del Producto defectuoso a la Empresa correr\u00e1 a cargo del Cliente. El coste del env\u00edo de vuelta por parte de la Empresa al Cliente y el coste de la reparaci\u00f3n, si lo hubiera, correr\u00e1n a cargo de la Empresa, que adem\u00e1s no aceptar\u00e1 gastos por sacar y devolver el barco si es necesario sacar el Producto. El Producto defectuoso deber\u00e1, en todos los casos, devolverse a la Empresa en su embalaje original.<\/p><p data-start=\"5322\" data-end=\"7543\" data-is-last-node=\"\" data-is-only-node=\"\">EXCLUSIONES DEL \u00c1MBITO DE LA GARANT\u00cdA CONTRACTUAL Quedan excluidos de las garant\u00edas contractuales: \u2022 los da\u00f1os resultantes del desgaste normal y las piezas que deben sustituirse peri\u00f3dicamente (filtros, etc.); \u2022 piezas no originales y\/o piezas originales modificadas\/alteradas y\/o \u2022 las consecuencias de la instalaci\u00f3n de estas piezas y dichas transformaciones o \u2022 modificaciones; \u2022 da\u00f1os derivados de un mantenimiento deficiente, un uso abusivo o negligente, un uso indebido, una inmersi\u00f3n, una aplicaci\u00f3n inadecuada o un uso contrario a las instrucciones; \u2022 da\u00f1os relacionados, en particular, con un accidente o tras un incendio, una explosi\u00f3n, una cat\u00e1strofe natural \u2022 , corrosi\u00f3n o degradaci\u00f3n lenta o cualquier fen\u00f3meno de cualquier tipo; \u2022 da\u00f1os resultantes de una instalaci\u00f3n inadecuada o defectuosa, una instalaci\u00f3n que no cumpla con las instrucciones de la Empresa o de otro tipo, y cualquier da\u00f1o resultante de ello; \u2022 da\u00f1os resultantes de la falta de mantenimiento preventivo peri\u00f3dico, tal y como se describe en el manual del usuario; \u2022 art\u00edculos no fabricados por la Empresa; \u2022 Productos de la Empresa utilizados o aplicados por el propietario como parte integrante de productos no fabricados por la Empresa; \u2022 cargos adicionales asociados con la retirada, reinstalaci\u00f3n o sustituci\u00f3n de cualquier equipo o mobiliario m\u00e1s all\u00e1 del Producto cubierto en particular; \u2022 los gastos de desplazamiento del personal de servicio del Distribuidor que superen 1,0 (una) hora; \u2022 da\u00f1os relacionados con bombas con cabezales agrietados o bombas que hayan funcionado en seco, hayan sufrido da\u00f1os por agua o hayan reventado los tapones anticongelantes; \u2022 calibraci\u00f3n de instrumentos de medici\u00f3n; \u2022 Corrosi\u00f3n exterior. \u2022 Da\u00f1os por agua, incluyendo espec\u00edficamente los siguientes componentes: sopladores, placas l\u00f3gicas y cabezales de pantalla. \u2022 Programaci\u00f3n incorrecta de las pantallas. \u2022 Condensadores y\/o evaporadores sucios. \u2022 Da\u00f1os relacionados con fallos resultantes de una preparaci\u00f3n inadecuada para el invierno. \u2022 Da\u00f1os en el producto como resultado de un embalaje de devoluci\u00f3n inadecuado u otros da\u00f1os durante el transporte. \u2022 Sustituci\u00f3n del refrigerante por un sustituto sin la autorizaci\u00f3n previa de la empresa. \u2022 Tasas medioambientales y\/o de recuperaci\u00f3n. \u2022 Tasas de soldadura y nitr\u00f3geno. La instalaci\u00f3n y la aplicaci\u00f3n de los productos no est\u00e1n garantizadas por la empresa, a menos que la instalaci\u00f3n se haya realizado internamente, ya que la empresa no tiene control ni autoridad sobre la selecci\u00f3n, la ubicaci\u00f3n, la aplicaci\u00f3n o la instalaci\u00f3n de los productos.<\/p>\t\t\t\t\t\t\t\t<\/div>\n\t\t\t\t<\/div>\n\t\t\t\t\t<\/div>\n\t\t\t\t<\/div>\n\t\t\t\t<\/div>","protected":false},"excerpt":{"rendered":"<p>Informations Evaporator Material CuNi (Copper Nickel)CuNi (Copper-Nickel) heat exchangers offer outstanding corrosion resistance, as their natural durability protects them from seawater and chemical exposure, unlike coated aluminum heat exchangers, whose protective layer may wear off over time. They have a longer lifespan, require less maintenance, and provide better heat transfer efficiency due to the superior [&hellip;]<\/p>\n","protected":false},"author":1,"featured_media":0,"parent":0,"menu_order":0,"comment_status":"closed","ping_status":"closed","template":"","meta":{"_acf_changed":false,"footnotes":""},"class_list":["post-3774","page","type-page","status-publish","hentry"],"acf":[],"yoast_head":"<!-- This site is optimized with the Yoast SEO Premium plugin v27.3 (Yoast SEO v27.3) - https:\/\/yoast.com\/product\/yoast-seo-premium-wordpress\/ -->\n<title>Information - MBC Marine<\/title>\n<meta name=\"description\" content=\"Informations\" \/>\n<meta name=\"robots\" content=\"index, follow, max-snippet:-1, max-image-preview:large, max-video-preview:-1\" \/>\n<link rel=\"canonical\" href=\"https:\/\/mbc-marine.com\/es\/informacion\/\" \/>\n<meta property=\"og:locale\" content=\"es_ES\" \/>\n<meta property=\"og:type\" content=\"article\" \/>\n<meta property=\"og:title\" content=\"Information\" \/>\n<meta property=\"og:description\" content=\"Informations\" \/>\n<meta property=\"og:url\" content=\"https:\/\/mbc-marine.com\/es\/informacion\/\" \/>\n<meta property=\"og:site_name\" content=\"MBC Marine\" \/>\n<meta property=\"article:modified_time\" content=\"2025-09-09T14:32:21+00:00\" \/>\n<meta name=\"twitter:card\" content=\"summary_large_image\" \/>\n<meta name=\"twitter:label1\" content=\"Tiempo de lectura\" \/>\n\t<meta name=\"twitter:data1\" content=\"8 minutos\" \/>\n<script type=\"application\/ld+json\" class=\"yoast-schema-graph\">{\"@context\":\"https:\\\/\\\/schema.org\",\"@graph\":[{\"@type\":\"WebPage\",\"@id\":\"https:\\\/\\\/mbc-marine.com\\\/information\\\/\",\"url\":\"https:\\\/\\\/mbc-marine.com\\\/information\\\/\",\"name\":\"Information - MBC Marine\",\"isPartOf\":{\"@id\":\"https:\\\/\\\/mbc-marine.com\\\/#website\"},\"datePublished\":\"2025-03-18T08:49:28+00:00\",\"dateModified\":\"2025-09-09T14:32:21+00:00\",\"description\":\"Informations\",\"breadcrumb\":{\"@id\":\"https:\\\/\\\/mbc-marine.com\\\/information\\\/#breadcrumb\"},\"inLanguage\":\"es\",\"potentialAction\":[{\"@type\":\"ReadAction\",\"target\":[\"https:\\\/\\\/mbc-marine.com\\\/information\\\/\"]}]},{\"@type\":\"BreadcrumbList\",\"@id\":\"https:\\\/\\\/mbc-marine.com\\\/information\\\/#breadcrumb\",\"itemListElement\":[{\"@type\":\"ListItem\",\"position\":1,\"name\":\"Home\",\"item\":\"https:\\\/\\\/mbc-marine.com\\\/\"},{\"@type\":\"ListItem\",\"position\":2,\"name\":\"Information\"}]},{\"@type\":\"WebSite\",\"@id\":\"https:\\\/\\\/mbc-marine.com\\\/#website\",\"url\":\"https:\\\/\\\/mbc-marine.com\\\/\",\"name\":\"MBC Marine\",\"description\":\"\",\"potentialAction\":[{\"@type\":\"SearchAction\",\"target\":{\"@type\":\"EntryPoint\",\"urlTemplate\":\"https:\\\/\\\/mbc-marine.com\\\/?s={search_term_string}\"},\"query-input\":{\"@type\":\"PropertyValueSpecification\",\"valueRequired\":true,\"valueName\":\"search_term_string\"}}],\"inLanguage\":\"es\"}]}<\/script>\n<!-- \/ Yoast SEO Premium plugin. -->","yoast_head_json":{"title":"Informaci\u00f3n - MBC Marine","description":"Informaci\u00f3n","robots":{"index":"index","follow":"follow","max-snippet":"max-snippet:-1","max-image-preview":"max-image-preview:large","max-video-preview":"max-video-preview:-1"},"canonical":"https:\/\/mbc-marine.com\/es\/informacion\/","og_locale":"es_ES","og_type":"article","og_title":"Information","og_description":"Informations","og_url":"https:\/\/mbc-marine.com\/es\/informacion\/","og_site_name":"MBC Marine","article_modified_time":"2025-09-09T14:32:21+00:00","twitter_card":"summary_large_image","twitter_misc":{"Tiempo de lectura":"8 minutos"},"schema":{"@context":"https:\/\/schema.org","@graph":[{"@type":"WebPage","@id":"https:\/\/mbc-marine.com\/information\/","url":"https:\/\/mbc-marine.com\/information\/","name":"Informaci\u00f3n - MBC Marine","isPartOf":{"@id":"https:\/\/mbc-marine.com\/#website"},"datePublished":"2025-03-18T08:49:28+00:00","dateModified":"2025-09-09T14:32:21+00:00","description":"Informaci\u00f3n","breadcrumb":{"@id":"https:\/\/mbc-marine.com\/information\/#breadcrumb"},"inLanguage":"es","potentialAction":[{"@type":"ReadAction","target":["https:\/\/mbc-marine.com\/information\/"]}]},{"@type":"BreadcrumbList","@id":"https:\/\/mbc-marine.com\/information\/#breadcrumb","itemListElement":[{"@type":"ListItem","position":1,"name":"Home","item":"https:\/\/mbc-marine.com\/"},{"@type":"ListItem","position":2,"name":"Information"}]},{"@type":"WebSite","@id":"https:\/\/mbc-marine.com\/#website","url":"https:\/\/mbc-marine.com\/","name":"MBC Marino","description":"","potentialAction":[{"@type":"SearchAction","target":{"@type":"EntryPoint","urlTemplate":"https:\/\/mbc-marine.com\/?s={search_term_string}"},"query-input":{"@type":"PropertyValueSpecification","valueRequired":true,"valueName":"search_term_string"}}],"inLanguage":"es"}]}},"_links":{"self":[{"href":"https:\/\/mbc-marine.com\/es\/wp-json\/wp\/v2\/pages\/3774","targetHints":{"allow":["GET"]}}],"collection":[{"href":"https:\/\/mbc-marine.com\/es\/wp-json\/wp\/v2\/pages"}],"about":[{"href":"https:\/\/mbc-marine.com\/es\/wp-json\/wp\/v2\/types\/page"}],"author":[{"embeddable":true,"href":"https:\/\/mbc-marine.com\/es\/wp-json\/wp\/v2\/users\/1"}],"replies":[{"embeddable":true,"href":"https:\/\/mbc-marine.com\/es\/wp-json\/wp\/v2\/comments?post=3774"}],"version-history":[{"count":0,"href":"https:\/\/mbc-marine.com\/es\/wp-json\/wp\/v2\/pages\/3774\/revisions"}],"wp:attachment":[{"href":"https:\/\/mbc-marine.com\/es\/wp-json\/wp\/v2\/media?parent=3774"}],"curies":[{"name":"wp","href":"https:\/\/api.w.org\/{rel}","templated":true}]}}