{"id":4972,"date":"2025-07-08T21:22:41","date_gmt":"2025-07-08T19:22:41","guid":{"rendered":"https:\/\/mbc-marine.com\/?page_id=4972"},"modified":"2025-09-16T14:21:59","modified_gmt":"2025-09-16T12:21:59","slug":"distribucion-del-aire","status":"publish","type":"page","link":"https:\/\/mbc-marine.com\/es\/air-distribution\/","title":{"rendered":"DISTRIBUCI\u00d3N DE AIRE"},"content":{"rendered":"<div data-elementor-type=\"wp-page\" data-elementor-id=\"4972\" class=\"elementor elementor-4972\" data-elementor-post-type=\"page\">\n\t\t\t\t<div class=\"elementor-element elementor-element-95a040c e-con-full e-flex e-con e-parent\" data-id=\"95a040c\" data-element_type=\"container\" data-e-type=\"container\" data-settings=\"{&quot;jet_parallax_layout_list&quot;:[]}\">\n\t\t\t\t<div class=\"elementor-element elementor-element-0734e4b elementor-widget elementor-widget-heading\" data-id=\"0734e4b\" data-element_type=\"widget\" data-e-type=\"widget\" data-widget_type=\"heading.default\">\n\t\t\t\t<div class=\"elementor-widget-container\">\n\t\t\t\t\t<h1 class=\"elementor-heading-title elementor-size-default\">Distribuci\u00f3n de aire - <span style=\"white-space: normal\">\u00a1El flujo de aire eficiente comienza aqu\u00ed!<\/span><\/h1>\t\t\t\t<\/div>\n\t\t\t\t<\/div>\n\t\t\t\t<\/div>\n\t\t\t\t<section class=\"elementor-section elementor-top-section elementor-element elementor-element-af0d55a elementor-section-boxed elementor-section-height-default elementor-section-height-default\" data-id=\"af0d55a\" data-element_type=\"section\" data-e-type=\"section\" data-settings=\"{&quot;jet_parallax_layout_list&quot;:[]}\">\n\t\t\t\t\t\t<div class=\"elementor-container elementor-column-gap-default\">\n\t\t\t\t\t<div class=\"elementor-column elementor-col-25 elementor-top-column elementor-element elementor-element-fbecd7a\" data-id=\"fbecd7a\" data-element_type=\"column\" data-e-type=\"column\">\n\t\t\t<div class=\"elementor-widget-wrap elementor-element-populated\">\n\t\t\t\t\t\t<div class=\"elementor-element elementor-element-6272726 e-transform elementor-position-top elementor-widget elementor-widget-image-box\" data-id=\"6272726\" data-element_type=\"widget\" data-e-type=\"widget\" data-settings=\"{&quot;_transform_scale_effect_hover&quot;:{&quot;unit&quot;:&quot;px&quot;,&quot;size&quot;:&quot;1.1&quot;,&quot;sizes&quot;:[]},&quot;_transform_scale_effect_hover_tablet&quot;:{&quot;unit&quot;:&quot;px&quot;,&quot;size&quot;:&quot;&quot;,&quot;sizes&quot;:[]},&quot;_transform_scale_effect_hover_mobile&quot;:{&quot;unit&quot;:&quot;px&quot;,&quot;size&quot;:&quot;&quot;,&quot;sizes&quot;:[]}}\" data-widget_type=\"image-box.default\">\n\t\t\t\t<div class=\"elementor-widget-container\">\n\t\t\t\t\t<div class=\"elementor-image-box-wrapper\"><figure class=\"elementor-image-box-img\"><a href=\"https:\/\/mbc-marine.com\/es\/categoria-producto\/divisor-de-aire\/\" tabindex=\"-1\"><!--trp-no-translate--><!--trp-no-translate--><img fetchpriority=\"high\" decoding=\"async\" width=\"584\" height=\"400\" src=\"https:\/\/mbc-marine.com\/wp-content\/uploads\/2024\/08\/air-divider-t-1.png?wsr\" class=\"attachment-full size-full wp-image-1175\" alt=\"AIR DIVIDER \u201cT\u201d\" srcset=\"https:\/\/mbc-marine.com\/wp-content\/uploads\/2024\/08\/air-divider-t-1.png 584w, https:\/\/mbc-marine.com\/wp-content\/uploads\/2024\/08\/air-divider-t-1-300x205.png 300w\" sizes=\"(max-width: 584px) 100vw, 584px\" data-no-translation=\"\" \/><!--/trp-no-translate--><!--\/trp-no-translate--><\/a><\/figure><div class=\"elementor-image-box-content\"><h3 class=\"elementor-image-box-title\"><a href=\"https:\/\/mbc-marine.com\/es\/categoria-producto\/divisor-de-aire\/\">DIVISORES DE AIRE<\/a><\/h3><\/div><\/div>\t\t\t\t<\/div>\n\t\t\t\t<\/div>\n\t\t\t\t\t<\/div>\n\t\t<\/div>\n\t\t\t\t<div class=\"elementor-column elementor-col-25 elementor-top-column elementor-element elementor-element-6d63ffe\" data-id=\"6d63ffe\" data-element_type=\"column\" data-e-type=\"column\">\n\t\t\t<div class=\"elementor-widget-wrap elementor-element-populated\">\n\t\t\t\t\t\t<div class=\"elementor-element elementor-element-7af57ce e-transform elementor-position-top elementor-widget elementor-widget-image-box\" data-id=\"7af57ce\" data-element_type=\"widget\" data-e-type=\"widget\" data-settings=\"{&quot;_transform_scale_effect_hover&quot;:{&quot;unit&quot;:&quot;px&quot;,&quot;size&quot;:&quot;1.1&quot;,&quot;sizes&quot;:[]},&quot;_transform_scale_effect_hover_tablet&quot;:{&quot;unit&quot;:&quot;px&quot;,&quot;size&quot;:&quot;&quot;,&quot;sizes&quot;:[]},&quot;_transform_scale_effect_hover_mobile&quot;:{&quot;unit&quot;:&quot;px&quot;,&quot;size&quot;:&quot;&quot;,&quot;sizes&quot;:[]}}\" data-widget_type=\"image-box.default\">\n\t\t\t\t<div class=\"elementor-widget-container\">\n\t\t\t\t\t<div class=\"elementor-image-box-wrapper\"><figure class=\"elementor-image-box-img\"><a href=\"https:\/\/mbc-marine.com\/es\/categoria-producto\/caja-de-distribucion\/\" tabindex=\"-1\"><!--trp-no-translate--><!--trp-no-translate--><img decoding=\"async\" width=\"1196\" height=\"798\" src=\"https:\/\/mbc-marine.com\/wp-content\/uploads\/2024\/08\/plenum-box-with-bottom-air-duct-connection.png?wsr\" class=\"attachment-full size-full wp-image-1171\" alt=\"PLENUM BOX WITH BOTTOM AIR DUCT CONNECTION\" srcset=\"https:\/\/mbc-marine.com\/wp-content\/uploads\/2024\/08\/plenum-box-with-bottom-air-duct-connection.png 1196w, https:\/\/mbc-marine.com\/wp-content\/uploads\/2024\/08\/plenum-box-with-bottom-air-duct-connection-600x400.png 600w, https:\/\/mbc-marine.com\/wp-content\/uploads\/2024\/08\/plenum-box-with-bottom-air-duct-connection-300x200.png 300w, https:\/\/mbc-marine.com\/wp-content\/uploads\/2024\/08\/plenum-box-with-bottom-air-duct-connection-1024x683.png 1024w, https:\/\/mbc-marine.com\/wp-content\/uploads\/2024\/08\/plenum-box-with-bottom-air-duct-connection-768x512.png 768w\" sizes=\"(max-width: 1196px) 100vw, 1196px\" data-no-translation=\"\" \/><!--/trp-no-translate--><!--\/trp-no-translate--><\/a><\/figure><div class=\"elementor-image-box-content\"><h3 class=\"elementor-image-box-title\"><a href=\"https:\/\/mbc-marine.com\/es\/categoria-producto\/caja-de-distribucion\/\">CAJAS DE PLENUM PARA REJILLAS DE AIRE<\/a><\/h3><\/div><\/div>\t\t\t\t<\/div>\n\t\t\t\t<\/div>\n\t\t\t\t\t<\/div>\n\t\t<\/div>\n\t\t\t\t<div class=\"elementor-column elementor-col-25 elementor-top-column elementor-element elementor-element-d9ed6f7\" data-id=\"d9ed6f7\" data-element_type=\"column\" data-e-type=\"column\">\n\t\t\t<div class=\"elementor-widget-wrap elementor-element-populated\">\n\t\t\t\t\t\t<div class=\"elementor-element elementor-element-158c0fb e-transform elementor-position-top elementor-widget elementor-widget-image-box\" data-id=\"158c0fb\" data-element_type=\"widget\" data-e-type=\"widget\" data-settings=\"{&quot;_transform_scale_effect_hover&quot;:{&quot;unit&quot;:&quot;px&quot;,&quot;size&quot;:&quot;1.1&quot;,&quot;sizes&quot;:[]},&quot;_transform_scale_effect_hover_tablet&quot;:{&quot;unit&quot;:&quot;px&quot;,&quot;size&quot;:&quot;&quot;,&quot;sizes&quot;:[]},&quot;_transform_scale_effect_hover_mobile&quot;:{&quot;unit&quot;:&quot;px&quot;,&quot;size&quot;:&quot;&quot;,&quot;sizes&quot;:[]}}\" data-widget_type=\"image-box.default\">\n\t\t\t\t<div class=\"elementor-widget-container\">\n\t\t\t\t\t<div class=\"elementor-image-box-wrapper\"><figure class=\"elementor-image-box-img\"><a href=\"https:\/\/mbc-marine.com\/es\/producto\/reductores-de-aire\/\" tabindex=\"-1\"><!--trp-no-translate--><!--trp-no-translate--><img decoding=\"async\" width=\"584\" height=\"400\" src=\"https:\/\/mbc-marine.com\/wp-content\/uploads\/2025\/07\/air-distribution.jpg?wsr\" class=\"attachment-full size-full wp-image-4975\" alt=\"AIR DISTRIBUTION\" srcset=\"https:\/\/mbc-marine.com\/wp-content\/uploads\/2025\/07\/air-distribution.jpg 584w, https:\/\/mbc-marine.com\/wp-content\/uploads\/2025\/07\/air-distribution-300x205.jpg 300w\" sizes=\"(max-width: 584px) 100vw, 584px\" data-no-translation=\"\" \/><!--/trp-no-translate--><!--\/trp-no-translate--><\/a><\/figure><div class=\"elementor-image-box-content\"><h3 class=\"elementor-image-box-title\"><a href=\"https:\/\/mbc-marine.com\/es\/producto\/reductores-de-aire\/\">REDUCIDORES DE AIRE<\/a><\/h3><\/div><\/div>\t\t\t\t<\/div>\n\t\t\t\t<\/div>\n\t\t\t\t\t<\/div>\n\t\t<\/div>\n\t\t\t\t<div class=\"elementor-column elementor-col-25 elementor-top-column elementor-element elementor-element-c43e949\" data-id=\"c43e949\" data-element_type=\"column\" data-e-type=\"column\">\n\t\t\t<div class=\"elementor-widget-wrap elementor-element-populated\">\n\t\t\t\t\t\t<div class=\"elementor-element elementor-element-d1296ab e-transform elementor-position-top elementor-widget elementor-widget-image-box\" data-id=\"d1296ab\" data-element_type=\"widget\" data-e-type=\"widget\" data-settings=\"{&quot;_transform_scale_effect_hover&quot;:{&quot;unit&quot;:&quot;px&quot;,&quot;size&quot;:&quot;1.1&quot;,&quot;sizes&quot;:[]},&quot;_transform_scale_effect_hover_tablet&quot;:{&quot;unit&quot;:&quot;px&quot;,&quot;size&quot;:&quot;&quot;,&quot;sizes&quot;:[]},&quot;_transform_scale_effect_hover_mobile&quot;:{&quot;unit&quot;:&quot;px&quot;,&quot;size&quot;:&quot;&quot;,&quot;sizes&quot;:[]}}\" data-widget_type=\"image-box.default\">\n\t\t\t\t<div class=\"elementor-widget-container\">\n\t\t\t\t\t<div class=\"elementor-image-box-wrapper\"><figure class=\"elementor-image-box-img\"><a href=\"https:\/\/mbc-marine.com\/es\/producto\/conducto-de-aire-con-aislamiento-termico-y-acustico\/\" tabindex=\"-1\"><!--trp-no-translate--><!--trp-no-translate--><img loading=\"lazy\" decoding=\"async\" width=\"250\" height=\"250\" src=\"https:\/\/mbc-marine.com\/wp-content\/uploads\/2024\/08\/airduct-1.jpg?wsr\" class=\"attachment-full size-full wp-image-1177\" alt=\"THERMALLY AND ACOUSTICALLY INSULATED AIR DUCT\" srcset=\"https:\/\/mbc-marine.com\/wp-content\/uploads\/2024\/08\/airduct-1.jpg 250w, https:\/\/mbc-marine.com\/wp-content\/uploads\/2024\/08\/airduct-1-100x100.jpg 100w, https:\/\/mbc-marine.com\/wp-content\/uploads\/2024\/08\/airduct-1-150x150.jpg 150w, https:\/\/mbc-marine.com\/wp-content\/uploads\/2024\/08\/airduct-1-90x90.jpg 90w\" sizes=\"(max-width: 250px) 100vw, 250px\" data-no-translation=\"\" \/><!--/trp-no-translate--><!--\/trp-no-translate--><\/a><\/figure><div class=\"elementor-image-box-content\"><h3 class=\"elementor-image-box-title\"><a href=\"https:\/\/mbc-marine.com\/es\/producto\/conducto-de-aire-con-aislamiento-termico-y-acustico\/\">CONDUCTOS DE AIRE<\/a><\/h3><\/div><\/div>\t\t\t\t<\/div>\n\t\t\t\t<\/div>\n\t\t\t\t\t<\/div>\n\t\t<\/div>\n\t\t\t\t\t<\/div>\n\t\t<\/section>\n\t\t<div class=\"elementor-element elementor-element-c79c12e e-flex e-con-boxed e-con e-parent\" data-id=\"c79c12e\" data-element_type=\"container\" data-e-type=\"container\" data-settings=\"{&quot;jet_parallax_layout_list&quot;:[]}\">\n\t\t\t\t\t<div class=\"e-con-inner\">\n\t\t\t\t<div class=\"elementor-element elementor-element-0efd545 elementor-widget__width-initial elementor-widget elementor-widget-text-editor\" data-id=\"0efd545\" data-element_type=\"widget\" data-e-type=\"widget\" data-widget_type=\"text-editor.default\">\n\t\t\t\t<div class=\"elementor-widget-container\">\n\t\t\t\t\t\t\t\t\t<p>Descubra la gama completa de componentes de distribuci\u00f3n de aire de MBC Marine, dise\u00f1ados para ofrecer un rendimiento fiable, una instalaci\u00f3n sencilla y una gran durabilidad en cualquier entorno marino.<\/p>\t\t\t\t\t\t\t\t<\/div>\n\t\t\t\t<\/div>\n\t\t\t\t\t<\/div>\n\t\t\t\t<\/div>\n\t\t\t\t<\/div>","protected":false},"excerpt":{"rendered":"<p>Air Distribution &#8211; Efficient Airflow Starts Here! AIR DIVIDERS PLENUM BOXES FOR AIR GRILLS AIR REDUCERS AIR DUCTS Discover MBC Marine\u2019s complete range of air distribution components\u2014designed for reliable performance, easy installation, and long-lasting durability in any marine environment.<\/p>","protected":false},"author":1,"featured_media":0,"parent":0,"menu_order":0,"comment_status":"closed","ping_status":"closed","template":"","meta":{"_acf_changed":false,"footnotes":""},"class_list":["post-4972","page","type-page","status-publish","hentry"],"acf":[],"yoast_head":"<!-- This site is optimized with the Yoast SEO Premium plugin v27.3 (Yoast SEO v27.3) - https:\/\/yoast.com\/product\/yoast-seo-premium-wordpress\/ -->\n<title>AIR DISTRIBUTION - MBC Marine<\/title>\n<meta name=\"description\" content=\"Discover MBC Marine\u2019s complete range of air distribution components\u2014designed for reliable performance, easy installation, and long-lasting durability in any marine environment.\" \/>\n<meta name=\"robots\" content=\"index, follow, max-snippet:-1, max-image-preview:large, max-video-preview:-1\" \/>\n<link rel=\"canonical\" href=\"https:\/\/mbc-marine.com\/es\/distribucion-del-aire\/\" \/>\n<meta property=\"og:locale\" content=\"es_ES\" \/>\n<meta property=\"og:type\" content=\"article\" \/>\n<meta property=\"og:title\" content=\"AIR DISTRIBUTION\" \/>\n<meta property=\"og:description\" content=\"Discover MBC Marine\u2019s complete range of air distribution components\u2014designed for reliable performance, easy installation, and long-lasting durability in any marine environment.\" \/>\n<meta property=\"og:url\" content=\"https:\/\/mbc-marine.com\/es\/distribucion-del-aire\/\" \/>\n<meta property=\"og:site_name\" content=\"MBC Marine\" \/>\n<meta property=\"article:modified_time\" content=\"2025-09-16T12:21:59+00:00\" \/>\n<meta property=\"og:image\" content=\"https:\/\/mbc-marine.com\/wp-content\/uploads\/2024\/08\/air-divider-t-1.png?wsr\" \/>\n\t<meta property=\"og:image:width\" content=\"584\" \/>\n\t<meta property=\"og:image:height\" content=\"400\" \/>\n\t<meta property=\"og:image:type\" content=\"image\/png\" \/>\n<meta name=\"twitter:card\" content=\"summary_large_image\" \/>\n<meta name=\"twitter:label1\" content=\"Tiempo de lectura\" \/>\n\t<meta name=\"twitter:data1\" content=\"1 minuto\" \/>\n<script type=\"application\/ld+json\" class=\"yoast-schema-graph\">{\"@context\":\"https:\\\/\\\/schema.org\",\"@graph\":[{\"@type\":\"WebPage\",\"@id\":\"https:\\\/\\\/mbc-marine.com\\\/air-distribution\\\/\",\"url\":\"https:\\\/\\\/mbc-marine.com\\\/air-distribution\\\/\",\"name\":\"AIR DISTRIBUTION - MBC Marine\",\"isPartOf\":{\"@id\":\"https:\\\/\\\/mbc-marine.com\\\/#website\"},\"primaryImageOfPage\":{\"@id\":\"https:\\\/\\\/mbc-marine.com\\\/air-distribution\\\/#primaryimage\"},\"image\":{\"@id\":\"https:\\\/\\\/mbc-marine.com\\\/air-distribution\\\/#primaryimage\"},\"thumbnailUrl\":\"https:\\\/\\\/mbc-marine.com\\\/wp-content\\\/uploads\\\/2024\\\/08\\\/air-divider-t-1.png\",\"datePublished\":\"2025-07-08T19:22:41+00:00\",\"dateModified\":\"2025-09-16T12:21:59+00:00\",\"description\":\"Discover MBC Marine\u2019s complete range of air distribution components\u2014designed for reliable performance, easy installation, and long-lasting durability in any marine environment.\",\"breadcrumb\":{\"@id\":\"https:\\\/\\\/mbc-marine.com\\\/air-distribution\\\/#breadcrumb\"},\"inLanguage\":\"es\",\"potentialAction\":[{\"@type\":\"ReadAction\",\"target\":[\"https:\\\/\\\/mbc-marine.com\\\/air-distribution\\\/\"]}]},{\"@type\":\"ImageObject\",\"inLanguage\":\"es\",\"@id\":\"https:\\\/\\\/mbc-marine.com\\\/air-distribution\\\/#primaryimage\",\"url\":\"https:\\\/\\\/mbc-marine.com\\\/wp-content\\\/uploads\\\/2024\\\/08\\\/air-divider-t-1.png\",\"contentUrl\":\"https:\\\/\\\/mbc-marine.com\\\/wp-content\\\/uploads\\\/2024\\\/08\\\/air-divider-t-1.png\"},{\"@type\":\"BreadcrumbList\",\"@id\":\"https:\\\/\\\/mbc-marine.com\\\/air-distribution\\\/#breadcrumb\",\"itemListElement\":[{\"@type\":\"ListItem\",\"position\":1,\"name\":\"Home\",\"item\":\"https:\\\/\\\/mbc-marine.com\\\/\"},{\"@type\":\"ListItem\",\"position\":2,\"name\":\"AIR DISTRIBUTION\"}]},{\"@type\":\"WebSite\",\"@id\":\"https:\\\/\\\/mbc-marine.com\\\/#website\",\"url\":\"https:\\\/\\\/mbc-marine.com\\\/\",\"name\":\"MBC Marine\",\"description\":\"\",\"potentialAction\":[{\"@type\":\"SearchAction\",\"target\":{\"@type\":\"EntryPoint\",\"urlTemplate\":\"https:\\\/\\\/mbc-marine.com\\\/?s={search_term_string}\"},\"query-input\":{\"@type\":\"PropertyValueSpecification\",\"valueRequired\":true,\"valueName\":\"search_term_string\"}}],\"inLanguage\":\"es\"}]}<\/script>\n<!-- \/ Yoast SEO Premium plugin. -->","yoast_head_json":{"title":"DISTRIBUCI\u00d3N DE AIRE - MBC Marine","description":"Descubra la gama completa de componentes de distribuci\u00f3n de aire de MBC Marine, dise\u00f1ados para ofrecer un rendimiento fiable, una instalaci\u00f3n sencilla y una gran durabilidad en cualquier entorno marino.","robots":{"index":"index","follow":"follow","max-snippet":"max-snippet:-1","max-image-preview":"max-image-preview:large","max-video-preview":"max-video-preview:-1"},"canonical":"https:\/\/mbc-marine.com\/es\/distribucion-del-aire\/","og_locale":"es_ES","og_type":"article","og_title":"AIR DISTRIBUTION","og_description":"Discover MBC Marine\u2019s complete range of air distribution components\u2014designed for reliable performance, easy installation, and long-lasting durability in any marine environment.","og_url":"https:\/\/mbc-marine.com\/es\/distribucion-del-aire\/","og_site_name":"MBC Marine","article_modified_time":"2025-09-16T12:21:59+00:00","og_image":[{"width":584,"height":400,"url":"https:\/\/mbc-marine.com\/wp-content\/uploads\/2024\/08\/air-divider-t-1.png?wsr","type":"image\/png"}],"twitter_card":"summary_large_image","twitter_misc":{"Tiempo de lectura":"1 minuto"},"schema":{"@context":"https:\/\/schema.org","@graph":[{"@type":"WebPage","@id":"https:\/\/mbc-marine.com\/air-distribution\/","url":"https:\/\/mbc-marine.com\/air-distribution\/","name":"DISTRIBUCI\u00d3N DE AIRE - MBC Marine","isPartOf":{"@id":"https:\/\/mbc-marine.com\/#website"},"primaryImageOfPage":{"@id":"https:\/\/mbc-marine.com\/air-distribution\/#primaryimage"},"image":{"@id":"https:\/\/mbc-marine.com\/air-distribution\/#primaryimage"},"thumbnailUrl":"https:\/\/mbc-marine.com\/wp-content\/uploads\/2024\/08\/air-divider-t-1.png","datePublished":"2025-07-08T19:22:41+00:00","dateModified":"2025-09-16T12:21:59+00:00","description":"Descubra la gama completa de componentes de distribuci\u00f3n de aire de MBC Marine, dise\u00f1ados para ofrecer un rendimiento fiable, una instalaci\u00f3n sencilla y una gran durabilidad en cualquier entorno marino.","breadcrumb":{"@id":"https:\/\/mbc-marine.com\/air-distribution\/#breadcrumb"},"inLanguage":"es","potentialAction":[{"@type":"ReadAction","target":["https:\/\/mbc-marine.com\/air-distribution\/"]}]},{"@type":"ImageObject","inLanguage":"es","@id":"https:\/\/mbc-marine.com\/air-distribution\/#primaryimage","url":"https:\/\/mbc-marine.com\/wp-content\/uploads\/2024\/08\/air-divider-t-1.png","contentUrl":"https:\/\/mbc-marine.com\/wp-content\/uploads\/2024\/08\/air-divider-t-1.png"},{"@type":"BreadcrumbList","@id":"https:\/\/mbc-marine.com\/air-distribution\/#breadcrumb","itemListElement":[{"@type":"ListItem","position":1,"name":"Home","item":"https:\/\/mbc-marine.com\/"},{"@type":"ListItem","position":2,"name":"AIR DISTRIBUTION"}]},{"@type":"WebSite","@id":"https:\/\/mbc-marine.com\/#website","url":"https:\/\/mbc-marine.com\/","name":"MBC Marino","description":"","potentialAction":[{"@type":"SearchAction","target":{"@type":"EntryPoint","urlTemplate":"https:\/\/mbc-marine.com\/?s={search_term_string}"},"query-input":{"@type":"PropertyValueSpecification","valueRequired":true,"valueName":"search_term_string"}}],"inLanguage":"es"}]}},"_links":{"self":[{"href":"https:\/\/mbc-marine.com\/es\/wp-json\/wp\/v2\/pages\/4972","targetHints":{"allow":["GET"]}}],"collection":[{"href":"https:\/\/mbc-marine.com\/es\/wp-json\/wp\/v2\/pages"}],"about":[{"href":"https:\/\/mbc-marine.com\/es\/wp-json\/wp\/v2\/types\/page"}],"author":[{"embeddable":true,"href":"https:\/\/mbc-marine.com\/es\/wp-json\/wp\/v2\/users\/1"}],"replies":[{"embeddable":true,"href":"https:\/\/mbc-marine.com\/es\/wp-json\/wp\/v2\/comments?post=4972"}],"version-history":[{"count":3,"href":"https:\/\/mbc-marine.com\/es\/wp-json\/wp\/v2\/pages\/4972\/revisions"}],"predecessor-version":[{"id":7154,"href":"https:\/\/mbc-marine.com\/es\/wp-json\/wp\/v2\/pages\/4972\/revisions\/7154"}],"wp:attachment":[{"href":"https:\/\/mbc-marine.com\/es\/wp-json\/wp\/v2\/media?parent=4972"}],"curies":[{"name":"wp","href":"https:\/\/api.w.org\/{rel}","templated":true}]}}