{"id":5205,"date":"2025-07-23T14:11:01","date_gmt":"2025-07-23T12:11:01","guid":{"rendered":"https:\/\/mbc-marine.com\/?page_id=5205"},"modified":"2026-01-25T13:48:54","modified_gmt":"2026-01-25T12:48:54","slug":"exposiciones","status":"publish","type":"page","link":"https:\/\/mbc-marine.com\/es\/exhibitions\/","title":{"rendered":"Exposiciones"},"content":{"rendered":"<div data-elementor-type=\"wp-page\" data-elementor-id=\"5205\" class=\"elementor elementor-5205\" data-elementor-post-type=\"page\">\n\t\t\t\t<div class=\"elementor-element elementor-element-5cc200fd e-con-full e-flex e-con e-parent\" data-id=\"5cc200fd\" data-element_type=\"container\" data-e-type=\"container\" data-settings=\"{&quot;background_background&quot;:&quot;classic&quot;,&quot;jet_parallax_layout_list&quot;:[]}\">\n\t\t<div class=\"elementor-element elementor-element-17c3a0ae e-con-full e-flex e-con e-child\" data-id=\"17c3a0ae\" data-element_type=\"container\" data-e-type=\"container\" data-settings=\"{&quot;jet_parallax_layout_list&quot;:[]}\">\n\t\t\t\t<div class=\"elementor-element elementor-element-716502ee elementor-widget elementor-widget-text-editor\" data-id=\"716502ee\" data-element_type=\"widget\" data-e-type=\"widget\" data-widget_type=\"text-editor.default\">\n\t\t\t\t<div class=\"elementor-widget-container\">\n\t\t\t\t\t\t\t\t\t<h3 data-start=\"130\" data-end=\"166\">Exposiciones: \u00a1Ven a conocernos en persona!<\/h3><p data-start=\"168\" data-end=\"517\">MBC Marine asiste regularmente a las principales ferias n\u00e1uticas y mar\u00edtimas del mundo para presentar nuestros \u00faltimos sistemas de aire acondicionado, innovaciones de productos y soluciones t\u00e9cnicas. Estos eventos ofrecen una gran oportunidad para que nuestros socios, clientes y visitantes nos conozcan en persona, nos hagan preguntas y experimenten de cerca el rendimiento de nuestros sistemas.<\/p><p data-start=\"519\" data-end=\"597\">\u00a1Echa un vistazo a d\u00f3nde puedes encontrarnos pr\u00f3ximamente y \u00fanete a nosotros en uno de los pr\u00f3ximos espect\u00e1culos!<\/p>\t\t\t\t\t\t\t\t<\/div>\n\t\t\t\t<\/div>\n\t\t<div class=\"elementor-element elementor-element-1d639b3 e-con-full e-flex e-con e-child\" data-id=\"1d639b3\" data-element_type=\"container\" data-e-type=\"container\" data-settings=\"{&quot;jet_parallax_layout_list&quot;:[]}\">\n\t\t\t\t<\/div>\n\t\t\t\t<\/div>\n\t\t\t\t<\/div>\n\t\t<div class=\"elementor-element elementor-element-462dde1 e-flex e-con-boxed e-con e-parent\" data-id=\"462dde1\" data-element_type=\"container\" data-e-type=\"container\" data-settings=\"{&quot;jet_parallax_layout_list&quot;:[]}\">\n\t\t\t\t\t<div class=\"e-con-inner\">\n\t\t<div class=\"elementor-element elementor-element-80f7f79 e-con-full e-flex e-con e-child\" data-id=\"80f7f79\" data-element_type=\"container\" data-e-type=\"container\" data-settings=\"{&quot;jet_parallax_layout_list&quot;:[]}\">\n\t\t\t\t<div class=\"elementor-element elementor-element-02d0e60 elementor-widget__width-initial elementor-position-top elementor-widget elementor-widget-image-box\" data-id=\"02d0e60\" data-element_type=\"widget\" data-e-type=\"widget\" data-widget_type=\"image-box.default\">\n\t\t\t\t<div class=\"elementor-widget-container\">\n\t\t\t\t\t<div class=\"elementor-image-box-wrapper\"><figure class=\"elementor-image-box-img\"><!--trp-no-translate--><!--trp-no-translate--><img fetchpriority=\"high\" decoding=\"async\" width=\"201\" height=\"251\" src=\"https:\/\/mbc-marine.com\/wp-content\/uploads\/2026\/01\/images.jpeg?wsr\" class=\"attachment-medium size-medium wp-image-7799\" alt=\"\" srcset=\"https:\/\/mbc-marine.com\/wp-content\/uploads\/2026\/01\/images.jpeg 201w, https:\/\/mbc-marine.com\/wp-content\/uploads\/2026\/01\/images-10x12.jpeg 10w\" sizes=\"(max-width: 201px) 100vw, 201px\" data-no-translation=\"\" \/><!--/trp-no-translate--><!--\/trp-no-translate--><\/figure><div class=\"elementor-image-box-content\"><h3 class=\"elementor-image-box-title\">Festival N\u00e1utico de Cannes <span style=\"white-space: normal;, Arial, sans-serif;text-align: left\">8 - 13 sept. 2026<\/span><br><\/h3><p class=\"elementor-image-box-description\">Acomp\u00e1\u00f1enos en el sal\u00f3n n\u00e1utico m\u00e1s grande de Europa, donde MBC Marine presentar\u00e1 su gama completa de soluciones de aire acondicionado marino de \u00faltima generaci\u00f3n. <\/p><\/div><\/div>\t\t\t\t<\/div>\n\t\t\t\t<\/div>\n\t\t\t\t<\/div>\n\t\t<div class=\"elementor-element elementor-element-b3fda3c e-con-full e-flex e-con e-child\" data-id=\"b3fda3c\" data-element_type=\"container\" data-e-type=\"container\" data-settings=\"{&quot;jet_parallax_layout_list&quot;:[]}\">\n\t\t\t\t<div class=\"elementor-element elementor-element-13a5392 elementor-widget__width-initial elementor-position-top elementor-widget elementor-widget-image-box\" data-id=\"13a5392\" data-element_type=\"widget\" data-e-type=\"widget\" data-widget_type=\"image-box.default\">\n\t\t\t\t<div class=\"elementor-widget-container\">\n\t\t\t\t\t<div class=\"elementor-image-box-wrapper\"><figure class=\"elementor-image-box-img\"><!--trp-no-translate--><!--trp-no-translate--><img decoding=\"async\" width=\"168\" height=\"299\" src=\"https:\/\/mbc-marine.com\/wp-content\/uploads\/2026\/01\/images-2.jpeg?wsr\" class=\"attachment-medium size-medium wp-image-7800\" alt=\"\" srcset=\"https:\/\/mbc-marine.com\/wp-content\/uploads\/2026\/01\/images-2.jpeg 168w, https:\/\/mbc-marine.com\/wp-content\/uploads\/2026\/01\/images-2-7x12.jpeg 7w\" sizes=\"(max-width: 168px) 100vw, 168px\" data-no-translation=\"\" \/><!--/trp-no-translate--><!--\/trp-no-translate--><\/figure><div class=\"elementor-image-box-content\"><h3 class=\"elementor-image-box-title\">Sal\u00f3n N\u00e1utico <span style=\"white-space: normal;, Arial, sans-serif;text-align: left\">8 - 6 oct. 2026 <\/span><\/h3><p class=\"elementor-image-box-description\">MBC Marine estar\u00e1 presente en el Salone Nautico di Genova, mostrando nuestras soluciones de aire acondicionado marino al p\u00fablico internacional de la industria n\u00e1utica y de yates.<\/p><\/div><\/div>\t\t\t\t<\/div>\n\t\t\t\t<\/div>\n\t\t\t\t<\/div>\n\t\t\t\t\t<\/div>\n\t\t\t\t<\/div>\n\t\t<div class=\"elementor-element elementor-element-8f6178e e-flex e-con-boxed e-con e-parent\" data-id=\"8f6178e\" data-element_type=\"container\" data-e-type=\"container\" data-settings=\"{&quot;jet_parallax_layout_list&quot;:[]}\">\n\t\t\t\t\t<div class=\"e-con-inner\">\n\t\t\t\t<div class=\"elementor-element elementor-element-07484e4 elementor-widget elementor-widget-spacer\" data-id=\"07484e4\" data-element_type=\"widget\" data-e-type=\"widget\" data-widget_type=\"spacer.default\">\n\t\t\t\t<div class=\"elementor-widget-container\">\n\t\t\t\t\t\t\t<div class=\"elementor-spacer\">\n\t\t\t<div class=\"elementor-spacer-inner\"><\/div>\n\t\t<\/div>\n\t\t\t\t\t\t<\/div>\n\t\t\t\t<\/div>\n\t\t\t\t\t<\/div>\n\t\t\t\t<\/div>\n\t\t\t\t<\/div>","protected":false},"excerpt":{"rendered":"<p>Exhibitions \u2013 Meet Us in Person! MBC Marine regularly attends the world\u2019s leading marine and boating exhibitions to showcase our latest air conditioning systems, product innovations, and technical solutions. These events offer a great opportunity for our partners, clients, and visitors to meet us face-to-face, ask questions, and experience the performance of our systems up [&hellip;]<\/p>\n","protected":false},"author":1,"featured_media":0,"parent":0,"menu_order":0,"comment_status":"closed","ping_status":"closed","template":"","meta":{"_acf_changed":false,"footnotes":""},"class_list":["post-5205","page","type-page","status-publish","hentry"],"acf":[],"yoast_head":"<!-- This site is optimized with the Yoast SEO Premium plugin v27.4 (Yoast SEO v27.4) - https:\/\/yoast.com\/product\/yoast-seo-premium-wordpress\/ -->\n<title>Exhibitions - MBC Marine<\/title>\n<meta name=\"description\" content=\"Exhibitions \u2013 Meet Us in Person!MBC Marine regularly attends the world\u2019s leading marine and boating exhibitions to showcase our latest air conditioning systems, product innovations, and technical solutions. These events offer a great opportunity for our partners, clients, and visitors to meet us face-to-face, ask questions, and experience the performance of our systems up close.\" \/>\n<meta name=\"robots\" content=\"index, follow, max-snippet:-1, max-image-preview:large, max-video-preview:-1\" \/>\n<link rel=\"canonical\" href=\"https:\/\/mbc-marine.com\/es\/exposiciones\/\" \/>\n<meta property=\"og:locale\" content=\"es_ES\" \/>\n<meta property=\"og:type\" content=\"article\" \/>\n<meta property=\"og:title\" content=\"Exhibitions\" \/>\n<meta property=\"og:description\" content=\"Exhibitions \u2013 Meet Us in Person!MBC Marine regularly attends the world\u2019s leading marine and boating exhibitions to showcase our latest air conditioning systems, product innovations, and technical solutions. These events offer a great opportunity for our partners, clients, and visitors to meet us face-to-face, ask questions, and experience the performance of our systems up close.\" \/>\n<meta property=\"og:url\" content=\"https:\/\/mbc-marine.com\/es\/exposiciones\/\" \/>\n<meta property=\"og:site_name\" content=\"MBC Marine\" \/>\n<meta property=\"article:modified_time\" content=\"2026-01-25T12:48:54+00:00\" \/>\n<meta property=\"og:image\" content=\"https:\/\/mbc-marine.com\/wp-content\/uploads\/2026\/01\/images.jpeg?wsr\" \/>\n\t<meta property=\"og:image:width\" content=\"201\" \/>\n\t<meta property=\"og:image:height\" content=\"251\" \/>\n\t<meta property=\"og:image:type\" content=\"image\/jpeg\" \/>\n<meta name=\"twitter:card\" content=\"summary_large_image\" \/>\n<meta name=\"twitter:label1\" content=\"Tiempo de lectura\" \/>\n\t<meta name=\"twitter:data1\" content=\"1 minuto\" \/>\n<script type=\"application\/ld+json\" class=\"yoast-schema-graph\">{\"@context\":\"https:\\\/\\\/schema.org\",\"@graph\":[{\"@type\":\"WebPage\",\"@id\":\"https:\\\/\\\/mbc-marine.com\\\/exhibitions\\\/\",\"url\":\"https:\\\/\\\/mbc-marine.com\\\/exhibitions\\\/\",\"name\":\"Exhibitions - MBC Marine\",\"isPartOf\":{\"@id\":\"https:\\\/\\\/mbc-marine.com\\\/#website\"},\"primaryImageOfPage\":{\"@id\":\"https:\\\/\\\/mbc-marine.com\\\/exhibitions\\\/#primaryimage\"},\"image\":{\"@id\":\"https:\\\/\\\/mbc-marine.com\\\/exhibitions\\\/#primaryimage\"},\"thumbnailUrl\":\"https:\\\/\\\/mbc-marine.com\\\/wp-content\\\/uploads\\\/2026\\\/01\\\/images.jpeg?wsr\",\"datePublished\":\"2025-07-23T12:11:01+00:00\",\"dateModified\":\"2026-01-25T12:48:54+00:00\",\"description\":\"Exhibitions \u2013 Meet Us in Person!MBC Marine regularly attends the world\u2019s leading marine and boating exhibitions to showcase our latest air conditioning systems, product innovations, and technical solutions. These events offer a great opportunity for our partners, clients, and visitors to meet us face-to-face, ask questions, and experience the performance of our systems up close.\",\"breadcrumb\":{\"@id\":\"https:\\\/\\\/mbc-marine.com\\\/exhibitions\\\/#breadcrumb\"},\"inLanguage\":\"es\",\"potentialAction\":[{\"@type\":\"ReadAction\",\"target\":[\"https:\\\/\\\/mbc-marine.com\\\/exhibitions\\\/\"]}]},{\"@type\":\"ImageObject\",\"inLanguage\":\"es\",\"@id\":\"https:\\\/\\\/mbc-marine.com\\\/exhibitions\\\/#primaryimage\",\"url\":\"https:\\\/\\\/mbc-marine.com\\\/wp-content\\\/uploads\\\/2026\\\/01\\\/images.jpeg?wsr\",\"contentUrl\":\"https:\\\/\\\/mbc-marine.com\\\/wp-content\\\/uploads\\\/2026\\\/01\\\/images.jpeg?wsr\"},{\"@type\":\"BreadcrumbList\",\"@id\":\"https:\\\/\\\/mbc-marine.com\\\/exhibitions\\\/#breadcrumb\",\"itemListElement\":[{\"@type\":\"ListItem\",\"position\":1,\"name\":\"Home\",\"item\":\"https:\\\/\\\/mbc-marine.com\\\/\"},{\"@type\":\"ListItem\",\"position\":2,\"name\":\"Exhibitions\"}]},{\"@type\":\"WebSite\",\"@id\":\"https:\\\/\\\/mbc-marine.com\\\/#website\",\"url\":\"https:\\\/\\\/mbc-marine.com\\\/\",\"name\":\"MBC Marine\",\"description\":\"\",\"potentialAction\":[{\"@type\":\"SearchAction\",\"target\":{\"@type\":\"EntryPoint\",\"urlTemplate\":\"https:\\\/\\\/mbc-marine.com\\\/?s={search_term_string}\"},\"query-input\":{\"@type\":\"PropertyValueSpecification\",\"valueRequired\":true,\"valueName\":\"search_term_string\"}}],\"inLanguage\":\"es\"}]}<\/script>\n<!-- \/ Yoast SEO Premium plugin. -->","yoast_head_json":{"title":"Exposiciones - MBC Marine","description":"Exposiciones: \u00a1con\u00f3zcanos en persona! MBC Marine asiste regularmente a las principales exposiciones n\u00e1uticas y mar\u00edtimas del mundo para presentar nuestros \u00faltimos sistemas de aire acondicionado, innovaciones de productos y soluciones t\u00e9cnicas. Estos eventos ofrecen una gran oportunidad para que nuestros socios, clientes y visitantes nos conozcan en persona, nos hagan preguntas y experimenten de cerca el rendimiento de nuestros sistemas.","robots":{"index":"index","follow":"follow","max-snippet":"max-snippet:-1","max-image-preview":"max-image-preview:large","max-video-preview":"max-video-preview:-1"},"canonical":"https:\/\/mbc-marine.com\/es\/exposiciones\/","og_locale":"es_ES","og_type":"article","og_title":"Exhibitions","og_description":"Exhibitions \u2013 Meet Us in Person!MBC Marine regularly attends the world\u2019s leading marine and boating exhibitions to showcase our latest air conditioning systems, product innovations, and technical solutions. These events offer a great opportunity for our partners, clients, and visitors to meet us face-to-face, ask questions, and experience the performance of our systems up close.","og_url":"https:\/\/mbc-marine.com\/es\/exposiciones\/","og_site_name":"MBC Marine","article_modified_time":"2026-01-25T12:48:54+00:00","og_image":[{"width":201,"height":251,"url":"https:\/\/mbc-marine.com\/wp-content\/uploads\/2026\/01\/images.jpeg?wsr","type":"image\/jpeg"}],"twitter_card":"summary_large_image","twitter_misc":{"Tiempo de lectura":"1 minuto"},"schema":{"@context":"https:\/\/schema.org","@graph":[{"@type":"WebPage","@id":"https:\/\/mbc-marine.com\/exhibitions\/","url":"https:\/\/mbc-marine.com\/exhibitions\/","name":"Exposiciones - MBC Marine","isPartOf":{"@id":"https:\/\/mbc-marine.com\/#website"},"primaryImageOfPage":{"@id":"https:\/\/mbc-marine.com\/exhibitions\/#primaryimage"},"image":{"@id":"https:\/\/mbc-marine.com\/exhibitions\/#primaryimage"},"thumbnailUrl":"https:\/\/mbc-marine.com\/wp-content\/uploads\/2026\/01\/images.jpeg?wsr","datePublished":"2025-07-23T12:11:01+00:00","dateModified":"2026-01-25T12:48:54+00:00","description":"Exposiciones: \u00a1con\u00f3zcanos en persona! MBC Marine asiste regularmente a las principales exposiciones n\u00e1uticas y mar\u00edtimas del mundo para presentar nuestros \u00faltimos sistemas de aire acondicionado, innovaciones de productos y soluciones t\u00e9cnicas. Estos eventos ofrecen una gran oportunidad para que nuestros socios, clientes y visitantes nos conozcan en persona, nos hagan preguntas y experimenten de cerca el rendimiento de nuestros sistemas.","breadcrumb":{"@id":"https:\/\/mbc-marine.com\/exhibitions\/#breadcrumb"},"inLanguage":"es","potentialAction":[{"@type":"ReadAction","target":["https:\/\/mbc-marine.com\/exhibitions\/"]}]},{"@type":"ImageObject","inLanguage":"es","@id":"https:\/\/mbc-marine.com\/exhibitions\/#primaryimage","url":"https:\/\/mbc-marine.com\/wp-content\/uploads\/2026\/01\/images.jpeg?wsr","contentUrl":"https:\/\/mbc-marine.com\/wp-content\/uploads\/2026\/01\/images.jpeg?wsr"},{"@type":"BreadcrumbList","@id":"https:\/\/mbc-marine.com\/exhibitions\/#breadcrumb","itemListElement":[{"@type":"ListItem","position":1,"name":"Home","item":"https:\/\/mbc-marine.com\/"},{"@type":"ListItem","position":2,"name":"Exhibitions"}]},{"@type":"WebSite","@id":"https:\/\/mbc-marine.com\/#website","url":"https:\/\/mbc-marine.com\/","name":"MBC Marino","description":"","potentialAction":[{"@type":"SearchAction","target":{"@type":"EntryPoint","urlTemplate":"https:\/\/mbc-marine.com\/?s={search_term_string}"},"query-input":{"@type":"PropertyValueSpecification","valueRequired":true,"valueName":"search_term_string"}}],"inLanguage":"es"}]}},"_links":{"self":[{"href":"https:\/\/mbc-marine.com\/es\/wp-json\/wp\/v2\/pages\/5205","targetHints":{"allow":["GET"]}}],"collection":[{"href":"https:\/\/mbc-marine.com\/es\/wp-json\/wp\/v2\/pages"}],"about":[{"href":"https:\/\/mbc-marine.com\/es\/wp-json\/wp\/v2\/types\/page"}],"author":[{"embeddable":true,"href":"https:\/\/mbc-marine.com\/es\/wp-json\/wp\/v2\/users\/1"}],"replies":[{"embeddable":true,"href":"https:\/\/mbc-marine.com\/es\/wp-json\/wp\/v2\/comments?post=5205"}],"version-history":[{"count":18,"href":"https:\/\/mbc-marine.com\/es\/wp-json\/wp\/v2\/pages\/5205\/revisions"}],"predecessor-version":[{"id":7803,"href":"https:\/\/mbc-marine.com\/es\/wp-json\/wp\/v2\/pages\/5205\/revisions\/7803"}],"wp:attachment":[{"href":"https:\/\/mbc-marine.com\/es\/wp-json\/wp\/v2\/media?parent=5205"}],"curies":[{"name":"wp","href":"https:\/\/api.w.org\/{rel}","templated":true}]}}