{"id":7605,"date":"2025-11-03T09:33:38","date_gmt":"2025-11-03T08:33:38","guid":{"rendered":"https:\/\/mbc-marine.com\/cart\/"},"modified":"2025-11-03T09:33:41","modified_gmt":"2025-11-03T08:33:41","slug":"kosar","status":"publish","type":"page","link":"https:\/\/mbc-marine.com\/es\/kosar\/","title":{"rendered":"Cesta"},"content":{"rendered":"<div data-block-name=\"woocommerce\/cart\" class=\"wp-block-woocommerce-cart alignwide is-loading\">\n<div data-block-name=\"woocommerce\/filled-cart-block\" class=\"wp-block-woocommerce-filled-cart-block\">\n<div data-block-name=\"woocommerce\/cart-items-block\" class=\"wp-block-woocommerce-cart-items-block\">\n<div data-block-name=\"woocommerce\/cart-line-items-block\" class=\"wp-block-woocommerce-cart-line-items-block\"><\/div>\n\n\n<\/div>\n\n\n\n\n<div data-block-name=\"woocommerce\/cart-totals-block\" class=\"wp-block-woocommerce-cart-totals-block\">\n<div data-block-name=\"woocommerce\/cart-order-summary-block\" class=\"wp-block-woocommerce-cart-order-summary-block\">\n<div data-block-name=\"woocommerce\/cart-order-summary-heading-block\" class=\"wp-block-woocommerce-cart-order-summary-heading-block\"><\/div><div data-block-name=\"woocommerce\/cart-order-summary-coupon-form-block\" class=\"wp-block-woocommerce-cart-order-summary-coupon-form-block\"><\/div><div data-block-name=\"woocommerce\/cart-order-summary-totals-block\" class=\"wp-block-woocommerce-cart-order-summary-totals-block\">\n<div data-block-name=\"woocommerce\/cart-order-summary-subtotal-block\" class=\"wp-block-woocommerce-cart-order-summary-subtotal-block\"><\/div>\n<div data-block-name=\"woocommerce\/cart-order-summary-discount-block\" class=\"wp-block-woocommerce-cart-order-summary-discount-block\"><\/div>\n<div data-block-name=\"woocommerce\/cart-order-summary-fee-block\" class=\"wp-block-woocommerce-cart-order-summary-fee-block\"><\/div>\n<div data-block-name=\"woocommerce\/cart-order-summary-shipping-block\" class=\"wp-block-woocommerce-cart-order-summary-shipping-block\"><\/div>\n<div data-block-name=\"woocommerce\/cart-order-summary-taxes-block\" class=\"wp-block-woocommerce-cart-order-summary-taxes-block\"><\/div><\/div>\n<\/div>\n\n\n\n<div data-block-name=\"woocommerce\/cart-express-payment-block\" class=\"wp-block-woocommerce-cart-express-payment-block\"><\/div>\n\n\n\n<div data-block-name=\"woocommerce\/proceed-to-checkout-block\" class=\"wp-block-woocommerce-proceed-to-checkout-block\"><\/div>\n\n\n\n<div data-block-name=\"woocommerce\/cart-accepted-payment-methods-block\" class=\"wp-block-woocommerce-cart-accepted-payment-methods-block\"><\/div>\n<\/div>\n<\/div>\n\n\n\n<div data-block-name=\"woocommerce\/empty-cart-block\" class=\"wp-block-woocommerce-empty-cart-block\">\n<h2 class=\"wp-block-heading has-text-align-center with-empty-cart-icon wc-block-cart__empty-cart__title\">\u00a1Tu carrito est\u00e1 vac\u00edo!<\/h2>\n\n\n\n<hr class=\"wp-block-separator has-alpha-channel-opacity is-style-dots\"\/>\n\n\n\n<h2 class=\"wp-block-heading has-text-align-center\">Novedades en la tienda<\/h2>\n\n\n<div data-block-name=\"woocommerce\/product-new\" data-columns=\"4\" data-rows=\"1\" class=\"wc-block-grid wp-block-product-new wp-block-woocommerce-product-new wc-block-product-new has-4-columns\"><ul class=\"wc-block-grid__products\"><li class=\"wc-block-grid__product\">\n\t\t\t\t<a href=\"https:\/\/mbc-marine.com\/es\/product\/scpm-24000-btu-1212\/\" class=\"wc-block-grid__product-link\">\n\t\t\t\t\t\n\t\t\t\t\t<div class=\"wc-block-grid__product-image\"><!--trp-no-translate--><!--trp-no-translate--><img fetchpriority=\"high\" decoding=\"async\" width=\"300\" height=\"225\" src=\"https:\/\/mbc-marine.com\/wp-content\/uploads\/2026\/01\/MBC-77-300x225.jpg?wsr\" class=\"attachment-woocommerce_thumbnail size-woocommerce_thumbnail\" alt=\"SCPM - 1x24000 BTU Compressor + 1x8000 + 1x16000 BTU Evaporator\" data-no-translation=\"\" \/><!--/trp-no-translate--><!--\/trp-no-translate--><\/div>\n\t\t\t\t\t<div class=\"wc-block-grid__product-title\">SCPM - 1\u00d724000 BTU Compresor + 1\u00d78000 + 1\u00d716000 BTU Evaporador<\/div>\n\t\t\t\t<\/a>\n\t\t\t\t<div class=\"wc-block-grid__product-price price\"> <\/div>\n\t\t\t\t\n\t\t\t\t<div class=\"wp-block-button wc-block-grid__product-add-to-cart\"><a href=\"https:\/\/mbc-marine.com\/es\/product\/scpm-24000-btu-1212\/\" aria-label=\"Elige las opciones para \u201cSCPM - 1x24000 BTU Compressor + 1x8000 + 1x16000 BTU Evaporator\u201d\" data-quantity=\"1\" data-product_id=\"7855\" data-product_sku=\"\" data-price=\"0\" rel=\"nofollow\" class=\"wp-block-button__link  add_to_cart_button\" data-no-translation=\"\" data-trp-gettext=\"\" data-no-translation-aria-label=\"\">Leer m\u00e1s<\/a><\/div>\n\t\t\t<\/li><li class=\"wc-block-grid__product\">\n\t\t\t\t<a href=\"https:\/\/mbc-marine.com\/es\/product\/scpm-24000\/\" class=\"wc-block-grid__product-link\">\n\t\t\t\t\t\n\t\t\t\t\t<div class=\"wc-block-grid__product-image\"><!--trp-no-translate--><!--trp-no-translate--><img decoding=\"async\" width=\"300\" height=\"225\" src=\"https:\/\/mbc-marine.com\/wp-content\/uploads\/2026\/01\/MBC-77-300x225.jpg?wsr\" class=\"attachment-woocommerce_thumbnail size-woocommerce_thumbnail\" alt=\"SCPM - 1x 24000 BTU Compressor + 2x 12000 BTU Evaporator\" data-no-translation=\"\" \/><!--/trp-no-translate--><!--\/trp-no-translate--><\/div>\n\t\t\t\t\t<div class=\"wc-block-grid__product-title\">SCPM - 1x Compresor de 24000 BTU + 2x Evaporador de 12000 BTU<\/div>\n\t\t\t\t<\/a>\n\t\t\t\t<div class=\"wc-block-grid__product-price price\"> <\/div>\n\t\t\t\t\n\t\t\t\t<div class=\"wp-block-button wc-block-grid__product-add-to-cart\"><a href=\"https:\/\/mbc-marine.com\/es\/product\/scpm-24000\/\" aria-label=\"Elige las opciones para \u201cSCPM - 1x 24000 BTU Compressor + 2x 12000 BTU Evaporator\u201d\" data-quantity=\"1\" data-product_id=\"7749\" data-product_sku=\"\" data-price=\"0\" rel=\"nofollow\" class=\"wp-block-button__link  add_to_cart_button\" data-no-translation=\"\" data-trp-gettext=\"\" data-no-translation-aria-label=\"\">Leer m\u00e1s<\/a><\/div>\n\t\t\t<\/li><li class=\"wc-block-grid__product\">\n\t\t\t\t<a href=\"https:\/\/mbc-marine.com\/es\/product\/scpm-16000\/\" class=\"wc-block-grid__product-link\">\n\t\t\t\t\t\n\t\t\t\t\t<div class=\"wc-block-grid__product-image\"><!--trp-no-translate--><!--trp-no-translate--><img decoding=\"async\" width=\"300\" height=\"225\" src=\"https:\/\/mbc-marine.com\/wp-content\/uploads\/2026\/01\/MBC-74-300x225.jpg?wsr\" class=\"attachment-woocommerce_thumbnail size-woocommerce_thumbnail\" alt=\"SCPM - 1x 16000 BTU Compressor + 2x 8000 BTU Evaporator\" data-no-translation=\"\" \/><!--/trp-no-translate--><!--\/trp-no-translate--><\/div>\n\t\t\t\t\t<div class=\"wc-block-grid__product-title\">SCPM - 1x Compresor de 16000 BTU + 2x Evaporador de 8000 BTU<\/div>\n\t\t\t\t<\/a>\n\t\t\t\t<div class=\"wc-block-grid__product-price price\"> <\/div>\n\t\t\t\t\n\t\t\t\t<div class=\"wp-block-button wc-block-grid__product-add-to-cart\"><a href=\"https:\/\/mbc-marine.com\/es\/product\/scpm-16000\/\" aria-label=\"Elige las opciones para \u201cSCPM - 1x 16000 BTU Compressor + 2x 8000 BTU Evaporator\u201d\" data-quantity=\"1\" data-product_id=\"7723\" data-product_sku=\"\" data-price=\"0\" rel=\"nofollow\" class=\"wp-block-button__link  add_to_cart_button\" data-no-translation=\"\" data-trp-gettext=\"\" data-no-translation-aria-label=\"\">Leer m\u00e1s<\/a><\/div>\n\t\t\t<\/li><li class=\"wc-block-grid__product\">\n\t\t\t\t<a href=\"https:\/\/mbc-marine.com\/es\/product\/cfp08-horizontal-fan-coil-unit-for-chiller-systems-copy\/\" class=\"wc-block-grid__product-link\">\n\t\t\t\t\t\n\t\t\t\t\t<div class=\"wc-block-grid__product-image\"><!--trp-no-translate--><!--trp-no-translate--><img loading=\"lazy\" decoding=\"async\" width=\"300\" height=\"225\" src=\"https:\/\/mbc-marine.com\/wp-content\/uploads\/2025\/10\/ChatGPT-Image-2025.-okt.-20.-16_14_51-2-300x225.png?wsr\" class=\"attachment-woocommerce_thumbnail size-woocommerce_thumbnail\" alt=\"CFP08 - Horizontal Fan Coil Unit for Chiller Systems\" data-no-translation=\"\" \/><!--/trp-no-translate--><!--\/trp-no-translate--><\/div>\n\t\t\t\t\t<div class=\"wc-block-grid__product-title\">CFP08 \u2013 Unidad fan coil horizontal para sistemas de refrigeraci\u00f3n<\/div>\n\t\t\t\t<\/a>\n\t\t\t\t<div class=\"wc-block-grid__product-price price\"> <\/div>\n\t\t\t\t\n\t\t\t\t<div class=\"wp-block-button wc-block-grid__product-add-to-cart\"><a href=\"https:\/\/mbc-marine.com\/es\/product\/cfp08-horizontal-fan-coil-unit-for-chiller-systems-copy\/\" aria-label=\"Elige las opciones para \u201cCFP08 - Horizontal Fan Coil Unit for Chiller Systems\u201d\" data-quantity=\"1\" data-product_id=\"7465\" data-product_sku=\"\" data-price=\"810\" rel=\"nofollow\" class=\"wp-block-button__link  add_to_cart_button\" data-no-translation=\"\" data-trp-gettext=\"\" data-no-translation-aria-label=\"\">Seleccionar opciones<\/a><\/div>\n\t\t\t<\/li><\/ul><\/div><\/div>\n<\/div>","protected":false},"excerpt":{"rendered":"","protected":false},"author":1,"featured_media":0,"parent":0,"menu_order":0,"comment_status":"closed","ping_status":"closed","template":"","meta":{"_acf_changed":false,"footnotes":""},"class_list":["post-7605","page","type-page","status-publish","hentry"],"acf":[],"yoast_head":"<!-- This site is optimized with the Yoast SEO Premium plugin v27.3 (Yoast SEO v27.4) - https:\/\/yoast.com\/product\/yoast-seo-premium-wordpress\/ -->\n<title>Kos\u00e1r - MBC Marine<\/title>\n<meta name=\"robots\" content=\"index, follow, max-snippet:-1, max-image-preview:large, max-video-preview:-1\" \/>\n<link rel=\"canonical\" href=\"https:\/\/mbc-marine.com\/es\/hu\/kosar\/\" \/>\n<meta property=\"og:locale\" content=\"es_ES\" \/>\n<meta property=\"og:type\" content=\"article\" \/>\n<meta property=\"og:title\" content=\"Kos\u00e1r\" \/>\n<meta property=\"og:url\" content=\"https:\/\/mbc-marine.com\/es\/hu\/kosar\/\" \/>\n<meta property=\"og:site_name\" content=\"MBC Marine\" \/>\n<meta property=\"article:modified_time\" content=\"2025-11-03T08:33:41+00:00\" \/>\n<meta name=\"twitter:card\" content=\"summary_large_image\" \/>\n<script type=\"application\/ld+json\" class=\"yoast-schema-graph\">{\"@context\":\"https:\\\/\\\/schema.org\",\"@graph\":[{\"@type\":\"WebPage\",\"@id\":\"https:\\\/\\\/mbc-marine.com\\\/hu\\\/kosar\\\/\",\"url\":\"https:\\\/\\\/mbc-marine.com\\\/hu\\\/kosar\\\/\",\"name\":\"Kos\u00e1r - MBC Marine\",\"isPartOf\":{\"@id\":\"https:\\\/\\\/mbc-marine.com\\\/#website\"},\"datePublished\":\"2025-11-03T08:33:38+00:00\",\"dateModified\":\"2025-11-03T08:33:41+00:00\",\"breadcrumb\":{\"@id\":\"https:\\\/\\\/mbc-marine.com\\\/hu\\\/kosar\\\/#breadcrumb\"},\"inLanguage\":\"es\",\"potentialAction\":[{\"@type\":\"ReadAction\",\"target\":[\"https:\\\/\\\/mbc-marine.com\\\/hu\\\/kosar\\\/\"]}]},{\"@type\":\"BreadcrumbList\",\"@id\":\"https:\\\/\\\/mbc-marine.com\\\/hu\\\/kosar\\\/#breadcrumb\",\"itemListElement\":[{\"@type\":\"ListItem\",\"position\":1,\"name\":\"Home\",\"item\":\"https:\\\/\\\/mbc-marine.com\\\/\"},{\"@type\":\"ListItem\",\"position\":2,\"name\":\"Kos\u00e1r\"}]},{\"@type\":\"WebSite\",\"@id\":\"https:\\\/\\\/mbc-marine.com\\\/#website\",\"url\":\"https:\\\/\\\/mbc-marine.com\\\/\",\"name\":\"MBC Marine\",\"description\":\"\",\"potentialAction\":[{\"@type\":\"SearchAction\",\"target\":{\"@type\":\"EntryPoint\",\"urlTemplate\":\"https:\\\/\\\/mbc-marine.com\\\/?s={search_term_string}\"},\"query-input\":{\"@type\":\"PropertyValueSpecification\",\"valueRequired\":true,\"valueName\":\"search_term_string\"}}],\"inLanguage\":\"es\"}]}<\/script>\n<!-- \/ Yoast SEO Premium plugin. -->","yoast_head_json":{"title":"Cesta - MBC Marine","robots":{"index":"index","follow":"follow","max-snippet":"max-snippet:-1","max-image-preview":"max-image-preview:large","max-video-preview":"max-video-preview:-1"},"canonical":"https:\/\/mbc-marine.com\/es\/hu\/kosar\/","og_locale":"es_ES","og_type":"article","og_title":"Kos\u00e1r","og_url":"https:\/\/mbc-marine.com\/es\/hu\/kosar\/","og_site_name":"MBC Marine","article_modified_time":"2025-11-03T08:33:41+00:00","twitter_card":"summary_large_image","schema":{"@context":"https:\/\/schema.org","@graph":[{"@type":"WebPage","@id":"https:\/\/mbc-marine.com\/hu\/kosar\/","url":"https:\/\/mbc-marine.com\/hu\/kosar\/","name":"Cesta - MBC Marine","isPartOf":{"@id":"https:\/\/mbc-marine.com\/#website"},"datePublished":"2025-11-03T08:33:38+00:00","dateModified":"2025-11-03T08:33:41+00:00","breadcrumb":{"@id":"https:\/\/mbc-marine.com\/hu\/kosar\/#breadcrumb"},"inLanguage":"es","potentialAction":[{"@type":"ReadAction","target":["https:\/\/mbc-marine.com\/hu\/kosar\/"]}]},{"@type":"BreadcrumbList","@id":"https:\/\/mbc-marine.com\/hu\/kosar\/#breadcrumb","itemListElement":[{"@type":"ListItem","position":1,"name":"Home","item":"https:\/\/mbc-marine.com\/"},{"@type":"ListItem","position":2,"name":"Kos\u00e1r"}]},{"@type":"WebSite","@id":"https:\/\/mbc-marine.com\/#website","url":"https:\/\/mbc-marine.com\/","name":"MBC Marino","description":"","potentialAction":[{"@type":"SearchAction","target":{"@type":"EntryPoint","urlTemplate":"https:\/\/mbc-marine.com\/?s={search_term_string}"},"query-input":{"@type":"PropertyValueSpecification","valueRequired":true,"valueName":"search_term_string"}}],"inLanguage":"es"}]}},"_links":{"self":[{"href":"https:\/\/mbc-marine.com\/es\/wp-json\/wp\/v2\/pages\/7605","targetHints":{"allow":["GET"]}}],"collection":[{"href":"https:\/\/mbc-marine.com\/es\/wp-json\/wp\/v2\/pages"}],"about":[{"href":"https:\/\/mbc-marine.com\/es\/wp-json\/wp\/v2\/types\/page"}],"author":[{"embeddable":true,"href":"https:\/\/mbc-marine.com\/es\/wp-json\/wp\/v2\/users\/1"}],"replies":[{"embeddable":true,"href":"https:\/\/mbc-marine.com\/es\/wp-json\/wp\/v2\/comments?post=7605"}],"version-history":[{"count":1,"href":"https:\/\/mbc-marine.com\/es\/wp-json\/wp\/v2\/pages\/7605\/revisions"}],"predecessor-version":[{"id":7606,"href":"https:\/\/mbc-marine.com\/es\/wp-json\/wp\/v2\/pages\/7605\/revisions\/7606"}],"wp:attachment":[{"href":"https:\/\/mbc-marine.com\/es\/wp-json\/wp\/v2\/media?parent=7605"}],"curies":[{"name":"wp","href":"https:\/\/api.w.org\/{rel}","templated":true}]}}