{"id":1160,"date":"2024-08-29T09:26:18","date_gmt":"2024-08-29T07:26:18","guid":{"rendered":"https:\/\/mbc-marine.com\/?post_type=product&#038;p=1160"},"modified":"2026-04-29T19:32:14","modified_gmt":"2026-04-29T17:32:14","slug":"pvc-blanco-redondo","status":"publish","type":"product","link":"https:\/\/mbc-marine.com\/es\/product\/white-pvc-round\/","title":{"rendered":"PVC BLANCO \u201cREDONDO\u201d 100 mm"},"content":{"rendered":"<div class=\"elementor elementor-1131\" data-elementor-type=\"wp-page\" data-elementor-id=\"1131\" data-elementor-post-type=\"page\">\n<section class=\"elementor-section elementor-top-section elementor-element elementor-element-25bcd092 elementor-section-boxed elementor-section-height-default elementor-section-height-default\" data-id=\"25bcd092\" data-element_type=\"section\" data-settings=\"{&quot;jet_parallax_layout_list&quot;:[]}\">\n<div class=\"elementor-container elementor-column-gap-default\">\n<div class=\"elementor-column elementor-col-100 elementor-top-column elementor-element elementor-element-70a8e93a\" data-id=\"70a8e93a\" data-element_type=\"column\">\n<div class=\"elementor-widget-wrap elementor-element-populated\">\n<div class=\"elementor-element elementor-element-6027e25f elementor-widget elementor-widget-text-editor\" data-id=\"6027e25f\" data-element_type=\"widget\" data-widget_type=\"text-editor.default\">\n<div class=\"elementor-widget-container\">\n<div class=\"page\" title=\"P\u00e1gina 10\">\n<div class=\"layoutArea\">\n<div class=\"column\">\n<p><strong>Las rejillas de aire acondicionado marino son importantes por varias razones relacionadas con la eficiencia, la seguridad y la comodidad de los entornos marinos:<\/strong><\/p>\n<h3>Distribuci\u00f3n del flujo de aire<\/h3>\n<p>Las rejillas de aire garantizan una distribuci\u00f3n uniforme del aire acondicionado por toda la embarcaci\u00f3n, evitando puntos calientes y asegurando una temperatura constante.<\/p>\n<p><strong>Refrigeraci\u00f3n\/calefacci\u00f3n eficiente:<\/strong>\u00a0Las rejillas correctamente colocadas y dise\u00f1adas ayudan a enfriar o calentar de manera eficiente al dirigir el aire hacia donde m\u00e1s se necesita.<\/p>\n<h3>Calidad del aire<\/h3>\n<p>Ventilaci\u00f3n: Las rejillas permiten una ventilaci\u00f3n adecuada, lo cual es fundamental para evitar la acumulaci\u00f3n de aire viciado, humedad y contaminantes que pueden afectar la calidad del aire.<\/p>\n<p><strong>Filtraci\u00f3n:\u00a0<\/strong>Muchas rejillas de retorno vienen con filtros que ayudan a atrapar el polvo, los residuos y otros contaminantes, mejorando la calidad general del aire a bordo.<\/p>\n<h3>Comodidad<\/h3>\n<p><strong>Control clim\u00e1tico<\/strong>: Las rejillas de ventilaci\u00f3n eficaces contribuyen a mantener un clima interior agradable, fundamental para el bienestar de los pasajeros y la tripulaci\u00f3n.<\/p>\n<p>Las rejillas de aire acondicionado marino desempe\u00f1an un papel fundamental a la hora de garantizar un funcionamiento eficiente, seguro y c\u00f3modo de los sistemas de aire acondicionado marino a bordo. Contribuyen a una distribuci\u00f3n adecuada del flujo de aire, a mejorar la calidad del aire, a la eficiencia energ\u00e9tica y al confort general en el barco.<\/p>\n<p><strong>Rejillas de suministro de aire para acondicionadores de aire marinos:\u00a0<\/strong>\u00a1Mejora la distribuci\u00f3n del aire en tu barco con nuestras rejillas de suministro de aire de primera calidad!<\/p>\n<p>Dise\u00f1adas para ofrecer durabilidad y complementar cualquier interior, nuestras rejillas de ventilaci\u00f3n garantizan un flujo de aire \u00f3ptimo y una refrigeraci\u00f3n eficiente en toda la embarcaci\u00f3n.<\/p>\n<p>Fabricados con materiales de alta calidad (madera aut\u00e9ntica de teca y roble), son resistentes a la corrosi\u00f3n y proporcionan un rendimiento duradero en el interior de la embarcaci\u00f3n.<\/p>\n<p>Elija nuestras rejillas de suministro de aire para aires acondicionados marinos y disfrute de una calidad y un rendimiento sin igual. Mantenga su embarcaci\u00f3n fresca y confortable con nuestras soluciones de primera l\u00ednea.<\/p>\n<p><strong>Rejillas de retorno de aire del aire acondicionado marino:<\/strong>\u00a0Las rejillas de retorno de aire de los acondicionadores de aire marinos desempe\u00f1an un papel fundamental en la eficacia y eficiencia generales de un sistema HVAC (calefacci\u00f3n, ventilaci\u00f3n y aire acondicionado) marino. A continuaci\u00f3n se exponen varias razones por las que son importantes:<\/p>\n<h3>Regulaci\u00f3n del flujo de aire<\/h3>\n<p><strong>Funcionamiento eficiente<\/strong>: Un flujo de aire adecuado ayuda al sistema de aire acondicionado marino a funcionar de manera eficiente al mantener una tasa de intercambio de aire constante.<\/p>\n<h3>Calidad del aire<\/h3>\n<p><strong>Filtraci\u00f3n de polvo<\/strong>: Nuestras rejillas de aire de retorno vienen con filtros que atrapan el polvo, los residuos y otras part\u00edculas, mejorando la calidad general del aire a bordo.<\/p>\n<p>Las rejillas de retorno de aire MBC Marine son componentes cruciales que mejoran la funcionalidad general de los sistemas HVAC marinos. Garantizan un funcionamiento eficiente, mejoran la calidad del aire y mantienen el confort. Al contribuir al rendimiento \u00f3ptimo del sistema de aire acondicionado, estas rejillas desempe\u00f1an un papel importante en el confort a bordo.<\/p>\n<\/div>\n<\/div>\n<\/div>\n<\/div>\n<\/div>\n<\/div>\n<\/div>\n<\/div>\n<\/section>\n<\/div>","protected":false},"excerpt":{"rendered":"<p>REJILLA DE SUMINISTRO DE AIRE \u201cREDONDA\u201d<br \/>\n100 mm (PSAG-R-100)<\/p>","protected":false},"featured_media":4351,"template":"","meta":{"_acf_changed":false},"product_brand":[],"product_cat":[35,49,52,82],"product_tag":[],"class_list":{"0":"post-1160","1":"product","2":"type-product","3":"status-publish","4":"has-post-thumbnail","6":"product_cat-accessories","7":"product_cat-mbc-marine-air-grills","8":"product_cat-plastic-supply-marine-air-grills","9":"product_cat-supply-air-grills","11":"first","12":"instock","13":"shipping-taxable","14":"product-type-simple"},"acf":[],"_links":{"self":[{"href":"https:\/\/mbc-marine.com\/es\/wp-json\/wp\/v2\/product\/1160","targetHints":{"allow":["GET"]}}],"collection":[{"href":"https:\/\/mbc-marine.com\/es\/wp-json\/wp\/v2\/product"}],"about":[{"href":"https:\/\/mbc-marine.com\/es\/wp-json\/wp\/v2\/types\/product"}],"version-history":[{"count":1,"href":"https:\/\/mbc-marine.com\/es\/wp-json\/wp\/v2\/product\/1160\/revisions"}],"predecessor-version":[{"id":8215,"href":"https:\/\/mbc-marine.com\/es\/wp-json\/wp\/v2\/product\/1160\/revisions\/8215"}],"wp:featuredmedia":[{"embeddable":true,"href":"https:\/\/mbc-marine.com\/es\/wp-json\/wp\/v2\/media\/4351"}],"wp:attachment":[{"href":"https:\/\/mbc-marine.com\/es\/wp-json\/wp\/v2\/media?parent=1160"}],"wp:term":[{"taxonomy":"product_brand","embeddable":true,"href":"https:\/\/mbc-marine.com\/es\/wp-json\/wp\/v2\/product_brand?post=1160"},{"taxonomy":"product_cat","embeddable":true,"href":"https:\/\/mbc-marine.com\/es\/wp-json\/wp\/v2\/product_cat?post=1160"},{"taxonomy":"product_tag","embeddable":true,"href":"https:\/\/mbc-marine.com\/es\/wp-json\/wp\/v2\/product_tag?post=1160"}],"curies":[{"name":"wp","href":"https:\/\/api.w.org\/{rel}","templated":true}]}}