{"id":2397,"date":"2024-10-21T13:44:43","date_gmt":"2024-10-21T11:44:43","guid":{"rendered":"https:\/\/mbc-marine.com\/?post_type=product&#038;p=2397"},"modified":"2026-04-29T17:38:28","modified_gmt":"2026-04-29T15:38:28","slug":"prb-6","status":"publish","type":"product","link":"https:\/\/mbc-marine.com\/es\/product\/prb-6\/","title":{"rendered":"CAJA DE REL\u00c9S DE BOMBA AC-PRB-6 230 V"},"content":{"rendered":"","protected":false},"excerpt":{"rendered":"<p><strong>Caja de rel\u00e9s de bomba de 6 estaciones para un control perfecto de MBC Marine.<\/strong><\/p>\n<p><span style=\"font-size: 15px;\">La caja de rel\u00e9s de bomba de 6 estaciones est\u00e1 dise\u00f1ada para gestionar sin esfuerzo una bomba de agua de mar com\u00fan entre dos o m\u00e1s unidades de aire acondicionado.<\/span><\/p>\n<p><span style=\"font-size: 15px;\">Nuestra placa de rel\u00e9 de bomba (PRP) permite un control perfecto de una bomba de agua de mar com\u00fan entre varias unidades de aire acondicionado.<\/span><\/p>\n<p><span style=\"font-size: 15px;\">Cada unidad cuenta con entradas de activaci\u00f3n de bomba independientes y totalmente aisladas que admiten 230 VCA\/50-60 Hz, lo que garantiza la compatibilidad y la seguridad.<\/span><\/p>\n<p><span style=\"font-size: 15px;\">La fuente de alimentaci\u00f3n y la salida de la bomba tambi\u00e9n est\u00e1n aisladas, y pueden soportar 230 VCA\/50-60 Hz. Alojada en una carcasa met\u00e1lica resistente, la caja de rel\u00e9s garantiza una f\u00e1cil entrada y salida de todos los cables de control, fuentes de alimentaci\u00f3n de la bomba y conexiones de la bomba, lo que proporciona una soluci\u00f3n fiable y eficiente para sus sistemas de aire acondicionado marinos.<\/span><\/p>","protected":false},"featured_media":6188,"template":"","meta":{"_acf_changed":false},"product_brand":[],"product_cat":[35,76],"product_tag":[],"class_list":{"0":"post-2397","1":"product","2":"type-product","3":"status-publish","4":"has-post-thumbnail","6":"product_cat-accessories","7":"product_cat-electrical-accessories","9":"first","10":"instock","11":"shipping-taxable","12":"product-type-simple"},"acf":[],"_links":{"self":[{"href":"https:\/\/mbc-marine.com\/es\/wp-json\/wp\/v2\/product\/2397","targetHints":{"allow":["GET"]}}],"collection":[{"href":"https:\/\/mbc-marine.com\/es\/wp-json\/wp\/v2\/product"}],"about":[{"href":"https:\/\/mbc-marine.com\/es\/wp-json\/wp\/v2\/types\/product"}],"version-history":[{"count":1,"href":"https:\/\/mbc-marine.com\/es\/wp-json\/wp\/v2\/product\/2397\/revisions"}],"predecessor-version":[{"id":8168,"href":"https:\/\/mbc-marine.com\/es\/wp-json\/wp\/v2\/product\/2397\/revisions\/8168"}],"wp:featuredmedia":[{"embeddable":true,"href":"https:\/\/mbc-marine.com\/es\/wp-json\/wp\/v2\/media\/6188"}],"wp:attachment":[{"href":"https:\/\/mbc-marine.com\/es\/wp-json\/wp\/v2\/media?parent=2397"}],"wp:term":[{"taxonomy":"product_brand","embeddable":true,"href":"https:\/\/mbc-marine.com\/es\/wp-json\/wp\/v2\/product_brand?post=2397"},{"taxonomy":"product_cat","embeddable":true,"href":"https:\/\/mbc-marine.com\/es\/wp-json\/wp\/v2\/product_cat?post=2397"},{"taxonomy":"product_tag","embeddable":true,"href":"https:\/\/mbc-marine.com\/es\/wp-json\/wp\/v2\/product_tag?post=2397"}],"curies":[{"name":"wp","href":"https:\/\/api.w.org\/{rel}","templated":true}]}}