{"id":4136,"date":"2025-05-16T11:11:33","date_gmt":"2025-05-16T09:11:33","guid":{"rendered":"https:\/\/mbc-marine.com\/?post_type=product&#038;p=4136"},"modified":"2025-09-09T13:47:25","modified_gmt":"2025-09-09T11:47:25","slug":"dc5612e","status":"publish","type":"product","link":"https:\/\/mbc-marine.com\/es\/product\/dc5612e\/","title":{"rendered":"DC5612E Bomba de agua marina de 12 V"},"content":{"rendered":"<p data-start=\"48\" data-end=\"286\">La bomba centr\u00edfuga sin escobillas y con aislamiento magn\u00e9tico DC5612E es ideal para los sistemas de aire acondicionado de 12 V CC de MBC Marine. Ofrece un funcionamiento fiable, silencioso (&lt;35 dB) y energ\u00e9ticamente eficiente, incluso en condiciones exigentes.<\/p>\n<p data-start=\"288\" data-end=\"483\">Con su dise\u00f1o impermeable con clasificaci\u00f3n IP68, la bomba se puede instalar sumergida o en un entorno seco. Su resistente eje cer\u00e1mico garantiza una larga vida \u00fatil sin mantenimiento de hasta 30 000 horas.<\/p>\n<p data-start=\"485\" data-end=\"743\">El DC5612E puede proporcionar hasta 10 metros de altura y un caudal de 30 litros por minuto en un sistema de 12 V, lo que lo convierte en la opci\u00f3n perfecta para los aires acondicionados de 7000 BTU CC de MBC Marine, especialmente en instalaciones con tuber\u00edas m\u00e1s largas o posiciones elevadas del condensador.<\/p>","protected":false},"excerpt":{"rendered":"<div class=\"_tableContainer_80l1q_1\">\n<div class=\"_tableWrapper_80l1q_14 group flex w-fit flex-col-reverse\" tabindex=\"-1\">\n<table class=\"w-fit min-w-(--thread-content-width)\" style=\"width: 98.205748%;\" data-start=\"114\" data-end=\"1834\">\n<thead data-start=\"114\" data-end=\"200\">\n<tr data-start=\"114\" data-end=\"200\">\n<th style=\"width: 32.307692%;\" data-start=\"114\" data-end=\"151\" data-col-size=\"sm\"><strong data-start=\"116\" data-end=\"133\">DC5612E \/ 12 V Especificaciones<\/strong><\/th>\n<th style=\"width: 256.538462%;\" data-start=\"151\" data-end=\"200\" data-col-size=\"md\"><strong data-start=\"153\" data-end=\"187\">Valor\u00a0<\/strong><\/th>\n<\/tr>\n<\/thead>\n<tbody data-start=\"287\" data-end=\"1834\">\n<tr data-start=\"287\" data-end=\"372\">\n<td style=\"width: 32.307692%;\" data-start=\"287\" data-end=\"323\" data-col-size=\"sm\">Tensi\u00f3n nominal<\/td>\n<td style=\"width: 256.538462%;\" data-col-size=\"md\" data-start=\"323\" data-end=\"372\">12 V CC<\/td>\n<\/tr>\n<tr data-start=\"373\" data-end=\"458\">\n<td style=\"width: 32.307692%;\" data-start=\"373\" data-end=\"409\" data-col-size=\"sm\">Consumo de energ\u00eda<\/td>\n<td style=\"width: 256.538462%;\" data-col-size=\"md\" data-start=\"409\" data-end=\"458\">~42 W<\/td>\n<\/tr>\n<tr data-start=\"459\" data-end=\"544\">\n<td style=\"width: 32.307692%;\" data-start=\"459\" data-end=\"495\" data-col-size=\"sm\">Corriente m\u00e1xima<\/td>\n<td style=\"width: 256.538462%;\" data-col-size=\"md\" data-start=\"495\" data-end=\"544\">~3,5 A<\/td>\n<\/tr>\n<tr data-start=\"545\" data-end=\"630\">\n<td style=\"width: 32.307692%;\" data-start=\"545\" data-end=\"581\" data-col-size=\"sm\">Cabeza m\u00e1xima<\/td>\n<td style=\"width: 256.538462%;\" data-col-size=\"md\" data-start=\"581\" data-end=\"630\">Hasta 10 metros<\/td>\n<\/tr>\n<tr data-start=\"631\" data-end=\"716\">\n<td style=\"width: 32.307692%;\" data-start=\"631\" data-end=\"667\" data-col-size=\"sm\">Caudal m\u00e1ximo<\/td>\n<td style=\"width: 256.538462%;\" data-col-size=\"md\" data-start=\"667\" data-end=\"716\">Hasta 1800 l\/h (30 l\/min)<\/td>\n<\/tr>\n<tr data-start=\"717\" data-end=\"802\">\n<td style=\"width: 32.307692%;\" data-start=\"717\" data-end=\"753\" data-col-size=\"sm\">\u00cdndice de impermeabilidad<\/td>\n<td style=\"width: 256.538462%;\" data-col-size=\"md\" data-start=\"753\" data-end=\"802\">IP68<\/td>\n<\/tr>\n<tr data-start=\"803\" data-end=\"888\">\n<td style=\"width: 32.307692%;\" data-start=\"803\" data-end=\"839\" data-col-size=\"sm\">Vida \u00fatil<\/td>\n<td style=\"width: 256.538462%;\" data-col-size=\"md\" data-start=\"839\" data-end=\"888\">&gt;30 000 horas<\/td>\n<\/tr>\n<tr data-start=\"889\" data-end=\"974\">\n<td style=\"width: 32.307692%;\" data-start=\"889\" data-end=\"925\" data-col-size=\"sm\">Nivel de ruido<\/td>\n<td style=\"width: 256.538462%;\" data-col-size=\"md\" data-start=\"925\" data-end=\"974\">\u226435 dB<\/td>\n<\/tr>\n<tr data-start=\"975\" data-end=\"1060\">\n<td style=\"width: 32.307692%;\" data-start=\"975\" data-end=\"1011\" data-col-size=\"sm\">Carcasa de la bomba<\/td>\n<td style=\"width: 256.538462%;\" data-col-size=\"md\" data-start=\"1011\" data-end=\"1060\">PPS con fibra de vidrio 30%<\/td>\n<\/tr>\n<tr data-start=\"1061\" data-end=\"1146\">\n<td style=\"width: 32.307692%;\" data-start=\"1061\" data-end=\"1097\" data-col-size=\"sm\">Tipo de eje<\/td>\n<td style=\"width: 256.538462%;\" data-col-size=\"md\" data-start=\"1097\" data-end=\"1146\">Eje cer\u00e1mico, aislado magn\u00e9ticamente<\/td>\n<\/tr>\n<tr data-start=\"1147\" data-end=\"1232\">\n<td style=\"width: 32.307692%;\" data-start=\"1147\" data-end=\"1183\" data-col-size=\"sm\">Sellado<\/td>\n<td style=\"width: 256.538462%;\" data-col-size=\"md\" data-start=\"1183\" data-end=\"1232\">Sin sello mec\u00e1nico (aislamiento magn\u00e9tico)<\/td>\n<\/tr>\n<tr data-start=\"1233\" data-end=\"1318\">\n<td style=\"width: 32.307692%;\" data-start=\"1233\" data-end=\"1269\" data-col-size=\"sm\">Tipo de impulsor<\/td>\n<td style=\"width: 256.538462%;\" data-col-size=\"md\" data-start=\"1269\" data-end=\"1318\">Impulsor cerrado<\/td>\n<\/tr>\n<tr data-start=\"1319\" data-end=\"1404\">\n<td style=\"width: 32.307692%;\" data-start=\"1319\" data-end=\"1355\" data-col-size=\"sm\">Caracter\u00edsticas de protecci\u00f3n<\/td>\n<td style=\"width: 256.538462%;\" data-col-size=\"md\" data-start=\"1355\" data-end=\"1404\">Funcionamiento en seco, sobrecarga, polaridad inversa, bloqueo<\/td>\n<\/tr>\n<tr data-start=\"1405\" data-end=\"1490\">\n<td style=\"width: 32.307692%;\" data-start=\"1405\" data-end=\"1441\" data-col-size=\"sm\">Opciones de control de velocidad<\/td>\n<td style=\"width: 256.538462%;\" data-col-size=\"md\" data-start=\"1441\" data-end=\"1490\">PWM \/ 0\u20135 V anal\u00f3gico \/ potenci\u00f3metro<\/td>\n<\/tr>\n<tr data-start=\"1491\" data-end=\"1576\">\n<td style=\"width: 32.307692%;\" data-start=\"1491\" data-end=\"1527\" data-col-size=\"sm\">Medios adecuados<\/td>\n<td style=\"width: 256.538462%;\" data-col-size=\"md\" data-start=\"1527\" data-end=\"1576\">Agua, aceite, \u00e1cido\/\u00e1lcali suave (prueba previa)<\/td>\n<\/tr>\n<tr data-start=\"1577\" data-end=\"1662\">\n<td style=\"width: 32.307692%;\" data-start=\"1577\" data-end=\"1613\" data-col-size=\"sm\">Rango de temperatura de funcionamiento<\/td>\n<td style=\"width: 256.538462%;\" data-col-size=\"md\" data-start=\"1613\" data-end=\"1662\">De -30 \u00b0C a +100 \u00b0C (con el controlador adecuado)<\/td>\n<\/tr>\n<tr data-start=\"1663\" data-end=\"1748\">\n<td style=\"width: 32.307692%;\" data-start=\"1663\" data-end=\"1699\" data-col-size=\"sm\">Peso<\/td>\n<td style=\"width: 256.538462%;\" data-col-size=\"md\" data-start=\"1699\" data-end=\"1748\">~0,52 kg<\/td>\n<\/tr>\n<tr data-start=\"1749\" data-end=\"1834\">\n<td style=\"width: 32.307692%;\" data-start=\"1749\" data-end=\"1785\" data-col-size=\"sm\">Dimensiones<\/td>\n<td style=\"width: 256.538462%;\" data-col-size=\"md\" data-start=\"1785\" data-end=\"1834\">~100 \u00d7 75 \u00d7 60 mm (aproximadamente, dependiendo del modelo)<\/td>\n<\/tr>\n<\/tbody>\n<\/table>\n<div class=\"sticky end-(--thread-content-margin) h-0 self-end select-none\">\n<div class=\"absolute end-0 flex items-end\"><\/div>\n<\/div>\n<\/div>\n<\/div>","protected":false},"featured_media":6186,"template":"","meta":{"_acf_changed":false},"product_brand":[],"product_cat":[35,75],"product_tag":[],"class_list":{"0":"post-4136","1":"product","2":"type-product","3":"status-publish","4":"has-post-thumbnail","6":"product_cat-accessories","7":"product_cat-sea-water-pump","9":"first","10":"instock","11":"shipping-taxable","12":"product-type-simple"},"acf":[],"yoast_head":"<!-- This site is optimized with the Yoast SEO Premium plugin v27.3 (Yoast SEO v27.4) - https:\/\/yoast.com\/product\/yoast-seo-premium-wordpress\/ -->\n<title>DC5612E 12V Sea Water Pump - MBC Marine<\/title>\n<meta name=\"description\" content=\"The DC5612E brushless, magnetically isolated centrifugal pump is an excellent match for MBC Marine\u2019s 12V DC air conditioning systems. It delivers reliable, quiet (&lt;35 dB), and energy-efficient operation even under demanding conditions.\" \/>\n<meta name=\"robots\" content=\"index, follow, max-snippet:-1, max-image-preview:large, max-video-preview:-1\" \/>\n<link rel=\"canonical\" href=\"https:\/\/mbc-marine.com\/es\/producto\/dc5612e\/\" \/>\n<meta property=\"og:locale\" content=\"es_ES\" \/>\n<meta property=\"og:type\" content=\"article\" \/>\n<meta property=\"og:title\" content=\"DC5612E 12V Sea Water Pump\" \/>\n<meta property=\"og:description\" content=\"The DC5612E brushless, magnetically isolated centrifugal pump is an excellent match for MBC Marine\u2019s 12V DC air conditioning systems. It delivers reliable, quiet (&lt;35 dB), and energy-efficient operation even under demanding conditions.\" \/>\n<meta property=\"og:url\" content=\"https:\/\/mbc-marine.com\/es\/producto\/dc5612e\/\" \/>\n<meta property=\"og:site_name\" content=\"MBC Marine\" \/>\n<meta property=\"article:modified_time\" content=\"2025-09-09T11:47:25+00:00\" \/>\n<meta property=\"og:image\" content=\"https:\/\/mbc-marine.com\/wp-content\/uploads\/2025\/05\/dc5612e-12v-sea-water-pump2.png\" \/>\n\t<meta property=\"og:image:width\" content=\"1920\" \/>\n\t<meta property=\"og:image:height\" content=\"1280\" \/>\n\t<meta property=\"og:image:type\" content=\"image\/png\" \/>\n<meta name=\"twitter:card\" content=\"summary_large_image\" \/>\n<meta name=\"twitter:label1\" content=\"Precio\" \/>\n\t<meta name=\"twitter:data1\" content=\"\" \/>\n\t<meta name=\"twitter:label2\" content=\"Disponibilidad\" \/>\n\t<meta name=\"twitter:data2\" content=\"Disponible\" \/>\n<script type=\"application\/ld+json\" class=\"yoast-schema-graph\">{\"@context\":\"https:\\\/\\\/schema.org\",\"@graph\":[{\"@type\":[\"WebPage\",\"ItemPage\"],\"@id\":\"https:\\\/\\\/mbc-marine.com\\\/product\\\/dc5612e\\\/\",\"url\":\"https:\\\/\\\/mbc-marine.com\\\/product\\\/dc5612e\\\/\",\"name\":\"DC5612E 12V Sea Water Pump - MBC Marine\",\"isPartOf\":{\"@id\":\"https:\\\/\\\/mbc-marine.com\\\/#website\"},\"primaryImageOfPage\":{\"@id\":\"https:\\\/\\\/mbc-marine.com\\\/product\\\/dc5612e\\\/#primaryimage\"},\"image\":{\"@id\":\"https:\\\/\\\/mbc-marine.com\\\/product\\\/dc5612e\\\/#primaryimage\"},\"thumbnailUrl\":\"https:\\\/\\\/mbc-marine.com\\\/wp-content\\\/uploads\\\/2025\\\/05\\\/dc5612e-12v-sea-water-pump2.png?wsr\",\"datePublished\":\"2025-05-16T09:11:33+00:00\",\"dateModified\":\"2025-09-09T11:47:25+00:00\",\"description\":\"The DC5612E brushless, magnetically isolated centrifugal pump is an excellent match for MBC Marine\u2019s 12V DC air conditioning systems. It delivers reliable, quiet (&lt;35 dB), and energy-efficient operation even under demanding conditions.\",\"breadcrumb\":{\"@id\":\"https:\\\/\\\/mbc-marine.com\\\/product\\\/dc5612e\\\/#breadcrumb\"},\"inLanguage\":\"es\",\"potentialAction\":[{\"@type\":\"ReadAction\",\"target\":[\"https:\\\/\\\/mbc-marine.com\\\/product\\\/dc5612e\\\/\"]}]},{\"@type\":\"ImageObject\",\"inLanguage\":\"es\",\"@id\":\"https:\\\/\\\/mbc-marine.com\\\/product\\\/dc5612e\\\/#primaryimage\",\"url\":\"https:\\\/\\\/mbc-marine.com\\\/wp-content\\\/uploads\\\/2025\\\/05\\\/dc5612e-12v-sea-water-pump2.png?wsr\",\"contentUrl\":\"https:\\\/\\\/mbc-marine.com\\\/wp-content\\\/uploads\\\/2025\\\/05\\\/dc5612e-12v-sea-water-pump2.png?wsr\",\"width\":1920,\"height\":1280,\"caption\":\"DC5612E 12V Sea Water Pump\"},{\"@type\":\"BreadcrumbList\",\"@id\":\"https:\\\/\\\/mbc-marine.com\\\/product\\\/dc5612e\\\/#breadcrumb\",\"itemListElement\":[{\"@type\":\"ListItem\",\"position\":1,\"name\":\"Home\",\"item\":\"https:\\\/\\\/mbc-marine.com\\\/\"},{\"@type\":\"ListItem\",\"position\":2,\"name\":\"Shop\",\"item\":\"https:\\\/\\\/mbc-marine.com\\\/shop\\\/\"},{\"@type\":\"ListItem\",\"position\":3,\"name\":\"DC5612E 12V Sea Water Pump\"}]},{\"@type\":\"WebSite\",\"@id\":\"https:\\\/\\\/mbc-marine.com\\\/#website\",\"url\":\"https:\\\/\\\/mbc-marine.com\\\/\",\"name\":\"MBC Marine\",\"description\":\"\",\"potentialAction\":[{\"@type\":\"SearchAction\",\"target\":{\"@type\":\"EntryPoint\",\"urlTemplate\":\"https:\\\/\\\/mbc-marine.com\\\/?s={search_term_string}\"},\"query-input\":{\"@type\":\"PropertyValueSpecification\",\"valueRequired\":true,\"valueName\":\"search_term_string\"}}],\"inLanguage\":\"es\"}]}<\/script>\n<meta property=\"product:price:currency\" content=\"EUR\" \/>\n<meta property=\"og:availability\" content=\"instock\" \/>\n<meta property=\"product:availability\" content=\"instock\" \/>\n<meta property=\"product:condition\" content=\"new\" \/>\n<!-- \/ Yoast SEO Premium plugin. -->","yoast_head_json":{"title":"DC5612E Bomba de agua marina de 12 V - MBC Marine","description":"La bomba centr\u00edfuga sin escobillas y con aislamiento magn\u00e9tico DC5612E es ideal para los sistemas de aire acondicionado de 12 V CC de MBC Marine. Ofrece un funcionamiento fiable, silencioso (&lt;35 dB) y energ\u00e9ticamente eficiente, incluso en condiciones exigentes.","robots":{"index":"index","follow":"follow","max-snippet":"max-snippet:-1","max-image-preview":"max-image-preview:large","max-video-preview":"max-video-preview:-1"},"canonical":"https:\/\/mbc-marine.com\/es\/producto\/dc5612e\/","og_locale":"es_ES","og_type":"article","og_title":"DC5612E 12V Sea Water Pump","og_description":"The DC5612E brushless, magnetically isolated centrifugal pump is an excellent match for MBC Marine\u2019s 12V DC air conditioning systems. It delivers reliable, quiet (&lt;35 dB), and energy-efficient operation even under demanding conditions.","og_url":"https:\/\/mbc-marine.com\/es\/producto\/dc5612e\/","og_site_name":"MBC Marine","article_modified_time":"2025-09-09T11:47:25+00:00","og_image":[{"width":1920,"height":1280,"url":"https:\/\/mbc-marine.com\/wp-content\/uploads\/2025\/05\/dc5612e-12v-sea-water-pump2.png","type":"image\/png"}],"twitter_card":"summary_large_image","twitter_misc":{"Precio":"","Disponibilidad":"Disponible"},"schema":{"@context":"https:\/\/schema.org","@graph":[{"@type":["WebPage","ItemPage"],"@id":"https:\/\/mbc-marine.com\/product\/dc5612e\/","url":"https:\/\/mbc-marine.com\/product\/dc5612e\/","name":"DC5612E Bomba de agua marina de 12 V - MBC Marine","isPartOf":{"@id":"https:\/\/mbc-marine.com\/#website"},"primaryImageOfPage":{"@id":"https:\/\/mbc-marine.com\/product\/dc5612e\/#primaryimage"},"image":{"@id":"https:\/\/mbc-marine.com\/product\/dc5612e\/#primaryimage"},"thumbnailUrl":"https:\/\/mbc-marine.com\/wp-content\/uploads\/2025\/05\/dc5612e-12v-sea-water-pump2.png?wsr","datePublished":"2025-05-16T09:11:33+00:00","dateModified":"2025-09-09T11:47:25+00:00","description":"La bomba centr\u00edfuga sin escobillas y con aislamiento magn\u00e9tico DC5612E es ideal para los sistemas de aire acondicionado de 12 V CC de MBC Marine. Ofrece un funcionamiento fiable, silencioso (&lt;35 dB) y energ\u00e9ticamente eficiente, incluso en condiciones exigentes.","breadcrumb":{"@id":"https:\/\/mbc-marine.com\/product\/dc5612e\/#breadcrumb"},"inLanguage":"es","potentialAction":[{"@type":"ReadAction","target":["https:\/\/mbc-marine.com\/product\/dc5612e\/"]}]},{"@type":"ImageObject","inLanguage":"es","@id":"https:\/\/mbc-marine.com\/product\/dc5612e\/#primaryimage","url":"https:\/\/mbc-marine.com\/wp-content\/uploads\/2025\/05\/dc5612e-12v-sea-water-pump2.png?wsr","contentUrl":"https:\/\/mbc-marine.com\/wp-content\/uploads\/2025\/05\/dc5612e-12v-sea-water-pump2.png?wsr","width":1920,"height":1280,"caption":"DC5612E 12V Sea Water Pump"},{"@type":"BreadcrumbList","@id":"https:\/\/mbc-marine.com\/product\/dc5612e\/#breadcrumb","itemListElement":[{"@type":"ListItem","position":1,"name":"Home","item":"https:\/\/mbc-marine.com\/"},{"@type":"ListItem","position":2,"name":"Shop","item":"https:\/\/mbc-marine.com\/shop\/"},{"@type":"ListItem","position":3,"name":"DC5612E 12V Sea Water Pump"}]},{"@type":"WebSite","@id":"https:\/\/mbc-marine.com\/#website","url":"https:\/\/mbc-marine.com\/","name":"MBC Marino","description":"","potentialAction":[{"@type":"SearchAction","target":{"@type":"EntryPoint","urlTemplate":"https:\/\/mbc-marine.com\/?s={search_term_string}"},"query-input":{"@type":"PropertyValueSpecification","valueRequired":true,"valueName":"search_term_string"}}],"inLanguage":"es"}]},"product_price_currency":"EUR","og_availability":"instock","product_availability":"instock","product_condition":"new"},"_links":{"self":[{"href":"https:\/\/mbc-marine.com\/es\/wp-json\/wp\/v2\/product\/4136","targetHints":{"allow":["GET"]}}],"collection":[{"href":"https:\/\/mbc-marine.com\/es\/wp-json\/wp\/v2\/product"}],"about":[{"href":"https:\/\/mbc-marine.com\/es\/wp-json\/wp\/v2\/types\/product"}],"version-history":[{"count":0,"href":"https:\/\/mbc-marine.com\/es\/wp-json\/wp\/v2\/product\/4136\/revisions"}],"wp:featuredmedia":[{"embeddable":true,"href":"https:\/\/mbc-marine.com\/es\/wp-json\/wp\/v2\/media\/6186"}],"wp:attachment":[{"href":"https:\/\/mbc-marine.com\/es\/wp-json\/wp\/v2\/media?parent=4136"}],"wp:term":[{"taxonomy":"product_brand","embeddable":true,"href":"https:\/\/mbc-marine.com\/es\/wp-json\/wp\/v2\/product_brand?post=4136"},{"taxonomy":"product_cat","embeddable":true,"href":"https:\/\/mbc-marine.com\/es\/wp-json\/wp\/v2\/product_cat?post=4136"},{"taxonomy":"product_tag","embeddable":true,"href":"https:\/\/mbc-marine.com\/es\/wp-json\/wp\/v2\/product_tag?post=4136"}],"curies":[{"name":"wp","href":"https:\/\/api.w.org\/{rel}","templated":true}]}}