{"id":4144,"date":"2025-05-16T11:17:04","date_gmt":"2025-05-16T09:17:04","guid":{"rendered":"https:\/\/mbc-marine.com\/?post_type=product&#038;p=4144"},"modified":"2026-04-29T17:24:40","modified_gmt":"2026-04-29T15:24:40","slug":"dc5624f-2","status":"publish","type":"product","link":"https:\/\/mbc-marine.com\/es\/product\/dc5624f-2\/","title":{"rendered":"DC5624F Bomba de agua marina de 24 V"},"content":{"rendered":"<p data-start=\"159\" data-end=\"379\">La bomba de circulaci\u00f3n MBC Marine DC55F es una bomba centr\u00edfuga fiable, sin escobillas y con aislamiento magn\u00e9tico, dise\u00f1ada para las unidades de aire acondicionado de 24 V CC de MBC Marine, que ofrece un gran rendimiento incluso en entornos marinos exigentes.<\/p>\n<p data-start=\"381\" data-end=\"573\">Con un <strong data-start=\"388\" data-end=\"423\">altura m\u00e1xima de hasta 16 metros<\/strong> y un <strong data-start=\"430\" data-end=\"473\">caudal de hasta 2400 litros por hora<\/strong> (40 l\/min), es ideal para instalaciones con tuber\u00edas m\u00e1s largas o condensadores elevados.<\/p>\n<p data-start=\"575\" data-end=\"781\">Su <strong data-start=\"579\" data-end=\"611\">Construcci\u00f3n resistente al agua IP68<\/strong> permite tanto la instalaci\u00f3n sumergida como en seco, mientras que el eje cer\u00e1mico y la carcasa compuesta duradera garantizan una vida \u00fatil prolongada y sin mantenimiento de hasta 30 000 horas.<\/p>\n<p data-start=\"783\" data-end=\"970\">El modelo MBC Marine DC55F 24V es la combinaci\u00f3n perfecta para los sistemas de 24V de MBC Marine en el <strong data-start=\"863\" data-end=\"887\">Rango de 7000 a 12000 BTU<\/strong>, donde es esencial una circulaci\u00f3n constante del agua y un funcionamiento silencioso y fiable.<\/p>","protected":false},"excerpt":{"rendered":"<div class=\"_tableContainer_80l1q_1\">\n<div class=\"_tableWrapper_80l1q_14 group flex w-fit flex-col-reverse\" tabindex=\"-1\">\n<table class=\"w-fit min-w-(--thread-content-width)\" style=\"width: 101.75123%;\" data-start=\"140\" data-end=\"1612\">\n<thead data-start=\"140\" data-end=\"206\">\n<tr data-start=\"140\" data-end=\"206\">\n<th style=\"width: 37.248322%;\" data-start=\"140\" data-end=\"173\" data-col-size=\"sm\"><strong data-start=\"142\" data-end=\"159\">DC 5624F 24 V Especificaciones<\/strong><\/th>\n<th style=\"width: 220.469799%;\" data-start=\"173\" data-end=\"206\" data-col-size=\"md\"><strong data-start=\"175\" data-end=\"184\">Valor<\/strong><\/th>\n<\/tr>\n<\/thead>\n<tbody data-start=\"273\" data-end=\"1612\">\n<tr data-start=\"273\" data-end=\"338\">\n<td style=\"width: 37.248322%;\" data-start=\"273\" data-end=\"305\" data-col-size=\"sm\">Tensi\u00f3n nominal<\/td>\n<td style=\"width: 220.469799%;\" data-col-size=\"md\" data-start=\"305\" data-end=\"338\">24 V CC<\/td>\n<\/tr>\n<tr data-start=\"339\" data-end=\"404\">\n<td style=\"width: 37.248322%;\" data-start=\"339\" data-end=\"371\" data-col-size=\"sm\">Consumo de energ\u00eda<\/td>\n<td style=\"width: 220.469799%;\" data-col-size=\"md\" data-start=\"371\" data-end=\"404\">42-54 W<\/td>\n<\/tr>\n<tr data-start=\"405\" data-end=\"469\">\n<td style=\"width: 37.248322%;\" data-start=\"405\" data-end=\"437\" data-col-size=\"sm\">Corriente nominal<\/td>\n<td style=\"width: 220.469799%;\" data-col-size=\"md\" data-start=\"437\" data-end=\"469\">~1,4\u20132,2 A<\/td>\n<\/tr>\n<tr data-start=\"470\" data-end=\"533\">\n<td style=\"width: 37.248322%;\" data-start=\"470\" data-end=\"501\" data-col-size=\"sm\">Altura m\u00e1xima<\/td>\n<td style=\"width: 220.469799%;\" data-col-size=\"md\" data-start=\"501\" data-end=\"533\">Hasta 16 m<\/td>\n<\/tr>\n<tr data-start=\"534\" data-end=\"599\">\n<td style=\"width: 37.248322%;\" data-start=\"534\" data-end=\"566\" data-col-size=\"sm\">Caudal m\u00e1ximo<\/td>\n<td style=\"width: 220.469799%;\" data-col-size=\"md\" data-start=\"566\" data-end=\"599\">Hasta 2400 l\/h (40 l\/min)<\/td>\n<\/tr>\n<tr data-start=\"600\" data-end=\"665\">\n<td style=\"width: 37.248322%;\" data-start=\"600\" data-end=\"632\" data-col-size=\"sm\">\u00cdndice de impermeabilidad<\/td>\n<td style=\"width: 220.469799%;\" data-col-size=\"md\" data-start=\"632\" data-end=\"665\">IP68<\/td>\n<\/tr>\n<tr data-start=\"666\" data-end=\"731\">\n<td style=\"width: 37.248322%;\" data-start=\"666\" data-end=\"698\" data-col-size=\"sm\">Vida \u00fatil prevista<\/td>\n<td style=\"width: 220.469799%;\" data-col-size=\"md\" data-start=\"698\" data-end=\"731\">&gt;30 000 horas<\/td>\n<\/tr>\n<tr data-start=\"732\" data-end=\"797\">\n<td style=\"width: 37.248322%;\" data-start=\"732\" data-end=\"764\" data-col-size=\"sm\">Nivel de ruido<\/td>\n<td style=\"width: 220.469799%;\" data-col-size=\"md\" data-start=\"764\" data-end=\"797\">\u226435\u201340 dB<\/td>\n<\/tr>\n<tr data-start=\"798\" data-end=\"863\">\n<td style=\"width: 37.248322%;\" data-start=\"798\" data-end=\"830\" data-col-size=\"sm\">Material de la carcasa de la bomba<\/td>\n<td style=\"width: 220.469799%;\" data-col-size=\"md\" data-start=\"830\" data-end=\"863\">PPS con fibra de vidrio 30%<\/td>\n<\/tr>\n<tr data-start=\"864\" data-end=\"929\">\n<td style=\"width: 37.248322%;\" data-start=\"864\" data-end=\"896\" data-col-size=\"sm\">Eje<\/td>\n<td style=\"width: 220.469799%;\" data-col-size=\"md\" data-start=\"896\" data-end=\"929\">Eje cer\u00e1mico<\/td>\n<\/tr>\n<tr data-start=\"930\" data-end=\"995\">\n<td style=\"width: 37.248322%;\" data-start=\"930\" data-end=\"962\" data-col-size=\"sm\">Tipo de sellado<\/td>\n<td style=\"width: 220.469799%;\" data-col-size=\"md\" data-start=\"962\" data-end=\"995\">Aislamiento magn\u00e9tico (sin sello)<\/td>\n<\/tr>\n<tr data-start=\"996\" data-end=\"1061\">\n<td style=\"width: 37.248322%;\" data-start=\"996\" data-end=\"1028\" data-col-size=\"sm\">Impulsor<\/td>\n<td style=\"width: 220.469799%;\" data-col-size=\"md\" data-start=\"1028\" data-end=\"1061\">Impulsor cerrado<\/td>\n<\/tr>\n<tr data-start=\"1062\" data-end=\"1127\">\n<td style=\"width: 37.248322%;\" data-start=\"1062\" data-end=\"1094\" data-col-size=\"sm\">Clase de aislamiento<\/td>\n<td style=\"width: 220.469799%;\" data-col-size=\"md\" data-start=\"1094\" data-end=\"1127\">H (180 \u00b0C)<\/td>\n<\/tr>\n<tr data-start=\"1128\" data-end=\"1193\">\n<td style=\"width: 37.248322%;\" data-start=\"1128\" data-end=\"1160\" data-col-size=\"sm\">Entrada\/Salida<\/td>\n<td style=\"width: 220.469799%;\" data-col-size=\"md\" data-start=\"1160\" data-end=\"1193\">Rosca de 20 mm<\/td>\n<\/tr>\n<tr data-start=\"1194\" data-end=\"1259\">\n<td style=\"width: 37.248322%;\" data-start=\"1194\" data-end=\"1226\" data-col-size=\"sm\">Rango de tensi\u00f3n de funcionamiento<\/td>\n<td style=\"width: 220.469799%;\" data-col-size=\"md\" data-start=\"1226\" data-end=\"1259\">12-30 V CC<\/td>\n<\/tr>\n<tr data-start=\"1260\" data-end=\"1325\">\n<td style=\"width: 37.248322%;\" data-start=\"1260\" data-end=\"1292\" data-col-size=\"sm\">Rango de temperatura de funcionamiento<\/td>\n<td style=\"width: 220.469799%;\" data-col-size=\"md\" data-start=\"1292\" data-end=\"1325\">De \u201330 \u00b0C a +100 \u00b0C<\/td>\n<\/tr>\n<tr data-start=\"1326\" data-end=\"1414\">\n<td style=\"width: 37.248322%;\" data-start=\"1326\" data-end=\"1358\" data-col-size=\"sm\">Caracter\u00edsticas de protecci\u00f3n<\/td>\n<td style=\"width: 220.469799%;\" data-col-size=\"md\" data-start=\"1358\" data-end=\"1414\">Prueba en seco, sobrecarga, polaridad inversa, protecci\u00f3n contra bloqueo<\/td>\n<\/tr>\n<tr data-start=\"1415\" data-end=\"1480\">\n<td style=\"width: 37.248322%;\" data-start=\"1415\" data-end=\"1447\" data-col-size=\"sm\">Control de velocidad<\/td>\n<td style=\"width: 220.469799%;\" data-col-size=\"md\" data-start=\"1447\" data-end=\"1480\">No disponible<\/td>\n<\/tr>\n<tr data-start=\"1481\" data-end=\"1546\">\n<td style=\"width: 37.248322%;\" data-start=\"1481\" data-end=\"1513\" data-col-size=\"sm\">Peso<\/td>\n<td style=\"width: 220.469799%;\" data-col-size=\"md\" data-start=\"1513\" data-end=\"1546\">~520 g<\/td>\n<\/tr>\n<tr data-start=\"1547\" data-end=\"1612\">\n<td style=\"width: 37.248322%;\" data-start=\"1547\" data-end=\"1579\" data-col-size=\"sm\">Dimensiones<\/td>\n<td style=\"width: 220.469799%;\" data-col-size=\"md\" data-start=\"1579\" data-end=\"1612\">102 \u00d7 78 \u00d7 80 mm<\/td>\n<\/tr>\n<\/tbody>\n<\/table>\n<div class=\"sticky end-(--thread-content-margin) h-0 self-end select-none\">\n<div class=\"absolute end-0 flex items-end\"><\/div>\n<\/div>\n<\/div>\n<\/div>","protected":false},"featured_media":6179,"template":"","meta":{"_acf_changed":false},"product_brand":[],"product_cat":[35,75],"product_tag":[],"class_list":{"0":"post-4144","1":"product","2":"type-product","3":"status-publish","4":"has-post-thumbnail","6":"product_cat-accessories","7":"product_cat-sea-water-pump","9":"first","10":"instock","11":"shipping-taxable","12":"product-type-simple"},"acf":[],"_links":{"self":[{"href":"https:\/\/mbc-marine.com\/es\/wp-json\/wp\/v2\/product\/4144","targetHints":{"allow":["GET"]}}],"collection":[{"href":"https:\/\/mbc-marine.com\/es\/wp-json\/wp\/v2\/product"}],"about":[{"href":"https:\/\/mbc-marine.com\/es\/wp-json\/wp\/v2\/types\/product"}],"version-history":[{"count":1,"href":"https:\/\/mbc-marine.com\/es\/wp-json\/wp\/v2\/product\/4144\/revisions"}],"predecessor-version":[{"id":8163,"href":"https:\/\/mbc-marine.com\/es\/wp-json\/wp\/v2\/product\/4144\/revisions\/8163"}],"wp:featuredmedia":[{"embeddable":true,"href":"https:\/\/mbc-marine.com\/es\/wp-json\/wp\/v2\/media\/6179"}],"wp:attachment":[{"href":"https:\/\/mbc-marine.com\/es\/wp-json\/wp\/v2\/media?parent=4144"}],"wp:term":[{"taxonomy":"product_brand","embeddable":true,"href":"https:\/\/mbc-marine.com\/es\/wp-json\/wp\/v2\/product_brand?post=4144"},{"taxonomy":"product_cat","embeddable":true,"href":"https:\/\/mbc-marine.com\/es\/wp-json\/wp\/v2\/product_cat?post=4144"},{"taxonomy":"product_tag","embeddable":true,"href":"https:\/\/mbc-marine.com\/es\/wp-json\/wp\/v2\/product_tag?post=4144"}],"curies":[{"name":"wp","href":"https:\/\/api.w.org\/{rel}","templated":true}]}}