{"id":4162,"date":"2025-05-16T11:31:36","date_gmt":"2025-05-16T09:31:36","guid":{"rendered":"https:\/\/mbc-marine.com\/?post_type=product&#038;p=4162"},"modified":"2025-12-03T11:04:31","modified_gmt":"2025-12-03T10:04:31","slug":"dc-prb-4","status":"publish","type":"product","link":"https:\/\/mbc-marine.com\/es\/product\/dc-prb-4\/","title":{"rendered":"CAJA DE REL\u00c9S DE BOMBA DC-PRB-4"},"content":{"rendered":"","protected":false},"excerpt":{"rendered":"<p>Caja de rel\u00e9s de bomba de 4 estaciones para una integraci\u00f3n perfecta del sistema de CC por MBC Marine.<\/p>\n<p>La caja de rel\u00e9s de bomba de 4 estaciones est\u00e1 dise\u00f1ada para controlar una bomba de agua de mar com\u00fan compartida entre hasta cuatro unidades de aire acondicionado de CC, lo que garantiza un funcionamiento eficiente y coordinado.<\/p>\n<p>Nuestra placa Pump Relay (PRP) permite el cambio suave y autom\u00e1tico de una bomba de agua de mar compartida entre varias unidades de aire acondicionado de CC.<\/p>\n<p>&nbsp;<\/p>\n<p>Cada unidad est\u00e1 equipada con entradas de activaci\u00f3n de bomba independientes y totalmente aisladas, compatibles con se\u00f1ales de 12 V, 24 V y 48 V CC, lo que garantiza una integraci\u00f3n segura y flexible. La entrada y salida de alimentaci\u00f3n de la bomba tambi\u00e9n est\u00e1n aisladas y son adecuadas para sistemas de 12 V, 24 V y 48 V CC. Alojada en una carcasa de pl\u00e1stico, la caja de rel\u00e9s permite un cableado limpio y organizado para todas las entradas de control y conexiones de la bomba, lo que ofrece una soluci\u00f3n fiable y que ahorra espacio para las modernas instalaciones de aire acondicionado marino de CC.<\/p>","protected":false},"featured_media":6176,"template":"","meta":{"_acf_changed":false},"product_brand":[],"product_cat":[35,76],"product_tag":[],"class_list":{"0":"post-4162","1":"product","2":"type-product","3":"status-publish","4":"has-post-thumbnail","6":"product_cat-accessories","7":"product_cat-electrical-accessories","9":"first","10":"instock","11":"shipping-taxable","12":"product-type-simple"},"acf":[],"yoast_head":"<!-- This site is optimized with the Yoast SEO Premium plugin v27.3 (Yoast SEO v27.4) - https:\/\/yoast.com\/product\/yoast-seo-premium-wordpress\/ -->\n<title>DC-PRB-4 PUMP RELAY BOX - MBC Marine<\/title>\n<meta name=\"description\" content=\"4-Station Pump Relay Box for Seamless DC System Integration by MBC Marine!\" \/>\n<meta name=\"robots\" content=\"index, follow, max-snippet:-1, max-image-preview:large, max-video-preview:-1\" \/>\n<link rel=\"canonical\" href=\"https:\/\/mbc-marine.com\/es\/producto\/dc-prb-4\/\" \/>\n<meta property=\"og:locale\" content=\"es_ES\" \/>\n<meta property=\"og:type\" content=\"article\" \/>\n<meta property=\"og:title\" content=\"DC-PRB-4 PUMP RELAY BOX\" \/>\n<meta property=\"og:description\" content=\"4-Station Pump Relay Box for Seamless DC System Integration by MBC Marine!\" \/>\n<meta property=\"og:url\" content=\"https:\/\/mbc-marine.com\/es\/producto\/dc-prb-4\/\" \/>\n<meta property=\"og:site_name\" content=\"MBC Marine\" \/>\n<meta property=\"article:modified_time\" content=\"2025-12-03T10:04:31+00:00\" \/>\n<meta property=\"og:image\" content=\"https:\/\/mbc-marine.com\/wp-content\/uploads\/2025\/05\/dc-prb-4-pump-relay-box.png?wsr\" \/>\n\t<meta property=\"og:image:width\" content=\"1920\" \/>\n\t<meta property=\"og:image:height\" content=\"1280\" \/>\n\t<meta property=\"og:image:type\" content=\"image\/png\" \/>\n<meta name=\"twitter:card\" content=\"summary_large_image\" \/>\n<meta name=\"twitter:label1\" content=\"Precio\" \/>\n\t<meta name=\"twitter:data1\" content=\"\" \/>\n\t<meta name=\"twitter:label2\" content=\"Disponibilidad\" \/>\n\t<meta name=\"twitter:data2\" content=\"Disponible\" \/>\n<script type=\"application\/ld+json\" class=\"yoast-schema-graph\">{\"@context\":\"https:\\\/\\\/schema.org\",\"@graph\":[{\"@type\":[\"WebPage\",\"ItemPage\"],\"@id\":\"https:\\\/\\\/mbc-marine.com\\\/product\\\/dc-prb-4\\\/\",\"url\":\"https:\\\/\\\/mbc-marine.com\\\/product\\\/dc-prb-4\\\/\",\"name\":\"DC-PRB-4 PUMP RELAY BOX - MBC Marine\",\"isPartOf\":{\"@id\":\"https:\\\/\\\/mbc-marine.com\\\/#website\"},\"primaryImageOfPage\":{\"@id\":\"https:\\\/\\\/mbc-marine.com\\\/product\\\/dc-prb-4\\\/#primaryimage\"},\"image\":{\"@id\":\"https:\\\/\\\/mbc-marine.com\\\/product\\\/dc-prb-4\\\/#primaryimage\"},\"thumbnailUrl\":\"https:\\\/\\\/mbc-marine.com\\\/wp-content\\\/uploads\\\/2025\\\/05\\\/dc-prb-4-pump-relay-box.png?wsr\",\"datePublished\":\"2025-05-16T09:31:36+00:00\",\"dateModified\":\"2025-12-03T10:04:31+00:00\",\"description\":\"4-Station Pump Relay Box for Seamless DC System Integration by MBC Marine!\",\"breadcrumb\":{\"@id\":\"https:\\\/\\\/mbc-marine.com\\\/product\\\/dc-prb-4\\\/#breadcrumb\"},\"inLanguage\":\"es\",\"potentialAction\":[{\"@type\":\"ReadAction\",\"target\":[\"https:\\\/\\\/mbc-marine.com\\\/product\\\/dc-prb-4\\\/\"]}]},{\"@type\":\"ImageObject\",\"inLanguage\":\"es\",\"@id\":\"https:\\\/\\\/mbc-marine.com\\\/product\\\/dc-prb-4\\\/#primaryimage\",\"url\":\"https:\\\/\\\/mbc-marine.com\\\/wp-content\\\/uploads\\\/2025\\\/05\\\/dc-prb-4-pump-relay-box.png?wsr\",\"contentUrl\":\"https:\\\/\\\/mbc-marine.com\\\/wp-content\\\/uploads\\\/2025\\\/05\\\/dc-prb-4-pump-relay-box.png?wsr\",\"width\":1920,\"height\":1280,\"caption\":\"DC-PRB-4 PUMP RELAY BOX\"},{\"@type\":\"BreadcrumbList\",\"@id\":\"https:\\\/\\\/mbc-marine.com\\\/product\\\/dc-prb-4\\\/#breadcrumb\",\"itemListElement\":[{\"@type\":\"ListItem\",\"position\":1,\"name\":\"Home\",\"item\":\"https:\\\/\\\/mbc-marine.com\\\/\"},{\"@type\":\"ListItem\",\"position\":2,\"name\":\"Shop\",\"item\":\"https:\\\/\\\/mbc-marine.com\\\/shop\\\/\"},{\"@type\":\"ListItem\",\"position\":3,\"name\":\"DC-PRB-4 PUMP RELAY BOX\"}]},{\"@type\":\"WebSite\",\"@id\":\"https:\\\/\\\/mbc-marine.com\\\/#website\",\"url\":\"https:\\\/\\\/mbc-marine.com\\\/\",\"name\":\"MBC Marine\",\"description\":\"\",\"potentialAction\":[{\"@type\":\"SearchAction\",\"target\":{\"@type\":\"EntryPoint\",\"urlTemplate\":\"https:\\\/\\\/mbc-marine.com\\\/?s={search_term_string}\"},\"query-input\":{\"@type\":\"PropertyValueSpecification\",\"valueRequired\":true,\"valueName\":\"search_term_string\"}}],\"inLanguage\":\"es\"}]}<\/script>\n<meta property=\"product:price:currency\" content=\"EUR\" \/>\n<meta property=\"og:availability\" content=\"instock\" \/>\n<meta property=\"product:availability\" content=\"instock\" \/>\n<meta property=\"product:condition\" content=\"new\" \/>\n<!-- \/ Yoast SEO Premium plugin. -->","yoast_head_json":{"title":"CAJA DE REL\u00c9S DE BOMBA DC-PRB-4 - MBC Marine","description":"Caja de rel\u00e9s de bomba de 4 estaciones para una integraci\u00f3n perfecta del sistema de CC por MBC Marine.","robots":{"index":"index","follow":"follow","max-snippet":"max-snippet:-1","max-image-preview":"max-image-preview:large","max-video-preview":"max-video-preview:-1"},"canonical":"https:\/\/mbc-marine.com\/es\/producto\/dc-prb-4\/","og_locale":"es_ES","og_type":"article","og_title":"DC-PRB-4 PUMP RELAY BOX","og_description":"4-Station Pump Relay Box for Seamless DC System Integration by MBC Marine!","og_url":"https:\/\/mbc-marine.com\/es\/producto\/dc-prb-4\/","og_site_name":"MBC Marine","article_modified_time":"2025-12-03T10:04:31+00:00","og_image":[{"width":1920,"height":1280,"url":"https:\/\/mbc-marine.com\/wp-content\/uploads\/2025\/05\/dc-prb-4-pump-relay-box.png?wsr","type":"image\/png"}],"twitter_card":"summary_large_image","twitter_misc":{"Precio":"","Disponibilidad":"Disponible"},"schema":{"@context":"https:\/\/schema.org","@graph":[{"@type":["WebPage","ItemPage"],"@id":"https:\/\/mbc-marine.com\/product\/dc-prb-4\/","url":"https:\/\/mbc-marine.com\/product\/dc-prb-4\/","name":"CAJA DE REL\u00c9S DE BOMBA DC-PRB-4 - MBC Marine","isPartOf":{"@id":"https:\/\/mbc-marine.com\/#website"},"primaryImageOfPage":{"@id":"https:\/\/mbc-marine.com\/product\/dc-prb-4\/#primaryimage"},"image":{"@id":"https:\/\/mbc-marine.com\/product\/dc-prb-4\/#primaryimage"},"thumbnailUrl":"https:\/\/mbc-marine.com\/wp-content\/uploads\/2025\/05\/dc-prb-4-pump-relay-box.png?wsr","datePublished":"2025-05-16T09:31:36+00:00","dateModified":"2025-12-03T10:04:31+00:00","description":"Caja de rel\u00e9s de bomba de 4 estaciones para una integraci\u00f3n perfecta del sistema de CC por MBC Marine.","breadcrumb":{"@id":"https:\/\/mbc-marine.com\/product\/dc-prb-4\/#breadcrumb"},"inLanguage":"es","potentialAction":[{"@type":"ReadAction","target":["https:\/\/mbc-marine.com\/product\/dc-prb-4\/"]}]},{"@type":"ImageObject","inLanguage":"es","@id":"https:\/\/mbc-marine.com\/product\/dc-prb-4\/#primaryimage","url":"https:\/\/mbc-marine.com\/wp-content\/uploads\/2025\/05\/dc-prb-4-pump-relay-box.png?wsr","contentUrl":"https:\/\/mbc-marine.com\/wp-content\/uploads\/2025\/05\/dc-prb-4-pump-relay-box.png?wsr","width":1920,"height":1280,"caption":"DC-PRB-4 PUMP RELAY BOX"},{"@type":"BreadcrumbList","@id":"https:\/\/mbc-marine.com\/product\/dc-prb-4\/#breadcrumb","itemListElement":[{"@type":"ListItem","position":1,"name":"Home","item":"https:\/\/mbc-marine.com\/"},{"@type":"ListItem","position":2,"name":"Shop","item":"https:\/\/mbc-marine.com\/shop\/"},{"@type":"ListItem","position":3,"name":"DC-PRB-4 PUMP RELAY BOX"}]},{"@type":"WebSite","@id":"https:\/\/mbc-marine.com\/#website","url":"https:\/\/mbc-marine.com\/","name":"MBC Marino","description":"","potentialAction":[{"@type":"SearchAction","target":{"@type":"EntryPoint","urlTemplate":"https:\/\/mbc-marine.com\/?s={search_term_string}"},"query-input":{"@type":"PropertyValueSpecification","valueRequired":true,"valueName":"search_term_string"}}],"inLanguage":"es"}]},"product_price_currency":"EUR","og_availability":"instock","product_availability":"instock","product_condition":"new"},"_links":{"self":[{"href":"https:\/\/mbc-marine.com\/es\/wp-json\/wp\/v2\/product\/4162","targetHints":{"allow":["GET"]}}],"collection":[{"href":"https:\/\/mbc-marine.com\/es\/wp-json\/wp\/v2\/product"}],"about":[{"href":"https:\/\/mbc-marine.com\/es\/wp-json\/wp\/v2\/types\/product"}],"version-history":[{"count":2,"href":"https:\/\/mbc-marine.com\/es\/wp-json\/wp\/v2\/product\/4162\/revisions"}],"predecessor-version":[{"id":7714,"href":"https:\/\/mbc-marine.com\/es\/wp-json\/wp\/v2\/product\/4162\/revisions\/7714"}],"wp:featuredmedia":[{"embeddable":true,"href":"https:\/\/mbc-marine.com\/es\/wp-json\/wp\/v2\/media\/6176"}],"wp:attachment":[{"href":"https:\/\/mbc-marine.com\/es\/wp-json\/wp\/v2\/media?parent=4162"}],"wp:term":[{"taxonomy":"product_brand","embeddable":true,"href":"https:\/\/mbc-marine.com\/es\/wp-json\/wp\/v2\/product_brand?post=4162"},{"taxonomy":"product_cat","embeddable":true,"href":"https:\/\/mbc-marine.com\/es\/wp-json\/wp\/v2\/product_cat?post=4162"},{"taxonomy":"product_tag","embeddable":true,"href":"https:\/\/mbc-marine.com\/es\/wp-json\/wp\/v2\/product_tag?post=4162"}],"curies":[{"name":"wp","href":"https:\/\/api.w.org\/{rel}","templated":true}]}}