{"id":5008,"date":"2025-07-08T22:15:40","date_gmt":"2025-07-08T20:15:40","guid":{"rendered":"https:\/\/mbc-marine.com\/?post_type=product&#038;p=5008"},"modified":"2025-09-09T13:53:12","modified_gmt":"2025-09-09T11:53:12","slug":"cpm-130-st6","status":"publish","type":"product","link":"https:\/\/mbc-marine.com\/es\/product\/cpm-130-st6\/","title":{"rendered":"CPM130-ST6 \u2013 Bomba de agua marina"},"content":{"rendered":"<p><strong data-start=\"87\" data-end=\"130\">Bomba centr\u00edfuga Pedrollo CPm 130 \u2013 1Ph<\/strong><br data-start=\"130\" data-end=\"133\" \/>Esta bomba es adecuada para la circulaci\u00f3n de agua dulce en los sistemas de refrigeraci\u00f3n marinos MBC. Est\u00e1 dise\u00f1ada para l\u00edquidos limpios que no son agresivos con los materiales de la bomba. Fiable y f\u00e1cil de usar, debe instalarse en un lugar seco y protegido.<\/p>","protected":false},"excerpt":{"rendered":"<table class=\"w-fit min-w-(--thread-content-width)\" style=\"width: 96.107453%;\" data-start=\"88\" data-end=\"1707\">\n<thead data-start=\"88\" data-end=\"177\">\n<tr data-start=\"88\" data-end=\"177\">\n<th style=\"width: 49.246231%;\" data-start=\"88\" data-end=\"132\" data-col-size=\"sm\"><strong data-start=\"90\" data-end=\"107\">Especificaci\u00f3n CPM130 ST6<\/strong><\/th>\n<th style=\"width: 324.120603%;\" data-start=\"132\" data-end=\"177\" data-col-size=\"sm\"><strong data-start=\"134\" data-end=\"143\">Valor<\/strong><\/th>\n<\/tr>\n<\/thead>\n<tbody data-start=\"267\" data-end=\"1707\">\n<tr data-start=\"267\" data-end=\"356\">\n<td style=\"width: 49.246231%;\" data-start=\"267\" data-end=\"311\" data-col-size=\"sm\">Garant\u00eda<\/td>\n<td style=\"width: 324.120603%;\" data-col-size=\"sm\" data-start=\"311\" data-end=\"356\">2 a\u00f1os<\/td>\n<\/tr>\n<tr data-start=\"357\" data-end=\"446\">\n<td style=\"width: 49.246231%;\" data-start=\"357\" data-end=\"401\" data-col-size=\"sm\">Voltaje<\/td>\n<td style=\"width: 324.120603%;\" data-col-size=\"sm\" data-start=\"401\" data-end=\"446\">230 voltios<\/td>\n<\/tr>\n<tr data-start=\"447\" data-end=\"536\">\n<td style=\"width: 49.246231%;\" data-start=\"447\" data-end=\"491\" data-col-size=\"sm\">Potencia<\/td>\n<td style=\"width: 324.120603%;\" data-col-size=\"sm\" data-start=\"491\" data-end=\"536\">370 vatios<\/td>\n<\/tr>\n<tr data-start=\"537\" data-end=\"627\">\n<td style=\"width: 49.246231%;\" data-start=\"537\" data-end=\"581\" data-col-size=\"sm\">Cabezal (m\u00edn.-m\u00e1x.)<\/td>\n<td style=\"width: 324.120603%;\" data-col-size=\"sm\" data-start=\"581\" data-end=\"627\">9\u201321,5 m<\/td>\n<\/tr>\n<tr data-start=\"628\" data-end=\"717\">\n<td style=\"width: 49.246231%;\" data-start=\"628\" data-end=\"672\" data-col-size=\"sm\">Caudal a alturas espec\u00edficas<\/td>\n<td style=\"width: 324.120603%;\" data-col-size=\"sm\" data-start=\"672\" data-end=\"717\">10-100 litros\/min<\/td>\n<\/tr>\n<tr data-start=\"718\" data-end=\"807\">\n<td style=\"width: 49.246231%;\" data-start=\"718\" data-end=\"762\" data-col-size=\"sm\">Conexi\u00f3n de succi\u00f3n<\/td>\n<td style=\"width: 324.120603%;\" data-col-size=\"sm\" data-start=\"762\" data-end=\"807\">Rosca interna de 1 1\/4 pulgadas<\/td>\n<\/tr>\n<tr data-start=\"808\" data-end=\"897\">\n<td style=\"width: 49.246231%;\" data-start=\"808\" data-end=\"852\" data-col-size=\"sm\">Conexi\u00f3n de descarga<\/td>\n<td style=\"width: 324.120603%;\" data-col-size=\"sm\" data-start=\"852\" data-end=\"897\">Rosca interna de 1 pulgada<\/td>\n<\/tr>\n<tr data-start=\"898\" data-end=\"987\">\n<td style=\"width: 49.246231%;\" data-start=\"898\" data-end=\"942\" data-col-size=\"sm\">Profundidad m\u00e1xima de succi\u00f3n<\/td>\n<td style=\"width: 324.120603%;\" data-col-size=\"sm\" data-start=\"942\" data-end=\"987\">7 metros<\/td>\n<\/tr>\n<tr data-start=\"988\" data-end=\"1077\">\n<td style=\"width: 49.246231%;\" data-start=\"988\" data-end=\"1032\" data-col-size=\"sm\">Temperatura m\u00e1xima del l\u00edquido<\/td>\n<td style=\"width: 324.120603%;\" data-col-size=\"sm\" data-start=\"1032\" data-end=\"1077\">90 \u00b0C<\/td>\n<\/tr>\n<tr data-start=\"1078\" data-end=\"1167\">\n<td style=\"width: 49.246231%;\" data-start=\"1078\" data-end=\"1122\" data-col-size=\"sm\">Carcasa de la bomba<\/td>\n<td style=\"width: 324.120603%;\" data-col-size=\"sm\" data-start=\"1122\" data-end=\"1167\">Acero inoxidable AISI 316L<\/td>\n<\/tr>\n<tr data-start=\"1168\" data-end=\"1257\">\n<td style=\"width: 49.246231%;\" data-start=\"1168\" data-end=\"1212\" data-col-size=\"sm\">Eje<\/td>\n<td style=\"width: 324.120603%;\" data-col-size=\"sm\" data-start=\"1212\" data-end=\"1257\">Acero inoxidable AISI 316L<\/td>\n<\/tr>\n<tr data-start=\"1258\" data-end=\"1347\">\n<td style=\"width: 49.246231%;\" data-start=\"1258\" data-end=\"1302\" data-col-size=\"sm\">Sello mec\u00e1nico<\/td>\n<td style=\"width: 324.120603%;\" data-col-size=\"sm\" data-start=\"1302\" data-end=\"1347\">AR-12ST6 Carbono-cer\u00e1mico<\/td>\n<\/tr>\n<tr data-start=\"1348\" data-end=\"1437\">\n<td style=\"width: 49.246231%;\" data-start=\"1348\" data-end=\"1392\" data-col-size=\"sm\">Impulsor<\/td>\n<td style=\"width: 324.120603%;\" data-col-size=\"sm\" data-start=\"1392\" data-end=\"1437\">Acero inoxidable AISI 316L<\/td>\n<\/tr>\n<tr data-start=\"1438\" data-end=\"1527\">\n<td style=\"width: 49.246231%;\" data-start=\"1438\" data-end=\"1482\" data-col-size=\"sm\">Longitud del cable<\/td>\n<td style=\"width: 324.120603%;\" data-col-size=\"sm\" data-start=\"1482\" data-end=\"1527\">0 metros<\/td>\n<\/tr>\n<tr data-start=\"1528\" data-end=\"1617\">\n<td style=\"width: 49.246231%;\" data-start=\"1528\" data-end=\"1572\" data-col-size=\"sm\">Clase de protecci\u00f3n<\/td>\n<td style=\"width: 324.120603%;\" data-col-size=\"sm\" data-start=\"1572\" data-end=\"1617\">IP X4<\/td>\n<\/tr>\n<tr data-start=\"1618\" data-end=\"1707\">\n<td style=\"width: 49.246231%;\" data-start=\"1618\" data-end=\"1662\" data-col-size=\"sm\">Peso<\/td>\n<td style=\"width: 324.120603%;\" data-col-size=\"sm\" data-start=\"1662\" data-end=\"1707\">6,5 kg<\/td>\n<\/tr>\n<\/tbody>\n<\/table>","protected":false},"featured_media":4932,"template":"","meta":{"_acf_changed":false},"product_brand":[],"product_cat":[75],"product_tag":[],"class_list":{"0":"post-5008","1":"product","2":"type-product","3":"status-publish","4":"has-post-thumbnail","6":"product_cat-sea-water-pump","8":"first","9":"instock","10":"shipping-taxable","11":"product-type-simple"},"acf":[],"yoast_head":"<!-- This site is optimized with the Yoast SEO Premium plugin v27.3 (Yoast SEO v27.4) - https:\/\/yoast.com\/product\/yoast-seo-premium-wordpress\/ -->\n<title>CPM130-ST6 - Sea Water Pump - MBC Marine<\/title>\n<meta name=\"description\" content=\"Pedrollo CPm 130 \u2013 1Ph Centrifugal Pump This pump is suitable for circulating fresh water in MBC Marine chiller systems. It is designed for clean liquids that are non-aggressive to pump materials. Reliable and easy to use, it must be installed in a dry, protected location.\" \/>\n<meta name=\"robots\" content=\"index, follow, max-snippet:-1, max-image-preview:large, max-video-preview:-1\" \/>\n<link rel=\"canonical\" href=\"https:\/\/mbc-marine.com\/es\/producto\/cpm-130-st6\/\" \/>\n<meta property=\"og:locale\" content=\"es_ES\" \/>\n<meta property=\"og:type\" content=\"article\" \/>\n<meta property=\"og:title\" content=\"CPM130-ST6 - Sea Water Pump\" \/>\n<meta property=\"og:description\" content=\"Pedrollo CPm 130 \u2013 1Ph Centrifugal Pump This pump is suitable for circulating fresh water in MBC Marine chiller systems. It is designed for clean liquids that are non-aggressive to pump materials. Reliable and easy to use, it must be installed in a dry, protected location.\" \/>\n<meta property=\"og:url\" content=\"https:\/\/mbc-marine.com\/es\/producto\/cpm-130-st6\/\" \/>\n<meta property=\"og:site_name\" content=\"MBC Marine\" \/>\n<meta property=\"article:modified_time\" content=\"2025-09-09T11:53:12+00:00\" \/>\n<meta property=\"og:image\" content=\"https:\/\/mbc-marine.com\/wp-content\/uploads\/2025\/07\/CP-ST_6l9m-mh_v7up-rt_na9j-88.jpg\" \/>\n\t<meta property=\"og:image:width\" content=\"525\" \/>\n\t<meta property=\"og:image:height\" content=\"470\" \/>\n\t<meta property=\"og:image:type\" content=\"image\/jpeg\" \/>\n<meta name=\"twitter:card\" content=\"summary_large_image\" \/>\n<meta name=\"twitter:label1\" content=\"Precio\" \/>\n\t<meta name=\"twitter:data1\" content=\"\" \/>\n\t<meta name=\"twitter:label2\" content=\"Disponibilidad\" \/>\n\t<meta name=\"twitter:data2\" content=\"Disponible\" \/>\n<script type=\"application\/ld+json\" class=\"yoast-schema-graph\">{\"@context\":\"https:\\\/\\\/schema.org\",\"@graph\":[{\"@type\":[\"WebPage\",\"ItemPage\"],\"@id\":\"https:\\\/\\\/mbc-marine.com\\\/product\\\/cpm-130-st6\\\/\",\"url\":\"https:\\\/\\\/mbc-marine.com\\\/product\\\/cpm-130-st6\\\/\",\"name\":\"CPM130-ST6 - Sea Water Pump - MBC Marine\",\"isPartOf\":{\"@id\":\"https:\\\/\\\/mbc-marine.com\\\/#website\"},\"primaryImageOfPage\":{\"@id\":\"https:\\\/\\\/mbc-marine.com\\\/product\\\/cpm-130-st6\\\/#primaryimage\"},\"image\":{\"@id\":\"https:\\\/\\\/mbc-marine.com\\\/product\\\/cpm-130-st6\\\/#primaryimage\"},\"thumbnailUrl\":\"https:\\\/\\\/mbc-marine.com\\\/wp-content\\\/uploads\\\/2025\\\/07\\\/CP-ST_6l9m-mh_v7up-rt_na9j-88.jpg?wsr\",\"datePublished\":\"2025-07-08T20:15:40+00:00\",\"dateModified\":\"2025-09-09T11:53:12+00:00\",\"description\":\"Pedrollo CPm 130 \u2013 1Ph Centrifugal Pump This pump is suitable for circulating fresh water in MBC Marine chiller systems. It is designed for clean liquids that are non-aggressive to pump materials. Reliable and easy to use, it must be installed in a dry, protected location.\",\"breadcrumb\":{\"@id\":\"https:\\\/\\\/mbc-marine.com\\\/product\\\/cpm-130-st6\\\/#breadcrumb\"},\"inLanguage\":\"es\",\"potentialAction\":[{\"@type\":\"ReadAction\",\"target\":[\"https:\\\/\\\/mbc-marine.com\\\/product\\\/cpm-130-st6\\\/\"]}]},{\"@type\":\"ImageObject\",\"inLanguage\":\"es\",\"@id\":\"https:\\\/\\\/mbc-marine.com\\\/product\\\/cpm-130-st6\\\/#primaryimage\",\"url\":\"https:\\\/\\\/mbc-marine.com\\\/wp-content\\\/uploads\\\/2025\\\/07\\\/CP-ST_6l9m-mh_v7up-rt_na9j-88.jpg?wsr\",\"contentUrl\":\"https:\\\/\\\/mbc-marine.com\\\/wp-content\\\/uploads\\\/2025\\\/07\\\/CP-ST_6l9m-mh_v7up-rt_na9j-88.jpg?wsr\",\"width\":525,\"height\":470},{\"@type\":\"BreadcrumbList\",\"@id\":\"https:\\\/\\\/mbc-marine.com\\\/product\\\/cpm-130-st6\\\/#breadcrumb\",\"itemListElement\":[{\"@type\":\"ListItem\",\"position\":1,\"name\":\"Home\",\"item\":\"https:\\\/\\\/mbc-marine.com\\\/\"},{\"@type\":\"ListItem\",\"position\":2,\"name\":\"Shop\",\"item\":\"https:\\\/\\\/mbc-marine.com\\\/shop\\\/\"},{\"@type\":\"ListItem\",\"position\":3,\"name\":\"CPM130-ST6 &#8211; Sea Water Pump\"}]},{\"@type\":\"WebSite\",\"@id\":\"https:\\\/\\\/mbc-marine.com\\\/#website\",\"url\":\"https:\\\/\\\/mbc-marine.com\\\/\",\"name\":\"MBC Marine\",\"description\":\"\",\"potentialAction\":[{\"@type\":\"SearchAction\",\"target\":{\"@type\":\"EntryPoint\",\"urlTemplate\":\"https:\\\/\\\/mbc-marine.com\\\/?s={search_term_string}\"},\"query-input\":{\"@type\":\"PropertyValueSpecification\",\"valueRequired\":true,\"valueName\":\"search_term_string\"}}],\"inLanguage\":\"es\"}]}<\/script>\n<meta property=\"product:price:currency\" content=\"EUR\" \/>\n<meta property=\"og:availability\" content=\"instock\" \/>\n<meta property=\"product:availability\" content=\"instock\" \/>\n<meta property=\"product:condition\" content=\"new\" \/>\n<!-- \/ Yoast SEO Premium plugin. -->","yoast_head_json":{"title":"CPM130-ST6 - Bomba de agua de mar - MBC Marine","description":"Bomba centr\u00edfuga Pedrollo CPm 130 \u2013 1Ph Esta bomba es adecuada para la circulaci\u00f3n de agua dulce en sistemas de refrigeraci\u00f3n marinos MBC. Est\u00e1 dise\u00f1ada para l\u00edquidos limpios que no son agresivos con los materiales de la bomba. Fiable y f\u00e1cil de usar, debe instalarse en un lugar seco y protegido.","robots":{"index":"index","follow":"follow","max-snippet":"max-snippet:-1","max-image-preview":"max-image-preview:large","max-video-preview":"max-video-preview:-1"},"canonical":"https:\/\/mbc-marine.com\/es\/producto\/cpm-130-st6\/","og_locale":"es_ES","og_type":"article","og_title":"CPM130-ST6 - Sea Water Pump","og_description":"Pedrollo CPm 130 \u2013 1Ph Centrifugal Pump This pump is suitable for circulating fresh water in MBC Marine chiller systems. It is designed for clean liquids that are non-aggressive to pump materials. Reliable and easy to use, it must be installed in a dry, protected location.","og_url":"https:\/\/mbc-marine.com\/es\/producto\/cpm-130-st6\/","og_site_name":"MBC Marine","article_modified_time":"2025-09-09T11:53:12+00:00","og_image":[{"width":525,"height":470,"url":"https:\/\/mbc-marine.com\/wp-content\/uploads\/2025\/07\/CP-ST_6l9m-mh_v7up-rt_na9j-88.jpg","type":"image\/jpeg"}],"twitter_card":"summary_large_image","twitter_misc":{"Precio":"","Disponibilidad":"Disponible"},"schema":{"@context":"https:\/\/schema.org","@graph":[{"@type":["WebPage","ItemPage"],"@id":"https:\/\/mbc-marine.com\/product\/cpm-130-st6\/","url":"https:\/\/mbc-marine.com\/product\/cpm-130-st6\/","name":"CPM130-ST6 - Bomba de agua de mar - MBC Marine","isPartOf":{"@id":"https:\/\/mbc-marine.com\/#website"},"primaryImageOfPage":{"@id":"https:\/\/mbc-marine.com\/product\/cpm-130-st6\/#primaryimage"},"image":{"@id":"https:\/\/mbc-marine.com\/product\/cpm-130-st6\/#primaryimage"},"thumbnailUrl":"https:\/\/mbc-marine.com\/wp-content\/uploads\/2025\/07\/CP-ST_6l9m-mh_v7up-rt_na9j-88.jpg?wsr","datePublished":"2025-07-08T20:15:40+00:00","dateModified":"2025-09-09T11:53:12+00:00","description":"Bomba centr\u00edfuga Pedrollo CPm 130 \u2013 1Ph Esta bomba es adecuada para la circulaci\u00f3n de agua dulce en sistemas de refrigeraci\u00f3n marinos MBC. Est\u00e1 dise\u00f1ada para l\u00edquidos limpios que no son agresivos con los materiales de la bomba. Fiable y f\u00e1cil de usar, debe instalarse en un lugar seco y protegido.","breadcrumb":{"@id":"https:\/\/mbc-marine.com\/product\/cpm-130-st6\/#breadcrumb"},"inLanguage":"es","potentialAction":[{"@type":"ReadAction","target":["https:\/\/mbc-marine.com\/product\/cpm-130-st6\/"]}]},{"@type":"ImageObject","inLanguage":"es","@id":"https:\/\/mbc-marine.com\/product\/cpm-130-st6\/#primaryimage","url":"https:\/\/mbc-marine.com\/wp-content\/uploads\/2025\/07\/CP-ST_6l9m-mh_v7up-rt_na9j-88.jpg?wsr","contentUrl":"https:\/\/mbc-marine.com\/wp-content\/uploads\/2025\/07\/CP-ST_6l9m-mh_v7up-rt_na9j-88.jpg?wsr","width":525,"height":470},{"@type":"BreadcrumbList","@id":"https:\/\/mbc-marine.com\/product\/cpm-130-st6\/#breadcrumb","itemListElement":[{"@type":"ListItem","position":1,"name":"Home","item":"https:\/\/mbc-marine.com\/"},{"@type":"ListItem","position":2,"name":"Shop","item":"https:\/\/mbc-marine.com\/shop\/"},{"@type":"ListItem","position":3,"name":"CPM130-ST6 &#8211; Sea Water Pump"}]},{"@type":"WebSite","@id":"https:\/\/mbc-marine.com\/#website","url":"https:\/\/mbc-marine.com\/","name":"MBC Marino","description":"","potentialAction":[{"@type":"SearchAction","target":{"@type":"EntryPoint","urlTemplate":"https:\/\/mbc-marine.com\/?s={search_term_string}"},"query-input":{"@type":"PropertyValueSpecification","valueRequired":true,"valueName":"search_term_string"}}],"inLanguage":"es"}]},"product_price_currency":"EUR","og_availability":"instock","product_availability":"instock","product_condition":"new"},"_links":{"self":[{"href":"https:\/\/mbc-marine.com\/es\/wp-json\/wp\/v2\/product\/5008","targetHints":{"allow":["GET"]}}],"collection":[{"href":"https:\/\/mbc-marine.com\/es\/wp-json\/wp\/v2\/product"}],"about":[{"href":"https:\/\/mbc-marine.com\/es\/wp-json\/wp\/v2\/types\/product"}],"version-history":[{"count":0,"href":"https:\/\/mbc-marine.com\/es\/wp-json\/wp\/v2\/product\/5008\/revisions"}],"wp:featuredmedia":[{"embeddable":true,"href":"https:\/\/mbc-marine.com\/es\/wp-json\/wp\/v2\/media\/4932"}],"wp:attachment":[{"href":"https:\/\/mbc-marine.com\/es\/wp-json\/wp\/v2\/media?parent=5008"}],"wp:term":[{"taxonomy":"product_brand","embeddable":true,"href":"https:\/\/mbc-marine.com\/es\/wp-json\/wp\/v2\/product_brand?post=5008"},{"taxonomy":"product_cat","embeddable":true,"href":"https:\/\/mbc-marine.com\/es\/wp-json\/wp\/v2\/product_cat?post=5008"},{"taxonomy":"product_tag","embeddable":true,"href":"https:\/\/mbc-marine.com\/es\/wp-json\/wp\/v2\/product_tag?post=5008"}],"curies":[{"name":"wp","href":"https:\/\/api.w.org\/{rel}","templated":true}]}}