{"id":5055,"date":"2025-07-22T11:11:56","date_gmt":"2025-07-22T09:11:56","guid":{"rendered":"https:\/\/mbc-marine.com\/?post_type=product&#038;p=5055"},"modified":"2026-04-29T16:57:01","modified_gmt":"2026-04-29T14:57:01","slug":"cpm100","status":"publish","type":"product","link":"https:\/\/mbc-marine.com\/es\/product\/cpm100\/","title":{"rendered":"CPM100 - Bomba de agua dulce"},"content":{"rendered":"<p>La bomba CPM 100 es adecuada para la circulaci\u00f3n de agua dulce en los sistemas de refrigeraci\u00f3n marinos MBC. Est\u00e1 dise\u00f1ada para l\u00edquidos limpios que no son agresivos con los materiales de la bomba. Fiable y f\u00e1cil de usar, debe instalarse en un lugar seco y protegido.<\/p>","protected":false},"excerpt":{"rendered":"<table class=\"w-fit min-w-(--thread-content-width)\" style=\"width: 101.276204%;\" data-start=\"82\" data-end=\"2036\">\n<thead data-start=\"82\" data-end=\"166\">\n<tr data-start=\"82\" data-end=\"166\">\n<th style=\"width: 43.79085%;\" data-start=\"82\" data-end=\"126\" data-col-size=\"sm\"><strong data-start=\"84\" data-end=\"101\">Especificaci\u00f3n<\/strong><\/th>\n<th style=\"width: 288.888889%;\" data-start=\"126\" data-end=\"166\" data-col-size=\"sm\"><strong data-start=\"128\" data-end=\"137\">Valor<\/strong><\/th>\n<\/tr>\n<\/thead>\n<tbody data-start=\"251\" data-end=\"2036\">\n<tr data-start=\"251\" data-end=\"335\">\n<td style=\"width: 43.79085%;\" data-start=\"251\" data-end=\"295\" data-col-size=\"sm\">Garant\u00eda<\/td>\n<td style=\"width: 288.888889%;\" data-col-size=\"sm\" data-start=\"295\" data-end=\"335\">2 a\u00f1os<\/td>\n<\/tr>\n<tr data-start=\"336\" data-end=\"420\">\n<td style=\"width: 43.79085%;\" data-start=\"336\" data-end=\"380\" data-col-size=\"sm\">Voltaje<\/td>\n<td style=\"width: 288.888889%;\" data-col-size=\"sm\" data-start=\"380\" data-end=\"420\">230 voltios<\/td>\n<\/tr>\n<tr data-start=\"421\" data-end=\"505\">\n<td style=\"width: 43.79085%;\" data-start=\"421\" data-end=\"465\" data-col-size=\"sm\">Velocidad<\/td>\n<td style=\"width: 288.888889%;\" data-col-size=\"sm\" data-start=\"465\" data-end=\"505\">2900 rpm<\/td>\n<\/tr>\n<tr data-start=\"506\" data-end=\"590\">\n<td style=\"width: 43.79085%;\" data-start=\"506\" data-end=\"550\" data-col-size=\"sm\">Potencia<\/td>\n<td style=\"width: 288.888889%;\" data-col-size=\"sm\" data-start=\"550\" data-end=\"590\">250 vatios<\/td>\n<\/tr>\n<tr data-start=\"591\" data-end=\"676\">\n<td style=\"width: 43.79085%;\" data-start=\"591\" data-end=\"635\" data-col-size=\"sm\">Cabezal (m\u00edn.-m\u00e1x.)<\/td>\n<td style=\"width: 288.888889%;\" data-col-size=\"sm\" data-start=\"635\" data-end=\"676\">7-15 m<\/td>\n<\/tr>\n<tr data-start=\"677\" data-end=\"761\">\n<td style=\"width: 43.79085%;\" data-start=\"677\" data-end=\"721\" data-col-size=\"sm\">Caudal a alturas espec\u00edficas<\/td>\n<td style=\"width: 288.888889%;\" data-col-size=\"sm\" data-start=\"721\" data-end=\"761\">10-60 litros\/min<\/td>\n<\/tr>\n<tr data-start=\"762\" data-end=\"846\">\n<td style=\"width: 43.79085%;\" data-start=\"762\" data-end=\"806\" data-col-size=\"sm\">Conexi\u00f3n de succi\u00f3n<\/td>\n<td style=\"width: 288.888889%;\" data-col-size=\"sm\" data-start=\"806\" data-end=\"846\">1 pulgada<\/td>\n<\/tr>\n<tr data-start=\"847\" data-end=\"931\">\n<td style=\"width: 43.79085%;\" data-start=\"847\" data-end=\"891\" data-col-size=\"sm\">Conexi\u00f3n de descarga<\/td>\n<td style=\"width: 288.888889%;\" data-col-size=\"sm\" data-start=\"891\" data-end=\"931\">1 pulgada<\/td>\n<\/tr>\n<tr data-start=\"932\" data-end=\"1016\">\n<td style=\"width: 43.79085%;\" data-start=\"932\" data-end=\"976\" data-col-size=\"sm\">Profundidad m\u00e1xima de succi\u00f3n<\/td>\n<td style=\"width: 288.888889%;\" data-col-size=\"sm\" data-start=\"976\" data-end=\"1016\">7 metros<\/td>\n<\/tr>\n<tr data-start=\"1017\" data-end=\"1101\">\n<td style=\"width: 43.79085%;\" data-start=\"1017\" data-end=\"1061\" data-col-size=\"sm\">Temperatura m\u00e1xima del l\u00edquido<\/td>\n<td style=\"width: 288.888889%;\" data-col-size=\"sm\" data-start=\"1061\" data-end=\"1101\">90 \u00b0C<\/td>\n<\/tr>\n<tr data-start=\"1102\" data-end=\"1186\">\n<td style=\"width: 43.79085%;\" data-start=\"1102\" data-end=\"1146\" data-col-size=\"sm\">Temperatura ambiente m\u00e1xima<\/td>\n<td style=\"width: 288.888889%;\" data-col-size=\"sm\" data-start=\"1146\" data-end=\"1186\">40 \u00b0C<\/td>\n<\/tr>\n<tr data-start=\"1187\" data-end=\"1271\">\n<td style=\"width: 43.79085%;\" data-start=\"1187\" data-end=\"1231\" data-col-size=\"sm\">Longitud de instalaci\u00f3n<\/td>\n<td style=\"width: 288.888889%;\" data-col-size=\"sm\" data-start=\"1231\" data-end=\"1271\">257 mm<\/td>\n<\/tr>\n<tr data-start=\"1272\" data-end=\"1356\">\n<td style=\"width: 43.79085%;\" data-start=\"1272\" data-end=\"1316\" data-col-size=\"sm\">Carcasa de la bomba<\/td>\n<td style=\"width: 288.888889%;\" data-col-size=\"sm\" data-start=\"1316\" data-end=\"1356\">Hierro fundido con rosca ISO 228\/1<\/td>\n<\/tr>\n<tr data-start=\"1357\" data-end=\"1441\">\n<td style=\"width: 43.79085%;\" data-start=\"1357\" data-end=\"1401\" data-col-size=\"sm\">Eje<\/td>\n<td style=\"width: 288.888889%;\" data-col-size=\"sm\" data-start=\"1401\" data-end=\"1441\">Acero inoxidable EN 10088-3-1.4104<\/td>\n<\/tr>\n<tr data-start=\"1442\" data-end=\"1526\">\n<td style=\"width: 43.79085%;\" data-start=\"1442\" data-end=\"1486\" data-col-size=\"sm\">Sello mec\u00e1nico<\/td>\n<td style=\"width: 288.888889%;\" data-col-size=\"sm\" data-start=\"1486\" data-end=\"1526\">AR-12 Cer\u00e1mica-Grafito-NBR<\/td>\n<\/tr>\n<tr data-start=\"1527\" data-end=\"1611\">\n<td style=\"width: 43.79085%;\" data-start=\"1527\" data-end=\"1571\" data-col-size=\"sm\">Impulsor<\/td>\n<td style=\"width: 288.888889%;\" data-col-size=\"sm\" data-start=\"1571\" data-end=\"1611\">Acero inoxidable AISI 304<\/td>\n<\/tr>\n<tr data-start=\"1612\" data-end=\"1696\">\n<td style=\"width: 43.79085%;\" data-start=\"1612\" data-end=\"1656\" data-col-size=\"sm\">Longitud del cable<\/td>\n<td style=\"width: 288.888889%;\" data-col-size=\"sm\" data-start=\"1656\" data-end=\"1696\">0 metros<\/td>\n<\/tr>\n<tr data-start=\"1697\" data-end=\"1781\">\n<td style=\"width: 43.79085%;\" data-start=\"1697\" data-end=\"1741\" data-col-size=\"sm\">Clase de protecci\u00f3n<\/td>\n<td style=\"width: 288.888889%;\" data-col-size=\"sm\" data-start=\"1741\" data-end=\"1781\">IP X4<\/td>\n<\/tr>\n<tr data-start=\"1782\" data-end=\"1866\">\n<td style=\"width: 43.79085%;\" data-start=\"1782\" data-end=\"1826\" data-col-size=\"sm\">Clase de aislamiento<\/td>\n<td style=\"width: 288.888889%;\" data-col-size=\"sm\" data-start=\"1826\" data-end=\"1866\">F<\/td>\n<\/tr>\n<tr data-start=\"1867\" data-end=\"1951\">\n<td style=\"width: 43.79085%;\" data-start=\"1867\" data-end=\"1911\" data-col-size=\"sm\">Caudal de m\u00e1xima eficiencia<\/td>\n<td style=\"width: 288.888889%;\" data-col-size=\"sm\" data-start=\"1911\" data-end=\"1951\">54 litros\/min a 8 metros<\/td>\n<\/tr>\n<tr data-start=\"1952\" data-end=\"2036\">\n<td style=\"width: 43.79085%;\" data-start=\"1952\" data-end=\"1996\" data-col-size=\"sm\">Peso<\/td>\n<td style=\"width: 288.888889%;\" data-col-size=\"sm\" data-start=\"1996\" data-end=\"2036\">6,8 kg<\/td>\n<\/tr>\n<\/tbody>\n<\/table>","protected":false},"featured_media":5057,"template":"","meta":{"_acf_changed":false},"product_brand":[],"product_cat":[86],"product_tag":[],"class_list":{"0":"post-5055","1":"product","2":"type-product","3":"status-publish","4":"has-post-thumbnail","6":"product_cat-fresh-water-pumps","8":"first","9":"instock","10":"shipping-taxable","11":"product-type-simple"},"acf":[],"_links":{"self":[{"href":"https:\/\/mbc-marine.com\/es\/wp-json\/wp\/v2\/product\/5055","targetHints":{"allow":["GET"]}}],"collection":[{"href":"https:\/\/mbc-marine.com\/es\/wp-json\/wp\/v2\/product"}],"about":[{"href":"https:\/\/mbc-marine.com\/es\/wp-json\/wp\/v2\/types\/product"}],"version-history":[{"count":1,"href":"https:\/\/mbc-marine.com\/es\/wp-json\/wp\/v2\/product\/5055\/revisions"}],"predecessor-version":[{"id":8142,"href":"https:\/\/mbc-marine.com\/es\/wp-json\/wp\/v2\/product\/5055\/revisions\/8142"}],"wp:featuredmedia":[{"embeddable":true,"href":"https:\/\/mbc-marine.com\/es\/wp-json\/wp\/v2\/media\/5057"}],"wp:attachment":[{"href":"https:\/\/mbc-marine.com\/es\/wp-json\/wp\/v2\/media?parent=5055"}],"wp:term":[{"taxonomy":"product_brand","embeddable":true,"href":"https:\/\/mbc-marine.com\/es\/wp-json\/wp\/v2\/product_brand?post=5055"},{"taxonomy":"product_cat","embeddable":true,"href":"https:\/\/mbc-marine.com\/es\/wp-json\/wp\/v2\/product_cat?post=5055"},{"taxonomy":"product_tag","embeddable":true,"href":"https:\/\/mbc-marine.com\/es\/wp-json\/wp\/v2\/product_tag?post=5055"}],"curies":[{"name":"wp","href":"https:\/\/api.w.org\/{rel}","templated":true}]}}