{"id":5063,"date":"2025-07-22T11:33:49","date_gmt":"2025-07-22T09:33:49","guid":{"rendered":"https:\/\/mbc-marine.com\/?post_type=product&#038;p=5063"},"modified":"2025-09-09T13:54:35","modified_gmt":"2025-09-09T11:54:35","slug":"cpm130","status":"publish","type":"product","link":"https:\/\/mbc-marine.com\/es\/product\/cpm130\/","title":{"rendered":"CPM130 - Bomba de agua dulce"},"content":{"rendered":"<p>La bomba CPM 130 es adecuada para la circulaci\u00f3n de agua dulce en los sistemas de refrigeraci\u00f3n marinos MBC. Est\u00e1 dise\u00f1ada para l\u00edquidos limpios que no son agresivos con los materiales de la bomba. Fiable y f\u00e1cil de usar, debe instalarse en un lugar seco y protegido.<\/p>","protected":false},"excerpt":{"rendered":"<p>&nbsp;<\/p>\n<table style=\"width: 101.144142%;\">\n<thead>\n<tr>\n<th style=\"width: 43.79085%;\"><strong>Especificaci\u00f3n CPM130<\/strong><\/th>\n<th style=\"width: 288.453159%;\"><strong>Valor<\/strong><\/th>\n<\/tr>\n<\/thead>\n<tbody>\n<tr>\n<td style=\"width: 43.79085%;\">Garant\u00eda<\/td>\n<td style=\"width: 288.453159%;\">2 a\u00f1os<\/td>\n<\/tr>\n<tr>\n<td style=\"width: 43.79085%;\">Voltaje<\/td>\n<td style=\"width: 288.453159%;\">230 voltios<\/td>\n<\/tr>\n<tr>\n<td style=\"width: 43.79085%;\">Velocidad<\/td>\n<td style=\"width: 288.453159%;\">2900 rpm<\/td>\n<\/tr>\n<tr>\n<td style=\"width: 43.79085%;\">Potencia<\/td>\n<td style=\"width: 288.453159%;\">370 vatios<\/td>\n<\/tr>\n<tr>\n<td style=\"width: 43.79085%;\">Cabezal (m\u00edn.-m\u00e1x.)<\/td>\n<td style=\"width: 288.453159%;\">14-22 m<\/td>\n<\/tr>\n<tr>\n<td style=\"width: 43.79085%;\">Caudal a alturas espec\u00edficas<\/td>\n<td style=\"width: 288.453159%;\">10-80 litros\/min<\/td>\n<\/tr>\n<tr>\n<td style=\"width: 43.79085%;\">Conexi\u00f3n de succi\u00f3n<\/td>\n<td style=\"width: 288.453159%;\">1 pulgada<\/td>\n<\/tr>\n<tr>\n<td style=\"width: 43.79085%;\">Conexi\u00f3n de descarga<\/td>\n<td style=\"width: 288.453159%;\">1 pulgada<\/td>\n<\/tr>\n<tr>\n<td style=\"width: 43.79085%;\">Profundidad m\u00e1xima de succi\u00f3n<\/td>\n<td style=\"width: 288.453159%;\">7 metros<\/td>\n<\/tr>\n<tr>\n<td style=\"width: 43.79085%;\">Temperatura m\u00e1xima del l\u00edquido<\/td>\n<td style=\"width: 288.453159%;\">90 \u00b0C<\/td>\n<\/tr>\n<tr>\n<td style=\"width: 43.79085%;\">Temperatura ambiente m\u00e1xima<\/td>\n<td style=\"width: 288.453159%;\">40 \u00b0C<\/td>\n<\/tr>\n<tr>\n<td style=\"width: 43.79085%;\">Longitud de instalaci\u00f3n<\/td>\n<td style=\"width: 288.453159%;\">257 mm<\/td>\n<\/tr>\n<tr>\n<td style=\"width: 43.79085%;\">Carcasa de la bomba<\/td>\n<td style=\"width: 288.453159%;\">Hierro fundido con rosca ISO 228\/1<\/td>\n<\/tr>\n<tr>\n<td style=\"width: 43.79085%;\">Eje<\/td>\n<td style=\"width: 288.453159%;\">Acero inoxidable AISI 431<\/td>\n<\/tr>\n<tr>\n<td style=\"width: 43.79085%;\">Sello mec\u00e1nico<\/td>\n<td style=\"width: 288.453159%;\">AR-12 Cer\u00e1mica-Grafito-NBR<\/td>\n<\/tr>\n<tr>\n<td style=\"width: 43.79085%;\">Impulsor<\/td>\n<td style=\"width: 288.453159%;\">Acero inoxidable AISI 304<\/td>\n<\/tr>\n<tr>\n<td style=\"width: 43.79085%;\">Longitud del cable<\/td>\n<td style=\"width: 288.453159%;\">0 metros<\/td>\n<\/tr>\n<tr>\n<td style=\"width: 43.79085%;\">Clase de protecci\u00f3n<\/td>\n<td style=\"width: 288.453159%;\">IP X4<\/td>\n<\/tr>\n<tr>\n<td style=\"width: 43.79085%;\">Clase de aislamiento<\/td>\n<td style=\"width: 288.453159%;\">F<\/td>\n<\/tr>\n<tr>\n<td style=\"width: 43.79085%;\">Caudal de m\u00e1xima eficiencia<\/td>\n<td style=\"width: 288.453159%;\">61 litros\/min a 16 metros<\/td>\n<\/tr>\n<tr>\n<td style=\"width: 43.79085%;\">Peso<\/td>\n<td style=\"width: 288.453159%;\">7,7 kg<\/td>\n<\/tr>\n<\/tbody>\n<\/table>","protected":false},"featured_media":5057,"template":"","meta":{"_acf_changed":false},"product_brand":[],"product_cat":[86],"product_tag":[],"class_list":{"0":"post-5063","1":"product","2":"type-product","3":"status-publish","4":"has-post-thumbnail","6":"product_cat-fresh-water-pumps","8":"first","9":"instock","10":"shipping-taxable","11":"product-type-simple"},"acf":[],"yoast_head":"<!-- This site is optimized with the Yoast SEO Premium plugin v27.3 (Yoast SEO v27.4) - https:\/\/yoast.com\/product\/yoast-seo-premium-wordpress\/ -->\n<title>CPM130 - Fresh Water Pump - MBC Marine<\/title>\n<meta name=\"description\" content=\"CPM 130 pump is suitable for circulating fresh water in MBC Marine chiller systems. It is designed for clean liquids that are non-aggressive to pump materials. Reliable and easy to use, it must be installed in a dry, protected location.\" \/>\n<meta name=\"robots\" content=\"index, follow, max-snippet:-1, max-image-preview:large, max-video-preview:-1\" \/>\n<link rel=\"canonical\" href=\"https:\/\/mbc-marine.com\/es\/producto\/cpm130\/\" \/>\n<meta property=\"og:locale\" content=\"es_ES\" \/>\n<meta property=\"og:type\" content=\"article\" \/>\n<meta property=\"og:title\" content=\"CPM130 - Fresh Water Pump\" \/>\n<meta property=\"og:description\" content=\"CPM 130 pump is suitable for circulating fresh water in MBC Marine chiller systems. It is designed for clean liquids that are non-aggressive to pump materials. Reliable and easy to use, it must be installed in a dry, protected location.\" \/>\n<meta property=\"og:url\" content=\"https:\/\/mbc-marine.com\/es\/producto\/cpm130\/\" \/>\n<meta property=\"og:site_name\" content=\"MBC Marine\" \/>\n<meta property=\"article:modified_time\" content=\"2025-09-09T11:54:35+00:00\" \/>\n<meta property=\"og:image\" content=\"https:\/\/mbc-marine.com\/wp-content\/uploads\/2025\/07\/cp-_gbase__10_1.jpg\" \/>\n\t<meta property=\"og:image:width\" content=\"265\" \/>\n\t<meta property=\"og:image:height\" content=\"265\" \/>\n\t<meta property=\"og:image:type\" content=\"image\/jpeg\" \/>\n<meta name=\"twitter:card\" content=\"summary_large_image\" \/>\n<meta name=\"twitter:label1\" content=\"Precio\" \/>\n\t<meta name=\"twitter:data1\" content=\"\" \/>\n\t<meta name=\"twitter:label2\" content=\"Disponibilidad\" \/>\n\t<meta name=\"twitter:data2\" content=\"Disponible\" \/>\n<script type=\"application\/ld+json\" class=\"yoast-schema-graph\">{\"@context\":\"https:\\\/\\\/schema.org\",\"@graph\":[{\"@type\":[\"WebPage\",\"ItemPage\"],\"@id\":\"https:\\\/\\\/mbc-marine.com\\\/product\\\/cpm130\\\/\",\"url\":\"https:\\\/\\\/mbc-marine.com\\\/product\\\/cpm130\\\/\",\"name\":\"CPM130 - Fresh Water Pump - MBC Marine\",\"isPartOf\":{\"@id\":\"https:\\\/\\\/mbc-marine.com\\\/#website\"},\"primaryImageOfPage\":{\"@id\":\"https:\\\/\\\/mbc-marine.com\\\/product\\\/cpm130\\\/#primaryimage\"},\"image\":{\"@id\":\"https:\\\/\\\/mbc-marine.com\\\/product\\\/cpm130\\\/#primaryimage\"},\"thumbnailUrl\":\"https:\\\/\\\/mbc-marine.com\\\/wp-content\\\/uploads\\\/2025\\\/07\\\/cp-_gbase__10_1.jpg?wsr\",\"datePublished\":\"2025-07-22T09:33:49+00:00\",\"dateModified\":\"2025-09-09T11:54:35+00:00\",\"description\":\"CPM 130 pump is suitable for circulating fresh water in MBC Marine chiller systems. It is designed for clean liquids that are non-aggressive to pump materials. Reliable and easy to use, it must be installed in a dry, protected location.\",\"breadcrumb\":{\"@id\":\"https:\\\/\\\/mbc-marine.com\\\/product\\\/cpm130\\\/#breadcrumb\"},\"inLanguage\":\"es\",\"potentialAction\":[{\"@type\":\"ReadAction\",\"target\":[\"https:\\\/\\\/mbc-marine.com\\\/product\\\/cpm130\\\/\"]}]},{\"@type\":\"ImageObject\",\"inLanguage\":\"es\",\"@id\":\"https:\\\/\\\/mbc-marine.com\\\/product\\\/cpm130\\\/#primaryimage\",\"url\":\"https:\\\/\\\/mbc-marine.com\\\/wp-content\\\/uploads\\\/2025\\\/07\\\/cp-_gbase__10_1.jpg?wsr\",\"contentUrl\":\"https:\\\/\\\/mbc-marine.com\\\/wp-content\\\/uploads\\\/2025\\\/07\\\/cp-_gbase__10_1.jpg?wsr\",\"width\":265,\"height\":265,\"caption\":\"Pedrollo CPm 100 \u2013 1Ph Centrifugal Pump\"},{\"@type\":\"BreadcrumbList\",\"@id\":\"https:\\\/\\\/mbc-marine.com\\\/product\\\/cpm130\\\/#breadcrumb\",\"itemListElement\":[{\"@type\":\"ListItem\",\"position\":1,\"name\":\"Home\",\"item\":\"https:\\\/\\\/mbc-marine.com\\\/\"},{\"@type\":\"ListItem\",\"position\":2,\"name\":\"Shop\",\"item\":\"https:\\\/\\\/mbc-marine.com\\\/shop\\\/\"},{\"@type\":\"ListItem\",\"position\":3,\"name\":\"CPM130 &#8211; Fresh Water Pump\"}]},{\"@type\":\"WebSite\",\"@id\":\"https:\\\/\\\/mbc-marine.com\\\/#website\",\"url\":\"https:\\\/\\\/mbc-marine.com\\\/\",\"name\":\"MBC Marine\",\"description\":\"\",\"potentialAction\":[{\"@type\":\"SearchAction\",\"target\":{\"@type\":\"EntryPoint\",\"urlTemplate\":\"https:\\\/\\\/mbc-marine.com\\\/?s={search_term_string}\"},\"query-input\":{\"@type\":\"PropertyValueSpecification\",\"valueRequired\":true,\"valueName\":\"search_term_string\"}}],\"inLanguage\":\"es\"}]}<\/script>\n<meta property=\"product:price:currency\" content=\"EUR\" \/>\n<meta property=\"og:availability\" content=\"instock\" \/>\n<meta property=\"product:availability\" content=\"instock\" \/>\n<meta property=\"product:condition\" content=\"new\" \/>\n<!-- \/ Yoast SEO Premium plugin. -->","yoast_head_json":{"title":"CPM130 - Bomba de agua dulce - MBC Marine","description":"La bomba CPM 130 es adecuada para la circulaci\u00f3n de agua dulce en los sistemas de refrigeraci\u00f3n marinos MBC. Est\u00e1 dise\u00f1ada para l\u00edquidos limpios que no son agresivos con los materiales de la bomba. Fiable y f\u00e1cil de usar, debe instalarse en un lugar seco y protegido.","robots":{"index":"index","follow":"follow","max-snippet":"max-snippet:-1","max-image-preview":"max-image-preview:large","max-video-preview":"max-video-preview:-1"},"canonical":"https:\/\/mbc-marine.com\/es\/producto\/cpm130\/","og_locale":"es_ES","og_type":"article","og_title":"CPM130 - Fresh Water Pump","og_description":"CPM 130 pump is suitable for circulating fresh water in MBC Marine chiller systems. It is designed for clean liquids that are non-aggressive to pump materials. Reliable and easy to use, it must be installed in a dry, protected location.","og_url":"https:\/\/mbc-marine.com\/es\/producto\/cpm130\/","og_site_name":"MBC Marine","article_modified_time":"2025-09-09T11:54:35+00:00","og_image":[{"width":265,"height":265,"url":"https:\/\/mbc-marine.com\/wp-content\/uploads\/2025\/07\/cp-_gbase__10_1.jpg","type":"image\/jpeg"}],"twitter_card":"summary_large_image","twitter_misc":{"Precio":"","Disponibilidad":"Disponible"},"schema":{"@context":"https:\/\/schema.org","@graph":[{"@type":["WebPage","ItemPage"],"@id":"https:\/\/mbc-marine.com\/product\/cpm130\/","url":"https:\/\/mbc-marine.com\/product\/cpm130\/","name":"CPM130 - Bomba de agua dulce - MBC Marine","isPartOf":{"@id":"https:\/\/mbc-marine.com\/#website"},"primaryImageOfPage":{"@id":"https:\/\/mbc-marine.com\/product\/cpm130\/#primaryimage"},"image":{"@id":"https:\/\/mbc-marine.com\/product\/cpm130\/#primaryimage"},"thumbnailUrl":"https:\/\/mbc-marine.com\/wp-content\/uploads\/2025\/07\/cp-_gbase__10_1.jpg?wsr","datePublished":"2025-07-22T09:33:49+00:00","dateModified":"2025-09-09T11:54:35+00:00","description":"La bomba CPM 130 es adecuada para la circulaci\u00f3n de agua dulce en los sistemas de refrigeraci\u00f3n marinos MBC. Est\u00e1 dise\u00f1ada para l\u00edquidos limpios que no son agresivos con los materiales de la bomba. Fiable y f\u00e1cil de usar, debe instalarse en un lugar seco y protegido.","breadcrumb":{"@id":"https:\/\/mbc-marine.com\/product\/cpm130\/#breadcrumb"},"inLanguage":"es","potentialAction":[{"@type":"ReadAction","target":["https:\/\/mbc-marine.com\/product\/cpm130\/"]}]},{"@type":"ImageObject","inLanguage":"es","@id":"https:\/\/mbc-marine.com\/product\/cpm130\/#primaryimage","url":"https:\/\/mbc-marine.com\/wp-content\/uploads\/2025\/07\/cp-_gbase__10_1.jpg?wsr","contentUrl":"https:\/\/mbc-marine.com\/wp-content\/uploads\/2025\/07\/cp-_gbase__10_1.jpg?wsr","width":265,"height":265,"caption":"Pedrollo CPm 100 \u2013 1Ph Centrifugal Pump"},{"@type":"BreadcrumbList","@id":"https:\/\/mbc-marine.com\/product\/cpm130\/#breadcrumb","itemListElement":[{"@type":"ListItem","position":1,"name":"Home","item":"https:\/\/mbc-marine.com\/"},{"@type":"ListItem","position":2,"name":"Shop","item":"https:\/\/mbc-marine.com\/shop\/"},{"@type":"ListItem","position":3,"name":"CPM130 &#8211; Fresh Water Pump"}]},{"@type":"WebSite","@id":"https:\/\/mbc-marine.com\/#website","url":"https:\/\/mbc-marine.com\/","name":"MBC Marino","description":"","potentialAction":[{"@type":"SearchAction","target":{"@type":"EntryPoint","urlTemplate":"https:\/\/mbc-marine.com\/?s={search_term_string}"},"query-input":{"@type":"PropertyValueSpecification","valueRequired":true,"valueName":"search_term_string"}}],"inLanguage":"es"}]},"product_price_currency":"EUR","og_availability":"instock","product_availability":"instock","product_condition":"new"},"_links":{"self":[{"href":"https:\/\/mbc-marine.com\/es\/wp-json\/wp\/v2\/product\/5063","targetHints":{"allow":["GET"]}}],"collection":[{"href":"https:\/\/mbc-marine.com\/es\/wp-json\/wp\/v2\/product"}],"about":[{"href":"https:\/\/mbc-marine.com\/es\/wp-json\/wp\/v2\/types\/product"}],"version-history":[{"count":0,"href":"https:\/\/mbc-marine.com\/es\/wp-json\/wp\/v2\/product\/5063\/revisions"}],"wp:featuredmedia":[{"embeddable":true,"href":"https:\/\/mbc-marine.com\/es\/wp-json\/wp\/v2\/media\/5057"}],"wp:attachment":[{"href":"https:\/\/mbc-marine.com\/es\/wp-json\/wp\/v2\/media?parent=5063"}],"wp:term":[{"taxonomy":"product_brand","embeddable":true,"href":"https:\/\/mbc-marine.com\/es\/wp-json\/wp\/v2\/product_brand?post=5063"},{"taxonomy":"product_cat","embeddable":true,"href":"https:\/\/mbc-marine.com\/es\/wp-json\/wp\/v2\/product_cat?post=5063"},{"taxonomy":"product_tag","embeddable":true,"href":"https:\/\/mbc-marine.com\/es\/wp-json\/wp\/v2\/product_tag?post=5063"}],"curies":[{"name":"wp","href":"https:\/\/api.w.org\/{rel}","templated":true}]}}