{"id":1207,"date":"2024-08-29T10:32:29","date_gmt":"2024-08-29T08:32:29","guid":{"rendered":"https:\/\/mbc-marine.com\/?page_id=1207"},"modified":"2025-09-16T14:15:51","modified_gmt":"2025-09-16T12:15:51","slug":"connexion-intelligente","status":"publish","type":"page","link":"https:\/\/mbc-marine.com\/fr\/smart-connect\/","title":{"rendered":"CONNEXION INTELLIGENTE"},"content":{"rendered":"<div data-elementor-type=\"wp-page\" data-elementor-id=\"1207\" class=\"elementor elementor-1207\" data-elementor-post-type=\"page\">\n\t\t\t\t<div class=\"elementor-element elementor-element-7efcb47a e-flex e-con-boxed e-con e-parent\" data-id=\"7efcb47a\" data-element_type=\"container\" data-e-type=\"container\" data-settings=\"{&quot;jet_parallax_layout_list&quot;:[]}\">\n\t\t\t\t\t<div class=\"e-con-inner\">\n\t\t<div class=\"elementor-element elementor-element-4550435 e-con-full elementor-hidden-mobile e-flex e-con e-child\" data-id=\"4550435\" data-element_type=\"container\" data-e-type=\"container\" data-settings=\"{&quot;background_background&quot;:&quot;classic&quot;,&quot;jet_parallax_layout_list&quot;:[]}\">\n\t\t\t\t<div class=\"elementor-element elementor-element-9cbca30 elementor-widget elementor-widget-jet-video\" data-id=\"9cbca30\" data-element_type=\"widget\" data-e-type=\"widget\" data-widget_type=\"jet-video.default\">\n\t\t\t\t<div class=\"elementor-widget-container\">\n\t\t\t\t\t<div class=\"elementor-jet-video jet-elements\">\n<div class=\"jet-video jet-video--fa5-compat jet-video-aspect-ratio jet-video-aspect-ratio--16-9\" data-settings=\"{&quot;lightbox&quot;:false,&quot;autoplay&quot;:false}\"><iframe class=\"jet-video-iframe\" allowfullscreen allow=\"autoplay;encrypted-media\" title=\"Lecteur vid\u00e9o youtube\" data-lazy-load=\"https:\/\/www.youtube.com\/embed\/uMZWF-8NT1s?feature=oembed&amp;start&amp;end&amp;wmode=opaque&amp;autoplay=0&amp;loop=0&amp;controls=1&amp;mute=0&amp;rel=0&amp;modestbranding=0\"><\/iframe>\n<div class=\"jet-video__overlay jet-video__overlay--custom-bg\" style=\"background-image: url(https:\/\/i.ytimg.com\/vi_webp\/uMZWF-8NT1s\/maxresdefault.webp);\">\n<div class=\"jet-video__play-button\" role=\"button\" tabindex=\"0\" aria-label=\"Bouton de lecture vid\u00e9o\"><span class=\"jet-elements-icon jet-video__play-button-icon\"><svg aria-hidden=\"true\" class=\"e-font-icon-svg e-fas-play\" viewbox=\"0 0 448 512\" xmlns=\"http:\/\/www.w3.org\/2000\/svg\"><path d=\"M424.4 214.7L72.4 6.6C43.8-10.3 0 6.1 0 47.9V464c0 37.5 40.7 60.1 72.4 41.3l352-208c31.4-18.5 31.5-64.1 0-82.6z\"><\/path><\/svg><\/span>\t<span class=\"elementor-screen-only\">Play Video<\/span>\n<\/div>\n<\/div>\n<\/div>\n<\/div>\t\t\t\t<\/div>\n\t\t\t\t<\/div>\n\t\t\t\t<\/div>\n\t\t<div class=\"elementor-element elementor-element-a1fe699 e-con-full e-flex e-con e-child\" data-id=\"a1fe699\" data-element_type=\"container\" data-e-type=\"container\" data-settings=\"{&quot;background_background&quot;:&quot;classic&quot;,&quot;jet_parallax_layout_list&quot;:[]}\">\n\t\t\t\t<div class=\"elementor-element elementor-element-334fe5b1 elementor-widget elementor-widget-heading\" data-id=\"334fe5b1\" data-element_type=\"widget\" data-e-type=\"widget\" data-widget_type=\"heading.default\">\n\t\t\t\t<div class=\"elementor-widget-container\">\n\t\t\t\t\t<h1 class=\"elementor-heading-title elementor-size-default\">MBC Marine Smart Connect<\/h1>\t\t\t\t<\/div>\n\t\t\t\t<\/div>\n\t\t\t\t<div class=\"elementor-element elementor-element-3ce2f069 elementor-align-center elementor-widget elementor-widget-button\" data-id=\"3ce2f069\" data-element_type=\"widget\" data-e-type=\"widget\" data-widget_type=\"button.default\">\n\t\t\t\t<div class=\"elementor-widget-container\">\n\t\t\t\t\t\t\t\t\t<div class=\"elementor-button-wrapper\">\n\t\t\t\t\t<a class=\"elementor-button elementor-button-link elementor-size-sm\" href=\"https:\/\/control.mbc-marine.com\/login\" target=\"_blank\">\n\t\t\t\t\t\t<span class=\"elementor-button-content-wrapper\">\n\t\t\t\t\t\t\t\t\t<span class=\"elementor-button-text\">Connexion<\/span>\n\t\t\t\t\t<\/span>\n\t\t\t\t\t<\/a>\n\t\t\t\t<\/div>\n\t\t\t\t\t\t\t\t<\/div>\n\t\t\t\t<\/div>\n\t\t\t\t<div class=\"elementor-element elementor-element-5ac9180d elementor-widget elementor-widget-image\" data-id=\"5ac9180d\" data-element_type=\"widget\" data-e-type=\"widget\" data-widget_type=\"image.default\">\n\t\t\t\t<div class=\"elementor-widget-container\">\n\t\t\t\t\t\t\t\t\t\t\t\t\t\t\t<!--trp-no-translate--><!--trp-no-translate--><img fetchpriority=\"high\" decoding=\"async\" width=\"480\" height=\"619\" src=\"https:\/\/mbc-marine.com\/wp-content\/uploads\/2024\/08\/mobil_appsccreen.png?wsr\" class=\"attachment-large size-large wp-image-1211\" alt=\"mobil_appsccreen\" srcset=\"https:\/\/mbc-marine.com\/wp-content\/uploads\/2024\/08\/mobil_appsccreen.png 480w, https:\/\/mbc-marine.com\/wp-content\/uploads\/2024\/08\/mobil_appsccreen-233x300.png 233w\" sizes=\"(max-width: 480px) 100vw, 480px\" data-no-translation=\"\" \/><!--/trp-no-translate--><!--\/trp-no-translate-->\t\t\t\t\t\t\t\t\t\t\t\t\t\t\t<\/div>\n\t\t\t\t<\/div>\n\t\t\t\t<\/div>\n\t\t\t\t\t<\/div>\n\t\t\t\t<\/div>\n\t\t<div class=\"elementor-element elementor-element-59fa8cc2 e-flex e-con-boxed e-con e-parent\" data-id=\"59fa8cc2\" data-element_type=\"container\" data-e-type=\"container\" data-settings=\"{&quot;jet_parallax_layout_list&quot;:[]}\">\n\t\t\t\t\t<div class=\"e-con-inner\">\n\t\t\t\t<div class=\"elementor-element elementor-element-58d56eee elementor-widget elementor-widget-text-editor\" data-id=\"58d56eee\" data-element_type=\"widget\" data-e-type=\"widget\" data-widget_type=\"text-editor.default\">\n\t\t\t\t<div class=\"elementor-widget-container\">\n\t\t\t\t\t\t\t\t\t<h2>MBC Marine Smart Connect<\/h2><p>Profitez d'un confort ultime sur votre bateau gr\u00e2ce \u00e0 MBC Marine Smart Connect.<\/p><p>Assurez une temp\u00e9rature id\u00e9ale et un apport d'air frais dans votre bateau \u00e0 tout moment et en tout lieu gr\u00e2ce au MBC Marine Smart Connect.<\/p><p><strong>Imaginez le confort :<\/strong> Que vous soyez au bureau ou arr\u00eat\u00e9 \u00e0 un feu rouge, vous pouvez r\u00e9gler la climatisation de votre bateau \u00e0 la temp\u00e9rature id\u00e9ale avant m\u00eame de monter \u00e0 bord.\u00a0<\/p><p>En quelques clics sur votre smartphone, connectez-vous au syst\u00e8me de climatisation de votre bateau via Internet et r\u00e9glez les param\u00e8tres selon vos pr\u00e9f\u00e9rences, que ce soit en mode refroidissement ou chauffage.<\/p><h4>Caract\u00e9ristiques :<\/h4><p><strong>T\u00e9l\u00e9commande<\/strong>: G\u00e9rez la climatisation de votre bateau o\u00f9 que vous soyez \u00e0 l'aide de votre smartphone.<\/p><p><strong>Confort instantan\u00e9<\/strong>: Montez \u00e0 bord d'un bateau qui est d\u00e9j\u00e0 \u00e0 la temp\u00e9rature id\u00e9ale.<\/p><p><strong>Interface conviviale<\/strong>: Configuration facile et commandes intuitives pour une utilisation simplifi\u00e9e.<\/p><p>Passez \u00e0 MBC Marine Smart Connect et profitez d'un confort et d'une commodit\u00e9 in\u00e9gal\u00e9s sur votre bateau.<\/p>\t\t\t\t\t\t\t\t<\/div>\n\t\t\t\t<\/div>\n\t\t\t\t\t<\/div>\n\t\t\t\t<\/div>\n\t\t<div class=\"elementor-element elementor-element-2a2da11d e-flex e-con-boxed e-con e-child\" data-id=\"2a2da11d\" data-element_type=\"container\" data-e-type=\"container\" data-settings=\"{&quot;jet_parallax_layout_list&quot;:[]}\">\n\t\t\t\t\t<div class=\"e-con-inner\">\n\t\t\t\t<div class=\"elementor-element elementor-element-7cd88547 elementor-widget__width-initial elementor-widget elementor-widget-text-editor\" data-id=\"7cd88547\" data-element_type=\"widget\" data-e-type=\"widget\" data-widget_type=\"text-editor.default\">\n\t\t\t\t<div class=\"elementor-widget-container\">\n\t\t\t\t\t\t\t\t\t<h3 class=\"elementor-heading-title elementor-size-medium\">Smart Touch Installation et manuel d'utilisation <br \/>\u00c9cran tactile et t\u00e9l\u00e9commande Internet pour climatiseurs MBC Marine<\/h3>\t\t\t\t\t\t\t\t<\/div>\n\t\t\t\t<\/div>\n\t\t\t\t<div class=\"elementor-element elementor-element-3000cd90 elementor-widget__width-initial elementor-widget elementor-widget-text-editor\" data-id=\"3000cd90\" data-element_type=\"widget\" data-e-type=\"widget\" data-widget_type=\"text-editor.default\">\n\t\t\t\t<div class=\"elementor-widget-container\">\n\t\t\t\t\t\t\t\t\t<p><strong>Le Smart Touch est un contr\u00f4leur \u00e0 \u00e9cran tactile et une t\u00e9l\u00e9commande Internet pour la gamme de climatiseurs MBC Marine.<\/strong><\/p>\t\t\t\t\t\t\t\t<\/div>\n\t\t\t\t<\/div>\n\t\t\t\t\t<\/div>\n\t\t\t\t<\/div>\n\t\t<div class=\"elementor-element elementor-element-09305ad e-flex e-con-boxed e-con e-parent\" data-id=\"09305ad\" data-element_type=\"container\" data-e-type=\"container\" data-settings=\"{&quot;jet_parallax_layout_list&quot;:[]}\">\n\t\t\t\t\t<div class=\"e-con-inner\">\n\t\t\t\t<div class=\"elementor-element elementor-element-39b06b7 elementor-widget elementor-widget-html\" data-id=\"39b06b7\" data-element_type=\"widget\" data-e-type=\"widget\" data-widget_type=\"html.default\">\n\t\t\t\t<div class=\"elementor-widget-container\">\n\t\t\t\t\t<style>\n    .contact-banner-area\n    {\n        display: none;\n    }\n    .section-padding\n    {\n        padding-top: 25px;\n    }\n    \n<\/style>\t\t\t\t<\/div>\n\t\t\t\t<\/div>\n\t\t\t\t\t<\/div>\n\t\t\t\t<\/div>\n\t\t\t\t<\/div>","protected":false},"excerpt":{"rendered":"<p>Play Video MBC Marine Smart Connect Login MBC Marine Smart Connect Experience Ultimate Comfort on Your Boat with MBC Marine Smart Connect. Ensure the perfect temperature and fresh air supply for your boat anytime, anywhere with the MBC Marine Smart Connect. Imagine the convenience: Whether you&#8217;re at the office or waiting at a red light, [&hellip;]<\/p>\n","protected":false},"author":1,"featured_media":0,"parent":0,"menu_order":0,"comment_status":"closed","ping_status":"closed","template":"","meta":{"_acf_changed":false,"footnotes":""},"class_list":["post-1207","page","type-page","status-publish","hentry"],"acf":[],"yoast_head":"<!-- This site is optimized with the Yoast SEO Premium plugin v27.4 (Yoast SEO v27.4) - https:\/\/yoast.com\/product\/yoast-seo-premium-wordpress\/ -->\n<title>SMART CONNECT - MBC Marine<\/title>\n<meta name=\"description\" content=\"MBC Marine Smart Connect Experience Ultimate Comfort on Your Boat with MBC Marine Smart Connect.Ensure the perfect temperature and fresh air supply for your boat anytime, anywhere with the MBC Marine Smart Connect.\" \/>\n<meta name=\"robots\" content=\"index, follow, max-snippet:-1, max-image-preview:large, max-video-preview:-1\" \/>\n<link rel=\"canonical\" href=\"https:\/\/mbc-marine.com\/fr\/connexion-intelligente\/\" \/>\n<meta property=\"og:locale\" content=\"fr_FR\" \/>\n<meta property=\"og:type\" content=\"article\" \/>\n<meta property=\"og:title\" content=\"SMART CONNECT\" \/>\n<meta property=\"og:description\" content=\"MBC Marine Smart Connect Experience Ultimate Comfort on Your Boat with MBC Marine Smart Connect.Ensure the perfect temperature and fresh air supply for your boat anytime, anywhere with the MBC Marine Smart Connect.\" \/>\n<meta property=\"og:url\" content=\"https:\/\/mbc-marine.com\/fr\/connexion-intelligente\/\" \/>\n<meta property=\"og:site_name\" content=\"MBC Marine\" \/>\n<meta property=\"article:modified_time\" content=\"2025-09-16T12:15:51+00:00\" \/>\n<meta property=\"og:image\" content=\"https:\/\/mbc-marine.com\/wp-content\/uploads\/2024\/08\/mobil_appsccreen.png?wsr\" \/>\n\t<meta property=\"og:image:width\" content=\"480\" \/>\n\t<meta property=\"og:image:height\" content=\"619\" \/>\n\t<meta property=\"og:image:type\" content=\"image\/png\" \/>\n<meta name=\"twitter:card\" content=\"summary_large_image\" \/>\n<meta name=\"twitter:label1\" content=\"Dur\u00e9e de lecture estim\u00e9e\" \/>\n\t<meta name=\"twitter:data1\" content=\"2 minutes\" \/>\n<script type=\"application\/ld+json\" class=\"yoast-schema-graph\">{\"@context\":\"https:\\\/\\\/schema.org\",\"@graph\":[{\"@type\":\"WebPage\",\"@id\":\"https:\\\/\\\/mbc-marine.com\\\/smart-connect\\\/\",\"url\":\"https:\\\/\\\/mbc-marine.com\\\/smart-connect\\\/\",\"name\":\"SMART CONNECT - MBC Marine\",\"isPartOf\":{\"@id\":\"https:\\\/\\\/mbc-marine.com\\\/#website\"},\"primaryImageOfPage\":{\"@id\":\"https:\\\/\\\/mbc-marine.com\\\/smart-connect\\\/#primaryimage\"},\"image\":{\"@id\":\"https:\\\/\\\/mbc-marine.com\\\/smart-connect\\\/#primaryimage\"},\"thumbnailUrl\":\"https:\\\/\\\/mbc-marine.com\\\/wp-content\\\/uploads\\\/2024\\\/08\\\/mobil_appsccreen.png\",\"datePublished\":\"2024-08-29T08:32:29+00:00\",\"dateModified\":\"2025-09-16T12:15:51+00:00\",\"description\":\"MBC Marine Smart Connect Experience Ultimate Comfort on Your Boat with MBC Marine Smart Connect.Ensure the perfect temperature and fresh air supply for your boat anytime, anywhere with the MBC Marine Smart Connect.\",\"breadcrumb\":{\"@id\":\"https:\\\/\\\/mbc-marine.com\\\/smart-connect\\\/#breadcrumb\"},\"inLanguage\":\"fr-FR\",\"potentialAction\":[{\"@type\":\"ReadAction\",\"target\":[\"https:\\\/\\\/mbc-marine.com\\\/smart-connect\\\/\"]}]},{\"@type\":\"ImageObject\",\"inLanguage\":\"fr-FR\",\"@id\":\"https:\\\/\\\/mbc-marine.com\\\/smart-connect\\\/#primaryimage\",\"url\":\"https:\\\/\\\/mbc-marine.com\\\/wp-content\\\/uploads\\\/2024\\\/08\\\/mobil_appsccreen.png\",\"contentUrl\":\"https:\\\/\\\/mbc-marine.com\\\/wp-content\\\/uploads\\\/2024\\\/08\\\/mobil_appsccreen.png\"},{\"@type\":\"BreadcrumbList\",\"@id\":\"https:\\\/\\\/mbc-marine.com\\\/smart-connect\\\/#breadcrumb\",\"itemListElement\":[{\"@type\":\"ListItem\",\"position\":1,\"name\":\"Home\",\"item\":\"https:\\\/\\\/mbc-marine.com\\\/\"},{\"@type\":\"ListItem\",\"position\":2,\"name\":\"SMART CONNECT\"}]},{\"@type\":\"WebSite\",\"@id\":\"https:\\\/\\\/mbc-marine.com\\\/#website\",\"url\":\"https:\\\/\\\/mbc-marine.com\\\/\",\"name\":\"MBC Marine\",\"description\":\"\",\"potentialAction\":[{\"@type\":\"SearchAction\",\"target\":{\"@type\":\"EntryPoint\",\"urlTemplate\":\"https:\\\/\\\/mbc-marine.com\\\/?s={search_term_string}\"},\"query-input\":{\"@type\":\"PropertyValueSpecification\",\"valueRequired\":true,\"valueName\":\"search_term_string\"}}],\"inLanguage\":\"fr-FR\"}]}<\/script>\n<!-- \/ Yoast SEO Premium plugin. -->","yoast_head_json":{"title":"SMART CONNECT - MBC Marine","description":"MBC Marine Smart Connect Profitez d'un confort ultime sur votre bateau gr\u00e2ce \u00e0 MBC Marine Smart Connect. Assurez une temp\u00e9rature id\u00e9ale et un apport d'air frais \u00e0 votre bateau \u00e0 tout moment et en tout lieu gr\u00e2ce \u00e0 MBC Marine Smart Connect.","robots":{"index":"index","follow":"follow","max-snippet":"max-snippet:-1","max-image-preview":"max-image-preview:large","max-video-preview":"max-video-preview:-1"},"canonical":"https:\/\/mbc-marine.com\/fr\/connexion-intelligente\/","og_locale":"fr_FR","og_type":"article","og_title":"SMART CONNECT","og_description":"MBC Marine Smart Connect Experience Ultimate Comfort on Your Boat with MBC Marine Smart Connect.Ensure the perfect temperature and fresh air supply for your boat anytime, anywhere with the MBC Marine Smart Connect.","og_url":"https:\/\/mbc-marine.com\/fr\/connexion-intelligente\/","og_site_name":"MBC Marine","article_modified_time":"2025-09-16T12:15:51+00:00","og_image":[{"width":480,"height":619,"url":"https:\/\/mbc-marine.com\/wp-content\/uploads\/2024\/08\/mobil_appsccreen.png?wsr","type":"image\/png"}],"twitter_card":"summary_large_image","twitter_misc":{"Dur\u00e9e de lecture estim\u00e9e":"2 minutes"},"schema":{"@context":"https:\/\/schema.org","@graph":[{"@type":"WebPage","@id":"https:\/\/mbc-marine.com\/smart-connect\/","url":"https:\/\/mbc-marine.com\/smart-connect\/","name":"SMART CONNECT - MBC Marine","isPartOf":{"@id":"https:\/\/mbc-marine.com\/#website"},"primaryImageOfPage":{"@id":"https:\/\/mbc-marine.com\/smart-connect\/#primaryimage"},"image":{"@id":"https:\/\/mbc-marine.com\/smart-connect\/#primaryimage"},"thumbnailUrl":"https:\/\/mbc-marine.com\/wp-content\/uploads\/2024\/08\/mobil_appsccreen.png","datePublished":"2024-08-29T08:32:29+00:00","dateModified":"2025-09-16T12:15:51+00:00","description":"MBC Marine Smart Connect Profitez d'un confort ultime sur votre bateau gr\u00e2ce \u00e0 MBC Marine Smart Connect. Assurez une temp\u00e9rature id\u00e9ale et un apport d'air frais \u00e0 votre bateau \u00e0 tout moment et en tout lieu gr\u00e2ce \u00e0 MBC Marine Smart Connect.","breadcrumb":{"@id":"https:\/\/mbc-marine.com\/smart-connect\/#breadcrumb"},"inLanguage":"fr-FR","potentialAction":[{"@type":"ReadAction","target":["https:\/\/mbc-marine.com\/smart-connect\/"]}]},{"@type":"ImageObject","inLanguage":"fr-FR","@id":"https:\/\/mbc-marine.com\/smart-connect\/#primaryimage","url":"https:\/\/mbc-marine.com\/wp-content\/uploads\/2024\/08\/mobil_appsccreen.png","contentUrl":"https:\/\/mbc-marine.com\/wp-content\/uploads\/2024\/08\/mobil_appsccreen.png"},{"@type":"BreadcrumbList","@id":"https:\/\/mbc-marine.com\/smart-connect\/#breadcrumb","itemListElement":[{"@type":"ListItem","position":1,"name":"Home","item":"https:\/\/mbc-marine.com\/"},{"@type":"ListItem","position":2,"name":"SMART CONNECT"}]},{"@type":"WebSite","@id":"https:\/\/mbc-marine.com\/#website","url":"https:\/\/mbc-marine.com\/","name":"MBC Marine","description":"","potentialAction":[{"@type":"SearchAction","target":{"@type":"EntryPoint","urlTemplate":"https:\/\/mbc-marine.com\/?s={search_term_string}"},"query-input":{"@type":"PropertyValueSpecification","valueRequired":true,"valueName":"search_term_string"}}],"inLanguage":"fr-FR"}]}},"_links":{"self":[{"href":"https:\/\/mbc-marine.com\/fr\/wp-json\/wp\/v2\/pages\/1207","targetHints":{"allow":["GET"]}}],"collection":[{"href":"https:\/\/mbc-marine.com\/fr\/wp-json\/wp\/v2\/pages"}],"about":[{"href":"https:\/\/mbc-marine.com\/fr\/wp-json\/wp\/v2\/types\/page"}],"author":[{"embeddable":true,"href":"https:\/\/mbc-marine.com\/fr\/wp-json\/wp\/v2\/users\/1"}],"replies":[{"embeddable":true,"href":"https:\/\/mbc-marine.com\/fr\/wp-json\/wp\/v2\/comments?post=1207"}],"version-history":[{"count":3,"href":"https:\/\/mbc-marine.com\/fr\/wp-json\/wp\/v2\/pages\/1207\/revisions"}],"predecessor-version":[{"id":7139,"href":"https:\/\/mbc-marine.com\/fr\/wp-json\/wp\/v2\/pages\/1207\/revisions\/7139"}],"wp:attachment":[{"href":"https:\/\/mbc-marine.com\/fr\/wp-json\/wp\/v2\/media?parent=1207"}],"curies":[{"name":"wp","href":"https:\/\/api.w.org\/{rel}","templated":true}]}}