{"id":3774,"date":"2025-03-18T09:49:28","date_gmt":"2025-03-18T08:49:28","guid":{"rendered":"https:\/\/mbc-marine.com\/?page_id=3774"},"modified":"2025-09-09T16:32:21","modified_gmt":"2025-09-09T14:32:21","slug":"information","status":"publish","type":"page","link":"https:\/\/mbc-marine.com\/fr\/information\/","title":{"rendered":"Informations"},"content":{"rendered":"<div data-elementor-type=\"wp-page\" data-elementor-id=\"3774\" class=\"elementor elementor-3774\" data-elementor-post-type=\"page\">\n\t\t\t\t<div class=\"elementor-element elementor-element-633bd9b e-flex e-con-boxed e-con e-parent\" data-id=\"633bd9b\" data-element_type=\"container\" data-e-type=\"container\" data-settings=\"{&quot;jet_parallax_layout_list&quot;:[]}\">\n\t\t\t\t\t<div class=\"e-con-inner\">\n\t\t\t\t<div class=\"elementor-element elementor-element-1d4d8b3 elementor-widget elementor-widget-heading\" data-id=\"1d4d8b3\" data-element_type=\"widget\" data-e-type=\"widget\" data-widget_type=\"heading.default\">\n\t\t\t\t<div class=\"elementor-widget-container\">\n\t\t\t\t\t<h1 class=\"elementor-heading-title elementor-size-default\">Informations<\/h1>\t\t\t\t<\/div>\n\t\t\t\t<\/div>\n\t\t\t\t<div class=\"elementor-element elementor-element-c53bf46 elementor-widget elementor-widget-heading\" data-id=\"c53bf46\" data-element_type=\"widget\" data-e-type=\"widget\" data-widget_type=\"heading.default\">\n\t\t\t\t<div class=\"elementor-widget-container\">\n\t\t\t\t\t<h2 class=\"elementor-heading-title elementor-size-default\">Mat\u00e9riau de l'\u00e9vaporateur<\/h2>\t\t\t\t<\/div>\n\t\t\t\t<\/div>\n\t\t\t\t<div class=\"elementor-element elementor-element-57e071e elementor-widget elementor-widget-text-editor\" data-id=\"57e071e\" data-element_type=\"widget\" data-e-type=\"widget\" data-widget_type=\"text-editor.default\">\n\t\t\t\t<div class=\"elementor-widget-container\">\n\t\t\t\t\t\t\t\t\t<p><strong>CuNi (cuivre-nickel)<\/strong><br \/>Les \u00e9changeurs de chaleur en CuNi (cuivre-nickel) offrent une r\u00e9sistance exceptionnelle \u00e0 la corrosion, car leur durabilit\u00e9 naturelle les prot\u00e8ge de l'eau de mer et de l'exposition aux produits chimiques, contrairement aux \u00e9changeurs de chaleur en aluminium rev\u00eatu, dont la couche protectrice peut s'user avec le temps. Ils ont une dur\u00e9e de vie plus longue, n\u00e9cessitent moins d'entretien et offrent une meilleure efficacit\u00e9 de transfert de chaleur gr\u00e2ce \u00e0 la conductivit\u00e9 thermique sup\u00e9rieure de l'alliage cuivre-nickel. De plus, ils sont plus r\u00e9sistants m\u00e9caniquement, moins sujets aux dommages et plus faciles \u00e0 nettoyer, car ils sont moins sensibles au biofilm et aux autres d\u00e9p\u00f4ts. Pour ces raisons, les \u00e9changeurs de chaleur CuNi sont le choix id\u00e9al pour les environnements marins et les conditions de fonctionnement extr\u00eames.<\/p>\t\t\t\t\t\t\t\t<\/div>\n\t\t\t\t<\/div>\n\t\t\t\t<div class=\"elementor-element elementor-element-4e25090 elementor-widget elementor-widget-text-editor\" data-id=\"4e25090\" data-element_type=\"widget\" data-e-type=\"widget\" data-widget_type=\"text-editor.default\">\n\t\t\t\t<div class=\"elementor-widget-container\">\n\t\t\t\t\t\t\t\t\t<p><strong>Aluminium rev\u00eatu Blue Fin<\/strong><br \/>Les \u00e9changeurs de chaleur en aluminium rev\u00eatus de Blue Fin offrent une meilleure r\u00e9sistance \u00e0 la corrosion gr\u00e2ce \u00e0 l'application d'une couche hydrophobe protectrice sur les ailettes en aluminium. Ce rev\u00eatement am\u00e9liore la durabilit\u00e9 dans les environnements humides et sal\u00e9s, r\u00e9duisant le risque d'oxydation et prolongeant la dur\u00e9e de vie de l'appareil par rapport \u00e0 l'aluminium standard. Le rev\u00eatement Blue Fin am\u00e9liore \u00e9galement le drainage de l'eau, emp\u00eachant l'accumulation d'humidit\u00e9 et am\u00e9liorant l'efficacit\u00e9 de l'\u00e9change thermique. Bien qu'il ne soit pas aussi durable que les \u00e9changeurs de chaleur en CuNi, l'aluminium rev\u00eatu de Blue Fin offre une alternative rentable avec des performances am\u00e9lior\u00e9es dans des conditions difficiles, ce qui en fait un choix appropri\u00e9 pour les applications marines et c\u00f4ti\u00e8res.<\/p>\t\t\t\t\t\t\t\t<\/div>\n\t\t\t\t<\/div>\n\t\t\t\t<div class=\"elementor-element elementor-element-e32a8e8 elementor-widget elementor-widget-heading\" data-id=\"e32a8e8\" data-element_type=\"widget\" data-e-type=\"widget\" data-widget_type=\"heading.default\">\n\t\t\t\t<div class=\"elementor-widget-container\">\n\t\t\t\t\t<h2 class=\"elementor-heading-title elementor-size-default\">Accessoires<\/h2>\t\t\t\t<\/div>\n\t\t\t\t<\/div>\n\t\t\t\t<div class=\"elementor-element elementor-element-a45c65c elementor-widget elementor-widget-text-editor\" data-id=\"a45c65c\" data-element_type=\"widget\" data-e-type=\"widget\" data-widget_type=\"text-editor.default\">\n\t\t\t\t<div class=\"elementor-widget-container\">\n\t\t\t\t\t\t\t\t\t<p><strong>\u00c9cran SMART<\/strong><br \/>MBC Marine Smart ConnectProfitez d'un confort ultime sur votre bateau gr\u00e2ce \u00e0 MBC Marine Smart Connect.<br \/>Assurez une temp\u00e9rature id\u00e9ale et un apport d'air frais dans votre bateau \u00e0 tout moment et en tout lieu gr\u00e2ce au MBC Marine Smart Connect.<br \/>Imaginez le confort : que vous soyez au bureau ou arr\u00eat\u00e9 \u00e0 un feu rouge, vous pouvez r\u00e9gler la climatisation de votre bateau \u00e0 la temp\u00e9rature id\u00e9ale avant m\u00eame de monter \u00e0 bord.\u00a0<br \/>En quelques clics sur votre smartphone, connectez-vous au syst\u00e8me de climatisation de votre bateau via Internet et r\u00e9glez les param\u00e8tres selon vos pr\u00e9f\u00e9rences, que ce soit en mode refroidissement ou chauffage.<br \/><br \/><\/p>\t\t\t\t\t\t\t\t<\/div>\n\t\t\t\t<\/div>\n\t\t\t\t<div class=\"elementor-element elementor-element-903ef67 elementor-widget elementor-widget-text-editor\" data-id=\"903ef67\" data-element_type=\"widget\" data-e-type=\"widget\" data-widget_type=\"text-editor.default\">\n\t\t\t\t<div class=\"elementor-widget-container\">\n\t\t\t\t\t\t\t\t\t<p><strong>D\u00e9marreur progressif<\/strong><br \/>La solution ultime pour un d\u00e9marrage optimis\u00e9 Le MBC Easy Start permet \u00e0 n'importe quel climatiseur de fonctionner avec une source d'alimentation \u00e0 tension r\u00e9duite, \u00e9liminant ainsi le besoin d'un g\u00e9n\u00e9rateur plus puissant ou suppl\u00e9mentaire. Il r\u00e9duit consid\u00e9rablement le courant de d\u00e9marrage du compresseur, ce qui en fait un d\u00e9marreur progressif sp\u00e9cialement con\u00e7u pour les moteurs monophas\u00e9s. Le d\u00e9marreur progressif MBC utilise une s\u00e9quence de rampe de d\u00e9marrage auto-optimis\u00e9e en quatre parties pour obtenir le courant de d\u00e9marrage le plus faible possible. Cela en fait la solution id\u00e9ale pour faire fonctionner des climatiseurs avec un g\u00e9n\u00e9rateur ou un onduleur, m\u00eame lorsque l'alimentation \u00e9lectrique est limit\u00e9e. <br \/><br \/><\/p>\t\t\t\t\t\t\t\t<\/div>\n\t\t\t\t<\/div>\n\t\t\t\t<div class=\"elementor-element elementor-element-1d89487 elementor-widget elementor-widget-heading\" data-id=\"1d89487\" data-element_type=\"widget\" data-e-type=\"widget\" data-widget_type=\"heading.default\">\n\t\t\t\t<div class=\"elementor-widget-container\">\n\t\t\t\t\t<h2 class=\"elementor-heading-title elementor-size-default\">Refroidissement \/ Chauffage\n<\/h2>\t\t\t\t<\/div>\n\t\t\t\t<\/div>\n\t\t\t\t<div class=\"elementor-element elementor-element-22ba37f elementor-widget elementor-widget-text-editor\" data-id=\"22ba37f\" data-element_type=\"widget\" data-e-type=\"widget\" data-widget_type=\"text-editor.default\">\n\t\t\t\t<div class=\"elementor-widget-container\">\n\t\t\t\t\t\t\t\t\t<p>Dans les syst\u00e8mes de climatisation marins, l'inversion de cycle permet \u00e0 l'unit\u00e9 de passer du mode refroidissement au mode chauffage en inversant le flux de r\u00e9frig\u00e9rant \u00e0 l'aide d'une vanne \u00e0 quatre voies. En mode refroidissement, la chaleur est absorb\u00e9e par l'air int\u00e9rieur et expuls\u00e9e dans l'eau de mer, tandis qu'en mode chauffage, le syst\u00e8me extrait la chaleur de l'eau de mer et la transf\u00e8re \u00e0 l'int\u00e9rieur. Ce processus efficace permet de contr\u00f4ler la temp\u00e9rature tout au long de l'ann\u00e9e \u00e0 l'aide d'un seul syst\u00e8me, mais son efficacit\u00e9 d\u00e9pend de la temp\u00e9rature de l'eau de mer, car une eau extr\u00eamement froide peut r\u00e9duire les performances de chauffage.<\/p>\t\t\t\t\t\t\t\t<\/div>\n\t\t\t\t<\/div>\n\t\t\t\t<div class=\"elementor-element elementor-element-f6e915c elementor-widget elementor-widget-heading\" data-id=\"f6e915c\" data-element_type=\"widget\" data-e-type=\"widget\" data-widget_type=\"heading.default\">\n\t\t\t\t<div class=\"elementor-widget-container\">\n\t\t\t\t\t<h2 class=\"elementor-heading-title elementor-size-default\">CONDITIONS DE GARANTIE<\/h2>\t\t\t\t<\/div>\n\t\t\t\t<\/div>\n\t\t\t\t<div class=\"elementor-element elementor-element-f6927a7 elementor-widget elementor-widget-text-editor\" data-id=\"f6927a7\" data-element_type=\"widget\" data-e-type=\"widget\" data-widget_type=\"text-editor.default\">\n\t\t\t\t<div class=\"elementor-widget-container\">\n\t\t\t\t\t\t\t\t\t<p data-start=\"0\" data-end=\"740\">Les pr\u00e9sentes conditions de garantie s'appliquent uniquement aux ventes d'appareils et d'accessoires neufs (ci-apr\u00e8s d\u00e9nomm\u00e9s \u201c les Produits \u201d) effectu\u00e9es par MBC MARINE Kft. (ci-apr\u00e8s d\u00e9nomm\u00e9e \u201c la Soci\u00e9t\u00e9 \u201d) au profit d'un Revendeur appartenant au r\u00e9seau de distribution de la Soci\u00e9t\u00e9. Par Revendeur, on entend toute personne physique ou morale agr\u00e9\u00e9e par la Soci\u00e9t\u00e9 qui ach\u00e8te les Produits dans le cadre de son activit\u00e9 professionnelle, afin de les revendre \u00e0 des sous-acheteurs. Les pr\u00e9sentes conditions de garantie ne limitent en aucun cas les droits qui, en vertu de la loi applicable \u00e0 la revente du Produit \u00e0 un sous-acheteur, ne peuvent \u00eatre exclus ou restreints. Le Distributeur est seul responsable des modalit\u00e9s de vente et des garanties applicables \u00e0 la revente du Produit au sous-acheteur, quelle que soit leur qualit\u00e9.<\/p><p data-start=\"742\" data-end=\"2356\">GARANTIES CONTRACTUELLES Les garanties contractuelles mentionn\u00e9es ci-dessous sont accord\u00e9es uniquement au Revendeur, qui reconna\u00eet et d\u00e9clare disposer des ressources mat\u00e9rielles, des connaissances sp\u00e9cifiques et des comp\u00e9tences techniques n\u00e9cessaires pour fournir les services (y compris l'installation et les services apr\u00e8s-vente), et s'engage en outre \u00e0 fournir ces services avec une qualit\u00e9 irr\u00e9prochable, avec la diligence et les comp\u00e9tences requises, par l'interm\u00e9diaire de son personnel qualifi\u00e9 et form\u00e9. Les produits b\u00e9n\u00e9ficient d'une garantie contractuelle pour tous les vices cach\u00e9s pendant une dur\u00e9e de 2 (deux) ans \u00e0 compter de la date de livraison du produit par le Distributeur au client (le \u201c Client \u201d). Si la Soci\u00e9t\u00e9 le demande, la date de livraison doit \u00eatre prouv\u00e9e par le Distributeur \u00e0 l'aide de documents appropri\u00e9s (protocole de remise, carte de garantie sign\u00e9e et remplie, etc.). Cette garantie comprend le remplacement ou la r\u00e9paration (au choix de la Soci\u00e9t\u00e9) de toutes les pi\u00e8ces reconnues comme d\u00e9fectueuses par la Soci\u00e9t\u00e9. Le d\u00e9lai de r\u00e9paration n'est pas inclus dans la p\u00e9riode de garantie de la Soci\u00e9t\u00e9 ; aucune unit\u00e9 de remplacement ne sera fournie par la Soci\u00e9t\u00e9 au Distributeur ou au Client pendant cette p\u00e9riode. Les produits vendus par la Soci\u00e9t\u00e9 au Distributeur sont soumis aux pr\u00e9sentes conditions de garantie, qui remplacent toutes les autres garanties de la Soci\u00e9t\u00e9, expresses ou implicites. Le revendeur n'est pas autoris\u00e9 \u00e0 assumer ou \u00e0 prendre en charge, au nom de la soci\u00e9t\u00e9, toute responsabilit\u00e9 li\u00e9e \u00e0 la vente du produit par le revendeur autre que celle pr\u00e9vue dans les pr\u00e9sentes conditions de garantie. Le revendeur doit identifier et d\u00e9gager la soci\u00e9t\u00e9 de toute responsabilit\u00e9 concernant tout engagement, hypoth\u00e8se ou d\u00e9claration pris par le revendeur au-del\u00e0 de ceux inclus dans les pr\u00e9sentes conditions de garantie.<\/p><p data-start=\"2358\" data-end=\"2846\">GARANTIE SP\u00c9CIFIQUE La garantie contractuelle de 2 ans ne s'applique pas aux Produits utilis\u00e9s \u00e0 des fins commerciales (toutes les activit\u00e9s de location ou d'affr\u00e8tement entrent dans cette cat\u00e9gorie), car ces Produits peuvent \u00eatre couverts par une garantie d'une dur\u00e9e d'un (1) an \u00e0 compter de la date de livraison du Produit par le Concessionnaire au Client. Si la soci\u00e9t\u00e9 le demande, la date de livraison doit \u00eatre prouv\u00e9e par le revendeur \u00e0 l'aide de documents appropri\u00e9s (protocole de remise, carte de garantie sign\u00e9e et remplie, etc.).<\/p><p data-start=\"2848\" data-end=\"5320\">DISPOSITIONS POUR LA MISE EN \u0152UVRE DES GARANTIES En cas de r\u00e9clamation au titre de la garantie, le Distributeur doit en informer la Soci\u00e9t\u00e9 par e-mail (<a rel=\"noopener\" data-start=\"2966\" data-end=\"2985\">info@mbc-marine.com<\/a>) dans un d\u00e9lai maximum de huit (8) jours \u00e0 compter de la r\u00e9ception de la r\u00e9clamation. Cela n'affecte en rien l'obligation du concessionnaire d'enqu\u00eater et d'\u00e9valuer le cas avant d'informer la soci\u00e9t\u00e9 de la r\u00e9clamation re\u00e7ue. Toute r\u00e9clamation devra \u00e9galement mentionner le num\u00e9ro de s\u00e9rie du produit concern\u00e9 et, le cas \u00e9ch\u00e9ant, le num\u00e9ro de s\u00e9rie de la ou des pi\u00e8ces faisant l'objet de la r\u00e9clamation au titre de la garantie, ainsi que tous les documents justificatifs (br\u00e8ve description avec photos et vid\u00e9os). En outre, la r\u00e9clamation devra indiquer les circonstances exactes dans lesquelles le probl\u00e8me s'est produit. Afin d'examiner la r\u00e9clamation, la soci\u00e9t\u00e9 peut demander des pr\u00e9cisions et exiger toute preuve justificative n\u00e9cessaire. La Soci\u00e9t\u00e9 \u00e9valuera la r\u00e9clamation et informera le Revendeur si le d\u00e9faut est couvert par la garantie de la Soci\u00e9t\u00e9 ou s'il r\u00e9sulte d'une installation \/ utilisation \/ maintenance inappropri\u00e9e du Produit, qui n'est pas couverte par la garantie de la Soci\u00e9t\u00e9. L'immobilisation du Produit \u00e0 la suite des probl\u00e8mes rencontr\u00e9s et\/ou des travaux de remplacement et\/ou de r\u00e9paration, quelle que soit leur dur\u00e9e, ne donne pas droit \u00e0 une indemnisation. La Soci\u00e9t\u00e9 ne sera en aucun cas responsable des frais de transport, des droits de douane et autres frais accessoires, sauf indication contraire ci-dessous. Si la r\u00e9clamation peut \u00eatre trait\u00e9e localement et que le co\u00fbt de la r\u00e9paration ne d\u00e9passe pas 150 EUR + TVA, la r\u00e9paration et\/ou le remplacement seront effectu\u00e9s par le Distributeur aux frais de la Soci\u00e9t\u00e9. La Soci\u00e9t\u00e9 ne prendra en charge aucun autre co\u00fbt li\u00e9 \u00e0 la r\u00e9paration. Le co\u00fbt de la r\u00e9paration sera factur\u00e9 par le Distributeur dans un d\u00e9lai de 15 jours. Si la nature des r\u00e9parations n\u00e9cessite que les travaux sous garantie soient effectu\u00e9s dans l'atelier de la Soci\u00e9t\u00e9 ou dans un lieu diff\u00e9rent de celui o\u00f9 se trouve le Produit et que le co\u00fbt de la r\u00e9paration est susceptible de d\u00e9passer 150 EUR + TVA, la Soci\u00e9t\u00e9 fera r\u00e9parer ou remplacer le Produit (si le d\u00e9faut ne peut \u00eatre r\u00e9par\u00e9), apr\u00e8s avoir v\u00e9rifi\u00e9 que le d\u00e9faut rel\u00e8ve bien des conditions de garantie de la Soci\u00e9t\u00e9. Les frais de retour du Produit d\u00e9fectueux \u00e0 la Soci\u00e9t\u00e9 seront \u00e0 la charge du Client. Les frais de retour par la Soci\u00e9t\u00e9 au Client et les frais de r\u00e9paration, le cas \u00e9ch\u00e9ant, seront \u00e0 la charge de la Soci\u00e9t\u00e9, qui n'acceptera en outre aucun frais pour le d\u00e9montage et le retour sur le bateau si le Produit doit \u00eatre d\u00e9mont\u00e9. Le Produit d\u00e9fectueux devra, dans tous les cas, \u00eatre retourn\u00e9 \u00e0 la Soci\u00e9t\u00e9 dans son emballage d'origine.<\/p><p data-start=\"5322\" data-end=\"7543\" data-is-last-node=\"\" data-is-only-node=\"\">EXCLUSIONS DU CHAMP D'APPLICATION DE LA GARANTIE CONTRACTUELLE Sont exclus de la garantie contractuelle : \u2022 les dommages r\u00e9sultant de l'usure normale et des pi\u00e8ces devant \u00eatre remplac\u00e9es r\u00e9guli\u00e8rement (filtre, etc.) ; \u2022 les pi\u00e8ces non d'origine et\/ou les pi\u00e8ces d'origine modifi\u00e9es\/alt\u00e9r\u00e9es et\/ou \u2022 les cons\u00e9quences de l'installation de ces pi\u00e8ces et desdites transformations ou \u2022 modifications ; \u2022 les dommages r\u00e9sultant d'un mauvais entretien, d'une utilisation abusive ou n\u00e9gligente, d'une mauvaise utilisation, d'une immersion, d'une application inappropri\u00e9e ou d'une utilisation contraire aux instructions ; \u2022 les dommages li\u00e9s notamment \u00e0 un accident ou \u00e0 la suite d'un incendie, d'une explosion, d'une catastrophe naturelle, \u2022 de la corrosion ou d'une d\u00e9gradation lente ou de tout ph\u00e9nom\u00e8ne de quelque nature que ce soit ; \u2022 les dommages r\u00e9sultant d'une installation incorrecte ou d\u00e9fectueuse, d'une installation non conforme aux instructions de la soci\u00e9t\u00e9 ou autre, et tout dommage en r\u00e9sultant ; \u2022 les dommages r\u00e9sultant d'un manque d'entretien pr\u00e9ventif r\u00e9gulier tel que d\u00e9crit dans le manuel d'utilisation ; \u2022 les articles non fabriqu\u00e9s par la soci\u00e9t\u00e9 ; \u2022 Produits de la Soci\u00e9t\u00e9 utilis\u00e9s ou appliqu\u00e9s par le propri\u00e9taire comme partie int\u00e9grante de produits non fabriqu\u00e9s par la Soci\u00e9t\u00e9 ; \u2022 frais suppl\u00e9mentaires li\u00e9s au d\u00e9montage, \u00e0 la r\u00e9installation ou au remplacement de tout \u00e9quipement ou mobilier au-del\u00e0 du Produit couvert ; \u2022 frais de d\u00e9placement du personnel de maintenance du Revendeur d\u00e9passant 1,0 (une) heure ; \u2022 dommages li\u00e9s aux pompes dont la t\u00eate est fissur\u00e9e ou qui ont fonctionn\u00e9 \u00e0 sec, ont \u00e9t\u00e9 endommag\u00e9es par l'eau ou ont fait sauter les bouchons antigel ; \u2022 \u00e9talonnage des instruments de mesure ; \u2022 la corrosion ext\u00e9rieure ; \u2022 les d\u00e9g\u00e2ts caus\u00e9s par l'eau, notamment aux composants suivants : ventilateurs, cartes logiques et t\u00eates d'affichage ; \u2022 la programmation incorrecte des \u00e9crans ; \u2022 les condenseurs et\/ou \u00e9vaporateurs encrass\u00e9s ; \u2022 les dommages li\u00e9s \u00e0 des d\u00e9faillances r\u00e9sultant d'une mauvaise pr\u00e9paration \u00e0 l'hiver ; \u2022 les dommages caus\u00e9s au produit par un emballage de retour inappropri\u00e9 ou d'autres dommages li\u00e9s au transport ; \u2022 le remplacement du r\u00e9frig\u00e9rant par un substitut sans l'autorisation pr\u00e9alable de la soci\u00e9t\u00e9 ; \u2022 les frais environnementaux et\/ou de r\u00e9cup\u00e9ration ; \u2022 les frais de soudure et d'azote. L'installation et l'application des produits ne sont pas garanties par la soci\u00e9t\u00e9, sauf si l'installation a \u00e9t\u00e9 effectu\u00e9e en interne, car la soci\u00e9t\u00e9 n'a aucun contr\u00f4le ni aucune autorit\u00e9 sur la s\u00e9lection, l'emplacement, l'application ou l'installation des produits.<\/p>\t\t\t\t\t\t\t\t<\/div>\n\t\t\t\t<\/div>\n\t\t\t\t\t<\/div>\n\t\t\t\t<\/div>\n\t\t\t\t<\/div>","protected":false},"excerpt":{"rendered":"<p>Informations Evaporator Material CuNi (Copper Nickel)CuNi (Copper-Nickel) heat exchangers offer outstanding corrosion resistance, as their natural durability protects them from seawater and chemical exposure, unlike coated aluminum heat exchangers, whose protective layer may wear off over time. They have a longer lifespan, require less maintenance, and provide better heat transfer efficiency due to the superior [&hellip;]<\/p>\n","protected":false},"author":1,"featured_media":0,"parent":0,"menu_order":0,"comment_status":"closed","ping_status":"closed","template":"","meta":{"_acf_changed":false,"footnotes":""},"class_list":["post-3774","page","type-page","status-publish","hentry"],"acf":[],"yoast_head":"<!-- This site is optimized with the Yoast SEO Premium plugin v27.3 (Yoast SEO v27.3) - https:\/\/yoast.com\/product\/yoast-seo-premium-wordpress\/ -->\n<title>Information - MBC Marine<\/title>\n<meta name=\"description\" content=\"Informations\" \/>\n<meta name=\"robots\" content=\"index, follow, max-snippet:-1, max-image-preview:large, max-video-preview:-1\" \/>\n<link rel=\"canonical\" href=\"https:\/\/mbc-marine.com\/fr\/information\/\" \/>\n<meta property=\"og:locale\" content=\"fr_FR\" \/>\n<meta property=\"og:type\" content=\"article\" \/>\n<meta property=\"og:title\" content=\"Information\" \/>\n<meta property=\"og:description\" content=\"Informations\" \/>\n<meta property=\"og:url\" content=\"https:\/\/mbc-marine.com\/fr\/information\/\" \/>\n<meta property=\"og:site_name\" content=\"MBC Marine\" \/>\n<meta property=\"article:modified_time\" content=\"2025-09-09T14:32:21+00:00\" \/>\n<meta name=\"twitter:card\" content=\"summary_large_image\" \/>\n<meta name=\"twitter:label1\" content=\"Dur\u00e9e de lecture estim\u00e9e\" \/>\n\t<meta name=\"twitter:data1\" content=\"8 minutes\" \/>\n<script type=\"application\/ld+json\" class=\"yoast-schema-graph\">{\"@context\":\"https:\\\/\\\/schema.org\",\"@graph\":[{\"@type\":\"WebPage\",\"@id\":\"https:\\\/\\\/mbc-marine.com\\\/information\\\/\",\"url\":\"https:\\\/\\\/mbc-marine.com\\\/information\\\/\",\"name\":\"Information - MBC Marine\",\"isPartOf\":{\"@id\":\"https:\\\/\\\/mbc-marine.com\\\/#website\"},\"datePublished\":\"2025-03-18T08:49:28+00:00\",\"dateModified\":\"2025-09-09T14:32:21+00:00\",\"description\":\"Informations\",\"breadcrumb\":{\"@id\":\"https:\\\/\\\/mbc-marine.com\\\/information\\\/#breadcrumb\"},\"inLanguage\":\"fr-FR\",\"potentialAction\":[{\"@type\":\"ReadAction\",\"target\":[\"https:\\\/\\\/mbc-marine.com\\\/information\\\/\"]}]},{\"@type\":\"BreadcrumbList\",\"@id\":\"https:\\\/\\\/mbc-marine.com\\\/information\\\/#breadcrumb\",\"itemListElement\":[{\"@type\":\"ListItem\",\"position\":1,\"name\":\"Home\",\"item\":\"https:\\\/\\\/mbc-marine.com\\\/\"},{\"@type\":\"ListItem\",\"position\":2,\"name\":\"Information\"}]},{\"@type\":\"WebSite\",\"@id\":\"https:\\\/\\\/mbc-marine.com\\\/#website\",\"url\":\"https:\\\/\\\/mbc-marine.com\\\/\",\"name\":\"MBC Marine\",\"description\":\"\",\"potentialAction\":[{\"@type\":\"SearchAction\",\"target\":{\"@type\":\"EntryPoint\",\"urlTemplate\":\"https:\\\/\\\/mbc-marine.com\\\/?s={search_term_string}\"},\"query-input\":{\"@type\":\"PropertyValueSpecification\",\"valueRequired\":true,\"valueName\":\"search_term_string\"}}],\"inLanguage\":\"fr-FR\"}]}<\/script>\n<!-- \/ Yoast SEO Premium plugin. -->","yoast_head_json":{"title":"Informations - MBC Marine","description":"Informations","robots":{"index":"index","follow":"follow","max-snippet":"max-snippet:-1","max-image-preview":"max-image-preview:large","max-video-preview":"max-video-preview:-1"},"canonical":"https:\/\/mbc-marine.com\/fr\/information\/","og_locale":"fr_FR","og_type":"article","og_title":"Information","og_description":"Informations","og_url":"https:\/\/mbc-marine.com\/fr\/information\/","og_site_name":"MBC Marine","article_modified_time":"2025-09-09T14:32:21+00:00","twitter_card":"summary_large_image","twitter_misc":{"Dur\u00e9e de lecture estim\u00e9e":"8 minutes"},"schema":{"@context":"https:\/\/schema.org","@graph":[{"@type":"WebPage","@id":"https:\/\/mbc-marine.com\/information\/","url":"https:\/\/mbc-marine.com\/information\/","name":"Informations - MBC Marine","isPartOf":{"@id":"https:\/\/mbc-marine.com\/#website"},"datePublished":"2025-03-18T08:49:28+00:00","dateModified":"2025-09-09T14:32:21+00:00","description":"Informations","breadcrumb":{"@id":"https:\/\/mbc-marine.com\/information\/#breadcrumb"},"inLanguage":"fr-FR","potentialAction":[{"@type":"ReadAction","target":["https:\/\/mbc-marine.com\/information\/"]}]},{"@type":"BreadcrumbList","@id":"https:\/\/mbc-marine.com\/information\/#breadcrumb","itemListElement":[{"@type":"ListItem","position":1,"name":"Home","item":"https:\/\/mbc-marine.com\/"},{"@type":"ListItem","position":2,"name":"Information"}]},{"@type":"WebSite","@id":"https:\/\/mbc-marine.com\/#website","url":"https:\/\/mbc-marine.com\/","name":"MBC Marine","description":"","potentialAction":[{"@type":"SearchAction","target":{"@type":"EntryPoint","urlTemplate":"https:\/\/mbc-marine.com\/?s={search_term_string}"},"query-input":{"@type":"PropertyValueSpecification","valueRequired":true,"valueName":"search_term_string"}}],"inLanguage":"fr-FR"}]}},"_links":{"self":[{"href":"https:\/\/mbc-marine.com\/fr\/wp-json\/wp\/v2\/pages\/3774","targetHints":{"allow":["GET"]}}],"collection":[{"href":"https:\/\/mbc-marine.com\/fr\/wp-json\/wp\/v2\/pages"}],"about":[{"href":"https:\/\/mbc-marine.com\/fr\/wp-json\/wp\/v2\/types\/page"}],"author":[{"embeddable":true,"href":"https:\/\/mbc-marine.com\/fr\/wp-json\/wp\/v2\/users\/1"}],"replies":[{"embeddable":true,"href":"https:\/\/mbc-marine.com\/fr\/wp-json\/wp\/v2\/comments?post=3774"}],"version-history":[{"count":0,"href":"https:\/\/mbc-marine.com\/fr\/wp-json\/wp\/v2\/pages\/3774\/revisions"}],"wp:attachment":[{"href":"https:\/\/mbc-marine.com\/fr\/wp-json\/wp\/v2\/media?parent=3774"}],"curies":[{"name":"wp","href":"https:\/\/api.w.org\/{rel}","templated":true}]}}