{"id":4934,"date":"2025-07-07T23:12:29","date_gmt":"2025-07-07T21:12:29","guid":{"rendered":"https:\/\/mbc-marine.com\/?page_id=4934"},"modified":"2025-09-16T14:22:06","modified_gmt":"2025-09-16T12:22:06","slug":"grilles-dair-marines-mbc","status":"publish","type":"page","link":"https:\/\/mbc-marine.com\/fr\/mbc-marine-air-grills\/","title":{"rendered":"Grilles d'air marines MBC"},"content":{"rendered":"<div data-elementor-type=\"wp-page\" data-elementor-id=\"4934\" class=\"elementor elementor-4934\" data-elementor-post-type=\"page\">\n\t\t\t\t<div class=\"elementor-element elementor-element-95a040c e-con-full e-flex e-con e-parent\" data-id=\"95a040c\" data-element_type=\"container\" data-e-type=\"container\" data-settings=\"{&quot;jet_parallax_layout_list&quot;:[]}\">\n\t\t\t\t<div class=\"elementor-element elementor-element-0734e4b elementor-widget elementor-widget-heading\" data-id=\"0734e4b\" data-element_type=\"widget\" data-e-type=\"widget\" data-widget_type=\"heading.default\">\n\t\t\t\t<div class=\"elementor-widget-container\">\n\t\t\t\t\t<h1 class=\"elementor-heading-title elementor-size-default\">Grilles d'air marines MBC<\/h1>\t\t\t\t<\/div>\n\t\t\t\t<\/div>\n\t\t\t\t<div class=\"elementor-element elementor-element-527f051 elementor-widget elementor-widget-text-editor\" data-id=\"527f051\" data-element_type=\"widget\" data-e-type=\"widget\" data-widget_type=\"text-editor.default\">\n\t\t\t\t<div class=\"elementor-widget-container\">\n\t\t\t\t\t\t\t\t\t<p>DESIGN \u00c9L\u00c9GANT ET CIRCULATION D'AIR EFFICACE<\/p><p>Les grilles d'a\u00e9ration MBC Marine sont con\u00e7ues pour assurer une circulation d'air silencieuse et efficace dans les syst\u00e8mes de climatisation marins, tout en s'harmonisant avec l'esth\u00e9tique de l'int\u00e9rieur de n'importe quel yacht. Notre s\u00e9lection comprend \u00e0 la fois\u00a0<strong>approvisionnement<\/strong>\u00a0et\u00a0<strong>retour<\/strong>\u00a0grilles d'a\u00e9ration, disponibles en\u00a0<strong>plastique durable<\/strong>\u00a0ou\u00a0<strong>bois v\u00e9ritable haut de gamme (cadre en TECK ou CH\u00caNE)<\/strong>\u00a0options adapt\u00e9es \u00e0 un large \u00e9ventail d'installations.<\/p>\t\t\t\t\t\t\t\t<\/div>\n\t\t\t\t<\/div>\n\t\t\t\t<\/div>\n\t\t\t\t<section class=\"elementor-section elementor-top-section elementor-element elementor-element-af0d55a elementor-section-boxed elementor-section-height-default elementor-section-height-default\" data-id=\"af0d55a\" data-element_type=\"section\" data-e-type=\"section\" data-settings=\"{&quot;jet_parallax_layout_list&quot;:[]}\">\n\t\t\t\t\t\t<div class=\"elementor-container elementor-column-gap-default\">\n\t\t\t\t\t<div class=\"elementor-column elementor-col-50 elementor-top-column elementor-element elementor-element-fbecd7a\" data-id=\"fbecd7a\" data-element_type=\"column\" data-e-type=\"column\">\n\t\t\t<div class=\"elementor-widget-wrap elementor-element-populated\">\n\t\t\t\t\t\t<div class=\"elementor-element elementor-element-6272726 e-transform elementor-position-top elementor-widget elementor-widget-image-box\" data-id=\"6272726\" data-element_type=\"widget\" data-e-type=\"widget\" data-settings=\"{&quot;_transform_scale_effect_hover&quot;:{&quot;unit&quot;:&quot;px&quot;,&quot;size&quot;:&quot;1.1&quot;,&quot;sizes&quot;:[]},&quot;_transform_scale_effect_hover_tablet&quot;:{&quot;unit&quot;:&quot;px&quot;,&quot;size&quot;:&quot;&quot;,&quot;sizes&quot;:[]},&quot;_transform_scale_effect_hover_mobile&quot;:{&quot;unit&quot;:&quot;px&quot;,&quot;size&quot;:&quot;&quot;,&quot;sizes&quot;:[]}}\" data-widget_type=\"image-box.default\">\n\t\t\t\t<div class=\"elementor-widget-container\">\n\t\t\t\t\t<div class=\"elementor-image-box-wrapper\"><figure class=\"elementor-image-box-img\"><a href=\"https:\/\/mbc-marine.com\/fr\/product-category\/grilles-de-retour-dair\/\" tabindex=\"-1\"><!--trp-no-translate--><!--trp-no-translate--><img fetchpriority=\"high\" decoding=\"async\" width=\"1920\" height=\"1280\" src=\"https:\/\/mbc-marine.com\/wp-content\/uploads\/2025\/08\/mbc-marine-air-grills.png?wsr\" class=\"attachment-full size-full wp-image-6194\" alt=\"MBC Marine Air Grills\" srcset=\"https:\/\/mbc-marine.com\/wp-content\/uploads\/2025\/08\/mbc-marine-air-grills.png 1920w, https:\/\/mbc-marine.com\/wp-content\/uploads\/2025\/08\/mbc-marine-air-grills-300x200.png 300w, https:\/\/mbc-marine.com\/wp-content\/uploads\/2025\/08\/mbc-marine-air-grills-1024x683.png 1024w, https:\/\/mbc-marine.com\/wp-content\/uploads\/2025\/08\/mbc-marine-air-grills-768x512.png 768w, https:\/\/mbc-marine.com\/wp-content\/uploads\/2025\/08\/mbc-marine-air-grills-1536x1024.png 1536w, https:\/\/mbc-marine.com\/wp-content\/uploads\/2025\/08\/mbc-marine-air-grills-600x400.png 600w\" sizes=\"(max-width: 1920px) 100vw, 1920px\" data-no-translation=\"\" \/><!--/trp-no-translate--><!--\/trp-no-translate--><\/a><\/figure><div class=\"elementor-image-box-content\"><h3 class=\"elementor-image-box-title\"><a href=\"https:\/\/mbc-marine.com\/fr\/product-category\/grilles-de-retour-dair\/\">Grilles de retour d'air<\/a><\/h3><\/div><\/div>\t\t\t\t<\/div>\n\t\t\t\t<\/div>\n\t\t\t\t<div class=\"elementor-element elementor-element-cde4381 elementor-widget elementor-widget-text-editor\" data-id=\"cde4381\" data-element_type=\"widget\" data-e-type=\"widget\" data-widget_type=\"text-editor.default\">\n\t\t\t\t<div class=\"elementor-widget-container\">\n\t\t\t\t\t\t\t\t\t<p class=\"\" data-start=\"167\" data-end=\"389\">Con\u00e7u pour un flux d'air de retour fluide et discret, garantissant une circulation constante dans le syst\u00e8me.<\/p>\t\t\t\t\t\t\t\t<\/div>\n\t\t\t\t<\/div>\n\t\t\t\t\t<\/div>\n\t\t<\/div>\n\t\t\t\t<div class=\"elementor-column elementor-col-50 elementor-top-column elementor-element elementor-element-6d63ffe\" data-id=\"6d63ffe\" data-element_type=\"column\" data-e-type=\"column\">\n\t\t\t<div class=\"elementor-widget-wrap elementor-element-populated\">\n\t\t\t\t\t\t<div class=\"elementor-element elementor-element-7af57ce e-transform elementor-position-top elementor-widget elementor-widget-image-box\" data-id=\"7af57ce\" data-element_type=\"widget\" data-e-type=\"widget\" data-settings=\"{&quot;_transform_scale_effect_hover&quot;:{&quot;unit&quot;:&quot;px&quot;,&quot;size&quot;:&quot;1.1&quot;,&quot;sizes&quot;:[]},&quot;_transform_scale_effect_hover_tablet&quot;:{&quot;unit&quot;:&quot;px&quot;,&quot;size&quot;:&quot;&quot;,&quot;sizes&quot;:[]},&quot;_transform_scale_effect_hover_mobile&quot;:{&quot;unit&quot;:&quot;px&quot;,&quot;size&quot;:&quot;&quot;,&quot;sizes&quot;:[]}}\" data-widget_type=\"image-box.default\">\n\t\t\t\t<div class=\"elementor-widget-container\">\n\t\t\t\t\t<div class=\"elementor-image-box-wrapper\"><figure class=\"elementor-image-box-img\"><a href=\"https:\/\/mbc-marine.com\/fr\/product-category\/grilles-dalimentation-en-air\/\" tabindex=\"-1\"><!--trp-no-translate--><!--trp-no-translate--><img decoding=\"async\" width=\"1920\" height=\"1280\" src=\"https:\/\/mbc-marine.com\/wp-content\/uploads\/2025\/08\/mbc-marine-air-grills2.png?wsr\" class=\"attachment-full size-full wp-image-6195\" alt=\"MBC Marine Air Grills\" srcset=\"https:\/\/mbc-marine.com\/wp-content\/uploads\/2025\/08\/mbc-marine-air-grills2.png 1920w, https:\/\/mbc-marine.com\/wp-content\/uploads\/2025\/08\/mbc-marine-air-grills2-300x200.png 300w, https:\/\/mbc-marine.com\/wp-content\/uploads\/2025\/08\/mbc-marine-air-grills2-1024x683.png 1024w, https:\/\/mbc-marine.com\/wp-content\/uploads\/2025\/08\/mbc-marine-air-grills2-768x512.png 768w, https:\/\/mbc-marine.com\/wp-content\/uploads\/2025\/08\/mbc-marine-air-grills2-1536x1024.png 1536w, https:\/\/mbc-marine.com\/wp-content\/uploads\/2025\/08\/mbc-marine-air-grills2-600x400.png 600w\" sizes=\"(max-width: 1920px) 100vw, 1920px\" data-no-translation=\"\" \/><!--/trp-no-translate--><!--\/trp-no-translate--><\/a><\/figure><div class=\"elementor-image-box-content\"><h3 class=\"elementor-image-box-title\"><a href=\"https:\/\/mbc-marine.com\/fr\/product-category\/grilles-dalimentation-en-air\/\">Grilles d'alimentation en air<\/a><\/h3><\/div><\/div>\t\t\t\t<\/div>\n\t\t\t\t<\/div>\n\t\t\t\t<div class=\"elementor-element elementor-element-5c49de4 elementor-widget elementor-widget-text-editor\" data-id=\"5c49de4\" data-element_type=\"widget\" data-e-type=\"widget\" data-widget_type=\"text-editor.default\">\n\t\t\t\t<div class=\"elementor-widget-container\">\n\t\t\t\t\t\t\t\t\t<p>Con\u00e7u pour une distribution optimale de l'air refroidi ou chauff\u00e9 dans l'habitacle.<\/p>\t\t\t\t\t\t\t\t<\/div>\n\t\t\t\t<\/div>\n\t\t\t\t\t<\/div>\n\t\t<\/div>\n\t\t\t\t\t<\/div>\n\t\t<\/section>\n\t\t\t\t<\/div>","protected":false},"excerpt":{"rendered":"<p>MBC Marine Air Grills ELEGANT DESIGN AND EFFICIENT AIRFLOW MBC Marine air grills are designed to ensure quiet and efficient airflow for marine air conditioning systems, while complementing the aesthetic of any yacht interior. Our selection includes both\u00a0supply\u00a0and\u00a0return\u00a0air grills, available in\u00a0durable plastic\u00a0or\u00a0premium real wood (TEAK or OAK frame)\u00a0options to suit a wide range of installations. [&hellip;]<\/p>\n","protected":false},"author":1,"featured_media":0,"parent":0,"menu_order":0,"comment_status":"closed","ping_status":"closed","template":"","meta":{"_acf_changed":false,"footnotes":""},"class_list":["post-4934","page","type-page","status-publish","hentry"],"acf":[],"yoast_head":"<!-- This site is optimized with the Yoast SEO Premium plugin v27.4 (Yoast SEO v27.4) - https:\/\/yoast.com\/product\/yoast-seo-premium-wordpress\/ -->\n<title>MBC Marine Air Grills - MBC Marine<\/title>\n<meta name=\"description\" content=\"MBC Marine Air Grills ELEGANT DESIGN AND EFFICIENT AIRFLOWMBC Marine air grills are designed to ensure quiet and efficient airflow for marine air conditioning systems, while complementing the aesthetic of any yacht interior. Our selection includes both supply and return air grills, available in durable plastic or premium real wood (TEAK or OAK frame) options to suit a wide range of installations.\" \/>\n<meta name=\"robots\" content=\"index, follow, max-snippet:-1, max-image-preview:large, max-video-preview:-1\" \/>\n<link rel=\"canonical\" href=\"https:\/\/mbc-marine.com\/fr\/grilles-dair-marines-mbc\/\" \/>\n<meta property=\"og:locale\" content=\"fr_FR\" \/>\n<meta property=\"og:type\" content=\"article\" \/>\n<meta property=\"og:title\" content=\"MBC Marine Air Grills\" \/>\n<meta property=\"og:description\" content=\"MBC Marine Air Grills ELEGANT DESIGN AND EFFICIENT AIRFLOWMBC Marine air grills are designed to ensure quiet and efficient airflow for marine air conditioning systems, while complementing the aesthetic of any yacht interior. Our selection includes both supply and return air grills, available in durable plastic or premium real wood (TEAK or OAK frame) options to suit a wide range of installations.\" \/>\n<meta property=\"og:url\" content=\"https:\/\/mbc-marine.com\/fr\/grilles-dair-marines-mbc\/\" \/>\n<meta property=\"og:site_name\" content=\"MBC Marine\" \/>\n<meta property=\"article:modified_time\" content=\"2025-09-16T12:22:06+00:00\" \/>\n<meta property=\"og:image\" content=\"https:\/\/mbc-marine.com\/wp-content\/uploads\/2025\/08\/mbc-marine-air-grills.png?wsr\" \/>\n\t<meta property=\"og:image:width\" content=\"1920\" \/>\n\t<meta property=\"og:image:height\" content=\"1280\" \/>\n\t<meta property=\"og:image:type\" content=\"image\/png\" \/>\n<meta name=\"twitter:card\" content=\"summary_large_image\" \/>\n<meta name=\"twitter:label1\" content=\"Dur\u00e9e de lecture estim\u00e9e\" \/>\n\t<meta name=\"twitter:data1\" content=\"1 minute\" \/>\n<script type=\"application\/ld+json\" class=\"yoast-schema-graph\">{\"@context\":\"https:\\\/\\\/schema.org\",\"@graph\":[{\"@type\":\"WebPage\",\"@id\":\"https:\\\/\\\/mbc-marine.com\\\/mbc-marine-air-grills\\\/\",\"url\":\"https:\\\/\\\/mbc-marine.com\\\/mbc-marine-air-grills\\\/\",\"name\":\"MBC Marine Air Grills - MBC Marine\",\"isPartOf\":{\"@id\":\"https:\\\/\\\/mbc-marine.com\\\/#website\"},\"primaryImageOfPage\":{\"@id\":\"https:\\\/\\\/mbc-marine.com\\\/mbc-marine-air-grills\\\/#primaryimage\"},\"image\":{\"@id\":\"https:\\\/\\\/mbc-marine.com\\\/mbc-marine-air-grills\\\/#primaryimage\"},\"thumbnailUrl\":\"https:\\\/\\\/mbc-marine.com\\\/wp-content\\\/uploads\\\/2025\\\/08\\\/mbc-marine-air-grills.png\",\"datePublished\":\"2025-07-07T21:12:29+00:00\",\"dateModified\":\"2025-09-16T12:22:06+00:00\",\"description\":\"MBC Marine Air Grills ELEGANT DESIGN AND EFFICIENT AIRFLOWMBC Marine air grills are designed to ensure quiet and efficient airflow for marine air conditioning systems, while complementing the aesthetic of any yacht interior. Our selection includes both supply and return air grills, available in durable plastic or premium real wood (TEAK or OAK frame) options to suit a wide range of installations.\",\"breadcrumb\":{\"@id\":\"https:\\\/\\\/mbc-marine.com\\\/mbc-marine-air-grills\\\/#breadcrumb\"},\"inLanguage\":\"fr-FR\",\"potentialAction\":[{\"@type\":\"ReadAction\",\"target\":[\"https:\\\/\\\/mbc-marine.com\\\/mbc-marine-air-grills\\\/\"]}]},{\"@type\":\"ImageObject\",\"inLanguage\":\"fr-FR\",\"@id\":\"https:\\\/\\\/mbc-marine.com\\\/mbc-marine-air-grills\\\/#primaryimage\",\"url\":\"https:\\\/\\\/mbc-marine.com\\\/wp-content\\\/uploads\\\/2025\\\/08\\\/mbc-marine-air-grills.png\",\"contentUrl\":\"https:\\\/\\\/mbc-marine.com\\\/wp-content\\\/uploads\\\/2025\\\/08\\\/mbc-marine-air-grills.png\"},{\"@type\":\"BreadcrumbList\",\"@id\":\"https:\\\/\\\/mbc-marine.com\\\/mbc-marine-air-grills\\\/#breadcrumb\",\"itemListElement\":[{\"@type\":\"ListItem\",\"position\":1,\"name\":\"Home\",\"item\":\"https:\\\/\\\/mbc-marine.com\\\/\"},{\"@type\":\"ListItem\",\"position\":2,\"name\":\"MBC Marine Air Grills\"}]},{\"@type\":\"WebSite\",\"@id\":\"https:\\\/\\\/mbc-marine.com\\\/#website\",\"url\":\"https:\\\/\\\/mbc-marine.com\\\/\",\"name\":\"MBC Marine\",\"description\":\"\",\"potentialAction\":[{\"@type\":\"SearchAction\",\"target\":{\"@type\":\"EntryPoint\",\"urlTemplate\":\"https:\\\/\\\/mbc-marine.com\\\/?s={search_term_string}\"},\"query-input\":{\"@type\":\"PropertyValueSpecification\",\"valueRequired\":true,\"valueName\":\"search_term_string\"}}],\"inLanguage\":\"fr-FR\"}]}<\/script>\n<!-- \/ Yoast SEO Premium plugin. -->","yoast_head_json":{"title":"Grilles d'a\u00e9ration MBC Marine - MBC Marine","description":"Grilles d'a\u00e9ration marines MBC DESIGN \u00c9L\u00c9GANT ET CIRCULATION D'AIR EFFICACE Les grilles d'a\u00e9ration marines MBC sont con\u00e7ues pour assurer une circulation d'air silencieuse et efficace dans les syst\u00e8mes de climatisation marins, tout en s'harmonisant avec l'esth\u00e9tique de l'int\u00e9rieur de tout yacht. Notre s\u00e9lection comprend des grilles d'alimentation et de retour d'air, disponibles en plastique durable ou en bois v\u00e9ritable de premi\u00e8re qualit\u00e9 (cadre en TECK ou en CH\u00caNE) pour s'adapter \u00e0 un large \u00e9ventail d'installations.","robots":{"index":"index","follow":"follow","max-snippet":"max-snippet:-1","max-image-preview":"max-image-preview:large","max-video-preview":"max-video-preview:-1"},"canonical":"https:\/\/mbc-marine.com\/fr\/grilles-dair-marines-mbc\/","og_locale":"fr_FR","og_type":"article","og_title":"MBC Marine Air Grills","og_description":"MBC Marine Air Grills ELEGANT DESIGN AND EFFICIENT AIRFLOWMBC Marine air grills are designed to ensure quiet and efficient airflow for marine air conditioning systems, while complementing the aesthetic of any yacht interior. Our selection includes both supply and return air grills, available in durable plastic or premium real wood (TEAK or OAK frame) options to suit a wide range of installations.","og_url":"https:\/\/mbc-marine.com\/fr\/grilles-dair-marines-mbc\/","og_site_name":"MBC Marine","article_modified_time":"2025-09-16T12:22:06+00:00","og_image":[{"width":1920,"height":1280,"url":"https:\/\/mbc-marine.com\/wp-content\/uploads\/2025\/08\/mbc-marine-air-grills.png?wsr","type":"image\/png"}],"twitter_card":"summary_large_image","twitter_misc":{"Dur\u00e9e de lecture estim\u00e9e":"1 minute"},"schema":{"@context":"https:\/\/schema.org","@graph":[{"@type":"WebPage","@id":"https:\/\/mbc-marine.com\/mbc-marine-air-grills\/","url":"https:\/\/mbc-marine.com\/mbc-marine-air-grills\/","name":"Grilles d'a\u00e9ration MBC Marine - MBC Marine","isPartOf":{"@id":"https:\/\/mbc-marine.com\/#website"},"primaryImageOfPage":{"@id":"https:\/\/mbc-marine.com\/mbc-marine-air-grills\/#primaryimage"},"image":{"@id":"https:\/\/mbc-marine.com\/mbc-marine-air-grills\/#primaryimage"},"thumbnailUrl":"https:\/\/mbc-marine.com\/wp-content\/uploads\/2025\/08\/mbc-marine-air-grills.png","datePublished":"2025-07-07T21:12:29+00:00","dateModified":"2025-09-16T12:22:06+00:00","description":"Grilles d'a\u00e9ration marines MBC DESIGN \u00c9L\u00c9GANT ET CIRCULATION D'AIR EFFICACE Les grilles d'a\u00e9ration marines MBC sont con\u00e7ues pour assurer une circulation d'air silencieuse et efficace dans les syst\u00e8mes de climatisation marins, tout en s'harmonisant avec l'esth\u00e9tique de l'int\u00e9rieur de tout yacht. Notre s\u00e9lection comprend des grilles d'alimentation et de retour d'air, disponibles en plastique durable ou en bois v\u00e9ritable de premi\u00e8re qualit\u00e9 (cadre en TECK ou en CH\u00caNE) pour s'adapter \u00e0 un large \u00e9ventail d'installations.","breadcrumb":{"@id":"https:\/\/mbc-marine.com\/mbc-marine-air-grills\/#breadcrumb"},"inLanguage":"fr-FR","potentialAction":[{"@type":"ReadAction","target":["https:\/\/mbc-marine.com\/mbc-marine-air-grills\/"]}]},{"@type":"ImageObject","inLanguage":"fr-FR","@id":"https:\/\/mbc-marine.com\/mbc-marine-air-grills\/#primaryimage","url":"https:\/\/mbc-marine.com\/wp-content\/uploads\/2025\/08\/mbc-marine-air-grills.png","contentUrl":"https:\/\/mbc-marine.com\/wp-content\/uploads\/2025\/08\/mbc-marine-air-grills.png"},{"@type":"BreadcrumbList","@id":"https:\/\/mbc-marine.com\/mbc-marine-air-grills\/#breadcrumb","itemListElement":[{"@type":"ListItem","position":1,"name":"Home","item":"https:\/\/mbc-marine.com\/"},{"@type":"ListItem","position":2,"name":"MBC Marine Air Grills"}]},{"@type":"WebSite","@id":"https:\/\/mbc-marine.com\/#website","url":"https:\/\/mbc-marine.com\/","name":"MBC Marine","description":"","potentialAction":[{"@type":"SearchAction","target":{"@type":"EntryPoint","urlTemplate":"https:\/\/mbc-marine.com\/?s={search_term_string}"},"query-input":{"@type":"PropertyValueSpecification","valueRequired":true,"valueName":"search_term_string"}}],"inLanguage":"fr-FR"}]}},"_links":{"self":[{"href":"https:\/\/mbc-marine.com\/fr\/wp-json\/wp\/v2\/pages\/4934","targetHints":{"allow":["GET"]}}],"collection":[{"href":"https:\/\/mbc-marine.com\/fr\/wp-json\/wp\/v2\/pages"}],"about":[{"href":"https:\/\/mbc-marine.com\/fr\/wp-json\/wp\/v2\/types\/page"}],"author":[{"embeddable":true,"href":"https:\/\/mbc-marine.com\/fr\/wp-json\/wp\/v2\/users\/1"}],"replies":[{"embeddable":true,"href":"https:\/\/mbc-marine.com\/fr\/wp-json\/wp\/v2\/comments?post=4934"}],"version-history":[{"count":3,"href":"https:\/\/mbc-marine.com\/fr\/wp-json\/wp\/v2\/pages\/4934\/revisions"}],"predecessor-version":[{"id":7157,"href":"https:\/\/mbc-marine.com\/fr\/wp-json\/wp\/v2\/pages\/4934\/revisions\/7157"}],"wp:attachment":[{"href":"https:\/\/mbc-marine.com\/fr\/wp-json\/wp\/v2\/media?parent=4934"}],"curies":[{"name":"wp","href":"https:\/\/api.w.org\/{rel}","templated":true}]}}