{"id":4972,"date":"2025-07-08T21:22:41","date_gmt":"2025-07-08T19:22:41","guid":{"rendered":"https:\/\/mbc-marine.com\/?page_id=4972"},"modified":"2026-04-29T14:13:52","modified_gmt":"2026-04-29T12:13:52","slug":"distribution-dair","status":"publish","type":"page","link":"https:\/\/mbc-marine.com\/fr\/air-distribution\/","title":{"rendered":"DISTRIBUTION D'AIR"},"content":{"rendered":"<div data-elementor-type=\"wp-page\" data-elementor-id=\"4972\" class=\"elementor elementor-4972\" data-elementor-post-type=\"page\">\n\t\t\t\t<div class=\"elementor-element elementor-element-95a040c e-con-full e-flex e-con e-parent\" data-id=\"95a040c\" data-element_type=\"container\" data-e-type=\"container\" data-settings=\"{&quot;jet_parallax_layout_list&quot;:[]}\">\n\t\t\t\t<div class=\"elementor-element elementor-element-0734e4b elementor-widget elementor-widget-heading\" data-id=\"0734e4b\" data-element_type=\"widget\" data-e-type=\"widget\" data-widget_type=\"heading.default\">\n\t\t\t\t<div class=\"elementor-widget-container\">\n\t\t\t\t\t<h1 class=\"elementor-heading-title elementor-size-default\">Distribution d'air - <span style=\"white-space: normal\">Un flux d'air efficace commence ici !<\/span><\/h1>\t\t\t\t<\/div>\n\t\t\t\t<\/div>\n\t\t\t\t<\/div>\n\t\t\t\t<section class=\"elementor-section elementor-top-section elementor-element elementor-element-af0d55a elementor-section-boxed elementor-section-height-default elementor-section-height-default\" data-id=\"af0d55a\" data-element_type=\"section\" data-e-type=\"section\" data-settings=\"{&quot;jet_parallax_layout_list&quot;:[]}\">\n\t\t\t\t\t\t<div class=\"elementor-container elementor-column-gap-default\">\n\t\t\t\t\t<div class=\"elementor-column elementor-col-25 elementor-top-column elementor-element elementor-element-fbecd7a\" data-id=\"fbecd7a\" data-element_type=\"column\" data-e-type=\"column\">\n\t\t\t<div class=\"elementor-widget-wrap elementor-element-populated\">\n\t\t\t\t\t\t<div class=\"elementor-element elementor-element-6272726 e-transform elementor-position-top elementor-widget elementor-widget-image-box\" data-id=\"6272726\" data-element_type=\"widget\" data-e-type=\"widget\" data-settings=\"{&quot;_transform_scale_effect_hover&quot;:{&quot;unit&quot;:&quot;px&quot;,&quot;size&quot;:&quot;1.1&quot;,&quot;sizes&quot;:[]},&quot;_transform_scale_effect_hover_tablet&quot;:{&quot;unit&quot;:&quot;px&quot;,&quot;size&quot;:&quot;&quot;,&quot;sizes&quot;:[]},&quot;_transform_scale_effect_hover_mobile&quot;:{&quot;unit&quot;:&quot;px&quot;,&quot;size&quot;:&quot;&quot;,&quot;sizes&quot;:[]}}\" data-widget_type=\"image-box.default\">\n\t\t\t\t<div class=\"elementor-widget-container\">\n\t\t\t\t\t<div class=\"elementor-image-box-wrapper\"><figure class=\"elementor-image-box-img\"><a href=\"https:\/\/mbc-marine.com\/fr\/product-category\/separateur-dair\/\" tabindex=\"-1\"><!--trp-no-translate--><!--trp-no-translate--><img fetchpriority=\"high\" decoding=\"async\" width=\"584\" height=\"400\" src=\"https:\/\/mbc-marine.com\/wp-content\/uploads\/2024\/08\/air-divider-t-1.png?wsr\" class=\"attachment-full size-full wp-image-1175\" alt=\"AIR DIVIDER \u201cT\u201d\" srcset=\"https:\/\/mbc-marine.com\/wp-content\/uploads\/2024\/08\/air-divider-t-1.png 584w, https:\/\/mbc-marine.com\/wp-content\/uploads\/2024\/08\/air-divider-t-1-300x205.png 300w\" sizes=\"(max-width: 584px) 100vw, 584px\" data-no-translation=\"\" \/><!--/trp-no-translate--><!--\/trp-no-translate--><\/a><\/figure><div class=\"elementor-image-box-content\"><h3 class=\"elementor-image-box-title\"><a href=\"https:\/\/mbc-marine.com\/fr\/product-category\/separateur-dair\/\">DIVISEURS D'AIR<\/a><\/h3><\/div><\/div>\t\t\t\t<\/div>\n\t\t\t\t<\/div>\n\t\t\t\t\t<\/div>\n\t\t<\/div>\n\t\t\t\t<div class=\"elementor-column elementor-col-25 elementor-top-column elementor-element elementor-element-6d63ffe\" data-id=\"6d63ffe\" data-element_type=\"column\" data-e-type=\"column\">\n\t\t\t<div class=\"elementor-widget-wrap elementor-element-populated\">\n\t\t\t\t\t\t<div class=\"elementor-element elementor-element-7af57ce e-transform elementor-position-top elementor-widget elementor-widget-image-box\" data-id=\"7af57ce\" data-element_type=\"widget\" data-e-type=\"widget\" data-settings=\"{&quot;_transform_scale_effect_hover&quot;:{&quot;unit&quot;:&quot;px&quot;,&quot;size&quot;:&quot;1.1&quot;,&quot;sizes&quot;:[]},&quot;_transform_scale_effect_hover_tablet&quot;:{&quot;unit&quot;:&quot;px&quot;,&quot;size&quot;:&quot;&quot;,&quot;sizes&quot;:[]},&quot;_transform_scale_effect_hover_mobile&quot;:{&quot;unit&quot;:&quot;px&quot;,&quot;size&quot;:&quot;&quot;,&quot;sizes&quot;:[]}}\" data-widget_type=\"image-box.default\">\n\t\t\t\t<div class=\"elementor-widget-container\">\n\t\t\t\t\t<div class=\"elementor-image-box-wrapper\"><figure class=\"elementor-image-box-img\"><a href=\"https:\/\/mbc-marine.com\/fr\/product-category\/boite-de-derivation\/\" tabindex=\"-1\"><!--trp-no-translate--><!--trp-no-translate--><img decoding=\"async\" width=\"1196\" height=\"798\" src=\"https:\/\/mbc-marine.com\/wp-content\/uploads\/2024\/08\/plenum-box-with-bottom-air-duct-connection.png?wsr\" class=\"attachment-full size-full wp-image-1171\" alt=\"PLENUM BOX WITH BOTTOM AIR DUCT CONNECTION\" srcset=\"https:\/\/mbc-marine.com\/wp-content\/uploads\/2024\/08\/plenum-box-with-bottom-air-duct-connection.png 1196w, https:\/\/mbc-marine.com\/wp-content\/uploads\/2024\/08\/plenum-box-with-bottom-air-duct-connection-600x400.png 600w, https:\/\/mbc-marine.com\/wp-content\/uploads\/2024\/08\/plenum-box-with-bottom-air-duct-connection-300x200.png 300w, https:\/\/mbc-marine.com\/wp-content\/uploads\/2024\/08\/plenum-box-with-bottom-air-duct-connection-1024x683.png 1024w, https:\/\/mbc-marine.com\/wp-content\/uploads\/2024\/08\/plenum-box-with-bottom-air-duct-connection-768x512.png 768w\" sizes=\"(max-width: 1196px) 100vw, 1196px\" data-no-translation=\"\" \/><!--/trp-no-translate--><!--\/trp-no-translate--><\/a><\/figure><div class=\"elementor-image-box-content\"><h3 class=\"elementor-image-box-title\"><a href=\"https:\/\/mbc-marine.com\/fr\/product-category\/boite-de-derivation\/\">BO\u00ceTIERS DE PL\u00c9NUM POUR GRILLES D'AIR<\/a><\/h3><\/div><\/div>\t\t\t\t<\/div>\n\t\t\t\t<\/div>\n\t\t\t\t\t<\/div>\n\t\t<\/div>\n\t\t\t\t<div class=\"elementor-column elementor-col-25 elementor-top-column elementor-element elementor-element-d9ed6f7\" data-id=\"d9ed6f7\" data-element_type=\"column\" data-e-type=\"column\">\n\t\t\t<div class=\"elementor-widget-wrap elementor-element-populated\">\n\t\t\t\t\t\t<div class=\"elementor-element elementor-element-158c0fb e-transform elementor-position-top elementor-widget elementor-widget-image-box\" data-id=\"158c0fb\" data-element_type=\"widget\" data-e-type=\"widget\" data-settings=\"{&quot;_transform_scale_effect_hover&quot;:{&quot;unit&quot;:&quot;px&quot;,&quot;size&quot;:&quot;1.1&quot;,&quot;sizes&quot;:[]},&quot;_transform_scale_effect_hover_tablet&quot;:{&quot;unit&quot;:&quot;px&quot;,&quot;size&quot;:&quot;&quot;,&quot;sizes&quot;:[]},&quot;_transform_scale_effect_hover_mobile&quot;:{&quot;unit&quot;:&quot;px&quot;,&quot;size&quot;:&quot;&quot;,&quot;sizes&quot;:[]}}\" data-widget_type=\"image-box.default\">\n\t\t\t\t<div class=\"elementor-widget-container\">\n\t\t\t\t\t<div class=\"elementor-image-box-wrapper\"><figure class=\"elementor-image-box-img\"><a href=\"https:\/\/mbc-marine.com\/fr\/product\/reducteurs-dair\/\" tabindex=\"-1\"><!--trp-no-translate--><!--trp-no-translate--><img decoding=\"async\" width=\"584\" height=\"400\" src=\"https:\/\/mbc-marine.com\/wp-content\/uploads\/2025\/07\/air-distribution.jpg?wsr\" class=\"attachment-full size-full wp-image-4975\" alt=\"AIR DISTRIBUTION\" srcset=\"https:\/\/mbc-marine.com\/wp-content\/uploads\/2025\/07\/air-distribution.jpg 584w, https:\/\/mbc-marine.com\/wp-content\/uploads\/2025\/07\/air-distribution-300x205.jpg 300w\" sizes=\"(max-width: 584px) 100vw, 584px\" data-no-translation=\"\" \/><!--/trp-no-translate--><!--\/trp-no-translate--><\/a><\/figure><div class=\"elementor-image-box-content\"><h3 class=\"elementor-image-box-title\"><a href=\"https:\/\/mbc-marine.com\/fr\/product\/reducteurs-dair\/\">R\u00c9DUCTEURS D'AIR<\/a><\/h3><\/div><\/div>\t\t\t\t<\/div>\n\t\t\t\t<\/div>\n\t\t\t\t\t<\/div>\n\t\t<\/div>\n\t\t\t\t<div class=\"elementor-column elementor-col-25 elementor-top-column elementor-element elementor-element-c43e949\" data-id=\"c43e949\" data-element_type=\"column\" data-e-type=\"column\">\n\t\t\t<div class=\"elementor-widget-wrap elementor-element-populated\">\n\t\t\t\t\t\t<div class=\"elementor-element elementor-element-d1296ab e-transform elementor-position-top elementor-widget elementor-widget-image-box\" data-id=\"d1296ab\" data-element_type=\"widget\" data-e-type=\"widget\" data-settings=\"{&quot;_transform_scale_effect_hover&quot;:{&quot;unit&quot;:&quot;px&quot;,&quot;size&quot;:&quot;1.1&quot;,&quot;sizes&quot;:[]},&quot;_transform_scale_effect_hover_tablet&quot;:{&quot;unit&quot;:&quot;px&quot;,&quot;size&quot;:&quot;&quot;,&quot;sizes&quot;:[]},&quot;_transform_scale_effect_hover_mobile&quot;:{&quot;unit&quot;:&quot;px&quot;,&quot;size&quot;:&quot;&quot;,&quot;sizes&quot;:[]}}\" data-widget_type=\"image-box.default\">\n\t\t\t\t<div class=\"elementor-widget-container\">\n\t\t\t\t\t<div class=\"elementor-image-box-wrapper\"><figure class=\"elementor-image-box-img\"><a href=\"https:\/\/mbc-marine.com\/fr\/product\/conduit-dair-isole-thermiquement-et-acoustiquement\/\" tabindex=\"-1\"><!--trp-no-translate--><!--trp-no-translate--><img loading=\"lazy\" decoding=\"async\" width=\"250\" height=\"250\" src=\"https:\/\/mbc-marine.com\/wp-content\/uploads\/2024\/08\/airduct-1.jpg?wsr\" class=\"attachment-full size-full wp-image-1177\" alt=\"THERMALLY AND ACOUSTICALLY INSULATED AIR DUCT\" srcset=\"https:\/\/mbc-marine.com\/wp-content\/uploads\/2024\/08\/airduct-1.jpg 250w, https:\/\/mbc-marine.com\/wp-content\/uploads\/2024\/08\/airduct-1-100x100.jpg 100w, https:\/\/mbc-marine.com\/wp-content\/uploads\/2024\/08\/airduct-1-150x150.jpg 150w, https:\/\/mbc-marine.com\/wp-content\/uploads\/2024\/08\/airduct-1-90x90.jpg 90w\" sizes=\"(max-width: 250px) 100vw, 250px\" data-no-translation=\"\" \/><!--/trp-no-translate--><!--\/trp-no-translate--><\/a><\/figure><div class=\"elementor-image-box-content\"><h3 class=\"elementor-image-box-title\"><a href=\"https:\/\/mbc-marine.com\/fr\/product\/conduit-dair-isole-thermiquement-et-acoustiquement\/\">CONDUITS D'AIR<\/a><\/h3><\/div><\/div>\t\t\t\t<\/div>\n\t\t\t\t<\/div>\n\t\t\t\t\t<\/div>\n\t\t<\/div>\n\t\t\t\t\t<\/div>\n\t\t<\/section>\n\t\t<div class=\"elementor-element elementor-element-c79c12e e-flex e-con-boxed e-con e-parent\" data-id=\"c79c12e\" data-element_type=\"container\" data-e-type=\"container\" data-settings=\"{&quot;jet_parallax_layout_list&quot;:[]}\">\n\t\t\t\t\t<div class=\"e-con-inner\">\n\t\t\t\t<div class=\"elementor-element elementor-element-0efd545 elementor-widget__width-initial elementor-widget elementor-widget-text-editor\" data-id=\"0efd545\" data-element_type=\"widget\" data-e-type=\"widget\" data-widget_type=\"text-editor.default\">\n\t\t\t\t<div class=\"elementor-widget-container\">\n\t\t\t\t\t\t\t\t\t<p>D\u00e9couvrez la gamme compl\u00e8te de composants de distribution d'air de MBC Marine, con\u00e7us pour offrir des performances fiables, une installation facile et une durabilit\u00e9 \u00e0 long terme dans tout environnement marin.<\/p>\t\t\t\t\t\t\t\t<\/div>\n\t\t\t\t<\/div>\n\t\t\t\t\t<\/div>\n\t\t\t\t<\/div>\n\t\t\t\t<\/div>","protected":false},"excerpt":{"rendered":"<p>Air Distribution &#8211; Efficient Airflow Starts Here! AIR DIVIDERS PLENUM BOXES FOR AIR GRILLS AIR REDUCERS AIR DUCTS Discover MBC Marine\u2019s complete range of air distribution components\u2014designed for reliable performance, easy installation, and long-lasting durability in any marine environment.<\/p>","protected":false},"author":1,"featured_media":0,"parent":0,"menu_order":0,"comment_status":"closed","ping_status":"closed","template":"","meta":{"_acf_changed":false,"footnotes":""},"class_list":["post-4972","page","type-page","status-publish","hentry"],"acf":[],"_links":{"self":[{"href":"https:\/\/mbc-marine.com\/fr\/wp-json\/wp\/v2\/pages\/4972","targetHints":{"allow":["GET"]}}],"collection":[{"href":"https:\/\/mbc-marine.com\/fr\/wp-json\/wp\/v2\/pages"}],"about":[{"href":"https:\/\/mbc-marine.com\/fr\/wp-json\/wp\/v2\/types\/page"}],"author":[{"embeddable":true,"href":"https:\/\/mbc-marine.com\/fr\/wp-json\/wp\/v2\/users\/1"}],"replies":[{"embeddable":true,"href":"https:\/\/mbc-marine.com\/fr\/wp-json\/wp\/v2\/comments?post=4972"}],"version-history":[{"count":3,"href":"https:\/\/mbc-marine.com\/fr\/wp-json\/wp\/v2\/pages\/4972\/revisions"}],"predecessor-version":[{"id":7154,"href":"https:\/\/mbc-marine.com\/fr\/wp-json\/wp\/v2\/pages\/4972\/revisions\/7154"}],"wp:attachment":[{"href":"https:\/\/mbc-marine.com\/fr\/wp-json\/wp\/v2\/media?parent=4972"}],"curies":[{"name":"wp","href":"https:\/\/api.w.org\/{rel}","templated":true}]}}