{"id":5179,"date":"2025-07-23T13:58:29","date_gmt":"2025-07-23T11:58:29","guid":{"rendered":"https:\/\/mbc-marine.com\/?page_id=5179"},"modified":"2026-04-29T15:05:55","modified_gmt":"2026-04-29T13:05:55","slug":"pompes-a-eau","status":"publish","type":"page","link":"https:\/\/mbc-marine.com\/fr\/water-pumps\/","title":{"rendered":"Pompes \u00e0 eau"},"content":{"rendered":"<div data-elementor-type=\"wp-page\" data-elementor-id=\"5179\" class=\"elementor elementor-5179\" data-elementor-post-type=\"page\">\n\t\t\t\t<div class=\"elementor-element elementor-element-95a040c e-con-full e-flex e-con e-parent\" data-id=\"95a040c\" data-element_type=\"container\" data-e-type=\"container\" data-settings=\"{&quot;jet_parallax_layout_list&quot;:[]}\">\n\t\t\t\t<div class=\"elementor-element elementor-element-0734e4b elementor-widget elementor-widget-heading\" data-id=\"0734e4b\" data-element_type=\"widget\" data-e-type=\"widget\" data-widget_type=\"heading.default\">\n\t\t\t\t<div class=\"elementor-widget-container\">\n\t\t\t\t\t<h2 class=\"elementor-heading-title elementor-size-default\">Pompes de circulation d'eau douce et d'eau de mer<\/h2>\t\t\t\t<\/div>\n\t\t\t\t<\/div>\n\t\t\t\t<\/div>\n\t\t\t\t<section class=\"elementor-section elementor-top-section elementor-element elementor-element-af0d55a elementor-section-boxed elementor-section-height-default elementor-section-height-default\" data-id=\"af0d55a\" data-element_type=\"section\" data-e-type=\"section\" data-settings=\"{&quot;jet_parallax_layout_list&quot;:[]}\">\n\t\t\t\t\t\t<div class=\"elementor-container elementor-column-gap-default\">\n\t\t\t\t\t<div class=\"elementor-column elementor-col-50 elementor-top-column elementor-element elementor-element-fbecd7a\" data-id=\"fbecd7a\" data-element_type=\"column\" data-e-type=\"column\">\n\t\t\t<div class=\"elementor-widget-wrap elementor-element-populated\">\n\t\t\t\t\t\t<div class=\"elementor-element elementor-element-6272726 e-transform elementor-position-top elementor-widget elementor-widget-image-box\" data-id=\"6272726\" data-element_type=\"widget\" data-e-type=\"widget\" data-settings=\"{&quot;_transform_scale_effect_hover&quot;:{&quot;unit&quot;:&quot;px&quot;,&quot;size&quot;:&quot;1.1&quot;,&quot;sizes&quot;:[]},&quot;_transform_scale_effect_hover_tablet&quot;:{&quot;unit&quot;:&quot;px&quot;,&quot;size&quot;:&quot;&quot;,&quot;sizes&quot;:[]},&quot;_transform_scale_effect_hover_mobile&quot;:{&quot;unit&quot;:&quot;px&quot;,&quot;size&quot;:&quot;&quot;,&quot;sizes&quot;:[]}}\" data-widget_type=\"image-box.default\">\n\t\t\t\t<div class=\"elementor-widget-container\">\n\t\t\t\t\t<div class=\"elementor-image-box-wrapper\"><figure class=\"elementor-image-box-img\"><a href=\"https:\/\/mbc-marine.com\/fr\/product-category\/pompes-a-eau-douce\/\" tabindex=\"-1\"><!--trp-no-translate--><!--trp-no-translate--><img fetchpriority=\"high\" decoding=\"async\" width=\"400\" height=\"400\" src=\"https:\/\/mbc-marine.com\/wp-content\/uploads\/2025\/10\/water-circulation.jpg?wsr\" class=\"attachment-full size-full wp-image-7292\" alt=\"\" srcset=\"https:\/\/mbc-marine.com\/wp-content\/uploads\/2025\/10\/water-circulation.jpg 400w, https:\/\/mbc-marine.com\/wp-content\/uploads\/2025\/10\/water-circulation-300x300.jpg 300w, https:\/\/mbc-marine.com\/wp-content\/uploads\/2025\/10\/water-circulation-150x150.jpg 150w, https:\/\/mbc-marine.com\/wp-content\/uploads\/2025\/10\/water-circulation-100x100.jpg 100w, https:\/\/mbc-marine.com\/wp-content\/uploads\/2025\/10\/water-circulation-90x90.jpg 90w\" sizes=\"(max-width: 400px) 100vw, 400px\" data-no-translation=\"\" \/><!--/trp-no-translate--><!--\/trp-no-translate--><\/a><\/figure><div class=\"elementor-image-box-content\"><h3 class=\"elementor-image-box-title\"><a href=\"https:\/\/mbc-marine.com\/fr\/product-category\/pompes-a-eau-douce\/\">Pompes \u00e0 eau douce pour syst\u00e8mes de refroidissement <\/a><\/h3><\/div><\/div>\t\t\t\t<\/div>\n\t\t\t\t<\/div>\n\t\t\t\t<div class=\"elementor-element elementor-element-cde4381 elementor-widget elementor-widget-text-editor\" data-id=\"cde4381\" data-element_type=\"widget\" data-e-type=\"widget\" data-widget_type=\"text-editor.default\">\n\t\t\t\t<div class=\"elementor-widget-container\">\n\t\t\t\t\t\t\t\t\t<p class=\"\" data-start=\"167\" data-end=\"389\">Chez MBC Marine, nous proposons une s\u00e9lection rigoureuse de pompes sp\u00e9cialement con\u00e7ues pour les syst\u00e8mes de climatisation marins.<\/p><p class=\"\" data-start=\"167\" data-end=\"389\">\u00a0<\/p>\t\t\t\t\t\t\t\t<\/div>\n\t\t\t\t<\/div>\n\t\t\t\t\t<\/div>\n\t\t<\/div>\n\t\t\t\t<div class=\"elementor-column elementor-col-50 elementor-top-column elementor-element elementor-element-6d63ffe\" data-id=\"6d63ffe\" data-element_type=\"column\" data-e-type=\"column\">\n\t\t\t<div class=\"elementor-widget-wrap elementor-element-populated\">\n\t\t\t\t\t\t<div class=\"elementor-element elementor-element-7af57ce e-transform elementor-position-top elementor-widget elementor-widget-image-box\" data-id=\"7af57ce\" data-element_type=\"widget\" data-e-type=\"widget\" data-settings=\"{&quot;_transform_scale_effect_hover&quot;:{&quot;unit&quot;:&quot;px&quot;,&quot;size&quot;:&quot;1.1&quot;,&quot;sizes&quot;:[]},&quot;_transform_scale_effect_hover_tablet&quot;:{&quot;unit&quot;:&quot;px&quot;,&quot;size&quot;:&quot;&quot;,&quot;sizes&quot;:[]},&quot;_transform_scale_effect_hover_mobile&quot;:{&quot;unit&quot;:&quot;px&quot;,&quot;size&quot;:&quot;&quot;,&quot;sizes&quot;:[]}}\" data-widget_type=\"image-box.default\">\n\t\t\t\t<div class=\"elementor-widget-container\">\n\t\t\t\t\t<div class=\"elementor-image-box-wrapper\"><figure class=\"elementor-image-box-img\"><a href=\"https:\/\/mbc-marine.com\/fr\/product-category\/accessoires\/pompe-a-eau-de-mer\/\" tabindex=\"-1\"><!--trp-no-translate--><!--trp-no-translate--><img decoding=\"async\" width=\"400\" height=\"400\" src=\"https:\/\/mbc-marine.com\/wp-content\/uploads\/2025\/10\/acces34-1.jpg?wsr\" class=\"attachment-full size-full wp-image-7303\" alt=\"\" srcset=\"https:\/\/mbc-marine.com\/wp-content\/uploads\/2025\/10\/acces34-1.jpg 400w, https:\/\/mbc-marine.com\/wp-content\/uploads\/2025\/10\/acces34-1-300x300.jpg 300w, https:\/\/mbc-marine.com\/wp-content\/uploads\/2025\/10\/acces34-1-150x150.jpg 150w, https:\/\/mbc-marine.com\/wp-content\/uploads\/2025\/10\/acces34-1-100x100.jpg 100w, https:\/\/mbc-marine.com\/wp-content\/uploads\/2025\/10\/acces34-1-90x90.jpg 90w\" sizes=\"(max-width: 400px) 100vw, 400px\" data-no-translation=\"\" \/><!--/trp-no-translate--><!--\/trp-no-translate--><\/a><\/figure><div class=\"elementor-image-box-content\"><h3 class=\"elementor-image-box-title\"><a href=\"https:\/\/mbc-marine.com\/fr\/product-category\/accessoires\/pompe-a-eau-de-mer\/\">Pompes \u00e0 eau de mer pour climatiseurs marins - AISI 316L<\/a><\/h3><\/div><\/div>\t\t\t\t<\/div>\n\t\t\t\t<\/div>\n\t\t\t\t<div class=\"elementor-element elementor-element-5c49de4 elementor-widget elementor-widget-text-editor\" data-id=\"5c49de4\" data-element_type=\"widget\" data-e-type=\"widget\" data-widget_type=\"text-editor.default\">\n\t\t\t\t<div class=\"elementor-widget-container\">\n\t\t\t\t\t\t\t\t\t<p>Raccords durables et r\u00e9sistants \u00e0 la corrosion, con\u00e7us pour offrir des performances fiables dans les syst\u00e8mes de climatisation marins fonctionnant \u00e0 l'eau de mer.<\/p>\t\t\t\t\t\t\t\t<\/div>\n\t\t\t\t<\/div>\n\t\t\t\t\t<\/div>\n\t\t<\/div>\n\t\t\t\t\t<\/div>\n\t\t<\/section>\n\t\t\t\t<\/div>","protected":false},"excerpt":{"rendered":"<p>Freshwater and Seawater Circulation Pumps Fresh Water Pumps for Chiller Systems At MBC Marine, we offer a carefully curated selection of pumps specifically designed for marine air conditioning systems. \u00a0 Sea Water Pumps for Marine Air Conditioners &#8211; AISI 316L Durable, corrosion-resistant fittings engineered for dependable performance in seawater-based marine air conditioning systems.<\/p>","protected":false},"author":1,"featured_media":0,"parent":0,"menu_order":0,"comment_status":"closed","ping_status":"closed","template":"","meta":{"_acf_changed":false,"footnotes":""},"class_list":["post-5179","page","type-page","status-publish","hentry"],"acf":[],"_links":{"self":[{"href":"https:\/\/mbc-marine.com\/fr\/wp-json\/wp\/v2\/pages\/5179","targetHints":{"allow":["GET"]}}],"collection":[{"href":"https:\/\/mbc-marine.com\/fr\/wp-json\/wp\/v2\/pages"}],"about":[{"href":"https:\/\/mbc-marine.com\/fr\/wp-json\/wp\/v2\/types\/page"}],"author":[{"embeddable":true,"href":"https:\/\/mbc-marine.com\/fr\/wp-json\/wp\/v2\/users\/1"}],"replies":[{"embeddable":true,"href":"https:\/\/mbc-marine.com\/fr\/wp-json\/wp\/v2\/comments?post=5179"}],"version-history":[{"count":12,"href":"https:\/\/mbc-marine.com\/fr\/wp-json\/wp\/v2\/pages\/5179\/revisions"}],"predecessor-version":[{"id":7309,"href":"https:\/\/mbc-marine.com\/fr\/wp-json\/wp\/v2\/pages\/5179\/revisions\/7309"}],"wp:attachment":[{"href":"https:\/\/mbc-marine.com\/fr\/wp-json\/wp\/v2\/media?parent=5179"}],"curies":[{"name":"wp","href":"https:\/\/api.w.org\/{rel}","templated":true}]}}