{"id":1152,"date":"2024-08-29T09:22:45","date_gmt":"2024-08-29T07:22:45","guid":{"rendered":"https:\/\/mbc-marine.com\/?post_type=product&#038;p=1152"},"modified":"2025-09-09T12:55:59","modified_gmt":"2025-09-09T10:55:59","slug":"grille-de-retour-dair-en-pvc-blanc","status":"publish","type":"product","link":"https:\/\/mbc-marine.com\/fr\/product\/white-pvc-return-air-grill\/","title":{"rendered":"GRILLES DE RETOUR D'AIR EN PLASTIQUE"},"content":{"rendered":"<p>Grille en plastique l\u00e9g\u00e8re avec filtre int\u00e9gr\u00e9, con\u00e7ue pour assurer un flux d'air de retour fluide et une meilleure qualit\u00e9 de l'air.<\/p>\n<p>Id\u00e9al pour les syst\u00e8mes de climatisation marine autonomes et \u00e0 refroidisseur.<\/p>","protected":false},"excerpt":{"rendered":"<table style=\"border-collapse: collapse; width: 100%; height: 184px;\">\n<tbody>\n<tr style=\"height: 23px;\">\n<td style=\"width: 50%; height: 23px; text-align: left;\">TAILLES ET COULEURS DISPONIBLES<\/td>\n<td style=\"width: 50%; height: 23px; text-align: left;\">TAILLE<\/td>\n<\/tr>\n<tr>\n<td style=\"width: 50%;\"><\/td>\n<td style=\"width: 50%;\"><\/td>\n<\/tr>\n<tr style=\"height: 23px;\">\n<td style=\"width: 50%; height: 23px;\">BLANC<\/td>\n<td style=\"width: 50%; height: 23px;\"><\/td>\n<\/tr>\n<tr style=\"height: 23px;\">\n<td style=\"width: 50%; height: 23px;\">RAG-2525-PW<\/td>\n<td style=\"width: 50%; height: 23px;\">250 x 250 mm<\/td>\n<\/tr>\n<tr style=\"height: 23px;\">\n<td style=\"width: 50%; height: 23px;\">RAG-3020-PW<\/td>\n<td style=\"width: 50%; height: 23px;\">300 x 200 mm<\/td>\n<\/tr>\n<tr style=\"height: 23px;\">\n<td style=\"width: 50%; height: 23px;\"><\/td>\n<td style=\"width: 50%; height: 23px;\"><\/td>\n<\/tr>\n<tr style=\"height: 23px;\">\n<td style=\"width: 50%; height: 23px;\">NOIR<\/td>\n<td style=\"width: 50%; height: 23px;\"><\/td>\n<\/tr>\n<tr style=\"height: 23px;\">\n<td style=\"width: 50%; height: 23px;\">RAG-2525-PB<\/td>\n<td style=\"width: 50%; height: 23px;\">250 x 250 mm<\/td>\n<\/tr>\n<tr style=\"height: 23px;\">\n<td style=\"width: 50%; height: 23px;\">RAG-3020-PB<\/td>\n<td style=\"width: 50%; height: 23px;\">300 x 200 mm<\/td>\n<\/tr>\n<\/tbody>\n<\/table>","protected":false},"featured_media":5585,"template":"","meta":{"_acf_changed":false},"product_brand":[],"product_cat":[35,49,83,50],"product_tag":[],"class_list":{"0":"post-1152","1":"product","2":"type-product","3":"status-publish","4":"has-post-thumbnail","6":"product_cat-accessories","7":"product_cat-mbc-marine-air-grills","8":"product_cat-return-air-grills","9":"product_cat-return-mbc-marine-air-grills","11":"first","12":"instock","13":"shipping-taxable","14":"purchasable","15":"product-type-variable","16":"has-default-attributes"},"acf":[],"yoast_head":"<!-- This site is optimized with the Yoast SEO Premium plugin v27.3 (Yoast SEO v27.4) - https:\/\/yoast.com\/product\/yoast-seo-premium-wordpress\/ -->\n<title>PLASTIC RETURN AIR GRILLS - MBC Marine<\/title>\n<meta name=\"description\" content=\"PLASTIC RETURN AIR GRILLS ,Lightweight plastic grille with built-in filter, designed to ensure smooth return airflow and improved air quality.Ideal for self Contained and Chiller marine air conditioning systems.\" \/>\n<meta name=\"robots\" content=\"index, follow, max-snippet:-1, max-image-preview:large, max-video-preview:-1\" \/>\n<link rel=\"canonical\" href=\"https:\/\/mbc-marine.com\/fr\/product\/grille-de-retour-dair-en-pvc-blanc\/\" \/>\n<meta property=\"og:locale\" content=\"fr_FR\" \/>\n<meta property=\"og:type\" content=\"article\" \/>\n<meta property=\"og:title\" content=\"PLASTIC RETURN AIR GRILLS\" \/>\n<meta property=\"og:description\" content=\"PLASTIC RETURN AIR GRILLS ,Lightweight plastic grille with built-in filter, designed to ensure smooth return airflow and improved air quality.Ideal for self Contained and Chiller marine air conditioning systems.\" \/>\n<meta property=\"og:url\" content=\"https:\/\/mbc-marine.com\/fr\/product\/grille-de-retour-dair-en-pvc-blanc\/\" \/>\n<meta property=\"og:site_name\" content=\"MBC Marine\" \/>\n<meta property=\"article:modified_time\" content=\"2025-09-09T10:55:59+00:00\" \/>\n<meta property=\"og:image\" content=\"https:\/\/mbc-marine.com\/wp-content\/uploads\/2024\/08\/plastic_return_air_grill-1.jpg\" \/>\n\t<meta property=\"og:image:width\" content=\"640\" \/>\n\t<meta property=\"og:image:height\" content=\"640\" \/>\n\t<meta property=\"og:image:type\" content=\"image\/jpeg\" \/>\n<meta name=\"twitter:card\" content=\"summary_large_image\" \/>\n<meta name=\"twitter:label1\" content=\"Disponibilit\u00e9\" \/>\n\t<meta name=\"twitter:data1\" content=\"En stock\" \/>\n<script type=\"application\/ld+json\" class=\"yoast-schema-graph\">{\"@context\":\"https:\\\/\\\/schema.org\",\"@graph\":[{\"@type\":[\"WebPage\",\"ItemPage\"],\"@id\":\"https:\\\/\\\/mbc-marine.com\\\/product\\\/white-pvc-return-air-grill\\\/\",\"url\":\"https:\\\/\\\/mbc-marine.com\\\/product\\\/white-pvc-return-air-grill\\\/\",\"name\":\"PLASTIC RETURN AIR GRILLS - MBC Marine\",\"isPartOf\":{\"@id\":\"https:\\\/\\\/mbc-marine.com\\\/#website\"},\"primaryImageOfPage\":{\"@id\":\"https:\\\/\\\/mbc-marine.com\\\/product\\\/white-pvc-return-air-grill\\\/#primaryimage\"},\"image\":{\"@id\":\"https:\\\/\\\/mbc-marine.com\\\/product\\\/white-pvc-return-air-grill\\\/#primaryimage\"},\"thumbnailUrl\":\"https:\\\/\\\/mbc-marine.com\\\/wp-content\\\/uploads\\\/2024\\\/08\\\/plastic_return_air_grill-1.jpg?wsr\",\"datePublished\":\"2024-08-29T07:22:45+00:00\",\"dateModified\":\"2025-09-09T10:55:59+00:00\",\"description\":\"PLASTIC RETURN AIR GRILLS ,Lightweight plastic grille with built-in filter, designed to ensure smooth return airflow and improved air quality.Ideal for self Contained and Chiller marine air conditioning systems.\",\"breadcrumb\":{\"@id\":\"https:\\\/\\\/mbc-marine.com\\\/product\\\/white-pvc-return-air-grill\\\/#breadcrumb\"},\"inLanguage\":\"fr-FR\",\"potentialAction\":[{\"@type\":\"ReadAction\",\"target\":[\"https:\\\/\\\/mbc-marine.com\\\/product\\\/white-pvc-return-air-grill\\\/\"]}]},{\"@type\":\"ImageObject\",\"inLanguage\":\"fr-FR\",\"@id\":\"https:\\\/\\\/mbc-marine.com\\\/product\\\/white-pvc-return-air-grill\\\/#primaryimage\",\"url\":\"https:\\\/\\\/mbc-marine.com\\\/wp-content\\\/uploads\\\/2024\\\/08\\\/plastic_return_air_grill-1.jpg?wsr\",\"contentUrl\":\"https:\\\/\\\/mbc-marine.com\\\/wp-content\\\/uploads\\\/2024\\\/08\\\/plastic_return_air_grill-1.jpg?wsr\",\"width\":640,\"height\":640,\"caption\":\"PLASTIC RETURN AIR GRILLS\"},{\"@type\":\"BreadcrumbList\",\"@id\":\"https:\\\/\\\/mbc-marine.com\\\/product\\\/white-pvc-return-air-grill\\\/#breadcrumb\",\"itemListElement\":[{\"@type\":\"ListItem\",\"position\":1,\"name\":\"Home\",\"item\":\"https:\\\/\\\/mbc-marine.com\\\/\"},{\"@type\":\"ListItem\",\"position\":2,\"name\":\"Shop\",\"item\":\"https:\\\/\\\/mbc-marine.com\\\/shop\\\/\"},{\"@type\":\"ListItem\",\"position\":3,\"name\":\"PLASTIC RETURN AIR GRILLS\"}]},{\"@type\":\"WebSite\",\"@id\":\"https:\\\/\\\/mbc-marine.com\\\/#website\",\"url\":\"https:\\\/\\\/mbc-marine.com\\\/\",\"name\":\"MBC Marine\",\"description\":\"\",\"potentialAction\":[{\"@type\":\"SearchAction\",\"target\":{\"@type\":\"EntryPoint\",\"urlTemplate\":\"https:\\\/\\\/mbc-marine.com\\\/?s={search_term_string}\"},\"query-input\":{\"@type\":\"PropertyValueSpecification\",\"valueRequired\":true,\"valueName\":\"search_term_string\"}}],\"inLanguage\":\"fr-FR\"}]}<\/script>\n<meta property=\"og:availability\" content=\"instock\" \/>\n<meta property=\"product:availability\" content=\"instock\" \/>\n<meta property=\"product:condition\" content=\"new\" \/>\n<!-- \/ Yoast SEO Premium plugin. -->","yoast_head_json":{"title":"GRILLES DE RETOUR D'AIR EN PLASTIQUE - MBC Marine","description":"GRILLES DE RETOUR D'AIR EN PLASTIQUE , Grille en plastique l\u00e9g\u00e8re avec filtre int\u00e9gr\u00e9, con\u00e7ue pour assurer un flux d'air de retour r\u00e9gulier et une meilleure qualit\u00e9 de l'air. Id\u00e9ale pour les syst\u00e8mes de climatisation marins autonomes et \u00e0 refroidisseur.","robots":{"index":"index","follow":"follow","max-snippet":"max-snippet:-1","max-image-preview":"max-image-preview:large","max-video-preview":"max-video-preview:-1"},"canonical":"https:\/\/mbc-marine.com\/fr\/product\/grille-de-retour-dair-en-pvc-blanc\/","og_locale":"fr_FR","og_type":"article","og_title":"PLASTIC RETURN AIR GRILLS","og_description":"PLASTIC RETURN AIR GRILLS ,Lightweight plastic grille with built-in filter, designed to ensure smooth return airflow and improved air quality.Ideal for self Contained and Chiller marine air conditioning systems.","og_url":"https:\/\/mbc-marine.com\/fr\/product\/grille-de-retour-dair-en-pvc-blanc\/","og_site_name":"MBC Marine","article_modified_time":"2025-09-09T10:55:59+00:00","og_image":[{"width":640,"height":640,"url":"https:\/\/mbc-marine.com\/wp-content\/uploads\/2024\/08\/plastic_return_air_grill-1.jpg","type":"image\/jpeg"}],"twitter_card":"summary_large_image","twitter_misc":{"Disponibilit\u00e9":"En stock"},"schema":{"@context":"https:\/\/schema.org","@graph":[{"@type":["WebPage","ItemPage"],"@id":"https:\/\/mbc-marine.com\/product\/white-pvc-return-air-grill\/","url":"https:\/\/mbc-marine.com\/product\/white-pvc-return-air-grill\/","name":"GRILLES DE RETOUR D'AIR EN PLASTIQUE - MBC Marine","isPartOf":{"@id":"https:\/\/mbc-marine.com\/#website"},"primaryImageOfPage":{"@id":"https:\/\/mbc-marine.com\/product\/white-pvc-return-air-grill\/#primaryimage"},"image":{"@id":"https:\/\/mbc-marine.com\/product\/white-pvc-return-air-grill\/#primaryimage"},"thumbnailUrl":"https:\/\/mbc-marine.com\/wp-content\/uploads\/2024\/08\/plastic_return_air_grill-1.jpg?wsr","datePublished":"2024-08-29T07:22:45+00:00","dateModified":"2025-09-09T10:55:59+00:00","description":"GRILLES DE RETOUR D'AIR EN PLASTIQUE , Grille en plastique l\u00e9g\u00e8re avec filtre int\u00e9gr\u00e9, con\u00e7ue pour assurer un flux d'air de retour r\u00e9gulier et une meilleure qualit\u00e9 de l'air. Id\u00e9ale pour les syst\u00e8mes de climatisation marins autonomes et \u00e0 refroidisseur.","breadcrumb":{"@id":"https:\/\/mbc-marine.com\/product\/white-pvc-return-air-grill\/#breadcrumb"},"inLanguage":"fr-FR","potentialAction":[{"@type":"ReadAction","target":["https:\/\/mbc-marine.com\/product\/white-pvc-return-air-grill\/"]}]},{"@type":"ImageObject","inLanguage":"fr-FR","@id":"https:\/\/mbc-marine.com\/product\/white-pvc-return-air-grill\/#primaryimage","url":"https:\/\/mbc-marine.com\/wp-content\/uploads\/2024\/08\/plastic_return_air_grill-1.jpg?wsr","contentUrl":"https:\/\/mbc-marine.com\/wp-content\/uploads\/2024\/08\/plastic_return_air_grill-1.jpg?wsr","width":640,"height":640,"caption":"PLASTIC RETURN AIR GRILLS"},{"@type":"BreadcrumbList","@id":"https:\/\/mbc-marine.com\/product\/white-pvc-return-air-grill\/#breadcrumb","itemListElement":[{"@type":"ListItem","position":1,"name":"Home","item":"https:\/\/mbc-marine.com\/"},{"@type":"ListItem","position":2,"name":"Shop","item":"https:\/\/mbc-marine.com\/shop\/"},{"@type":"ListItem","position":3,"name":"PLASTIC RETURN AIR GRILLS"}]},{"@type":"WebSite","@id":"https:\/\/mbc-marine.com\/#website","url":"https:\/\/mbc-marine.com\/","name":"MBC Marine","description":"","potentialAction":[{"@type":"SearchAction","target":{"@type":"EntryPoint","urlTemplate":"https:\/\/mbc-marine.com\/?s={search_term_string}"},"query-input":{"@type":"PropertyValueSpecification","valueRequired":true,"valueName":"search_term_string"}}],"inLanguage":"fr-FR"}]},"og_availability":"instock","product_availability":"instock","product_condition":"new"},"_links":{"self":[{"href":"https:\/\/mbc-marine.com\/fr\/wp-json\/wp\/v2\/product\/1152","targetHints":{"allow":["GET"]}}],"collection":[{"href":"https:\/\/mbc-marine.com\/fr\/wp-json\/wp\/v2\/product"}],"about":[{"href":"https:\/\/mbc-marine.com\/fr\/wp-json\/wp\/v2\/types\/product"}],"version-history":[{"count":0,"href":"https:\/\/mbc-marine.com\/fr\/wp-json\/wp\/v2\/product\/1152\/revisions"}],"wp:featuredmedia":[{"embeddable":true,"href":"https:\/\/mbc-marine.com\/fr\/wp-json\/wp\/v2\/media\/5585"}],"wp:attachment":[{"href":"https:\/\/mbc-marine.com\/fr\/wp-json\/wp\/v2\/media?parent=1152"}],"wp:term":[{"taxonomy":"product_brand","embeddable":true,"href":"https:\/\/mbc-marine.com\/fr\/wp-json\/wp\/v2\/product_brand?post=1152"},{"taxonomy":"product_cat","embeddable":true,"href":"https:\/\/mbc-marine.com\/fr\/wp-json\/wp\/v2\/product_cat?post=1152"},{"taxonomy":"product_tag","embeddable":true,"href":"https:\/\/mbc-marine.com\/fr\/wp-json\/wp\/v2\/product_tag?post=1152"}],"curies":[{"name":"wp","href":"https:\/\/api.w.org\/{rel}","templated":true}]}}