{"id":1160,"date":"2024-08-29T09:26:18","date_gmt":"2024-08-29T07:26:18","guid":{"rendered":"https:\/\/mbc-marine.com\/?post_type=product&#038;p=1160"},"modified":"2025-09-09T13:03:14","modified_gmt":"2025-09-09T11:03:14","slug":"pvc-blanc-rond","status":"publish","type":"product","link":"https:\/\/mbc-marine.com\/fr\/product\/white-pvc-round\/","title":{"rendered":"PVC BLANC \u201c ROND \u201d 100 mm"},"content":{"rendered":"<div class=\"elementor elementor-1131\" data-elementor-type=\"wp-page\" data-elementor-id=\"1131\" data-elementor-post-type=\"page\">\n<section class=\"elementor-section elementor-top-section elementor-element elementor-element-25bcd092 elementor-section-boxed elementor-section-height-default elementor-section-height-default\" data-id=\"25bcd092\" data-element_type=\"section\" data-settings=\"{&quot;jet_parallax_layout_list&quot;:[]}\">\n<div class=\"elementor-container elementor-column-gap-default\">\n<div class=\"elementor-column elementor-col-100 elementor-top-column elementor-element elementor-element-70a8e93a\" data-id=\"70a8e93a\" data-element_type=\"column\">\n<div class=\"elementor-widget-wrap elementor-element-populated\">\n<div class=\"elementor-element elementor-element-6027e25f elementor-widget elementor-widget-text-editor\" data-id=\"6027e25f\" data-element_type=\"widget\" data-widget_type=\"text-editor.default\">\n<div class=\"elementor-widget-container\">\n<div class=\"page\" title=\"Page 10\">\n<div class=\"layoutArea\">\n<div class=\"column\">\n<p><strong>Les grilles d'a\u00e9ration des climatiseurs marins sont importantes pour plusieurs raisons li\u00e9es \u00e0 l'efficacit\u00e9, \u00e0 la s\u00e9curit\u00e9 et au confort des environnements marins :<\/strong><\/p>\n<h3>R\u00e9partition du flux d'air<\/h3>\n<p>Les grilles d'a\u00e9ration assurent une distribution uniforme de l'air conditionn\u00e9 dans tout le bateau, \u00e9vitant ainsi les points chauds et garantissant une temp\u00e9rature constante.<\/p>\n<p><strong>Refroidissement\/chauffage efficace :<\/strong>\u00a0Des grilles correctement plac\u00e9es et con\u00e7ues contribuent \u00e0 un refroidissement ou un chauffage efficace en dirigeant l'air l\u00e0 o\u00f9 il est le plus n\u00e9cessaire.<\/p>\n<h3>Qualit\u00e9 de l'air<\/h3>\n<p>Ventilation : les grilles permettent une ventilation ad\u00e9quate, ce qui est essentiel pour \u00e9viter l'accumulation d'air vici\u00e9, d'humidit\u00e9 et de polluants pouvant nuire \u00e0 la qualit\u00e9 de l'air.<\/p>\n<p><strong>Filtration :\u00a0<\/strong>De nombreuses grilles de retour sont \u00e9quip\u00e9es de filtres qui permettent de retenir la poussi\u00e8re, les d\u00e9bris et autres contaminants, am\u00e9liorant ainsi la qualit\u00e9 globale de l'air \u00e0 bord.<\/p>\n<h3>Confort<\/h3>\n<p><strong>Climatisation<\/strong>Des grilles d'a\u00e9ration efficaces contribuent \u00e0 maintenir un climat int\u00e9rieur confortable, essentiel au bien-\u00eatre des passagers et de l'\u00e9quipage.<\/p>\n<p>Les grilles d'air des climatiseurs marins jouent un r\u00f4le essentiel dans le fonctionnement efficace, s\u00fbr et confortable des syst\u00e8mes de climatisation marins \u00e0 bord. Elles contribuent \u00e0 une bonne distribution de l'air, \u00e0 une meilleure qualit\u00e9 de l'air, \u00e0 l'efficacit\u00e9 \u00e9nerg\u00e9tique et au confort g\u00e9n\u00e9ral sur le bateau.<\/p>\n<p><strong>Grilles d'alimentation en air pour climatiseurs marins :\u00a0<\/strong>Am\u00e9liorez la distribution d'air dans votre bateau gr\u00e2ce \u00e0 nos grilles d'alimentation en air haut de gamme !<\/p>\n<p>Con\u00e7ues pour durer et s'harmoniser avec tous les int\u00e9rieurs, nos grilles d'a\u00e9ration assurent une circulation optimale de l'air et un refroidissement efficace dans tout votre bateau.<\/p>\n<p>Fabriqu\u00e9s \u00e0 partir de mat\u00e9riaux de haute qualit\u00e9 (bois de teck et de ch\u00eane v\u00e9ritables), ils r\u00e9sistent \u00e0 la corrosion et offrent des performances durables \u00e0 l'int\u00e9rieur du bateau.<\/p>\n<p>Optez pour nos grilles d'alimentation en air pour climatiseurs marins pour une qualit\u00e9 et des performances in\u00e9gal\u00e9es. Assurez-vous que votre bateau reste frais et confortable gr\u00e2ce \u00e0 nos solutions haut de gamme.<\/p>\n<p><strong>Grilles de retour d'air pour climatiseur marin :<\/strong>\u00a0Les grilles de retour d'air des climatiseurs marins jouent un r\u00f4le essentiel dans l'efficacit\u00e9 et le rendement globaux d'un syst\u00e8me CVC (chauffage, ventilation et climatisation) marin. Voici plusieurs raisons pour lesquelles elles sont importantes :<\/p>\n<h3>R\u00e9gulation du d\u00e9bit d'air<\/h3>\n<p><strong>Fonctionnement efficace<\/strong>: Une circulation d'air ad\u00e9quate contribue au bon fonctionnement du syst\u00e8me de climatisation marin  en maintenant un taux d'\u00e9change d'air constant.<\/p>\n<h3>Qualit\u00e9 de l'air<\/h3>\n<p><strong>Filtration des poussi\u00e8res<\/strong>Nos grilles de retour d'air sont \u00e9quip\u00e9es de filtres qui retiennent la poussi\u00e8re, les d\u00e9bris et autres particules, am\u00e9liorant ainsi la qualit\u00e9 globale de l'air \u00e0 bord.<\/p>\n<p>Les grilles de retour d'air MBC Marine sont des composants essentiels qui am\u00e9liorent la fonctionnalit\u00e9 globale des syst\u00e8mes CVC marins. Elles garantissent un fonctionnement efficace, am\u00e9liorent la qualit\u00e9 de l'air et maintiennent le confort. En contribuant au fonctionnement optimal du syst\u00e8me de climatisation, ces grilles jouent un r\u00f4le important dans le confort \u00e0 bord.<\/p>\n<\/div>\n<\/div>\n<\/div>\n<\/div>\n<\/div>\n<\/div>\n<\/div>\n<\/div>\n<\/section>\n<\/div>\n<div class=\"elementor elementor-169 elementor-location-footer\" data-elementor-type=\"footer\" data-elementor-id=\"169\" data-elementor-post-type=\"elementor_library\"><\/div>\n<style>\n#pills-description p strong<br \/>{<br \/>font-size: 16px !important;<br \/>}<br \/><\/style>","protected":false},"excerpt":{"rendered":"<p>GRILLE D'ALIMENTATION EN AIR \u201c RONDE \u201d<br \/>\n100 mm (PSAG-R-100)<\/p>","protected":false},"featured_media":4351,"template":"","meta":{"_acf_changed":false},"product_brand":[],"product_cat":[35,49,52,82],"product_tag":[],"class_list":{"0":"post-1160","1":"product","2":"type-product","3":"status-publish","4":"has-post-thumbnail","6":"product_cat-accessories","7":"product_cat-mbc-marine-air-grills","8":"product_cat-plastic-supply-marine-air-grills","9":"product_cat-supply-air-grills","11":"first","12":"instock","13":"shipping-taxable","14":"product-type-simple"},"acf":[],"yoast_head":"<!-- This site is optimized with the Yoast SEO Premium plugin v27.3 (Yoast SEO v27.4) - https:\/\/yoast.com\/product\/yoast-seo-premium-wordpress\/ -->\n<title>WHITE PVC \u201cROUND\u201d 100mm - MBC Marine<\/title>\n<meta name=\"description\" content=\"Marine air conditioner air grilles are important for several reasons related to the efficiency, safety, and comfort of marine environments.\" \/>\n<meta name=\"robots\" content=\"index, follow, max-snippet:-1, max-image-preview:large, max-video-preview:-1\" \/>\n<link rel=\"canonical\" href=\"https:\/\/mbc-marine.com\/fr\/product\/pvc-blanc-rond\/\" \/>\n<meta property=\"og:locale\" content=\"fr_FR\" \/>\n<meta property=\"og:type\" content=\"article\" \/>\n<meta property=\"og:title\" content=\"WHITE PVC \u201cROUND\u201d 100mm\" \/>\n<meta property=\"og:description\" content=\"Marine air conditioner air grilles are important for several reasons related to the efficiency, safety, and comfort of marine environments.\" \/>\n<meta property=\"og:url\" content=\"https:\/\/mbc-marine.com\/fr\/product\/pvc-blanc-rond\/\" \/>\n<meta property=\"og:site_name\" content=\"MBC Marine\" \/>\n<meta property=\"article:modified_time\" content=\"2025-09-09T11:03:14+00:00\" \/>\n<meta property=\"og:image\" content=\"https:\/\/mbc-marine.com\/wp-content\/uploads\/2024\/08\/white-pvc-round-100mm1.jpg\" \/>\n\t<meta property=\"og:image:width\" content=\"1920\" \/>\n\t<meta property=\"og:image:height\" content=\"1280\" \/>\n\t<meta property=\"og:image:type\" content=\"image\/jpeg\" \/>\n<meta name=\"twitter:card\" content=\"summary_large_image\" \/>\n<meta name=\"twitter:label1\" content=\"Prix\" \/>\n\t<meta name=\"twitter:data1\" content=\"\" \/>\n\t<meta name=\"twitter:label2\" content=\"Disponibilit\u00e9\" \/>\n\t<meta name=\"twitter:data2\" content=\"En stock\" \/>\n<script type=\"application\/ld+json\" class=\"yoast-schema-graph\">{\"@context\":\"https:\\\/\\\/schema.org\",\"@graph\":[{\"@type\":[\"WebPage\",\"ItemPage\"],\"@id\":\"https:\\\/\\\/mbc-marine.com\\\/product\\\/white-pvc-round\\\/\",\"url\":\"https:\\\/\\\/mbc-marine.com\\\/product\\\/white-pvc-round\\\/\",\"name\":\"WHITE PVC \u201cROUND\u201d 100mm - MBC Marine\",\"isPartOf\":{\"@id\":\"https:\\\/\\\/mbc-marine.com\\\/#website\"},\"primaryImageOfPage\":{\"@id\":\"https:\\\/\\\/mbc-marine.com\\\/product\\\/white-pvc-round\\\/#primaryimage\"},\"image\":{\"@id\":\"https:\\\/\\\/mbc-marine.com\\\/product\\\/white-pvc-round\\\/#primaryimage\"},\"thumbnailUrl\":\"https:\\\/\\\/mbc-marine.com\\\/wp-content\\\/uploads\\\/2024\\\/08\\\/white-pvc-round-100mm1.jpg?wsr\",\"datePublished\":\"2024-08-29T07:26:18+00:00\",\"dateModified\":\"2025-09-09T11:03:14+00:00\",\"description\":\"Marine air conditioner air grilles are important for several reasons related to the efficiency, safety, and comfort of marine environments.\",\"breadcrumb\":{\"@id\":\"https:\\\/\\\/mbc-marine.com\\\/product\\\/white-pvc-round\\\/#breadcrumb\"},\"inLanguage\":\"fr-FR\",\"potentialAction\":[{\"@type\":\"ReadAction\",\"target\":[\"https:\\\/\\\/mbc-marine.com\\\/product\\\/white-pvc-round\\\/\"]}]},{\"@type\":\"ImageObject\",\"inLanguage\":\"fr-FR\",\"@id\":\"https:\\\/\\\/mbc-marine.com\\\/product\\\/white-pvc-round\\\/#primaryimage\",\"url\":\"https:\\\/\\\/mbc-marine.com\\\/wp-content\\\/uploads\\\/2024\\\/08\\\/white-pvc-round-100mm1.jpg?wsr\",\"contentUrl\":\"https:\\\/\\\/mbc-marine.com\\\/wp-content\\\/uploads\\\/2024\\\/08\\\/white-pvc-round-100mm1.jpg?wsr\",\"width\":1920,\"height\":1280,\"caption\":\"WHITE PVC \u201cROUND\u201d 100mm\"},{\"@type\":\"BreadcrumbList\",\"@id\":\"https:\\\/\\\/mbc-marine.com\\\/product\\\/white-pvc-round\\\/#breadcrumb\",\"itemListElement\":[{\"@type\":\"ListItem\",\"position\":1,\"name\":\"Home\",\"item\":\"https:\\\/\\\/mbc-marine.com\\\/\"},{\"@type\":\"ListItem\",\"position\":2,\"name\":\"Shop\",\"item\":\"https:\\\/\\\/mbc-marine.com\\\/shop\\\/\"},{\"@type\":\"ListItem\",\"position\":3,\"name\":\"WHITE PVC \u201cROUND\u201d 100mm\"}]},{\"@type\":\"WebSite\",\"@id\":\"https:\\\/\\\/mbc-marine.com\\\/#website\",\"url\":\"https:\\\/\\\/mbc-marine.com\\\/\",\"name\":\"MBC Marine\",\"description\":\"\",\"potentialAction\":[{\"@type\":\"SearchAction\",\"target\":{\"@type\":\"EntryPoint\",\"urlTemplate\":\"https:\\\/\\\/mbc-marine.com\\\/?s={search_term_string}\"},\"query-input\":{\"@type\":\"PropertyValueSpecification\",\"valueRequired\":true,\"valueName\":\"search_term_string\"}}],\"inLanguage\":\"fr-FR\"}]}<\/script>\n<meta property=\"product:price:currency\" content=\"EUR\" \/>\n<meta property=\"og:availability\" content=\"instock\" \/>\n<meta property=\"product:availability\" content=\"instock\" \/>\n<meta property=\"product:condition\" content=\"new\" \/>\n<!-- \/ Yoast SEO Premium plugin. -->","yoast_head_json":{"title":"PVC BLANC \u201c ROND \u201d 100 mm - MBC Marine","description":"Les grilles d'air des climatiseurs marins sont importantes pour plusieurs raisons li\u00e9es \u00e0 l'efficacit\u00e9, \u00e0 la s\u00e9curit\u00e9 et au confort des environnements marins.","robots":{"index":"index","follow":"follow","max-snippet":"max-snippet:-1","max-image-preview":"max-image-preview:large","max-video-preview":"max-video-preview:-1"},"canonical":"https:\/\/mbc-marine.com\/fr\/product\/pvc-blanc-rond\/","og_locale":"fr_FR","og_type":"article","og_title":"WHITE PVC \u201cROUND\u201d 100mm","og_description":"Marine air conditioner air grilles are important for several reasons related to the efficiency, safety, and comfort of marine environments.","og_url":"https:\/\/mbc-marine.com\/fr\/product\/pvc-blanc-rond\/","og_site_name":"MBC Marine","article_modified_time":"2025-09-09T11:03:14+00:00","og_image":[{"width":1920,"height":1280,"url":"https:\/\/mbc-marine.com\/wp-content\/uploads\/2024\/08\/white-pvc-round-100mm1.jpg","type":"image\/jpeg"}],"twitter_card":"summary_large_image","twitter_misc":{"Prix":"","Disponibilit\u00e9":"En stock"},"schema":{"@context":"https:\/\/schema.org","@graph":[{"@type":["WebPage","ItemPage"],"@id":"https:\/\/mbc-marine.com\/product\/white-pvc-round\/","url":"https:\/\/mbc-marine.com\/product\/white-pvc-round\/","name":"PVC BLANC \u201c ROND \u201d 100 mm - MBC Marine","isPartOf":{"@id":"https:\/\/mbc-marine.com\/#website"},"primaryImageOfPage":{"@id":"https:\/\/mbc-marine.com\/product\/white-pvc-round\/#primaryimage"},"image":{"@id":"https:\/\/mbc-marine.com\/product\/white-pvc-round\/#primaryimage"},"thumbnailUrl":"https:\/\/mbc-marine.com\/wp-content\/uploads\/2024\/08\/white-pvc-round-100mm1.jpg?wsr","datePublished":"2024-08-29T07:26:18+00:00","dateModified":"2025-09-09T11:03:14+00:00","description":"Les grilles d'air des climatiseurs marins sont importantes pour plusieurs raisons li\u00e9es \u00e0 l'efficacit\u00e9, \u00e0 la s\u00e9curit\u00e9 et au confort des environnements marins.","breadcrumb":{"@id":"https:\/\/mbc-marine.com\/product\/white-pvc-round\/#breadcrumb"},"inLanguage":"fr-FR","potentialAction":[{"@type":"ReadAction","target":["https:\/\/mbc-marine.com\/product\/white-pvc-round\/"]}]},{"@type":"ImageObject","inLanguage":"fr-FR","@id":"https:\/\/mbc-marine.com\/product\/white-pvc-round\/#primaryimage","url":"https:\/\/mbc-marine.com\/wp-content\/uploads\/2024\/08\/white-pvc-round-100mm1.jpg?wsr","contentUrl":"https:\/\/mbc-marine.com\/wp-content\/uploads\/2024\/08\/white-pvc-round-100mm1.jpg?wsr","width":1920,"height":1280,"caption":"WHITE PVC \u201cROUND\u201d 100mm"},{"@type":"BreadcrumbList","@id":"https:\/\/mbc-marine.com\/product\/white-pvc-round\/#breadcrumb","itemListElement":[{"@type":"ListItem","position":1,"name":"Home","item":"https:\/\/mbc-marine.com\/"},{"@type":"ListItem","position":2,"name":"Shop","item":"https:\/\/mbc-marine.com\/shop\/"},{"@type":"ListItem","position":3,"name":"WHITE PVC \u201cROUND\u201d 100mm"}]},{"@type":"WebSite","@id":"https:\/\/mbc-marine.com\/#website","url":"https:\/\/mbc-marine.com\/","name":"MBC Marine","description":"","potentialAction":[{"@type":"SearchAction","target":{"@type":"EntryPoint","urlTemplate":"https:\/\/mbc-marine.com\/?s={search_term_string}"},"query-input":{"@type":"PropertyValueSpecification","valueRequired":true,"valueName":"search_term_string"}}],"inLanguage":"fr-FR"}]},"product_price_currency":"EUR","og_availability":"instock","product_availability":"instock","product_condition":"new"},"_links":{"self":[{"href":"https:\/\/mbc-marine.com\/fr\/wp-json\/wp\/v2\/product\/1160","targetHints":{"allow":["GET"]}}],"collection":[{"href":"https:\/\/mbc-marine.com\/fr\/wp-json\/wp\/v2\/product"}],"about":[{"href":"https:\/\/mbc-marine.com\/fr\/wp-json\/wp\/v2\/types\/product"}],"version-history":[{"count":0,"href":"https:\/\/mbc-marine.com\/fr\/wp-json\/wp\/v2\/product\/1160\/revisions"}],"wp:featuredmedia":[{"embeddable":true,"href":"https:\/\/mbc-marine.com\/fr\/wp-json\/wp\/v2\/media\/4351"}],"wp:attachment":[{"href":"https:\/\/mbc-marine.com\/fr\/wp-json\/wp\/v2\/media?parent=1160"}],"wp:term":[{"taxonomy":"product_brand","embeddable":true,"href":"https:\/\/mbc-marine.com\/fr\/wp-json\/wp\/v2\/product_brand?post=1160"},{"taxonomy":"product_cat","embeddable":true,"href":"https:\/\/mbc-marine.com\/fr\/wp-json\/wp\/v2\/product_cat?post=1160"},{"taxonomy":"product_tag","embeddable":true,"href":"https:\/\/mbc-marine.com\/fr\/wp-json\/wp\/v2\/product_tag?post=1160"}],"curies":[{"name":"wp","href":"https:\/\/api.w.org\/{rel}","templated":true}]}}