{"id":1176,"date":"2024-08-29T09:32:21","date_gmt":"2024-08-29T07:32:21","guid":{"rendered":"https:\/\/mbc-marine.com\/?post_type=product&#038;p=1176"},"modified":"2025-09-09T13:21:21","modified_gmt":"2025-09-09T11:21:21","slug":"conduit-dair-isole-thermiquement-et-acoustiquement","status":"publish","type":"product","link":"https:\/\/mbc-marine.com\/fr\/product\/thermally-and-acoustically-insulated-air-duct\/","title":{"rendered":"CONDUIT D'AIR ISOL\u00c9 THERMIQUEMENT ET ACOUSTIQUEMENT"},"content":{"rendered":"<h2>Conduit d'air isol\u00e9 thermiquement et acoustiquement avec isolant en ouate de coton.<\/h2>\n<p>Le conduit d'air isol\u00e9 thermiquement et acoustiquement de MBC-Marine est con\u00e7u pour am\u00e9liorer les performances des syst\u00e8mes de climatisation marins en minimisant les pertes de chaleur et en r\u00e9duisant la transmission du bruit.<\/p>\n<p>Ce r\u00e9seau de conduits sp\u00e9cialis\u00e9 garantit que l'air conditionn\u00e9 conserve sa temp\u00e9rature tout au long de son parcours dans les conduits, am\u00e9liorant ainsi l'efficacit\u00e9 \u00e9nerg\u00e9tique. De plus, l'isolation acoustique r\u00e9duit le bruit de fonctionnement, cr\u00e9ant ainsi un environnement plus calme et plus confortable.<\/p>","protected":false},"excerpt":{"rendered":"<p>100 mm (DUCT-100)<br \/>\n125 mm (DUCT-125)<br \/>\n150 mm (DUCT-150)<\/p>","protected":false},"featured_media":1177,"template":"","meta":{"_acf_changed":false},"product_brand":[],"product_cat":[35,53],"product_tag":[],"class_list":{"0":"post-1176","1":"product","2":"type-product","3":"status-publish","4":"has-post-thumbnail","6":"product_cat-accessories","7":"product_cat-air-distribution","9":"first","10":"instock","11":"shipping-taxable","12":"purchasable","13":"product-type-variable"},"acf":[],"yoast_head":"<!-- This site is optimized with the Yoast SEO Premium plugin v27.3 (Yoast SEO v27.4) - https:\/\/yoast.com\/product\/yoast-seo-premium-wordpress\/ -->\n<title>THERMALLY AND ACOUSTICALLY INSULATED AIR DUCT - MBC Marine<\/title>\n<meta name=\"description\" content=\"Thermally and Acoustically Insulated Air Duct with cotton wool isolate.\" \/>\n<meta name=\"robots\" content=\"index, follow, max-snippet:-1, max-image-preview:large, max-video-preview:-1\" \/>\n<link rel=\"canonical\" href=\"https:\/\/mbc-marine.com\/fr\/product\/conduit-dair-isole-thermiquement-et-acoustiquement\/\" \/>\n<meta property=\"og:locale\" content=\"fr_FR\" \/>\n<meta property=\"og:type\" content=\"article\" \/>\n<meta property=\"og:title\" content=\"THERMALLY AND ACOUSTICALLY INSULATED AIR DUCT\" \/>\n<meta property=\"og:description\" content=\"Thermally and Acoustically Insulated Air Duct with cotton wool isolate.\" \/>\n<meta property=\"og:url\" content=\"https:\/\/mbc-marine.com\/fr\/product\/conduit-dair-isole-thermiquement-et-acoustiquement\/\" \/>\n<meta property=\"og:site_name\" content=\"MBC Marine\" \/>\n<meta property=\"article:modified_time\" content=\"2025-09-09T11:21:21+00:00\" \/>\n<meta property=\"og:image\" content=\"https:\/\/mbc-marine.com\/wp-content\/uploads\/2024\/08\/airduct-1.jpg\" \/>\n\t<meta property=\"og:image:width\" content=\"250\" \/>\n\t<meta property=\"og:image:height\" content=\"250\" \/>\n\t<meta property=\"og:image:type\" content=\"image\/jpeg\" \/>\n<meta name=\"twitter:card\" content=\"summary_large_image\" \/>\n<meta name=\"twitter:label1\" content=\"Disponibilit\u00e9\" \/>\n\t<meta name=\"twitter:data1\" content=\"En stock\" \/>\n<script type=\"application\/ld+json\" class=\"yoast-schema-graph\">{\"@context\":\"https:\\\/\\\/schema.org\",\"@graph\":[{\"@type\":[\"WebPage\",\"ItemPage\"],\"@id\":\"https:\\\/\\\/mbc-marine.com\\\/product\\\/thermally-and-acoustically-insulated-air-duct\\\/\",\"url\":\"https:\\\/\\\/mbc-marine.com\\\/product\\\/thermally-and-acoustically-insulated-air-duct\\\/\",\"name\":\"THERMALLY AND ACOUSTICALLY INSULATED AIR DUCT - MBC Marine\",\"isPartOf\":{\"@id\":\"https:\\\/\\\/mbc-marine.com\\\/#website\"},\"primaryImageOfPage\":{\"@id\":\"https:\\\/\\\/mbc-marine.com\\\/product\\\/thermally-and-acoustically-insulated-air-duct\\\/#primaryimage\"},\"image\":{\"@id\":\"https:\\\/\\\/mbc-marine.com\\\/product\\\/thermally-and-acoustically-insulated-air-duct\\\/#primaryimage\"},\"thumbnailUrl\":\"https:\\\/\\\/mbc-marine.com\\\/wp-content\\\/uploads\\\/2024\\\/08\\\/airduct-1.jpg?wsr\",\"datePublished\":\"2024-08-29T07:32:21+00:00\",\"dateModified\":\"2025-09-09T11:21:21+00:00\",\"description\":\"Thermally and Acoustically Insulated Air Duct with cotton wool isolate.\",\"breadcrumb\":{\"@id\":\"https:\\\/\\\/mbc-marine.com\\\/product\\\/thermally-and-acoustically-insulated-air-duct\\\/#breadcrumb\"},\"inLanguage\":\"fr-FR\",\"potentialAction\":[{\"@type\":\"ReadAction\",\"target\":[\"https:\\\/\\\/mbc-marine.com\\\/product\\\/thermally-and-acoustically-insulated-air-duct\\\/\"]}]},{\"@type\":\"ImageObject\",\"inLanguage\":\"fr-FR\",\"@id\":\"https:\\\/\\\/mbc-marine.com\\\/product\\\/thermally-and-acoustically-insulated-air-duct\\\/#primaryimage\",\"url\":\"https:\\\/\\\/mbc-marine.com\\\/wp-content\\\/uploads\\\/2024\\\/08\\\/airduct-1.jpg?wsr\",\"contentUrl\":\"https:\\\/\\\/mbc-marine.com\\\/wp-content\\\/uploads\\\/2024\\\/08\\\/airduct-1.jpg?wsr\",\"width\":250,\"height\":250,\"caption\":\"THERMALLY AND ACOUSTICALLY INSULATED AIR DUCT\"},{\"@type\":\"BreadcrumbList\",\"@id\":\"https:\\\/\\\/mbc-marine.com\\\/product\\\/thermally-and-acoustically-insulated-air-duct\\\/#breadcrumb\",\"itemListElement\":[{\"@type\":\"ListItem\",\"position\":1,\"name\":\"Home\",\"item\":\"https:\\\/\\\/mbc-marine.com\\\/\"},{\"@type\":\"ListItem\",\"position\":2,\"name\":\"Shop\",\"item\":\"https:\\\/\\\/mbc-marine.com\\\/shop\\\/\"},{\"@type\":\"ListItem\",\"position\":3,\"name\":\"THERMALLY AND ACOUSTICALLY INSULATED AIR DUCT\"}]},{\"@type\":\"WebSite\",\"@id\":\"https:\\\/\\\/mbc-marine.com\\\/#website\",\"url\":\"https:\\\/\\\/mbc-marine.com\\\/\",\"name\":\"MBC Marine\",\"description\":\"\",\"potentialAction\":[{\"@type\":\"SearchAction\",\"target\":{\"@type\":\"EntryPoint\",\"urlTemplate\":\"https:\\\/\\\/mbc-marine.com\\\/?s={search_term_string}\"},\"query-input\":{\"@type\":\"PropertyValueSpecification\",\"valueRequired\":true,\"valueName\":\"search_term_string\"}}],\"inLanguage\":\"fr-FR\"}]}<\/script>\n<meta property=\"og:availability\" content=\"instock\" \/>\n<meta property=\"product:availability\" content=\"instock\" \/>\n<meta property=\"product:condition\" content=\"new\" \/>\n<!-- \/ Yoast SEO Premium plugin. -->","yoast_head_json":{"title":"CONDUIT D'AIR ISOL\u00c9 THERMIQUEMENT ET ACOUSTIQUEMENT - MBC Marine","description":"Conduit d'air isol\u00e9 thermiquement et acoustiquement avec isolant en ouate de coton.","robots":{"index":"index","follow":"follow","max-snippet":"max-snippet:-1","max-image-preview":"max-image-preview:large","max-video-preview":"max-video-preview:-1"},"canonical":"https:\/\/mbc-marine.com\/fr\/product\/conduit-dair-isole-thermiquement-et-acoustiquement\/","og_locale":"fr_FR","og_type":"article","og_title":"THERMALLY AND ACOUSTICALLY INSULATED AIR DUCT","og_description":"Thermally and Acoustically Insulated Air Duct with cotton wool isolate.","og_url":"https:\/\/mbc-marine.com\/fr\/product\/conduit-dair-isole-thermiquement-et-acoustiquement\/","og_site_name":"MBC Marine","article_modified_time":"2025-09-09T11:21:21+00:00","og_image":[{"width":250,"height":250,"url":"https:\/\/mbc-marine.com\/wp-content\/uploads\/2024\/08\/airduct-1.jpg","type":"image\/jpeg"}],"twitter_card":"summary_large_image","twitter_misc":{"Disponibilit\u00e9":"En stock"},"schema":{"@context":"https:\/\/schema.org","@graph":[{"@type":["WebPage","ItemPage"],"@id":"https:\/\/mbc-marine.com\/product\/thermally-and-acoustically-insulated-air-duct\/","url":"https:\/\/mbc-marine.com\/product\/thermally-and-acoustically-insulated-air-duct\/","name":"CONDUIT D'AIR ISOL\u00c9 THERMIQUEMENT ET ACOUSTIQUEMENT - MBC Marine","isPartOf":{"@id":"https:\/\/mbc-marine.com\/#website"},"primaryImageOfPage":{"@id":"https:\/\/mbc-marine.com\/product\/thermally-and-acoustically-insulated-air-duct\/#primaryimage"},"image":{"@id":"https:\/\/mbc-marine.com\/product\/thermally-and-acoustically-insulated-air-duct\/#primaryimage"},"thumbnailUrl":"https:\/\/mbc-marine.com\/wp-content\/uploads\/2024\/08\/airduct-1.jpg?wsr","datePublished":"2024-08-29T07:32:21+00:00","dateModified":"2025-09-09T11:21:21+00:00","description":"Conduit d'air isol\u00e9 thermiquement et acoustiquement avec isolant en ouate de coton.","breadcrumb":{"@id":"https:\/\/mbc-marine.com\/product\/thermally-and-acoustically-insulated-air-duct\/#breadcrumb"},"inLanguage":"fr-FR","potentialAction":[{"@type":"ReadAction","target":["https:\/\/mbc-marine.com\/product\/thermally-and-acoustically-insulated-air-duct\/"]}]},{"@type":"ImageObject","inLanguage":"fr-FR","@id":"https:\/\/mbc-marine.com\/product\/thermally-and-acoustically-insulated-air-duct\/#primaryimage","url":"https:\/\/mbc-marine.com\/wp-content\/uploads\/2024\/08\/airduct-1.jpg?wsr","contentUrl":"https:\/\/mbc-marine.com\/wp-content\/uploads\/2024\/08\/airduct-1.jpg?wsr","width":250,"height":250,"caption":"THERMALLY AND ACOUSTICALLY INSULATED AIR DUCT"},{"@type":"BreadcrumbList","@id":"https:\/\/mbc-marine.com\/product\/thermally-and-acoustically-insulated-air-duct\/#breadcrumb","itemListElement":[{"@type":"ListItem","position":1,"name":"Home","item":"https:\/\/mbc-marine.com\/"},{"@type":"ListItem","position":2,"name":"Shop","item":"https:\/\/mbc-marine.com\/shop\/"},{"@type":"ListItem","position":3,"name":"THERMALLY AND ACOUSTICALLY INSULATED AIR DUCT"}]},{"@type":"WebSite","@id":"https:\/\/mbc-marine.com\/#website","url":"https:\/\/mbc-marine.com\/","name":"MBC Marine","description":"","potentialAction":[{"@type":"SearchAction","target":{"@type":"EntryPoint","urlTemplate":"https:\/\/mbc-marine.com\/?s={search_term_string}"},"query-input":{"@type":"PropertyValueSpecification","valueRequired":true,"valueName":"search_term_string"}}],"inLanguage":"fr-FR"}]},"og_availability":"instock","product_availability":"instock","product_condition":"new"},"_links":{"self":[{"href":"https:\/\/mbc-marine.com\/fr\/wp-json\/wp\/v2\/product\/1176","targetHints":{"allow":["GET"]}}],"collection":[{"href":"https:\/\/mbc-marine.com\/fr\/wp-json\/wp\/v2\/product"}],"about":[{"href":"https:\/\/mbc-marine.com\/fr\/wp-json\/wp\/v2\/types\/product"}],"version-history":[{"count":0,"href":"https:\/\/mbc-marine.com\/fr\/wp-json\/wp\/v2\/product\/1176\/revisions"}],"wp:featuredmedia":[{"embeddable":true,"href":"https:\/\/mbc-marine.com\/fr\/wp-json\/wp\/v2\/media\/1177"}],"wp:attachment":[{"href":"https:\/\/mbc-marine.com\/fr\/wp-json\/wp\/v2\/media?parent=1176"}],"wp:term":[{"taxonomy":"product_brand","embeddable":true,"href":"https:\/\/mbc-marine.com\/fr\/wp-json\/wp\/v2\/product_brand?post=1176"},{"taxonomy":"product_cat","embeddable":true,"href":"https:\/\/mbc-marine.com\/fr\/wp-json\/wp\/v2\/product_cat?post=1176"},{"taxonomy":"product_tag","embeddable":true,"href":"https:\/\/mbc-marine.com\/fr\/wp-json\/wp\/v2\/product_tag?post=1176"}],"curies":[{"name":"wp","href":"https:\/\/api.w.org\/{rel}","templated":true}]}}