{"id":2348,"date":"2024-10-21T13:13:13","date_gmt":"2024-10-21T11:13:13","guid":{"rendered":"https:\/\/mbc-marine.com\/?post_type=product&#038;p=2348"},"modified":"2025-09-09T13:45:15","modified_gmt":"2025-09-09T11:45:15","slug":"demarreur-progressif-mbc","status":"publish","type":"product","link":"https:\/\/mbc-marine.com\/fr\/product\/mbc-soft-starter\/","title":{"rendered":"D\u00e9marreur progressif MBC"},"content":{"rendered":"<div data-elementor-type=\"product-post\" data-elementor-id=\"2348\" class=\"elementor elementor-2348\" data-elementor-post-type=\"product\">\n\t\t\t\t\t\t<section class=\"elementor-section elementor-top-section elementor-element elementor-element-614433f9 elementor-section-full_width elementor-section-height-default elementor-section-height-default\" data-id=\"614433f9\" data-element_type=\"section\" data-e-type=\"section\" data-settings=\"{&quot;jet_parallax_layout_list&quot;:[]}\">\n\t\t\t\t\t\t<div class=\"elementor-container elementor-column-gap-default\">\n\t\t\t\t\t<div class=\"elementor-column elementor-col-100 elementor-top-column elementor-element elementor-element-13b62c44\" data-id=\"13b62c44\" data-element_type=\"column\" data-e-type=\"column\">\n\t\t\t<div class=\"elementor-widget-wrap elementor-element-populated\">\n\t\t\t\t\t\t<div class=\"elementor-element elementor-element-234e9939 elementor-widget elementor-widget-text-editor\" data-id=\"234e9939\" data-element_type=\"widget\" data-e-type=\"widget\" data-widget_type=\"text-editor.default\">\n\t\t\t\t<div class=\"elementor-widget-container\">\n\t\t\t\t\t\t\t\t\t<h3>D\u00e9marreur progressif MBC<\/h3><p>D\u00e9marreur progressif MBC \u2013 La solution ultime pour un d\u00e9marrage optimis\u00e9 Le MBC Easy Start permet \u00e0 n'importe quel climatiseur de fonctionner avec une source d'alimentation \u00e0 tension r\u00e9duite, \u00e9liminant ainsi le besoin d'un g\u00e9n\u00e9rateur plus puissant ou suppl\u00e9mentaire. Il r\u00e9duit consid\u00e9rablement le courant de d\u00e9marrage du compresseur, ce qui en fait un d\u00e9marreur progressif sp\u00e9cialement con\u00e7u pour les moteurs monophas\u00e9s.<\/p><p>Le d\u00e9marreur progressif MBC utilise une s\u00e9quence de rampe de d\u00e9marrage auto-optimis\u00e9e en quatre parties afin d'obtenir le courant de d\u00e9marrage le plus faible possible. Cela en fait la solution id\u00e9ale pour faire fonctionner des climatiseurs avec un g\u00e9n\u00e9rateur ou un onduleur, m\u00eame lorsque l'alimentation \u00e9lectrique est limit\u00e9e.<\/p><p><strong>Conception durable et s\u00fbre<br \/><\/strong><\/p><ul><li style=\"list-style-type: none;\"><ul><li><b>Bo\u00eetier m\u00e9tallique r\u00e9sistant aux intemp\u00e9ries et ignifuge :<\/b><br \/>Le bo\u00eetier rev\u00eatu de poudre garantit une durabilit\u00e9 et une s\u00e9curit\u00e9 maximales.<\/li><li><b>Certifi\u00e9 CE :<\/b><br \/>Conforme aux normes europ\u00e9ennes les plus strictes.<\/li><li><b>Disponible en plusieurs tailles :<\/b><br \/>Adaptable \u00e0 diverses applications.<\/li><\/ul><\/li><\/ul>\t\t\t\t\t\t\t\t<\/div>\n\t\t\t\t<\/div>\n\t\t\t\t\t<\/div>\n\t\t<\/div>\n\t\t\t\t\t<\/div>\n\t\t<\/section>\n\t\t\t\t<\/div>","protected":false},"excerpt":{"rendered":"<h4>D\u00e9marrez votre climatiseur marin avec un d\u00e9marrage progressif<\/h4>\n<p style=\"font-size: 16px; margin-bottom: 15px;\">Le courant de d\u00e9marrage du compresseur sera r\u00e9duit d'environ 50% gr\u00e2ce au dispositif de d\u00e9marrage progressif MBC.<\/p>\n<p style=\"font-size: 16px;\">Le raccordement du bo\u00eetier de commande du climatiseur MBC au Soft Start est tr\u00e8s simple et ne n\u00e9cessite aucun r\u00e9glage particulier.<\/p>","protected":false},"featured_media":6190,"template":"","meta":{"_acf_changed":false},"product_brand":[],"product_cat":[74],"product_tag":[],"class_list":{"0":"post-2348","1":"product","2":"type-product","3":"status-publish","4":"has-post-thumbnail","6":"product_cat-mbc-soft-starter","8":"first","9":"instock","10":"shipping-taxable","11":"product-type-simple"},"acf":[],"yoast_head":"<!-- This site is optimized with the Yoast SEO Premium plugin v27.4 (Yoast SEO v27.4) - https:\/\/yoast.com\/product\/yoast-seo-premium-wordpress\/ -->\n<title>MBC Soft Starter - MBC Marine<\/title>\n<meta name=\"description\" content=\"MBC Soft Starter\" \/>\n<meta name=\"robots\" content=\"index, follow, max-snippet:-1, max-image-preview:large, max-video-preview:-1\" \/>\n<link rel=\"canonical\" href=\"https:\/\/mbc-marine.com\/fr\/product\/demarreur-progressif-mbc\/\" \/>\n<meta property=\"og:locale\" content=\"fr_FR\" \/>\n<meta property=\"og:type\" content=\"article\" \/>\n<meta property=\"og:title\" content=\"MBC Soft Starter\" \/>\n<meta property=\"og:description\" content=\"MBC Soft Starter\" \/>\n<meta property=\"og:url\" content=\"https:\/\/mbc-marine.com\/fr\/product\/demarreur-progressif-mbc\/\" \/>\n<meta property=\"og:site_name\" content=\"MBC Marine\" \/>\n<meta property=\"article:modified_time\" content=\"2025-09-09T11:45:15+00:00\" \/>\n<meta property=\"og:image\" content=\"https:\/\/mbc-marine.com\/wp-content\/uploads\/2024\/10\/mbc-soft-starter.png\" \/>\n\t<meta property=\"og:image:width\" content=\"1920\" \/>\n\t<meta property=\"og:image:height\" content=\"1280\" \/>\n\t<meta property=\"og:image:type\" content=\"image\/png\" \/>\n<meta name=\"twitter:card\" content=\"summary_large_image\" \/>\n<meta name=\"twitter:label1\" content=\"Prix\" \/>\n\t<meta name=\"twitter:data1\" content=\"\" \/>\n\t<meta name=\"twitter:label2\" content=\"Disponibilit\u00e9\" \/>\n\t<meta name=\"twitter:data2\" content=\"En stock\" \/>\n<script type=\"application\/ld+json\" class=\"yoast-schema-graph\">{\"@context\":\"https:\\\/\\\/schema.org\",\"@graph\":[{\"@type\":[\"WebPage\",\"ItemPage\"],\"@id\":\"https:\\\/\\\/mbc-marine.com\\\/product\\\/mbc-soft-starter\\\/\",\"url\":\"https:\\\/\\\/mbc-marine.com\\\/product\\\/mbc-soft-starter\\\/\",\"name\":\"MBC Soft Starter - MBC Marine\",\"isPartOf\":{\"@id\":\"https:\\\/\\\/mbc-marine.com\\\/#website\"},\"primaryImageOfPage\":{\"@id\":\"https:\\\/\\\/mbc-marine.com\\\/product\\\/mbc-soft-starter\\\/#primaryimage\"},\"image\":{\"@id\":\"https:\\\/\\\/mbc-marine.com\\\/product\\\/mbc-soft-starter\\\/#primaryimage\"},\"thumbnailUrl\":\"https:\\\/\\\/mbc-marine.com\\\/wp-content\\\/uploads\\\/2024\\\/10\\\/mbc-soft-starter.png?wsr\",\"datePublished\":\"2024-10-21T11:13:13+00:00\",\"dateModified\":\"2025-09-09T11:45:15+00:00\",\"description\":\"MBC Soft Starter\",\"breadcrumb\":{\"@id\":\"https:\\\/\\\/mbc-marine.com\\\/product\\\/mbc-soft-starter\\\/#breadcrumb\"},\"inLanguage\":\"fr-FR\",\"potentialAction\":[{\"@type\":\"ReadAction\",\"target\":[\"https:\\\/\\\/mbc-marine.com\\\/product\\\/mbc-soft-starter\\\/\"]}]},{\"@type\":\"ImageObject\",\"inLanguage\":\"fr-FR\",\"@id\":\"https:\\\/\\\/mbc-marine.com\\\/product\\\/mbc-soft-starter\\\/#primaryimage\",\"url\":\"https:\\\/\\\/mbc-marine.com\\\/wp-content\\\/uploads\\\/2024\\\/10\\\/mbc-soft-starter.png?wsr\",\"contentUrl\":\"https:\\\/\\\/mbc-marine.com\\\/wp-content\\\/uploads\\\/2024\\\/10\\\/mbc-soft-starter.png?wsr\",\"width\":1920,\"height\":1280,\"caption\":\"MBC Soft Starter\"},{\"@type\":\"BreadcrumbList\",\"@id\":\"https:\\\/\\\/mbc-marine.com\\\/product\\\/mbc-soft-starter\\\/#breadcrumb\",\"itemListElement\":[{\"@type\":\"ListItem\",\"position\":1,\"name\":\"Home\",\"item\":\"https:\\\/\\\/mbc-marine.com\\\/\"},{\"@type\":\"ListItem\",\"position\":2,\"name\":\"Shop\",\"item\":\"https:\\\/\\\/mbc-marine.com\\\/shop\\\/\"},{\"@type\":\"ListItem\",\"position\":3,\"name\":\"MBC Soft Starter\"}]},{\"@type\":\"WebSite\",\"@id\":\"https:\\\/\\\/mbc-marine.com\\\/#website\",\"url\":\"https:\\\/\\\/mbc-marine.com\\\/\",\"name\":\"MBC Marine\",\"description\":\"\",\"potentialAction\":[{\"@type\":\"SearchAction\",\"target\":{\"@type\":\"EntryPoint\",\"urlTemplate\":\"https:\\\/\\\/mbc-marine.com\\\/?s={search_term_string}\"},\"query-input\":{\"@type\":\"PropertyValueSpecification\",\"valueRequired\":true,\"valueName\":\"search_term_string\"}}],\"inLanguage\":\"fr-FR\"}]}<\/script>\n<meta property=\"product:price:currency\" content=\"EUR\" \/>\n<meta property=\"og:availability\" content=\"instock\" \/>\n<meta property=\"product:availability\" content=\"instock\" \/>\n<meta property=\"product:condition\" content=\"new\" \/>\n<!-- \/ Yoast SEO Premium plugin. -->","yoast_head_json":{"title":"D\u00e9marreur progressif MBC - MBC Marine","description":"D\u00e9marreur progressif MBC","robots":{"index":"index","follow":"follow","max-snippet":"max-snippet:-1","max-image-preview":"max-image-preview:large","max-video-preview":"max-video-preview:-1"},"canonical":"https:\/\/mbc-marine.com\/fr\/product\/demarreur-progressif-mbc\/","og_locale":"fr_FR","og_type":"article","og_title":"MBC Soft Starter","og_description":"MBC Soft Starter","og_url":"https:\/\/mbc-marine.com\/fr\/product\/demarreur-progressif-mbc\/","og_site_name":"MBC Marine","article_modified_time":"2025-09-09T11:45:15+00:00","og_image":[{"width":1920,"height":1280,"url":"https:\/\/mbc-marine.com\/wp-content\/uploads\/2024\/10\/mbc-soft-starter.png","type":"image\/png"}],"twitter_card":"summary_large_image","twitter_misc":{"Prix":"","Disponibilit\u00e9":"En stock"},"schema":{"@context":"https:\/\/schema.org","@graph":[{"@type":["WebPage","ItemPage"],"@id":"https:\/\/mbc-marine.com\/product\/mbc-soft-starter\/","url":"https:\/\/mbc-marine.com\/product\/mbc-soft-starter\/","name":"D\u00e9marreur progressif MBC - MBC Marine","isPartOf":{"@id":"https:\/\/mbc-marine.com\/#website"},"primaryImageOfPage":{"@id":"https:\/\/mbc-marine.com\/product\/mbc-soft-starter\/#primaryimage"},"image":{"@id":"https:\/\/mbc-marine.com\/product\/mbc-soft-starter\/#primaryimage"},"thumbnailUrl":"https:\/\/mbc-marine.com\/wp-content\/uploads\/2024\/10\/mbc-soft-starter.png?wsr","datePublished":"2024-10-21T11:13:13+00:00","dateModified":"2025-09-09T11:45:15+00:00","description":"D\u00e9marreur progressif MBC","breadcrumb":{"@id":"https:\/\/mbc-marine.com\/product\/mbc-soft-starter\/#breadcrumb"},"inLanguage":"fr-FR","potentialAction":[{"@type":"ReadAction","target":["https:\/\/mbc-marine.com\/product\/mbc-soft-starter\/"]}]},{"@type":"ImageObject","inLanguage":"fr-FR","@id":"https:\/\/mbc-marine.com\/product\/mbc-soft-starter\/#primaryimage","url":"https:\/\/mbc-marine.com\/wp-content\/uploads\/2024\/10\/mbc-soft-starter.png?wsr","contentUrl":"https:\/\/mbc-marine.com\/wp-content\/uploads\/2024\/10\/mbc-soft-starter.png?wsr","width":1920,"height":1280,"caption":"MBC Soft Starter"},{"@type":"BreadcrumbList","@id":"https:\/\/mbc-marine.com\/product\/mbc-soft-starter\/#breadcrumb","itemListElement":[{"@type":"ListItem","position":1,"name":"Home","item":"https:\/\/mbc-marine.com\/"},{"@type":"ListItem","position":2,"name":"Shop","item":"https:\/\/mbc-marine.com\/shop\/"},{"@type":"ListItem","position":3,"name":"MBC Soft Starter"}]},{"@type":"WebSite","@id":"https:\/\/mbc-marine.com\/#website","url":"https:\/\/mbc-marine.com\/","name":"MBC Marine","description":"","potentialAction":[{"@type":"SearchAction","target":{"@type":"EntryPoint","urlTemplate":"https:\/\/mbc-marine.com\/?s={search_term_string}"},"query-input":{"@type":"PropertyValueSpecification","valueRequired":true,"valueName":"search_term_string"}}],"inLanguage":"fr-FR"}]},"product_price_currency":"EUR","og_availability":"instock","product_availability":"instock","product_condition":"new"},"_links":{"self":[{"href":"https:\/\/mbc-marine.com\/fr\/wp-json\/wp\/v2\/product\/2348","targetHints":{"allow":["GET"]}}],"collection":[{"href":"https:\/\/mbc-marine.com\/fr\/wp-json\/wp\/v2\/product"}],"about":[{"href":"https:\/\/mbc-marine.com\/fr\/wp-json\/wp\/v2\/types\/product"}],"version-history":[{"count":0,"href":"https:\/\/mbc-marine.com\/fr\/wp-json\/wp\/v2\/product\/2348\/revisions"}],"wp:featuredmedia":[{"embeddable":true,"href":"https:\/\/mbc-marine.com\/fr\/wp-json\/wp\/v2\/media\/6190"}],"wp:attachment":[{"href":"https:\/\/mbc-marine.com\/fr\/wp-json\/wp\/v2\/media?parent=2348"}],"wp:term":[{"taxonomy":"product_brand","embeddable":true,"href":"https:\/\/mbc-marine.com\/fr\/wp-json\/wp\/v2\/product_brand?post=2348"},{"taxonomy":"product_cat","embeddable":true,"href":"https:\/\/mbc-marine.com\/fr\/wp-json\/wp\/v2\/product_cat?post=2348"},{"taxonomy":"product_tag","embeddable":true,"href":"https:\/\/mbc-marine.com\/fr\/wp-json\/wp\/v2\/product_tag?post=2348"}],"curies":[{"name":"wp","href":"https:\/\/api.w.org\/{rel}","templated":true}]}}