{"id":2382,"date":"2024-10-21T13:38:29","date_gmt":"2024-10-21T11:38:29","guid":{"rendered":"https:\/\/mbc-marine.com\/?post_type=product&#038;p=2382"},"modified":"2025-09-09T13:45:23","modified_gmt":"2025-09-09T11:45:23","slug":"pompe-a-eau-de-mer-mp-20-r","status":"publish","type":"product","link":"https:\/\/mbc-marine.com\/fr\/product\/mp-20-r-sea-water-pump\/","title":{"rendered":"Pompe \u00e0 eau de mer MP20-R"},"content":{"rendered":"<div data-elementor-type=\"product-post\" data-elementor-id=\"2382\" class=\"elementor elementor-2382\" data-elementor-post-type=\"product\">\n\t\t\t\t\t\t<section class=\"elementor-section elementor-top-section elementor-element elementor-element-42bf677e elementor-section-full_width elementor-section-height-default elementor-section-height-default\" data-id=\"42bf677e\" data-element_type=\"section\" data-e-type=\"section\" data-settings=\"{&quot;jet_parallax_layout_list&quot;:[]}\">\n\t\t\t\t\t\t<div class=\"elementor-container elementor-column-gap-default\">\n\t\t\t\t\t<div class=\"elementor-column elementor-col-100 elementor-top-column elementor-element elementor-element-3779d6b8\" data-id=\"3779d6b8\" data-element_type=\"column\" data-e-type=\"column\">\n\t\t\t<div class=\"elementor-widget-wrap elementor-element-populated\">\n\t\t\t\t\t\t<div class=\"elementor-element elementor-element-2d60f6f9 elementor-widget elementor-widget-text-editor\" data-id=\"2d60f6f9\" data-element_type=\"widget\" data-e-type=\"widget\" data-widget_type=\"text-editor.default\">\n\t\t\t\t<div class=\"elementor-widget-container\">\n\t\t\t\t\t\t\t\t\t<h5><span style=\"font-size: 12pt; font-family: arial, helvetica, sans-serif;\">La MBC MD-20R est une pompe centrifuge compacte \u00e0 couplage magn\u00e9tique con\u00e7ue pour une circulation en continu dans les environnements marins et techniques. Sa construction sans joint \u00e9limine le risque de fuite, ce qui la rend id\u00e9ale pour les syst\u00e8mes d'eau glac\u00e9e en boucle ferm\u00e9e.<\/span><br \/><span style=\"font-size: 12pt; font-family: arial, helvetica, sans-serif;\">\u00c9quip\u00e9 d'un moteur 220 V, d'un arbre en c\u00e9ramique et d'un bo\u00eetier en polypropyl\u00e8ne r\u00e9sistant aux produits chimiques, le MD-20R offre un d\u00e9bit pouvant atteindre 31 l\/min avec une hauteur maximale de 2,5 m\u00e8tres, ce qui le rend parfaitement adapt\u00e9 aux syst\u00e8mes de climatisation 230 V embarqu\u00e9s.<\/span><br \/><span style=\"font-size: 12pt; font-family: arial, helvetica, sans-serif;\">Le raccord de tuyau de 20 mm assure la compatibilit\u00e9 avec la plomberie marine standard, tandis que son fonctionnement silencieux et \u00e9conome en \u00e9nergie permet une utilisation \u00e0 long terme avec un entretien minimal.<\/span><\/h5>\t\t\t\t\t\t\t\t<\/div>\n\t\t\t\t<\/div>\n\t\t\t\t\t<\/div>\n\t\t<\/div>\n\t\t\t\t\t<\/div>\n\t\t<\/section>\n\t\t\t\t<\/div>","protected":false},"excerpt":{"rendered":"<div class=\"_tableContainer_80l1q_1\">\n<div class=\"_tableWrapper_80l1q_14 group flex w-fit flex-col-reverse\" tabindex=\"-1\">\n<table class=\"w-fit min-w-(--thread-content-width)\" style=\"width: 101.067416%; height: 573px;\" data-start=\"418\" data-end=\"2245\">\n<thead data-start=\"418\" data-end=\"496\">\n<tr data-start=\"418\" data-end=\"496\">\n<th data-start=\"418\" data-end=\"451\" data-col-size=\"sm\"><strong data-start=\"420\" data-end=\"437\">Sp\u00e9cification<\/strong><\/th>\n<th data-start=\"451\" data-end=\"496\" data-col-size=\"md\"><strong data-start=\"453\" data-end=\"462\">Valeur<\/strong><\/th>\n<\/tr>\n<\/thead>\n<tbody data-start=\"575\" data-end=\"2245\">\n<tr data-start=\"575\" data-end=\"652\">\n<td data-start=\"575\" data-end=\"607\" data-col-size=\"sm\">Mod\u00e8le<\/td>\n<td data-col-size=\"md\" data-start=\"607\" data-end=\"652\">MBC MP-20R (220 V)<\/td>\n<\/tr>\n<tr data-start=\"653\" data-end=\"730\">\n<td data-start=\"653\" data-end=\"685\" data-col-size=\"sm\">Type de pompe<\/td>\n<td data-col-size=\"md\" data-start=\"685\" data-end=\"730\">Centrifuge \u00e0 entra\u00eenement magn\u00e9tique (sans joint)<\/td>\n<\/tr>\n<tr data-start=\"731\" data-end=\"808\">\n<td data-start=\"731\" data-end=\"763\" data-col-size=\"sm\">Tension nominale<\/td>\n<td data-col-size=\"md\" data-start=\"763\" data-end=\"808\">220 V CA<\/td>\n<\/tr>\n<tr data-start=\"809\" data-end=\"887\">\n<td data-start=\"809\" data-end=\"841\" data-col-size=\"sm\">Puissance du moteur<\/td>\n<td data-col-size=\"md\" data-start=\"841\" data-end=\"887\">~20 W<\/td>\n<\/tr>\n<tr data-start=\"888\" data-end=\"965\">\n<td data-start=\"888\" data-end=\"920\" data-col-size=\"sm\">Vitesse<\/td>\n<td data-col-size=\"md\" data-start=\"920\" data-end=\"965\">~3100 tr\/min<\/td>\n<\/tr>\n<tr data-start=\"966\" data-end=\"1043\">\n<td data-start=\"966\" data-end=\"998\" data-col-size=\"sm\">D\u00e9bit maximal<\/td>\n<td data-col-size=\"md\" data-start=\"998\" data-end=\"1043\">~27 L\/min<\/td>\n<\/tr>\n<tr data-start=\"1044\" data-end=\"1121\">\n<td data-start=\"1044\" data-end=\"1076\" data-col-size=\"sm\">Hauteur maximale<\/td>\n<td data-col-size=\"md\" data-start=\"1076\" data-end=\"1121\">~2,5 m<\/td>\n<\/tr>\n<tr data-start=\"1122\" data-end=\"1199\">\n<td data-start=\"1122\" data-end=\"1154\" data-col-size=\"sm\">Consommation \u00e9lectrique<\/td>\n<td data-col-size=\"md\" data-start=\"1154\" data-end=\"1199\">~0,22\u20130,25 A<\/td>\n<\/tr>\n<tr data-start=\"1200\" data-end=\"1281\">\n<td data-start=\"1200\" data-end=\"1232\" data-col-size=\"sm\">Mat\u00e9riau de construction<\/td>\n<td data-col-size=\"md\" data-start=\"1232\" data-end=\"1281\">Polypropyl\u00e8ne renforc\u00e9 de fibres de verre (GFR-PP)<\/td>\n<\/tr>\n<tr data-start=\"1282\" data-end=\"1359\">\n<td data-start=\"1282\" data-end=\"1314\" data-col-size=\"sm\">Arbre<\/td>\n<td data-col-size=\"md\" data-start=\"1314\" data-end=\"1359\">C\u00e9ramique<\/td>\n<\/tr>\n<tr data-start=\"1360\" data-end=\"1437\">\n<td data-start=\"1360\" data-end=\"1392\" data-col-size=\"sm\">Roulements<\/td>\n<td data-col-size=\"md\" data-start=\"1392\" data-end=\"1437\">PTFE (t\u00e9flon)<\/td>\n<\/tr>\n<tr data-start=\"1438\" data-end=\"1515\">\n<td data-start=\"1438\" data-end=\"1470\" data-col-size=\"sm\">Roue \u00e0 aubes<\/td>\n<td data-col-size=\"md\" data-start=\"1470\" data-end=\"1515\">GFR-PP, conception ferm\u00e9e<\/td>\n<\/tr>\n<tr data-start=\"1516\" data-end=\"1593\">\n<td data-start=\"1516\" data-end=\"1548\" data-col-size=\"sm\">\u00c9tanch\u00e9it\u00e9<\/td>\n<td data-col-size=\"md\" data-start=\"1548\" data-end=\"1593\">Sans joint (accouplement magn\u00e9tique)<\/td>\n<\/tr>\n<tr data-start=\"1594\" data-end=\"1671\">\n<td data-start=\"1594\" data-end=\"1626\" data-col-size=\"sm\">Raccordement entr\u00e9e\/sortie<\/td>\n<td data-col-size=\"md\" data-start=\"1626\" data-end=\"1671\">Raccord cannel\u00e9 de 20 mm<\/td>\n<\/tr>\n<tr data-start=\"1672\" data-end=\"1749\">\n<td data-start=\"1672\" data-end=\"1704\" data-col-size=\"sm\">Annexe<\/td>\n<td data-col-size=\"md\" data-start=\"1704\" data-end=\"1749\">Totalement ferm\u00e9 et non ventil\u00e9 (TENV)<\/td>\n<\/tr>\n<tr data-start=\"1750\" data-end=\"1827\">\n<td data-start=\"1750\" data-end=\"1782\" data-col-size=\"sm\">Densit\u00e9 maximale du fluide<\/td>\n<td data-col-size=\"md\" data-start=\"1782\" data-end=\"1827\">~1,1 kg\/L<\/td>\n<\/tr>\n<tr data-start=\"1828\" data-end=\"1905\">\n<td data-start=\"1828\" data-end=\"1860\" data-col-size=\"sm\">Classe d'isolation<\/td>\n<td data-col-size=\"md\" data-start=\"1860\" data-end=\"1905\">Classe E ou sup\u00e9rieure<\/td>\n<\/tr>\n<tr data-start=\"1906\" data-end=\"1983\">\n<td data-start=\"1906\" data-end=\"1938\" data-col-size=\"sm\">Mode de fonctionnement<\/td>\n<td data-col-size=\"md\" data-start=\"1938\" data-end=\"1983\">En continu<\/td>\n<\/tr>\n<tr data-start=\"1984\" data-end=\"2061\">\n<td data-start=\"1984\" data-end=\"2016\" data-col-size=\"sm\">Niveau sonore<\/td>\n<td data-col-size=\"md\" data-start=\"2016\" data-end=\"2061\">Faible (fonctionnement silencieux)<\/td>\n<\/tr>\n<tr data-start=\"2062\" data-end=\"2139\">\n<td data-start=\"2062\" data-end=\"2094\" data-col-size=\"sm\">Poids<\/td>\n<td data-col-size=\"md\" data-start=\"2094\" data-end=\"2139\">1,8 kg<\/td>\n<\/tr>\n<tr data-start=\"2140\" data-end=\"2245\">\n<td data-start=\"2140\" data-end=\"2172\" data-col-size=\"sm\"><\/td>\n<td data-col-size=\"md\" data-start=\"2172\" data-end=\"2245\"><\/td>\n<\/tr>\n<\/tbody>\n<\/table>\n<div class=\"sticky end-(--thread-content-margin) h-0 self-end select-none\">\n<div class=\"absolute end-0 flex items-end\"><\/div>\n<\/div>\n<\/div>\n<\/div>","protected":false},"featured_media":2369,"template":"","meta":{"_acf_changed":false},"product_brand":[],"product_cat":[75],"product_tag":[],"class_list":{"0":"post-2382","1":"product","2":"type-product","3":"status-publish","4":"has-post-thumbnail","6":"product_cat-sea-water-pump","8":"first","9":"instock","10":"shipping-taxable","11":"product-type-simple"},"acf":[],"yoast_head":"<!-- This site is optimized with the Yoast SEO Premium plugin v27.3 (Yoast SEO v27.4) - https:\/\/yoast.com\/product\/yoast-seo-premium-wordpress\/ -->\n<title>MP20-R Sea Water Pump - MBC Marine<\/title>\n<meta name=\"description\" content=\"MP20-R Sea Water Pump\" \/>\n<meta name=\"robots\" content=\"index, follow, max-snippet:-1, max-image-preview:large, max-video-preview:-1\" \/>\n<link rel=\"canonical\" href=\"https:\/\/mbc-marine.com\/fr\/product\/pompe-a-eau-de-mer-mp-20-r\/\" \/>\n<meta property=\"og:locale\" content=\"fr_FR\" \/>\n<meta property=\"og:type\" content=\"article\" \/>\n<meta property=\"og:title\" content=\"MP20-R Sea Water Pump\" \/>\n<meta property=\"og:description\" content=\"MP20-R Sea Water Pump\" \/>\n<meta property=\"og:url\" content=\"https:\/\/mbc-marine.com\/fr\/product\/pompe-a-eau-de-mer-mp-20-r\/\" \/>\n<meta property=\"og:site_name\" content=\"MBC Marine\" \/>\n<meta property=\"article:modified_time\" content=\"2025-09-09T11:45:23+00:00\" \/>\n<meta property=\"og:image\" content=\"https:\/\/mbc-marine.com\/wp-content\/uploads\/2024\/10\/MP-series-3.jpg\" \/>\n\t<meta property=\"og:image:width\" content=\"1920\" \/>\n\t<meta property=\"og:image:height\" content=\"1282\" \/>\n\t<meta property=\"og:image:type\" content=\"image\/jpeg\" \/>\n<meta name=\"twitter:card\" content=\"summary_large_image\" \/>\n<meta name=\"twitter:label1\" content=\"Prix\" \/>\n\t<meta name=\"twitter:data1\" content=\"\" \/>\n\t<meta name=\"twitter:label2\" content=\"Disponibilit\u00e9\" \/>\n\t<meta name=\"twitter:data2\" content=\"En stock\" \/>\n<script type=\"application\/ld+json\" class=\"yoast-schema-graph\">{\"@context\":\"https:\\\/\\\/schema.org\",\"@graph\":[{\"@type\":[\"WebPage\",\"ItemPage\"],\"@id\":\"https:\\\/\\\/mbc-marine.com\\\/product\\\/mp-20-r-sea-water-pump\\\/\",\"url\":\"https:\\\/\\\/mbc-marine.com\\\/product\\\/mp-20-r-sea-water-pump\\\/\",\"name\":\"MP20-R Sea Water Pump - MBC Marine\",\"isPartOf\":{\"@id\":\"https:\\\/\\\/mbc-marine.com\\\/#website\"},\"primaryImageOfPage\":{\"@id\":\"https:\\\/\\\/mbc-marine.com\\\/product\\\/mp-20-r-sea-water-pump\\\/#primaryimage\"},\"image\":{\"@id\":\"https:\\\/\\\/mbc-marine.com\\\/product\\\/mp-20-r-sea-water-pump\\\/#primaryimage\"},\"thumbnailUrl\":\"https:\\\/\\\/mbc-marine.com\\\/wp-content\\\/uploads\\\/2024\\\/10\\\/MP-series-3.jpg?wsr\",\"datePublished\":\"2024-10-21T11:38:29+00:00\",\"dateModified\":\"2025-09-09T11:45:23+00:00\",\"description\":\"MP20-R Sea Water Pump\",\"breadcrumb\":{\"@id\":\"https:\\\/\\\/mbc-marine.com\\\/product\\\/mp-20-r-sea-water-pump\\\/#breadcrumb\"},\"inLanguage\":\"fr-FR\",\"potentialAction\":[{\"@type\":\"ReadAction\",\"target\":[\"https:\\\/\\\/mbc-marine.com\\\/product\\\/mp-20-r-sea-water-pump\\\/\"]}]},{\"@type\":\"ImageObject\",\"inLanguage\":\"fr-FR\",\"@id\":\"https:\\\/\\\/mbc-marine.com\\\/product\\\/mp-20-r-sea-water-pump\\\/#primaryimage\",\"url\":\"https:\\\/\\\/mbc-marine.com\\\/wp-content\\\/uploads\\\/2024\\\/10\\\/MP-series-3.jpg?wsr\",\"contentUrl\":\"https:\\\/\\\/mbc-marine.com\\\/wp-content\\\/uploads\\\/2024\\\/10\\\/MP-series-3.jpg?wsr\",\"width\":1920,\"height\":1282},{\"@type\":\"BreadcrumbList\",\"@id\":\"https:\\\/\\\/mbc-marine.com\\\/product\\\/mp-20-r-sea-water-pump\\\/#breadcrumb\",\"itemListElement\":[{\"@type\":\"ListItem\",\"position\":1,\"name\":\"Home\",\"item\":\"https:\\\/\\\/mbc-marine.com\\\/\"},{\"@type\":\"ListItem\",\"position\":2,\"name\":\"Shop\",\"item\":\"https:\\\/\\\/mbc-marine.com\\\/shop\\\/\"},{\"@type\":\"ListItem\",\"position\":3,\"name\":\"MP20-R Sea Water Pump\"}]},{\"@type\":\"WebSite\",\"@id\":\"https:\\\/\\\/mbc-marine.com\\\/#website\",\"url\":\"https:\\\/\\\/mbc-marine.com\\\/\",\"name\":\"MBC Marine\",\"description\":\"\",\"potentialAction\":[{\"@type\":\"SearchAction\",\"target\":{\"@type\":\"EntryPoint\",\"urlTemplate\":\"https:\\\/\\\/mbc-marine.com\\\/?s={search_term_string}\"},\"query-input\":{\"@type\":\"PropertyValueSpecification\",\"valueRequired\":true,\"valueName\":\"search_term_string\"}}],\"inLanguage\":\"fr-FR\"}]}<\/script>\n<meta property=\"product:price:currency\" content=\"EUR\" \/>\n<meta property=\"og:availability\" content=\"instock\" \/>\n<meta property=\"product:availability\" content=\"instock\" \/>\n<meta property=\"product:condition\" content=\"new\" \/>\n<!-- \/ Yoast SEO Premium plugin. -->","yoast_head_json":{"title":"Pompe \u00e0 eau de mer MP20-R - MBC Marine","description":"Pompe \u00e0 eau de mer MP20-R","robots":{"index":"index","follow":"follow","max-snippet":"max-snippet:-1","max-image-preview":"max-image-preview:large","max-video-preview":"max-video-preview:-1"},"canonical":"https:\/\/mbc-marine.com\/fr\/product\/pompe-a-eau-de-mer-mp-20-r\/","og_locale":"fr_FR","og_type":"article","og_title":"MP20-R Sea Water Pump","og_description":"MP20-R Sea Water Pump","og_url":"https:\/\/mbc-marine.com\/fr\/product\/pompe-a-eau-de-mer-mp-20-r\/","og_site_name":"MBC Marine","article_modified_time":"2025-09-09T11:45:23+00:00","og_image":[{"width":1920,"height":1282,"url":"https:\/\/mbc-marine.com\/wp-content\/uploads\/2024\/10\/MP-series-3.jpg","type":"image\/jpeg"}],"twitter_card":"summary_large_image","twitter_misc":{"Prix":"","Disponibilit\u00e9":"En stock"},"schema":{"@context":"https:\/\/schema.org","@graph":[{"@type":["WebPage","ItemPage"],"@id":"https:\/\/mbc-marine.com\/product\/mp-20-r-sea-water-pump\/","url":"https:\/\/mbc-marine.com\/product\/mp-20-r-sea-water-pump\/","name":"Pompe \u00e0 eau de mer MP20-R - MBC Marine","isPartOf":{"@id":"https:\/\/mbc-marine.com\/#website"},"primaryImageOfPage":{"@id":"https:\/\/mbc-marine.com\/product\/mp-20-r-sea-water-pump\/#primaryimage"},"image":{"@id":"https:\/\/mbc-marine.com\/product\/mp-20-r-sea-water-pump\/#primaryimage"},"thumbnailUrl":"https:\/\/mbc-marine.com\/wp-content\/uploads\/2024\/10\/MP-series-3.jpg?wsr","datePublished":"2024-10-21T11:38:29+00:00","dateModified":"2025-09-09T11:45:23+00:00","description":"Pompe \u00e0 eau de mer MP20-R","breadcrumb":{"@id":"https:\/\/mbc-marine.com\/product\/mp-20-r-sea-water-pump\/#breadcrumb"},"inLanguage":"fr-FR","potentialAction":[{"@type":"ReadAction","target":["https:\/\/mbc-marine.com\/product\/mp-20-r-sea-water-pump\/"]}]},{"@type":"ImageObject","inLanguage":"fr-FR","@id":"https:\/\/mbc-marine.com\/product\/mp-20-r-sea-water-pump\/#primaryimage","url":"https:\/\/mbc-marine.com\/wp-content\/uploads\/2024\/10\/MP-series-3.jpg?wsr","contentUrl":"https:\/\/mbc-marine.com\/wp-content\/uploads\/2024\/10\/MP-series-3.jpg?wsr","width":1920,"height":1282},{"@type":"BreadcrumbList","@id":"https:\/\/mbc-marine.com\/product\/mp-20-r-sea-water-pump\/#breadcrumb","itemListElement":[{"@type":"ListItem","position":1,"name":"Home","item":"https:\/\/mbc-marine.com\/"},{"@type":"ListItem","position":2,"name":"Shop","item":"https:\/\/mbc-marine.com\/shop\/"},{"@type":"ListItem","position":3,"name":"MP20-R Sea Water Pump"}]},{"@type":"WebSite","@id":"https:\/\/mbc-marine.com\/#website","url":"https:\/\/mbc-marine.com\/","name":"MBC Marine","description":"","potentialAction":[{"@type":"SearchAction","target":{"@type":"EntryPoint","urlTemplate":"https:\/\/mbc-marine.com\/?s={search_term_string}"},"query-input":{"@type":"PropertyValueSpecification","valueRequired":true,"valueName":"search_term_string"}}],"inLanguage":"fr-FR"}]},"product_price_currency":"EUR","og_availability":"instock","product_availability":"instock","product_condition":"new"},"_links":{"self":[{"href":"https:\/\/mbc-marine.com\/fr\/wp-json\/wp\/v2\/product\/2382","targetHints":{"allow":["GET"]}}],"collection":[{"href":"https:\/\/mbc-marine.com\/fr\/wp-json\/wp\/v2\/product"}],"about":[{"href":"https:\/\/mbc-marine.com\/fr\/wp-json\/wp\/v2\/types\/product"}],"version-history":[{"count":0,"href":"https:\/\/mbc-marine.com\/fr\/wp-json\/wp\/v2\/product\/2382\/revisions"}],"wp:featuredmedia":[{"embeddable":true,"href":"https:\/\/mbc-marine.com\/fr\/wp-json\/wp\/v2\/media\/2369"}],"wp:attachment":[{"href":"https:\/\/mbc-marine.com\/fr\/wp-json\/wp\/v2\/media?parent=2382"}],"wp:term":[{"taxonomy":"product_brand","embeddable":true,"href":"https:\/\/mbc-marine.com\/fr\/wp-json\/wp\/v2\/product_brand?post=2382"},{"taxonomy":"product_cat","embeddable":true,"href":"https:\/\/mbc-marine.com\/fr\/wp-json\/wp\/v2\/product_cat?post=2382"},{"taxonomy":"product_tag","embeddable":true,"href":"https:\/\/mbc-marine.com\/fr\/wp-json\/wp\/v2\/product_tag?post=2382"}],"curies":[{"name":"wp","href":"https:\/\/api.w.org\/{rel}","templated":true}]}}